{"id":50210,"date":"2022-03-14T11:10:54","date_gmt":"2022-03-14T10:10:54","guid":{"rendered":"https:\/\/dev.klb-koetztal.de\/produkt\/klb-system-polyurethan-pu-806-e\/"},"modified":"2026-02-26T08:41:36","modified_gmt":"2026-02-26T07:41:36","slug":"klb-system-polyurethan-pu-806-e","status":"publish","type":"product","link":"https:\/\/dev.klb-koetztal.de\/fr\/produkt\/klb-system-polyurethan-pu-806-e\/","title":{"rendered":"KLB-SYSTEM POLYURETHAN PU 806 E"},"content":{"rendered":"","protected":false},"excerpt":{"rendered":"<p>Scellement mat&#160;\u00e0 2 composants, \u00e0 faible \u00e9mission, pigment\u00e9,&#160;stable \u00e0 la lumi\u00e8re et \u00e0 base d&rsquo;un syst\u00e8me de dispersion en polyur\u00e9thane de haute qualit\u00e9 avec une facilit\u00e9 de mise en \u0153uvre. Peut \u00eatre utilis\u00e9 comme scellement final mat sur les rev\u00eatements&#160;et enduits.<br \/>\nConvient aux rev\u00eatements conformes aux certifications&#160;Eurofins&#160;\u00ab Indoor Air Comfort&#160;\u00bb&#160;et \u00ab Gold \u00bb. Certifi\u00e9 selon l&rsquo;AgBB&#160;pour les pi\u00e8ces de s\u00e9jour.<\/p>\n","protected":false},"featured_media":50211,"template":"","meta":{"_acf_changed":false},"product_brand":[],"product_cat":[10042,10057,10048,10038,10056],"product_tag":[],"class_list":{"0":"post-50210","1":"product","2":"type-product","3":"status-publish","4":"has-post-thumbnail","6":"product_cat-revetements","7":"product_cat-revetements_revetements-et-scellements-permeables-a-la-diffusion-de-vapeur","8":"product_cat-revetements_revetements-muraux-et-scellements","9":"product_cat-scellements-impregnations","10":"product_cat-scellements-impregnations_scellements-en-polyurethane-a-2-composants-emulsionnes-a-leau","12":"first","13":"instock","14":"shipping-taxable","15":"product-type-simple"},"acf":{"product_header":{"module_product_header":{"":null,"prototype_headline":{"headline":"KLB-SYSTEM POLYURETHAN PU 806 E","h1":true,"subheadline":"Scellement mat en polyur\u00e9thane \u00e0 2 composants, \u00e0 faible \u00e9mission,&#160;respectueux&#160;de l\u2018environnement, pigment\u00e9 et stable \u00e0 la lumi\u00e8re, test\u00e9&#160;et&#160;homologu\u00e9 par l'AgBB","anchor":"","url":""},"grid_text_slider":false,"grid_text_content":[{"text":"<p class=\"product-short-title\" style=\"text-align: center;\"><strong>Br\u00e8ve description<\/strong><\/p>\n<p>Scellement mat&#160;\u00e0 2 composants, \u00e0 faible \u00e9mission, pigment\u00e9,&#160;stable \u00e0 la lumi\u00e8re et \u00e0 base d&rsquo;un syst\u00e8me de dispersion en polyur\u00e9thane de haute qualit\u00e9 avec une facilit\u00e9 de mise en \u0153uvre. Peut \u00eatre utilis\u00e9 comme scellement final mat sur les rev\u00eatements&#160;et enduits.<\/p>\n<p>Convient aux rev\u00eatements conformes aux certifications&#160;Eurofins&#160;\u00ab Indoor Air Comfort&#160;\u00bb&#160;et \u00ab Gold \u00bb. Certifi\u00e9 selon l&rsquo;AgBB&#160;pour les pi\u00e8ces de s\u00e9jour.<\/p>\n","width":"4","background_color_text":"bg-white","border_color":"border-gray-light"},{"text":"<p class=\"product-sicing-title\" style=\"text-align: center;\"><strong>Unit\u00e9s d'emballage<\/strong><\/p>\n<ul>\n<li>AK6514-10 &#8211; Emballage en kit 5,00 kg<\/li>\n<li>AK6514-40 &#8211; Emballage en kit 10,00 kg<\/li>\n<\/ul>\n<p><\/p>\n<p>N&rsquo;h\u00e9sitez pas \u00e0 contacter directement pour toute demande concernant des quantit\u00e9s de livraison ou des unit\u00e9s de conditionnement plus importantes.<\/p>\n\n","width":"4","background_color_text":"bg-white","border_color":"border-gray-light"},{"text":"<p class=\"product-attr-title\" style=\"text-align: center;\"><strong>Propri\u00e9t\u00e9s<\/strong><\/p>\n<ul>\n<li>surface d\u00e9corative et attrayante<\/li>\n<li>mat<\/li>\n<li>qualit\u00e9 contr\u00f4l\u00e9e, \u00e0 faible \u00e9mission<\/li>\n<li>total Solid selon GISCODE<\/li>\n<li>respectueux de l&rsquo;environnement<\/li>\n<li>inodore<\/li>\n<li>bonnes propri\u00e9t\u00e9s de traitement<\/li>\n<li>perm\u00e9able \u00e0 la vapeur d&rsquo;eau<\/li>\n<li>tr\u00e8s haute adh\u00e9rence<\/li>\n<li>r\u00e9sistant \u00e0 l&rsquo;abrasion et \u00e0 l&rsquo;usure<\/li>\n<li>surface homog\u00e8ne<\/li>\n<\/ul>\n","width":"4","background_color_text":"bg-white","border_color":"border-gray-light"}],"background_color":"bg-none","background_color_content":"bg-none"}},"downloads":{"module_download_list":{"inhalt":null,"downloads":[{"download":{"ID":66223,"id":66223,"title":"PU_806_E_PI_fr_2025_07","filename":"PU_806_E_PI_fr_2025_07.pdf","filesize":1567092,"url":"https:\/\/dev.klb-koetztal.de\/app\/uploads\/2025\/07\/PU_806_E_PI_fr_2025_07.pdf","link":"https:\/\/dev.klb-koetztal.de\/fr\/?attachment_id=66223","alt":"","author":"7","description":"","caption":"","name":"pu_806_e_pi_fr_2025_07-2","status":"inherit","uploaded_to":0,"date":"2025-07-04 07:22:18","modified":"2025-07-04 07:22:18","menu_order":0,"mime_type":"application\/pdf","type":"application","subtype":"pdf","icon":"https:\/\/dev.klb-koetztal.de\/wp\/wp-includes\/images\/media\/document.png"},"filename":"Information produit","protected":false,"doclang":"FR","externalkey":"Produktinformation","docpos":"3"},{"download":{"ID":50212,"id":50212,"title":"Leistungserkl\u00e4rung - Statement of performance","filename":"PU806_E_PU806_E_Clean_LE_2019-10.pdf","filesize":679767,"url":"https:\/\/dev.klb-koetztal.de\/app\/uploads\/2022\/03\/PU806_E_PU806_E_Clean_LE_2019-10.pdf","link":"https:\/\/dev.klb-koetztal.de\/fr\/?attachment_id=50212","alt":"","author":"7","description":"","caption":"","name":"pu806_e_pu806_e_clean_le_2019-10","status":"inherit","uploaded_to":0,"date":"2022-03-14 10:10:58","modified":"2026-02-26 07:41:43","menu_order":0,"mime_type":"application\/pdf","type":"application","subtype":"pdf","icon":"https:\/\/dev.klb-koetztal.de\/wp\/wp-includes\/images\/media\/document.png"},"filename":"D\u00e9claration de performance","protected":false,"doclang":"Multi","externalkey":"Leistungserklaerung","docpos":"50"},{"download":{"ID":51282,"id":51282,"title":"EPD-Information","filename":"PU806E_Umwelt-Deklaration_2022-06.pdf","filesize":2556567,"url":"https:\/\/dev.klb-koetztal.de\/app\/uploads\/2022\/06\/PU806E_Umwelt-Deklaration_2022-06.pdf","link":"https:\/\/dev.klb-koetztal.de\/fr\/?attachment_id=51282","alt":"","author":"7","description":"","caption":"","name":"pu806e_umwelt-deklaration_2022-06","status":"inherit","uploaded_to":0,"date":"2022-06-23 13:43:14","modified":"2026-02-26 07:41:48","menu_order":0,"mime_type":"application\/pdf","type":"application","subtype":"pdf","icon":"https:\/\/dev.klb-koetztal.de\/wp\/wp-includes\/images\/media\/document.png"},"filename":"D\u00e9clarations de produit environnemental (EPD)","protected":false,"doclang":"Multi","externalkey":"Umweltproduktdeklaration","docpos":"50"},{"download":false,"filename":"Fiche de donn\u00e9es de s\u00e9curit\u00e9","protected":true,"doclang":"FR","externalkey":"Sicherheitsdatenblatt","docpos":"3"}],"einstellungen":null,"background_color":"bg-none","background_color_content":"bg-none"}},"included_in_systems":{"module_included_in_systems":{"":null,"background_color":"bg-gray-medium","background_color_content":"bg-none"}},"contact":{"module_contact":{"":null,"background_color":"bg-none","background_color_content":"bg-none"}},"ausschreibende":{"module_ausschreibende":{"andern_sie_den_inhalt_unter_universelle_elemente":null,"background_color":"bg-none","background_color_content":"bg-none"}}},"yoast_head":"<!-- This site is optimized with the Yoast SEO plugin v27.0 - https:\/\/yoast.com\/product\/yoast-seo-wordpress\/ -->\n<title>Scellement pigment\u00e9 PU 806 E faible COV, color\u00e9 | KLB K\u00f6tztal<\/title>\n<meta name=\"description\" content=\"Scellement matt PU 806 E \u00e0 faible \u00e9missions, stable UV, de haute qualit\u00e9 en polyur\u00e9hane bicomp. color\u00e9 | KLB rev\u00eatements \u2714\ufe0f AgBB, Eurofins Gold\" \/>\n<meta name=\"robots\" content=\"noindex, follow, max-snippet:-1, max-image-preview:large, max-video-preview:-1\" \/>\n<meta property=\"og:locale\" content=\"fr_FR\" \/>\n<meta property=\"og:type\" content=\"article\" \/>\n<meta property=\"og:title\" content=\"Scellement pigment\u00e9 PU 806 E faible COV, color\u00e9 | KLB K\u00f6tztal\" \/>\n<meta property=\"og:description\" content=\"Scellement matt PU 806 E \u00e0 faible \u00e9missions, stable UV, de haute qualit\u00e9 en polyur\u00e9hane bicomp. color\u00e9 | KLB rev\u00eatements \u2714\ufe0f AgBB, Eurofins Gold\" \/>\n<meta property=\"og:url\" content=\"https:\/\/dev.klb-koetztal.de\/fr\/produkt\/klb-system-polyurethan-pu-806-e\/\" \/>\n<meta property=\"og:site_name\" content=\"KLB K\u00f6tztal\" \/>\n<meta property=\"article:publisher\" content=\"https:\/\/www.facebook.com\/klbkoetztal\" \/>\n<meta property=\"article:modified_time\" content=\"2026-02-26T07:41:36+00:00\" \/>\n<meta property=\"og:image\" content=\"https:\/\/dev.klb-koetztal.de\/app\/uploads\/2022\/03\/PU806_E.jpg\" \/>\n\t<meta property=\"og:image:width\" content=\"500\" \/>\n\t<meta property=\"og:image:height\" content=\"500\" \/>\n\t<meta property=\"og:image:type\" content=\"image\/jpeg\" \/>\n<meta name=\"twitter:card\" content=\"summary_large_image\" \/>\n<script type=\"application\/ld+json\" class=\"yoast-schema-graph\">{\"@context\":\"https:\/\/schema.org\",\"@graph\":[{\"@type\":\"WebPage\",\"@id\":\"https:\/\/dev.klb-koetztal.de\/fr\/produkt\/klb-system-polyurethan-pu-806-e\/\",\"url\":\"https:\/\/dev.klb-koetztal.de\/fr\/produkt\/klb-system-polyurethan-pu-806-e\/\",\"name\":\"Scellement pigment\u00e9 PU 806 E faible COV, color\u00e9 | KLB K\u00f6tztal\",\"isPartOf\":{\"@id\":\"https:\/\/dev.klb-koetztal.de\/fr\/#website\"},\"primaryImageOfPage\":{\"@id\":\"https:\/\/dev.klb-koetztal.de\/fr\/produkt\/klb-system-polyurethan-pu-806-e\/#primaryimage\"},\"image\":{\"@id\":\"https:\/\/dev.klb-koetztal.de\/fr\/produkt\/klb-system-polyurethan-pu-806-e\/#primaryimage\"},\"thumbnailUrl\":\"https:\/\/dev.klb-koetztal.de\/app\/uploads\/2022\/03\/PU806_E.jpg\",\"datePublished\":\"2022-03-14T10:10:54+00:00\",\"dateModified\":\"2026-02-26T07:41:36+00:00\",\"description\":\"Scellement matt PU 806 E \u00e0 faible \u00e9missions, stable UV, de haute qualit\u00e9 en polyur\u00e9hane bicomp. color\u00e9 | KLB rev\u00eatements \u2714\ufe0f AgBB, Eurofins Gold\",\"breadcrumb\":{\"@id\":\"https:\/\/dev.klb-koetztal.de\/fr\/produkt\/klb-system-polyurethan-pu-806-e\/#breadcrumb\"},\"inLanguage\":\"fr-FR\",\"potentialAction\":[{\"@type\":\"ReadAction\",\"target\":[\"https:\/\/dev.klb-koetztal.de\/fr\/produkt\/klb-system-polyurethan-pu-806-e\/\"]}]},{\"@type\":\"ImageObject\",\"inLanguage\":\"fr-FR\",\"@id\":\"https:\/\/dev.klb-koetztal.de\/fr\/produkt\/klb-system-polyurethan-pu-806-e\/#primaryimage\",\"url\":\"https:\/\/dev.klb-koetztal.de\/app\/uploads\/2022\/03\/PU806_E.jpg\",\"contentUrl\":\"https:\/\/dev.klb-koetztal.de\/app\/uploads\/2022\/03\/PU806_E.jpg\",\"width\":500,\"height\":500},{\"@type\":\"BreadcrumbList\",\"@id\":\"https:\/\/dev.klb-koetztal.de\/fr\/produkt\/klb-system-polyurethan-pu-806-e\/#breadcrumb\",\"itemListElement\":[{\"@type\":\"ListItem\",\"position\":1,\"name\":\"Startseite\",\"item\":\"https:\/\/dev.klb-koetztal.de\/fr\/\"},{\"@type\":\"ListItem\",\"position\":2,\"name\":\"KLB-SYSTEM POLYURETHAN PU 806 E\"}]},{\"@type\":\"WebSite\",\"@id\":\"https:\/\/dev.klb-koetztal.de\/fr\/#website\",\"url\":\"https:\/\/dev.klb-koetztal.de\/fr\/\",\"name\":\"KLB K\u00f6tztal\",\"description\":\"Gute B\u00f6den haben ein System.\",\"potentialAction\":[{\"@type\":\"SearchAction\",\"target\":{\"@type\":\"EntryPoint\",\"urlTemplate\":\"https:\/\/dev.klb-koetztal.de\/fr\/?s={search_term_string}\"},\"query-input\":{\"@type\":\"PropertyValueSpecification\",\"valueRequired\":true,\"valueName\":\"search_term_string\"}}],\"inLanguage\":\"fr-FR\"}]}<\/script>\n<!-- \/ Yoast SEO plugin. -->","yoast_head_json":{"title":"Scellement pigment\u00e9 PU 806 E faible COV, color\u00e9 | KLB K\u00f6tztal","description":"Scellement matt PU 806 E \u00e0 faible \u00e9missions, stable UV, de haute qualit\u00e9 en polyur\u00e9hane bicomp. color\u00e9 | KLB rev\u00eatements \u2714\ufe0f AgBB, Eurofins Gold","robots":{"index":"noindex","follow":"follow","max-snippet":"max-snippet:-1","max-image-preview":"max-image-preview:large","max-video-preview":"max-video-preview:-1"},"og_locale":"fr_FR","og_type":"article","og_title":"Scellement pigment\u00e9 PU 806 E faible COV, color\u00e9 | KLB K\u00f6tztal","og_description":"Scellement matt PU 806 E \u00e0 faible \u00e9missions, stable UV, de haute qualit\u00e9 en polyur\u00e9hane bicomp. color\u00e9 | KLB rev\u00eatements \u2714\ufe0f AgBB, Eurofins Gold","og_url":"https:\/\/dev.klb-koetztal.de\/fr\/produkt\/klb-system-polyurethan-pu-806-e\/","og_site_name":"KLB K\u00f6tztal","article_publisher":"https:\/\/www.facebook.com\/klbkoetztal","article_modified_time":"2026-02-26T07:41:36+00:00","og_image":[{"width":500,"height":500,"url":"https:\/\/dev.klb-koetztal.de\/app\/uploads\/2022\/03\/PU806_E.jpg","type":"image\/jpeg"}],"twitter_card":"summary_large_image","schema":{"@context":"https:\/\/schema.org","@graph":[{"@type":"WebPage","@id":"https:\/\/dev.klb-koetztal.de\/fr\/produkt\/klb-system-polyurethan-pu-806-e\/","url":"https:\/\/dev.klb-koetztal.de\/fr\/produkt\/klb-system-polyurethan-pu-806-e\/","name":"Scellement pigment\u00e9 PU 806 E faible COV, color\u00e9 | KLB K\u00f6tztal","isPartOf":{"@id":"https:\/\/dev.klb-koetztal.de\/fr\/#website"},"primaryImageOfPage":{"@id":"https:\/\/dev.klb-koetztal.de\/fr\/produkt\/klb-system-polyurethan-pu-806-e\/#primaryimage"},"image":{"@id":"https:\/\/dev.klb-koetztal.de\/fr\/produkt\/klb-system-polyurethan-pu-806-e\/#primaryimage"},"thumbnailUrl":"https:\/\/dev.klb-koetztal.de\/app\/uploads\/2022\/03\/PU806_E.jpg","datePublished":"2022-03-14T10:10:54+00:00","dateModified":"2026-02-26T07:41:36+00:00","description":"Scellement matt PU 806 E \u00e0 faible \u00e9missions, stable UV, de haute qualit\u00e9 en polyur\u00e9hane bicomp. color\u00e9 | KLB rev\u00eatements \u2714\ufe0f AgBB, Eurofins Gold","breadcrumb":{"@id":"https:\/\/dev.klb-koetztal.de\/fr\/produkt\/klb-system-polyurethan-pu-806-e\/#breadcrumb"},"inLanguage":"fr-FR","potentialAction":[{"@type":"ReadAction","target":["https:\/\/dev.klb-koetztal.de\/fr\/produkt\/klb-system-polyurethan-pu-806-e\/"]}]},{"@type":"ImageObject","inLanguage":"fr-FR","@id":"https:\/\/dev.klb-koetztal.de\/fr\/produkt\/klb-system-polyurethan-pu-806-e\/#primaryimage","url":"https:\/\/dev.klb-koetztal.de\/app\/uploads\/2022\/03\/PU806_E.jpg","contentUrl":"https:\/\/dev.klb-koetztal.de\/app\/uploads\/2022\/03\/PU806_E.jpg","width":500,"height":500},{"@type":"BreadcrumbList","@id":"https:\/\/dev.klb-koetztal.de\/fr\/produkt\/klb-system-polyurethan-pu-806-e\/#breadcrumb","itemListElement":[{"@type":"ListItem","position":1,"name":"Startseite","item":"https:\/\/dev.klb-koetztal.de\/fr\/"},{"@type":"ListItem","position":2,"name":"KLB-SYSTEM POLYURETHAN PU 806 E"}]},{"@type":"WebSite","@id":"https:\/\/dev.klb-koetztal.de\/fr\/#website","url":"https:\/\/dev.klb-koetztal.de\/fr\/","name":"KLB K\u00f6tztal","description":"Gute B\u00f6den haben ein System.","potentialAction":[{"@type":"SearchAction","target":{"@type":"EntryPoint","urlTemplate":"https:\/\/dev.klb-koetztal.de\/fr\/?s={search_term_string}"},"query-input":{"@type":"PropertyValueSpecification","valueRequired":true,"valueName":"search_term_string"}}],"inLanguage":"fr-FR"}]}},"_links":{"self":[{"href":"https:\/\/dev.klb-koetztal.de\/fr\/wp-json\/wp\/v2\/product\/50210","targetHints":{"allow":["GET"]}}],"collection":[{"href":"https:\/\/dev.klb-koetztal.de\/fr\/wp-json\/wp\/v2\/product"}],"about":[{"href":"https:\/\/dev.klb-koetztal.de\/fr\/wp-json\/wp\/v2\/types\/product"}],"wp:featuredmedia":[{"embeddable":true,"href":"https:\/\/dev.klb-koetztal.de\/fr\/wp-json\/wp\/v2\/media\/50211"}],"wp:attachment":[{"href":"https:\/\/dev.klb-koetztal.de\/fr\/wp-json\/wp\/v2\/media?parent=50210"}],"wp:term":[{"taxonomy":"product_brand","embeddable":true,"href":"https:\/\/dev.klb-koetztal.de\/fr\/wp-json\/wp\/v2\/product_brand?post=50210"},{"taxonomy":"product_cat","embeddable":true,"href":"https:\/\/dev.klb-koetztal.de\/fr\/wp-json\/wp\/v2\/product_cat?post=50210"},{"taxonomy":"product_tag","embeddable":true,"href":"https:\/\/dev.klb-koetztal.de\/fr\/wp-json\/wp\/v2\/product_tag?post=50210"}],"curies":[{"name":"wp","href":"https:\/\/api.w.org\/{rel}","templated":true}]}}