{"id":50191,"date":"2022-03-14T11:07:54","date_gmt":"2022-03-14T10:07:54","guid":{"rendered":"https:\/\/dev.klb-koetztal.de\/produkt\/klb-system-polyurethan-pu-883\/"},"modified":"2026-02-25T12:05:52","modified_gmt":"2026-02-25T11:05:52","slug":"klb-system-polyurethan-pu-883","status":"publish","type":"product","link":"https:\/\/dev.klb-koetztal.de\/fr\/produkt\/klb-system-polyurethan-pu-883\/","title":{"rendered":"KLB-SYSTEM POLYURETHAN PU 883"},"content":{"rendered":"","protected":false},"excerpt":{"rendered":"<p>Scellement pigment\u00e9 et brillant satin\u00e9&#160;et \u00e0 base de polyur\u00e9thane&#160;avec une tr\u00e8s bonne stabilit\u00e9 \u00e0 la lumi\u00e8re et aux intemp\u00e9ries.&#160;R\u00e9ticulation et r\u00e9sistance \u00e0 l&rsquo;usure \u00e9lev\u00e9es. Thixotrope, donne une surface textur\u00e9e,&#160;contenant des solvants.<\/p>\n","protected":false},"featured_media":50192,"template":"","meta":{"_acf_changed":false},"product_brand":[],"product_cat":[10038,10109],"product_tag":[],"class_list":{"0":"post-50191","1":"product","2":"type-product","3":"status-publish","4":"has-post-thumbnail","6":"product_cat-scellements-impregnations","7":"product_cat-scellements-impregnations_scellements-en-polyurethane-a-2-composants-avec-solvant","9":"first","10":"instock","11":"shipping-taxable","12":"product-type-simple"},"acf":{"product_header":{"module_product_header":{"":null,"prototype_headline":{"headline":"KLB-SYSTEM POLYURETHAN PU 883","h1":true,"subheadline":"Scellement en polyur\u00e9thane bicomposant, pigment\u00e9 pour les surfaces brillantes satin\u00e9es et&#160;finement structur\u00e9es","anchor":"","url":""},"grid_text_slider":false,"grid_text_content":[{"text":"<p class=\"product-short-title\" style=\"text-align: center;\"><strong>Br\u00e8ve description<\/strong><\/p>\n<p>Scellement pigment\u00e9 et brillant satin\u00e9&#160;et \u00e0 base de polyur\u00e9thane&#160;avec une tr\u00e8s bonne stabilit\u00e9 \u00e0 la lumi\u00e8re et aux intemp\u00e9ries.&#160;R\u00e9ticulation et r\u00e9sistance \u00e0 l&rsquo;usure \u00e9lev\u00e9es. Thixotrope, donne une surface textur\u00e9e,&#160;contenant des solvants.<\/p>\n","width":"4","background_color_text":"bg-white","border_color":"border-gray-light"},{"text":"<p class=\"product-sicing-title\" style=\"text-align: center;\"><strong>Unit\u00e9s d'emballage<\/strong><\/p>\n<ul>\n<li>AK6619-50 &#8211; Combinaison Seau 10,00 kg<\/li>\n<li>AK6619-30 &#8211; Combinaison Hobbock 30,00 kg<\/li>\n<\/ul>\n<p><\/p>\n<p>N&rsquo;h\u00e9sitez pas \u00e0 contacter directement pour toute demande concernant des quantit\u00e9s de livraison ou des unit\u00e9s de conditionnement plus importantes.<\/p>\n\n","width":"4","background_color_text":"bg-white","border_color":"border-gray-light"},{"text":"<p class=\"product-attr-title\" style=\"text-align: center;\"><strong>Propri\u00e9t\u00e9s<\/strong><\/p>\n<ul>\n<li>finement structur\u00e9<\/li>\n<li>tr\u00e8s r\u00e9sistant \u00e0 l&rsquo;usure<\/li>\n<li>exempt de substances susceptibles d&rsquo;endommager les vernis<\/li>\n<li>en grande partie stable \u00e0 la lumi\u00e8re<\/li>\n<li>bonne r\u00e9sistance chimique<\/li>\n<li>satin\u00e9 brillant<\/li>\n<\/ul>\n","width":"4","background_color_text":"bg-white","border_color":"border-gray-light"}],"background_color":"bg-none","background_color_content":"bg-none"}},"downloads":{"module_download_list":{"inhalt":null,"downloads":[{"download":{"ID":57028,"id":57028,"title":"PU_883_PI_fr_2023_06","filename":"PU_883_PI_fr_2023_06.pdf","filesize":540730,"url":"https:\/\/dev.klb-koetztal.de\/app\/uploads\/2023\/06\/PU_883_PI_fr_2023_06.pdf","link":"https:\/\/dev.klb-koetztal.de\/fr\/?attachment_id=57028","alt":"","author":"7","description":"","caption":"","name":"pu_883_pi_fr_2023_06-2","status":"inherit","uploaded_to":0,"date":"2023-06-12 08:00:15","modified":"2023-06-12 08:00:15","menu_order":0,"mime_type":"application\/pdf","type":"application","subtype":"pdf","icon":"https:\/\/dev.klb-koetztal.de\/wp\/wp-includes\/images\/media\/document.png"},"filename":"Information produit","protected":false,"doclang":"FR","externalkey":"Produktinformation","docpos":"3"},{"download":{"ID":50193,"id":50193,"title":"Leistungserkl\u00e4rung - Statement of performance","filename":"PU883_LE_2019-04.pdf","filesize":819453,"url":"https:\/\/dev.klb-koetztal.de\/app\/uploads\/2022\/03\/PU883_LE_2019-04.pdf","link":"https:\/\/dev.klb-koetztal.de\/fr\/?attachment_id=50193","alt":"","author":"7","description":"","caption":"","name":"pu883_le_2019-04","status":"inherit","uploaded_to":0,"date":"2022-03-14 10:07:58","modified":"2026-02-25 11:06:00","menu_order":0,"mime_type":"application\/pdf","type":"application","subtype":"pdf","icon":"https:\/\/dev.klb-koetztal.de\/wp\/wp-includes\/images\/media\/document.png"},"filename":"D\u00e9claration de performance","protected":false,"doclang":"Multi","externalkey":"Leistungserklaerung","docpos":"50"},{"download":{"ID":51335,"id":51335,"title":"EPD-Information","filename":"PU883_Umwelt-Deklaration_2022-06.pdf","filesize":2561869,"url":"https:\/\/dev.klb-koetztal.de\/app\/uploads\/2022\/06\/PU883_Umwelt-Deklaration_2022-06.pdf","link":"https:\/\/dev.klb-koetztal.de\/fr\/?attachment_id=51335","alt":"","author":"7","description":"","caption":"","name":"pu883_umwelt-deklaration_2022-06","status":"inherit","uploaded_to":0,"date":"2022-06-30 12:48:25","modified":"2026-02-25 11:06:02","menu_order":0,"mime_type":"application\/pdf","type":"application","subtype":"pdf","icon":"https:\/\/dev.klb-koetztal.de\/wp\/wp-includes\/images\/media\/document.png"},"filename":"D\u00e9clarations de produit environnemental (EPD)","protected":false,"doclang":"Multi","externalkey":"Umweltproduktdeklaration","docpos":"50"},{"download":false,"filename":"Fiche de donn\u00e9es de s\u00e9curit\u00e9","protected":true,"doclang":"FR","externalkey":"Sicherheitsdatenblatt","docpos":"3"}],"einstellungen":null,"background_color":"bg-none","background_color_content":"bg-none"}},"included_in_systems":{"module_included_in_systems":{"":null,"background_color":"bg-gray-medium","background_color_content":"bg-none"}},"contact":{"module_contact":{"":null,"background_color":"bg-none","background_color_content":"bg-none"}},"ausschreibende":{"module_ausschreibende":{"andern_sie_den_inhalt_unter_universelle_elemente":null,"background_color":"bg-none","background_color_content":"bg-none"}}},"yoast_head":"<!-- This site is optimized with the Yoast SEO plugin v27.0 - https:\/\/yoast.com\/product\/yoast-seo-wordpress\/ -->\n<title>Scellement PU 883 bicomp. pigment\u00e9 brillant satin\u00e9 | KLB K\u00f6tztal<\/title>\n<meta name=\"description\" content=\"Scellement PU 883 pigment\u00e9, brillant satin\u00e9 avec stabilit\u00e9 \u00e0 UV et intemp\u00e9ries | KLB sol commercial \u2714\ufe0fr\u00e9ticulation et r\u00e9sistance \u00e0 l&#039;usure \u00e9lev\u00e9e\" \/>\n<meta name=\"robots\" content=\"noindex, follow, max-snippet:-1, max-image-preview:large, max-video-preview:-1\" \/>\n<meta property=\"og:locale\" content=\"fr_FR\" \/>\n<meta property=\"og:type\" content=\"article\" \/>\n<meta property=\"og:title\" content=\"Scellement PU 883 bicomp. pigment\u00e9 brillant satin\u00e9 | KLB K\u00f6tztal\" \/>\n<meta property=\"og:description\" content=\"Scellement PU 883 pigment\u00e9, brillant satin\u00e9 avec stabilit\u00e9 \u00e0 UV et intemp\u00e9ries | KLB sol commercial \u2714\ufe0fr\u00e9ticulation et r\u00e9sistance \u00e0 l&#039;usure \u00e9lev\u00e9e\" \/>\n<meta property=\"og:url\" content=\"https:\/\/dev.klb-koetztal.de\/fr\/produkt\/klb-system-polyurethan-pu-883\/\" \/>\n<meta property=\"og:site_name\" content=\"KLB K\u00f6tztal\" \/>\n<meta property=\"article:publisher\" content=\"https:\/\/www.facebook.com\/klbkoetztal\" \/>\n<meta property=\"article:modified_time\" content=\"2026-02-25T11:05:52+00:00\" \/>\n<meta property=\"og:image\" content=\"https:\/\/dev.klb-koetztal.de\/app\/uploads\/2022\/03\/PU883.jpg\" \/>\n\t<meta property=\"og:image:width\" content=\"500\" \/>\n\t<meta property=\"og:image:height\" content=\"500\" \/>\n\t<meta property=\"og:image:type\" content=\"image\/jpeg\" \/>\n<meta name=\"twitter:card\" content=\"summary_large_image\" \/>\n<script type=\"application\/ld+json\" class=\"yoast-schema-graph\">{\"@context\":\"https:\/\/schema.org\",\"@graph\":[{\"@type\":\"WebPage\",\"@id\":\"https:\/\/dev.klb-koetztal.de\/fr\/produkt\/klb-system-polyurethan-pu-883\/\",\"url\":\"https:\/\/dev.klb-koetztal.de\/fr\/produkt\/klb-system-polyurethan-pu-883\/\",\"name\":\"Scellement PU 883 bicomp. pigment\u00e9 brillant satin\u00e9 | KLB K\u00f6tztal\",\"isPartOf\":{\"@id\":\"https:\/\/dev.klb-koetztal.de\/fr\/#website\"},\"primaryImageOfPage\":{\"@id\":\"https:\/\/dev.klb-koetztal.de\/fr\/produkt\/klb-system-polyurethan-pu-883\/#primaryimage\"},\"image\":{\"@id\":\"https:\/\/dev.klb-koetztal.de\/fr\/produkt\/klb-system-polyurethan-pu-883\/#primaryimage\"},\"thumbnailUrl\":\"https:\/\/dev.klb-koetztal.de\/app\/uploads\/2022\/03\/PU883.jpg\",\"datePublished\":\"2022-03-14T10:07:54+00:00\",\"dateModified\":\"2026-02-25T11:05:52+00:00\",\"description\":\"Scellement PU 883 pigment\u00e9, brillant satin\u00e9 avec stabilit\u00e9 \u00e0 UV et intemp\u00e9ries | KLB sol commercial \u2714\ufe0fr\u00e9ticulation et r\u00e9sistance \u00e0 l'usure \u00e9lev\u00e9e\",\"breadcrumb\":{\"@id\":\"https:\/\/dev.klb-koetztal.de\/fr\/produkt\/klb-system-polyurethan-pu-883\/#breadcrumb\"},\"inLanguage\":\"fr-FR\",\"potentialAction\":[{\"@type\":\"ReadAction\",\"target\":[\"https:\/\/dev.klb-koetztal.de\/fr\/produkt\/klb-system-polyurethan-pu-883\/\"]}]},{\"@type\":\"ImageObject\",\"inLanguage\":\"fr-FR\",\"@id\":\"https:\/\/dev.klb-koetztal.de\/fr\/produkt\/klb-system-polyurethan-pu-883\/#primaryimage\",\"url\":\"https:\/\/dev.klb-koetztal.de\/app\/uploads\/2022\/03\/PU883.jpg\",\"contentUrl\":\"https:\/\/dev.klb-koetztal.de\/app\/uploads\/2022\/03\/PU883.jpg\",\"width\":500,\"height\":500},{\"@type\":\"BreadcrumbList\",\"@id\":\"https:\/\/dev.klb-koetztal.de\/fr\/produkt\/klb-system-polyurethan-pu-883\/#breadcrumb\",\"itemListElement\":[{\"@type\":\"ListItem\",\"position\":1,\"name\":\"Startseite\",\"item\":\"https:\/\/dev.klb-koetztal.de\/fr\/\"},{\"@type\":\"ListItem\",\"position\":2,\"name\":\"KLB-SYSTEM POLYURETHAN PU 883\"}]},{\"@type\":\"WebSite\",\"@id\":\"https:\/\/dev.klb-koetztal.de\/fr\/#website\",\"url\":\"https:\/\/dev.klb-koetztal.de\/fr\/\",\"name\":\"KLB K\u00f6tztal\",\"description\":\"Gute B\u00f6den haben ein System.\",\"potentialAction\":[{\"@type\":\"SearchAction\",\"target\":{\"@type\":\"EntryPoint\",\"urlTemplate\":\"https:\/\/dev.klb-koetztal.de\/fr\/?s={search_term_string}\"},\"query-input\":{\"@type\":\"PropertyValueSpecification\",\"valueRequired\":true,\"valueName\":\"search_term_string\"}}],\"inLanguage\":\"fr-FR\"}]}<\/script>\n<!-- \/ Yoast SEO plugin. -->","yoast_head_json":{"title":"Scellement PU 883 bicomp. pigment\u00e9 brillant satin\u00e9 | KLB K\u00f6tztal","description":"Scellement PU 883 pigment\u00e9, brillant satin\u00e9 avec stabilit\u00e9 \u00e0 UV et intemp\u00e9ries | KLB sol commercial \u2714\ufe0fr\u00e9ticulation et r\u00e9sistance \u00e0 l'usure \u00e9lev\u00e9e","robots":{"index":"noindex","follow":"follow","max-snippet":"max-snippet:-1","max-image-preview":"max-image-preview:large","max-video-preview":"max-video-preview:-1"},"og_locale":"fr_FR","og_type":"article","og_title":"Scellement PU 883 bicomp. pigment\u00e9 brillant satin\u00e9 | KLB K\u00f6tztal","og_description":"Scellement PU 883 pigment\u00e9, brillant satin\u00e9 avec stabilit\u00e9 \u00e0 UV et intemp\u00e9ries | KLB sol commercial \u2714\ufe0fr\u00e9ticulation et r\u00e9sistance \u00e0 l'usure \u00e9lev\u00e9e","og_url":"https:\/\/dev.klb-koetztal.de\/fr\/produkt\/klb-system-polyurethan-pu-883\/","og_site_name":"KLB K\u00f6tztal","article_publisher":"https:\/\/www.facebook.com\/klbkoetztal","article_modified_time":"2026-02-25T11:05:52+00:00","og_image":[{"width":500,"height":500,"url":"https:\/\/dev.klb-koetztal.de\/app\/uploads\/2022\/03\/PU883.jpg","type":"image\/jpeg"}],"twitter_card":"summary_large_image","schema":{"@context":"https:\/\/schema.org","@graph":[{"@type":"WebPage","@id":"https:\/\/dev.klb-koetztal.de\/fr\/produkt\/klb-system-polyurethan-pu-883\/","url":"https:\/\/dev.klb-koetztal.de\/fr\/produkt\/klb-system-polyurethan-pu-883\/","name":"Scellement PU 883 bicomp. pigment\u00e9 brillant satin\u00e9 | KLB K\u00f6tztal","isPartOf":{"@id":"https:\/\/dev.klb-koetztal.de\/fr\/#website"},"primaryImageOfPage":{"@id":"https:\/\/dev.klb-koetztal.de\/fr\/produkt\/klb-system-polyurethan-pu-883\/#primaryimage"},"image":{"@id":"https:\/\/dev.klb-koetztal.de\/fr\/produkt\/klb-system-polyurethan-pu-883\/#primaryimage"},"thumbnailUrl":"https:\/\/dev.klb-koetztal.de\/app\/uploads\/2022\/03\/PU883.jpg","datePublished":"2022-03-14T10:07:54+00:00","dateModified":"2026-02-25T11:05:52+00:00","description":"Scellement PU 883 pigment\u00e9, brillant satin\u00e9 avec stabilit\u00e9 \u00e0 UV et intemp\u00e9ries | KLB sol commercial \u2714\ufe0fr\u00e9ticulation et r\u00e9sistance \u00e0 l'usure \u00e9lev\u00e9e","breadcrumb":{"@id":"https:\/\/dev.klb-koetztal.de\/fr\/produkt\/klb-system-polyurethan-pu-883\/#breadcrumb"},"inLanguage":"fr-FR","potentialAction":[{"@type":"ReadAction","target":["https:\/\/dev.klb-koetztal.de\/fr\/produkt\/klb-system-polyurethan-pu-883\/"]}]},{"@type":"ImageObject","inLanguage":"fr-FR","@id":"https:\/\/dev.klb-koetztal.de\/fr\/produkt\/klb-system-polyurethan-pu-883\/#primaryimage","url":"https:\/\/dev.klb-koetztal.de\/app\/uploads\/2022\/03\/PU883.jpg","contentUrl":"https:\/\/dev.klb-koetztal.de\/app\/uploads\/2022\/03\/PU883.jpg","width":500,"height":500},{"@type":"BreadcrumbList","@id":"https:\/\/dev.klb-koetztal.de\/fr\/produkt\/klb-system-polyurethan-pu-883\/#breadcrumb","itemListElement":[{"@type":"ListItem","position":1,"name":"Startseite","item":"https:\/\/dev.klb-koetztal.de\/fr\/"},{"@type":"ListItem","position":2,"name":"KLB-SYSTEM POLYURETHAN PU 883"}]},{"@type":"WebSite","@id":"https:\/\/dev.klb-koetztal.de\/fr\/#website","url":"https:\/\/dev.klb-koetztal.de\/fr\/","name":"KLB K\u00f6tztal","description":"Gute B\u00f6den haben ein System.","potentialAction":[{"@type":"SearchAction","target":{"@type":"EntryPoint","urlTemplate":"https:\/\/dev.klb-koetztal.de\/fr\/?s={search_term_string}"},"query-input":{"@type":"PropertyValueSpecification","valueRequired":true,"valueName":"search_term_string"}}],"inLanguage":"fr-FR"}]}},"_links":{"self":[{"href":"https:\/\/dev.klb-koetztal.de\/fr\/wp-json\/wp\/v2\/product\/50191","targetHints":{"allow":["GET"]}}],"collection":[{"href":"https:\/\/dev.klb-koetztal.de\/fr\/wp-json\/wp\/v2\/product"}],"about":[{"href":"https:\/\/dev.klb-koetztal.de\/fr\/wp-json\/wp\/v2\/types\/product"}],"wp:featuredmedia":[{"embeddable":true,"href":"https:\/\/dev.klb-koetztal.de\/fr\/wp-json\/wp\/v2\/media\/50192"}],"wp:attachment":[{"href":"https:\/\/dev.klb-koetztal.de\/fr\/wp-json\/wp\/v2\/media?parent=50191"}],"wp:term":[{"taxonomy":"product_brand","embeddable":true,"href":"https:\/\/dev.klb-koetztal.de\/fr\/wp-json\/wp\/v2\/product_brand?post=50191"},{"taxonomy":"product_cat","embeddable":true,"href":"https:\/\/dev.klb-koetztal.de\/fr\/wp-json\/wp\/v2\/product_cat?post=50191"},{"taxonomy":"product_tag","embeddable":true,"href":"https:\/\/dev.klb-koetztal.de\/fr\/wp-json\/wp\/v2\/product_tag?post=50191"}],"curies":[{"name":"wp","href":"https:\/\/api.w.org\/{rel}","templated":true}]}}