{"id":50132,"date":"2022-03-14T11:06:42","date_gmt":"2022-03-14T10:06:42","guid":{"rendered":"https:\/\/dev.klb-koetztal.de\/produkt\/klb-system-polyurethan-pu-426\/"},"modified":"2026-03-16T14:11:07","modified_gmt":"2026-03-16T13:11:07","slug":"klb-system-polyurethan-pu-426","status":"publish","type":"product","link":"https:\/\/dev.klb-koetztal.de\/fr\/produkt\/klb-system-polyurethan-pu-426\/","title":{"rendered":"KLB-SYSTEM POLYURETHAN PU 426"},"content":{"rendered":"","protected":false},"excerpt":{"rendered":"<p>Syst\u00e8me en polyur\u00e9thane \u00e0 2 composants, \u00e0 faible \u00e9mission et \u00e9lastique&#160;pour les \u00e9tanch\u00e9it\u00e9s composites avec un pontage de fissures&#160;et comme rev\u00eatement pour les zones l\u00e9g\u00e8rement sollicit\u00e9es. Avec certificat d&rsquo;essai de l&rsquo;autorit\u00e9 g\u00e9n\u00e9rale de la construction (abP) pour l&rsquo;\u00e9tanch\u00e9it\u00e9 composite.<br \/>\nConforme \u00e0 l&rsquo;AgBB pour les&#160;pi\u00e8ces de s\u00e9jour. Convient aux rev\u00eatements conformes aux certifications&#160;Eurofins \u00ab Indoor Air Comfort&#160;\u00bb&#160;et \u00ab Gold \u00bb.&#160;<br \/>\nLa couleur n&rsquo;est pas stable !<\/p>\n","protected":false},"featured_media":50134,"template":"","meta":{"_acf_changed":false},"product_brand":[],"product_cat":[10042,10047],"product_tag":[],"class_list":{"0":"post-50132","1":"product","2":"type-product","3":"status-publish","4":"has-post-thumbnail","6":"product_cat-revetements","7":"product_cat-revetements_revetements-en-polyurethane-a-2-composants-confortables","9":"first","10":"instock","11":"shipping-taxable","12":"product-type-simple"},"acf":{"product_header":{"module_product_header":{"":null,"prototype_headline":{"headline":"KLB-SYSTEM POLYURETHAN PU 426","h1":true,"subheadline":"Rev\u00eatement et \u00e9tanch\u00e9it\u00e9 en&#160;polyur\u00e9thane bicomposant, \u00e0 faible \u00e9mission et&#160;\u00e9lastique","anchor":"","url":""},"grid_text_slider":false,"grid_text_content":[{"text":"<p class=\"product-short-title\" style=\"text-align: center;\"><strong>Br\u00e8ve description<\/strong><\/p>\n<p>Syst\u00e8me en polyur\u00e9thane \u00e0 2 composants, \u00e0 faible \u00e9mission et \u00e9lastique&#160;pour les \u00e9tanch\u00e9it\u00e9s composites avec un pontage de fissures&#160;et comme rev\u00eatement pour les zones l\u00e9g\u00e8rement sollicit\u00e9es. Avec certificat d&rsquo;essai de l&rsquo;autorit\u00e9 g\u00e9n\u00e9rale de la construction (abP) pour l&rsquo;\u00e9tanch\u00e9it\u00e9 composite.<\/p>\n<p>Conforme \u00e0 l&rsquo;AgBB pour les&#160;pi\u00e8ces de s\u00e9jour. Convient aux rev\u00eatements conformes aux certifications&#160;Eurofins \u00ab Indoor Air Comfort&#160;\u00bb&#160;et \u00ab Gold \u00bb.&#160;<\/p>\n<p>La couleur n&rsquo;est pas stable !<\/p>\n","width":"4","background_color_text":"bg-white","border_color":"border-gray-light"},{"text":"<p class=\"product-sicing-title\" style=\"text-align: center;\"><strong>Unit\u00e9s d'emballage<\/strong><\/p>\n<ul>\n<li>AK6066-50 &#8211; Combinaison Seau 10,00 kg<\/li>\n<li>AK6066-30 &#8211; Combinaison Hobbock 30,00 kg<\/li>\n<\/ul>\n<p><\/p>\n<p>N&rsquo;h\u00e9sitez pas \u00e0 contacter directement pour toute demande concernant des quantit\u00e9s de livraison ou des unit\u00e9s de conditionnement plus importantes.<\/p>\n\n","width":"4","background_color_text":"bg-white","border_color":"border-gray-light"},{"text":"<p class=\"product-attr-title\" style=\"text-align: center;\"><strong>Propri\u00e9t\u00e9s<\/strong><\/p>\n<ul>\n<li>tr\u00e8s bon \u00e9talement<\/li>\n<li>\u00e9lastique et d\u00e9formable<\/li>\n<li>stable \u00e0 l&rsquo;hydrolyse et \u00e0 la saponification<\/li>\n<li>pr\u00eat \u00e0 l&#8217;emploi<\/li>\n<li>adapt\u00e9 pour les travaux de r\u00e9novation<\/li>\n<li>exempt de substances susceptibles d&rsquo;endommager les vernis<\/li>\n<li>qualit\u00e9 contr\u00f4l\u00e9e, \u00e0 faible \u00e9mission<\/li>\n<li>Total Solid selon GISCODE (m\u00e9thode d&rsquo;essai de \u00ab Deutsche Bauchemie \u00bb, l&rsquo;association all. pour la chimie de construction)<\/li>\n<\/ul>\n","width":"4","background_color_text":"bg-white","border_color":"border-gray-light"}],"background_color":"bg-none","background_color_content":"bg-none"}},"downloads":{"module_download_list":{"inhalt":null,"downloads":[{"download":{"ID":68385,"id":68385,"title":"PU_426_PI_fr_2025_12","filename":"PU_426_PI_fr_2025_12.pdf","filesize":1094046,"url":"https:\/\/dev.klb-koetztal.de\/app\/uploads\/2025\/12\/PU_426_PI_fr_2025_12.pdf","link":"https:\/\/dev.klb-koetztal.de\/fr\/?attachment_id=68385","alt":"","author":"7","description":"","caption":"","name":"pu_426_pi_fr_2025_12-2","status":"inherit","uploaded_to":0,"date":"2025-12-11 17:38:14","modified":"2025-12-11 17:38:14","menu_order":0,"mime_type":"application\/pdf","type":"application","subtype":"pdf","icon":"https:\/\/dev.klb-koetztal.de\/wp\/wp-includes\/images\/media\/document.png"},"filename":"Information produit","protected":false,"doclang":"FR","externalkey":"Produktinformation","docpos":"3"},{"download":{"ID":50136,"id":50136,"title":"Leistungserkl\u00e4rung - Statement of performance","filename":"PU426_LE_2013-04.pdf","filesize":346533,"url":"https:\/\/dev.klb-koetztal.de\/app\/uploads\/2022\/03\/PU426_LE_2013-04.pdf","link":"https:\/\/dev.klb-koetztal.de\/fr\/?attachment_id=50136","alt":"","author":"7","description":"","caption":"","name":"pu426_le_2013-04","status":"inherit","uploaded_to":0,"date":"2022-03-14 10:06:46","modified":"2026-03-16 13:11:14","menu_order":0,"mime_type":"application\/pdf","type":"application","subtype":"pdf","icon":"https:\/\/dev.klb-koetztal.de\/wp\/wp-includes\/images\/media\/document.png"},"filename":"D\u00e9claration de performance","protected":false,"doclang":"Multi","externalkey":"Leistungserklaerung","docpos":"50"},{"download":{"ID":51274,"id":51274,"title":"EPD-Information","filename":"PU426_Umwelt-Deklaration_2022-06.pdf","filesize":2558465,"url":"https:\/\/dev.klb-koetztal.de\/app\/uploads\/2022\/06\/PU426_Umwelt-Deklaration_2022-06.pdf","link":"https:\/\/dev.klb-koetztal.de\/fr\/?attachment_id=51274","alt":"","author":"7","description":"","caption":"","name":"pu426_umwelt-deklaration_2022-06","status":"inherit","uploaded_to":0,"date":"2022-06-23 13:27:57","modified":"2026-03-16 13:11:17","menu_order":0,"mime_type":"application\/pdf","type":"application","subtype":"pdf","icon":"https:\/\/dev.klb-koetztal.de\/wp\/wp-includes\/images\/media\/document.png"},"filename":"D\u00e9clarations de produit environnemental (EPD)","protected":false,"doclang":"Multi","externalkey":"Umweltproduktdeklaration","docpos":"50"},{"download":false,"filename":"Fiche de donn\u00e9es de s\u00e9curit\u00e9","protected":true,"doclang":"FR","externalkey":"Sicherheitsdatenblatt","docpos":"3"}],"einstellungen":null,"background_color":"bg-none","background_color_content":"bg-none"}},"included_in_systems":{"module_included_in_systems":{"":null,"background_color":"bg-gray-medium","background_color_content":"bg-none"}},"contact":{"module_contact":{"":null,"background_color":"bg-none","background_color_content":"bg-none"}},"ausschreibende":{"module_ausschreibende":{"andern_sie_den_inhalt_unter_universelle_elemente":null,"background_color":"bg-none","background_color_content":"bg-none"}}},"yoast_head":"<!-- This site is optimized with the Yoast SEO plugin v27.0 - https:\/\/yoast.com\/product\/yoast-seo-wordpress\/ -->\n<title>Syst\u00e8me PU 426 faible en \u00e9missions, \u00e9lastique | KLB K\u00f6tztal<\/title>\n<meta name=\"description\" content=\"Rev\u00eatement PU 426 bicomp. faible en COV, \u00e9lastique pour \u00e9tanch\u00e9it\u00e9s pontant les fissures | KLB rev\u00eatements de sol \u2714\ufe0f AgBB, Eurofins, certificat de contr\u00f4le\" \/>\n<meta name=\"robots\" content=\"noindex, follow, max-snippet:-1, max-image-preview:large, max-video-preview:-1\" \/>\n<meta property=\"og:locale\" content=\"fr_FR\" \/>\n<meta property=\"og:type\" content=\"article\" \/>\n<meta property=\"og:title\" content=\"Syst\u00e8me PU 426 faible en \u00e9missions, \u00e9lastique | KLB K\u00f6tztal\" \/>\n<meta property=\"og:description\" content=\"Rev\u00eatement PU 426 bicomp. faible en COV, \u00e9lastique pour \u00e9tanch\u00e9it\u00e9s pontant les fissures | KLB rev\u00eatements de sol \u2714\ufe0f AgBB, Eurofins, certificat de contr\u00f4le\" \/>\n<meta property=\"og:url\" content=\"https:\/\/dev.klb-koetztal.de\/fr\/produkt\/klb-system-polyurethan-pu-426\/\" \/>\n<meta property=\"og:site_name\" content=\"KLB K\u00f6tztal\" \/>\n<meta property=\"article:publisher\" content=\"https:\/\/www.facebook.com\/klbkoetztal\" \/>\n<meta property=\"article:modified_time\" content=\"2026-03-16T13:11:07+00:00\" \/>\n<meta property=\"og:image\" content=\"https:\/\/dev.klb-koetztal.de\/app\/uploads\/2022\/03\/PU426.jpg\" \/>\n\t<meta property=\"og:image:width\" content=\"500\" \/>\n\t<meta property=\"og:image:height\" content=\"500\" \/>\n\t<meta property=\"og:image:type\" content=\"image\/jpeg\" \/>\n<meta name=\"twitter:card\" content=\"summary_large_image\" \/>\n<script type=\"application\/ld+json\" class=\"yoast-schema-graph\">{\"@context\":\"https:\/\/schema.org\",\"@graph\":[{\"@type\":\"WebPage\",\"@id\":\"https:\/\/dev.klb-koetztal.de\/fr\/produkt\/klb-system-polyurethan-pu-426\/\",\"url\":\"https:\/\/dev.klb-koetztal.de\/fr\/produkt\/klb-system-polyurethan-pu-426\/\",\"name\":\"Syst\u00e8me PU 426 faible en \u00e9missions, \u00e9lastique | KLB K\u00f6tztal\",\"isPartOf\":{\"@id\":\"https:\/\/dev.klb-koetztal.de\/fr\/#website\"},\"primaryImageOfPage\":{\"@id\":\"https:\/\/dev.klb-koetztal.de\/fr\/produkt\/klb-system-polyurethan-pu-426\/#primaryimage\"},\"image\":{\"@id\":\"https:\/\/dev.klb-koetztal.de\/fr\/produkt\/klb-system-polyurethan-pu-426\/#primaryimage\"},\"thumbnailUrl\":\"https:\/\/dev.klb-koetztal.de\/app\/uploads\/2022\/03\/PU426.jpg\",\"datePublished\":\"2022-03-14T10:06:42+00:00\",\"dateModified\":\"2026-03-16T13:11:07+00:00\",\"description\":\"Rev\u00eatement PU 426 bicomp. faible en COV, \u00e9lastique pour \u00e9tanch\u00e9it\u00e9s pontant les fissures | KLB rev\u00eatements de sol \u2714\ufe0f AgBB, Eurofins, certificat de contr\u00f4le\",\"breadcrumb\":{\"@id\":\"https:\/\/dev.klb-koetztal.de\/fr\/produkt\/klb-system-polyurethan-pu-426\/#breadcrumb\"},\"inLanguage\":\"fr-FR\",\"potentialAction\":[{\"@type\":\"ReadAction\",\"target\":[\"https:\/\/dev.klb-koetztal.de\/fr\/produkt\/klb-system-polyurethan-pu-426\/\"]}]},{\"@type\":\"ImageObject\",\"inLanguage\":\"fr-FR\",\"@id\":\"https:\/\/dev.klb-koetztal.de\/fr\/produkt\/klb-system-polyurethan-pu-426\/#primaryimage\",\"url\":\"https:\/\/dev.klb-koetztal.de\/app\/uploads\/2022\/03\/PU426.jpg\",\"contentUrl\":\"https:\/\/dev.klb-koetztal.de\/app\/uploads\/2022\/03\/PU426.jpg\",\"width\":500,\"height\":500},{\"@type\":\"BreadcrumbList\",\"@id\":\"https:\/\/dev.klb-koetztal.de\/fr\/produkt\/klb-system-polyurethan-pu-426\/#breadcrumb\",\"itemListElement\":[{\"@type\":\"ListItem\",\"position\":1,\"name\":\"Startseite\",\"item\":\"https:\/\/dev.klb-koetztal.de\/fr\/\"},{\"@type\":\"ListItem\",\"position\":2,\"name\":\"KLB-SYSTEM POLYURETHAN PU 426\"}]},{\"@type\":\"WebSite\",\"@id\":\"https:\/\/dev.klb-koetztal.de\/fr\/#website\",\"url\":\"https:\/\/dev.klb-koetztal.de\/fr\/\",\"name\":\"KLB K\u00f6tztal\",\"description\":\"Gute B\u00f6den haben ein System.\",\"potentialAction\":[{\"@type\":\"SearchAction\",\"target\":{\"@type\":\"EntryPoint\",\"urlTemplate\":\"https:\/\/dev.klb-koetztal.de\/fr\/?s={search_term_string}\"},\"query-input\":{\"@type\":\"PropertyValueSpecification\",\"valueRequired\":true,\"valueName\":\"search_term_string\"}}],\"inLanguage\":\"fr-FR\"}]}<\/script>\n<!-- \/ Yoast SEO plugin. -->","yoast_head_json":{"title":"Syst\u00e8me PU 426 faible en \u00e9missions, \u00e9lastique | KLB K\u00f6tztal","description":"Rev\u00eatement PU 426 bicomp. faible en COV, \u00e9lastique pour \u00e9tanch\u00e9it\u00e9s pontant les fissures | KLB rev\u00eatements de sol \u2714\ufe0f AgBB, Eurofins, certificat de contr\u00f4le","robots":{"index":"noindex","follow":"follow","max-snippet":"max-snippet:-1","max-image-preview":"max-image-preview:large","max-video-preview":"max-video-preview:-1"},"og_locale":"fr_FR","og_type":"article","og_title":"Syst\u00e8me PU 426 faible en \u00e9missions, \u00e9lastique | KLB K\u00f6tztal","og_description":"Rev\u00eatement PU 426 bicomp. faible en COV, \u00e9lastique pour \u00e9tanch\u00e9it\u00e9s pontant les fissures | KLB rev\u00eatements de sol \u2714\ufe0f AgBB, Eurofins, certificat de contr\u00f4le","og_url":"https:\/\/dev.klb-koetztal.de\/fr\/produkt\/klb-system-polyurethan-pu-426\/","og_site_name":"KLB K\u00f6tztal","article_publisher":"https:\/\/www.facebook.com\/klbkoetztal","article_modified_time":"2026-03-16T13:11:07+00:00","og_image":[{"width":500,"height":500,"url":"https:\/\/dev.klb-koetztal.de\/app\/uploads\/2022\/03\/PU426.jpg","type":"image\/jpeg"}],"twitter_card":"summary_large_image","schema":{"@context":"https:\/\/schema.org","@graph":[{"@type":"WebPage","@id":"https:\/\/dev.klb-koetztal.de\/fr\/produkt\/klb-system-polyurethan-pu-426\/","url":"https:\/\/dev.klb-koetztal.de\/fr\/produkt\/klb-system-polyurethan-pu-426\/","name":"Syst\u00e8me PU 426 faible en \u00e9missions, \u00e9lastique | KLB K\u00f6tztal","isPartOf":{"@id":"https:\/\/dev.klb-koetztal.de\/fr\/#website"},"primaryImageOfPage":{"@id":"https:\/\/dev.klb-koetztal.de\/fr\/produkt\/klb-system-polyurethan-pu-426\/#primaryimage"},"image":{"@id":"https:\/\/dev.klb-koetztal.de\/fr\/produkt\/klb-system-polyurethan-pu-426\/#primaryimage"},"thumbnailUrl":"https:\/\/dev.klb-koetztal.de\/app\/uploads\/2022\/03\/PU426.jpg","datePublished":"2022-03-14T10:06:42+00:00","dateModified":"2026-03-16T13:11:07+00:00","description":"Rev\u00eatement PU 426 bicomp. faible en COV, \u00e9lastique pour \u00e9tanch\u00e9it\u00e9s pontant les fissures | KLB rev\u00eatements de sol \u2714\ufe0f AgBB, Eurofins, certificat de contr\u00f4le","breadcrumb":{"@id":"https:\/\/dev.klb-koetztal.de\/fr\/produkt\/klb-system-polyurethan-pu-426\/#breadcrumb"},"inLanguage":"fr-FR","potentialAction":[{"@type":"ReadAction","target":["https:\/\/dev.klb-koetztal.de\/fr\/produkt\/klb-system-polyurethan-pu-426\/"]}]},{"@type":"ImageObject","inLanguage":"fr-FR","@id":"https:\/\/dev.klb-koetztal.de\/fr\/produkt\/klb-system-polyurethan-pu-426\/#primaryimage","url":"https:\/\/dev.klb-koetztal.de\/app\/uploads\/2022\/03\/PU426.jpg","contentUrl":"https:\/\/dev.klb-koetztal.de\/app\/uploads\/2022\/03\/PU426.jpg","width":500,"height":500},{"@type":"BreadcrumbList","@id":"https:\/\/dev.klb-koetztal.de\/fr\/produkt\/klb-system-polyurethan-pu-426\/#breadcrumb","itemListElement":[{"@type":"ListItem","position":1,"name":"Startseite","item":"https:\/\/dev.klb-koetztal.de\/fr\/"},{"@type":"ListItem","position":2,"name":"KLB-SYSTEM POLYURETHAN PU 426"}]},{"@type":"WebSite","@id":"https:\/\/dev.klb-koetztal.de\/fr\/#website","url":"https:\/\/dev.klb-koetztal.de\/fr\/","name":"KLB K\u00f6tztal","description":"Gute B\u00f6den haben ein System.","potentialAction":[{"@type":"SearchAction","target":{"@type":"EntryPoint","urlTemplate":"https:\/\/dev.klb-koetztal.de\/fr\/?s={search_term_string}"},"query-input":{"@type":"PropertyValueSpecification","valueRequired":true,"valueName":"search_term_string"}}],"inLanguage":"fr-FR"}]}},"_links":{"self":[{"href":"https:\/\/dev.klb-koetztal.de\/fr\/wp-json\/wp\/v2\/product\/50132","targetHints":{"allow":["GET"]}}],"collection":[{"href":"https:\/\/dev.klb-koetztal.de\/fr\/wp-json\/wp\/v2\/product"}],"about":[{"href":"https:\/\/dev.klb-koetztal.de\/fr\/wp-json\/wp\/v2\/types\/product"}],"wp:featuredmedia":[{"embeddable":true,"href":"https:\/\/dev.klb-koetztal.de\/fr\/wp-json\/wp\/v2\/media\/50134"}],"wp:attachment":[{"href":"https:\/\/dev.klb-koetztal.de\/fr\/wp-json\/wp\/v2\/media?parent=50132"}],"wp:term":[{"taxonomy":"product_brand","embeddable":true,"href":"https:\/\/dev.klb-koetztal.de\/fr\/wp-json\/wp\/v2\/product_brand?post=50132"},{"taxonomy":"product_cat","embeddable":true,"href":"https:\/\/dev.klb-koetztal.de\/fr\/wp-json\/wp\/v2\/product_cat?post=50132"},{"taxonomy":"product_tag","embeddable":true,"href":"https:\/\/dev.klb-koetztal.de\/fr\/wp-json\/wp\/v2\/product_tag?post=50132"}],"curies":[{"name":"wp","href":"https:\/\/api.w.org\/{rel}","templated":true}]}}