{"id":50114,"date":"2022-03-14T11:06:20","date_gmt":"2022-03-14T10:06:20","guid":{"rendered":"https:\/\/dev.klb-koetztal.de\/produkt\/klb-system-polyurethan-pu-420\/"},"modified":"2026-03-16T14:08:28","modified_gmt":"2026-03-16T13:08:28","slug":"klb-system-polyurethan-pu-420","status":"publish","type":"product","link":"https:\/\/dev.klb-koetztal.de\/fr\/produkt\/klb-system-polyurethan-pu-420\/","title":{"rendered":"KLB-SYSTEM POLYURETHAN PU 420"},"content":{"rendered":"","protected":false},"excerpt":{"rendered":"<p>Rev\u00eatement en polyur\u00e9thane \u00e0 2 composants, \u00e0 faible \u00e9mission, pigment\u00e9 et \u00e9lastique pour les surfaces \u00e0 usage commercial ou industriel. Convient aux substrats susceptibles de d\u00e9formation, tels que l&rsquo;asphalte coul\u00e9, les panneaux de bois agglom\u00e9r\u00e9, les sols sur\u00e9lev\u00e9s, etc.<br \/>\nConforme \u00e0 l&rsquo;AgBB pour les pi\u00e8ces de s\u00e9jour. Certifi\u00e9 par Eurofins \u00ab Indoor Air Comfort Gold \u00bb comme \u00e9tant particuli\u00e8rement faible en \u00e9missions.<br \/>\nLa couleur n&rsquo;est pas stable !<\/p>\n","protected":false},"featured_media":50116,"template":"","meta":{"_acf_changed":false},"product_brand":[],"product_cat":[10042,10047],"product_tag":[],"class_list":{"0":"post-50114","1":"product","2":"type-product","3":"status-publish","4":"has-post-thumbnail","6":"product_cat-revetements","7":"product_cat-revetements_revetements-en-polyurethane-a-2-composants-confortables","9":"first","10":"instock","11":"shipping-taxable","12":"product-type-simple"},"acf":{"product_header":{"module_product_header":{"":null,"prototype_headline":{"headline":"KLB-SYSTEM POLYURETHAN PU 420","h1":true,"subheadline":"Rev\u00eatement en polyur\u00e9thane \u00e0 2 composants, universel, \u00e0 faible \u00e9mission et \u00e9lastique qui est certifi\u00e9 par&#160;Eurofins \u00ab Indoor Air Comfort Gold \u00bb.","anchor":"","url":""},"grid_text_slider":false,"grid_text_content":[{"text":"<p class=\"product-short-title\" style=\"text-align: center;\"><strong>Br\u00e8ve description<\/strong><\/p>\n<p>Rev\u00eatement en polyur\u00e9thane \u00e0 2 composants, \u00e0 faible \u00e9mission, pigment\u00e9 et \u00e9lastique pour les surfaces \u00e0 usage commercial ou industriel. Convient aux substrats susceptibles de d\u00e9formation, tels que l&rsquo;asphalte coul\u00e9, les panneaux de bois agglom\u00e9r\u00e9, les sols sur\u00e9lev\u00e9s, etc.<\/p>\n<p>Conforme \u00e0 l&rsquo;AgBB pour les pi\u00e8ces de s\u00e9jour. Certifi\u00e9 par Eurofins \u00ab Indoor Air Comfort Gold \u00bb comme \u00e9tant particuli\u00e8rement faible en \u00e9missions.<\/p>\n<p>La couleur n&rsquo;est pas stable !<\/p>\n","width":"4","background_color_text":"bg-white","border_color":"border-gray-light"},{"text":"<p class=\"product-sicing-title\" style=\"text-align: center;\"><strong>Unit\u00e9s d'emballage<\/strong><\/p>\n<ul>\n<li>AK6065-47 &#8211; Combinaison Seau 12,00 kg<\/li>\n<li>AK6065-30 &#8211; Combinaison Hobbock 30,00 kg<\/li>\n<\/ul>\n<p><\/p>\n<p>N&rsquo;h\u00e9sitez pas \u00e0 contacter directement pour toute demande concernant des quantit\u00e9s de livraison ou des unit\u00e9s de conditionnement plus importantes.<\/p>\n\n","width":"4","background_color_text":"bg-white","border_color":"border-gray-light"},{"text":"<p class=\"product-attr-title\" style=\"text-align: center;\"><strong>Propri\u00e9t\u00e9s<\/strong><\/p>\n<ul>\n<li>qualit\u00e9 contr\u00f4l\u00e9e, \u00e0 faible \u00e9mission<\/li>\n<li>certifi\u00e9 selon EMICODE\u00ae  EC 1PLUS<\/li>\n<li>Total Solid selon GISCODE (m\u00e9thode d&rsquo;essai de \u00ab Deutsche Bauchemie \u00bb, l&rsquo;association all. pour la chimie de construction)<\/li>\n<li>pour le saupoudrage d&rsquo;\u00e9l\u00e9ments SiC\/du Plastorite<\/li>\n<li>\u00e9lastique et d\u00e9formable<\/li>\n<li>pr\u00eat \u00e0 l&#8217;emploi<\/li>\n<li>exempt de substances susceptibles d&rsquo;endommager les vernis<\/li>\n<li>surface color\u00e9e<\/li>\n<\/ul>\n","width":"4","background_color_text":"bg-white","border_color":"border-gray-light"}],"background_color":"bg-none","background_color_content":"bg-none"}},"downloads":{"module_download_list":{"inhalt":null,"downloads":[{"download":{"ID":68704,"id":68704,"title":"PU_420_PI_fr_2026_01","filename":"PU_420_PI_fr_2026_01.pdf","filesize":1195513,"url":"https:\/\/dev.klb-koetztal.de\/app\/uploads\/2026\/02\/PU_420_PI_fr_2026_01.pdf","link":"https:\/\/dev.klb-koetztal.de\/fr\/?attachment_id=68704","alt":"","author":"7","description":"","caption":"","name":"pu_420_pi_fr_2026_01-2","status":"inherit","uploaded_to":0,"date":"2026-02-03 14:08:39","modified":"2026-02-03 14:08:39","menu_order":0,"mime_type":"application\/pdf","type":"application","subtype":"pdf","icon":"https:\/\/dev.klb-koetztal.de\/wp\/wp-includes\/images\/media\/document.png"},"filename":"Information produit","protected":false,"doclang":"FR","externalkey":"Produktinformation","docpos":"3"},{"download":{"ID":68008,"id":68008,"title":"PU_420_LE_en_2025_11","filename":"PU_420_LE_en_2025_11.pdf","filesize":547229,"url":"https:\/\/dev.klb-koetztal.de\/app\/uploads\/2025\/11\/PU_420_LE_en_2025_11.pdf","link":"https:\/\/dev.klb-koetztal.de\/fr\/?attachment_id=68008","alt":"","author":"7","description":"","caption":"","name":"pu_420_le_en_2025_11-2","status":"inherit","uploaded_to":0,"date":"2025-11-04 07:20:54","modified":"2025-11-04 07:20:54","menu_order":0,"mime_type":"application\/pdf","type":"application","subtype":"pdf","icon":"https:\/\/dev.klb-koetztal.de\/wp\/wp-includes\/images\/media\/document.png"},"filename":"Statement of performance","protected":false,"doclang":"GB","externalkey":"Leistungserklaerung","docpos":"2"},{"download":{"ID":68011,"id":68011,"title":"PU_420_LE_fr_2025_11","filename":"PU_420_LE_fr_2025_11.pdf","filesize":546961,"url":"https:\/\/dev.klb-koetztal.de\/app\/uploads\/2025\/11\/PU_420_LE_fr_2025_11.pdf","link":"https:\/\/dev.klb-koetztal.de\/fr\/?attachment_id=68011","alt":"","author":"7","description":"","caption":"","name":"pu_420_le_fr_2025_11-2","status":"inherit","uploaded_to":0,"date":"2025-11-04 07:20:56","modified":"2025-11-04 07:20:56","menu_order":0,"mime_type":"application\/pdf","type":"application","subtype":"pdf","icon":"https:\/\/dev.klb-koetztal.de\/wp\/wp-includes\/images\/media\/document.png"},"filename":"D\u00e9claration de performance","protected":false,"doclang":"FR","externalkey":"Leistungserklaerung","docpos":"3"},{"download":{"ID":65981,"id":65981,"title":"PU420_Umwelt-Deklaration_2025-06","filename":"PU420_Umwelt-Deklaration_2025-06.pdf","filesize":2565950,"url":"https:\/\/dev.klb-koetztal.de\/app\/uploads\/2025\/06\/PU420_Umwelt-Deklaration_2025-06.pdf","link":"https:\/\/dev.klb-koetztal.de\/fr\/?attachment_id=65981","alt":"","author":"7","description":"","caption":"","name":"pu420_umwelt-deklaration_2025-06-2","status":"inherit","uploaded_to":0,"date":"2025-06-23 09:00:40","modified":"2025-06-23 09:00:40","menu_order":0,"mime_type":"application\/pdf","type":"application","subtype":"pdf","icon":"https:\/\/dev.klb-koetztal.de\/wp\/wp-includes\/images\/media\/document.png"},"filename":"D\u00e9clarations de produit environnemental (EPD)","protected":false,"doclang":"Multi","externalkey":"Umweltproduktdeklaration","docpos":"50"},{"download":false,"filename":"Fiche de donn\u00e9es de s\u00e9curit\u00e9","protected":true,"doclang":"FR","externalkey":"Sicherheitsdatenblatt","docpos":"3"}],"einstellungen":null,"background_color":"bg-none","background_color_content":"bg-none"}},"included_in_systems":{"module_included_in_systems":{"":null,"background_color":"bg-gray-medium","background_color_content":"bg-none"}},"contact":{"module_contact":{"":null,"background_color":"bg-none","background_color_content":"bg-none"}},"ausschreibende":{"module_ausschreibende":{"andern_sie_den_inhalt_unter_universelle_elemente":null,"background_color":"bg-none","background_color_content":"bg-none"}}},"yoast_head":"<!-- This site is optimized with the Yoast SEO plugin v27.0 - https:\/\/yoast.com\/product\/yoast-seo-wordpress\/ -->\n<title>Rev\u00eatement PU 420 faible en \u00e9mission bicomp. | KLB K\u00f6tztal<\/title>\n<meta name=\"description\" content=\"Rev\u00eatement PU 420 faible COV, pigment\u00e9, \u00e9lastique aux substrats susceptibles \u00e0 d\u00e9former, p.ex. asphalte coul\u00e9 | KLB mat\u00e9riaux rev\u00eatement \u2714\ufe0fAgBB, Eurofins\" \/>\n<meta name=\"robots\" content=\"noindex, follow, max-snippet:-1, max-image-preview:large, max-video-preview:-1\" \/>\n<meta property=\"og:locale\" content=\"fr_FR\" \/>\n<meta property=\"og:type\" content=\"article\" \/>\n<meta property=\"og:title\" content=\"Rev\u00eatement PU 420 faible en \u00e9mission bicomp. | KLB K\u00f6tztal\" \/>\n<meta property=\"og:description\" content=\"Rev\u00eatement PU 420 faible COV, pigment\u00e9, \u00e9lastique aux substrats susceptibles \u00e0 d\u00e9former, p.ex. asphalte coul\u00e9 | KLB mat\u00e9riaux rev\u00eatement \u2714\ufe0fAgBB, Eurofins\" \/>\n<meta property=\"og:url\" content=\"https:\/\/dev.klb-koetztal.de\/fr\/produkt\/klb-system-polyurethan-pu-420\/\" \/>\n<meta property=\"og:site_name\" content=\"KLB K\u00f6tztal\" \/>\n<meta property=\"article:publisher\" content=\"https:\/\/www.facebook.com\/klbkoetztal\" \/>\n<meta property=\"article:modified_time\" content=\"2026-03-16T13:08:28+00:00\" \/>\n<meta property=\"og:image\" content=\"https:\/\/dev.klb-koetztal.de\/app\/uploads\/2022\/03\/PU420.jpg\" \/>\n\t<meta property=\"og:image:width\" content=\"500\" \/>\n\t<meta property=\"og:image:height\" content=\"500\" \/>\n\t<meta property=\"og:image:type\" content=\"image\/jpeg\" \/>\n<meta name=\"twitter:card\" content=\"summary_large_image\" \/>\n<script type=\"application\/ld+json\" class=\"yoast-schema-graph\">{\"@context\":\"https:\/\/schema.org\",\"@graph\":[{\"@type\":\"WebPage\",\"@id\":\"https:\/\/dev.klb-koetztal.de\/fr\/produkt\/klb-system-polyurethan-pu-420\/\",\"url\":\"https:\/\/dev.klb-koetztal.de\/fr\/produkt\/klb-system-polyurethan-pu-420\/\",\"name\":\"Rev\u00eatement PU 420 faible en \u00e9mission bicomp. | KLB K\u00f6tztal\",\"isPartOf\":{\"@id\":\"https:\/\/dev.klb-koetztal.de\/fr\/#website\"},\"primaryImageOfPage\":{\"@id\":\"https:\/\/dev.klb-koetztal.de\/fr\/produkt\/klb-system-polyurethan-pu-420\/#primaryimage\"},\"image\":{\"@id\":\"https:\/\/dev.klb-koetztal.de\/fr\/produkt\/klb-system-polyurethan-pu-420\/#primaryimage\"},\"thumbnailUrl\":\"https:\/\/dev.klb-koetztal.de\/app\/uploads\/2022\/03\/PU420.jpg\",\"datePublished\":\"2022-03-14T10:06:20+00:00\",\"dateModified\":\"2026-03-16T13:08:28+00:00\",\"description\":\"Rev\u00eatement PU 420 faible COV, pigment\u00e9, \u00e9lastique aux substrats susceptibles \u00e0 d\u00e9former, p.ex. asphalte coul\u00e9 | KLB mat\u00e9riaux rev\u00eatement \u2714\ufe0fAgBB, Eurofins\",\"breadcrumb\":{\"@id\":\"https:\/\/dev.klb-koetztal.de\/fr\/produkt\/klb-system-polyurethan-pu-420\/#breadcrumb\"},\"inLanguage\":\"fr-FR\",\"potentialAction\":[{\"@type\":\"ReadAction\",\"target\":[\"https:\/\/dev.klb-koetztal.de\/fr\/produkt\/klb-system-polyurethan-pu-420\/\"]}]},{\"@type\":\"ImageObject\",\"inLanguage\":\"fr-FR\",\"@id\":\"https:\/\/dev.klb-koetztal.de\/fr\/produkt\/klb-system-polyurethan-pu-420\/#primaryimage\",\"url\":\"https:\/\/dev.klb-koetztal.de\/app\/uploads\/2022\/03\/PU420.jpg\",\"contentUrl\":\"https:\/\/dev.klb-koetztal.de\/app\/uploads\/2022\/03\/PU420.jpg\",\"width\":500,\"height\":500},{\"@type\":\"BreadcrumbList\",\"@id\":\"https:\/\/dev.klb-koetztal.de\/fr\/produkt\/klb-system-polyurethan-pu-420\/#breadcrumb\",\"itemListElement\":[{\"@type\":\"ListItem\",\"position\":1,\"name\":\"Startseite\",\"item\":\"https:\/\/dev.klb-koetztal.de\/fr\/\"},{\"@type\":\"ListItem\",\"position\":2,\"name\":\"KLB-SYSTEM POLYURETHAN PU 420\"}]},{\"@type\":\"WebSite\",\"@id\":\"https:\/\/dev.klb-koetztal.de\/fr\/#website\",\"url\":\"https:\/\/dev.klb-koetztal.de\/fr\/\",\"name\":\"KLB K\u00f6tztal\",\"description\":\"Gute B\u00f6den haben ein System.\",\"potentialAction\":[{\"@type\":\"SearchAction\",\"target\":{\"@type\":\"EntryPoint\",\"urlTemplate\":\"https:\/\/dev.klb-koetztal.de\/fr\/?s={search_term_string}\"},\"query-input\":{\"@type\":\"PropertyValueSpecification\",\"valueRequired\":true,\"valueName\":\"search_term_string\"}}],\"inLanguage\":\"fr-FR\"}]}<\/script>\n<!-- \/ Yoast SEO plugin. -->","yoast_head_json":{"title":"Rev\u00eatement PU 420 faible en \u00e9mission bicomp. | KLB K\u00f6tztal","description":"Rev\u00eatement PU 420 faible COV, pigment\u00e9, \u00e9lastique aux substrats susceptibles \u00e0 d\u00e9former, p.ex. asphalte coul\u00e9 | KLB mat\u00e9riaux rev\u00eatement \u2714\ufe0fAgBB, Eurofins","robots":{"index":"noindex","follow":"follow","max-snippet":"max-snippet:-1","max-image-preview":"max-image-preview:large","max-video-preview":"max-video-preview:-1"},"og_locale":"fr_FR","og_type":"article","og_title":"Rev\u00eatement PU 420 faible en \u00e9mission bicomp. | KLB K\u00f6tztal","og_description":"Rev\u00eatement PU 420 faible COV, pigment\u00e9, \u00e9lastique aux substrats susceptibles \u00e0 d\u00e9former, p.ex. asphalte coul\u00e9 | KLB mat\u00e9riaux rev\u00eatement \u2714\ufe0fAgBB, Eurofins","og_url":"https:\/\/dev.klb-koetztal.de\/fr\/produkt\/klb-system-polyurethan-pu-420\/","og_site_name":"KLB K\u00f6tztal","article_publisher":"https:\/\/www.facebook.com\/klbkoetztal","article_modified_time":"2026-03-16T13:08:28+00:00","og_image":[{"width":500,"height":500,"url":"https:\/\/dev.klb-koetztal.de\/app\/uploads\/2022\/03\/PU420.jpg","type":"image\/jpeg"}],"twitter_card":"summary_large_image","schema":{"@context":"https:\/\/schema.org","@graph":[{"@type":"WebPage","@id":"https:\/\/dev.klb-koetztal.de\/fr\/produkt\/klb-system-polyurethan-pu-420\/","url":"https:\/\/dev.klb-koetztal.de\/fr\/produkt\/klb-system-polyurethan-pu-420\/","name":"Rev\u00eatement PU 420 faible en \u00e9mission bicomp. | KLB K\u00f6tztal","isPartOf":{"@id":"https:\/\/dev.klb-koetztal.de\/fr\/#website"},"primaryImageOfPage":{"@id":"https:\/\/dev.klb-koetztal.de\/fr\/produkt\/klb-system-polyurethan-pu-420\/#primaryimage"},"image":{"@id":"https:\/\/dev.klb-koetztal.de\/fr\/produkt\/klb-system-polyurethan-pu-420\/#primaryimage"},"thumbnailUrl":"https:\/\/dev.klb-koetztal.de\/app\/uploads\/2022\/03\/PU420.jpg","datePublished":"2022-03-14T10:06:20+00:00","dateModified":"2026-03-16T13:08:28+00:00","description":"Rev\u00eatement PU 420 faible COV, pigment\u00e9, \u00e9lastique aux substrats susceptibles \u00e0 d\u00e9former, p.ex. asphalte coul\u00e9 | KLB mat\u00e9riaux rev\u00eatement \u2714\ufe0fAgBB, Eurofins","breadcrumb":{"@id":"https:\/\/dev.klb-koetztal.de\/fr\/produkt\/klb-system-polyurethan-pu-420\/#breadcrumb"},"inLanguage":"fr-FR","potentialAction":[{"@type":"ReadAction","target":["https:\/\/dev.klb-koetztal.de\/fr\/produkt\/klb-system-polyurethan-pu-420\/"]}]},{"@type":"ImageObject","inLanguage":"fr-FR","@id":"https:\/\/dev.klb-koetztal.de\/fr\/produkt\/klb-system-polyurethan-pu-420\/#primaryimage","url":"https:\/\/dev.klb-koetztal.de\/app\/uploads\/2022\/03\/PU420.jpg","contentUrl":"https:\/\/dev.klb-koetztal.de\/app\/uploads\/2022\/03\/PU420.jpg","width":500,"height":500},{"@type":"BreadcrumbList","@id":"https:\/\/dev.klb-koetztal.de\/fr\/produkt\/klb-system-polyurethan-pu-420\/#breadcrumb","itemListElement":[{"@type":"ListItem","position":1,"name":"Startseite","item":"https:\/\/dev.klb-koetztal.de\/fr\/"},{"@type":"ListItem","position":2,"name":"KLB-SYSTEM POLYURETHAN PU 420"}]},{"@type":"WebSite","@id":"https:\/\/dev.klb-koetztal.de\/fr\/#website","url":"https:\/\/dev.klb-koetztal.de\/fr\/","name":"KLB K\u00f6tztal","description":"Gute B\u00f6den haben ein System.","potentialAction":[{"@type":"SearchAction","target":{"@type":"EntryPoint","urlTemplate":"https:\/\/dev.klb-koetztal.de\/fr\/?s={search_term_string}"},"query-input":{"@type":"PropertyValueSpecification","valueRequired":true,"valueName":"search_term_string"}}],"inLanguage":"fr-FR"}]}},"_links":{"self":[{"href":"https:\/\/dev.klb-koetztal.de\/fr\/wp-json\/wp\/v2\/product\/50114","targetHints":{"allow":["GET"]}}],"collection":[{"href":"https:\/\/dev.klb-koetztal.de\/fr\/wp-json\/wp\/v2\/product"}],"about":[{"href":"https:\/\/dev.klb-koetztal.de\/fr\/wp-json\/wp\/v2\/types\/product"}],"wp:featuredmedia":[{"embeddable":true,"href":"https:\/\/dev.klb-koetztal.de\/fr\/wp-json\/wp\/v2\/media\/50116"}],"wp:attachment":[{"href":"https:\/\/dev.klb-koetztal.de\/fr\/wp-json\/wp\/v2\/media?parent=50114"}],"wp:term":[{"taxonomy":"product_brand","embeddable":true,"href":"https:\/\/dev.klb-koetztal.de\/fr\/wp-json\/wp\/v2\/product_brand?post=50114"},{"taxonomy":"product_cat","embeddable":true,"href":"https:\/\/dev.klb-koetztal.de\/fr\/wp-json\/wp\/v2\/product_cat?post=50114"},{"taxonomy":"product_tag","embeddable":true,"href":"https:\/\/dev.klb-koetztal.de\/fr\/wp-json\/wp\/v2\/product_tag?post=50114"}],"curies":[{"name":"wp","href":"https:\/\/api.w.org\/{rel}","templated":true}]}}