{"id":50100,"date":"2022-03-14T11:06:05","date_gmt":"2022-03-14T10:06:05","guid":{"rendered":"https:\/\/dev.klb-koetztal.de\/produkt\/klb-system-polyurethan-pu-5000-rx\/"},"modified":"2026-02-25T11:53:13","modified_gmt":"2026-02-25T10:53:13","slug":"klb-system-polyurethan-pu-5000-rx","status":"publish","type":"product","link":"https:\/\/dev.klb-koetztal.de\/fr\/produkt\/klb-system-polyurethan-pu-5000-rx\/","title":{"rendered":"KLB-SYSTEM POLYURETHAN PU 5000 RX"},"content":{"rendered":"","protected":false},"excerpt":{"rendered":"<p>R\u00e9sine de scellement en polyur\u00e9thane bicomposante, sans solvants et de couleur stable qui est utilis\u00e9e en combinaison avec le composant de saupoudrage RX pour r\u00e9aliser des rev\u00eatements de sol durcissant rapide et antid\u00e9rapants.<br \/>\nLes domaines d&rsquo;application sont les parkings, les garages, les pergolas et d&rsquo;autres zones d&rsquo;usage commerciaux \u00e0 l\u2018int\u00e9rieur et&#160;\u00e0&#160;l\u2018ext\u00e9rieur. Une&#160;remise en service sans limite est possible apr\u00e8s 2 &#8211; 6 heures.<br \/>\nVeuillez commander le mat\u00e9riau de saupoudrage et l&rsquo;acc\u00e9l\u00e9rateur PU-Beschleuniger 12 s\u00e9par\u00e9ment !<\/p>\n","protected":false},"featured_media":50101,"template":"","meta":{"_acf_changed":false},"product_brand":[],"product_cat":[10042,10066,10047],"product_tag":[],"class_list":{"0":"post-50100","1":"product","2":"type-product","3":"status-publish","4":"has-post-thumbnail","6":"product_cat-revetements","7":"product_cat-revetements_revetements-dans-les-parkings-y-compris-a-durcissement-rapide","8":"product_cat-revetements_revetements-en-polyurethane-a-2-composants-confortables","10":"first","11":"instock","12":"shipping-taxable","13":"product-type-simple"},"acf":{"product_header":{"module_product_header":{"":null,"prototype_headline":{"headline":"KLB-SYSTEM POLYURETHAN PU 5000 RX","h1":true,"subheadline":"Rev\u00eatement en r\u00e9sine polyur\u00e9thane bicomposant, \u00e0 durcissement tr\u00e8s rapide, antid\u00e9rapant et&#160;stable \u00e0 la lumi\u00e8re","anchor":"","url":""},"grid_text_slider":false,"grid_text_content":[{"text":"<p class=\"product-short-title\" style=\"text-align: center;\"><strong>Br\u00e8ve description<\/strong><\/p>\n<p>R\u00e9sine de scellement en polyur\u00e9thane bicomposante, sans solvants et de couleur stable qui est utilis\u00e9e en combinaison avec le composant de saupoudrage RX pour r\u00e9aliser des rev\u00eatements de sol durcissant rapide et antid\u00e9rapants.<\/p>\n<p>Les domaines d&rsquo;application sont les parkings, les garages, les pergolas et d&rsquo;autres zones d&rsquo;usage commerciaux \u00e0 l\u2018int\u00e9rieur et&#160;\u00e0&#160;l\u2018ext\u00e9rieur. Une&#160;remise en service sans limite est possible apr\u00e8s 2 &#8211; 6 heures.<\/p>\n<p>Veuillez commander le mat\u00e9riau de saupoudrage et l&rsquo;acc\u00e9l\u00e9rateur PU-Beschleuniger 12 s\u00e9par\u00e9ment !<\/p>\n","width":"4","background_color_text":"bg-white","border_color":"border-gray-light"},{"text":"<p class=\"product-sicing-title\" style=\"text-align: center;\"><strong>Unit\u00e9s d'emballage<\/strong><\/p>\n<ul>\n<li>AK6400-70 &#8211; Combinaison Seau 12,00 kg<\/li>\n<\/ul>\n<p><\/p>\n<p>N&rsquo;h\u00e9sitez pas \u00e0 contacter directement pour toute demande concernant des quantit\u00e9s de livraison ou des unit\u00e9s de conditionnement plus importantes.<\/p>\n\n","width":"4","background_color_text":"bg-white","border_color":"border-gray-light"},{"text":"<p class=\"product-attr-title\" style=\"text-align: center;\"><strong>Propri\u00e9t\u00e9s<\/strong><\/p>\n<ul>\n<li>\u00e0 durcissement rapide<\/li>\n<li>de nouveau utilisable apr\u00e8s 2 \u00e0 6 heures<\/li>\n<li>bonne r\u00e9sistance \u00e0 l&rsquo;eau et aux produits chimiques<\/li>\n<li>en grande partie stable \u00e0 la lumi\u00e8re<\/li>\n<li>antid\u00e9rapant<\/li>\n<li>rev\u00eatement sans joint<\/li>\n<li>tr\u00e8s r\u00e9sistant aux contraintes m\u00e9caniques<\/li>\n<li>r\u00e9sistant \u00e0 l&rsquo;abrasion et \u00e0 l&rsquo;usure<\/li>\n<li>Total Solid selon GISCODE (m\u00e9thode d&rsquo;essai de \u00ab Deutsche Bauchemie \u00bb, l&rsquo;association all. pour la chimie de construction)<\/li>\n<\/ul>\n","width":"4","background_color_text":"bg-white","border_color":"border-gray-light"}],"background_color":"bg-none","background_color_content":"bg-none"}},"downloads":{"module_download_list":{"inhalt":null,"downloads":[{"download":{"ID":61251,"id":61251,"title":"PU_5000_RX_Abstreukomponente_PI_fr_2024_04","filename":"PU_5000_RX_Abstreukomponente_PI_fr_2024_04.pdf","filesize":161288,"url":"https:\/\/dev.klb-koetztal.de\/app\/uploads\/2024\/04\/PU_5000_RX_Abstreukomponente_PI_fr_2024_04.pdf","link":"https:\/\/dev.klb-koetztal.de\/fr\/?attachment_id=61251","alt":"","author":"7","description":"","caption":"","name":"pu_5000_rx_abstreukomponente_pi_fr_2024_04-2","status":"inherit","uploaded_to":0,"date":"2024-04-25 06:50:22","modified":"2024-04-25 06:50:22","menu_order":0,"mime_type":"application\/pdf","type":"application","subtype":"pdf","icon":"https:\/\/dev.klb-koetztal.de\/wp\/wp-includes\/images\/media\/document.png"},"filename":"Information produit","protected":false,"doclang":"FR","externalkey":"Produktinformation","docpos":"3"},{"download":{"ID":64045,"id":64045,"title":"PU_5000_RX_PI_fr_2024_12","filename":"PU_5000_RX_PI_fr_2024_12.pdf","filesize":602998,"url":"https:\/\/dev.klb-koetztal.de\/app\/uploads\/2024\/12\/PU_5000_RX_PI_fr_2024_12.pdf","link":"https:\/\/dev.klb-koetztal.de\/fr\/?attachment_id=64045","alt":"","author":"7","description":"","caption":"","name":"pu_5000_rx_pi_fr_2024_12-2","status":"inherit","uploaded_to":0,"date":"2024-12-18 09:30:26","modified":"2024-12-18 09:30:26","menu_order":0,"mime_type":"application\/pdf","type":"application","subtype":"pdf","icon":"https:\/\/dev.klb-koetztal.de\/wp\/wp-includes\/images\/media\/document.png"},"filename":"Information produit","protected":false,"doclang":"FR","externalkey":"Produktinformation","docpos":"3"},{"download":{"ID":50103,"id":50103,"title":"Leistungserkl\u00e4rung - Statement of performance","filename":"PU5000_RX_LE_2018-01.pdf","filesize":228114,"url":"https:\/\/dev.klb-koetztal.de\/app\/uploads\/2022\/03\/PU5000_RX_LE_2018-01.pdf","link":"https:\/\/dev.klb-koetztal.de\/fr\/?attachment_id=50103","alt":"","author":"7","description":"","caption":"","name":"pu5000_rx_le_2018-01","status":"inherit","uploaded_to":0,"date":"2022-03-14 10:06:09","modified":"2026-02-25 10:53:27","menu_order":0,"mime_type":"application\/pdf","type":"application","subtype":"pdf","icon":"https:\/\/dev.klb-koetztal.de\/wp\/wp-includes\/images\/media\/document.png"},"filename":"D\u00e9claration de performance","protected":false,"doclang":"Multi","externalkey":"Leistungserklaerung","docpos":"50"},{"download":{"ID":51326,"id":51326,"title":"EPD-Information","filename":"PU5000_RX_Umwelt-Deklaration_2022-06.pdf","filesize":2559660,"url":"https:\/\/dev.klb-koetztal.de\/app\/uploads\/2022\/06\/PU5000_RX_Umwelt-Deklaration_2022-06.pdf","link":"https:\/\/dev.klb-koetztal.de\/fr\/?attachment_id=51326","alt":"","author":"7","description":"","caption":"","name":"pu5000_rx_umwelt-deklaration_2022-06","status":"inherit","uploaded_to":0,"date":"2022-06-30 12:42:59","modified":"2026-02-25 10:53:32","menu_order":0,"mime_type":"application\/pdf","type":"application","subtype":"pdf","icon":"https:\/\/dev.klb-koetztal.de\/wp\/wp-includes\/images\/media\/document.png"},"filename":"D\u00e9clarations de produit environnemental (EPD)","protected":false,"doclang":"Multi","externalkey":"Umweltproduktdeklaration","docpos":"50"},{"download":false,"filename":"Fiche de donn\u00e9es de s\u00e9curit\u00e9","protected":true,"doclang":"FR","externalkey":"Sicherheitsdatenblatt","docpos":"3"}],"einstellungen":null,"background_color":"bg-none","background_color_content":"bg-none"}},"included_in_systems":{"module_included_in_systems":{"":null,"background_color":"bg-gray-medium","background_color_content":"bg-none"}},"contact":{"module_contact":{"":null,"background_color":"bg-none","background_color_content":"bg-none"}},"ausschreibende":{"module_ausschreibende":{"andern_sie_den_inhalt_unter_universelle_elemente":null,"background_color":"bg-none","background_color_content":"bg-none"}}},"yoast_head":"<!-- This site is optimized with the Yoast SEO plugin v27.0 - https:\/\/yoast.com\/product\/yoast-seo-wordpress\/ -->\n<title>R\u00e9sine de scellement PU 5000 RX rapide bicomp. | KLB K\u00f6tztal<\/title>\n<meta name=\"description\" content=\"R\u00e9sine de scellement PU 5000 RX durcissant rapide, stable en couleur, sans solvant, antid\u00e9rapant | KLB sols \u2714\ufe0fparkings, garages, etc. int\u00e9rierur\/ext\u00e9rieur\" \/>\n<meta name=\"robots\" content=\"noindex, follow, max-snippet:-1, max-image-preview:large, max-video-preview:-1\" \/>\n<meta property=\"og:locale\" content=\"fr_FR\" \/>\n<meta property=\"og:type\" content=\"article\" \/>\n<meta property=\"og:title\" content=\"R\u00e9sine de scellement PU 5000 RX rapide bicomp. | KLB K\u00f6tztal\" \/>\n<meta property=\"og:description\" content=\"R\u00e9sine de scellement PU 5000 RX durcissant rapide, stable en couleur, sans solvant, antid\u00e9rapant | KLB sols \u2714\ufe0fparkings, garages, etc. int\u00e9rierur\/ext\u00e9rieur\" \/>\n<meta property=\"og:url\" content=\"https:\/\/dev.klb-koetztal.de\/fr\/produkt\/klb-system-polyurethan-pu-5000-rx\/\" \/>\n<meta property=\"og:site_name\" content=\"KLB K\u00f6tztal\" \/>\n<meta property=\"article:publisher\" content=\"https:\/\/www.facebook.com\/klbkoetztal\" \/>\n<meta property=\"article:modified_time\" content=\"2026-02-25T10:53:13+00:00\" \/>\n<meta property=\"og:image\" content=\"https:\/\/dev.klb-koetztal.de\/app\/uploads\/2022\/03\/PU5000_RX.jpg\" \/>\n\t<meta property=\"og:image:width\" content=\"500\" \/>\n\t<meta property=\"og:image:height\" content=\"500\" \/>\n\t<meta property=\"og:image:type\" content=\"image\/jpeg\" \/>\n<meta name=\"twitter:card\" content=\"summary_large_image\" \/>\n<script type=\"application\/ld+json\" class=\"yoast-schema-graph\">{\"@context\":\"https:\/\/schema.org\",\"@graph\":[{\"@type\":\"WebPage\",\"@id\":\"https:\/\/dev.klb-koetztal.de\/fr\/produkt\/klb-system-polyurethan-pu-5000-rx\/\",\"url\":\"https:\/\/dev.klb-koetztal.de\/fr\/produkt\/klb-system-polyurethan-pu-5000-rx\/\",\"name\":\"R\u00e9sine de scellement PU 5000 RX rapide bicomp. | KLB K\u00f6tztal\",\"isPartOf\":{\"@id\":\"https:\/\/dev.klb-koetztal.de\/fr\/#website\"},\"primaryImageOfPage\":{\"@id\":\"https:\/\/dev.klb-koetztal.de\/fr\/produkt\/klb-system-polyurethan-pu-5000-rx\/#primaryimage\"},\"image\":{\"@id\":\"https:\/\/dev.klb-koetztal.de\/fr\/produkt\/klb-system-polyurethan-pu-5000-rx\/#primaryimage\"},\"thumbnailUrl\":\"https:\/\/dev.klb-koetztal.de\/app\/uploads\/2022\/03\/PU5000_RX.jpg\",\"datePublished\":\"2022-03-14T10:06:05+00:00\",\"dateModified\":\"2026-02-25T10:53:13+00:00\",\"description\":\"R\u00e9sine de scellement PU 5000 RX durcissant rapide, stable en couleur, sans solvant, antid\u00e9rapant | KLB sols \u2714\ufe0fparkings, garages, etc. int\u00e9rierur\/ext\u00e9rieur\",\"breadcrumb\":{\"@id\":\"https:\/\/dev.klb-koetztal.de\/fr\/produkt\/klb-system-polyurethan-pu-5000-rx\/#breadcrumb\"},\"inLanguage\":\"fr-FR\",\"potentialAction\":[{\"@type\":\"ReadAction\",\"target\":[\"https:\/\/dev.klb-koetztal.de\/fr\/produkt\/klb-system-polyurethan-pu-5000-rx\/\"]}]},{\"@type\":\"ImageObject\",\"inLanguage\":\"fr-FR\",\"@id\":\"https:\/\/dev.klb-koetztal.de\/fr\/produkt\/klb-system-polyurethan-pu-5000-rx\/#primaryimage\",\"url\":\"https:\/\/dev.klb-koetztal.de\/app\/uploads\/2022\/03\/PU5000_RX.jpg\",\"contentUrl\":\"https:\/\/dev.klb-koetztal.de\/app\/uploads\/2022\/03\/PU5000_RX.jpg\",\"width\":500,\"height\":500},{\"@type\":\"BreadcrumbList\",\"@id\":\"https:\/\/dev.klb-koetztal.de\/fr\/produkt\/klb-system-polyurethan-pu-5000-rx\/#breadcrumb\",\"itemListElement\":[{\"@type\":\"ListItem\",\"position\":1,\"name\":\"Startseite\",\"item\":\"https:\/\/dev.klb-koetztal.de\/fr\/\"},{\"@type\":\"ListItem\",\"position\":2,\"name\":\"KLB-SYSTEM POLYURETHAN PU 5000 RX\"}]},{\"@type\":\"WebSite\",\"@id\":\"https:\/\/dev.klb-koetztal.de\/fr\/#website\",\"url\":\"https:\/\/dev.klb-koetztal.de\/fr\/\",\"name\":\"KLB K\u00f6tztal\",\"description\":\"Gute B\u00f6den haben ein System.\",\"potentialAction\":[{\"@type\":\"SearchAction\",\"target\":{\"@type\":\"EntryPoint\",\"urlTemplate\":\"https:\/\/dev.klb-koetztal.de\/fr\/?s={search_term_string}\"},\"query-input\":{\"@type\":\"PropertyValueSpecification\",\"valueRequired\":true,\"valueName\":\"search_term_string\"}}],\"inLanguage\":\"fr-FR\"}]}<\/script>\n<!-- \/ Yoast SEO plugin. -->","yoast_head_json":{"title":"R\u00e9sine de scellement PU 5000 RX rapide bicomp. | KLB K\u00f6tztal","description":"R\u00e9sine de scellement PU 5000 RX durcissant rapide, stable en couleur, sans solvant, antid\u00e9rapant | KLB sols \u2714\ufe0fparkings, garages, etc. int\u00e9rierur\/ext\u00e9rieur","robots":{"index":"noindex","follow":"follow","max-snippet":"max-snippet:-1","max-image-preview":"max-image-preview:large","max-video-preview":"max-video-preview:-1"},"og_locale":"fr_FR","og_type":"article","og_title":"R\u00e9sine de scellement PU 5000 RX rapide bicomp. | KLB K\u00f6tztal","og_description":"R\u00e9sine de scellement PU 5000 RX durcissant rapide, stable en couleur, sans solvant, antid\u00e9rapant | KLB sols \u2714\ufe0fparkings, garages, etc. int\u00e9rierur\/ext\u00e9rieur","og_url":"https:\/\/dev.klb-koetztal.de\/fr\/produkt\/klb-system-polyurethan-pu-5000-rx\/","og_site_name":"KLB K\u00f6tztal","article_publisher":"https:\/\/www.facebook.com\/klbkoetztal","article_modified_time":"2026-02-25T10:53:13+00:00","og_image":[{"width":500,"height":500,"url":"https:\/\/dev.klb-koetztal.de\/app\/uploads\/2022\/03\/PU5000_RX.jpg","type":"image\/jpeg"}],"twitter_card":"summary_large_image","schema":{"@context":"https:\/\/schema.org","@graph":[{"@type":"WebPage","@id":"https:\/\/dev.klb-koetztal.de\/fr\/produkt\/klb-system-polyurethan-pu-5000-rx\/","url":"https:\/\/dev.klb-koetztal.de\/fr\/produkt\/klb-system-polyurethan-pu-5000-rx\/","name":"R\u00e9sine de scellement PU 5000 RX rapide bicomp. | KLB K\u00f6tztal","isPartOf":{"@id":"https:\/\/dev.klb-koetztal.de\/fr\/#website"},"primaryImageOfPage":{"@id":"https:\/\/dev.klb-koetztal.de\/fr\/produkt\/klb-system-polyurethan-pu-5000-rx\/#primaryimage"},"image":{"@id":"https:\/\/dev.klb-koetztal.de\/fr\/produkt\/klb-system-polyurethan-pu-5000-rx\/#primaryimage"},"thumbnailUrl":"https:\/\/dev.klb-koetztal.de\/app\/uploads\/2022\/03\/PU5000_RX.jpg","datePublished":"2022-03-14T10:06:05+00:00","dateModified":"2026-02-25T10:53:13+00:00","description":"R\u00e9sine de scellement PU 5000 RX durcissant rapide, stable en couleur, sans solvant, antid\u00e9rapant | KLB sols \u2714\ufe0fparkings, garages, etc. int\u00e9rierur\/ext\u00e9rieur","breadcrumb":{"@id":"https:\/\/dev.klb-koetztal.de\/fr\/produkt\/klb-system-polyurethan-pu-5000-rx\/#breadcrumb"},"inLanguage":"fr-FR","potentialAction":[{"@type":"ReadAction","target":["https:\/\/dev.klb-koetztal.de\/fr\/produkt\/klb-system-polyurethan-pu-5000-rx\/"]}]},{"@type":"ImageObject","inLanguage":"fr-FR","@id":"https:\/\/dev.klb-koetztal.de\/fr\/produkt\/klb-system-polyurethan-pu-5000-rx\/#primaryimage","url":"https:\/\/dev.klb-koetztal.de\/app\/uploads\/2022\/03\/PU5000_RX.jpg","contentUrl":"https:\/\/dev.klb-koetztal.de\/app\/uploads\/2022\/03\/PU5000_RX.jpg","width":500,"height":500},{"@type":"BreadcrumbList","@id":"https:\/\/dev.klb-koetztal.de\/fr\/produkt\/klb-system-polyurethan-pu-5000-rx\/#breadcrumb","itemListElement":[{"@type":"ListItem","position":1,"name":"Startseite","item":"https:\/\/dev.klb-koetztal.de\/fr\/"},{"@type":"ListItem","position":2,"name":"KLB-SYSTEM POLYURETHAN PU 5000 RX"}]},{"@type":"WebSite","@id":"https:\/\/dev.klb-koetztal.de\/fr\/#website","url":"https:\/\/dev.klb-koetztal.de\/fr\/","name":"KLB K\u00f6tztal","description":"Gute B\u00f6den haben ein System.","potentialAction":[{"@type":"SearchAction","target":{"@type":"EntryPoint","urlTemplate":"https:\/\/dev.klb-koetztal.de\/fr\/?s={search_term_string}"},"query-input":{"@type":"PropertyValueSpecification","valueRequired":true,"valueName":"search_term_string"}}],"inLanguage":"fr-FR"}]}},"_links":{"self":[{"href":"https:\/\/dev.klb-koetztal.de\/fr\/wp-json\/wp\/v2\/product\/50100","targetHints":{"allow":["GET"]}}],"collection":[{"href":"https:\/\/dev.klb-koetztal.de\/fr\/wp-json\/wp\/v2\/product"}],"about":[{"href":"https:\/\/dev.klb-koetztal.de\/fr\/wp-json\/wp\/v2\/types\/product"}],"wp:featuredmedia":[{"embeddable":true,"href":"https:\/\/dev.klb-koetztal.de\/fr\/wp-json\/wp\/v2\/media\/50101"}],"wp:attachment":[{"href":"https:\/\/dev.klb-koetztal.de\/fr\/wp-json\/wp\/v2\/media?parent=50100"}],"wp:term":[{"taxonomy":"product_brand","embeddable":true,"href":"https:\/\/dev.klb-koetztal.de\/fr\/wp-json\/wp\/v2\/product_brand?post=50100"},{"taxonomy":"product_cat","embeddable":true,"href":"https:\/\/dev.klb-koetztal.de\/fr\/wp-json\/wp\/v2\/product_cat?post=50100"},{"taxonomy":"product_tag","embeddable":true,"href":"https:\/\/dev.klb-koetztal.de\/fr\/wp-json\/wp\/v2\/product_tag?post=50100"}],"curies":[{"name":"wp","href":"https:\/\/api.w.org\/{rel}","templated":true}]}}