{"id":50091,"date":"2022-03-14T11:05:56","date_gmt":"2022-03-14T10:05:56","guid":{"rendered":"https:\/\/dev.klb-koetztal.de\/produkt\/klb-system-polyurethan-pu-8350\/"},"modified":"2026-02-25T12:21:59","modified_gmt":"2026-02-25T11:21:59","slug":"klb-system-polyurethan-pu-8350","status":"publish","type":"product","link":"https:\/\/dev.klb-koetztal.de\/fr\/produkt\/klb-system-polyurethan-pu-8350\/","title":{"rendered":"KLB-SYSTEM POLYURETHAN PU 8350"},"content":{"rendered":"","protected":false},"excerpt":{"rendered":"<p>KLB-SYSTEM POLYURETHAN PU 8350 est un liant en polyur\u00e9thane monocomposant solvant\u00e9 et&#160;agissant en profondeur. Il convient \u00e0 l&rsquo;impr\u00e9gnation et&#160;\u00e0 la consolidation de surface&#160;des substrats en b\u00e9ton et en ciment.<\/p>\n","protected":false},"featured_media":50093,"template":"","meta":{"_acf_changed":false},"product_brand":[],"product_cat":[10038,10039],"product_tag":[],"class_list":{"0":"post-50091","1":"product","2":"type-product","3":"status-publish","4":"has-post-thumbnail","6":"product_cat-scellements-impregnations","7":"product_cat-scellements-impregnations_impregnations","9":"first","10":"instock","11":"shipping-taxable","12":"product-type-simple"},"acf":{"product_header":{"module_product_header":{"":null,"prototype_headline":{"headline":"KLB-SYSTEM POLYURETHAN PU 8350","h1":true,"subheadline":"Impr\u00e9gnation en polyur\u00e9thane monocomposante&#160;solvant\u00e9e et&#160;agissant en profondeur pour la protection du b\u00e9ton, particuli\u00e8rement en cas d'attaque acide dans les silos de transport","anchor":"","url":""},"grid_text_slider":false,"grid_text_content":[{"text":"<p class=\"product-short-title\" style=\"text-align: center;\"><strong>Br\u00e8ve description<\/strong><\/p>\n<p>KLB-SYSTEM POLYURETHAN PU 8350 est un liant en polyur\u00e9thane monocomposant solvant\u00e9 et&#160;agissant en profondeur. Il convient \u00e0 l&rsquo;impr\u00e9gnation et&#160;\u00e0 la consolidation de surface&#160;des substrats en b\u00e9ton et en ciment.<\/p>\n","width":"4","background_color_text":"bg-white","border_color":"border-gray-light"},{"text":"<p class=\"product-sicing-title\" style=\"text-align: center;\"><strong>Unit\u00e9s d'emballage<\/strong><\/p>\n<ul>\n<li>PU6899-50 &#8211; Seau 10,00 kg<\/li>\n<\/ul>\n<p><\/p>\n<p>N&rsquo;h\u00e9sitez pas \u00e0 contacter directement pour toute demande concernant des quantit\u00e9s de livraison ou des unit\u00e9s de conditionnement plus importantes.<\/p>\n\n","width":"4","background_color_text":"bg-white","border_color":"border-gray-light"},{"text":"<p class=\"product-attr-title\" style=\"text-align: center;\"><strong>Propri\u00e9t\u00e9s<\/strong><\/p>\n<ul>\n<li>pr\u00eat \u00e0 l&#8217;emploi<\/li>\n<li>longue dur\u00e9e pratique d&rsquo;utilisation<\/li>\n<li>renfor\u00e7ant le sous-sol<\/li>\n<li>bonne r\u00e9sistance \u00e0 l&rsquo;eau et aux produits chimiques<\/li>\n<\/ul>\n","width":"4","background_color_text":"bg-white","border_color":"border-gray-light"}],"background_color":"bg-none","background_color_content":"bg-none"}},"downloads":{"module_download_list":{"inhalt":null,"downloads":[{"download":{"ID":55570,"id":55570,"title":"PU_8350_PI_fr_2023_03","filename":"PU_8350_PI_fr_2023_03.pdf","filesize":268078,"url":"https:\/\/dev.klb-koetztal.de\/app\/uploads\/2023\/03\/PU_8350_PI_fr_2023_03.pdf","link":"https:\/\/dev.klb-koetztal.de\/fr\/?attachment_id=55570","alt":"","author":"7","description":"","caption":"","name":"pu_8350_pi_fr_2023_03-2","status":"inherit","uploaded_to":0,"date":"2023-03-21 12:40:27","modified":"2023-03-21 12:40:27","menu_order":0,"mime_type":"application\/pdf","type":"application","subtype":"pdf","icon":"https:\/\/dev.klb-koetztal.de\/wp\/wp-includes\/images\/media\/document.png"},"filename":"Information produit","protected":false,"doclang":"FR","externalkey":"Produktinformation","docpos":"3"},{"download":{"ID":50095,"id":50095,"title":"Leistungserkl\u00e4rung - Statement of performance","filename":"PU8350_LE_2019-04.pdf","filesize":1055006,"url":"https:\/\/dev.klb-koetztal.de\/app\/uploads\/2022\/03\/PU8350_LE_2019-04.pdf","link":"https:\/\/dev.klb-koetztal.de\/fr\/?attachment_id=50095","alt":"","author":"7","description":"","caption":"","name":"pu8350_le_2019-04","status":"inherit","uploaded_to":0,"date":"2022-03-14 10:05:59","modified":"2026-02-25 11:22:09","menu_order":0,"mime_type":"application\/pdf","type":"application","subtype":"pdf","icon":"https:\/\/dev.klb-koetztal.de\/wp\/wp-includes\/images\/media\/document.png"},"filename":"D\u00e9claration de performance","protected":false,"doclang":"Multi","externalkey":"Leistungserklaerung","docpos":"50"}],"einstellungen":null,"background_color":"bg-none","background_color_content":"bg-none"}},"included_in_systems":{"module_included_in_systems":{"":null,"background_color":"bg-gray-medium","background_color_content":"bg-none"}},"contact":{"module_contact":{"":null,"background_color":"bg-none","background_color_content":"bg-none"}},"ausschreibende":{"module_ausschreibende":{"andern_sie_den_inhalt_unter_universelle_elemente":null,"background_color":"bg-none","background_color_content":"bg-none"}}},"yoast_head":"<!-- This site is optimized with the Yoast SEO plugin v27.0 - https:\/\/yoast.com\/product\/yoast-seo-wordpress\/ -->\n<title>Impr\u00e9gnation PU 8350 solvant\u00e9e, incolore | KLB K\u00f6tztal<\/title>\n<meta name=\"description\" content=\"Impr\u00e9gnation PU 8350 monocomp. durcissant \u00e0 humidit\u00e9, transparente pour prot\u00e9ger b\u00e9ton contre l&#039;acide, p.ex. silage | KLB rev\u00eatements \u2714\ufe0fpour b\u00e9ton\/ciment\" \/>\n<meta name=\"robots\" content=\"noindex, follow, max-snippet:-1, max-image-preview:large, max-video-preview:-1\" \/>\n<meta property=\"og:locale\" content=\"fr_FR\" \/>\n<meta property=\"og:type\" content=\"article\" \/>\n<meta property=\"og:title\" content=\"Impr\u00e9gnation PU 8350 solvant\u00e9e, incolore | KLB K\u00f6tztal\" \/>\n<meta property=\"og:description\" content=\"Impr\u00e9gnation PU 8350 monocomp. durcissant \u00e0 humidit\u00e9, transparente pour prot\u00e9ger b\u00e9ton contre l&#039;acide, p.ex. silage | KLB rev\u00eatements \u2714\ufe0fpour b\u00e9ton\/ciment\" \/>\n<meta property=\"og:url\" content=\"https:\/\/dev.klb-koetztal.de\/fr\/produkt\/klb-system-polyurethan-pu-8350\/\" \/>\n<meta property=\"og:site_name\" content=\"KLB K\u00f6tztal\" \/>\n<meta property=\"article:publisher\" content=\"https:\/\/www.facebook.com\/klbkoetztal\" \/>\n<meta property=\"article:modified_time\" content=\"2026-02-25T11:21:59+00:00\" \/>\n<meta property=\"og:image\" content=\"https:\/\/dev.klb-koetztal.de\/app\/uploads\/2022\/03\/PU8350.jpg\" \/>\n\t<meta property=\"og:image:width\" content=\"500\" \/>\n\t<meta property=\"og:image:height\" content=\"500\" \/>\n\t<meta property=\"og:image:type\" content=\"image\/jpeg\" \/>\n<meta name=\"twitter:card\" content=\"summary_large_image\" \/>\n<script type=\"application\/ld+json\" class=\"yoast-schema-graph\">{\"@context\":\"https:\/\/schema.org\",\"@graph\":[{\"@type\":\"WebPage\",\"@id\":\"https:\/\/dev.klb-koetztal.de\/fr\/produkt\/klb-system-polyurethan-pu-8350\/\",\"url\":\"https:\/\/dev.klb-koetztal.de\/fr\/produkt\/klb-system-polyurethan-pu-8350\/\",\"name\":\"Impr\u00e9gnation PU 8350 solvant\u00e9e, incolore | KLB K\u00f6tztal\",\"isPartOf\":{\"@id\":\"https:\/\/dev.klb-koetztal.de\/fr\/#website\"},\"primaryImageOfPage\":{\"@id\":\"https:\/\/dev.klb-koetztal.de\/fr\/produkt\/klb-system-polyurethan-pu-8350\/#primaryimage\"},\"image\":{\"@id\":\"https:\/\/dev.klb-koetztal.de\/fr\/produkt\/klb-system-polyurethan-pu-8350\/#primaryimage\"},\"thumbnailUrl\":\"https:\/\/dev.klb-koetztal.de\/app\/uploads\/2022\/03\/PU8350.jpg\",\"datePublished\":\"2022-03-14T10:05:56+00:00\",\"dateModified\":\"2026-02-25T11:21:59+00:00\",\"description\":\"Impr\u00e9gnation PU 8350 monocomp. durcissant \u00e0 humidit\u00e9, transparente pour prot\u00e9ger b\u00e9ton contre l'acide, p.ex. silage | KLB rev\u00eatements \u2714\ufe0fpour b\u00e9ton\/ciment\",\"breadcrumb\":{\"@id\":\"https:\/\/dev.klb-koetztal.de\/fr\/produkt\/klb-system-polyurethan-pu-8350\/#breadcrumb\"},\"inLanguage\":\"fr-FR\",\"potentialAction\":[{\"@type\":\"ReadAction\",\"target\":[\"https:\/\/dev.klb-koetztal.de\/fr\/produkt\/klb-system-polyurethan-pu-8350\/\"]}]},{\"@type\":\"ImageObject\",\"inLanguage\":\"fr-FR\",\"@id\":\"https:\/\/dev.klb-koetztal.de\/fr\/produkt\/klb-system-polyurethan-pu-8350\/#primaryimage\",\"url\":\"https:\/\/dev.klb-koetztal.de\/app\/uploads\/2022\/03\/PU8350.jpg\",\"contentUrl\":\"https:\/\/dev.klb-koetztal.de\/app\/uploads\/2022\/03\/PU8350.jpg\",\"width\":500,\"height\":500},{\"@type\":\"BreadcrumbList\",\"@id\":\"https:\/\/dev.klb-koetztal.de\/fr\/produkt\/klb-system-polyurethan-pu-8350\/#breadcrumb\",\"itemListElement\":[{\"@type\":\"ListItem\",\"position\":1,\"name\":\"Startseite\",\"item\":\"https:\/\/dev.klb-koetztal.de\/fr\/\"},{\"@type\":\"ListItem\",\"position\":2,\"name\":\"KLB-SYSTEM POLYURETHAN PU 8350\"}]},{\"@type\":\"WebSite\",\"@id\":\"https:\/\/dev.klb-koetztal.de\/fr\/#website\",\"url\":\"https:\/\/dev.klb-koetztal.de\/fr\/\",\"name\":\"KLB K\u00f6tztal\",\"description\":\"Gute B\u00f6den haben ein System.\",\"potentialAction\":[{\"@type\":\"SearchAction\",\"target\":{\"@type\":\"EntryPoint\",\"urlTemplate\":\"https:\/\/dev.klb-koetztal.de\/fr\/?s={search_term_string}\"},\"query-input\":{\"@type\":\"PropertyValueSpecification\",\"valueRequired\":true,\"valueName\":\"search_term_string\"}}],\"inLanguage\":\"fr-FR\"}]}<\/script>\n<!-- \/ Yoast SEO plugin. -->","yoast_head_json":{"title":"Impr\u00e9gnation PU 8350 solvant\u00e9e, incolore | KLB K\u00f6tztal","description":"Impr\u00e9gnation PU 8350 monocomp. durcissant \u00e0 humidit\u00e9, transparente pour prot\u00e9ger b\u00e9ton contre l'acide, p.ex. silage | KLB rev\u00eatements \u2714\ufe0fpour b\u00e9ton\/ciment","robots":{"index":"noindex","follow":"follow","max-snippet":"max-snippet:-1","max-image-preview":"max-image-preview:large","max-video-preview":"max-video-preview:-1"},"og_locale":"fr_FR","og_type":"article","og_title":"Impr\u00e9gnation PU 8350 solvant\u00e9e, incolore | KLB K\u00f6tztal","og_description":"Impr\u00e9gnation PU 8350 monocomp. durcissant \u00e0 humidit\u00e9, transparente pour prot\u00e9ger b\u00e9ton contre l'acide, p.ex. silage | KLB rev\u00eatements \u2714\ufe0fpour b\u00e9ton\/ciment","og_url":"https:\/\/dev.klb-koetztal.de\/fr\/produkt\/klb-system-polyurethan-pu-8350\/","og_site_name":"KLB K\u00f6tztal","article_publisher":"https:\/\/www.facebook.com\/klbkoetztal","article_modified_time":"2026-02-25T11:21:59+00:00","og_image":[{"width":500,"height":500,"url":"https:\/\/dev.klb-koetztal.de\/app\/uploads\/2022\/03\/PU8350.jpg","type":"image\/jpeg"}],"twitter_card":"summary_large_image","schema":{"@context":"https:\/\/schema.org","@graph":[{"@type":"WebPage","@id":"https:\/\/dev.klb-koetztal.de\/fr\/produkt\/klb-system-polyurethan-pu-8350\/","url":"https:\/\/dev.klb-koetztal.de\/fr\/produkt\/klb-system-polyurethan-pu-8350\/","name":"Impr\u00e9gnation PU 8350 solvant\u00e9e, incolore | KLB K\u00f6tztal","isPartOf":{"@id":"https:\/\/dev.klb-koetztal.de\/fr\/#website"},"primaryImageOfPage":{"@id":"https:\/\/dev.klb-koetztal.de\/fr\/produkt\/klb-system-polyurethan-pu-8350\/#primaryimage"},"image":{"@id":"https:\/\/dev.klb-koetztal.de\/fr\/produkt\/klb-system-polyurethan-pu-8350\/#primaryimage"},"thumbnailUrl":"https:\/\/dev.klb-koetztal.de\/app\/uploads\/2022\/03\/PU8350.jpg","datePublished":"2022-03-14T10:05:56+00:00","dateModified":"2026-02-25T11:21:59+00:00","description":"Impr\u00e9gnation PU 8350 monocomp. durcissant \u00e0 humidit\u00e9, transparente pour prot\u00e9ger b\u00e9ton contre l'acide, p.ex. silage | KLB rev\u00eatements \u2714\ufe0fpour b\u00e9ton\/ciment","breadcrumb":{"@id":"https:\/\/dev.klb-koetztal.de\/fr\/produkt\/klb-system-polyurethan-pu-8350\/#breadcrumb"},"inLanguage":"fr-FR","potentialAction":[{"@type":"ReadAction","target":["https:\/\/dev.klb-koetztal.de\/fr\/produkt\/klb-system-polyurethan-pu-8350\/"]}]},{"@type":"ImageObject","inLanguage":"fr-FR","@id":"https:\/\/dev.klb-koetztal.de\/fr\/produkt\/klb-system-polyurethan-pu-8350\/#primaryimage","url":"https:\/\/dev.klb-koetztal.de\/app\/uploads\/2022\/03\/PU8350.jpg","contentUrl":"https:\/\/dev.klb-koetztal.de\/app\/uploads\/2022\/03\/PU8350.jpg","width":500,"height":500},{"@type":"BreadcrumbList","@id":"https:\/\/dev.klb-koetztal.de\/fr\/produkt\/klb-system-polyurethan-pu-8350\/#breadcrumb","itemListElement":[{"@type":"ListItem","position":1,"name":"Startseite","item":"https:\/\/dev.klb-koetztal.de\/fr\/"},{"@type":"ListItem","position":2,"name":"KLB-SYSTEM POLYURETHAN PU 8350"}]},{"@type":"WebSite","@id":"https:\/\/dev.klb-koetztal.de\/fr\/#website","url":"https:\/\/dev.klb-koetztal.de\/fr\/","name":"KLB K\u00f6tztal","description":"Gute B\u00f6den haben ein System.","potentialAction":[{"@type":"SearchAction","target":{"@type":"EntryPoint","urlTemplate":"https:\/\/dev.klb-koetztal.de\/fr\/?s={search_term_string}"},"query-input":{"@type":"PropertyValueSpecification","valueRequired":true,"valueName":"search_term_string"}}],"inLanguage":"fr-FR"}]}},"_links":{"self":[{"href":"https:\/\/dev.klb-koetztal.de\/fr\/wp-json\/wp\/v2\/product\/50091","targetHints":{"allow":["GET"]}}],"collection":[{"href":"https:\/\/dev.klb-koetztal.de\/fr\/wp-json\/wp\/v2\/product"}],"about":[{"href":"https:\/\/dev.klb-koetztal.de\/fr\/wp-json\/wp\/v2\/types\/product"}],"wp:featuredmedia":[{"embeddable":true,"href":"https:\/\/dev.klb-koetztal.de\/fr\/wp-json\/wp\/v2\/media\/50093"}],"wp:attachment":[{"href":"https:\/\/dev.klb-koetztal.de\/fr\/wp-json\/wp\/v2\/media?parent=50091"}],"wp:term":[{"taxonomy":"product_brand","embeddable":true,"href":"https:\/\/dev.klb-koetztal.de\/fr\/wp-json\/wp\/v2\/product_brand?post=50091"},{"taxonomy":"product_cat","embeddable":true,"href":"https:\/\/dev.klb-koetztal.de\/fr\/wp-json\/wp\/v2\/product_cat?post=50091"},{"taxonomy":"product_tag","embeddable":true,"href":"https:\/\/dev.klb-koetztal.de\/fr\/wp-json\/wp\/v2\/product_tag?post=50091"}],"curies":[{"name":"wp","href":"https:\/\/api.w.org\/{rel}","templated":true}]}}