{"id":50048,"date":"2022-03-14T11:05:10","date_gmt":"2022-03-14T10:05:10","guid":{"rendered":"https:\/\/dev.klb-koetztal.de\/produkt\/klb-system-epoxid-ep-705-e\/"},"modified":"2026-03-16T14:18:39","modified_gmt":"2026-03-16T13:18:39","slug":"klb-system-epoxid-ep-705-e","status":"publish","type":"product","link":"https:\/\/dev.klb-koetztal.de\/fr\/produkt\/klb-system-epoxid-ep-705-e\/","title":{"rendered":"KLB-SYSTEM EPOXID EP 705 E"},"content":{"rendered":"","protected":false},"excerpt":{"rendered":"<p>Scellant \u00e0 l&rsquo;\u00e9mulsion en r\u00e9sine \u00e9poxy \u00e0 2 composants, incolore, \u00e0 faible \u00e9mission et \u00e0 base d&rsquo;eau&#160;pour le scellement mat sur les rev\u00eatements en r\u00e9sine \u00e9poxy.&#160;<br \/>\nConvient aux rev\u00eatements conformes aux certifications&#160;Eurofins \u00ab Indoor Air Comfort&#160;\u00bb&#160;et \u00ab Gold \u00bb. Certifi\u00e9 selon l&rsquo;AgBB pour les pi\u00e8ces de s\u00e9jour.<\/p>\n","protected":false},"featured_media":50050,"template":"","meta":{"_acf_changed":false},"product_brand":[],"product_cat":[10042,10057,10038,10104],"product_tag":[],"class_list":{"0":"post-50048","1":"product","2":"type-product","3":"status-publish","4":"has-post-thumbnail","6":"product_cat-revetements","7":"product_cat-revetements_revetements-et-scellements-permeables-a-la-diffusion-de-vapeur","8":"product_cat-scellements-impregnations","9":"product_cat-scellements-impregnations_scellements-en-resine-epoxyde-a-2-composants-emulsionnes-a-leau-et-permeables-a-la-diffusion-de-vapeur","11":"first","12":"instock","13":"shipping-taxable","14":"product-type-simple"},"acf":{"product_header":{"module_product_header":{"":null,"prototype_headline":{"headline":"KLB-SYSTEM EPOXID EP 705 E","h1":true,"subheadline":"Scellement \u00e0 l'\u00e9mulsion en r\u00e9sine \u00e9poxy \u00e0 2 composants, incolore pour les surfaces mates.&#160;Class\u00e9 \u00e0 faible \u00e9mission selon l'AgBB","anchor":"","url":""},"grid_text_slider":false,"grid_text_content":[{"text":"<p class=\"product-short-title\" style=\"text-align: center;\"><strong>Br\u00e8ve description<\/strong><\/p>\n<p>Scellant \u00e0 l&rsquo;\u00e9mulsion en r\u00e9sine \u00e9poxy \u00e0 2 composants, incolore, \u00e0 faible \u00e9mission et \u00e0 base d&rsquo;eau&#160;pour le scellement mat sur les rev\u00eatements en r\u00e9sine \u00e9poxy.&#160;<\/p>\n<p>Convient aux rev\u00eatements conformes aux certifications&#160;Eurofins \u00ab Indoor Air Comfort&#160;\u00bb&#160;et \u00ab Gold \u00bb. Certifi\u00e9 selon l&rsquo;AgBB pour les pi\u00e8ces de s\u00e9jour.<\/p>\n","width":"4","background_color_text":"bg-white","border_color":"border-gray-light"},{"text":"<p class=\"product-sicing-title\" style=\"text-align: center;\"><strong>Unit\u00e9s d'emballage<\/strong><\/p>\n<ul>\n<li>AK2777-70 &#8211; Combinaison Seau 5,00 kg<\/li>\n<li>AK2777-50 &#8211; Combinaison Seau 10,00 kg<\/li>\n<li>AK2777-30 &#8211; Combinaison Hobbock 25,00 kg<\/li>\n<\/ul>\n<p><\/p>\n<p>N&rsquo;h\u00e9sitez pas \u00e0 contacter directement pour toute demande concernant des quantit\u00e9s de livraison ou des unit\u00e9s de conditionnement plus importantes.<\/p>\n\n","width":"4","background_color_text":"bg-white","border_color":"border-gray-light"},{"text":"<p class=\"product-attr-title\" style=\"text-align: center;\"><strong>Propri\u00e9t\u00e9s<\/strong><\/p>\n<ul>\n<li>qualit\u00e9 contr\u00f4l\u00e9e, \u00e0 faible \u00e9mission<\/li>\n<li>certifi\u00e9 selon EMICODE\u00ae  EC 1PLUS<\/li>\n<li>total Solid selon GISCODE<\/li>\n<li>respectueux de l&rsquo;environnement<\/li>\n<li>inodore<\/li>\n<li>tr\u00e8s \u00e9conomique<\/li>\n<li>surface homog\u00e8ne<\/li>\n<li>utilisation simple<\/li>\n<li>surface d\u00e9corative et attrayante<\/li>\n<li>mat<\/li>\n<\/ul>\n","width":"4","background_color_text":"bg-white","border_color":"border-gray-light"}],"background_color":"bg-none","background_color_content":"bg-none"}},"downloads":{"module_download_list":{"inhalt":null,"downloads":[{"download":{"ID":63181,"id":63181,"title":"EP_705_E_PI_fr_2024_09","filename":"EP_705_E_PI_fr_2024_09.pdf","filesize":1082646,"url":"https:\/\/dev.klb-koetztal.de\/app\/uploads\/2024\/09\/EP_705_E_PI_fr_2024_09.pdf","link":"https:\/\/dev.klb-koetztal.de\/fr\/?attachment_id=63181","alt":"","author":"7","description":"","caption":"","name":"ep_705_e_pi_fr_2024_09-2","status":"inherit","uploaded_to":0,"date":"2024-09-17 08:40:25","modified":"2024-09-17 08:40:25","menu_order":0,"mime_type":"application\/pdf","type":"application","subtype":"pdf","icon":"https:\/\/dev.klb-koetztal.de\/wp\/wp-includes\/images\/media\/document.png"},"filename":"Information produit","protected":false,"doclang":"FR","externalkey":"Produktinformation","docpos":"3"},{"download":{"ID":50039,"id":50039,"title":"Leistungserkl\u00e4rung - Statement of performance","filename":"EP705_E_LE_2013-04.pdf","filesize":170412,"url":"https:\/\/dev.klb-koetztal.de\/app\/uploads\/2022\/03\/EP705_E_LE_2013-04.pdf","link":"https:\/\/dev.klb-koetztal.de\/fr\/?attachment_id=50039","alt":"","author":"7","description":"","caption":"","name":"ep705_e_le_2013-04","status":"inherit","uploaded_to":0,"date":"2022-03-14 10:04:59","modified":"2026-03-16 13:18:46","menu_order":0,"mime_type":"application\/pdf","type":"application","subtype":"pdf","icon":"https:\/\/dev.klb-koetztal.de\/wp\/wp-includes\/images\/media\/document.png"},"filename":"D\u00e9claration de performance","protected":false,"doclang":"Multi","externalkey":"Leistungserklaerung","docpos":"50"},{"download":{"ID":52017,"id":52017,"title":"EP705_E_Umwelt-Deklaration_2022-08","filename":"EP705_E_Umwelt-Deklaration_2022-08.pdf","filesize":2342993,"url":"https:\/\/dev.klb-koetztal.de\/app\/uploads\/2022\/09\/EP705_E_Umwelt-Deklaration_2022-08.pdf","link":"https:\/\/dev.klb-koetztal.de\/fr\/?attachment_id=52017","alt":"","author":"7","description":"","caption":"","name":"ep705_e_umwelt-deklaration_2022-08-2","status":"inherit","uploaded_to":0,"date":"2022-09-01 09:51:05","modified":"2022-09-01 09:51:05","menu_order":0,"mime_type":"application\/pdf","type":"application","subtype":"pdf","icon":"https:\/\/dev.klb-koetztal.de\/wp\/wp-includes\/images\/media\/document.png"},"filename":"D\u00e9clarations de produit environnemental (EPD)","protected":false,"doclang":"Multi","externalkey":"Umweltproduktdeklaration","docpos":"50"},{"download":false,"filename":"Fiche de donn\u00e9es de s\u00e9curit\u00e9","protected":true,"doclang":"FR","externalkey":"Sicherheitsdatenblatt","docpos":"3"}],"einstellungen":null,"background_color":"bg-none","background_color_content":"bg-none"}},"included_in_systems":{"module_included_in_systems":{"":null,"background_color":"bg-gray-medium","background_color_content":"bg-none"}},"contact":{"module_contact":{"":null,"background_color":"bg-none","background_color_content":"bg-none"}},"ausschreibende":{"module_ausschreibende":{"andern_sie_den_inhalt_unter_universelle_elemente":null,"background_color":"bg-none","background_color_content":"bg-none"}}},"yoast_head":"<!-- This site is optimized with the Yoast SEO plugin v27.0 - https:\/\/yoast.com\/product\/yoast-seo-wordpress\/ -->\n<title>Scellement mat EP 705 E incolore, faible en COV | KLB K\u00f6tztal<\/title>\n<meta name=\"description\" content=\"Scellement \u00e9mulsion r\u00e9sine \u00e9poxy bicomp. incolore, \u00e0 faible \u00e9mission, mat, chimi-r\u00e9sistant EP 705 E | KLB sols \u2714\ufe0f DIBt\u00ae, AgBB conforme, Eurofins\" \/>\n<meta name=\"robots\" content=\"noindex, follow, max-snippet:-1, max-image-preview:large, max-video-preview:-1\" \/>\n<meta property=\"og:locale\" content=\"fr_FR\" \/>\n<meta property=\"og:type\" content=\"article\" \/>\n<meta property=\"og:title\" content=\"Scellement mat EP 705 E incolore, faible en COV | KLB K\u00f6tztal\" \/>\n<meta property=\"og:description\" content=\"Scellement \u00e9mulsion r\u00e9sine \u00e9poxy bicomp. incolore, \u00e0 faible \u00e9mission, mat, chimi-r\u00e9sistant EP 705 E | KLB sols \u2714\ufe0f DIBt\u00ae, AgBB conforme, Eurofins\" \/>\n<meta property=\"og:url\" content=\"https:\/\/dev.klb-koetztal.de\/fr\/produkt\/klb-system-epoxid-ep-705-e\/\" \/>\n<meta property=\"og:site_name\" content=\"KLB K\u00f6tztal\" \/>\n<meta property=\"article:publisher\" content=\"https:\/\/www.facebook.com\/klbkoetztal\" \/>\n<meta property=\"article:modified_time\" content=\"2026-03-16T13:18:39+00:00\" \/>\n<meta property=\"og:image\" content=\"https:\/\/dev.klb-koetztal.de\/app\/uploads\/2022\/03\/EP705_E.jpg\" \/>\n\t<meta property=\"og:image:width\" content=\"500\" \/>\n\t<meta property=\"og:image:height\" content=\"500\" \/>\n\t<meta property=\"og:image:type\" content=\"image\/jpeg\" \/>\n<meta name=\"twitter:card\" content=\"summary_large_image\" \/>\n<script type=\"application\/ld+json\" class=\"yoast-schema-graph\">{\"@context\":\"https:\/\/schema.org\",\"@graph\":[{\"@type\":\"WebPage\",\"@id\":\"https:\/\/dev.klb-koetztal.de\/fr\/produkt\/klb-system-epoxid-ep-705-e\/\",\"url\":\"https:\/\/dev.klb-koetztal.de\/fr\/produkt\/klb-system-epoxid-ep-705-e\/\",\"name\":\"Scellement mat EP 705 E incolore, faible en COV | KLB K\u00f6tztal\",\"isPartOf\":{\"@id\":\"https:\/\/dev.klb-koetztal.de\/fr\/#website\"},\"primaryImageOfPage\":{\"@id\":\"https:\/\/dev.klb-koetztal.de\/fr\/produkt\/klb-system-epoxid-ep-705-e\/#primaryimage\"},\"image\":{\"@id\":\"https:\/\/dev.klb-koetztal.de\/fr\/produkt\/klb-system-epoxid-ep-705-e\/#primaryimage\"},\"thumbnailUrl\":\"https:\/\/dev.klb-koetztal.de\/app\/uploads\/2022\/03\/EP705_E.jpg\",\"datePublished\":\"2022-03-14T10:05:10+00:00\",\"dateModified\":\"2026-03-16T13:18:39+00:00\",\"description\":\"Scellement \u00e9mulsion r\u00e9sine \u00e9poxy bicomp. incolore, \u00e0 faible \u00e9mission, mat, chimi-r\u00e9sistant EP 705 E | KLB sols \u2714\ufe0f DIBt\u00ae, AgBB conforme, Eurofins\",\"breadcrumb\":{\"@id\":\"https:\/\/dev.klb-koetztal.de\/fr\/produkt\/klb-system-epoxid-ep-705-e\/#breadcrumb\"},\"inLanguage\":\"fr-FR\",\"potentialAction\":[{\"@type\":\"ReadAction\",\"target\":[\"https:\/\/dev.klb-koetztal.de\/fr\/produkt\/klb-system-epoxid-ep-705-e\/\"]}]},{\"@type\":\"ImageObject\",\"inLanguage\":\"fr-FR\",\"@id\":\"https:\/\/dev.klb-koetztal.de\/fr\/produkt\/klb-system-epoxid-ep-705-e\/#primaryimage\",\"url\":\"https:\/\/dev.klb-koetztal.de\/app\/uploads\/2022\/03\/EP705_E.jpg\",\"contentUrl\":\"https:\/\/dev.klb-koetztal.de\/app\/uploads\/2022\/03\/EP705_E.jpg\",\"width\":500,\"height\":500},{\"@type\":\"BreadcrumbList\",\"@id\":\"https:\/\/dev.klb-koetztal.de\/fr\/produkt\/klb-system-epoxid-ep-705-e\/#breadcrumb\",\"itemListElement\":[{\"@type\":\"ListItem\",\"position\":1,\"name\":\"Startseite\",\"item\":\"https:\/\/dev.klb-koetztal.de\/fr\/\"},{\"@type\":\"ListItem\",\"position\":2,\"name\":\"KLB-SYSTEM EPOXID EP 705 E\"}]},{\"@type\":\"WebSite\",\"@id\":\"https:\/\/dev.klb-koetztal.de\/fr\/#website\",\"url\":\"https:\/\/dev.klb-koetztal.de\/fr\/\",\"name\":\"KLB K\u00f6tztal\",\"description\":\"Gute B\u00f6den haben ein System.\",\"potentialAction\":[{\"@type\":\"SearchAction\",\"target\":{\"@type\":\"EntryPoint\",\"urlTemplate\":\"https:\/\/dev.klb-koetztal.de\/fr\/?s={search_term_string}\"},\"query-input\":{\"@type\":\"PropertyValueSpecification\",\"valueRequired\":true,\"valueName\":\"search_term_string\"}}],\"inLanguage\":\"fr-FR\"}]}<\/script>\n<!-- \/ Yoast SEO plugin. -->","yoast_head_json":{"title":"Scellement mat EP 705 E incolore, faible en COV | KLB K\u00f6tztal","description":"Scellement \u00e9mulsion r\u00e9sine \u00e9poxy bicomp. incolore, \u00e0 faible \u00e9mission, mat, chimi-r\u00e9sistant EP 705 E | KLB sols \u2714\ufe0f DIBt\u00ae, AgBB conforme, Eurofins","robots":{"index":"noindex","follow":"follow","max-snippet":"max-snippet:-1","max-image-preview":"max-image-preview:large","max-video-preview":"max-video-preview:-1"},"og_locale":"fr_FR","og_type":"article","og_title":"Scellement mat EP 705 E incolore, faible en COV | KLB K\u00f6tztal","og_description":"Scellement \u00e9mulsion r\u00e9sine \u00e9poxy bicomp. incolore, \u00e0 faible \u00e9mission, mat, chimi-r\u00e9sistant EP 705 E | KLB sols \u2714\ufe0f DIBt\u00ae, AgBB conforme, Eurofins","og_url":"https:\/\/dev.klb-koetztal.de\/fr\/produkt\/klb-system-epoxid-ep-705-e\/","og_site_name":"KLB K\u00f6tztal","article_publisher":"https:\/\/www.facebook.com\/klbkoetztal","article_modified_time":"2026-03-16T13:18:39+00:00","og_image":[{"width":500,"height":500,"url":"https:\/\/dev.klb-koetztal.de\/app\/uploads\/2022\/03\/EP705_E.jpg","type":"image\/jpeg"}],"twitter_card":"summary_large_image","schema":{"@context":"https:\/\/schema.org","@graph":[{"@type":"WebPage","@id":"https:\/\/dev.klb-koetztal.de\/fr\/produkt\/klb-system-epoxid-ep-705-e\/","url":"https:\/\/dev.klb-koetztal.de\/fr\/produkt\/klb-system-epoxid-ep-705-e\/","name":"Scellement mat EP 705 E incolore, faible en COV | KLB K\u00f6tztal","isPartOf":{"@id":"https:\/\/dev.klb-koetztal.de\/fr\/#website"},"primaryImageOfPage":{"@id":"https:\/\/dev.klb-koetztal.de\/fr\/produkt\/klb-system-epoxid-ep-705-e\/#primaryimage"},"image":{"@id":"https:\/\/dev.klb-koetztal.de\/fr\/produkt\/klb-system-epoxid-ep-705-e\/#primaryimage"},"thumbnailUrl":"https:\/\/dev.klb-koetztal.de\/app\/uploads\/2022\/03\/EP705_E.jpg","datePublished":"2022-03-14T10:05:10+00:00","dateModified":"2026-03-16T13:18:39+00:00","description":"Scellement \u00e9mulsion r\u00e9sine \u00e9poxy bicomp. incolore, \u00e0 faible \u00e9mission, mat, chimi-r\u00e9sistant EP 705 E | KLB sols \u2714\ufe0f DIBt\u00ae, AgBB conforme, Eurofins","breadcrumb":{"@id":"https:\/\/dev.klb-koetztal.de\/fr\/produkt\/klb-system-epoxid-ep-705-e\/#breadcrumb"},"inLanguage":"fr-FR","potentialAction":[{"@type":"ReadAction","target":["https:\/\/dev.klb-koetztal.de\/fr\/produkt\/klb-system-epoxid-ep-705-e\/"]}]},{"@type":"ImageObject","inLanguage":"fr-FR","@id":"https:\/\/dev.klb-koetztal.de\/fr\/produkt\/klb-system-epoxid-ep-705-e\/#primaryimage","url":"https:\/\/dev.klb-koetztal.de\/app\/uploads\/2022\/03\/EP705_E.jpg","contentUrl":"https:\/\/dev.klb-koetztal.de\/app\/uploads\/2022\/03\/EP705_E.jpg","width":500,"height":500},{"@type":"BreadcrumbList","@id":"https:\/\/dev.klb-koetztal.de\/fr\/produkt\/klb-system-epoxid-ep-705-e\/#breadcrumb","itemListElement":[{"@type":"ListItem","position":1,"name":"Startseite","item":"https:\/\/dev.klb-koetztal.de\/fr\/"},{"@type":"ListItem","position":2,"name":"KLB-SYSTEM EPOXID EP 705 E"}]},{"@type":"WebSite","@id":"https:\/\/dev.klb-koetztal.de\/fr\/#website","url":"https:\/\/dev.klb-koetztal.de\/fr\/","name":"KLB K\u00f6tztal","description":"Gute B\u00f6den haben ein System.","potentialAction":[{"@type":"SearchAction","target":{"@type":"EntryPoint","urlTemplate":"https:\/\/dev.klb-koetztal.de\/fr\/?s={search_term_string}"},"query-input":{"@type":"PropertyValueSpecification","valueRequired":true,"valueName":"search_term_string"}}],"inLanguage":"fr-FR"}]}},"_links":{"self":[{"href":"https:\/\/dev.klb-koetztal.de\/fr\/wp-json\/wp\/v2\/product\/50048","targetHints":{"allow":["GET"]}}],"collection":[{"href":"https:\/\/dev.klb-koetztal.de\/fr\/wp-json\/wp\/v2\/product"}],"about":[{"href":"https:\/\/dev.klb-koetztal.de\/fr\/wp-json\/wp\/v2\/types\/product"}],"wp:featuredmedia":[{"embeddable":true,"href":"https:\/\/dev.klb-koetztal.de\/fr\/wp-json\/wp\/v2\/media\/50050"}],"wp:attachment":[{"href":"https:\/\/dev.klb-koetztal.de\/fr\/wp-json\/wp\/v2\/media?parent=50048"}],"wp:term":[{"taxonomy":"product_brand","embeddable":true,"href":"https:\/\/dev.klb-koetztal.de\/fr\/wp-json\/wp\/v2\/product_brand?post=50048"},{"taxonomy":"product_cat","embeddable":true,"href":"https:\/\/dev.klb-koetztal.de\/fr\/wp-json\/wp\/v2\/product_cat?post=50048"},{"taxonomy":"product_tag","embeddable":true,"href":"https:\/\/dev.klb-koetztal.de\/fr\/wp-json\/wp\/v2\/product_tag?post=50048"}],"curies":[{"name":"wp","href":"https:\/\/api.w.org\/{rel}","templated":true}]}}