{"id":50011,"date":"2022-03-14T11:04:28","date_gmt":"2022-03-14T10:04:28","guid":{"rendered":"https:\/\/dev.klb-koetztal.de\/produkt\/klb-system-epoxid-ep-296-rapid\/"},"modified":"2026-02-25T12:13:00","modified_gmt":"2026-02-25T11:13:00","slug":"klb-system-epoxid-ep-296-rapid","status":"publish","type":"product","link":"https:\/\/dev.klb-koetztal.de\/fr\/produkt\/klb-system-epoxid-ep-296-rapid\/","title":{"rendered":"KLB-SYSTEM EPOXID EP 296 RAPID"},"content":{"rendered":"","protected":false},"excerpt":{"rendered":"<p>Finition en r\u00e9sine \u00e9poxy&#160;bicomposante, sans solvants, \u00e0 durcissement rapide et pigment\u00e9e pour le scellement final sur les rev\u00eatements antid\u00e9rapants et saupoudr\u00e9s de sable.&#160;<br \/>\nAccessible apr\u00e8s 5 \u00e0 6 heures \u00e0 20 \u00b0C.<\/p>\n","protected":false},"featured_media":50012,"template":"","meta":{"_acf_changed":false},"product_brand":[],"product_cat":[10061,10062],"product_tag":[],"class_list":{"0":"post-50011","1":"product","2":"type-product","3":"status-publish","4":"has-post-thumbnail","6":"product_cat-scellements-de-finition-pour-des-revetements-saupoudres","7":"product_cat-scellements-de-finition-pour-des-revetements-saupoudres_couche-de-scellement-en-resine-epoxyde-a-2-composants","9":"first","10":"instock","11":"shipping-taxable","12":"product-type-simple"},"acf":{"product_header":{"module_product_header":{"":null,"prototype_headline":{"headline":"KLB-SYSTEM EPOXID EP 296 RAPID","h1":true,"subheadline":"Scellement de t\u00eate en r\u00e9sine \u00e9poxy&#160;bicomposante, \u00e0 durcissement rapide,&#160;tr\u00e8s couvrant et pigment\u00e9 pour les rev\u00eatements saupoudr\u00e9s","anchor":"","url":""},"grid_text_slider":false,"grid_text_content":[{"text":"<p class=\"product-short-title\" style=\"text-align: center;\"><strong>Br\u00e8ve description<\/strong><\/p>\n<p>Finition en r\u00e9sine \u00e9poxy&#160;bicomposante, sans solvants, \u00e0 durcissement rapide et pigment\u00e9e pour le scellement final sur les rev\u00eatements antid\u00e9rapants et saupoudr\u00e9s de sable.&#160;<\/p>\n<p>Accessible apr\u00e8s 5 \u00e0 6 heures \u00e0 20 \u00b0C.<\/p>\n","width":"4","background_color_text":"bg-white","border_color":"border-gray-light"},{"text":"<p class=\"product-sicing-title\" style=\"text-align: center;\"><strong>Unit\u00e9s d'emballage<\/strong><\/p>\n<ul>\n<li>AL1266-50 &#8211; Combinaison Seau 12,00 kg<\/li>\n<li>AL1266-30 &#8211; Combinaison Hobbock 30,00 kg<\/li>\n<\/ul>\n<p><\/p>\n<p>N&rsquo;h\u00e9sitez pas \u00e0 contacter directement pour toute demande concernant des quantit\u00e9s de livraison ou des unit\u00e9s de conditionnement plus importantes.<\/p>\n\n","width":"4","background_color_text":"bg-white","border_color":"border-gray-light"},{"text":"<p class=\"product-attr-title\" style=\"text-align: center;\"><strong>Propri\u00e9t\u00e9s<\/strong><\/p>\n<ul>\n<li>Total Solid selon GISCODE (m\u00e9thode d&rsquo;essai de \u00ab Deutsche Bauchemie \u00bb, l&rsquo;association all. pour la chimie de construction)<\/li>\n<li>particuli\u00e8rement pour des rev\u00eatements antid\u00e9rapants<\/li>\n<li>r\u00e9sistant \u00e0 l&rsquo;abrasion et \u00e0 l&rsquo;usure<\/li>\n<li>bonne adh\u00e9rence interm\u00e9diaire<\/li>\n<li>bonne r\u00e9sistance \u00e0 l&rsquo;eau et aux produits chimiques<\/li>\n<li>\u00e0 durcissement rapide<\/li>\n<li>grande opacit\u00e9<\/li>\n<li>surface color\u00e9e<\/li>\n<li>brillant<\/li>\n<li>accessibilit\u00e9 rapide<\/li>\n<\/ul>\n","width":"4","background_color_text":"bg-white","border_color":"border-gray-light"}],"background_color":"bg-none","background_color_content":"bg-none"}},"downloads":{"module_download_list":{"inhalt":null,"downloads":[{"download":{"ID":66993,"id":66993,"title":"EP_296_RAPID_PI_fr_2025_08","filename":"EP_296_RAPID_PI_fr_2025_08.pdf","filesize":1620415,"url":"https:\/\/dev.klb-koetztal.de\/app\/uploads\/2025\/08\/EP_296_RAPID_PI_fr_2025_08.pdf","link":"https:\/\/dev.klb-koetztal.de\/fr\/?attachment_id=66993","alt":"","author":"7","description":"","caption":"","name":"ep_296_rapid_pi_fr_2025_08-2","status":"inherit","uploaded_to":0,"date":"2025-08-11 10:10:17","modified":"2025-08-11 10:10:17","menu_order":0,"mime_type":"application\/pdf","type":"application","subtype":"pdf","icon":"https:\/\/dev.klb-koetztal.de\/wp\/wp-includes\/images\/media\/document.png"},"filename":"Information produit","protected":false,"doclang":"FR","externalkey":"Produktinformation","docpos":"3"},{"download":{"ID":50014,"id":50014,"title":"Leistungserkl\u00e4rung - Statement of performance","filename":"EP296_Rapid_LE_2013-04.pdf","filesize":170813,"url":"https:\/\/dev.klb-koetztal.de\/app\/uploads\/2022\/03\/EP296_Rapid_LE_2013-04.pdf","link":"https:\/\/dev.klb-koetztal.de\/fr\/?attachment_id=50014","alt":"","author":"7","description":"","caption":"","name":"ep296_rapid_le_2013-04","status":"inherit","uploaded_to":0,"date":"2022-03-14 10:04:31","modified":"2026-02-25 11:13:09","menu_order":0,"mime_type":"application\/pdf","type":"application","subtype":"pdf","icon":"https:\/\/dev.klb-koetztal.de\/wp\/wp-includes\/images\/media\/document.png"},"filename":"D\u00e9claration de performance","protected":false,"doclang":"Multi","externalkey":"Leistungserklaerung","docpos":"50"},{"download":{"ID":51999,"id":51999,"title":"EP296_RAPID_Umwelt-Deklaration_2022-08","filename":"EP296_RAPID_Umwelt-Deklaration_2022-08.pdf","filesize":2903267,"url":"https:\/\/dev.klb-koetztal.de\/app\/uploads\/2022\/09\/EP296_RAPID_Umwelt-Deklaration_2022-08.pdf","link":"https:\/\/dev.klb-koetztal.de\/fr\/?attachment_id=51999","alt":"","author":"7","description":"","caption":"","name":"ep296_rapid_umwelt-deklaration_2022-08-2","status":"inherit","uploaded_to":0,"date":"2022-09-01 09:46:00","modified":"2022-09-01 09:46:00","menu_order":0,"mime_type":"application\/pdf","type":"application","subtype":"pdf","icon":"https:\/\/dev.klb-koetztal.de\/wp\/wp-includes\/images\/media\/document.png"},"filename":"D\u00e9clarations de produit environnemental (EPD)","protected":false,"doclang":"Multi","externalkey":"Umweltproduktdeklaration","docpos":"50"},{"download":false,"filename":"Fiche de donn\u00e9es de s\u00e9curit\u00e9","protected":true,"doclang":"FR","externalkey":"Sicherheitsdatenblatt","docpos":"3"}],"einstellungen":null,"background_color":"bg-none","background_color_content":"bg-none"}},"included_in_systems":{"module_included_in_systems":{"":null,"background_color":"bg-gray-medium","background_color_content":"bg-none"}},"contact":{"module_contact":{"":null,"background_color":"bg-none","background_color_content":"bg-none"}},"ausschreibende":{"module_ausschreibende":{"andern_sie_den_inhalt_unter_universelle_elemente":null,"background_color":"bg-none","background_color_content":"bg-none"}}},"yoast_head":"<!-- This site is optimized with the Yoast SEO plugin v27.0 - https:\/\/yoast.com\/product\/yoast-seo-wordpress\/ -->\n<title>Scellement EP 296 RAPID durcit rapidement bicomposant | KLB<\/title>\n<meta name=\"description\" content=\"Scellement de finition EP 296 RAPID \u00e0 durcissement rapide, sans solvant, pigment\u00e9 | KLB rev\u00eatements \u2714\ufe0f comme finition brillante pour rev\u00eatements saupoudr\u00e9s\" \/>\n<meta name=\"robots\" content=\"noindex, follow, max-snippet:-1, max-image-preview:large, max-video-preview:-1\" \/>\n<meta property=\"og:locale\" content=\"fr_FR\" \/>\n<meta property=\"og:type\" content=\"article\" \/>\n<meta property=\"og:title\" content=\"Scellement EP 296 RAPID durcit rapidement bicomposant | KLB\" \/>\n<meta property=\"og:description\" content=\"Scellement de finition EP 296 RAPID \u00e0 durcissement rapide, sans solvant, pigment\u00e9 | KLB rev\u00eatements \u2714\ufe0f comme finition brillante pour rev\u00eatements saupoudr\u00e9s\" \/>\n<meta property=\"og:url\" content=\"https:\/\/dev.klb-koetztal.de\/fr\/produkt\/klb-system-epoxid-ep-296-rapid\/\" \/>\n<meta property=\"og:site_name\" content=\"KLB K\u00f6tztal\" \/>\n<meta property=\"article:publisher\" content=\"https:\/\/www.facebook.com\/klbkoetztal\" \/>\n<meta property=\"article:modified_time\" content=\"2026-02-25T11:13:00+00:00\" \/>\n<meta property=\"og:image\" content=\"https:\/\/dev.klb-koetztal.de\/app\/uploads\/2022\/03\/EP296_Rapid.jpg\" \/>\n\t<meta property=\"og:image:width\" content=\"500\" \/>\n\t<meta property=\"og:image:height\" content=\"500\" \/>\n\t<meta property=\"og:image:type\" content=\"image\/jpeg\" \/>\n<meta name=\"twitter:card\" content=\"summary_large_image\" \/>\n<script type=\"application\/ld+json\" class=\"yoast-schema-graph\">{\"@context\":\"https:\/\/schema.org\",\"@graph\":[{\"@type\":\"WebPage\",\"@id\":\"https:\/\/dev.klb-koetztal.de\/fr\/produkt\/klb-system-epoxid-ep-296-rapid\/\",\"url\":\"https:\/\/dev.klb-koetztal.de\/fr\/produkt\/klb-system-epoxid-ep-296-rapid\/\",\"name\":\"Scellement EP 296 RAPID durcit rapidement bicomposant | KLB\",\"isPartOf\":{\"@id\":\"https:\/\/dev.klb-koetztal.de\/fr\/#website\"},\"primaryImageOfPage\":{\"@id\":\"https:\/\/dev.klb-koetztal.de\/fr\/produkt\/klb-system-epoxid-ep-296-rapid\/#primaryimage\"},\"image\":{\"@id\":\"https:\/\/dev.klb-koetztal.de\/fr\/produkt\/klb-system-epoxid-ep-296-rapid\/#primaryimage\"},\"thumbnailUrl\":\"https:\/\/dev.klb-koetztal.de\/app\/uploads\/2022\/03\/EP296_Rapid.jpg\",\"datePublished\":\"2022-03-14T10:04:28+00:00\",\"dateModified\":\"2026-02-25T11:13:00+00:00\",\"description\":\"Scellement de finition EP 296 RAPID \u00e0 durcissement rapide, sans solvant, pigment\u00e9 | KLB rev\u00eatements \u2714\ufe0f comme finition brillante pour rev\u00eatements saupoudr\u00e9s\",\"breadcrumb\":{\"@id\":\"https:\/\/dev.klb-koetztal.de\/fr\/produkt\/klb-system-epoxid-ep-296-rapid\/#breadcrumb\"},\"inLanguage\":\"fr-FR\",\"potentialAction\":[{\"@type\":\"ReadAction\",\"target\":[\"https:\/\/dev.klb-koetztal.de\/fr\/produkt\/klb-system-epoxid-ep-296-rapid\/\"]}]},{\"@type\":\"ImageObject\",\"inLanguage\":\"fr-FR\",\"@id\":\"https:\/\/dev.klb-koetztal.de\/fr\/produkt\/klb-system-epoxid-ep-296-rapid\/#primaryimage\",\"url\":\"https:\/\/dev.klb-koetztal.de\/app\/uploads\/2022\/03\/EP296_Rapid.jpg\",\"contentUrl\":\"https:\/\/dev.klb-koetztal.de\/app\/uploads\/2022\/03\/EP296_Rapid.jpg\",\"width\":500,\"height\":500},{\"@type\":\"BreadcrumbList\",\"@id\":\"https:\/\/dev.klb-koetztal.de\/fr\/produkt\/klb-system-epoxid-ep-296-rapid\/#breadcrumb\",\"itemListElement\":[{\"@type\":\"ListItem\",\"position\":1,\"name\":\"Startseite\",\"item\":\"https:\/\/dev.klb-koetztal.de\/fr\/\"},{\"@type\":\"ListItem\",\"position\":2,\"name\":\"KLB-SYSTEM EPOXID EP 296 RAPID\"}]},{\"@type\":\"WebSite\",\"@id\":\"https:\/\/dev.klb-koetztal.de\/fr\/#website\",\"url\":\"https:\/\/dev.klb-koetztal.de\/fr\/\",\"name\":\"KLB K\u00f6tztal\",\"description\":\"Gute B\u00f6den haben ein System.\",\"potentialAction\":[{\"@type\":\"SearchAction\",\"target\":{\"@type\":\"EntryPoint\",\"urlTemplate\":\"https:\/\/dev.klb-koetztal.de\/fr\/?s={search_term_string}\"},\"query-input\":{\"@type\":\"PropertyValueSpecification\",\"valueRequired\":true,\"valueName\":\"search_term_string\"}}],\"inLanguage\":\"fr-FR\"}]}<\/script>\n<!-- \/ Yoast SEO plugin. -->","yoast_head_json":{"title":"Scellement EP 296 RAPID durcit rapidement bicomposant | KLB","description":"Scellement de finition EP 296 RAPID \u00e0 durcissement rapide, sans solvant, pigment\u00e9 | KLB rev\u00eatements \u2714\ufe0f comme finition brillante pour rev\u00eatements saupoudr\u00e9s","robots":{"index":"noindex","follow":"follow","max-snippet":"max-snippet:-1","max-image-preview":"max-image-preview:large","max-video-preview":"max-video-preview:-1"},"og_locale":"fr_FR","og_type":"article","og_title":"Scellement EP 296 RAPID durcit rapidement bicomposant | KLB","og_description":"Scellement de finition EP 296 RAPID \u00e0 durcissement rapide, sans solvant, pigment\u00e9 | KLB rev\u00eatements \u2714\ufe0f comme finition brillante pour rev\u00eatements saupoudr\u00e9s","og_url":"https:\/\/dev.klb-koetztal.de\/fr\/produkt\/klb-system-epoxid-ep-296-rapid\/","og_site_name":"KLB K\u00f6tztal","article_publisher":"https:\/\/www.facebook.com\/klbkoetztal","article_modified_time":"2026-02-25T11:13:00+00:00","og_image":[{"width":500,"height":500,"url":"https:\/\/dev.klb-koetztal.de\/app\/uploads\/2022\/03\/EP296_Rapid.jpg","type":"image\/jpeg"}],"twitter_card":"summary_large_image","schema":{"@context":"https:\/\/schema.org","@graph":[{"@type":"WebPage","@id":"https:\/\/dev.klb-koetztal.de\/fr\/produkt\/klb-system-epoxid-ep-296-rapid\/","url":"https:\/\/dev.klb-koetztal.de\/fr\/produkt\/klb-system-epoxid-ep-296-rapid\/","name":"Scellement EP 296 RAPID durcit rapidement bicomposant | KLB","isPartOf":{"@id":"https:\/\/dev.klb-koetztal.de\/fr\/#website"},"primaryImageOfPage":{"@id":"https:\/\/dev.klb-koetztal.de\/fr\/produkt\/klb-system-epoxid-ep-296-rapid\/#primaryimage"},"image":{"@id":"https:\/\/dev.klb-koetztal.de\/fr\/produkt\/klb-system-epoxid-ep-296-rapid\/#primaryimage"},"thumbnailUrl":"https:\/\/dev.klb-koetztal.de\/app\/uploads\/2022\/03\/EP296_Rapid.jpg","datePublished":"2022-03-14T10:04:28+00:00","dateModified":"2026-02-25T11:13:00+00:00","description":"Scellement de finition EP 296 RAPID \u00e0 durcissement rapide, sans solvant, pigment\u00e9 | KLB rev\u00eatements \u2714\ufe0f comme finition brillante pour rev\u00eatements saupoudr\u00e9s","breadcrumb":{"@id":"https:\/\/dev.klb-koetztal.de\/fr\/produkt\/klb-system-epoxid-ep-296-rapid\/#breadcrumb"},"inLanguage":"fr-FR","potentialAction":[{"@type":"ReadAction","target":["https:\/\/dev.klb-koetztal.de\/fr\/produkt\/klb-system-epoxid-ep-296-rapid\/"]}]},{"@type":"ImageObject","inLanguage":"fr-FR","@id":"https:\/\/dev.klb-koetztal.de\/fr\/produkt\/klb-system-epoxid-ep-296-rapid\/#primaryimage","url":"https:\/\/dev.klb-koetztal.de\/app\/uploads\/2022\/03\/EP296_Rapid.jpg","contentUrl":"https:\/\/dev.klb-koetztal.de\/app\/uploads\/2022\/03\/EP296_Rapid.jpg","width":500,"height":500},{"@type":"BreadcrumbList","@id":"https:\/\/dev.klb-koetztal.de\/fr\/produkt\/klb-system-epoxid-ep-296-rapid\/#breadcrumb","itemListElement":[{"@type":"ListItem","position":1,"name":"Startseite","item":"https:\/\/dev.klb-koetztal.de\/fr\/"},{"@type":"ListItem","position":2,"name":"KLB-SYSTEM EPOXID EP 296 RAPID"}]},{"@type":"WebSite","@id":"https:\/\/dev.klb-koetztal.de\/fr\/#website","url":"https:\/\/dev.klb-koetztal.de\/fr\/","name":"KLB K\u00f6tztal","description":"Gute B\u00f6den haben ein System.","potentialAction":[{"@type":"SearchAction","target":{"@type":"EntryPoint","urlTemplate":"https:\/\/dev.klb-koetztal.de\/fr\/?s={search_term_string}"},"query-input":{"@type":"PropertyValueSpecification","valueRequired":true,"valueName":"search_term_string"}}],"inLanguage":"fr-FR"}]}},"_links":{"self":[{"href":"https:\/\/dev.klb-koetztal.de\/fr\/wp-json\/wp\/v2\/product\/50011","targetHints":{"allow":["GET"]}}],"collection":[{"href":"https:\/\/dev.klb-koetztal.de\/fr\/wp-json\/wp\/v2\/product"}],"about":[{"href":"https:\/\/dev.klb-koetztal.de\/fr\/wp-json\/wp\/v2\/types\/product"}],"wp:featuredmedia":[{"embeddable":true,"href":"https:\/\/dev.klb-koetztal.de\/fr\/wp-json\/wp\/v2\/media\/50012"}],"wp:attachment":[{"href":"https:\/\/dev.klb-koetztal.de\/fr\/wp-json\/wp\/v2\/media?parent=50011"}],"wp:term":[{"taxonomy":"product_brand","embeddable":true,"href":"https:\/\/dev.klb-koetztal.de\/fr\/wp-json\/wp\/v2\/product_brand?post=50011"},{"taxonomy":"product_cat","embeddable":true,"href":"https:\/\/dev.klb-koetztal.de\/fr\/wp-json\/wp\/v2\/product_cat?post=50011"},{"taxonomy":"product_tag","embeddable":true,"href":"https:\/\/dev.klb-koetztal.de\/fr\/wp-json\/wp\/v2\/product_tag?post=50011"}],"curies":[{"name":"wp","href":"https:\/\/api.w.org\/{rel}","templated":true}]}}