{"id":49953,"date":"2022-03-14T11:03:51","date_gmt":"2022-03-14T10:03:51","guid":{"rendered":"https:\/\/dev.klb-koetztal.de\/produkt\/klb-system-epoxid-ep-177\/"},"modified":"2026-03-16T14:15:59","modified_gmt":"2026-03-16T13:15:59","slug":"klb-system-epoxid-ep-177","status":"publish","type":"product","link":"https:\/\/dev.klb-koetztal.de\/fr\/produkt\/klb-system-epoxid-ep-177\/","title":{"rendered":"KLB-SYSTEM EPOXID EP 177"},"content":{"rendered":"","protected":false},"excerpt":{"rendered":"<p>R\u00e9sine en \u00e9poxy \u00e0 2 composants, thixotrope et incolore, pour fermer les pores de rev\u00eatements en gravillons quartzeux ou marbre dans les espaces int\u00e9rieurs. Adapt\u00e9 aux granulom\u00e9tries de 1 \u00e0 4 mm. L&rsquo;application se fait avec une&#160;spatule en caoutchouc, puis rerouler si n\u00e9cessaire.<br \/>\nElle a une faible couleur inh\u00e9rente et, pour une r\u00e9sine \u00e9poxy, un faible jaunissement.&#160;L&rsquo;application est r\u00e9alis\u00e9e en combinaison avec des scellements&#160;appropri\u00e9s, notamment dans les zones expos\u00e9es \u00e0 l&rsquo;humidit\u00e9.<\/p>\n","protected":false},"featured_media":49955,"template":"","meta":{"_acf_changed":false},"product_brand":[],"product_cat":[10044,10045,10100],"product_tag":[],"class_list":{"0":"post-49953","1":"product","2":"type-product","3":"status-publish","4":"has-post-thumbnail","6":"product_cat-liant-decor-scellement-de-finition-bouche-pores","7":"product_cat-liant-decor-scellement-de-finition-bouche-pores_liant-decor","8":"product_cat-liant-decor-scellement-de-finition-bouche-pores_bouche-pores","10":"first","11":"instock","12":"shipping-taxable","13":"product-type-simple"},"acf":{"product_header":{"module_product_header":{"":null,"prototype_headline":{"headline":"KLB-SYSTEM EPOXID EP 177","h1":true,"subheadline":"R\u00e9sine \u00e9poxy bicomposante thixotrope et transparente pour la r\u00e9alisation de gorges annulaires et pour boucher les pores sur les&#160;rev\u00eatements \u00e0 gravillons d\u00e9coratifs","anchor":"","url":""},"grid_text_slider":false,"grid_text_content":[{"text":"<p class=\"product-short-title\" style=\"text-align: center;\"><strong>Br\u00e8ve description<\/strong><\/p>\n<p>R\u00e9sine en \u00e9poxy \u00e0 2 composants, thixotrope et incolore, pour fermer les pores de rev\u00eatements en gravillons quartzeux ou marbre dans les espaces int\u00e9rieurs. Adapt\u00e9 aux granulom\u00e9tries de 1 \u00e0 4 mm. L&rsquo;application se fait avec une&#160;spatule en caoutchouc, puis rerouler si n\u00e9cessaire.<\/p>\n<p>Elle a une faible couleur inh\u00e9rente et, pour une r\u00e9sine \u00e9poxy, un faible jaunissement.&#160;L&rsquo;application est r\u00e9alis\u00e9e en combinaison avec des scellements&#160;appropri\u00e9s, notamment dans les zones expos\u00e9es \u00e0 l&rsquo;humidit\u00e9.<\/p>\n","width":"4","background_color_text":"bg-white","border_color":"border-gray-light"},{"text":"<p class=\"product-sicing-title\" style=\"text-align: center;\"><strong>Unit\u00e9s d'emballage<\/strong><\/p>\n<ul>\n<li>AK1125-60 &#8211; Combinaison Seau 10,00 kg<\/li>\n<\/ul>\n<p><\/p>\n<p>N&rsquo;h\u00e9sitez pas \u00e0 contacter directement pour toute demande concernant des quantit\u00e9s de livraison ou des unit\u00e9s de conditionnement plus importantes.<\/p>\n\n","width":"4","background_color_text":"bg-white","border_color":"border-gray-light"},{"text":"<p class=\"product-attr-title\" style=\"text-align: center;\"><strong>Propri\u00e9t\u00e9s<\/strong><\/p>\n<ul>\n<li>Total Solid selon GISCODE (m\u00e9thode d&rsquo;essai de \u00ab Deutsche Bauchemie \u00bb, l&rsquo;association all. pour la chimie de construction)<\/li>\n<li>consistance stable<\/li>\n<li>bouche-pores homog\u00e8ne<\/li>\n<li>r\u00e9sistant aux contraintes m\u00e9caniques<\/li>\n<li>adapt\u00e9 pour les zones humides<\/li>\n<li>bonne r\u00e9sistance chimique<\/li>\n<li>tr\u00e8s \u00e9conomique<\/li>\n<\/ul>\n","width":"4","background_color_text":"bg-white","border_color":"border-gray-light"}],"background_color":"bg-none","background_color_content":"bg-none"}},"downloads":{"module_download_list":{"inhalt":null,"downloads":[{"download":{"ID":68423,"id":68423,"title":"EP_177_PI_fr_2025_12","filename":"EP_177_PI_fr_2025_12.pdf","filesize":510569,"url":"https:\/\/dev.klb-koetztal.de\/app\/uploads\/2025\/12\/EP_177_PI_fr_2025_12.pdf","link":"https:\/\/dev.klb-koetztal.de\/fr\/?attachment_id=68423","alt":"","author":"7","description":"","caption":"","name":"ep_177_pi_fr_2025_12-2","status":"inherit","uploaded_to":0,"date":"2025-12-15 13:31:13","modified":"2025-12-15 13:31:13","menu_order":0,"mime_type":"application\/pdf","type":"application","subtype":"pdf","icon":"https:\/\/dev.klb-koetztal.de\/wp\/wp-includes\/images\/media\/document.png"},"filename":"Information produit","protected":false,"doclang":"FR","externalkey":"Produktinformation","docpos":"3"},{"download":{"ID":49959,"id":49959,"title":"Leistungserkl\u00e4rung - Statement of performance","filename":"EP177_LE_2013-04.pdf","filesize":170443,"url":"https:\/\/dev.klb-koetztal.de\/app\/uploads\/2022\/03\/EP177_LE_2013-04.pdf","link":"https:\/\/dev.klb-koetztal.de\/fr\/?attachment_id=49959","alt":"","author":"7","description":"","caption":"","name":"ep177_le_2013-04","status":"inherit","uploaded_to":0,"date":"2022-03-14 10:03:54","modified":"2026-03-16 13:16:05","menu_order":0,"mime_type":"application\/pdf","type":"application","subtype":"pdf","icon":"https:\/\/dev.klb-koetztal.de\/wp\/wp-includes\/images\/media\/document.png"},"filename":"D\u00e9claration de performance","protected":false,"doclang":"Multi","externalkey":"Leistungserklaerung","docpos":"50"},{"download":{"ID":51945,"id":51945,"title":"EP177_Umwelt-Deklaration_2022-08","filename":"EP177_Umwelt-Deklaration_2022-08.pdf","filesize":2901818,"url":"https:\/\/dev.klb-koetztal.de\/app\/uploads\/2022\/09\/EP177_Umwelt-Deklaration_2022-08.pdf","link":"https:\/\/dev.klb-koetztal.de\/fr\/?attachment_id=51945","alt":"","author":"7","description":"","caption":"","name":"ep177_umwelt-deklaration_2022-08-2","status":"inherit","uploaded_to":0,"date":"2022-09-01 09:05:30","modified":"2022-09-01 09:05:30","menu_order":0,"mime_type":"application\/pdf","type":"application","subtype":"pdf","icon":"https:\/\/dev.klb-koetztal.de\/wp\/wp-includes\/images\/media\/document.png"},"filename":"D\u00e9clarations de produit environnemental (EPD)","protected":false,"doclang":"Multi","externalkey":"Umweltproduktdeklaration","docpos":"50"},{"download":false,"filename":"Fiche de donn\u00e9es de s\u00e9curit\u00e9","protected":true,"doclang":"FR","externalkey":"Sicherheitsdatenblatt","docpos":"3"}],"einstellungen":null,"background_color":"bg-none","background_color_content":"bg-none"}},"included_in_systems":{"module_included_in_systems":{"":null,"background_color":"bg-gray-medium","background_color_content":"bg-none"}},"contact":{"module_contact":{"":null,"background_color":"bg-none","background_color_content":"bg-none"}},"ausschreibende":{"module_ausschreibende":{"andern_sie_den_inhalt_unter_universelle_elemente":null,"background_color":"bg-none","background_color_content":"bg-none"}}},"yoast_head":"<!-- This site is optimized with the Yoast SEO plugin v27.0 - https:\/\/yoast.com\/product\/yoast-seo-wordpress\/ -->\n<title>Bouche-pore incolore bicomposant EP 177 | KLB K\u00f6tztal<\/title>\n<meta name=\"description\" content=\"R\u00e9sine \u00e9poxy EP 177 stable, incolore et r\u00e9sistante \u00e0 l&#039;eau | KLB sol en r\u00e9sine r\u00e9active \u2714\ufe0f bouche-pore de rev\u00eatements d\u00e9coratifs en gravillon quartzeux\" \/>\n<meta name=\"robots\" content=\"noindex, follow, max-snippet:-1, max-image-preview:large, max-video-preview:-1\" \/>\n<meta property=\"og:locale\" content=\"fr_FR\" \/>\n<meta property=\"og:type\" content=\"article\" \/>\n<meta property=\"og:title\" content=\"Bouche-pore incolore bicomposant EP 177 | KLB K\u00f6tztal\" \/>\n<meta property=\"og:description\" content=\"R\u00e9sine \u00e9poxy EP 177 stable, incolore et r\u00e9sistante \u00e0 l&#039;eau | KLB sol en r\u00e9sine r\u00e9active \u2714\ufe0f bouche-pore de rev\u00eatements d\u00e9coratifs en gravillon quartzeux\" \/>\n<meta property=\"og:url\" content=\"https:\/\/dev.klb-koetztal.de\/fr\/produkt\/klb-system-epoxid-ep-177\/\" \/>\n<meta property=\"og:site_name\" content=\"KLB K\u00f6tztal\" \/>\n<meta property=\"article:publisher\" content=\"https:\/\/www.facebook.com\/klbkoetztal\" \/>\n<meta property=\"article:modified_time\" content=\"2026-03-16T13:15:59+00:00\" \/>\n<meta property=\"og:image\" content=\"https:\/\/dev.klb-koetztal.de\/app\/uploads\/2022\/03\/EP177.jpg\" \/>\n\t<meta property=\"og:image:width\" content=\"500\" \/>\n\t<meta property=\"og:image:height\" content=\"500\" \/>\n\t<meta property=\"og:image:type\" content=\"image\/jpeg\" \/>\n<meta name=\"twitter:card\" content=\"summary_large_image\" \/>\n<script type=\"application\/ld+json\" class=\"yoast-schema-graph\">{\"@context\":\"https:\/\/schema.org\",\"@graph\":[{\"@type\":\"WebPage\",\"@id\":\"https:\/\/dev.klb-koetztal.de\/fr\/produkt\/klb-system-epoxid-ep-177\/\",\"url\":\"https:\/\/dev.klb-koetztal.de\/fr\/produkt\/klb-system-epoxid-ep-177\/\",\"name\":\"Bouche-pore incolore bicomposant EP 177 | KLB K\u00f6tztal\",\"isPartOf\":{\"@id\":\"https:\/\/dev.klb-koetztal.de\/fr\/#website\"},\"primaryImageOfPage\":{\"@id\":\"https:\/\/dev.klb-koetztal.de\/fr\/produkt\/klb-system-epoxid-ep-177\/#primaryimage\"},\"image\":{\"@id\":\"https:\/\/dev.klb-koetztal.de\/fr\/produkt\/klb-system-epoxid-ep-177\/#primaryimage\"},\"thumbnailUrl\":\"https:\/\/dev.klb-koetztal.de\/app\/uploads\/2022\/03\/EP177.jpg\",\"datePublished\":\"2022-03-14T10:03:51+00:00\",\"dateModified\":\"2026-03-16T13:15:59+00:00\",\"description\":\"R\u00e9sine \u00e9poxy EP 177 stable, incolore et r\u00e9sistante \u00e0 l'eau | KLB sol en r\u00e9sine r\u00e9active \u2714\ufe0f bouche-pore de rev\u00eatements d\u00e9coratifs en gravillon quartzeux\",\"breadcrumb\":{\"@id\":\"https:\/\/dev.klb-koetztal.de\/fr\/produkt\/klb-system-epoxid-ep-177\/#breadcrumb\"},\"inLanguage\":\"fr-FR\",\"potentialAction\":[{\"@type\":\"ReadAction\",\"target\":[\"https:\/\/dev.klb-koetztal.de\/fr\/produkt\/klb-system-epoxid-ep-177\/\"]}]},{\"@type\":\"ImageObject\",\"inLanguage\":\"fr-FR\",\"@id\":\"https:\/\/dev.klb-koetztal.de\/fr\/produkt\/klb-system-epoxid-ep-177\/#primaryimage\",\"url\":\"https:\/\/dev.klb-koetztal.de\/app\/uploads\/2022\/03\/EP177.jpg\",\"contentUrl\":\"https:\/\/dev.klb-koetztal.de\/app\/uploads\/2022\/03\/EP177.jpg\",\"width\":500,\"height\":500},{\"@type\":\"BreadcrumbList\",\"@id\":\"https:\/\/dev.klb-koetztal.de\/fr\/produkt\/klb-system-epoxid-ep-177\/#breadcrumb\",\"itemListElement\":[{\"@type\":\"ListItem\",\"position\":1,\"name\":\"Startseite\",\"item\":\"https:\/\/dev.klb-koetztal.de\/fr\/\"},{\"@type\":\"ListItem\",\"position\":2,\"name\":\"KLB-SYSTEM EPOXID EP 177\"}]},{\"@type\":\"WebSite\",\"@id\":\"https:\/\/dev.klb-koetztal.de\/fr\/#website\",\"url\":\"https:\/\/dev.klb-koetztal.de\/fr\/\",\"name\":\"KLB K\u00f6tztal\",\"description\":\"Gute B\u00f6den haben ein System.\",\"potentialAction\":[{\"@type\":\"SearchAction\",\"target\":{\"@type\":\"EntryPoint\",\"urlTemplate\":\"https:\/\/dev.klb-koetztal.de\/fr\/?s={search_term_string}\"},\"query-input\":{\"@type\":\"PropertyValueSpecification\",\"valueRequired\":true,\"valueName\":\"search_term_string\"}}],\"inLanguage\":\"fr-FR\"}]}<\/script>\n<!-- \/ Yoast SEO plugin. -->","yoast_head_json":{"title":"Bouche-pore incolore bicomposant EP 177 | KLB K\u00f6tztal","description":"R\u00e9sine \u00e9poxy EP 177 stable, incolore et r\u00e9sistante \u00e0 l'eau | KLB sol en r\u00e9sine r\u00e9active \u2714\ufe0f bouche-pore de rev\u00eatements d\u00e9coratifs en gravillon quartzeux","robots":{"index":"noindex","follow":"follow","max-snippet":"max-snippet:-1","max-image-preview":"max-image-preview:large","max-video-preview":"max-video-preview:-1"},"og_locale":"fr_FR","og_type":"article","og_title":"Bouche-pore incolore bicomposant EP 177 | KLB K\u00f6tztal","og_description":"R\u00e9sine \u00e9poxy EP 177 stable, incolore et r\u00e9sistante \u00e0 l'eau | KLB sol en r\u00e9sine r\u00e9active \u2714\ufe0f bouche-pore de rev\u00eatements d\u00e9coratifs en gravillon quartzeux","og_url":"https:\/\/dev.klb-koetztal.de\/fr\/produkt\/klb-system-epoxid-ep-177\/","og_site_name":"KLB K\u00f6tztal","article_publisher":"https:\/\/www.facebook.com\/klbkoetztal","article_modified_time":"2026-03-16T13:15:59+00:00","og_image":[{"width":500,"height":500,"url":"https:\/\/dev.klb-koetztal.de\/app\/uploads\/2022\/03\/EP177.jpg","type":"image\/jpeg"}],"twitter_card":"summary_large_image","schema":{"@context":"https:\/\/schema.org","@graph":[{"@type":"WebPage","@id":"https:\/\/dev.klb-koetztal.de\/fr\/produkt\/klb-system-epoxid-ep-177\/","url":"https:\/\/dev.klb-koetztal.de\/fr\/produkt\/klb-system-epoxid-ep-177\/","name":"Bouche-pore incolore bicomposant EP 177 | KLB K\u00f6tztal","isPartOf":{"@id":"https:\/\/dev.klb-koetztal.de\/fr\/#website"},"primaryImageOfPage":{"@id":"https:\/\/dev.klb-koetztal.de\/fr\/produkt\/klb-system-epoxid-ep-177\/#primaryimage"},"image":{"@id":"https:\/\/dev.klb-koetztal.de\/fr\/produkt\/klb-system-epoxid-ep-177\/#primaryimage"},"thumbnailUrl":"https:\/\/dev.klb-koetztal.de\/app\/uploads\/2022\/03\/EP177.jpg","datePublished":"2022-03-14T10:03:51+00:00","dateModified":"2026-03-16T13:15:59+00:00","description":"R\u00e9sine \u00e9poxy EP 177 stable, incolore et r\u00e9sistante \u00e0 l'eau | KLB sol en r\u00e9sine r\u00e9active \u2714\ufe0f bouche-pore de rev\u00eatements d\u00e9coratifs en gravillon quartzeux","breadcrumb":{"@id":"https:\/\/dev.klb-koetztal.de\/fr\/produkt\/klb-system-epoxid-ep-177\/#breadcrumb"},"inLanguage":"fr-FR","potentialAction":[{"@type":"ReadAction","target":["https:\/\/dev.klb-koetztal.de\/fr\/produkt\/klb-system-epoxid-ep-177\/"]}]},{"@type":"ImageObject","inLanguage":"fr-FR","@id":"https:\/\/dev.klb-koetztal.de\/fr\/produkt\/klb-system-epoxid-ep-177\/#primaryimage","url":"https:\/\/dev.klb-koetztal.de\/app\/uploads\/2022\/03\/EP177.jpg","contentUrl":"https:\/\/dev.klb-koetztal.de\/app\/uploads\/2022\/03\/EP177.jpg","width":500,"height":500},{"@type":"BreadcrumbList","@id":"https:\/\/dev.klb-koetztal.de\/fr\/produkt\/klb-system-epoxid-ep-177\/#breadcrumb","itemListElement":[{"@type":"ListItem","position":1,"name":"Startseite","item":"https:\/\/dev.klb-koetztal.de\/fr\/"},{"@type":"ListItem","position":2,"name":"KLB-SYSTEM EPOXID EP 177"}]},{"@type":"WebSite","@id":"https:\/\/dev.klb-koetztal.de\/fr\/#website","url":"https:\/\/dev.klb-koetztal.de\/fr\/","name":"KLB K\u00f6tztal","description":"Gute B\u00f6den haben ein System.","potentialAction":[{"@type":"SearchAction","target":{"@type":"EntryPoint","urlTemplate":"https:\/\/dev.klb-koetztal.de\/fr\/?s={search_term_string}"},"query-input":{"@type":"PropertyValueSpecification","valueRequired":true,"valueName":"search_term_string"}}],"inLanguage":"fr-FR"}]}},"_links":{"self":[{"href":"https:\/\/dev.klb-koetztal.de\/fr\/wp-json\/wp\/v2\/product\/49953","targetHints":{"allow":["GET"]}}],"collection":[{"href":"https:\/\/dev.klb-koetztal.de\/fr\/wp-json\/wp\/v2\/product"}],"about":[{"href":"https:\/\/dev.klb-koetztal.de\/fr\/wp-json\/wp\/v2\/types\/product"}],"wp:featuredmedia":[{"embeddable":true,"href":"https:\/\/dev.klb-koetztal.de\/fr\/wp-json\/wp\/v2\/media\/49955"}],"wp:attachment":[{"href":"https:\/\/dev.klb-koetztal.de\/fr\/wp-json\/wp\/v2\/media?parent=49953"}],"wp:term":[{"taxonomy":"product_brand","embeddable":true,"href":"https:\/\/dev.klb-koetztal.de\/fr\/wp-json\/wp\/v2\/product_brand?post=49953"},{"taxonomy":"product_cat","embeddable":true,"href":"https:\/\/dev.klb-koetztal.de\/fr\/wp-json\/wp\/v2\/product_cat?post=49953"},{"taxonomy":"product_tag","embeddable":true,"href":"https:\/\/dev.klb-koetztal.de\/fr\/wp-json\/wp\/v2\/product_tag?post=49953"}],"curies":[{"name":"wp","href":"https:\/\/api.w.org\/{rel}","templated":true}]}}