{"id":49910,"date":"2022-03-14T11:03:28","date_gmt":"2022-03-14T10:03:28","guid":{"rendered":"https:\/\/dev.klb-koetztal.de\/produkt\/klb-system-dekor-ds-900\/"},"modified":"2026-02-25T12:15:20","modified_gmt":"2026-02-25T11:15:20","slug":"klb-system-dekor-ds-900","status":"publish","type":"product","link":"https:\/\/dev.klb-koetztal.de\/fr\/produkt\/klb-system-dekor-ds-900\/","title":{"rendered":"KLB-SYSTEM DEKOR DS 900"},"content":{"rendered":"","protected":false},"excerpt":{"rendered":"<p>Liant de dispersion sans solvants, p\u00e2teux et&#160;\u00e0 s\u00e9chage incolore pour la r\u00e9alisation de rev\u00eatements en gravillons de quartz et de marbre sur les surfaces verticales telles que les marches ou les murs (jusqu&rsquo;\u00e0 1 m d&rsquo;hauteur). Le liant monocomposant facilite&#160;l&rsquo;application, car il durcit par s\u00e9chage physique sans vie en pot. Les outils peuvent \u00eatre nettoy\u00e9s \u00e0 l&rsquo;eau.<br \/>\nNe convient pas aux zones humides en permanence !<\/p>\n","protected":false},"featured_media":49912,"template":"","meta":{"_acf_changed":false},"product_brand":[],"product_cat":[10044,10100],"product_tag":[],"class_list":{"0":"post-49910","1":"product","2":"type-product","3":"status-publish","4":"has-post-thumbnail","6":"product_cat-liant-decor-scellement-de-finition-bouche-pores","7":"product_cat-liant-decor-scellement-de-finition-bouche-pores_bouche-pores","9":"first","10":"instock","11":"shipping-taxable","12":"product-type-simple"},"acf":{"product_header":{"module_product_header":{"":null,"prototype_headline":{"headline":"KLB-SYSTEM DEKOR DS 900","h1":true,"subheadline":"Liant monocomposant de&#160;pierres d\u00e9coratifs pour les surfaces verticales et murales","anchor":"","url":""},"grid_text_slider":false,"grid_text_content":[{"text":"<p class=\"product-short-title\" style=\"text-align: center;\"><strong>Br\u00e8ve description<\/strong><\/p>\n<p>Liant de dispersion sans solvants, p\u00e2teux et&#160;\u00e0 s\u00e9chage incolore pour la r\u00e9alisation de rev\u00eatements en gravillons de quartz et de marbre sur les surfaces verticales telles que les marches ou les murs (jusqu&rsquo;\u00e0 1 m d&rsquo;hauteur). Le liant monocomposant facilite&#160;l&rsquo;application, car il durcit par s\u00e9chage physique sans vie en pot. Les outils peuvent \u00eatre nettoy\u00e9s \u00e0 l&rsquo;eau.<\/p>\n<p>Ne convient pas aux zones humides en permanence !<\/p>\n","width":"4","background_color_text":"bg-white","border_color":"border-gray-light"},{"text":"<p class=\"product-sicing-title\" style=\"text-align: center;\"><strong>Unit\u00e9s d'emballage<\/strong><\/p>\n<ul>\n<li>DP7500-70 &#8211; Seau 5,00 kg<\/li>\n<li>DP7500-50 &#8211; Seau 10,00 kg<\/li>\n<li>DP7500-25 &#8211; Hobbock 25,00 kg<\/li>\n<\/ul>\n<p><\/p>\n<p>N&rsquo;h\u00e9sitez pas \u00e0 contacter directement pour toute demande concernant des quantit\u00e9s de livraison ou des unit\u00e9s de conditionnement plus importantes.<\/p>\n\n","width":"4","background_color_text":"bg-white","border_color":"border-gray-light"},{"text":"<p class=\"product-attr-title\" style=\"text-align: center;\"><strong>Propri\u00e9t\u00e9s<\/strong><\/p>\n<ul>\n<li>s\u00e9chage physique<\/li>\n<li>sans risque pour la sant\u00e9<\/li>\n<li>pr\u00eat \u00e0 l&#8217;emploi<\/li>\n<li>peu sensible au jaunissement<\/li>\n<li>pour les espaces int\u00e9rieures et ext\u00e9rieures<\/li>\n<li>consistance stable<\/li>\n<\/ul>\n","width":"4","background_color_text":"bg-white","border_color":"border-gray-light"}],"background_color":"bg-none","background_color_content":"bg-none"}},"downloads":{"module_download_list":{"inhalt":null,"downloads":[{"download":{"ID":53227,"id":53227,"title":"DS_900_PI_fr_2022_10","filename":"DS_900_PI_fr_2022_10.pdf","filesize":260713,"url":"https:\/\/dev.klb-koetztal.de\/app\/uploads\/2022\/10\/DS_900_PI_fr_2022_10.pdf","link":"https:\/\/dev.klb-koetztal.de\/fr\/?attachment_id=53227","alt":"","author":"7","description":"","caption":"","name":"ds_900_pi_fr_2022_10-2","status":"inherit","uploaded_to":0,"date":"2022-10-07 06:40:46","modified":"2022-10-07 06:40:46","menu_order":0,"mime_type":"application\/pdf","type":"application","subtype":"pdf","icon":"https:\/\/dev.klb-koetztal.de\/wp\/wp-includes\/images\/media\/document.png"},"filename":"Information produit","protected":false,"doclang":"FR","externalkey":"Produktinformation","docpos":"3"},{"download":{"ID":63092,"id":63092,"title":"DS900_Umwelt-Deklaration_2023-08","filename":"DS900_Umwelt-Deklaration_2023-08.pdf","filesize":2996023,"url":"https:\/\/dev.klb-koetztal.de\/app\/uploads\/2024\/09\/DS900_Umwelt-Deklaration_2023-08.pdf","link":"https:\/\/dev.klb-koetztal.de\/fr\/?attachment_id=63092","alt":"","author":"7","description":"","caption":"","name":"ds900_umwelt-deklaration_2023-08-2","status":"inherit","uploaded_to":0,"date":"2024-09-12 06:40:14","modified":"2024-09-12 06:40:14","menu_order":0,"mime_type":"application\/pdf","type":"application","subtype":"pdf","icon":"https:\/\/dev.klb-koetztal.de\/wp\/wp-includes\/images\/media\/document.png"},"filename":"D\u00e9clarations de produit environnemental (EPD)","protected":false,"doclang":"Multi","externalkey":"Umweltproduktdeklaration","docpos":"50"},{"download":false,"filename":"Fiche de donn\u00e9es de s\u00e9curit\u00e9","protected":true,"doclang":"FR","externalkey":"Sicherheitsdatenblatt","docpos":"3"}],"einstellungen":null,"background_color":"bg-none","background_color_content":"bg-none"}},"included_in_systems":{"module_included_in_systems":{"":null,"background_color":"bg-gray-medium","background_color_content":"bg-none"}},"contact":{"module_contact":{"":null,"background_color":"bg-none","background_color_content":"bg-none"}},"ausschreibende":{"module_ausschreibende":{"andern_sie_den_inhalt_unter_universelle_elemente":null,"background_color":"bg-none","background_color_content":"bg-none"}}},"yoast_head":"<!-- This site is optimized with the Yoast SEO plugin v27.0 - https:\/\/yoast.com\/product\/yoast-seo-wordpress\/ -->\n<title>Liant de dispersion DS 900 stable et incolore | KLB<\/title>\n<meta name=\"description\" content=\"Liant pierre d\u00e9coratif monocomposant DS 900 p\u00e2teux, stable pour les gravillons de quartz et marbre | KLB rev\u00eatements de sol \u2714\ufe0f surfaces verticales\" \/>\n<meta name=\"robots\" content=\"noindex, follow, max-snippet:-1, max-image-preview:large, max-video-preview:-1\" \/>\n<meta property=\"og:locale\" content=\"fr_FR\" \/>\n<meta property=\"og:type\" content=\"article\" \/>\n<meta property=\"og:title\" content=\"Liant de dispersion DS 900 stable et incolore | KLB\" \/>\n<meta property=\"og:description\" content=\"Liant pierre d\u00e9coratif monocomposant DS 900 p\u00e2teux, stable pour les gravillons de quartz et marbre | KLB rev\u00eatements de sol \u2714\ufe0f surfaces verticales\" \/>\n<meta property=\"og:url\" content=\"https:\/\/dev.klb-koetztal.de\/fr\/produkt\/klb-system-dekor-ds-900\/\" \/>\n<meta property=\"og:site_name\" content=\"KLB K\u00f6tztal\" \/>\n<meta property=\"article:publisher\" content=\"https:\/\/www.facebook.com\/klbkoetztal\" \/>\n<meta property=\"article:modified_time\" content=\"2026-02-25T11:15:20+00:00\" \/>\n<meta property=\"og:image\" content=\"https:\/\/dev.klb-koetztal.de\/app\/uploads\/2022\/03\/DS900.jpg\" \/>\n\t<meta property=\"og:image:width\" content=\"500\" \/>\n\t<meta property=\"og:image:height\" content=\"500\" \/>\n\t<meta property=\"og:image:type\" content=\"image\/jpeg\" \/>\n<meta name=\"twitter:card\" content=\"summary_large_image\" \/>\n<script type=\"application\/ld+json\" class=\"yoast-schema-graph\">{\"@context\":\"https:\/\/schema.org\",\"@graph\":[{\"@type\":\"WebPage\",\"@id\":\"https:\/\/dev.klb-koetztal.de\/fr\/produkt\/klb-system-dekor-ds-900\/\",\"url\":\"https:\/\/dev.klb-koetztal.de\/fr\/produkt\/klb-system-dekor-ds-900\/\",\"name\":\"Liant de dispersion DS 900 stable et incolore | KLB\",\"isPartOf\":{\"@id\":\"https:\/\/dev.klb-koetztal.de\/fr\/#website\"},\"primaryImageOfPage\":{\"@id\":\"https:\/\/dev.klb-koetztal.de\/fr\/produkt\/klb-system-dekor-ds-900\/#primaryimage\"},\"image\":{\"@id\":\"https:\/\/dev.klb-koetztal.de\/fr\/produkt\/klb-system-dekor-ds-900\/#primaryimage\"},\"thumbnailUrl\":\"https:\/\/dev.klb-koetztal.de\/app\/uploads\/2022\/03\/DS900.jpg\",\"datePublished\":\"2022-03-14T10:03:28+00:00\",\"dateModified\":\"2026-02-25T11:15:20+00:00\",\"description\":\"Liant pierre d\u00e9coratif monocomposant DS 900 p\u00e2teux, stable pour les gravillons de quartz et marbre | KLB rev\u00eatements de sol \u2714\ufe0f surfaces verticales\",\"breadcrumb\":{\"@id\":\"https:\/\/dev.klb-koetztal.de\/fr\/produkt\/klb-system-dekor-ds-900\/#breadcrumb\"},\"inLanguage\":\"fr-FR\",\"potentialAction\":[{\"@type\":\"ReadAction\",\"target\":[\"https:\/\/dev.klb-koetztal.de\/fr\/produkt\/klb-system-dekor-ds-900\/\"]}]},{\"@type\":\"ImageObject\",\"inLanguage\":\"fr-FR\",\"@id\":\"https:\/\/dev.klb-koetztal.de\/fr\/produkt\/klb-system-dekor-ds-900\/#primaryimage\",\"url\":\"https:\/\/dev.klb-koetztal.de\/app\/uploads\/2022\/03\/DS900.jpg\",\"contentUrl\":\"https:\/\/dev.klb-koetztal.de\/app\/uploads\/2022\/03\/DS900.jpg\",\"width\":500,\"height\":500},{\"@type\":\"BreadcrumbList\",\"@id\":\"https:\/\/dev.klb-koetztal.de\/fr\/produkt\/klb-system-dekor-ds-900\/#breadcrumb\",\"itemListElement\":[{\"@type\":\"ListItem\",\"position\":1,\"name\":\"Startseite\",\"item\":\"https:\/\/dev.klb-koetztal.de\/fr\/\"},{\"@type\":\"ListItem\",\"position\":2,\"name\":\"KLB-SYSTEM DEKOR DS 900\"}]},{\"@type\":\"WebSite\",\"@id\":\"https:\/\/dev.klb-koetztal.de\/fr\/#website\",\"url\":\"https:\/\/dev.klb-koetztal.de\/fr\/\",\"name\":\"KLB K\u00f6tztal\",\"description\":\"Gute B\u00f6den haben ein System.\",\"potentialAction\":[{\"@type\":\"SearchAction\",\"target\":{\"@type\":\"EntryPoint\",\"urlTemplate\":\"https:\/\/dev.klb-koetztal.de\/fr\/?s={search_term_string}\"},\"query-input\":{\"@type\":\"PropertyValueSpecification\",\"valueRequired\":true,\"valueName\":\"search_term_string\"}}],\"inLanguage\":\"fr-FR\"}]}<\/script>\n<!-- \/ Yoast SEO plugin. -->","yoast_head_json":{"title":"Liant de dispersion DS 900 stable et incolore | KLB","description":"Liant pierre d\u00e9coratif monocomposant DS 900 p\u00e2teux, stable pour les gravillons de quartz et marbre | KLB rev\u00eatements de sol \u2714\ufe0f surfaces verticales","robots":{"index":"noindex","follow":"follow","max-snippet":"max-snippet:-1","max-image-preview":"max-image-preview:large","max-video-preview":"max-video-preview:-1"},"og_locale":"fr_FR","og_type":"article","og_title":"Liant de dispersion DS 900 stable et incolore | KLB","og_description":"Liant pierre d\u00e9coratif monocomposant DS 900 p\u00e2teux, stable pour les gravillons de quartz et marbre | KLB rev\u00eatements de sol \u2714\ufe0f surfaces verticales","og_url":"https:\/\/dev.klb-koetztal.de\/fr\/produkt\/klb-system-dekor-ds-900\/","og_site_name":"KLB K\u00f6tztal","article_publisher":"https:\/\/www.facebook.com\/klbkoetztal","article_modified_time":"2026-02-25T11:15:20+00:00","og_image":[{"width":500,"height":500,"url":"https:\/\/dev.klb-koetztal.de\/app\/uploads\/2022\/03\/DS900.jpg","type":"image\/jpeg"}],"twitter_card":"summary_large_image","schema":{"@context":"https:\/\/schema.org","@graph":[{"@type":"WebPage","@id":"https:\/\/dev.klb-koetztal.de\/fr\/produkt\/klb-system-dekor-ds-900\/","url":"https:\/\/dev.klb-koetztal.de\/fr\/produkt\/klb-system-dekor-ds-900\/","name":"Liant de dispersion DS 900 stable et incolore | KLB","isPartOf":{"@id":"https:\/\/dev.klb-koetztal.de\/fr\/#website"},"primaryImageOfPage":{"@id":"https:\/\/dev.klb-koetztal.de\/fr\/produkt\/klb-system-dekor-ds-900\/#primaryimage"},"image":{"@id":"https:\/\/dev.klb-koetztal.de\/fr\/produkt\/klb-system-dekor-ds-900\/#primaryimage"},"thumbnailUrl":"https:\/\/dev.klb-koetztal.de\/app\/uploads\/2022\/03\/DS900.jpg","datePublished":"2022-03-14T10:03:28+00:00","dateModified":"2026-02-25T11:15:20+00:00","description":"Liant pierre d\u00e9coratif monocomposant DS 900 p\u00e2teux, stable pour les gravillons de quartz et marbre | KLB rev\u00eatements de sol \u2714\ufe0f surfaces verticales","breadcrumb":{"@id":"https:\/\/dev.klb-koetztal.de\/fr\/produkt\/klb-system-dekor-ds-900\/#breadcrumb"},"inLanguage":"fr-FR","potentialAction":[{"@type":"ReadAction","target":["https:\/\/dev.klb-koetztal.de\/fr\/produkt\/klb-system-dekor-ds-900\/"]}]},{"@type":"ImageObject","inLanguage":"fr-FR","@id":"https:\/\/dev.klb-koetztal.de\/fr\/produkt\/klb-system-dekor-ds-900\/#primaryimage","url":"https:\/\/dev.klb-koetztal.de\/app\/uploads\/2022\/03\/DS900.jpg","contentUrl":"https:\/\/dev.klb-koetztal.de\/app\/uploads\/2022\/03\/DS900.jpg","width":500,"height":500},{"@type":"BreadcrumbList","@id":"https:\/\/dev.klb-koetztal.de\/fr\/produkt\/klb-system-dekor-ds-900\/#breadcrumb","itemListElement":[{"@type":"ListItem","position":1,"name":"Startseite","item":"https:\/\/dev.klb-koetztal.de\/fr\/"},{"@type":"ListItem","position":2,"name":"KLB-SYSTEM DEKOR DS 900"}]},{"@type":"WebSite","@id":"https:\/\/dev.klb-koetztal.de\/fr\/#website","url":"https:\/\/dev.klb-koetztal.de\/fr\/","name":"KLB K\u00f6tztal","description":"Gute B\u00f6den haben ein System.","potentialAction":[{"@type":"SearchAction","target":{"@type":"EntryPoint","urlTemplate":"https:\/\/dev.klb-koetztal.de\/fr\/?s={search_term_string}"},"query-input":{"@type":"PropertyValueSpecification","valueRequired":true,"valueName":"search_term_string"}}],"inLanguage":"fr-FR"}]}},"_links":{"self":[{"href":"https:\/\/dev.klb-koetztal.de\/fr\/wp-json\/wp\/v2\/product\/49910","targetHints":{"allow":["GET"]}}],"collection":[{"href":"https:\/\/dev.klb-koetztal.de\/fr\/wp-json\/wp\/v2\/product"}],"about":[{"href":"https:\/\/dev.klb-koetztal.de\/fr\/wp-json\/wp\/v2\/types\/product"}],"wp:featuredmedia":[{"embeddable":true,"href":"https:\/\/dev.klb-koetztal.de\/fr\/wp-json\/wp\/v2\/media\/49912"}],"wp:attachment":[{"href":"https:\/\/dev.klb-koetztal.de\/fr\/wp-json\/wp\/v2\/media?parent=49910"}],"wp:term":[{"taxonomy":"product_brand","embeddable":true,"href":"https:\/\/dev.klb-koetztal.de\/fr\/wp-json\/wp\/v2\/product_brand?post=49910"},{"taxonomy":"product_cat","embeddable":true,"href":"https:\/\/dev.klb-koetztal.de\/fr\/wp-json\/wp\/v2\/product_cat?post=49910"},{"taxonomy":"product_tag","embeddable":true,"href":"https:\/\/dev.klb-koetztal.de\/fr\/wp-json\/wp\/v2\/product_tag?post=49910"}],"curies":[{"name":"wp","href":"https:\/\/api.w.org\/{rel}","templated":true}]}}