{"id":49867,"date":"2022-03-14T11:02:53","date_gmt":"2022-03-14T10:02:53","guid":{"rendered":"https:\/\/dev.klb-koetztal.de\/produkt\/klb-system-epoxid-ep-202\/"},"modified":"2026-03-16T14:20:36","modified_gmt":"2026-03-16T13:20:36","slug":"klb-system-epoxid-ep-202","status":"publish","type":"product","link":"https:\/\/dev.klb-koetztal.de\/fr\/produkt\/klb-system-epoxid-ep-202\/","title":{"rendered":"KLB-SYSTEM EPOXID EP 202"},"content":{"rendered":"","protected":false},"excerpt":{"rendered":"<p>Rev\u00eatement en r\u00e9sine \u00e9poxy \u00e0 2 composants \u00e0 faible \u00e9mission et color\u00e9&#160;pour la r\u00e9alisation de rev\u00eatements durs et lisses ou&#160;comme couche de finition pour les surfaces saupoudr\u00e9es en usage industriel.&#160;<br \/>\nEn combinaison avec les primaires \u00e0 faible \u00e9mission, le produit est test\u00e9 selon l&rsquo;AgBB. Le syst\u00e8me est certifi\u00e9 selon Eurofins \u00ab Indoor Air Comfort Gold \u00bb et avec l&rsquo;\u00e9tiquette EMICODE EC1 Plus.<\/p>\n","protected":false},"featured_media":49869,"template":"","meta":{"_acf_changed":false},"product_brand":[],"product_cat":[10159,10042,10065],"product_tag":[],"class_list":{"0":"post-49867","1":"product","2":"type-product","3":"status-publish","4":"has-post-thumbnail","6":"product_cat-revetements_revetements-en-resine-epoxyde-a-2-composants-a-faible-emission","7":"product_cat-revetements","8":"product_cat-revetements_revetements-en-resine-epoxyde-2-composants","10":"first","11":"instock","12":"shipping-taxable","13":"product-type-simple"},"acf":{"product_header":{"module_product_header":{"":null,"prototype_headline":{"headline":"KLB-SYSTEM EPOXID EP 202","h1":true,"subheadline":"Rev\u00eatement et scellement de t\u00eate en r\u00e9sine \u00e9poxy \u00e0 2 composants, test\u00e9 selon l'AgBB et&#160;\u00e0 faible \u00e9mission","anchor":"","url":""},"grid_text_slider":false,"grid_text_content":[{"text":"<p class=\"product-short-title\" style=\"text-align: center;\"><strong>Br\u00e8ve description<\/strong><\/p>\n<p>Rev\u00eatement en r\u00e9sine \u00e9poxy \u00e0 2 composants \u00e0 faible \u00e9mission et color\u00e9&#160;pour la r\u00e9alisation de rev\u00eatements durs et lisses ou&#160;comme couche de finition pour les surfaces saupoudr\u00e9es en usage industriel.&#160;<\/p>\n<p>En combinaison avec les primaires \u00e0 faible \u00e9mission, le produit est test\u00e9 selon l&rsquo;AgBB. Le syst\u00e8me est certifi\u00e9 selon Eurofins \u00ab Indoor Air Comfort Gold \u00bb et avec l&rsquo;\u00e9tiquette EMICODE EC1 Plus.<\/p>\n","width":"4","background_color_text":"bg-white","border_color":"border-gray-light"},{"text":"<p class=\"product-sicing-title\" style=\"text-align: center;\"><strong>Unit\u00e9s d'emballage<\/strong><\/p>\n<ul>\n<li>AK1304-50 &#8211; Combinaison Seau 12,00 kg<\/li>\n<li>AK1304-30 &#8211; Combinaison Hobbock 30,00 kg<\/li>\n<\/ul>\n<p><\/p>\n<p>N&rsquo;h\u00e9sitez pas \u00e0 contacter directement pour toute demande concernant des quantit\u00e9s de livraison ou des unit\u00e9s de conditionnement plus importantes.<\/p>\n\n","width":"4","background_color_text":"bg-white","border_color":"border-gray-light"},{"text":"<p class=\"product-attr-title\" style=\"text-align: center;\"><strong>Propri\u00e9t\u00e9s<\/strong><\/p>\n<ul>\n<li>qualit\u00e9 contr\u00f4l\u00e9e, \u00e0 faible \u00e9mission<\/li>\n<li>certifi\u00e9 selon EMICODE\u00ae  EC 1PLUS<\/li>\n<li>conforme \u00e0 l&rsquo;AgBB et adapt\u00e9 aux salles de s\u00e9jour<\/li>\n<li>Total Solid selon GISCODE (m\u00e9thode d&rsquo;essai de \u00ab Deutsche Bauchemie \u00bb, l&rsquo;association all. pour la chimie de construction)<\/li>\n<li>bonne r\u00e9sistance \u00e0 l&rsquo;eau et aux produits chimiques<\/li>\n<li>stable \u00e0 l&rsquo;hydrolyse et \u00e0 la saponification<\/li>\n<li>peut \u00eatre rempli de sable de quartz s\u00e9ch\u00e9 au feu<\/li>\n<li>r\u00e9sistant \u00e0 l&rsquo;abrasion et \u00e0 l&rsquo;usure<\/li>\n<li>surface color\u00e9e<\/li>\n<li>brillant<\/li>\n<\/ul>\n","width":"4","background_color_text":"bg-white","border_color":"border-gray-light"}],"background_color":"bg-none","background_color_content":"bg-none"}},"downloads":{"module_download_list":{"inhalt":null,"downloads":[{"download":{"ID":65996,"id":65996,"title":"EP_202_PI_fr_2025_06","filename":"EP_202_PI_fr_2025_06.pdf","filesize":888248,"url":"https:\/\/dev.klb-koetztal.de\/app\/uploads\/2025\/06\/EP_202_PI_fr_2025_06.pdf","link":"https:\/\/dev.klb-koetztal.de\/fr\/?attachment_id=65996","alt":"","author":"7","description":"","caption":"","name":"ep_202_pi_fr_2025_06-2","status":"inherit","uploaded_to":0,"date":"2025-06-25 05:30:32","modified":"2025-06-25 05:30:32","menu_order":0,"mime_type":"application\/pdf","type":"application","subtype":"pdf","icon":"https:\/\/dev.klb-koetztal.de\/wp\/wp-includes\/images\/media\/document.png"},"filename":"Information produit","protected":false,"doclang":"FR","externalkey":"Produktinformation","docpos":"3"},{"download":{"ID":49447,"id":49447,"title":"Leistungserkl\u00e4rung - Statement of performance","filename":"EP202_EP202_Clean_LE_2019-10.pdf","filesize":673383,"url":"https:\/\/dev.klb-koetztal.de\/app\/uploads\/2022\/03\/EP202_EP202_Clean_LE_2019-10.pdf","link":"https:\/\/dev.klb-koetztal.de\/fr\/?attachment_id=49447","alt":"","author":"7","description":"","caption":"","name":"ep202_ep202_clean_le_2019-10","status":"inherit","uploaded_to":0,"date":"2022-03-14 09:56:37","modified":"2026-03-16 13:21:07","menu_order":0,"mime_type":"application\/pdf","type":"application","subtype":"pdf","icon":"https:\/\/dev.klb-koetztal.de\/wp\/wp-includes\/images\/media\/document.png"},"filename":"D\u00e9claration de performance","protected":false,"doclang":"Multi","externalkey":"Leistungserklaerung","docpos":"50"},{"download":{"ID":51966,"id":51966,"title":"EP202_Umwelt-Deklaration_2022-08","filename":"EP202_Umwelt-Deklaration_2022-08.pdf","filesize":2343315,"url":"https:\/\/dev.klb-koetztal.de\/app\/uploads\/2022\/09\/EP202_Umwelt-Deklaration_2022-08.pdf","link":"https:\/\/dev.klb-koetztal.de\/fr\/?attachment_id=51966","alt":"","author":"7","description":"","caption":"","name":"ep202_umwelt-deklaration_2022-08-2","status":"inherit","uploaded_to":0,"date":"2022-09-01 09:36:18","modified":"2022-09-01 09:36:18","menu_order":0,"mime_type":"application\/pdf","type":"application","subtype":"pdf","icon":"https:\/\/dev.klb-koetztal.de\/wp\/wp-includes\/images\/media\/document.png"},"filename":"D\u00e9clarations de produit environnemental (EPD)","protected":false,"doclang":"Multi","externalkey":"Umweltproduktdeklaration","docpos":"50"},{"download":false,"filename":"Fiche de donn\u00e9es de s\u00e9curit\u00e9","protected":true,"doclang":"FR","externalkey":"Sicherheitsdatenblatt","docpos":"3"}],"einstellungen":null,"background_color":"bg-none","background_color_content":"bg-none"}},"included_in_systems":{"module_included_in_systems":{"":null,"background_color":"bg-gray-medium","background_color_content":"bg-none"}},"contact":{"module_contact":{"":null,"background_color":"bg-none","background_color_content":"bg-none"}},"ausschreibende":{"module_ausschreibende":{"andern_sie_den_inhalt_unter_universelle_elemente":null,"background_color":"bg-none","background_color_content":"bg-none"}}},"yoast_head":"<!-- This site is optimized with the Yoast SEO plugin v27.0 - https:\/\/yoast.com\/product\/yoast-seo-wordpress\/ -->\n<title>Rev\u00eatement EP 202 \u00e0 faible \u00e9mission, lisse, dur | KLB K\u00f6tztal<\/title>\n<meta name=\"description\" content=\"Rev\u00eatement de sol et finition EP 202 faible en COV, color\u00e9, lisse, \u00e0 faible viscosit\u00e9 | KLB rev\u00eatements industriels \u2714\ufe0f AgBB, Eurofins\" \/>\n<meta name=\"robots\" content=\"noindex, follow, max-snippet:-1, max-image-preview:large, max-video-preview:-1\" \/>\n<meta property=\"og:locale\" content=\"fr_FR\" \/>\n<meta property=\"og:type\" content=\"article\" \/>\n<meta property=\"og:title\" content=\"Rev\u00eatement EP 202 \u00e0 faible \u00e9mission, lisse, dur | KLB K\u00f6tztal\" \/>\n<meta property=\"og:description\" content=\"Rev\u00eatement de sol et finition EP 202 faible en COV, color\u00e9, lisse, \u00e0 faible viscosit\u00e9 | KLB rev\u00eatements industriels \u2714\ufe0f AgBB, Eurofins\" \/>\n<meta property=\"og:url\" content=\"https:\/\/dev.klb-koetztal.de\/fr\/produkt\/klb-system-epoxid-ep-202\/\" \/>\n<meta property=\"og:site_name\" content=\"KLB K\u00f6tztal\" \/>\n<meta property=\"article:publisher\" content=\"https:\/\/www.facebook.com\/klbkoetztal\" \/>\n<meta property=\"article:modified_time\" content=\"2026-03-16T13:20:36+00:00\" \/>\n<meta property=\"og:image\" content=\"https:\/\/dev.klb-koetztal.de\/app\/uploads\/2022\/03\/EP202.jpg\" \/>\n\t<meta property=\"og:image:width\" content=\"500\" \/>\n\t<meta property=\"og:image:height\" content=\"500\" \/>\n\t<meta property=\"og:image:type\" content=\"image\/jpeg\" \/>\n<meta name=\"twitter:card\" content=\"summary_large_image\" \/>\n<script type=\"application\/ld+json\" class=\"yoast-schema-graph\">{\"@context\":\"https:\/\/schema.org\",\"@graph\":[{\"@type\":\"WebPage\",\"@id\":\"https:\/\/dev.klb-koetztal.de\/fr\/produkt\/klb-system-epoxid-ep-202\/\",\"url\":\"https:\/\/dev.klb-koetztal.de\/fr\/produkt\/klb-system-epoxid-ep-202\/\",\"name\":\"Rev\u00eatement EP 202 \u00e0 faible \u00e9mission, lisse, dur | KLB K\u00f6tztal\",\"isPartOf\":{\"@id\":\"https:\/\/dev.klb-koetztal.de\/fr\/#website\"},\"primaryImageOfPage\":{\"@id\":\"https:\/\/dev.klb-koetztal.de\/fr\/produkt\/klb-system-epoxid-ep-202\/#primaryimage\"},\"image\":{\"@id\":\"https:\/\/dev.klb-koetztal.de\/fr\/produkt\/klb-system-epoxid-ep-202\/#primaryimage\"},\"thumbnailUrl\":\"https:\/\/dev.klb-koetztal.de\/app\/uploads\/2022\/03\/EP202.jpg\",\"datePublished\":\"2022-03-14T10:02:53+00:00\",\"dateModified\":\"2026-03-16T13:20:36+00:00\",\"description\":\"Rev\u00eatement de sol et finition EP 202 faible en COV, color\u00e9, lisse, \u00e0 faible viscosit\u00e9 | KLB rev\u00eatements industriels \u2714\ufe0f AgBB, Eurofins\",\"breadcrumb\":{\"@id\":\"https:\/\/dev.klb-koetztal.de\/fr\/produkt\/klb-system-epoxid-ep-202\/#breadcrumb\"},\"inLanguage\":\"fr-FR\",\"potentialAction\":[{\"@type\":\"ReadAction\",\"target\":[\"https:\/\/dev.klb-koetztal.de\/fr\/produkt\/klb-system-epoxid-ep-202\/\"]}]},{\"@type\":\"ImageObject\",\"inLanguage\":\"fr-FR\",\"@id\":\"https:\/\/dev.klb-koetztal.de\/fr\/produkt\/klb-system-epoxid-ep-202\/#primaryimage\",\"url\":\"https:\/\/dev.klb-koetztal.de\/app\/uploads\/2022\/03\/EP202.jpg\",\"contentUrl\":\"https:\/\/dev.klb-koetztal.de\/app\/uploads\/2022\/03\/EP202.jpg\",\"width\":500,\"height\":500},{\"@type\":\"BreadcrumbList\",\"@id\":\"https:\/\/dev.klb-koetztal.de\/fr\/produkt\/klb-system-epoxid-ep-202\/#breadcrumb\",\"itemListElement\":[{\"@type\":\"ListItem\",\"position\":1,\"name\":\"Startseite\",\"item\":\"https:\/\/dev.klb-koetztal.de\/fr\/\"},{\"@type\":\"ListItem\",\"position\":2,\"name\":\"KLB-SYSTEM EPOXID EP 202\"}]},{\"@type\":\"WebSite\",\"@id\":\"https:\/\/dev.klb-koetztal.de\/fr\/#website\",\"url\":\"https:\/\/dev.klb-koetztal.de\/fr\/\",\"name\":\"KLB K\u00f6tztal\",\"description\":\"Gute B\u00f6den haben ein System.\",\"potentialAction\":[{\"@type\":\"SearchAction\",\"target\":{\"@type\":\"EntryPoint\",\"urlTemplate\":\"https:\/\/dev.klb-koetztal.de\/fr\/?s={search_term_string}\"},\"query-input\":{\"@type\":\"PropertyValueSpecification\",\"valueRequired\":true,\"valueName\":\"search_term_string\"}}],\"inLanguage\":\"fr-FR\"}]}<\/script>\n<!-- \/ Yoast SEO plugin. -->","yoast_head_json":{"title":"Rev\u00eatement EP 202 \u00e0 faible \u00e9mission, lisse, dur | KLB K\u00f6tztal","description":"Rev\u00eatement de sol et finition EP 202 faible en COV, color\u00e9, lisse, \u00e0 faible viscosit\u00e9 | KLB rev\u00eatements industriels \u2714\ufe0f AgBB, Eurofins","robots":{"index":"noindex","follow":"follow","max-snippet":"max-snippet:-1","max-image-preview":"max-image-preview:large","max-video-preview":"max-video-preview:-1"},"og_locale":"fr_FR","og_type":"article","og_title":"Rev\u00eatement EP 202 \u00e0 faible \u00e9mission, lisse, dur | KLB K\u00f6tztal","og_description":"Rev\u00eatement de sol et finition EP 202 faible en COV, color\u00e9, lisse, \u00e0 faible viscosit\u00e9 | KLB rev\u00eatements industriels \u2714\ufe0f AgBB, Eurofins","og_url":"https:\/\/dev.klb-koetztal.de\/fr\/produkt\/klb-system-epoxid-ep-202\/","og_site_name":"KLB K\u00f6tztal","article_publisher":"https:\/\/www.facebook.com\/klbkoetztal","article_modified_time":"2026-03-16T13:20:36+00:00","og_image":[{"width":500,"height":500,"url":"https:\/\/dev.klb-koetztal.de\/app\/uploads\/2022\/03\/EP202.jpg","type":"image\/jpeg"}],"twitter_card":"summary_large_image","schema":{"@context":"https:\/\/schema.org","@graph":[{"@type":"WebPage","@id":"https:\/\/dev.klb-koetztal.de\/fr\/produkt\/klb-system-epoxid-ep-202\/","url":"https:\/\/dev.klb-koetztal.de\/fr\/produkt\/klb-system-epoxid-ep-202\/","name":"Rev\u00eatement EP 202 \u00e0 faible \u00e9mission, lisse, dur | KLB K\u00f6tztal","isPartOf":{"@id":"https:\/\/dev.klb-koetztal.de\/fr\/#website"},"primaryImageOfPage":{"@id":"https:\/\/dev.klb-koetztal.de\/fr\/produkt\/klb-system-epoxid-ep-202\/#primaryimage"},"image":{"@id":"https:\/\/dev.klb-koetztal.de\/fr\/produkt\/klb-system-epoxid-ep-202\/#primaryimage"},"thumbnailUrl":"https:\/\/dev.klb-koetztal.de\/app\/uploads\/2022\/03\/EP202.jpg","datePublished":"2022-03-14T10:02:53+00:00","dateModified":"2026-03-16T13:20:36+00:00","description":"Rev\u00eatement de sol et finition EP 202 faible en COV, color\u00e9, lisse, \u00e0 faible viscosit\u00e9 | KLB rev\u00eatements industriels \u2714\ufe0f AgBB, Eurofins","breadcrumb":{"@id":"https:\/\/dev.klb-koetztal.de\/fr\/produkt\/klb-system-epoxid-ep-202\/#breadcrumb"},"inLanguage":"fr-FR","potentialAction":[{"@type":"ReadAction","target":["https:\/\/dev.klb-koetztal.de\/fr\/produkt\/klb-system-epoxid-ep-202\/"]}]},{"@type":"ImageObject","inLanguage":"fr-FR","@id":"https:\/\/dev.klb-koetztal.de\/fr\/produkt\/klb-system-epoxid-ep-202\/#primaryimage","url":"https:\/\/dev.klb-koetztal.de\/app\/uploads\/2022\/03\/EP202.jpg","contentUrl":"https:\/\/dev.klb-koetztal.de\/app\/uploads\/2022\/03\/EP202.jpg","width":500,"height":500},{"@type":"BreadcrumbList","@id":"https:\/\/dev.klb-koetztal.de\/fr\/produkt\/klb-system-epoxid-ep-202\/#breadcrumb","itemListElement":[{"@type":"ListItem","position":1,"name":"Startseite","item":"https:\/\/dev.klb-koetztal.de\/fr\/"},{"@type":"ListItem","position":2,"name":"KLB-SYSTEM EPOXID EP 202"}]},{"@type":"WebSite","@id":"https:\/\/dev.klb-koetztal.de\/fr\/#website","url":"https:\/\/dev.klb-koetztal.de\/fr\/","name":"KLB K\u00f6tztal","description":"Gute B\u00f6den haben ein System.","potentialAction":[{"@type":"SearchAction","target":{"@type":"EntryPoint","urlTemplate":"https:\/\/dev.klb-koetztal.de\/fr\/?s={search_term_string}"},"query-input":{"@type":"PropertyValueSpecification","valueRequired":true,"valueName":"search_term_string"}}],"inLanguage":"fr-FR"}]}},"_links":{"self":[{"href":"https:\/\/dev.klb-koetztal.de\/fr\/wp-json\/wp\/v2\/product\/49867","targetHints":{"allow":["GET"]}}],"collection":[{"href":"https:\/\/dev.klb-koetztal.de\/fr\/wp-json\/wp\/v2\/product"}],"about":[{"href":"https:\/\/dev.klb-koetztal.de\/fr\/wp-json\/wp\/v2\/types\/product"}],"wp:featuredmedia":[{"embeddable":true,"href":"https:\/\/dev.klb-koetztal.de\/fr\/wp-json\/wp\/v2\/media\/49869"}],"wp:attachment":[{"href":"https:\/\/dev.klb-koetztal.de\/fr\/wp-json\/wp\/v2\/media?parent=49867"}],"wp:term":[{"taxonomy":"product_brand","embeddable":true,"href":"https:\/\/dev.klb-koetztal.de\/fr\/wp-json\/wp\/v2\/product_brand?post=49867"},{"taxonomy":"product_cat","embeddable":true,"href":"https:\/\/dev.klb-koetztal.de\/fr\/wp-json\/wp\/v2\/product_cat?post=49867"},{"taxonomy":"product_tag","embeddable":true,"href":"https:\/\/dev.klb-koetztal.de\/fr\/wp-json\/wp\/v2\/product_tag?post=49867"}],"curies":[{"name":"wp","href":"https:\/\/api.w.org\/{rel}","templated":true}]}}