{"id":49835,"date":"2022-03-14T11:02:35","date_gmt":"2022-03-14T10:02:35","guid":{"rendered":"https:\/\/dev.klb-koetztal.de\/produkt\/klb-system-acryl-ac-353\/"},"modified":"2026-03-16T14:16:09","modified_gmt":"2026-03-16T13:16:09","slug":"klb-system-acryl-ac-353","status":"publish","type":"product","link":"https:\/\/dev.klb-koetztal.de\/fr\/produkt\/klb-system-acryl-ac-353\/","title":{"rendered":"KLB-SYSTEM ACRYL AC 353"},"content":{"rendered":"","protected":false},"excerpt":{"rendered":"<p>R\u00e9sine de jointoiement en bloc \u00e0 durcissement rapide et \u00e9lastique dur \u00e0 la base de PMMA pour les joints d&rsquo;\u00e9l\u00e9ments de construction traversables entre les dalles en b\u00e9ton. \u00c0&#160;utiliser comme mortier de jointoiement seulement en combinaison avec du sable mix\u00e9 KLB-Mischsand 2\/1. Comme alternative aux profil\u00e9s m\u00e9talliques conventionnels, de pr\u00e9f\u00e9rence lors de la r\u00e9novation et la r\u00e9alisation de joints \u00e0 circulation sans bruit, dans les zones industrielles et de parking, \u00e9galement lors des charges plus \u00e9lev\u00e9es. Avec une r\u00e9utilisation rapide gr\u00e2ce aux bonnes propri\u00e9t\u00e9s de&#160;durcissement et l&rsquo;aptitude au pon\u00e7age. Le sable mix\u00e9 et la&#160;poudre de durcissement AC doivent \u00eatre command\u00e9s&#160;s\u00e9par\u00e9ment !<\/p>\n","protected":false},"featured_media":49838,"template":"","meta":{"_acf_changed":false},"product_brand":[],"product_cat":[10036,10093],"product_tag":[],"class_list":{"0":"post-49835","1":"product","2":"type-product","3":"status-publish","4":"has-post-thumbnail","6":"product_cat-mortier-prefabrique-resines-pour-gorges-annulaires-resines-de-renovation-dinjection-et-de-joints","7":"product_cat-mortier-prefabrique-resines-pour-gorges-annulaires-resines-de-renovation-dinjection-et-de-joints_resines-de-joints","9":"first","10":"instock","11":"shipping-taxable","12":"product-type-simple"},"acf":{"product_header":{"module_product_header":{"":null,"prototype_headline":{"headline":"KLB-SYSTEM ACRYL AC 353","h1":true,"subheadline":"R\u00e9sine de jointoiement \u00e9lastique \u00e0 la base de PMMA pour les joints traversables","anchor":"","url":""},"grid_text_slider":false,"grid_text_content":[{"text":"<p class=\"product-short-title\" style=\"text-align: center;\"><strong>Br\u00e8ve description<\/strong><\/p>\n<p>R\u00e9sine de jointoiement en bloc \u00e0 durcissement rapide et \u00e9lastique dur \u00e0 la base de PMMA pour les joints d&rsquo;\u00e9l\u00e9ments de construction traversables entre les dalles en b\u00e9ton. \u00c0&#160;utiliser comme mortier de jointoiement seulement en combinaison avec du sable mix\u00e9 KLB-Mischsand 2\/1. Comme alternative aux profil\u00e9s m\u00e9talliques conventionnels, de pr\u00e9f\u00e9rence lors de la r\u00e9novation et la r\u00e9alisation de joints \u00e0 circulation sans bruit, dans les zones industrielles et de parking, \u00e9galement lors des charges plus \u00e9lev\u00e9es. Avec une r\u00e9utilisation rapide gr\u00e2ce aux bonnes propri\u00e9t\u00e9s de&#160;durcissement et l&rsquo;aptitude au pon\u00e7age. Le sable mix\u00e9 et la&#160;poudre de durcissement AC doivent \u00eatre command\u00e9s&#160;s\u00e9par\u00e9ment !<\/p>\n","width":"4","background_color_text":"bg-white","border_color":"border-gray-light"},{"text":"<p class=\"product-sicing-title\" style=\"text-align: center;\"><strong>Unit\u00e9s d'emballage<\/strong><\/p>\n<ul>\n<li>AK0030-47 &#8211; Seau 10,00 kg<\/li>\n<li>AK0030-30 &#8211; Hobbock 25,00 kg<\/li>\n<\/ul>\n<p><\/p>\n<p>N&rsquo;h\u00e9sitez pas \u00e0 contacter directement pour toute demande concernant des quantit\u00e9s de livraison ou des unit\u00e9s de conditionnement plus importantes.<\/p>\n\n","width":"4","background_color_text":"bg-white","border_color":"border-gray-light"},{"text":"<p class=\"product-attr-title\" style=\"text-align: center;\"><strong>Propri\u00e9t\u00e9s<\/strong><\/p>\n<ul>\n<li>\u00e0 durcissement rapide<\/li>\n<li>accessibilit\u00e9 rapide<\/li>\n<li>d\u00e9formable<\/li>\n<li>\u00e0 faible retrait<\/li>\n<li>bonne r\u00e9sistance \u00e0 l&rsquo;eau et aux produits chimiques<\/li>\n<li>\u00e9tanche aux liquides<\/li>\n<li>r\u00e9sistant aux intemp\u00e9ries<\/li>\n<\/ul>\n","width":"4","background_color_text":"bg-white","border_color":"border-gray-light"}],"background_color":"bg-none","background_color_content":"bg-none"}},"downloads":{"module_download_list":{"inhalt":null,"downloads":[{"download":{"ID":64586,"id":64586,"title":"AC_353_PI_fr_2025_03","filename":"AC_353_PI_fr_2025_03.pdf","filesize":269806,"url":"https:\/\/dev.klb-koetztal.de\/app\/uploads\/2025\/03\/AC_353_PI_fr_2025_03.pdf","link":"https:\/\/dev.klb-koetztal.de\/fr\/?attachment_id=64586","alt":"","author":"7","description":"","caption":"","name":"ac_353_pi_fr_2025_03-2","status":"inherit","uploaded_to":0,"date":"2025-03-11 07:00:16","modified":"2025-03-11 07:00:16","menu_order":0,"mime_type":"application\/pdf","type":"application","subtype":"pdf","icon":"https:\/\/dev.klb-koetztal.de\/wp\/wp-includes\/images\/media\/document.png"},"filename":"Information produit","protected":false,"doclang":"FR","externalkey":"Produktinformation","docpos":"3"},{"download":{"ID":67740,"id":67740,"title":"AC353_Umwelt-Deklaration_2025-10","filename":"AC353_Umwelt-Deklaration_2025-10.pdf","filesize":1692601,"url":"https:\/\/dev.klb-koetztal.de\/app\/uploads\/2025\/10\/AC353_Umwelt-Deklaration_2025-10.pdf","link":"https:\/\/dev.klb-koetztal.de\/fr\/?attachment_id=67740","alt":"","author":"7","description":"","caption":"","name":"ac353_umwelt-deklaration_2025-10-2","status":"inherit","uploaded_to":0,"date":"2025-10-16 09:11:07","modified":"2025-10-16 09:11:07","menu_order":0,"mime_type":"application\/pdf","type":"application","subtype":"pdf","icon":"https:\/\/dev.klb-koetztal.de\/wp\/wp-includes\/images\/media\/document.png"},"filename":"D\u00e9clarations de produit environnemental (EPD)","protected":false,"doclang":"Multi","externalkey":"Umweltproduktdeklaration","docpos":"50"},{"download":false,"filename":"Fiche de donn\u00e9es de s\u00e9curit\u00e9","protected":true,"doclang":"FR","externalkey":"Sicherheitsdatenblatt","docpos":"3"}],"einstellungen":null,"background_color":"bg-none","background_color_content":"bg-none"}},"included_in_systems":{"module_included_in_systems":{"":null,"background_color":"bg-gray-medium","background_color_content":"bg-none"}},"contact":{"module_contact":{"":null,"background_color":"bg-none","background_color_content":"bg-none"}},"ausschreibende":{"module_ausschreibende":{"andern_sie_den_inhalt_unter_universelle_elemente":null,"background_color":"bg-none","background_color_content":"bg-none"}}},"yoast_head":"<!-- This site is optimized with the Yoast SEO plugin v27.0 - https:\/\/yoast.com\/product\/yoast-seo-wordpress\/ -->\n<title>R\u00e9sine de jointoiement AC 353 \u00e9lastique \u00e0 base PMMA | KLB<\/title>\n<meta name=\"description\" content=\"R\u00e9sine de jointoiement AC 353 \u00e9lastique, r\u00e9active, base PMMA pour joints traversables | KLB rev\u00eatements \u2714\ufe0fcomposants et joints de construction\" \/>\n<meta name=\"robots\" content=\"noindex, follow, max-snippet:-1, max-image-preview:large, max-video-preview:-1\" \/>\n<meta property=\"og:locale\" content=\"fr_FR\" \/>\n<meta property=\"og:type\" content=\"article\" \/>\n<meta property=\"og:title\" content=\"R\u00e9sine de jointoiement AC 353 \u00e9lastique \u00e0 base PMMA | KLB\" \/>\n<meta property=\"og:description\" content=\"R\u00e9sine de jointoiement AC 353 \u00e9lastique, r\u00e9active, base PMMA pour joints traversables | KLB rev\u00eatements \u2714\ufe0fcomposants et joints de construction\" \/>\n<meta property=\"og:url\" content=\"https:\/\/dev.klb-koetztal.de\/fr\/produkt\/klb-system-acryl-ac-353\/\" \/>\n<meta property=\"og:site_name\" content=\"KLB K\u00f6tztal\" \/>\n<meta property=\"article:publisher\" content=\"https:\/\/www.facebook.com\/klbkoetztal\" \/>\n<meta property=\"article:modified_time\" content=\"2026-03-16T13:16:09+00:00\" \/>\n<meta property=\"og:image\" content=\"https:\/\/dev.klb-koetztal.de\/app\/uploads\/2022\/03\/AC353.jpg\" \/>\n\t<meta property=\"og:image:width\" content=\"500\" \/>\n\t<meta property=\"og:image:height\" content=\"500\" \/>\n\t<meta property=\"og:image:type\" content=\"image\/jpeg\" \/>\n<meta name=\"twitter:card\" content=\"summary_large_image\" \/>\n<script type=\"application\/ld+json\" class=\"yoast-schema-graph\">{\"@context\":\"https:\/\/schema.org\",\"@graph\":[{\"@type\":\"WebPage\",\"@id\":\"https:\/\/dev.klb-koetztal.de\/fr\/produkt\/klb-system-acryl-ac-353\/\",\"url\":\"https:\/\/dev.klb-koetztal.de\/fr\/produkt\/klb-system-acryl-ac-353\/\",\"name\":\"R\u00e9sine de jointoiement AC 353 \u00e9lastique \u00e0 base PMMA | KLB\",\"isPartOf\":{\"@id\":\"https:\/\/dev.klb-koetztal.de\/fr\/#website\"},\"primaryImageOfPage\":{\"@id\":\"https:\/\/dev.klb-koetztal.de\/fr\/produkt\/klb-system-acryl-ac-353\/#primaryimage\"},\"image\":{\"@id\":\"https:\/\/dev.klb-koetztal.de\/fr\/produkt\/klb-system-acryl-ac-353\/#primaryimage\"},\"thumbnailUrl\":\"https:\/\/dev.klb-koetztal.de\/app\/uploads\/2022\/03\/AC353.jpg\",\"datePublished\":\"2022-03-14T10:02:35+00:00\",\"dateModified\":\"2026-03-16T13:16:09+00:00\",\"description\":\"R\u00e9sine de jointoiement AC 353 \u00e9lastique, r\u00e9active, base PMMA pour joints traversables | KLB rev\u00eatements \u2714\ufe0fcomposants et joints de construction\",\"breadcrumb\":{\"@id\":\"https:\/\/dev.klb-koetztal.de\/fr\/produkt\/klb-system-acryl-ac-353\/#breadcrumb\"},\"inLanguage\":\"fr-FR\",\"potentialAction\":[{\"@type\":\"ReadAction\",\"target\":[\"https:\/\/dev.klb-koetztal.de\/fr\/produkt\/klb-system-acryl-ac-353\/\"]}]},{\"@type\":\"ImageObject\",\"inLanguage\":\"fr-FR\",\"@id\":\"https:\/\/dev.klb-koetztal.de\/fr\/produkt\/klb-system-acryl-ac-353\/#primaryimage\",\"url\":\"https:\/\/dev.klb-koetztal.de\/app\/uploads\/2022\/03\/AC353.jpg\",\"contentUrl\":\"https:\/\/dev.klb-koetztal.de\/app\/uploads\/2022\/03\/AC353.jpg\",\"width\":500,\"height\":500},{\"@type\":\"BreadcrumbList\",\"@id\":\"https:\/\/dev.klb-koetztal.de\/fr\/produkt\/klb-system-acryl-ac-353\/#breadcrumb\",\"itemListElement\":[{\"@type\":\"ListItem\",\"position\":1,\"name\":\"Startseite\",\"item\":\"https:\/\/dev.klb-koetztal.de\/fr\/\"},{\"@type\":\"ListItem\",\"position\":2,\"name\":\"KLB-SYSTEM ACRYL AC 353\"}]},{\"@type\":\"WebSite\",\"@id\":\"https:\/\/dev.klb-koetztal.de\/fr\/#website\",\"url\":\"https:\/\/dev.klb-koetztal.de\/fr\/\",\"name\":\"KLB K\u00f6tztal\",\"description\":\"Gute B\u00f6den haben ein System.\",\"potentialAction\":[{\"@type\":\"SearchAction\",\"target\":{\"@type\":\"EntryPoint\",\"urlTemplate\":\"https:\/\/dev.klb-koetztal.de\/fr\/?s={search_term_string}\"},\"query-input\":{\"@type\":\"PropertyValueSpecification\",\"valueRequired\":true,\"valueName\":\"search_term_string\"}}],\"inLanguage\":\"fr-FR\"}]}<\/script>\n<!-- \/ Yoast SEO plugin. -->","yoast_head_json":{"title":"R\u00e9sine de jointoiement AC 353 \u00e9lastique \u00e0 base PMMA | KLB","description":"R\u00e9sine de jointoiement AC 353 \u00e9lastique, r\u00e9active, base PMMA pour joints traversables | KLB rev\u00eatements \u2714\ufe0fcomposants et joints de construction","robots":{"index":"noindex","follow":"follow","max-snippet":"max-snippet:-1","max-image-preview":"max-image-preview:large","max-video-preview":"max-video-preview:-1"},"og_locale":"fr_FR","og_type":"article","og_title":"R\u00e9sine de jointoiement AC 353 \u00e9lastique \u00e0 base PMMA | KLB","og_description":"R\u00e9sine de jointoiement AC 353 \u00e9lastique, r\u00e9active, base PMMA pour joints traversables | KLB rev\u00eatements \u2714\ufe0fcomposants et joints de construction","og_url":"https:\/\/dev.klb-koetztal.de\/fr\/produkt\/klb-system-acryl-ac-353\/","og_site_name":"KLB K\u00f6tztal","article_publisher":"https:\/\/www.facebook.com\/klbkoetztal","article_modified_time":"2026-03-16T13:16:09+00:00","og_image":[{"width":500,"height":500,"url":"https:\/\/dev.klb-koetztal.de\/app\/uploads\/2022\/03\/AC353.jpg","type":"image\/jpeg"}],"twitter_card":"summary_large_image","schema":{"@context":"https:\/\/schema.org","@graph":[{"@type":"WebPage","@id":"https:\/\/dev.klb-koetztal.de\/fr\/produkt\/klb-system-acryl-ac-353\/","url":"https:\/\/dev.klb-koetztal.de\/fr\/produkt\/klb-system-acryl-ac-353\/","name":"R\u00e9sine de jointoiement AC 353 \u00e9lastique \u00e0 base PMMA | KLB","isPartOf":{"@id":"https:\/\/dev.klb-koetztal.de\/fr\/#website"},"primaryImageOfPage":{"@id":"https:\/\/dev.klb-koetztal.de\/fr\/produkt\/klb-system-acryl-ac-353\/#primaryimage"},"image":{"@id":"https:\/\/dev.klb-koetztal.de\/fr\/produkt\/klb-system-acryl-ac-353\/#primaryimage"},"thumbnailUrl":"https:\/\/dev.klb-koetztal.de\/app\/uploads\/2022\/03\/AC353.jpg","datePublished":"2022-03-14T10:02:35+00:00","dateModified":"2026-03-16T13:16:09+00:00","description":"R\u00e9sine de jointoiement AC 353 \u00e9lastique, r\u00e9active, base PMMA pour joints traversables | KLB rev\u00eatements \u2714\ufe0fcomposants et joints de construction","breadcrumb":{"@id":"https:\/\/dev.klb-koetztal.de\/fr\/produkt\/klb-system-acryl-ac-353\/#breadcrumb"},"inLanguage":"fr-FR","potentialAction":[{"@type":"ReadAction","target":["https:\/\/dev.klb-koetztal.de\/fr\/produkt\/klb-system-acryl-ac-353\/"]}]},{"@type":"ImageObject","inLanguage":"fr-FR","@id":"https:\/\/dev.klb-koetztal.de\/fr\/produkt\/klb-system-acryl-ac-353\/#primaryimage","url":"https:\/\/dev.klb-koetztal.de\/app\/uploads\/2022\/03\/AC353.jpg","contentUrl":"https:\/\/dev.klb-koetztal.de\/app\/uploads\/2022\/03\/AC353.jpg","width":500,"height":500},{"@type":"BreadcrumbList","@id":"https:\/\/dev.klb-koetztal.de\/fr\/produkt\/klb-system-acryl-ac-353\/#breadcrumb","itemListElement":[{"@type":"ListItem","position":1,"name":"Startseite","item":"https:\/\/dev.klb-koetztal.de\/fr\/"},{"@type":"ListItem","position":2,"name":"KLB-SYSTEM ACRYL AC 353"}]},{"@type":"WebSite","@id":"https:\/\/dev.klb-koetztal.de\/fr\/#website","url":"https:\/\/dev.klb-koetztal.de\/fr\/","name":"KLB K\u00f6tztal","description":"Gute B\u00f6den haben ein System.","potentialAction":[{"@type":"SearchAction","target":{"@type":"EntryPoint","urlTemplate":"https:\/\/dev.klb-koetztal.de\/fr\/?s={search_term_string}"},"query-input":{"@type":"PropertyValueSpecification","valueRequired":true,"valueName":"search_term_string"}}],"inLanguage":"fr-FR"}]}},"_links":{"self":[{"href":"https:\/\/dev.klb-koetztal.de\/fr\/wp-json\/wp\/v2\/product\/49835","targetHints":{"allow":["GET"]}}],"collection":[{"href":"https:\/\/dev.klb-koetztal.de\/fr\/wp-json\/wp\/v2\/product"}],"about":[{"href":"https:\/\/dev.klb-koetztal.de\/fr\/wp-json\/wp\/v2\/types\/product"}],"wp:featuredmedia":[{"embeddable":true,"href":"https:\/\/dev.klb-koetztal.de\/fr\/wp-json\/wp\/v2\/media\/49838"}],"wp:attachment":[{"href":"https:\/\/dev.klb-koetztal.de\/fr\/wp-json\/wp\/v2\/media?parent=49835"}],"wp:term":[{"taxonomy":"product_brand","embeddable":true,"href":"https:\/\/dev.klb-koetztal.de\/fr\/wp-json\/wp\/v2\/product_brand?post=49835"},{"taxonomy":"product_cat","embeddable":true,"href":"https:\/\/dev.klb-koetztal.de\/fr\/wp-json\/wp\/v2\/product_cat?post=49835"},{"taxonomy":"product_tag","embeddable":true,"href":"https:\/\/dev.klb-koetztal.de\/fr\/wp-json\/wp\/v2\/product_tag?post=49835"}],"curies":[{"name":"wp","href":"https:\/\/api.w.org\/{rel}","templated":true}]}}