{"id":49808,"date":"2022-03-14T11:02:18","date_gmt":"2022-03-14T10:02:18","guid":{"rendered":"https:\/\/dev.klb-koetztal.de\/produkt\/klb-system-epoxid-ep-722-e\/"},"modified":"2026-03-16T14:08:57","modified_gmt":"2026-03-16T13:08:57","slug":"klb-system-epoxid-ep-722-e","status":"publish","type":"product","link":"https:\/\/dev.klb-koetztal.de\/fr\/produkt\/klb-system-epoxid-ep-722-e\/","title":{"rendered":"KLB-SYSTEM EPOXID EP 722 E"},"content":{"rendered":"","protected":false},"excerpt":{"rendered":"<p>\u00c9mulsion en r\u00e9sine \u00e9poxy \u00e0 2 composants pour l&rsquo;impr\u00e9gnation&#160;incolore sur les&#160;substrats min\u00e9raux, tels que le b\u00e9ton, les chapes et les rev\u00eatements en mat\u00e9riaux durs. Concentr\u00e9 diluable \u00e0 l&rsquo;eau.<\/p>\n","protected":false},"featured_media":49810,"template":"","meta":{"_acf_changed":false},"product_brand":[],"product_cat":[10038,10039],"product_tag":[],"class_list":{"0":"post-49808","1":"product","2":"type-product","3":"status-publish","4":"has-post-thumbnail","6":"product_cat-scellements-impregnations","7":"product_cat-scellements-impregnations_impregnations","9":"first","10":"instock","11":"shipping-taxable","12":"product-type-simple"},"acf":{"product_header":{"module_product_header":{"":null,"prototype_headline":{"headline":"KLB-SYSTEM EPOXID EP 722 E","h1":true,"subheadline":"Impr\u00e9gnation&#160;incolore bas\u00e9 sur une \u00e9mulsion&#160;en r\u00e9sine \u00e9poxy bicomposante&#160;pour les substrats en b\u00e9ton","anchor":"","url":""},"grid_text_slider":false,"grid_text_content":[{"text":"<p class=\"product-short-title\" style=\"text-align: center;\"><strong>Br\u00e8ve description<\/strong><\/p>\n<p>\u00c9mulsion en r\u00e9sine \u00e9poxy \u00e0 2 composants pour l&rsquo;impr\u00e9gnation&#160;incolore sur les&#160;substrats min\u00e9raux, tels que le b\u00e9ton, les chapes et les rev\u00eatements en mat\u00e9riaux durs. Concentr\u00e9 diluable \u00e0 l&rsquo;eau.<\/p>\n","width":"4","background_color_text":"bg-white","border_color":"border-gray-light"},{"text":"<p class=\"product-sicing-title\" style=\"text-align: center;\"><strong>Unit\u00e9s d'emballage<\/strong><\/p>\n<ul>\n<li>AK8025-47 &#8211; Combinaison Seau 12,00 kg<\/li>\n<li>AK8025-30 &#8211; Combinaison Hobbock 30,00 kg<\/li>\n<\/ul>\n<p><\/p>\n<p>N&rsquo;h\u00e9sitez pas \u00e0 contacter directement pour toute demande concernant des quantit\u00e9s de livraison ou des unit\u00e9s de conditionnement plus importantes.<\/p>\n\n","width":"4","background_color_text":"bg-white","border_color":"border-gray-light"},{"text":"<p class=\"product-attr-title\" style=\"text-align: center;\"><strong>Propri\u00e9t\u00e9s<\/strong><\/p>\n<ul>\n<li>total Solid selon GISCODE<\/li>\n<li>concentr\u00e9<\/li>\n<li>filmog\u00e8ne, incolore<\/li>\n<li>inodore<\/li>\n<li>perm\u00e9able \u00e0 la vapeur d&rsquo;eau<\/li>\n<li>tr\u00e8s haute adh\u00e9rence<\/li>\n<li>retardant l&rsquo;\u00e9vaporation<\/li>\n<li>comme premi\u00e8re impr\u00e9gnation<\/li>\n<li>respectueux de l&rsquo;environnement<\/li>\n<li>exempt de substances susceptibles d&rsquo;endommager les vernis<\/li>\n<\/ul>\n","width":"4","background_color_text":"bg-white","border_color":"border-gray-light"}],"background_color":"bg-none","background_color_content":"bg-none"}},"downloads":{"module_download_list":{"inhalt":null,"downloads":[{"download":{"ID":65919,"id":65919,"title":"EP_722_E_PI_fr_2025_06","filename":"EP_722_E_PI_fr_2025_06.pdf","filesize":324999,"url":"https:\/\/dev.klb-koetztal.de\/app\/uploads\/2025\/06\/EP_722_E_PI_fr_2025_06.pdf","link":"https:\/\/dev.klb-koetztal.de\/fr\/?attachment_id=65919","alt":"","author":"7","description":"","caption":"","name":"ep_722_e_pi_fr_2025_06-2","status":"inherit","uploaded_to":0,"date":"2025-06-18 10:20:16","modified":"2025-06-18 10:20:16","menu_order":0,"mime_type":"application\/pdf","type":"application","subtype":"pdf","icon":"https:\/\/dev.klb-koetztal.de\/wp\/wp-includes\/images\/media\/document.png"},"filename":"Information produit","protected":false,"doclang":"FR","externalkey":"Produktinformation","docpos":"3"},{"download":{"ID":49813,"id":49813,"title":"Leistungserkl\u00e4rung - Statement of performance","filename":"EP722_E_LE_2013-04.pdf","filesize":170412,"url":"https:\/\/dev.klb-koetztal.de\/app\/uploads\/2022\/03\/EP722_E_LE_2013-04.pdf","link":"https:\/\/dev.klb-koetztal.de\/fr\/?attachment_id=49813","alt":"","author":"7","description":"","caption":"","name":"ep722_e_le_2013-04","status":"inherit","uploaded_to":0,"date":"2022-03-14 10:02:22","modified":"2026-03-16 13:09:03","menu_order":0,"mime_type":"application\/pdf","type":"application","subtype":"pdf","icon":"https:\/\/dev.klb-koetztal.de\/wp\/wp-includes\/images\/media\/document.png"},"filename":"D\u00e9claration de performance","protected":false,"doclang":"Multi","externalkey":"Leistungserklaerung","docpos":"50"},{"download":{"ID":52026,"id":52026,"title":"EP722_E_Umwelt-Deklaration_2022-08","filename":"EP722_E_Umwelt-Deklaration_2022-08.pdf","filesize":2470211,"url":"https:\/\/dev.klb-koetztal.de\/app\/uploads\/2022\/09\/EP722_E_Umwelt-Deklaration_2022-08.pdf","link":"https:\/\/dev.klb-koetztal.de\/fr\/?attachment_id=52026","alt":"","author":"7","description":"","caption":"","name":"ep722_e_umwelt-deklaration_2022-08-2","status":"inherit","uploaded_to":0,"date":"2022-09-01 11:10:34","modified":"2022-09-01 11:10:34","menu_order":0,"mime_type":"application\/pdf","type":"application","subtype":"pdf","icon":"https:\/\/dev.klb-koetztal.de\/wp\/wp-includes\/images\/media\/document.png"},"filename":"D\u00e9clarations de produit environnemental (EPD)","protected":false,"doclang":"Multi","externalkey":"Umweltproduktdeklaration","docpos":"50"},{"download":false,"filename":"Fiche de donn\u00e9es de s\u00e9curit\u00e9","protected":true,"doclang":"FR","externalkey":"Sicherheitsdatenblatt","docpos":"3"}],"einstellungen":null,"background_color":"bg-none","background_color_content":"bg-none"}},"included_in_systems":{"module_included_in_systems":{"":null,"background_color":"bg-gray-medium","background_color_content":"bg-none"}},"contact":{"module_contact":{"":null,"background_color":"bg-none","background_color_content":"bg-none"}},"ausschreibende":{"module_ausschreibende":{"andern_sie_den_inhalt_unter_universelle_elemente":null,"background_color":"bg-none","background_color_content":"bg-none"}}},"yoast_head":"<!-- This site is optimized with the Yoast SEO plugin v27.0 - https:\/\/yoast.com\/product\/yoast-seo-wordpress\/ -->\n<title>Impr\u00e9gnation EP 722 E incolore, bicomp. \u00e9poxy | KLB<\/title>\n<meta name=\"description\" content=\"Impr\u00e9gnation EP 722 E transparente, diluable \u00e0 l&#039;eau, bicomp. en \u00e9poxy | KLB sols industriels \u2714\ufe0f r\u00e9sistant \u00e0 l&#039;huile, au graisse, aux sels, \u00e0 l&#039;eau, etc.\" \/>\n<meta name=\"robots\" content=\"noindex, follow, max-snippet:-1, max-image-preview:large, max-video-preview:-1\" \/>\n<meta property=\"og:locale\" content=\"fr_FR\" \/>\n<meta property=\"og:type\" content=\"article\" \/>\n<meta property=\"og:title\" content=\"Impr\u00e9gnation EP 722 E incolore, bicomp. \u00e9poxy | KLB\" \/>\n<meta property=\"og:description\" content=\"Impr\u00e9gnation EP 722 E transparente, diluable \u00e0 l&#039;eau, bicomp. en \u00e9poxy | KLB sols industriels \u2714\ufe0f r\u00e9sistant \u00e0 l&#039;huile, au graisse, aux sels, \u00e0 l&#039;eau, etc.\" \/>\n<meta property=\"og:url\" content=\"https:\/\/dev.klb-koetztal.de\/fr\/produkt\/klb-system-epoxid-ep-722-e\/\" \/>\n<meta property=\"og:site_name\" content=\"KLB K\u00f6tztal\" \/>\n<meta property=\"article:publisher\" content=\"https:\/\/www.facebook.com\/klbkoetztal\" \/>\n<meta property=\"article:modified_time\" content=\"2026-03-16T13:08:57+00:00\" \/>\n<meta property=\"og:image\" content=\"https:\/\/dev.klb-koetztal.de\/app\/uploads\/2022\/03\/EP722_E.jpg\" \/>\n\t<meta property=\"og:image:width\" content=\"500\" \/>\n\t<meta property=\"og:image:height\" content=\"500\" \/>\n\t<meta property=\"og:image:type\" content=\"image\/jpeg\" \/>\n<meta name=\"twitter:card\" content=\"summary_large_image\" \/>\n<script type=\"application\/ld+json\" class=\"yoast-schema-graph\">{\"@context\":\"https:\/\/schema.org\",\"@graph\":[{\"@type\":\"WebPage\",\"@id\":\"https:\/\/dev.klb-koetztal.de\/fr\/produkt\/klb-system-epoxid-ep-722-e\/\",\"url\":\"https:\/\/dev.klb-koetztal.de\/fr\/produkt\/klb-system-epoxid-ep-722-e\/\",\"name\":\"Impr\u00e9gnation EP 722 E incolore, bicomp. \u00e9poxy | KLB\",\"isPartOf\":{\"@id\":\"https:\/\/dev.klb-koetztal.de\/fr\/#website\"},\"primaryImageOfPage\":{\"@id\":\"https:\/\/dev.klb-koetztal.de\/fr\/produkt\/klb-system-epoxid-ep-722-e\/#primaryimage\"},\"image\":{\"@id\":\"https:\/\/dev.klb-koetztal.de\/fr\/produkt\/klb-system-epoxid-ep-722-e\/#primaryimage\"},\"thumbnailUrl\":\"https:\/\/dev.klb-koetztal.de\/app\/uploads\/2022\/03\/EP722_E.jpg\",\"datePublished\":\"2022-03-14T10:02:18+00:00\",\"dateModified\":\"2026-03-16T13:08:57+00:00\",\"description\":\"Impr\u00e9gnation EP 722 E transparente, diluable \u00e0 l'eau, bicomp. en \u00e9poxy | KLB sols industriels \u2714\ufe0f r\u00e9sistant \u00e0 l'huile, au graisse, aux sels, \u00e0 l'eau, etc.\",\"breadcrumb\":{\"@id\":\"https:\/\/dev.klb-koetztal.de\/fr\/produkt\/klb-system-epoxid-ep-722-e\/#breadcrumb\"},\"inLanguage\":\"fr-FR\",\"potentialAction\":[{\"@type\":\"ReadAction\",\"target\":[\"https:\/\/dev.klb-koetztal.de\/fr\/produkt\/klb-system-epoxid-ep-722-e\/\"]}]},{\"@type\":\"ImageObject\",\"inLanguage\":\"fr-FR\",\"@id\":\"https:\/\/dev.klb-koetztal.de\/fr\/produkt\/klb-system-epoxid-ep-722-e\/#primaryimage\",\"url\":\"https:\/\/dev.klb-koetztal.de\/app\/uploads\/2022\/03\/EP722_E.jpg\",\"contentUrl\":\"https:\/\/dev.klb-koetztal.de\/app\/uploads\/2022\/03\/EP722_E.jpg\",\"width\":500,\"height\":500},{\"@type\":\"BreadcrumbList\",\"@id\":\"https:\/\/dev.klb-koetztal.de\/fr\/produkt\/klb-system-epoxid-ep-722-e\/#breadcrumb\",\"itemListElement\":[{\"@type\":\"ListItem\",\"position\":1,\"name\":\"Startseite\",\"item\":\"https:\/\/dev.klb-koetztal.de\/fr\/\"},{\"@type\":\"ListItem\",\"position\":2,\"name\":\"KLB-SYSTEM EPOXID EP 722 E\"}]},{\"@type\":\"WebSite\",\"@id\":\"https:\/\/dev.klb-koetztal.de\/fr\/#website\",\"url\":\"https:\/\/dev.klb-koetztal.de\/fr\/\",\"name\":\"KLB K\u00f6tztal\",\"description\":\"Gute B\u00f6den haben ein System.\",\"potentialAction\":[{\"@type\":\"SearchAction\",\"target\":{\"@type\":\"EntryPoint\",\"urlTemplate\":\"https:\/\/dev.klb-koetztal.de\/fr\/?s={search_term_string}\"},\"query-input\":{\"@type\":\"PropertyValueSpecification\",\"valueRequired\":true,\"valueName\":\"search_term_string\"}}],\"inLanguage\":\"fr-FR\"}]}<\/script>\n<!-- \/ Yoast SEO plugin. -->","yoast_head_json":{"title":"Impr\u00e9gnation EP 722 E incolore, bicomp. \u00e9poxy | KLB","description":"Impr\u00e9gnation EP 722 E transparente, diluable \u00e0 l'eau, bicomp. en \u00e9poxy | KLB sols industriels \u2714\ufe0f r\u00e9sistant \u00e0 l'huile, au graisse, aux sels, \u00e0 l'eau, etc.","robots":{"index":"noindex","follow":"follow","max-snippet":"max-snippet:-1","max-image-preview":"max-image-preview:large","max-video-preview":"max-video-preview:-1"},"og_locale":"fr_FR","og_type":"article","og_title":"Impr\u00e9gnation EP 722 E incolore, bicomp. \u00e9poxy | KLB","og_description":"Impr\u00e9gnation EP 722 E transparente, diluable \u00e0 l'eau, bicomp. en \u00e9poxy | KLB sols industriels \u2714\ufe0f r\u00e9sistant \u00e0 l'huile, au graisse, aux sels, \u00e0 l'eau, etc.","og_url":"https:\/\/dev.klb-koetztal.de\/fr\/produkt\/klb-system-epoxid-ep-722-e\/","og_site_name":"KLB K\u00f6tztal","article_publisher":"https:\/\/www.facebook.com\/klbkoetztal","article_modified_time":"2026-03-16T13:08:57+00:00","og_image":[{"width":500,"height":500,"url":"https:\/\/dev.klb-koetztal.de\/app\/uploads\/2022\/03\/EP722_E.jpg","type":"image\/jpeg"}],"twitter_card":"summary_large_image","schema":{"@context":"https:\/\/schema.org","@graph":[{"@type":"WebPage","@id":"https:\/\/dev.klb-koetztal.de\/fr\/produkt\/klb-system-epoxid-ep-722-e\/","url":"https:\/\/dev.klb-koetztal.de\/fr\/produkt\/klb-system-epoxid-ep-722-e\/","name":"Impr\u00e9gnation EP 722 E incolore, bicomp. \u00e9poxy | KLB","isPartOf":{"@id":"https:\/\/dev.klb-koetztal.de\/fr\/#website"},"primaryImageOfPage":{"@id":"https:\/\/dev.klb-koetztal.de\/fr\/produkt\/klb-system-epoxid-ep-722-e\/#primaryimage"},"image":{"@id":"https:\/\/dev.klb-koetztal.de\/fr\/produkt\/klb-system-epoxid-ep-722-e\/#primaryimage"},"thumbnailUrl":"https:\/\/dev.klb-koetztal.de\/app\/uploads\/2022\/03\/EP722_E.jpg","datePublished":"2022-03-14T10:02:18+00:00","dateModified":"2026-03-16T13:08:57+00:00","description":"Impr\u00e9gnation EP 722 E transparente, diluable \u00e0 l'eau, bicomp. en \u00e9poxy | KLB sols industriels \u2714\ufe0f r\u00e9sistant \u00e0 l'huile, au graisse, aux sels, \u00e0 l'eau, etc.","breadcrumb":{"@id":"https:\/\/dev.klb-koetztal.de\/fr\/produkt\/klb-system-epoxid-ep-722-e\/#breadcrumb"},"inLanguage":"fr-FR","potentialAction":[{"@type":"ReadAction","target":["https:\/\/dev.klb-koetztal.de\/fr\/produkt\/klb-system-epoxid-ep-722-e\/"]}]},{"@type":"ImageObject","inLanguage":"fr-FR","@id":"https:\/\/dev.klb-koetztal.de\/fr\/produkt\/klb-system-epoxid-ep-722-e\/#primaryimage","url":"https:\/\/dev.klb-koetztal.de\/app\/uploads\/2022\/03\/EP722_E.jpg","contentUrl":"https:\/\/dev.klb-koetztal.de\/app\/uploads\/2022\/03\/EP722_E.jpg","width":500,"height":500},{"@type":"BreadcrumbList","@id":"https:\/\/dev.klb-koetztal.de\/fr\/produkt\/klb-system-epoxid-ep-722-e\/#breadcrumb","itemListElement":[{"@type":"ListItem","position":1,"name":"Startseite","item":"https:\/\/dev.klb-koetztal.de\/fr\/"},{"@type":"ListItem","position":2,"name":"KLB-SYSTEM EPOXID EP 722 E"}]},{"@type":"WebSite","@id":"https:\/\/dev.klb-koetztal.de\/fr\/#website","url":"https:\/\/dev.klb-koetztal.de\/fr\/","name":"KLB K\u00f6tztal","description":"Gute B\u00f6den haben ein System.","potentialAction":[{"@type":"SearchAction","target":{"@type":"EntryPoint","urlTemplate":"https:\/\/dev.klb-koetztal.de\/fr\/?s={search_term_string}"},"query-input":{"@type":"PropertyValueSpecification","valueRequired":true,"valueName":"search_term_string"}}],"inLanguage":"fr-FR"}]}},"_links":{"self":[{"href":"https:\/\/dev.klb-koetztal.de\/fr\/wp-json\/wp\/v2\/product\/49808","targetHints":{"allow":["GET"]}}],"collection":[{"href":"https:\/\/dev.klb-koetztal.de\/fr\/wp-json\/wp\/v2\/product"}],"about":[{"href":"https:\/\/dev.klb-koetztal.de\/fr\/wp-json\/wp\/v2\/types\/product"}],"wp:featuredmedia":[{"embeddable":true,"href":"https:\/\/dev.klb-koetztal.de\/fr\/wp-json\/wp\/v2\/media\/49810"}],"wp:attachment":[{"href":"https:\/\/dev.klb-koetztal.de\/fr\/wp-json\/wp\/v2\/media?parent=49808"}],"wp:term":[{"taxonomy":"product_brand","embeddable":true,"href":"https:\/\/dev.klb-koetztal.de\/fr\/wp-json\/wp\/v2\/product_brand?post=49808"},{"taxonomy":"product_cat","embeddable":true,"href":"https:\/\/dev.klb-koetztal.de\/fr\/wp-json\/wp\/v2\/product_cat?post=49808"},{"taxonomy":"product_tag","embeddable":true,"href":"https:\/\/dev.klb-koetztal.de\/fr\/wp-json\/wp\/v2\/product_tag?post=49808"}],"curies":[{"name":"wp","href":"https:\/\/api.w.org\/{rel}","templated":true}]}}