{"id":49744,"date":"2022-03-14T11:01:32","date_gmt":"2022-03-14T10:01:32","guid":{"rendered":"https:\/\/dev.klb-koetztal.de\/produkt\/klb-system-epoxid-ep-1276\/"},"modified":"2026-02-25T11:41:26","modified_gmt":"2026-02-25T10:41:26","slug":"klb-system-epoxid-ep-1276","status":"publish","type":"product","link":"https:\/\/dev.klb-koetztal.de\/fr\/produkt\/klb-system-epoxid-ep-1276\/","title":{"rendered":"KLB-SYSTEM EPOXID EP 1276"},"content":{"rendered":"","protected":false},"excerpt":{"rendered":"<p>R\u00e9sine de jointoiement&#160;en \u00e9poxy bicomposante, \u00e0 faible viscosit\u00e9, peu jaunissante et incolore pour la fabrication des objets d\u00e9coratifs en combinaison avec le&#160;bois.<\/p>\n","protected":false},"featured_media":49747,"template":"","meta":{"_acf_changed":false},"product_brand":[],"product_cat":[10036,10037],"product_tag":[],"class_list":{"0":"post-49744","1":"product","2":"type-product","3":"status-publish","4":"has-post-thumbnail","6":"product_cat-mortier-prefabrique-resines-pour-gorges-annulaires-resines-de-renovation-dinjection-et-de-joints","7":"product_cat-mortier-prefabrique-resines-pour-gorges-annulaires-resines-de-renovation-dinjection-et-de-joints_resines-de-renovation-et-dinjection","9":"first","10":"instock","11":"shipping-taxable","12":"product-type-simple"},"acf":{"product_header":{"module_product_header":{"":null,"prototype_headline":{"headline":"KLB-SYSTEM EPOXID EP 1276","h1":true,"subheadline":"R\u00e9sine&#160;de jointoiement&#160;\u00e9poxy bicomposante, \u00e0 faible jaunissement et incolore","anchor":"","url":""},"grid_text_slider":false,"grid_text_content":[{"text":"<p class=\"product-short-title\" style=\"text-align: center;\"><strong>Br\u00e8ve description<\/strong><\/p>\n<p>R\u00e9sine de jointoiement&#160;en \u00e9poxy bicomposante, \u00e0 faible viscosit\u00e9, peu jaunissante et incolore pour la fabrication des objets d\u00e9coratifs en combinaison avec le&#160;bois.<\/p>\n","width":"4","background_color_text":"bg-white","border_color":"border-gray-light"},{"text":"<p class=\"product-sicing-title\" style=\"text-align: center;\"><strong>Unit\u00e9s d'emballage<\/strong><\/p>\n<ul>\n<li>AK1434-70 &#8211; Combinaison Seau 5,00 kg<\/li>\n<li>AK1434-50 &#8211; Combinaison Seau 10,00 kg<\/li>\n<li>AK1434-30 &#8211; Combinaison Hobbock 30,00 kg<\/li>\n<\/ul>\n<p><\/p>\n<p>N&rsquo;h\u00e9sitez pas \u00e0 contacter directement pour toute demande concernant des quantit\u00e9s de livraison ou des unit\u00e9s de conditionnement plus importantes.<\/p>\n\n","width":"4","background_color_text":"bg-white","border_color":"border-gray-light"},{"text":"<p class=\"product-attr-title\" style=\"text-align: center;\"><strong>Propri\u00e9t\u00e9s<\/strong><\/p>\n<ul>\n<li>incolore, brillant<\/li>\n<li>faible viscosit\u00e9<\/li>\n<li>Total Solid selon GISCODE (m\u00e9thode d&rsquo;essai de \u00ab Deutsche Bauchemie \u00bb, l&rsquo;association all. pour la chimie de construction)<\/li>\n<li>qualit\u00e9 contr\u00f4l\u00e9e, \u00e0 faible \u00e9mission<\/li>\n<li>peu sensible au jaunissement<\/li>\n<\/ul>\n","width":"4","background_color_text":"bg-white","border_color":"border-gray-light"}],"background_color":"bg-none","background_color_content":"bg-none"}},"downloads":{"module_download_list":{"inhalt":null,"downloads":[{"download":{"ID":66939,"id":66939,"title":"EP_1276_Vergussharz_PI_fr_2025_08","filename":"EP_1276_Vergussharz_PI_fr_2025_08.pdf","filesize":1567934,"url":"https:\/\/dev.klb-koetztal.de\/app\/uploads\/2025\/08\/EP_1276_Vergussharz_PI_fr_2025_08.pdf","link":"https:\/\/dev.klb-koetztal.de\/fr\/?attachment_id=66939","alt":"","author":"7","description":"","caption":"","name":"ep_1276_vergussharz_pi_fr_2025_08-2","status":"inherit","uploaded_to":0,"date":"2025-08-07 05:30:15","modified":"2025-08-07 05:30:15","menu_order":0,"mime_type":"application\/pdf","type":"application","subtype":"pdf","icon":"https:\/\/dev.klb-koetztal.de\/wp\/wp-includes\/images\/media\/document.png"},"filename":"Information produit","protected":false,"doclang":"FR","externalkey":"Produktinformation","docpos":"3"},{"download":{"ID":52059,"id":52059,"title":"EP1276_Vergussharz_Umwelt-Deklaration_2022-08","filename":"EP1276_Vergussharz_Umwelt-Deklaration_2022-08.pdf","filesize":2343507,"url":"https:\/\/dev.klb-koetztal.de\/app\/uploads\/2022\/09\/EP1276_Vergussharz_Umwelt-Deklaration_2022-08.pdf","link":"https:\/\/dev.klb-koetztal.de\/fr\/?attachment_id=52059","alt":"","author":"7","description":"","caption":"","name":"ep1276_vergussharz_umwelt-deklaration_2022-08-2","status":"inherit","uploaded_to":0,"date":"2022-09-01 11:36:18","modified":"2022-09-01 11:36:18","menu_order":0,"mime_type":"application\/pdf","type":"application","subtype":"pdf","icon":"https:\/\/dev.klb-koetztal.de\/wp\/wp-includes\/images\/media\/document.png"},"filename":"D\u00e9clarations de produit environnemental (EPD)","protected":false,"doclang":"Multi","externalkey":"Umweltproduktdeklaration","docpos":"50"},{"download":false,"filename":"Fiche de donn\u00e9es de s\u00e9curit\u00e9","protected":true,"doclang":"FR","externalkey":"Sicherheitsdatenblatt","docpos":"3"}],"einstellungen":null,"background_color":"bg-none","background_color_content":"bg-none"}},"included_in_systems":{"module_included_in_systems":{"":null,"background_color":"bg-gray-medium","background_color_content":"bg-none"}},"contact":{"module_contact":{"":null,"background_color":"bg-none","background_color_content":"bg-none"}},"ausschreibende":{"module_ausschreibende":{"andern_sie_den_inhalt_unter_universelle_elemente":null,"background_color":"bg-none","background_color_content":"bg-none"}}},"yoast_head":"<!-- This site is optimized with the Yoast SEO plugin v27.0 - https:\/\/yoast.com\/product\/yoast-seo-wordpress\/ -->\n<title>R\u00e9sine de scellement EP 1276 \u00e0 faible viscosit\u00e9, incolore | KLB<\/title>\n<meta name=\"description\" content=\"R\u00e9sine de jointoiement \u00e9poxy EP 1276 faible jaunissement\/COV, incolore | KLB r\u00e9sines r\u00e9actives \u2714\ufe0fplateaux de table d\u00e9coratifs en bois, bancs, lampes design\" \/>\n<meta name=\"robots\" content=\"noindex, follow, max-snippet:-1, max-image-preview:large, max-video-preview:-1\" \/>\n<meta property=\"og:locale\" content=\"fr_FR\" \/>\n<meta property=\"og:type\" content=\"article\" \/>\n<meta property=\"og:title\" content=\"R\u00e9sine de scellement EP 1276 \u00e0 faible viscosit\u00e9, incolore | KLB\" \/>\n<meta property=\"og:description\" content=\"R\u00e9sine de jointoiement \u00e9poxy EP 1276 faible jaunissement\/COV, incolore | KLB r\u00e9sines r\u00e9actives \u2714\ufe0fplateaux de table d\u00e9coratifs en bois, bancs, lampes design\" \/>\n<meta property=\"og:url\" content=\"https:\/\/dev.klb-koetztal.de\/fr\/produkt\/klb-system-epoxid-ep-1276\/\" \/>\n<meta property=\"og:site_name\" content=\"KLB K\u00f6tztal\" \/>\n<meta property=\"article:publisher\" content=\"https:\/\/www.facebook.com\/klbkoetztal\" \/>\n<meta property=\"article:modified_time\" content=\"2026-02-25T10:41:26+00:00\" \/>\n<meta property=\"og:image\" content=\"https:\/\/dev.klb-koetztal.de\/app\/uploads\/2022\/03\/EP1276.jpg\" \/>\n\t<meta property=\"og:image:width\" content=\"500\" \/>\n\t<meta property=\"og:image:height\" content=\"500\" \/>\n\t<meta property=\"og:image:type\" content=\"image\/jpeg\" \/>\n<meta name=\"twitter:card\" content=\"summary_large_image\" \/>\n<script type=\"application\/ld+json\" class=\"yoast-schema-graph\">{\"@context\":\"https:\/\/schema.org\",\"@graph\":[{\"@type\":\"WebPage\",\"@id\":\"https:\/\/dev.klb-koetztal.de\/fr\/produkt\/klb-system-epoxid-ep-1276\/\",\"url\":\"https:\/\/dev.klb-koetztal.de\/fr\/produkt\/klb-system-epoxid-ep-1276\/\",\"name\":\"R\u00e9sine de scellement EP 1276 \u00e0 faible viscosit\u00e9, incolore | KLB\",\"isPartOf\":{\"@id\":\"https:\/\/dev.klb-koetztal.de\/fr\/#website\"},\"primaryImageOfPage\":{\"@id\":\"https:\/\/dev.klb-koetztal.de\/fr\/produkt\/klb-system-epoxid-ep-1276\/#primaryimage\"},\"image\":{\"@id\":\"https:\/\/dev.klb-koetztal.de\/fr\/produkt\/klb-system-epoxid-ep-1276\/#primaryimage\"},\"thumbnailUrl\":\"https:\/\/dev.klb-koetztal.de\/app\/uploads\/2022\/03\/EP1276.jpg\",\"datePublished\":\"2022-03-14T10:01:32+00:00\",\"dateModified\":\"2026-02-25T10:41:26+00:00\",\"description\":\"R\u00e9sine de jointoiement \u00e9poxy EP 1276 faible jaunissement\/COV, incolore | KLB r\u00e9sines r\u00e9actives \u2714\ufe0fplateaux de table d\u00e9coratifs en bois, bancs, lampes design\",\"breadcrumb\":{\"@id\":\"https:\/\/dev.klb-koetztal.de\/fr\/produkt\/klb-system-epoxid-ep-1276\/#breadcrumb\"},\"inLanguage\":\"fr-FR\",\"potentialAction\":[{\"@type\":\"ReadAction\",\"target\":[\"https:\/\/dev.klb-koetztal.de\/fr\/produkt\/klb-system-epoxid-ep-1276\/\"]}]},{\"@type\":\"ImageObject\",\"inLanguage\":\"fr-FR\",\"@id\":\"https:\/\/dev.klb-koetztal.de\/fr\/produkt\/klb-system-epoxid-ep-1276\/#primaryimage\",\"url\":\"https:\/\/dev.klb-koetztal.de\/app\/uploads\/2022\/03\/EP1276.jpg\",\"contentUrl\":\"https:\/\/dev.klb-koetztal.de\/app\/uploads\/2022\/03\/EP1276.jpg\",\"width\":500,\"height\":500},{\"@type\":\"BreadcrumbList\",\"@id\":\"https:\/\/dev.klb-koetztal.de\/fr\/produkt\/klb-system-epoxid-ep-1276\/#breadcrumb\",\"itemListElement\":[{\"@type\":\"ListItem\",\"position\":1,\"name\":\"Startseite\",\"item\":\"https:\/\/dev.klb-koetztal.de\/fr\/\"},{\"@type\":\"ListItem\",\"position\":2,\"name\":\"KLB-SYSTEM EPOXID EP 1276\"}]},{\"@type\":\"WebSite\",\"@id\":\"https:\/\/dev.klb-koetztal.de\/fr\/#website\",\"url\":\"https:\/\/dev.klb-koetztal.de\/fr\/\",\"name\":\"KLB K\u00f6tztal\",\"description\":\"Gute B\u00f6den haben ein System.\",\"potentialAction\":[{\"@type\":\"SearchAction\",\"target\":{\"@type\":\"EntryPoint\",\"urlTemplate\":\"https:\/\/dev.klb-koetztal.de\/fr\/?s={search_term_string}\"},\"query-input\":{\"@type\":\"PropertyValueSpecification\",\"valueRequired\":true,\"valueName\":\"search_term_string\"}}],\"inLanguage\":\"fr-FR\"}]}<\/script>\n<!-- \/ Yoast SEO plugin. -->","yoast_head_json":{"title":"R\u00e9sine de scellement EP 1276 \u00e0 faible viscosit\u00e9, incolore | KLB","description":"R\u00e9sine de jointoiement \u00e9poxy EP 1276 faible jaunissement\/COV, incolore | KLB r\u00e9sines r\u00e9actives \u2714\ufe0fplateaux de table d\u00e9coratifs en bois, bancs, lampes design","robots":{"index":"noindex","follow":"follow","max-snippet":"max-snippet:-1","max-image-preview":"max-image-preview:large","max-video-preview":"max-video-preview:-1"},"og_locale":"fr_FR","og_type":"article","og_title":"R\u00e9sine de scellement EP 1276 \u00e0 faible viscosit\u00e9, incolore | KLB","og_description":"R\u00e9sine de jointoiement \u00e9poxy EP 1276 faible jaunissement\/COV, incolore | KLB r\u00e9sines r\u00e9actives \u2714\ufe0fplateaux de table d\u00e9coratifs en bois, bancs, lampes design","og_url":"https:\/\/dev.klb-koetztal.de\/fr\/produkt\/klb-system-epoxid-ep-1276\/","og_site_name":"KLB K\u00f6tztal","article_publisher":"https:\/\/www.facebook.com\/klbkoetztal","article_modified_time":"2026-02-25T10:41:26+00:00","og_image":[{"width":500,"height":500,"url":"https:\/\/dev.klb-koetztal.de\/app\/uploads\/2022\/03\/EP1276.jpg","type":"image\/jpeg"}],"twitter_card":"summary_large_image","schema":{"@context":"https:\/\/schema.org","@graph":[{"@type":"WebPage","@id":"https:\/\/dev.klb-koetztal.de\/fr\/produkt\/klb-system-epoxid-ep-1276\/","url":"https:\/\/dev.klb-koetztal.de\/fr\/produkt\/klb-system-epoxid-ep-1276\/","name":"R\u00e9sine de scellement EP 1276 \u00e0 faible viscosit\u00e9, incolore | KLB","isPartOf":{"@id":"https:\/\/dev.klb-koetztal.de\/fr\/#website"},"primaryImageOfPage":{"@id":"https:\/\/dev.klb-koetztal.de\/fr\/produkt\/klb-system-epoxid-ep-1276\/#primaryimage"},"image":{"@id":"https:\/\/dev.klb-koetztal.de\/fr\/produkt\/klb-system-epoxid-ep-1276\/#primaryimage"},"thumbnailUrl":"https:\/\/dev.klb-koetztal.de\/app\/uploads\/2022\/03\/EP1276.jpg","datePublished":"2022-03-14T10:01:32+00:00","dateModified":"2026-02-25T10:41:26+00:00","description":"R\u00e9sine de jointoiement \u00e9poxy EP 1276 faible jaunissement\/COV, incolore | KLB r\u00e9sines r\u00e9actives \u2714\ufe0fplateaux de table d\u00e9coratifs en bois, bancs, lampes design","breadcrumb":{"@id":"https:\/\/dev.klb-koetztal.de\/fr\/produkt\/klb-system-epoxid-ep-1276\/#breadcrumb"},"inLanguage":"fr-FR","potentialAction":[{"@type":"ReadAction","target":["https:\/\/dev.klb-koetztal.de\/fr\/produkt\/klb-system-epoxid-ep-1276\/"]}]},{"@type":"ImageObject","inLanguage":"fr-FR","@id":"https:\/\/dev.klb-koetztal.de\/fr\/produkt\/klb-system-epoxid-ep-1276\/#primaryimage","url":"https:\/\/dev.klb-koetztal.de\/app\/uploads\/2022\/03\/EP1276.jpg","contentUrl":"https:\/\/dev.klb-koetztal.de\/app\/uploads\/2022\/03\/EP1276.jpg","width":500,"height":500},{"@type":"BreadcrumbList","@id":"https:\/\/dev.klb-koetztal.de\/fr\/produkt\/klb-system-epoxid-ep-1276\/#breadcrumb","itemListElement":[{"@type":"ListItem","position":1,"name":"Startseite","item":"https:\/\/dev.klb-koetztal.de\/fr\/"},{"@type":"ListItem","position":2,"name":"KLB-SYSTEM EPOXID EP 1276"}]},{"@type":"WebSite","@id":"https:\/\/dev.klb-koetztal.de\/fr\/#website","url":"https:\/\/dev.klb-koetztal.de\/fr\/","name":"KLB K\u00f6tztal","description":"Gute B\u00f6den haben ein System.","potentialAction":[{"@type":"SearchAction","target":{"@type":"EntryPoint","urlTemplate":"https:\/\/dev.klb-koetztal.de\/fr\/?s={search_term_string}"},"query-input":{"@type":"PropertyValueSpecification","valueRequired":true,"valueName":"search_term_string"}}],"inLanguage":"fr-FR"}]}},"_links":{"self":[{"href":"https:\/\/dev.klb-koetztal.de\/fr\/wp-json\/wp\/v2\/product\/49744","targetHints":{"allow":["GET"]}}],"collection":[{"href":"https:\/\/dev.klb-koetztal.de\/fr\/wp-json\/wp\/v2\/product"}],"about":[{"href":"https:\/\/dev.klb-koetztal.de\/fr\/wp-json\/wp\/v2\/types\/product"}],"wp:featuredmedia":[{"embeddable":true,"href":"https:\/\/dev.klb-koetztal.de\/fr\/wp-json\/wp\/v2\/media\/49747"}],"wp:attachment":[{"href":"https:\/\/dev.klb-koetztal.de\/fr\/wp-json\/wp\/v2\/media?parent=49744"}],"wp:term":[{"taxonomy":"product_brand","embeddable":true,"href":"https:\/\/dev.klb-koetztal.de\/fr\/wp-json\/wp\/v2\/product_brand?post=49744"},{"taxonomy":"product_cat","embeddable":true,"href":"https:\/\/dev.klb-koetztal.de\/fr\/wp-json\/wp\/v2\/product_cat?post=49744"},{"taxonomy":"product_tag","embeddable":true,"href":"https:\/\/dev.klb-koetztal.de\/fr\/wp-json\/wp\/v2\/product_tag?post=49744"}],"curies":[{"name":"wp","href":"https:\/\/api.w.org\/{rel}","templated":true}]}}