{"id":49703,"date":"2022-03-14T11:01:08","date_gmt":"2022-03-14T10:01:08","guid":{"rendered":"https:\/\/dev.klb-koetztal.de\/produkt\/klb-system-epoxid-ep-290-flex\/"},"modified":"2026-02-25T12:12:25","modified_gmt":"2026-02-25T11:12:25","slug":"klb-system-epoxid-ep-290-flex","status":"publish","type":"product","link":"https:\/\/dev.klb-koetztal.de\/fr\/produkt\/klb-system-epoxid-ep-290-flex\/","title":{"rendered":"KLB-SYSTEM EPOXID EP 290 Flex"},"content":{"rendered":"","protected":false},"excerpt":{"rendered":"<p>Mati\u00e8re de rev\u00eatement en r\u00e9sine \u00e9poxy \u00e0 2 composants, sans solvants, \u00e9lastique et autolissant pour les couches interm\u00e9diaires flexibles ainsi que pour le jointoiement en&#160;\u00e9lasticit\u00e9 dure des joints \u00e0 faible mouvement. \u00c0&#160;utiliser de pr\u00e9f\u00e9rence pour l&rsquo;\u00e9tanch\u00e9it\u00e9 sous les rev\u00eatements de cuisine avec contr\u00f4le du syst\u00e8me par l&rsquo;Institut des polym\u00e8res Kiwa.<\/p>\n","protected":false},"featured_media":49705,"template":"","meta":{"_acf_changed":false},"product_brand":[],"product_cat":[10042,10065,10085],"product_tag":[],"class_list":{"0":"post-49703","1":"product","2":"type-product","3":"status-publish","4":"has-post-thumbnail","6":"product_cat-revetements","7":"product_cat-revetements_revetements-en-resine-epoxyde-2-composants","8":"product_cat-revetements_etancheites-composites","10":"first","11":"instock","12":"shipping-taxable","13":"product-type-simple"},"acf":{"product_header":{"module_product_header":{"":null,"prototype_headline":{"headline":"KLB-SYSTEM EPOXID EP 290 Flex","h1":true,"subheadline":"Mati\u00e8re de rev\u00eatement, de scellement et d'\u00e9tanch\u00e9it\u00e9 \u00e9lastique \u00e0 base de r\u00e9sine \u00e9poxy \u00e0 2 composants","anchor":"","url":""},"grid_text_slider":false,"grid_text_content":[{"text":"<p class=\"product-short-title\" style=\"text-align: center;\"><strong>Br\u00e8ve description<\/strong><\/p>\n<p>Mati\u00e8re de rev\u00eatement en r\u00e9sine \u00e9poxy \u00e0 2 composants, sans solvants, \u00e9lastique et autolissant pour les couches interm\u00e9diaires flexibles ainsi que pour le jointoiement en&#160;\u00e9lasticit\u00e9 dure des joints \u00e0 faible mouvement. \u00c0&#160;utiliser de pr\u00e9f\u00e9rence pour l&rsquo;\u00e9tanch\u00e9it\u00e9 sous les rev\u00eatements de cuisine avec contr\u00f4le du syst\u00e8me par l&rsquo;Institut des polym\u00e8res Kiwa.<\/p>\n","width":"4","background_color_text":"bg-white","border_color":"border-gray-light"},{"text":"<p class=\"product-sicing-title\" style=\"text-align: center;\"><strong>Unit\u00e9s d'emballage<\/strong><\/p>\n<ul>\n<li>AL1237-51 &#8211; Combinaison Seau 10,00 kg<\/li>\n<li>AL1237-31 &#8211; Combinaison Hobbock 30,00 kg<\/li>\n<\/ul>\n<p><\/p>\n<p>N&rsquo;h\u00e9sitez pas \u00e0 contacter directement pour toute demande concernant des quantit\u00e9s de livraison ou des unit\u00e9s de conditionnement plus importantes.<\/p>\n\n","width":"4","background_color_text":"bg-white","border_color":"border-gray-light"},{"text":"<p class=\"product-attr-title\" style=\"text-align: center;\"><strong>Propri\u00e9t\u00e9s<\/strong><\/p>\n<ul>\n<li>Total Solid selon GISCODE (m\u00e9thode d&rsquo;essai de \u00ab Deutsche Bauchemie \u00bb, l&rsquo;association all. pour la chimie de construction)<\/li>\n<li>flexible au froid<\/li>\n<li>pontant les fissures<\/li>\n<li>stable \u00e0 l&rsquo;hydrolyse et \u00e0 la saponification<\/li>\n<li>\u00e9tanche aux liquides<\/li>\n<li>viscoplastique<\/li>\n<\/ul>\n","width":"4","background_color_text":"bg-white","border_color":"border-gray-light"}],"background_color":"bg-none","background_color_content":"bg-none"}},"downloads":{"module_download_list":{"inhalt":null,"downloads":[{"download":{"ID":55266,"id":55266,"title":"EP_290_Flex_PI_fr_2023_01","filename":"EP_290_Flex_PI_fr_2023_01.pdf","filesize":348502,"url":"https:\/\/dev.klb-koetztal.de\/app\/uploads\/2023\/02\/EP_290_Flex_PI_fr_2023_01.pdf","link":"https:\/\/dev.klb-koetztal.de\/fr\/?attachment_id=55266","alt":"","author":"7","description":"","caption":"","name":"ep_290_flex_pi_fr_2023_01-2","status":"inherit","uploaded_to":0,"date":"2023-02-24 09:10:15","modified":"2023-02-24 09:10:15","menu_order":0,"mime_type":"application\/pdf","type":"application","subtype":"pdf","icon":"https:\/\/dev.klb-koetztal.de\/wp\/wp-includes\/images\/media\/document.png"},"filename":"Information produit","protected":false,"doclang":"FR","externalkey":"Produktinformation","docpos":"3"},{"download":{"ID":49709,"id":49709,"title":"Leistungserkl\u00e4rung - Statement of performance","filename":"EP290_Flex_LE_2015-06.pdf","filesize":205772,"url":"https:\/\/dev.klb-koetztal.de\/app\/uploads\/2022\/03\/EP290_Flex_LE_2015-06.pdf","link":"https:\/\/dev.klb-koetztal.de\/fr\/?attachment_id=49709","alt":"","author":"7","description":"","caption":"","name":"ep290_flex_le_2015-06","status":"inherit","uploaded_to":0,"date":"2022-03-14 10:01:12","modified":"2026-02-25 11:12:33","menu_order":0,"mime_type":"application\/pdf","type":"application","subtype":"pdf","icon":"https:\/\/dev.klb-koetztal.de\/wp\/wp-includes\/images\/media\/document.png"},"filename":"D\u00e9claration de performance","protected":false,"doclang":"Multi","externalkey":"Leistungserklaerung","docpos":"50"},{"download":{"ID":52005,"id":52005,"title":"EP290_Flex_Umwelt-Deklaration_2022-08","filename":"EP290_Flex_Umwelt-Deklaration_2022-08.pdf","filesize":2343416,"url":"https:\/\/dev.klb-koetztal.de\/app\/uploads\/2022\/09\/EP290_Flex_Umwelt-Deklaration_2022-08.pdf","link":"https:\/\/dev.klb-koetztal.de\/fr\/?attachment_id=52005","alt":"","author":"7","description":"","caption":"","name":"ep290_flex_umwelt-deklaration_2022-08-2","status":"inherit","uploaded_to":0,"date":"2022-09-01 09:46:22","modified":"2022-09-01 09:46:22","menu_order":0,"mime_type":"application\/pdf","type":"application","subtype":"pdf","icon":"https:\/\/dev.klb-koetztal.de\/wp\/wp-includes\/images\/media\/document.png"},"filename":"D\u00e9clarations de produit environnemental (EPD)","protected":false,"doclang":"Multi","externalkey":"Umweltproduktdeklaration","docpos":"50"},{"download":false,"filename":"Fiche de donn\u00e9es de s\u00e9curit\u00e9","protected":true,"doclang":"FR","externalkey":"Sicherheitsdatenblatt","docpos":"3"}],"einstellungen":null,"background_color":"bg-none","background_color_content":"bg-none"}},"included_in_systems":{"module_included_in_systems":{"":null,"background_color":"bg-gray-medium","background_color_content":"bg-none"}},"contact":{"module_contact":{"":null,"background_color":"bg-none","background_color_content":"bg-none"}},"ausschreibende":{"module_ausschreibende":{"andern_sie_den_inhalt_unter_universelle_elemente":null,"background_color":"bg-none","background_color_content":"bg-none"}}},"yoast_head":"<!-- This site is optimized with the Yoast SEO plugin v27.0 - https:\/\/yoast.com\/product\/yoast-seo-wordpress\/ -->\n<title>Produit de rev\u00eatement EP 290 Flex sans solvant, \u00e9lastique | KLB<\/title>\n<meta name=\"description\" content=\"Rev\u00eatement de sol EP 290 Flex \u00e9lastique, autolissant et pontant le fissures | KLB rev\u00eatements \u2714\ufe0f couches interm\u00e9diares flexibles, \u00e9tanch\u00e9it\u00e9, jointoiement\" \/>\n<meta name=\"robots\" content=\"noindex, follow, max-snippet:-1, max-image-preview:large, max-video-preview:-1\" \/>\n<meta property=\"og:locale\" content=\"fr_FR\" \/>\n<meta property=\"og:type\" content=\"article\" \/>\n<meta property=\"og:title\" content=\"Produit de rev\u00eatement EP 290 Flex sans solvant, \u00e9lastique | KLB\" \/>\n<meta property=\"og:description\" content=\"Rev\u00eatement de sol EP 290 Flex \u00e9lastique, autolissant et pontant le fissures | KLB rev\u00eatements \u2714\ufe0f couches interm\u00e9diares flexibles, \u00e9tanch\u00e9it\u00e9, jointoiement\" \/>\n<meta property=\"og:url\" content=\"https:\/\/dev.klb-koetztal.de\/fr\/produkt\/klb-system-epoxid-ep-290-flex\/\" \/>\n<meta property=\"og:site_name\" content=\"KLB K\u00f6tztal\" \/>\n<meta property=\"article:publisher\" content=\"https:\/\/www.facebook.com\/klbkoetztal\" \/>\n<meta property=\"article:modified_time\" content=\"2026-02-25T11:12:25+00:00\" \/>\n<meta property=\"og:image\" content=\"https:\/\/dev.klb-koetztal.de\/app\/uploads\/2022\/03\/EP290_Flex.jpg\" \/>\n\t<meta property=\"og:image:width\" content=\"500\" \/>\n\t<meta property=\"og:image:height\" content=\"500\" \/>\n\t<meta property=\"og:image:type\" content=\"image\/jpeg\" \/>\n<meta name=\"twitter:card\" content=\"summary_large_image\" \/>\n<script type=\"application\/ld+json\" class=\"yoast-schema-graph\">{\"@context\":\"https:\/\/schema.org\",\"@graph\":[{\"@type\":\"WebPage\",\"@id\":\"https:\/\/dev.klb-koetztal.de\/fr\/produkt\/klb-system-epoxid-ep-290-flex\/\",\"url\":\"https:\/\/dev.klb-koetztal.de\/fr\/produkt\/klb-system-epoxid-ep-290-flex\/\",\"name\":\"Produit de rev\u00eatement EP 290 Flex sans solvant, \u00e9lastique | KLB\",\"isPartOf\":{\"@id\":\"https:\/\/dev.klb-koetztal.de\/fr\/#website\"},\"primaryImageOfPage\":{\"@id\":\"https:\/\/dev.klb-koetztal.de\/fr\/produkt\/klb-system-epoxid-ep-290-flex\/#primaryimage\"},\"image\":{\"@id\":\"https:\/\/dev.klb-koetztal.de\/fr\/produkt\/klb-system-epoxid-ep-290-flex\/#primaryimage\"},\"thumbnailUrl\":\"https:\/\/dev.klb-koetztal.de\/app\/uploads\/2022\/03\/EP290_Flex.jpg\",\"datePublished\":\"2022-03-14T10:01:08+00:00\",\"dateModified\":\"2026-02-25T11:12:25+00:00\",\"description\":\"Rev\u00eatement de sol EP 290 Flex \u00e9lastique, autolissant et pontant le fissures | KLB rev\u00eatements \u2714\ufe0f couches interm\u00e9diares flexibles, \u00e9tanch\u00e9it\u00e9, jointoiement\",\"breadcrumb\":{\"@id\":\"https:\/\/dev.klb-koetztal.de\/fr\/produkt\/klb-system-epoxid-ep-290-flex\/#breadcrumb\"},\"inLanguage\":\"fr-FR\",\"potentialAction\":[{\"@type\":\"ReadAction\",\"target\":[\"https:\/\/dev.klb-koetztal.de\/fr\/produkt\/klb-system-epoxid-ep-290-flex\/\"]}]},{\"@type\":\"ImageObject\",\"inLanguage\":\"fr-FR\",\"@id\":\"https:\/\/dev.klb-koetztal.de\/fr\/produkt\/klb-system-epoxid-ep-290-flex\/#primaryimage\",\"url\":\"https:\/\/dev.klb-koetztal.de\/app\/uploads\/2022\/03\/EP290_Flex.jpg\",\"contentUrl\":\"https:\/\/dev.klb-koetztal.de\/app\/uploads\/2022\/03\/EP290_Flex.jpg\",\"width\":500,\"height\":500},{\"@type\":\"BreadcrumbList\",\"@id\":\"https:\/\/dev.klb-koetztal.de\/fr\/produkt\/klb-system-epoxid-ep-290-flex\/#breadcrumb\",\"itemListElement\":[{\"@type\":\"ListItem\",\"position\":1,\"name\":\"Startseite\",\"item\":\"https:\/\/dev.klb-koetztal.de\/fr\/\"},{\"@type\":\"ListItem\",\"position\":2,\"name\":\"KLB-SYSTEM EPOXID EP 290 Flex\"}]},{\"@type\":\"WebSite\",\"@id\":\"https:\/\/dev.klb-koetztal.de\/fr\/#website\",\"url\":\"https:\/\/dev.klb-koetztal.de\/fr\/\",\"name\":\"KLB K\u00f6tztal\",\"description\":\"Gute B\u00f6den haben ein System.\",\"potentialAction\":[{\"@type\":\"SearchAction\",\"target\":{\"@type\":\"EntryPoint\",\"urlTemplate\":\"https:\/\/dev.klb-koetztal.de\/fr\/?s={search_term_string}\"},\"query-input\":{\"@type\":\"PropertyValueSpecification\",\"valueRequired\":true,\"valueName\":\"search_term_string\"}}],\"inLanguage\":\"fr-FR\"}]}<\/script>\n<!-- \/ Yoast SEO plugin. -->","yoast_head_json":{"title":"Produit de rev\u00eatement EP 290 Flex sans solvant, \u00e9lastique | KLB","description":"Rev\u00eatement de sol EP 290 Flex \u00e9lastique, autolissant et pontant le fissures | KLB rev\u00eatements \u2714\ufe0f couches interm\u00e9diares flexibles, \u00e9tanch\u00e9it\u00e9, jointoiement","robots":{"index":"noindex","follow":"follow","max-snippet":"max-snippet:-1","max-image-preview":"max-image-preview:large","max-video-preview":"max-video-preview:-1"},"og_locale":"fr_FR","og_type":"article","og_title":"Produit de rev\u00eatement EP 290 Flex sans solvant, \u00e9lastique | KLB","og_description":"Rev\u00eatement de sol EP 290 Flex \u00e9lastique, autolissant et pontant le fissures | KLB rev\u00eatements \u2714\ufe0f couches interm\u00e9diares flexibles, \u00e9tanch\u00e9it\u00e9, jointoiement","og_url":"https:\/\/dev.klb-koetztal.de\/fr\/produkt\/klb-system-epoxid-ep-290-flex\/","og_site_name":"KLB K\u00f6tztal","article_publisher":"https:\/\/www.facebook.com\/klbkoetztal","article_modified_time":"2026-02-25T11:12:25+00:00","og_image":[{"width":500,"height":500,"url":"https:\/\/dev.klb-koetztal.de\/app\/uploads\/2022\/03\/EP290_Flex.jpg","type":"image\/jpeg"}],"twitter_card":"summary_large_image","schema":{"@context":"https:\/\/schema.org","@graph":[{"@type":"WebPage","@id":"https:\/\/dev.klb-koetztal.de\/fr\/produkt\/klb-system-epoxid-ep-290-flex\/","url":"https:\/\/dev.klb-koetztal.de\/fr\/produkt\/klb-system-epoxid-ep-290-flex\/","name":"Produit de rev\u00eatement EP 290 Flex sans solvant, \u00e9lastique | KLB","isPartOf":{"@id":"https:\/\/dev.klb-koetztal.de\/fr\/#website"},"primaryImageOfPage":{"@id":"https:\/\/dev.klb-koetztal.de\/fr\/produkt\/klb-system-epoxid-ep-290-flex\/#primaryimage"},"image":{"@id":"https:\/\/dev.klb-koetztal.de\/fr\/produkt\/klb-system-epoxid-ep-290-flex\/#primaryimage"},"thumbnailUrl":"https:\/\/dev.klb-koetztal.de\/app\/uploads\/2022\/03\/EP290_Flex.jpg","datePublished":"2022-03-14T10:01:08+00:00","dateModified":"2026-02-25T11:12:25+00:00","description":"Rev\u00eatement de sol EP 290 Flex \u00e9lastique, autolissant et pontant le fissures | KLB rev\u00eatements \u2714\ufe0f couches interm\u00e9diares flexibles, \u00e9tanch\u00e9it\u00e9, jointoiement","breadcrumb":{"@id":"https:\/\/dev.klb-koetztal.de\/fr\/produkt\/klb-system-epoxid-ep-290-flex\/#breadcrumb"},"inLanguage":"fr-FR","potentialAction":[{"@type":"ReadAction","target":["https:\/\/dev.klb-koetztal.de\/fr\/produkt\/klb-system-epoxid-ep-290-flex\/"]}]},{"@type":"ImageObject","inLanguage":"fr-FR","@id":"https:\/\/dev.klb-koetztal.de\/fr\/produkt\/klb-system-epoxid-ep-290-flex\/#primaryimage","url":"https:\/\/dev.klb-koetztal.de\/app\/uploads\/2022\/03\/EP290_Flex.jpg","contentUrl":"https:\/\/dev.klb-koetztal.de\/app\/uploads\/2022\/03\/EP290_Flex.jpg","width":500,"height":500},{"@type":"BreadcrumbList","@id":"https:\/\/dev.klb-koetztal.de\/fr\/produkt\/klb-system-epoxid-ep-290-flex\/#breadcrumb","itemListElement":[{"@type":"ListItem","position":1,"name":"Startseite","item":"https:\/\/dev.klb-koetztal.de\/fr\/"},{"@type":"ListItem","position":2,"name":"KLB-SYSTEM EPOXID EP 290 Flex"}]},{"@type":"WebSite","@id":"https:\/\/dev.klb-koetztal.de\/fr\/#website","url":"https:\/\/dev.klb-koetztal.de\/fr\/","name":"KLB K\u00f6tztal","description":"Gute B\u00f6den haben ein System.","potentialAction":[{"@type":"SearchAction","target":{"@type":"EntryPoint","urlTemplate":"https:\/\/dev.klb-koetztal.de\/fr\/?s={search_term_string}"},"query-input":{"@type":"PropertyValueSpecification","valueRequired":true,"valueName":"search_term_string"}}],"inLanguage":"fr-FR"}]}},"_links":{"self":[{"href":"https:\/\/dev.klb-koetztal.de\/fr\/wp-json\/wp\/v2\/product\/49703","targetHints":{"allow":["GET"]}}],"collection":[{"href":"https:\/\/dev.klb-koetztal.de\/fr\/wp-json\/wp\/v2\/product"}],"about":[{"href":"https:\/\/dev.klb-koetztal.de\/fr\/wp-json\/wp\/v2\/types\/product"}],"wp:featuredmedia":[{"embeddable":true,"href":"https:\/\/dev.klb-koetztal.de\/fr\/wp-json\/wp\/v2\/media\/49705"}],"wp:attachment":[{"href":"https:\/\/dev.klb-koetztal.de\/fr\/wp-json\/wp\/v2\/media?parent=49703"}],"wp:term":[{"taxonomy":"product_brand","embeddable":true,"href":"https:\/\/dev.klb-koetztal.de\/fr\/wp-json\/wp\/v2\/product_brand?post=49703"},{"taxonomy":"product_cat","embeddable":true,"href":"https:\/\/dev.klb-koetztal.de\/fr\/wp-json\/wp\/v2\/product_cat?post=49703"},{"taxonomy":"product_tag","embeddable":true,"href":"https:\/\/dev.klb-koetztal.de\/fr\/wp-json\/wp\/v2\/product_tag?post=49703"}],"curies":[{"name":"wp","href":"https:\/\/api.w.org\/{rel}","templated":true}]}}