{"id":49657,"date":"2022-03-14T11:00:36","date_gmt":"2022-03-14T10:00:36","guid":{"rendered":"https:\/\/dev.klb-koetztal.de\/produkt\/klb-system-epoxid-ep-211-esd\/"},"modified":"2026-03-16T14:04:02","modified_gmt":"2026-03-16T13:04:02","slug":"klb-system-epoxid-ep-211-esd","status":"publish","type":"product","link":"https:\/\/dev.klb-koetztal.de\/fr\/produkt\/klb-system-epoxid-ep-211-esd\/","title":{"rendered":"KLB-SYSTEM EPOXID EP 211 ESD"},"content":{"rendered":"","protected":false},"excerpt":{"rendered":"<p>Rev\u00eatement de sol en r\u00e9sine \u00e9poxy \u00e0 2 composants, pr\u00eat \u00e0 l&#8217;emploi, sans solvants et&#160;dissipateur&#160;pour les exigences \u00e9lev\u00e9es dans les domaines DES&#160;ainsi que pour la protection personnelle et&#160;antid\u00e9flagrante.&#160;Convient aux exigences DES selon les normes DIN EN 61340-5-1\/2, DIN EN 61340-4-5, DIN EN 61340-4-1.<\/p>\n","protected":false},"featured_media":49660,"template":"","meta":{"_acf_changed":false},"product_brand":[],"product_cat":[10042,10069],"product_tag":[],"class_list":{"0":"post-49657","1":"product","2":"type-product","3":"status-publish","4":"has-post-thumbnail","6":"product_cat-revetements","7":"product_cat-revetements_revetements-dissipateurs-pour-la-protection-des","9":"first","10":"instock","11":"shipping-taxable","12":"product-type-simple"},"acf":{"product_header":{"module_product_header":{"":null,"prototype_headline":{"headline":"KLB-SYSTEM EPOXID EP 211 ESD","h1":true,"subheadline":"Rev\u00eatement de sol en r\u00e9sine \u00e9poxy bicomposante de couleur claire et homog\u00e8nement dissipateur&#160;pour les exigences \u00e9lev\u00e9es dans les domaines DES&#160;ainsi que pour la protection personnelle et&#160;antid\u00e9flagrante","anchor":"","url":""},"grid_text_slider":false,"grid_text_content":[{"text":"<p class=\"product-short-title\" style=\"text-align: center;\"><strong>Br\u00e8ve description<\/strong><\/p>\n<p>Rev\u00eatement de sol en r\u00e9sine \u00e9poxy \u00e0 2 composants, pr\u00eat \u00e0 l&#8217;emploi, sans solvants et&#160;dissipateur&#160;pour les exigences \u00e9lev\u00e9es dans les domaines DES&#160;ainsi que pour la protection personnelle et&#160;antid\u00e9flagrante.&#160;Convient aux exigences DES selon les normes DIN EN 61340-5-1\/2, DIN EN 61340-4-5, DIN EN 61340-4-1.<\/p>\n","width":"4","background_color_text":"bg-white","border_color":"border-gray-light"},{"text":"<p class=\"product-sicing-title\" style=\"text-align: center;\"><strong>Unit\u00e9s d'emballage<\/strong><\/p>\n<ul>\n<li>AK1297-50 &#8211; Combinaison Seau 12,00 kg<\/li>\n<li>AK1297-30 &#8211; Combinaison Hobbock 30,00 kg<\/li>\n<\/ul>\n<p><\/p>\n<p>N&rsquo;h\u00e9sitez pas \u00e0 contacter directement pour toute demande concernant des quantit\u00e9s de livraison ou des unit\u00e9s de conditionnement plus importantes.<\/p>\n\n","width":"4","background_color_text":"bg-white","border_color":"border-gray-light"},{"text":"<p class=\"product-attr-title\" style=\"text-align: center;\"><strong>Propri\u00e9t\u00e9s<\/strong><\/p>\n<ul>\n<li>Total Solid selon GISCODE (m\u00e9thode d&rsquo;essai de \u00ab Deutsche Bauchemie \u00bb, l&rsquo;association all. pour la chimie de construction)<\/li>\n<li>pour des exigences \u00e9lev\u00e9es en mati\u00e8re de protection DES<\/li>\n<li>\u00e9lectro-dissipateur<\/li>\n<li>surfaces claires, color\u00e9es<\/li>\n<li>r\u00e9sistance \u00e9quilibre<\/li>\n<li>stable \u00e0 l&rsquo;hydrolyse et \u00e0 la saponification<\/li>\n<\/ul>\n","width":"4","background_color_text":"bg-white","border_color":"border-gray-light"}],"background_color":"bg-none","background_color_content":"bg-none"}},"downloads":{"module_download_list":{"inhalt":null,"downloads":[{"download":{"ID":55730,"id":55730,"title":"EP_211_ESD_PI_fr_2023_01","filename":"EP_211_ESD_PI_fr_2023_01.pdf","filesize":352473,"url":"https:\/\/dev.klb-koetztal.de\/app\/uploads\/2023\/03\/EP_211_ESD_PI_fr_2023_01.pdf","link":"https:\/\/dev.klb-koetztal.de\/fr\/?attachment_id=55730","alt":"","author":"7","description":"","caption":"","name":"ep_211_esd_pi_fr_2023_01-2","status":"inherit","uploaded_to":0,"date":"2023-03-31 07:30:15","modified":"2023-03-31 07:30:15","menu_order":0,"mime_type":"application\/pdf","type":"application","subtype":"pdf","icon":"https:\/\/dev.klb-koetztal.de\/wp\/wp-includes\/images\/media\/document.png"},"filename":"Information produit","protected":false,"doclang":"FR","externalkey":"Produktinformation","docpos":"3"},{"download":{"ID":49663,"id":49663,"title":"Leistungserkl\u00e4rung - Statement of performance","filename":"EP211_ESD_LE_2013-04.pdf","filesize":187842,"url":"https:\/\/dev.klb-koetztal.de\/app\/uploads\/2022\/03\/EP211_ESD_LE_2013-04.pdf","link":"https:\/\/dev.klb-koetztal.de\/fr\/?attachment_id=49663","alt":"","author":"7","description":"","caption":"","name":"ep211_esd_le_2013-04","status":"inherit","uploaded_to":0,"date":"2022-03-14 10:00:40","modified":"2026-03-16 13:04:09","menu_order":0,"mime_type":"application\/pdf","type":"application","subtype":"pdf","icon":"https:\/\/dev.klb-koetztal.de\/wp\/wp-includes\/images\/media\/document.png"},"filename":"D\u00e9claration de performance","protected":false,"doclang":"Multi","externalkey":"Leistungserklaerung","docpos":"50"},{"download":{"ID":51960,"id":51960,"title":"EP211_ESD_Umwelt-Deklaration_2022-08","filename":"EP211_ESD_Umwelt-Deklaration_2022-08.pdf","filesize":2902273,"url":"https:\/\/dev.klb-koetztal.de\/app\/uploads\/2022\/09\/EP211_ESD_Umwelt-Deklaration_2022-08.pdf","link":"https:\/\/dev.klb-koetztal.de\/fr\/?attachment_id=51960","alt":"","author":"7","description":"","caption":"","name":"ep211_esd_umwelt-deklaration_2022-08-2","status":"inherit","uploaded_to":0,"date":"2022-09-01 09:35:39","modified":"2022-09-01 09:35:39","menu_order":0,"mime_type":"application\/pdf","type":"application","subtype":"pdf","icon":"https:\/\/dev.klb-koetztal.de\/wp\/wp-includes\/images\/media\/document.png"},"filename":"D\u00e9clarations de produit environnemental (EPD)","protected":false,"doclang":"Multi","externalkey":"Umweltproduktdeklaration","docpos":"50"},{"download":false,"filename":"Fiche de donn\u00e9es de s\u00e9curit\u00e9","protected":true,"doclang":"FR","externalkey":"Sicherheitsdatenblatt","docpos":"3"}],"einstellungen":null,"background_color":"bg-none","background_color_content":"bg-none"}},"included_in_systems":{"module_included_in_systems":{"":null,"background_color":"bg-gray-medium","background_color_content":"bg-none"}},"contact":{"module_contact":{"":null,"background_color":"bg-none","background_color_content":"bg-none"}},"ausschreibende":{"module_ausschreibende":{"andern_sie_den_inhalt_unter_universelle_elemente":null,"background_color":"bg-none","background_color_content":"bg-none"}}},"yoast_head":"<!-- This site is optimized with the Yoast SEO plugin v27.0 - https:\/\/yoast.com\/product\/yoast-seo-wordpress\/ -->\n<title>Rev\u00eatement de sol DES-dissipateur, color\u00e9 clair EP 211 ESD | KLB<\/title>\n<meta name=\"description\" content=\"Rev\u00eatement EP 211 ESD pr\u00eat \u00e0 l&#039;emploi, chimi-r\u00e9sistant pour la protection personnelle et explosion | KLB sols \u2714\ufe0f\u00e9lectronique \/ \u00e9lectrotechnique\" \/>\n<meta name=\"robots\" content=\"noindex, follow, max-snippet:-1, max-image-preview:large, max-video-preview:-1\" \/>\n<meta property=\"og:locale\" content=\"fr_FR\" \/>\n<meta property=\"og:type\" content=\"article\" \/>\n<meta property=\"og:title\" content=\"Rev\u00eatement de sol DES-dissipateur, color\u00e9 clair EP 211 ESD | KLB\" \/>\n<meta property=\"og:description\" content=\"Rev\u00eatement EP 211 ESD pr\u00eat \u00e0 l&#039;emploi, chimi-r\u00e9sistant pour la protection personnelle et explosion | KLB sols \u2714\ufe0f\u00e9lectronique \/ \u00e9lectrotechnique\" \/>\n<meta property=\"og:url\" content=\"https:\/\/dev.klb-koetztal.de\/fr\/produkt\/klb-system-epoxid-ep-211-esd\/\" \/>\n<meta property=\"og:site_name\" content=\"KLB K\u00f6tztal\" \/>\n<meta property=\"article:publisher\" content=\"https:\/\/www.facebook.com\/klbkoetztal\" \/>\n<meta property=\"article:modified_time\" content=\"2026-03-16T13:04:02+00:00\" \/>\n<meta property=\"og:image\" content=\"https:\/\/dev.klb-koetztal.de\/app\/uploads\/2022\/03\/EP211_ESD.jpg\" \/>\n\t<meta property=\"og:image:width\" content=\"500\" \/>\n\t<meta property=\"og:image:height\" content=\"500\" \/>\n\t<meta property=\"og:image:type\" content=\"image\/jpeg\" \/>\n<meta name=\"twitter:card\" content=\"summary_large_image\" \/>\n<script type=\"application\/ld+json\" class=\"yoast-schema-graph\">{\"@context\":\"https:\/\/schema.org\",\"@graph\":[{\"@type\":\"WebPage\",\"@id\":\"https:\/\/dev.klb-koetztal.de\/fr\/produkt\/klb-system-epoxid-ep-211-esd\/\",\"url\":\"https:\/\/dev.klb-koetztal.de\/fr\/produkt\/klb-system-epoxid-ep-211-esd\/\",\"name\":\"Rev\u00eatement de sol DES-dissipateur, color\u00e9 clair EP 211 ESD | KLB\",\"isPartOf\":{\"@id\":\"https:\/\/dev.klb-koetztal.de\/fr\/#website\"},\"primaryImageOfPage\":{\"@id\":\"https:\/\/dev.klb-koetztal.de\/fr\/produkt\/klb-system-epoxid-ep-211-esd\/#primaryimage\"},\"image\":{\"@id\":\"https:\/\/dev.klb-koetztal.de\/fr\/produkt\/klb-system-epoxid-ep-211-esd\/#primaryimage\"},\"thumbnailUrl\":\"https:\/\/dev.klb-koetztal.de\/app\/uploads\/2022\/03\/EP211_ESD.jpg\",\"datePublished\":\"2022-03-14T10:00:36+00:00\",\"dateModified\":\"2026-03-16T13:04:02+00:00\",\"description\":\"Rev\u00eatement EP 211 ESD pr\u00eat \u00e0 l'emploi, chimi-r\u00e9sistant pour la protection personnelle et explosion | KLB sols \u2714\ufe0f\u00e9lectronique \/ \u00e9lectrotechnique\",\"breadcrumb\":{\"@id\":\"https:\/\/dev.klb-koetztal.de\/fr\/produkt\/klb-system-epoxid-ep-211-esd\/#breadcrumb\"},\"inLanguage\":\"fr-FR\",\"potentialAction\":[{\"@type\":\"ReadAction\",\"target\":[\"https:\/\/dev.klb-koetztal.de\/fr\/produkt\/klb-system-epoxid-ep-211-esd\/\"]}]},{\"@type\":\"ImageObject\",\"inLanguage\":\"fr-FR\",\"@id\":\"https:\/\/dev.klb-koetztal.de\/fr\/produkt\/klb-system-epoxid-ep-211-esd\/#primaryimage\",\"url\":\"https:\/\/dev.klb-koetztal.de\/app\/uploads\/2022\/03\/EP211_ESD.jpg\",\"contentUrl\":\"https:\/\/dev.klb-koetztal.de\/app\/uploads\/2022\/03\/EP211_ESD.jpg\",\"width\":500,\"height\":500},{\"@type\":\"BreadcrumbList\",\"@id\":\"https:\/\/dev.klb-koetztal.de\/fr\/produkt\/klb-system-epoxid-ep-211-esd\/#breadcrumb\",\"itemListElement\":[{\"@type\":\"ListItem\",\"position\":1,\"name\":\"Startseite\",\"item\":\"https:\/\/dev.klb-koetztal.de\/fr\/\"},{\"@type\":\"ListItem\",\"position\":2,\"name\":\"KLB-SYSTEM EPOXID EP 211 ESD\"}]},{\"@type\":\"WebSite\",\"@id\":\"https:\/\/dev.klb-koetztal.de\/fr\/#website\",\"url\":\"https:\/\/dev.klb-koetztal.de\/fr\/\",\"name\":\"KLB K\u00f6tztal\",\"description\":\"Gute B\u00f6den haben ein System.\",\"potentialAction\":[{\"@type\":\"SearchAction\",\"target\":{\"@type\":\"EntryPoint\",\"urlTemplate\":\"https:\/\/dev.klb-koetztal.de\/fr\/?s={search_term_string}\"},\"query-input\":{\"@type\":\"PropertyValueSpecification\",\"valueRequired\":true,\"valueName\":\"search_term_string\"}}],\"inLanguage\":\"fr-FR\"}]}<\/script>\n<!-- \/ Yoast SEO plugin. -->","yoast_head_json":{"title":"Rev\u00eatement de sol DES-dissipateur, color\u00e9 clair EP 211 ESD | KLB","description":"Rev\u00eatement EP 211 ESD pr\u00eat \u00e0 l'emploi, chimi-r\u00e9sistant pour la protection personnelle et explosion | KLB sols \u2714\ufe0f\u00e9lectronique \/ \u00e9lectrotechnique","robots":{"index":"noindex","follow":"follow","max-snippet":"max-snippet:-1","max-image-preview":"max-image-preview:large","max-video-preview":"max-video-preview:-1"},"og_locale":"fr_FR","og_type":"article","og_title":"Rev\u00eatement de sol DES-dissipateur, color\u00e9 clair EP 211 ESD | KLB","og_description":"Rev\u00eatement EP 211 ESD pr\u00eat \u00e0 l'emploi, chimi-r\u00e9sistant pour la protection personnelle et explosion | KLB sols \u2714\ufe0f\u00e9lectronique \/ \u00e9lectrotechnique","og_url":"https:\/\/dev.klb-koetztal.de\/fr\/produkt\/klb-system-epoxid-ep-211-esd\/","og_site_name":"KLB K\u00f6tztal","article_publisher":"https:\/\/www.facebook.com\/klbkoetztal","article_modified_time":"2026-03-16T13:04:02+00:00","og_image":[{"width":500,"height":500,"url":"https:\/\/dev.klb-koetztal.de\/app\/uploads\/2022\/03\/EP211_ESD.jpg","type":"image\/jpeg"}],"twitter_card":"summary_large_image","schema":{"@context":"https:\/\/schema.org","@graph":[{"@type":"WebPage","@id":"https:\/\/dev.klb-koetztal.de\/fr\/produkt\/klb-system-epoxid-ep-211-esd\/","url":"https:\/\/dev.klb-koetztal.de\/fr\/produkt\/klb-system-epoxid-ep-211-esd\/","name":"Rev\u00eatement de sol DES-dissipateur, color\u00e9 clair EP 211 ESD | KLB","isPartOf":{"@id":"https:\/\/dev.klb-koetztal.de\/fr\/#website"},"primaryImageOfPage":{"@id":"https:\/\/dev.klb-koetztal.de\/fr\/produkt\/klb-system-epoxid-ep-211-esd\/#primaryimage"},"image":{"@id":"https:\/\/dev.klb-koetztal.de\/fr\/produkt\/klb-system-epoxid-ep-211-esd\/#primaryimage"},"thumbnailUrl":"https:\/\/dev.klb-koetztal.de\/app\/uploads\/2022\/03\/EP211_ESD.jpg","datePublished":"2022-03-14T10:00:36+00:00","dateModified":"2026-03-16T13:04:02+00:00","description":"Rev\u00eatement EP 211 ESD pr\u00eat \u00e0 l'emploi, chimi-r\u00e9sistant pour la protection personnelle et explosion | KLB sols \u2714\ufe0f\u00e9lectronique \/ \u00e9lectrotechnique","breadcrumb":{"@id":"https:\/\/dev.klb-koetztal.de\/fr\/produkt\/klb-system-epoxid-ep-211-esd\/#breadcrumb"},"inLanguage":"fr-FR","potentialAction":[{"@type":"ReadAction","target":["https:\/\/dev.klb-koetztal.de\/fr\/produkt\/klb-system-epoxid-ep-211-esd\/"]}]},{"@type":"ImageObject","inLanguage":"fr-FR","@id":"https:\/\/dev.klb-koetztal.de\/fr\/produkt\/klb-system-epoxid-ep-211-esd\/#primaryimage","url":"https:\/\/dev.klb-koetztal.de\/app\/uploads\/2022\/03\/EP211_ESD.jpg","contentUrl":"https:\/\/dev.klb-koetztal.de\/app\/uploads\/2022\/03\/EP211_ESD.jpg","width":500,"height":500},{"@type":"BreadcrumbList","@id":"https:\/\/dev.klb-koetztal.de\/fr\/produkt\/klb-system-epoxid-ep-211-esd\/#breadcrumb","itemListElement":[{"@type":"ListItem","position":1,"name":"Startseite","item":"https:\/\/dev.klb-koetztal.de\/fr\/"},{"@type":"ListItem","position":2,"name":"KLB-SYSTEM EPOXID EP 211 ESD"}]},{"@type":"WebSite","@id":"https:\/\/dev.klb-koetztal.de\/fr\/#website","url":"https:\/\/dev.klb-koetztal.de\/fr\/","name":"KLB K\u00f6tztal","description":"Gute B\u00f6den haben ein System.","potentialAction":[{"@type":"SearchAction","target":{"@type":"EntryPoint","urlTemplate":"https:\/\/dev.klb-koetztal.de\/fr\/?s={search_term_string}"},"query-input":{"@type":"PropertyValueSpecification","valueRequired":true,"valueName":"search_term_string"}}],"inLanguage":"fr-FR"}]}},"_links":{"self":[{"href":"https:\/\/dev.klb-koetztal.de\/fr\/wp-json\/wp\/v2\/product\/49657","targetHints":{"allow":["GET"]}}],"collection":[{"href":"https:\/\/dev.klb-koetztal.de\/fr\/wp-json\/wp\/v2\/product"}],"about":[{"href":"https:\/\/dev.klb-koetztal.de\/fr\/wp-json\/wp\/v2\/types\/product"}],"wp:featuredmedia":[{"embeddable":true,"href":"https:\/\/dev.klb-koetztal.de\/fr\/wp-json\/wp\/v2\/media\/49660"}],"wp:attachment":[{"href":"https:\/\/dev.klb-koetztal.de\/fr\/wp-json\/wp\/v2\/media?parent=49657"}],"wp:term":[{"taxonomy":"product_brand","embeddable":true,"href":"https:\/\/dev.klb-koetztal.de\/fr\/wp-json\/wp\/v2\/product_brand?post=49657"},{"taxonomy":"product_cat","embeddable":true,"href":"https:\/\/dev.klb-koetztal.de\/fr\/wp-json\/wp\/v2\/product_cat?post=49657"},{"taxonomy":"product_tag","embeddable":true,"href":"https:\/\/dev.klb-koetztal.de\/fr\/wp-json\/wp\/v2\/product_tag?post=49657"}],"curies":[{"name":"wp","href":"https:\/\/api.w.org\/{rel}","templated":true}]}}