{"id":49639,"date":"2022-03-14T11:00:27","date_gmt":"2022-03-14T10:00:27","guid":{"rendered":"https:\/\/dev.klb-koetztal.de\/produkt\/klb-system-epoxid-ep-236-esd\/"},"modified":"2026-02-25T11:40:32","modified_gmt":"2026-02-25T10:40:32","slug":"klb-system-epoxid-ep-236-esd","status":"publish","type":"product","link":"https:\/\/dev.klb-koetztal.de\/fr\/produkt\/klb-system-epoxid-ep-236-esd\/","title":{"rendered":"KLB-SYSTEM EPOXID EP 236 ESD"},"content":{"rendered":"","protected":false},"excerpt":{"rendered":"<p>Rev\u00eatement structur\u00e9 en r\u00e9sine \u00e9poxy \u00e0 2 composants \u00e0 faible \u00e9mission et \u00e9lectro-dissipateur&#160;pour la r\u00e9alisation de&#160;rev\u00eatements fins.<br \/>\nConvient aux exigences de protection DES et antid\u00e9flagrante. Particuli\u00e8rement \u00e9conomique et applicable dans 1 \u00e0 2 jours dans le syst\u00e8me avec EP 77 Spachtel-Leitschicht ! L&rsquo;application intervient&#160;\u00e0 la spatule dent\u00e9e et au&#160;rouleau structur\u00e9.<\/p>\n","protected":false},"featured_media":49641,"template":"","meta":{"_acf_changed":false},"product_brand":[],"product_cat":[10042,10069],"product_tag":[],"class_list":{"0":"post-49639","1":"product","2":"type-product","3":"status-publish","4":"has-post-thumbnail","6":"product_cat-revetements","7":"product_cat-revetements_revetements-dissipateurs-pour-la-protection-des","9":"first","10":"instock","11":"shipping-taxable","12":"product-type-simple"},"acf":{"product_header":{"module_product_header":{"":null,"prototype_headline":{"headline":"KLB-SYSTEM EPOXID EP 236 ESD","h1":true,"subheadline":"Rev\u00eatement structur\u00e9 en r\u00e9sine \u00e9poxy \u00e0 2 composants, \u00e0 faible \u00e9mission, \u00e9lectro-dissipateur et pigment\u00e9 pour les solutions \u00e9conomiques. Convient aux rev\u00eatements de sol structur\u00e9s pour les zones avec exigences de protection DES et antid\u00e9flagrante.","anchor":"","url":""},"grid_text_slider":false,"grid_text_content":[{"text":"<p class=\"product-short-title\" style=\"text-align: center;\"><strong>Br\u00e8ve description<\/strong><\/p>\n<p>Rev\u00eatement structur\u00e9 en r\u00e9sine \u00e9poxy \u00e0 2 composants \u00e0 faible \u00e9mission et \u00e9lectro-dissipateur&#160;pour la r\u00e9alisation de&#160;rev\u00eatements fins.<\/p>\n<p>Convient aux exigences de protection DES et antid\u00e9flagrante. Particuli\u00e8rement \u00e9conomique et applicable dans 1 \u00e0 2 jours dans le syst\u00e8me avec EP 77 Spachtel-Leitschicht ! L&rsquo;application intervient&#160;\u00e0 la spatule dent\u00e9e et au&#160;rouleau structur\u00e9.<\/p>\n","width":"4","background_color_text":"bg-white","border_color":"border-gray-light"},{"text":"<p class=\"product-sicing-title\" style=\"text-align: center;\"><strong>Unit\u00e9s d'emballage<\/strong><\/p>\n<ul>\n<li>AK1416-50 &#8211; Combinaison Seau 10,00 kg<\/li>\n<li>AK1416-25 &#8211; Combinaison Hobbock 25,00 kg<\/li>\n<\/ul>\n<p><\/p>\n<p>N&rsquo;h\u00e9sitez pas \u00e0 contacter directement pour toute demande concernant des quantit\u00e9s de livraison ou des unit\u00e9s de conditionnement plus importantes.<\/p>\n\n","width":"4","background_color_text":"bg-white","border_color":"border-gray-light"},{"text":"<p class=\"product-attr-title\" style=\"text-align: center;\"><strong>Propri\u00e9t\u00e9s<\/strong><\/p>\n<ul>\n<li>pour des exigences \u00e9lev\u00e9es en mati\u00e8re de protection DES<\/li>\n<li>\u00e9lectro-dissipateur pour la protection antid\u00e9flagrante<\/li>\n<li>rev\u00eatement sans joint<\/li>\n<li>installation rapide<\/li>\n<li>\u00e9galement adapt\u00e9 pour des surfaces verticales<\/li>\n<li>Total Solid selon GISCODE (m\u00e9thode d&rsquo;essai de \u00ab Deutsche Bauchemie \u00bb, l&rsquo;association all. pour la chimie de construction)<\/li>\n<li>qualit\u00e9 contr\u00f4l\u00e9e, \u00e0 faible \u00e9mission<\/li>\n<li>surfaces \u00e0 structure pastill\u00e9e<\/li>\n<li>structur\u00e9<\/li>\n<li>bonne aptitude au nettoyage<\/li>\n<li>r\u00e9sistance \u00e9quilibre<\/li>\n<li>r\u00e9sistant \u00e0 l&rsquo;abrasion et \u00e0 l&rsquo;usure<\/li>\n<\/ul>\n","width":"4","background_color_text":"bg-white","border_color":"border-gray-light"}],"background_color":"bg-none","background_color_content":"bg-none"}},"downloads":{"module_download_list":{"inhalt":null,"downloads":[{"download":{"ID":66494,"id":66494,"title":"EP_236_ESD_PI_fr_2025_07","filename":"EP_236_ESD_PI_fr_2025_07.pdf","filesize":1460051,"url":"https:\/\/dev.klb-koetztal.de\/app\/uploads\/2025\/07\/EP_236_ESD_PI_fr_2025_07.pdf","link":"https:\/\/dev.klb-koetztal.de\/fr\/?attachment_id=66494","alt":"","author":"7","description":"","caption":"","name":"ep_236_esd_pi_fr_2025_07-2","status":"inherit","uploaded_to":0,"date":"2025-07-23 10:00:17","modified":"2025-07-23 10:00:17","menu_order":0,"mime_type":"application\/pdf","type":"application","subtype":"pdf","icon":"https:\/\/dev.klb-koetztal.de\/wp\/wp-includes\/images\/media\/document.png"},"filename":"Information produit","protected":false,"doclang":"FR","externalkey":"Produktinformation","docpos":"3"},{"download":{"ID":49645,"id":49645,"title":"Leistungserkl\u00e4rung - Statement of performance","filename":"EP236_ESD_LE_2017-04.pdf","filesize":202398,"url":"https:\/\/dev.klb-koetztal.de\/app\/uploads\/2022\/03\/EP236_ESD_LE_2017-04.pdf","link":"https:\/\/dev.klb-koetztal.de\/fr\/?attachment_id=49645","alt":"","author":"7","description":"","caption":"","name":"ep236_esd_le_2017-04","status":"inherit","uploaded_to":0,"date":"2022-03-14 10:00:31","modified":"2026-02-25 10:40:40","menu_order":0,"mime_type":"application\/pdf","type":"application","subtype":"pdf","icon":"https:\/\/dev.klb-koetztal.de\/wp\/wp-includes\/images\/media\/document.png"},"filename":"D\u00e9claration de performance","protected":false,"doclang":"Multi","externalkey":"Leistungserklaerung","docpos":"50"},{"download":{"ID":51972,"id":51972,"title":"EP236_ESD_Umwelt-Deklaration_2022-08","filename":"EP236_ESD_Umwelt-Deklaration_2022-08.pdf","filesize":2342983,"url":"https:\/\/dev.klb-koetztal.de\/app\/uploads\/2022\/09\/EP236_ESD_Umwelt-Deklaration_2022-08.pdf","link":"https:\/\/dev.klb-koetztal.de\/fr\/?attachment_id=51972","alt":"","author":"7","description":"","caption":"","name":"ep236_esd_umwelt-deklaration_2022-08-2","status":"inherit","uploaded_to":0,"date":"2022-09-01 09:40:35","modified":"2022-09-01 09:40:35","menu_order":0,"mime_type":"application\/pdf","type":"application","subtype":"pdf","icon":"https:\/\/dev.klb-koetztal.de\/wp\/wp-includes\/images\/media\/document.png"},"filename":"D\u00e9clarations de produit environnemental (EPD)","protected":false,"doclang":"Multi","externalkey":"Umweltproduktdeklaration","docpos":"50"},{"download":false,"filename":"Fiche de donn\u00e9es de s\u00e9curit\u00e9","protected":true,"doclang":"FR","externalkey":"Sicherheitsdatenblatt","docpos":"3"}],"einstellungen":null,"background_color":"bg-none","background_color_content":"bg-none"}},"included_in_systems":{"module_included_in_systems":{"":null,"background_color":"bg-gray-medium","background_color_content":"bg-none"}},"contact":{"module_contact":{"":null,"background_color":"bg-none","background_color_content":"bg-none"}},"ausschreibende":{"module_ausschreibende":{"andern_sie_den_inhalt_unter_universelle_elemente":null,"background_color":"bg-none","background_color_content":"bg-none"}}},"yoast_head":"<!-- This site is optimized with the Yoast SEO plugin v27.0 - https:\/\/yoast.com\/product\/yoast-seo-wordpress\/ -->\n<title>Rev\u00eatement fin EP 236 ESD conducteur, faible en COV | KLB K\u00f6tztal<\/title>\n<meta name=\"description\" content=\"Rev\u00eatement structur\u00e9 EP 236 ESD bicomposants conducteur, \u00e9conomique | KLB rev\u00eatements de sol et muraux \u2714\ufe0f protection antid\u00e9flagrante et DES\" \/>\n<meta name=\"robots\" content=\"noindex, follow, max-snippet:-1, max-image-preview:large, max-video-preview:-1\" \/>\n<meta property=\"og:locale\" content=\"fr_FR\" \/>\n<meta property=\"og:type\" content=\"article\" \/>\n<meta property=\"og:title\" content=\"Rev\u00eatement fin EP 236 ESD conducteur, faible en COV | KLB K\u00f6tztal\" \/>\n<meta property=\"og:description\" content=\"Rev\u00eatement structur\u00e9 EP 236 ESD bicomposants conducteur, \u00e9conomique | KLB rev\u00eatements de sol et muraux \u2714\ufe0f protection antid\u00e9flagrante et DES\" \/>\n<meta property=\"og:url\" content=\"https:\/\/dev.klb-koetztal.de\/fr\/produkt\/klb-system-epoxid-ep-236-esd\/\" \/>\n<meta property=\"og:site_name\" content=\"KLB K\u00f6tztal\" \/>\n<meta property=\"article:publisher\" content=\"https:\/\/www.facebook.com\/klbkoetztal\" \/>\n<meta property=\"article:modified_time\" content=\"2026-02-25T10:40:32+00:00\" \/>\n<meta property=\"og:image\" content=\"https:\/\/dev.klb-koetztal.de\/app\/uploads\/2022\/03\/EP236_ESD.jpg\" \/>\n\t<meta property=\"og:image:width\" content=\"500\" \/>\n\t<meta property=\"og:image:height\" content=\"500\" \/>\n\t<meta property=\"og:image:type\" content=\"image\/jpeg\" \/>\n<meta name=\"twitter:card\" content=\"summary_large_image\" \/>\n<script type=\"application\/ld+json\" class=\"yoast-schema-graph\">{\"@context\":\"https:\/\/schema.org\",\"@graph\":[{\"@type\":\"WebPage\",\"@id\":\"https:\/\/dev.klb-koetztal.de\/fr\/produkt\/klb-system-epoxid-ep-236-esd\/\",\"url\":\"https:\/\/dev.klb-koetztal.de\/fr\/produkt\/klb-system-epoxid-ep-236-esd\/\",\"name\":\"Rev\u00eatement fin EP 236 ESD conducteur, faible en COV | KLB K\u00f6tztal\",\"isPartOf\":{\"@id\":\"https:\/\/dev.klb-koetztal.de\/fr\/#website\"},\"primaryImageOfPage\":{\"@id\":\"https:\/\/dev.klb-koetztal.de\/fr\/produkt\/klb-system-epoxid-ep-236-esd\/#primaryimage\"},\"image\":{\"@id\":\"https:\/\/dev.klb-koetztal.de\/fr\/produkt\/klb-system-epoxid-ep-236-esd\/#primaryimage\"},\"thumbnailUrl\":\"https:\/\/dev.klb-koetztal.de\/app\/uploads\/2022\/03\/EP236_ESD.jpg\",\"datePublished\":\"2022-03-14T10:00:27+00:00\",\"dateModified\":\"2026-02-25T10:40:32+00:00\",\"description\":\"Rev\u00eatement structur\u00e9 EP 236 ESD bicomposants conducteur, \u00e9conomique | KLB rev\u00eatements de sol et muraux \u2714\ufe0f protection antid\u00e9flagrante et DES\",\"breadcrumb\":{\"@id\":\"https:\/\/dev.klb-koetztal.de\/fr\/produkt\/klb-system-epoxid-ep-236-esd\/#breadcrumb\"},\"inLanguage\":\"fr-FR\",\"potentialAction\":[{\"@type\":\"ReadAction\",\"target\":[\"https:\/\/dev.klb-koetztal.de\/fr\/produkt\/klb-system-epoxid-ep-236-esd\/\"]}]},{\"@type\":\"ImageObject\",\"inLanguage\":\"fr-FR\",\"@id\":\"https:\/\/dev.klb-koetztal.de\/fr\/produkt\/klb-system-epoxid-ep-236-esd\/#primaryimage\",\"url\":\"https:\/\/dev.klb-koetztal.de\/app\/uploads\/2022\/03\/EP236_ESD.jpg\",\"contentUrl\":\"https:\/\/dev.klb-koetztal.de\/app\/uploads\/2022\/03\/EP236_ESD.jpg\",\"width\":500,\"height\":500},{\"@type\":\"BreadcrumbList\",\"@id\":\"https:\/\/dev.klb-koetztal.de\/fr\/produkt\/klb-system-epoxid-ep-236-esd\/#breadcrumb\",\"itemListElement\":[{\"@type\":\"ListItem\",\"position\":1,\"name\":\"Startseite\",\"item\":\"https:\/\/dev.klb-koetztal.de\/fr\/\"},{\"@type\":\"ListItem\",\"position\":2,\"name\":\"KLB-SYSTEM EPOXID EP 236 ESD\"}]},{\"@type\":\"WebSite\",\"@id\":\"https:\/\/dev.klb-koetztal.de\/fr\/#website\",\"url\":\"https:\/\/dev.klb-koetztal.de\/fr\/\",\"name\":\"KLB K\u00f6tztal\",\"description\":\"Gute B\u00f6den haben ein System.\",\"potentialAction\":[{\"@type\":\"SearchAction\",\"target\":{\"@type\":\"EntryPoint\",\"urlTemplate\":\"https:\/\/dev.klb-koetztal.de\/fr\/?s={search_term_string}\"},\"query-input\":{\"@type\":\"PropertyValueSpecification\",\"valueRequired\":true,\"valueName\":\"search_term_string\"}}],\"inLanguage\":\"fr-FR\"}]}<\/script>\n<!-- \/ Yoast SEO plugin. -->","yoast_head_json":{"title":"Rev\u00eatement fin EP 236 ESD conducteur, faible en COV | KLB K\u00f6tztal","description":"Rev\u00eatement structur\u00e9 EP 236 ESD bicomposants conducteur, \u00e9conomique | KLB rev\u00eatements de sol et muraux \u2714\ufe0f protection antid\u00e9flagrante et DES","robots":{"index":"noindex","follow":"follow","max-snippet":"max-snippet:-1","max-image-preview":"max-image-preview:large","max-video-preview":"max-video-preview:-1"},"og_locale":"fr_FR","og_type":"article","og_title":"Rev\u00eatement fin EP 236 ESD conducteur, faible en COV | KLB K\u00f6tztal","og_description":"Rev\u00eatement structur\u00e9 EP 236 ESD bicomposants conducteur, \u00e9conomique | KLB rev\u00eatements de sol et muraux \u2714\ufe0f protection antid\u00e9flagrante et DES","og_url":"https:\/\/dev.klb-koetztal.de\/fr\/produkt\/klb-system-epoxid-ep-236-esd\/","og_site_name":"KLB K\u00f6tztal","article_publisher":"https:\/\/www.facebook.com\/klbkoetztal","article_modified_time":"2026-02-25T10:40:32+00:00","og_image":[{"width":500,"height":500,"url":"https:\/\/dev.klb-koetztal.de\/app\/uploads\/2022\/03\/EP236_ESD.jpg","type":"image\/jpeg"}],"twitter_card":"summary_large_image","schema":{"@context":"https:\/\/schema.org","@graph":[{"@type":"WebPage","@id":"https:\/\/dev.klb-koetztal.de\/fr\/produkt\/klb-system-epoxid-ep-236-esd\/","url":"https:\/\/dev.klb-koetztal.de\/fr\/produkt\/klb-system-epoxid-ep-236-esd\/","name":"Rev\u00eatement fin EP 236 ESD conducteur, faible en COV | KLB K\u00f6tztal","isPartOf":{"@id":"https:\/\/dev.klb-koetztal.de\/fr\/#website"},"primaryImageOfPage":{"@id":"https:\/\/dev.klb-koetztal.de\/fr\/produkt\/klb-system-epoxid-ep-236-esd\/#primaryimage"},"image":{"@id":"https:\/\/dev.klb-koetztal.de\/fr\/produkt\/klb-system-epoxid-ep-236-esd\/#primaryimage"},"thumbnailUrl":"https:\/\/dev.klb-koetztal.de\/app\/uploads\/2022\/03\/EP236_ESD.jpg","datePublished":"2022-03-14T10:00:27+00:00","dateModified":"2026-02-25T10:40:32+00:00","description":"Rev\u00eatement structur\u00e9 EP 236 ESD bicomposants conducteur, \u00e9conomique | KLB rev\u00eatements de sol et muraux \u2714\ufe0f protection antid\u00e9flagrante et DES","breadcrumb":{"@id":"https:\/\/dev.klb-koetztal.de\/fr\/produkt\/klb-system-epoxid-ep-236-esd\/#breadcrumb"},"inLanguage":"fr-FR","potentialAction":[{"@type":"ReadAction","target":["https:\/\/dev.klb-koetztal.de\/fr\/produkt\/klb-system-epoxid-ep-236-esd\/"]}]},{"@type":"ImageObject","inLanguage":"fr-FR","@id":"https:\/\/dev.klb-koetztal.de\/fr\/produkt\/klb-system-epoxid-ep-236-esd\/#primaryimage","url":"https:\/\/dev.klb-koetztal.de\/app\/uploads\/2022\/03\/EP236_ESD.jpg","contentUrl":"https:\/\/dev.klb-koetztal.de\/app\/uploads\/2022\/03\/EP236_ESD.jpg","width":500,"height":500},{"@type":"BreadcrumbList","@id":"https:\/\/dev.klb-koetztal.de\/fr\/produkt\/klb-system-epoxid-ep-236-esd\/#breadcrumb","itemListElement":[{"@type":"ListItem","position":1,"name":"Startseite","item":"https:\/\/dev.klb-koetztal.de\/fr\/"},{"@type":"ListItem","position":2,"name":"KLB-SYSTEM EPOXID EP 236 ESD"}]},{"@type":"WebSite","@id":"https:\/\/dev.klb-koetztal.de\/fr\/#website","url":"https:\/\/dev.klb-koetztal.de\/fr\/","name":"KLB K\u00f6tztal","description":"Gute B\u00f6den haben ein System.","potentialAction":[{"@type":"SearchAction","target":{"@type":"EntryPoint","urlTemplate":"https:\/\/dev.klb-koetztal.de\/fr\/?s={search_term_string}"},"query-input":{"@type":"PropertyValueSpecification","valueRequired":true,"valueName":"search_term_string"}}],"inLanguage":"fr-FR"}]}},"_links":{"self":[{"href":"https:\/\/dev.klb-koetztal.de\/fr\/wp-json\/wp\/v2\/product\/49639","targetHints":{"allow":["GET"]}}],"collection":[{"href":"https:\/\/dev.klb-koetztal.de\/fr\/wp-json\/wp\/v2\/product"}],"about":[{"href":"https:\/\/dev.klb-koetztal.de\/fr\/wp-json\/wp\/v2\/types\/product"}],"wp:featuredmedia":[{"embeddable":true,"href":"https:\/\/dev.klb-koetztal.de\/fr\/wp-json\/wp\/v2\/media\/49641"}],"wp:attachment":[{"href":"https:\/\/dev.klb-koetztal.de\/fr\/wp-json\/wp\/v2\/media?parent=49639"}],"wp:term":[{"taxonomy":"product_brand","embeddable":true,"href":"https:\/\/dev.klb-koetztal.de\/fr\/wp-json\/wp\/v2\/product_brand?post=49639"},{"taxonomy":"product_cat","embeddable":true,"href":"https:\/\/dev.klb-koetztal.de\/fr\/wp-json\/wp\/v2\/product_cat?post=49639"},{"taxonomy":"product_tag","embeddable":true,"href":"https:\/\/dev.klb-koetztal.de\/fr\/wp-json\/wp\/v2\/product_tag?post=49639"}],"curies":[{"name":"wp","href":"https:\/\/api.w.org\/{rel}","templated":true}]}}