{"id":49636,"date":"2022-03-14T11:00:26","date_gmt":"2022-03-14T10:00:26","guid":{"rendered":"https:\/\/dev.klb-koetztal.de\/produkt\/klb-system-epoxid-ep-233-el\/"},"modified":"2026-03-16T14:18:26","modified_gmt":"2026-03-16T13:18:26","slug":"klb-system-epoxid-ep-233-el","status":"publish","type":"product","link":"https:\/\/dev.klb-koetztal.de\/fr\/produkt\/klb-system-epoxid-ep-233-el\/","title":{"rendered":"KLB-SYSTEM EPOXID EP 233 EL+&nbsp;"},"content":{"rendered":"","protected":false},"excerpt":{"rendered":"<p>Rev\u00eatement au&#160;rouleau l\u00e9g\u00e8rement antid\u00e9rapant en&#160;r\u00e9sine \u00e9poxy \u00e0 2 composants avec une surface brillante contenant du SIC. En combinaison avec&#160;EP 799 Ableitgrund, il peut \u00eatre utilis\u00e9 comme rev\u00eatement \u00e9lectro-dissipateur. Rev\u00eatement fin \u00e9conomique pour les surfaces l\u00e9g\u00e8rement sollicit\u00e9es avec des exigences de protection personnelle et antid\u00e9flagrante.<\/p>\n","protected":false},"featured_media":49638,"template":"","meta":{"_acf_changed":false},"product_brand":[],"product_cat":[10042,10064],"product_tag":[],"class_list":{"0":"post-49636","1":"product","2":"type-product","3":"status-publish","4":"has-post-thumbnail","6":"product_cat-revetements","7":"product_cat-revetements_revetements-dissipateurs-protection-individuelle-et-antideflagrante","9":"first","10":"instock","11":"shipping-taxable","12":"product-type-simple"},"acf":{"product_header":{"module_product_header":{"":null,"prototype_headline":{"headline":"KLB-SYSTEM EPOXID EP 233 EL+&nbsp;","h1":true,"subheadline":"Rev\u00eatement fins en r\u00e9sine \u00e9poxy bicomposante \u00e0 structure SIC","anchor":"","url":""},"grid_text_slider":false,"grid_text_content":[{"text":"<p class=\"product-short-title\" style=\"text-align: center;\"><strong>Br\u00e8ve description<\/strong><\/p>\n<p>Rev\u00eatement au&#160;rouleau l\u00e9g\u00e8rement antid\u00e9rapant en&#160;r\u00e9sine \u00e9poxy \u00e0 2 composants avec une surface brillante contenant du SIC. En combinaison avec&#160;EP 799 Ableitgrund, il peut \u00eatre utilis\u00e9 comme rev\u00eatement \u00e9lectro-dissipateur. Rev\u00eatement fin \u00e9conomique pour les surfaces l\u00e9g\u00e8rement sollicit\u00e9es avec des exigences de protection personnelle et antid\u00e9flagrante.<\/p>\n","width":"4","background_color_text":"bg-white","border_color":"border-gray-light"},{"text":"<p class=\"product-sicing-title\" style=\"text-align: center;\"><strong>Unit\u00e9s d'emballage<\/strong><\/p>\n<ul>\n<li>AL1254-10 &#8211; Combinaison Seau 10,00 kg<\/li>\n<li>AL1254-30 &#8211; Combinaison Hobbock 30,00 kg<\/li>\n<\/ul>\n<p><\/p>\n<p>N&rsquo;h\u00e9sitez pas \u00e0 contacter directement pour toute demande concernant des quantit\u00e9s de livraison ou des unit\u00e9s de conditionnement plus importantes.<\/p>\n\n","width":"4","background_color_text":"bg-white","border_color":"border-gray-light"},{"text":"<p class=\"product-attr-title\" style=\"text-align: center;\"><strong>Propri\u00e9t\u00e9s<\/strong><\/p>\n<ul>\n<li>Total Solid selon GISCODE (m\u00e9thode d&rsquo;essai de \u00ab Deutsche Bauchemie \u00bb, l&rsquo;association all. pour la chimie de construction)<\/li>\n<li>antid\u00e9rapant<\/li>\n<li>\u00e9lectro-dissipateur<\/li>\n<li>structur\u00e9<\/li>\n<li>bonne r\u00e9sistance \u00e0 l&rsquo;eau et aux produits chimiques<\/li>\n<li>tr\u00e8s \u00e9conomique<\/li>\n<li>r\u00e9sistant \u00e0 l&rsquo;abrasion et \u00e0 l&rsquo;usure<\/li>\n<\/ul>\n","width":"4","background_color_text":"bg-white","border_color":"border-gray-light"}],"background_color":"bg-none","background_color_content":"bg-none"}},"downloads":{"module_download_list":{"inhalt":null,"downloads":[{"download":{"ID":68640,"id":68640,"title":"EP_233_EL_plus_PI_fr_2026_01","filename":"EP_233_EL_plus_PI_fr_2026_01.pdf","filesize":678990,"url":"https:\/\/dev.klb-koetztal.de\/app\/uploads\/2026\/01\/EP_233_EL_plus_PI_fr_2026_01.pdf","link":"https:\/\/dev.klb-koetztal.de\/fr\/?attachment_id=68640","alt":"","author":"7","description":"","caption":"","name":"ep_233_el_plus_pi_fr_2026_01-2","status":"inherit","uploaded_to":0,"date":"2026-01-22 08:30:40","modified":"2026-01-22 08:30:40","menu_order":0,"mime_type":"application\/pdf","type":"application","subtype":"pdf","icon":"https:\/\/dev.klb-koetztal.de\/wp\/wp-includes\/images\/media\/document.png"},"filename":"Information produit","protected":false,"doclang":"FR","externalkey":"Produktinformation","docpos":"3"},{"download":{"ID":68402,"id":68402,"title":"EP_233_EL_plus_LE_en_2025_12","filename":"EP_233_EL_plus_LE_en_2025_12.pdf","filesize":345977,"url":"https:\/\/dev.klb-koetztal.de\/app\/uploads\/2025\/12\/EP_233_EL_plus_LE_en_2025_12.pdf","link":"https:\/\/dev.klb-koetztal.de\/fr\/?attachment_id=68402","alt":"","author":"7","description":"","caption":"","name":"ep_233_el_plus_le_en_2025_12-2","status":"inherit","uploaded_to":0,"date":"2025-12-15 06:51:23","modified":"2025-12-15 06:51:23","menu_order":0,"mime_type":"application\/pdf","type":"application","subtype":"pdf","icon":"https:\/\/dev.klb-koetztal.de\/wp\/wp-includes\/images\/media\/document.png"},"filename":"Statement of performance","protected":false,"doclang":"GB","externalkey":"Leistungserklaerung","docpos":"2"},{"download":{"ID":68405,"id":68405,"title":"EP_233_EL_plus_LE_fr_2025_12","filename":"EP_233_EL_plus_LE_fr_2025_12.pdf","filesize":345515,"url":"https:\/\/dev.klb-koetztal.de\/app\/uploads\/2025\/12\/EP_233_EL_plus_LE_fr_2025_12.pdf","link":"https:\/\/dev.klb-koetztal.de\/fr\/?attachment_id=68405","alt":"","author":"7","description":"","caption":"","name":"ep_233_el_plus_le_fr_2025_12-2","status":"inherit","uploaded_to":0,"date":"2025-12-15 06:51:27","modified":"2025-12-15 06:51:27","menu_order":0,"mime_type":"application\/pdf","type":"application","subtype":"pdf","icon":"https:\/\/dev.klb-koetztal.de\/wp\/wp-includes\/images\/media\/document.png"},"filename":"D\u00e9claration de performance","protected":false,"doclang":"FR","externalkey":"Leistungserklaerung","docpos":"3"},{"download":{"ID":51969,"id":51969,"title":"EP233_EL_plus_Umwelt-Deklaration_2022-08","filename":"EP233_EL_plus_Umwelt-Deklaration_2022-08.pdf","filesize":2470739,"url":"https:\/\/dev.klb-koetztal.de\/app\/uploads\/2022\/09\/EP233_EL_plus_Umwelt-Deklaration_2022-08.pdf","link":"https:\/\/dev.klb-koetztal.de\/fr\/?attachment_id=51969","alt":"","author":"7","description":"","caption":"","name":"ep233_el_plus_umwelt-deklaration_2022-08-2","status":"inherit","uploaded_to":0,"date":"2022-09-01 09:40:22","modified":"2022-09-01 09:40:22","menu_order":0,"mime_type":"application\/pdf","type":"application","subtype":"pdf","icon":"https:\/\/dev.klb-koetztal.de\/wp\/wp-includes\/images\/media\/document.png"},"filename":"D\u00e9clarations de produit environnemental (EPD)","protected":false,"doclang":"Multi","externalkey":"Umweltproduktdeklaration","docpos":"50"},{"download":false,"filename":"Fiche de donn\u00e9es de s\u00e9curit\u00e9","protected":true,"doclang":"FR","externalkey":"Sicherheitsdatenblatt","docpos":"3"}],"einstellungen":null,"background_color":"bg-none","background_color_content":"bg-none"}},"included_in_systems":{"module_included_in_systems":{"":null,"background_color":"bg-gray-medium","background_color_content":"bg-none"}},"contact":{"module_contact":{"":null,"background_color":"bg-none","background_color_content":"bg-none"}},"ausschreibende":{"module_ausschreibende":{"andern_sie_den_inhalt_unter_universelle_elemente":null,"background_color":"bg-none","background_color_content":"bg-none"}}},"yoast_head":"<!-- This site is optimized with the Yoast SEO plugin v27.0 - https:\/\/yoast.com\/product\/yoast-seo-wordpress\/ -->\n<title>Rev\u00eatement EP 233 EL+ rugueux, dissipateur | KLB K\u00f6tztal<\/title>\n<meta name=\"description\" content=\"Rev\u00eatement au rouleau EP 233 EL+ avec du SiC, brillante et fine, protection personnelle et explosion | KLB rev\u00eatements \u2714\ufe0f r\u00e9silient, r\u00e9sistance chimique\" \/>\n<meta name=\"robots\" content=\"noindex, follow, max-snippet:-1, max-image-preview:large, max-video-preview:-1\" \/>\n<meta property=\"og:locale\" content=\"fr_FR\" \/>\n<meta property=\"og:type\" content=\"article\" \/>\n<meta property=\"og:title\" content=\"Rev\u00eatement EP 233 EL+ rugueux, dissipateur | KLB K\u00f6tztal\" \/>\n<meta property=\"og:description\" content=\"Rev\u00eatement au rouleau EP 233 EL+ avec du SiC, brillante et fine, protection personnelle et explosion | KLB rev\u00eatements \u2714\ufe0f r\u00e9silient, r\u00e9sistance chimique\" \/>\n<meta property=\"og:url\" content=\"https:\/\/dev.klb-koetztal.de\/fr\/produkt\/klb-system-epoxid-ep-233-el\/\" \/>\n<meta property=\"og:site_name\" content=\"KLB K\u00f6tztal\" \/>\n<meta property=\"article:publisher\" content=\"https:\/\/www.facebook.com\/klbkoetztal\" \/>\n<meta property=\"article:modified_time\" content=\"2026-03-16T13:18:26+00:00\" \/>\n<meta property=\"og:image\" content=\"https:\/\/dev.klb-koetztal.de\/app\/uploads\/2022\/03\/EP233_EL.jpg\" \/>\n\t<meta property=\"og:image:width\" content=\"500\" \/>\n\t<meta property=\"og:image:height\" content=\"500\" \/>\n\t<meta property=\"og:image:type\" content=\"image\/jpeg\" \/>\n<meta name=\"twitter:card\" content=\"summary_large_image\" \/>\n<script type=\"application\/ld+json\" class=\"yoast-schema-graph\">{\"@context\":\"https:\/\/schema.org\",\"@graph\":[{\"@type\":\"WebPage\",\"@id\":\"https:\/\/dev.klb-koetztal.de\/fr\/produkt\/klb-system-epoxid-ep-233-el\/\",\"url\":\"https:\/\/dev.klb-koetztal.de\/fr\/produkt\/klb-system-epoxid-ep-233-el\/\",\"name\":\"Rev\u00eatement EP 233 EL+ rugueux, dissipateur | KLB K\u00f6tztal\",\"isPartOf\":{\"@id\":\"https:\/\/dev.klb-koetztal.de\/fr\/#website\"},\"primaryImageOfPage\":{\"@id\":\"https:\/\/dev.klb-koetztal.de\/fr\/produkt\/klb-system-epoxid-ep-233-el\/#primaryimage\"},\"image\":{\"@id\":\"https:\/\/dev.klb-koetztal.de\/fr\/produkt\/klb-system-epoxid-ep-233-el\/#primaryimage\"},\"thumbnailUrl\":\"https:\/\/dev.klb-koetztal.de\/app\/uploads\/2022\/03\/EP233_EL.jpg\",\"datePublished\":\"2022-03-14T10:00:26+00:00\",\"dateModified\":\"2026-03-16T13:18:26+00:00\",\"description\":\"Rev\u00eatement au rouleau EP 233 EL+ avec du SiC, brillante et fine, protection personnelle et explosion | KLB rev\u00eatements \u2714\ufe0f r\u00e9silient, r\u00e9sistance chimique\",\"breadcrumb\":{\"@id\":\"https:\/\/dev.klb-koetztal.de\/fr\/produkt\/klb-system-epoxid-ep-233-el\/#breadcrumb\"},\"inLanguage\":\"fr-FR\",\"potentialAction\":[{\"@type\":\"ReadAction\",\"target\":[\"https:\/\/dev.klb-koetztal.de\/fr\/produkt\/klb-system-epoxid-ep-233-el\/\"]}]},{\"@type\":\"ImageObject\",\"inLanguage\":\"fr-FR\",\"@id\":\"https:\/\/dev.klb-koetztal.de\/fr\/produkt\/klb-system-epoxid-ep-233-el\/#primaryimage\",\"url\":\"https:\/\/dev.klb-koetztal.de\/app\/uploads\/2022\/03\/EP233_EL.jpg\",\"contentUrl\":\"https:\/\/dev.klb-koetztal.de\/app\/uploads\/2022\/03\/EP233_EL.jpg\",\"width\":500,\"height\":500},{\"@type\":\"BreadcrumbList\",\"@id\":\"https:\/\/dev.klb-koetztal.de\/fr\/produkt\/klb-system-epoxid-ep-233-el\/#breadcrumb\",\"itemListElement\":[{\"@type\":\"ListItem\",\"position\":1,\"name\":\"Startseite\",\"item\":\"https:\/\/dev.klb-koetztal.de\/fr\/\"},{\"@type\":\"ListItem\",\"position\":2,\"name\":\"KLB-SYSTEM EPOXID EP 233 EL+&nbsp;\"}]},{\"@type\":\"WebSite\",\"@id\":\"https:\/\/dev.klb-koetztal.de\/fr\/#website\",\"url\":\"https:\/\/dev.klb-koetztal.de\/fr\/\",\"name\":\"KLB K\u00f6tztal\",\"description\":\"Gute B\u00f6den haben ein System.\",\"potentialAction\":[{\"@type\":\"SearchAction\",\"target\":{\"@type\":\"EntryPoint\",\"urlTemplate\":\"https:\/\/dev.klb-koetztal.de\/fr\/?s={search_term_string}\"},\"query-input\":{\"@type\":\"PropertyValueSpecification\",\"valueRequired\":true,\"valueName\":\"search_term_string\"}}],\"inLanguage\":\"fr-FR\"}]}<\/script>\n<!-- \/ Yoast SEO plugin. -->","yoast_head_json":{"title":"Rev\u00eatement EP 233 EL+ rugueux, dissipateur | KLB K\u00f6tztal","description":"Rev\u00eatement au rouleau EP 233 EL+ avec du SiC, brillante et fine, protection personnelle et explosion | KLB rev\u00eatements \u2714\ufe0f r\u00e9silient, r\u00e9sistance chimique","robots":{"index":"noindex","follow":"follow","max-snippet":"max-snippet:-1","max-image-preview":"max-image-preview:large","max-video-preview":"max-video-preview:-1"},"og_locale":"fr_FR","og_type":"article","og_title":"Rev\u00eatement EP 233 EL+ rugueux, dissipateur | KLB K\u00f6tztal","og_description":"Rev\u00eatement au rouleau EP 233 EL+ avec du SiC, brillante et fine, protection personnelle et explosion | KLB rev\u00eatements \u2714\ufe0f r\u00e9silient, r\u00e9sistance chimique","og_url":"https:\/\/dev.klb-koetztal.de\/fr\/produkt\/klb-system-epoxid-ep-233-el\/","og_site_name":"KLB K\u00f6tztal","article_publisher":"https:\/\/www.facebook.com\/klbkoetztal","article_modified_time":"2026-03-16T13:18:26+00:00","og_image":[{"width":500,"height":500,"url":"https:\/\/dev.klb-koetztal.de\/app\/uploads\/2022\/03\/EP233_EL.jpg","type":"image\/jpeg"}],"twitter_card":"summary_large_image","schema":{"@context":"https:\/\/schema.org","@graph":[{"@type":"WebPage","@id":"https:\/\/dev.klb-koetztal.de\/fr\/produkt\/klb-system-epoxid-ep-233-el\/","url":"https:\/\/dev.klb-koetztal.de\/fr\/produkt\/klb-system-epoxid-ep-233-el\/","name":"Rev\u00eatement EP 233 EL+ rugueux, dissipateur | KLB K\u00f6tztal","isPartOf":{"@id":"https:\/\/dev.klb-koetztal.de\/fr\/#website"},"primaryImageOfPage":{"@id":"https:\/\/dev.klb-koetztal.de\/fr\/produkt\/klb-system-epoxid-ep-233-el\/#primaryimage"},"image":{"@id":"https:\/\/dev.klb-koetztal.de\/fr\/produkt\/klb-system-epoxid-ep-233-el\/#primaryimage"},"thumbnailUrl":"https:\/\/dev.klb-koetztal.de\/app\/uploads\/2022\/03\/EP233_EL.jpg","datePublished":"2022-03-14T10:00:26+00:00","dateModified":"2026-03-16T13:18:26+00:00","description":"Rev\u00eatement au rouleau EP 233 EL+ avec du SiC, brillante et fine, protection personnelle et explosion | KLB rev\u00eatements \u2714\ufe0f r\u00e9silient, r\u00e9sistance chimique","breadcrumb":{"@id":"https:\/\/dev.klb-koetztal.de\/fr\/produkt\/klb-system-epoxid-ep-233-el\/#breadcrumb"},"inLanguage":"fr-FR","potentialAction":[{"@type":"ReadAction","target":["https:\/\/dev.klb-koetztal.de\/fr\/produkt\/klb-system-epoxid-ep-233-el\/"]}]},{"@type":"ImageObject","inLanguage":"fr-FR","@id":"https:\/\/dev.klb-koetztal.de\/fr\/produkt\/klb-system-epoxid-ep-233-el\/#primaryimage","url":"https:\/\/dev.klb-koetztal.de\/app\/uploads\/2022\/03\/EP233_EL.jpg","contentUrl":"https:\/\/dev.klb-koetztal.de\/app\/uploads\/2022\/03\/EP233_EL.jpg","width":500,"height":500},{"@type":"BreadcrumbList","@id":"https:\/\/dev.klb-koetztal.de\/fr\/produkt\/klb-system-epoxid-ep-233-el\/#breadcrumb","itemListElement":[{"@type":"ListItem","position":1,"name":"Startseite","item":"https:\/\/dev.klb-koetztal.de\/fr\/"},{"@type":"ListItem","position":2,"name":"KLB-SYSTEM EPOXID EP 233 EL+&nbsp;"}]},{"@type":"WebSite","@id":"https:\/\/dev.klb-koetztal.de\/fr\/#website","url":"https:\/\/dev.klb-koetztal.de\/fr\/","name":"KLB K\u00f6tztal","description":"Gute B\u00f6den haben ein System.","potentialAction":[{"@type":"SearchAction","target":{"@type":"EntryPoint","urlTemplate":"https:\/\/dev.klb-koetztal.de\/fr\/?s={search_term_string}"},"query-input":{"@type":"PropertyValueSpecification","valueRequired":true,"valueName":"search_term_string"}}],"inLanguage":"fr-FR"}]}},"_links":{"self":[{"href":"https:\/\/dev.klb-koetztal.de\/fr\/wp-json\/wp\/v2\/product\/49636","targetHints":{"allow":["GET"]}}],"collection":[{"href":"https:\/\/dev.klb-koetztal.de\/fr\/wp-json\/wp\/v2\/product"}],"about":[{"href":"https:\/\/dev.klb-koetztal.de\/fr\/wp-json\/wp\/v2\/types\/product"}],"wp:featuredmedia":[{"embeddable":true,"href":"https:\/\/dev.klb-koetztal.de\/fr\/wp-json\/wp\/v2\/media\/49638"}],"wp:attachment":[{"href":"https:\/\/dev.klb-koetztal.de\/fr\/wp-json\/wp\/v2\/media?parent=49636"}],"wp:term":[{"taxonomy":"product_brand","embeddable":true,"href":"https:\/\/dev.klb-koetztal.de\/fr\/wp-json\/wp\/v2\/product_brand?post=49636"},{"taxonomy":"product_cat","embeddable":true,"href":"https:\/\/dev.klb-koetztal.de\/fr\/wp-json\/wp\/v2\/product_cat?post=49636"},{"taxonomy":"product_tag","embeddable":true,"href":"https:\/\/dev.klb-koetztal.de\/fr\/wp-json\/wp\/v2\/product_tag?post=49636"}],"curies":[{"name":"wp","href":"https:\/\/api.w.org\/{rel}","templated":true}]}}