{"id":49617,"date":"2022-03-14T11:00:08","date_gmt":"2022-03-14T10:00:08","guid":{"rendered":"https:\/\/dev.klb-koetztal.de\/produkt\/klb-system-epoxid-ep-53-spezialgrund-agbb\/"},"modified":"2026-03-16T14:24:19","modified_gmt":"2026-03-16T13:24:19","slug":"klb-system-epoxid-ep-53-spezialgrund-agbb","status":"publish","type":"product","link":"https:\/\/dev.klb-koetztal.de\/fr\/produkt\/klb-system-epoxid-ep-53-spezialgrund-agbb\/","title":{"rendered":"KLB-SYSTEM EPOXID EP 53 Spezialgrund-AgBB"},"content":{"rendered":"","protected":false},"excerpt":{"rendered":"<p>R\u00e9sine \u00e9poxy \u00e0 2 composants, \u00e0 faible \u00e9mission et test\u00e9 selon AgBB&#160;avec une haute tol\u00e9rance \u00e0 l&rsquo;humidit\u00e9 et des propri\u00e9t\u00e9s de mouillage particuli\u00e8rement bonnes. Convient aux substrats humides, ceux \u00e0 probl\u00e8mes, apr\u00e8s le d\u00e9shuilage du b\u00e9ton ainsi que comme couche d&rsquo;adh\u00e9rence sur le m\u00e9tal, comparable \u00e0 EP 52 Spezialgrund.&#160;Test\u00e9 contre les&#160;remont\u00e9es d\u2018humidit\u00e9 &#8211; 365 jours.<br \/>\nConvient aux rev\u00eatements conformes aux certifications Eurofins \u00ab Indoor Air Comfort \u00bb et \u00ab Gold \u00bb. Certifi\u00e9 selon l&rsquo;AgBB et adapt\u00e9 aux&#160;pi\u00e8ces de s\u00e9jour.<\/p>\n","protected":false},"featured_media":49618,"template":"","meta":{"_acf_changed":false},"product_brand":[],"product_cat":[10040,10068],"product_tag":[],"class_list":{"0":"post-49617","1":"product","2":"type-product","3":"status-publish","4":"has-post-thumbnail","6":"product_cat-couches-de-fond","7":"product_cat-couches-de-fond_couches-de-fond-en-resine-epoxyde-a-2-composants-a-faible-emission","9":"first","10":"instock","11":"shipping-taxable","12":"product-type-simple"},"acf":{"product_header":{"module_product_header":{"":null,"prototype_headline":{"headline":"KLB-SYSTEM EPOXID EP 53 Spezialgrund-AgBB","h1":true,"subheadline":"Primaire sp\u00e9cial en r\u00e9sine \u00e9poxy bicomposante, \u00e0 faible \u00e9mission et&#160;test\u00e9 selon l'AgBB&#160;avec une haute tol\u00e9rance \u00e0 l'humidit\u00e9 pour l'application sur les substrats frais, tr\u00e8s humides et faibles dans les nouvelles constructions ou les r\u00e9novations","anchor":"","url":""},"grid_text_slider":false,"grid_text_content":[{"text":"<p class=\"product-short-title\" style=\"text-align: center;\"><strong>Br\u00e8ve description<\/strong><\/p>\n<p>R\u00e9sine \u00e9poxy \u00e0 2 composants, \u00e0 faible \u00e9mission et test\u00e9 selon AgBB&#160;avec une haute tol\u00e9rance \u00e0 l&rsquo;humidit\u00e9 et des propri\u00e9t\u00e9s de mouillage particuli\u00e8rement bonnes. Convient aux substrats humides, ceux \u00e0 probl\u00e8mes, apr\u00e8s le d\u00e9shuilage du b\u00e9ton ainsi que comme couche d&rsquo;adh\u00e9rence sur le m\u00e9tal, comparable \u00e0 EP 52 Spezialgrund.&#160;Test\u00e9 contre les&#160;remont\u00e9es d\u2018humidit\u00e9 &#8211; 365 jours.<\/p>\n<p>Convient aux rev\u00eatements conformes aux certifications Eurofins \u00ab Indoor Air Comfort \u00bb et \u00ab Gold \u00bb. Certifi\u00e9 selon l&rsquo;AgBB et adapt\u00e9 aux&#160;pi\u00e8ces de s\u00e9jour.<\/p>\n","width":"4","background_color_text":"bg-white","border_color":"border-gray-light"},{"text":"<p class=\"product-sicing-title\" style=\"text-align: center;\"><strong>Unit\u00e9s d'emballage<\/strong><\/p>\n<ul>\n<li>AK2120-91 &#8211; Combinaison Bo\u00eete 1,00 kg<\/li>\n<li>AK2120-50 &#8211; Combinaison Seau 10,00 kg<\/li>\n<li>AK2120-30 &#8211; Combinaison Hobbock 30,00 kg<\/li>\n<li>AK2120-01 &#8211; Combinaison F\u00fbt 600,00 kg<\/li>\n<\/ul>\n<p><\/p>\n<p>N&rsquo;h\u00e9sitez pas \u00e0 contacter directement pour toute demande concernant des quantit\u00e9s de livraison ou des unit\u00e9s de conditionnement plus importantes.<\/p>\n\n","width":"4","background_color_text":"bg-white","border_color":"border-gray-light"},{"text":"<p class=\"product-attr-title\" style=\"text-align: center;\"><strong>Propri\u00e9t\u00e9s<\/strong><\/p>\n<ul>\n<li>qualit\u00e9 contr\u00f4l\u00e9e, \u00e0 faible \u00e9mission<\/li>\n<li>Total Solid selon GISCODE (m\u00e9thode d&rsquo;essai de \u00ab Deutsche Bauchemie \u00bb, l&rsquo;association all. pour la chimie de construction)<\/li>\n<li>exempte de alkylph\u00e9nols et d&rsquo;alcool benzylique<\/li>\n<li>qualit\u00e9 \u00e9prouv\u00e9e<\/li>\n<li>tr\u00e8s r\u00e9sistant \u00e0 l&rsquo;osmose<\/li>\n<li>bonne p\u00e9n\u00e9tration<\/li>\n<li>bon mouillage<\/li>\n<li>utilisation universelle<\/li>\n<li>stable \u00e0 l&rsquo;hydrolyse et \u00e0 la saponification<\/li>\n<li>bloquant l&rsquo;humidit\u00e9<\/li>\n<li>durcit \u00e9galement sur des substrats humides\/mats<\/li>\n<\/ul>\n","width":"4","background_color_text":"bg-white","border_color":"border-gray-light"}],"background_color":"bg-none","background_color_content":"bg-none"}},"downloads":{"module_download_list":{"inhalt":null,"downloads":[{"download":{"ID":64880,"id":64880,"title":"EP_53_Spezialgrund-AgBB_PI_fr_2025_04","filename":"EP_53_Spezialgrund-AgBB_PI_fr_2025_04.pdf","filesize":614728,"url":"https:\/\/dev.klb-koetztal.de\/app\/uploads\/2025\/04\/EP_53_Spezialgrund-AgBB_PI_fr_2025_04.pdf","link":"https:\/\/dev.klb-koetztal.de\/fr\/?attachment_id=64880","alt":"","author":"7","description":"","caption":"","name":"ep_53_spezialgrund-agbb_pi_fr_2025_04-2","status":"inherit","uploaded_to":0,"date":"2025-04-07 06:20:26","modified":"2025-04-07 06:20:26","menu_order":0,"mime_type":"application\/pdf","type":"application","subtype":"pdf","icon":"https:\/\/dev.klb-koetztal.de\/wp\/wp-includes\/images\/media\/document.png"},"filename":"Information produit","protected":false,"doclang":"FR","externalkey":"Produktinformation","docpos":"3"},{"download":{"ID":49622,"id":49622,"title":"Leistungserkl\u00e4rung - Statement of performance","filename":"EP53_LE_2016-04.pdf","filesize":253311,"url":"https:\/\/dev.klb-koetztal.de\/app\/uploads\/2022\/03\/EP53_LE_2016-04.pdf","link":"https:\/\/dev.klb-koetztal.de\/fr\/?attachment_id=49622","alt":"","author":"7","description":"","caption":"","name":"ep53_le_2016-04","status":"inherit","uploaded_to":0,"date":"2022-03-14 10:00:12","modified":"2026-03-16 13:24:26","menu_order":0,"mime_type":"application\/pdf","type":"application","subtype":"pdf","icon":"https:\/\/dev.klb-koetztal.de\/wp\/wp-includes\/images\/media\/document.png"},"filename":"D\u00e9claration de performance","protected":false,"doclang":"Multi","externalkey":"Leistungserklaerung","docpos":"50"},{"download":{"ID":51912,"id":51912,"title":"EP53_Spezialgrund_AgBB_Umwelt-Deklaration_2022-08","filename":"EP53_Spezialgrund_AgBB_Umwelt-Deklaration_2022-08.pdf","filesize":2342629,"url":"https:\/\/dev.klb-koetztal.de\/app\/uploads\/2022\/09\/EP53_Spezialgrund_AgBB_Umwelt-Deklaration_2022-08.pdf","link":"https:\/\/dev.klb-koetztal.de\/fr\/?attachment_id=51912","alt":"","author":"7","description":"","caption":"","name":"ep53_spezialgrund_agbb_umwelt-deklaration_2022-08-2","status":"inherit","uploaded_to":0,"date":"2022-09-01 06:41:18","modified":"2022-09-01 06:41:18","menu_order":0,"mime_type":"application\/pdf","type":"application","subtype":"pdf","icon":"https:\/\/dev.klb-koetztal.de\/wp\/wp-includes\/images\/media\/document.png"},"filename":"D\u00e9clarations de produit environnemental (EPD)","protected":false,"doclang":"Multi","externalkey":"Umweltproduktdeklaration","docpos":"50"},{"download":false,"filename":"Fiche de donn\u00e9es de s\u00e9curit\u00e9","protected":true,"doclang":"FR","externalkey":"Sicherheitsdatenblatt","docpos":"3"}],"einstellungen":null,"background_color":"bg-none","background_color_content":"bg-none"}},"included_in_systems":{"module_included_in_systems":{"":null,"background_color":"bg-gray-medium","background_color_content":"bg-none"}},"contact":{"module_contact":{"":null,"background_color":"bg-none","background_color_content":"bg-none"}},"ausschreibende":{"module_ausschreibende":{"andern_sie_den_inhalt_unter_universelle_elemente":null,"background_color":"bg-none","background_color_content":"bg-none"}}},"yoast_head":"<!-- This site is optimized with the Yoast SEO plugin v27.0 - https:\/\/yoast.com\/product\/yoast-seo-wordpress\/ -->\n<title>Primaire EP 53 faible en COV, tol\u00e9rant l&#039;humidit\u00e9 | KLB<\/title>\n<meta name=\"description\" content=\"Couche de base EP 53 Spezialgrund-AgBB \u00e0 faible \u00e9mission, tol\u00e9rant l&#039;humidit\u00e9 ascendante | KLB sols industriels \u2714\ufe0f AgBB conforme, Eurofins\" \/>\n<meta name=\"robots\" content=\"noindex, follow, max-snippet:-1, max-image-preview:large, max-video-preview:-1\" \/>\n<meta property=\"og:locale\" content=\"fr_FR\" \/>\n<meta property=\"og:type\" content=\"article\" \/>\n<meta property=\"og:title\" content=\"Primaire EP 53 faible en COV, tol\u00e9rant l&#039;humidit\u00e9 | KLB\" \/>\n<meta property=\"og:description\" content=\"Couche de base EP 53 Spezialgrund-AgBB \u00e0 faible \u00e9mission, tol\u00e9rant l&#039;humidit\u00e9 ascendante | KLB sols industriels \u2714\ufe0f AgBB conforme, Eurofins\" \/>\n<meta property=\"og:url\" content=\"https:\/\/dev.klb-koetztal.de\/fr\/produkt\/klb-system-epoxid-ep-53-spezialgrund-agbb\/\" \/>\n<meta property=\"og:site_name\" content=\"KLB K\u00f6tztal\" \/>\n<meta property=\"article:publisher\" content=\"https:\/\/www.facebook.com\/klbkoetztal\" \/>\n<meta property=\"article:modified_time\" content=\"2026-03-16T13:24:19+00:00\" \/>\n<meta property=\"og:image\" content=\"https:\/\/dev.klb-koetztal.de\/app\/uploads\/2022\/03\/EP53_Spezialgrund-AgBB.jpg\" \/>\n\t<meta property=\"og:image:width\" content=\"500\" \/>\n\t<meta property=\"og:image:height\" content=\"500\" \/>\n\t<meta property=\"og:image:type\" content=\"image\/jpeg\" \/>\n<meta name=\"twitter:card\" content=\"summary_large_image\" \/>\n<script type=\"application\/ld+json\" class=\"yoast-schema-graph\">{\"@context\":\"https:\/\/schema.org\",\"@graph\":[{\"@type\":\"WebPage\",\"@id\":\"https:\/\/dev.klb-koetztal.de\/fr\/produkt\/klb-system-epoxid-ep-53-spezialgrund-agbb\/\",\"url\":\"https:\/\/dev.klb-koetztal.de\/fr\/produkt\/klb-system-epoxid-ep-53-spezialgrund-agbb\/\",\"name\":\"Primaire EP 53 faible en COV, tol\u00e9rant l'humidit\u00e9 | KLB\",\"isPartOf\":{\"@id\":\"https:\/\/dev.klb-koetztal.de\/fr\/#website\"},\"primaryImageOfPage\":{\"@id\":\"https:\/\/dev.klb-koetztal.de\/fr\/produkt\/klb-system-epoxid-ep-53-spezialgrund-agbb\/#primaryimage\"},\"image\":{\"@id\":\"https:\/\/dev.klb-koetztal.de\/fr\/produkt\/klb-system-epoxid-ep-53-spezialgrund-agbb\/#primaryimage\"},\"thumbnailUrl\":\"https:\/\/dev.klb-koetztal.de\/app\/uploads\/2022\/03\/EP53_Spezialgrund-AgBB.jpg\",\"datePublished\":\"2022-03-14T10:00:08+00:00\",\"dateModified\":\"2026-03-16T13:24:19+00:00\",\"description\":\"Couche de base EP 53 Spezialgrund-AgBB \u00e0 faible \u00e9mission, tol\u00e9rant l'humidit\u00e9 ascendante | KLB sols industriels \u2714\ufe0f AgBB conforme, Eurofins\",\"breadcrumb\":{\"@id\":\"https:\/\/dev.klb-koetztal.de\/fr\/produkt\/klb-system-epoxid-ep-53-spezialgrund-agbb\/#breadcrumb\"},\"inLanguage\":\"fr-FR\",\"potentialAction\":[{\"@type\":\"ReadAction\",\"target\":[\"https:\/\/dev.klb-koetztal.de\/fr\/produkt\/klb-system-epoxid-ep-53-spezialgrund-agbb\/\"]}]},{\"@type\":\"ImageObject\",\"inLanguage\":\"fr-FR\",\"@id\":\"https:\/\/dev.klb-koetztal.de\/fr\/produkt\/klb-system-epoxid-ep-53-spezialgrund-agbb\/#primaryimage\",\"url\":\"https:\/\/dev.klb-koetztal.de\/app\/uploads\/2022\/03\/EP53_Spezialgrund-AgBB.jpg\",\"contentUrl\":\"https:\/\/dev.klb-koetztal.de\/app\/uploads\/2022\/03\/EP53_Spezialgrund-AgBB.jpg\",\"width\":500,\"height\":500},{\"@type\":\"BreadcrumbList\",\"@id\":\"https:\/\/dev.klb-koetztal.de\/fr\/produkt\/klb-system-epoxid-ep-53-spezialgrund-agbb\/#breadcrumb\",\"itemListElement\":[{\"@type\":\"ListItem\",\"position\":1,\"name\":\"Startseite\",\"item\":\"https:\/\/dev.klb-koetztal.de\/fr\/\"},{\"@type\":\"ListItem\",\"position\":2,\"name\":\"KLB-SYSTEM EPOXID EP 53 Spezialgrund-AgBB\"}]},{\"@type\":\"WebSite\",\"@id\":\"https:\/\/dev.klb-koetztal.de\/fr\/#website\",\"url\":\"https:\/\/dev.klb-koetztal.de\/fr\/\",\"name\":\"KLB K\u00f6tztal\",\"description\":\"Gute B\u00f6den haben ein System.\",\"potentialAction\":[{\"@type\":\"SearchAction\",\"target\":{\"@type\":\"EntryPoint\",\"urlTemplate\":\"https:\/\/dev.klb-koetztal.de\/fr\/?s={search_term_string}\"},\"query-input\":{\"@type\":\"PropertyValueSpecification\",\"valueRequired\":true,\"valueName\":\"search_term_string\"}}],\"inLanguage\":\"fr-FR\"}]}<\/script>\n<!-- \/ Yoast SEO plugin. -->","yoast_head_json":{"title":"Primaire EP 53 faible en COV, tol\u00e9rant l'humidit\u00e9 | KLB","description":"Couche de base EP 53 Spezialgrund-AgBB \u00e0 faible \u00e9mission, tol\u00e9rant l'humidit\u00e9 ascendante | KLB sols industriels \u2714\ufe0f AgBB conforme, Eurofins","robots":{"index":"noindex","follow":"follow","max-snippet":"max-snippet:-1","max-image-preview":"max-image-preview:large","max-video-preview":"max-video-preview:-1"},"og_locale":"fr_FR","og_type":"article","og_title":"Primaire EP 53 faible en COV, tol\u00e9rant l'humidit\u00e9 | KLB","og_description":"Couche de base EP 53 Spezialgrund-AgBB \u00e0 faible \u00e9mission, tol\u00e9rant l'humidit\u00e9 ascendante | KLB sols industriels \u2714\ufe0f AgBB conforme, Eurofins","og_url":"https:\/\/dev.klb-koetztal.de\/fr\/produkt\/klb-system-epoxid-ep-53-spezialgrund-agbb\/","og_site_name":"KLB K\u00f6tztal","article_publisher":"https:\/\/www.facebook.com\/klbkoetztal","article_modified_time":"2026-03-16T13:24:19+00:00","og_image":[{"width":500,"height":500,"url":"https:\/\/dev.klb-koetztal.de\/app\/uploads\/2022\/03\/EP53_Spezialgrund-AgBB.jpg","type":"image\/jpeg"}],"twitter_card":"summary_large_image","schema":{"@context":"https:\/\/schema.org","@graph":[{"@type":"WebPage","@id":"https:\/\/dev.klb-koetztal.de\/fr\/produkt\/klb-system-epoxid-ep-53-spezialgrund-agbb\/","url":"https:\/\/dev.klb-koetztal.de\/fr\/produkt\/klb-system-epoxid-ep-53-spezialgrund-agbb\/","name":"Primaire EP 53 faible en COV, tol\u00e9rant l'humidit\u00e9 | KLB","isPartOf":{"@id":"https:\/\/dev.klb-koetztal.de\/fr\/#website"},"primaryImageOfPage":{"@id":"https:\/\/dev.klb-koetztal.de\/fr\/produkt\/klb-system-epoxid-ep-53-spezialgrund-agbb\/#primaryimage"},"image":{"@id":"https:\/\/dev.klb-koetztal.de\/fr\/produkt\/klb-system-epoxid-ep-53-spezialgrund-agbb\/#primaryimage"},"thumbnailUrl":"https:\/\/dev.klb-koetztal.de\/app\/uploads\/2022\/03\/EP53_Spezialgrund-AgBB.jpg","datePublished":"2022-03-14T10:00:08+00:00","dateModified":"2026-03-16T13:24:19+00:00","description":"Couche de base EP 53 Spezialgrund-AgBB \u00e0 faible \u00e9mission, tol\u00e9rant l'humidit\u00e9 ascendante | KLB sols industriels \u2714\ufe0f AgBB conforme, Eurofins","breadcrumb":{"@id":"https:\/\/dev.klb-koetztal.de\/fr\/produkt\/klb-system-epoxid-ep-53-spezialgrund-agbb\/#breadcrumb"},"inLanguage":"fr-FR","potentialAction":[{"@type":"ReadAction","target":["https:\/\/dev.klb-koetztal.de\/fr\/produkt\/klb-system-epoxid-ep-53-spezialgrund-agbb\/"]}]},{"@type":"ImageObject","inLanguage":"fr-FR","@id":"https:\/\/dev.klb-koetztal.de\/fr\/produkt\/klb-system-epoxid-ep-53-spezialgrund-agbb\/#primaryimage","url":"https:\/\/dev.klb-koetztal.de\/app\/uploads\/2022\/03\/EP53_Spezialgrund-AgBB.jpg","contentUrl":"https:\/\/dev.klb-koetztal.de\/app\/uploads\/2022\/03\/EP53_Spezialgrund-AgBB.jpg","width":500,"height":500},{"@type":"BreadcrumbList","@id":"https:\/\/dev.klb-koetztal.de\/fr\/produkt\/klb-system-epoxid-ep-53-spezialgrund-agbb\/#breadcrumb","itemListElement":[{"@type":"ListItem","position":1,"name":"Startseite","item":"https:\/\/dev.klb-koetztal.de\/fr\/"},{"@type":"ListItem","position":2,"name":"KLB-SYSTEM EPOXID EP 53 Spezialgrund-AgBB"}]},{"@type":"WebSite","@id":"https:\/\/dev.klb-koetztal.de\/fr\/#website","url":"https:\/\/dev.klb-koetztal.de\/fr\/","name":"KLB K\u00f6tztal","description":"Gute B\u00f6den haben ein System.","potentialAction":[{"@type":"SearchAction","target":{"@type":"EntryPoint","urlTemplate":"https:\/\/dev.klb-koetztal.de\/fr\/?s={search_term_string}"},"query-input":{"@type":"PropertyValueSpecification","valueRequired":true,"valueName":"search_term_string"}}],"inLanguage":"fr-FR"}]}},"_links":{"self":[{"href":"https:\/\/dev.klb-koetztal.de\/fr\/wp-json\/wp\/v2\/product\/49617","targetHints":{"allow":["GET"]}}],"collection":[{"href":"https:\/\/dev.klb-koetztal.de\/fr\/wp-json\/wp\/v2\/product"}],"about":[{"href":"https:\/\/dev.klb-koetztal.de\/fr\/wp-json\/wp\/v2\/types\/product"}],"wp:featuredmedia":[{"embeddable":true,"href":"https:\/\/dev.klb-koetztal.de\/fr\/wp-json\/wp\/v2\/media\/49618"}],"wp:attachment":[{"href":"https:\/\/dev.klb-koetztal.de\/fr\/wp-json\/wp\/v2\/media?parent=49617"}],"wp:term":[{"taxonomy":"product_brand","embeddable":true,"href":"https:\/\/dev.klb-koetztal.de\/fr\/wp-json\/wp\/v2\/product_brand?post=49617"},{"taxonomy":"product_cat","embeddable":true,"href":"https:\/\/dev.klb-koetztal.de\/fr\/wp-json\/wp\/v2\/product_cat?post=49617"},{"taxonomy":"product_tag","embeddable":true,"href":"https:\/\/dev.klb-koetztal.de\/fr\/wp-json\/wp\/v2\/product_tag?post=49617"}],"curies":[{"name":"wp","href":"https:\/\/api.w.org\/{rel}","templated":true}]}}