{"id":49611,"date":"2022-03-14T10:59:58","date_gmt":"2022-03-14T09:59:58","guid":{"rendered":"https:\/\/dev.klb-koetztal.de\/produkt\/klb-system-epoxid-ep-57\/"},"modified":"2026-03-16T14:23:49","modified_gmt":"2026-03-16T13:23:49","slug":"klb-system-epoxid-ep-57","status":"publish","type":"product","link":"https:\/\/dev.klb-koetztal.de\/fr\/produkt\/klb-system-epoxid-ep-57\/","title":{"rendered":"KLB-SYSTEM EPOXID EP 57"},"content":{"rendered":"","protected":false},"excerpt":{"rendered":"<p>R\u00e9sine \u00e9poxy \u00e0 2 composants, \u00e0 faible \u00e9mission et&#160;universelle qui est destin\u00e9e \u00e0 la pr\u00e9paration de&#160;couches de fond ou racl\u00e9es ainsi que&#160;comme mortier d&rsquo;\u00e9galisation dans la r\u00e9novation et la construction neuve. En combinaison avec EP 202, le produit est test\u00e9 selon la m\u00e9thode AgBB et class\u00e9 comme \u00e9tant&#160;extr\u00eamement pauvre&#160;en \u00e9missions.<br \/>\nConvient aux rev\u00eatements conformes aux certifications&#160;Eurofins \u00ab Indoor Air Comfort \u00bb et \u00ab Gold \u00bb. Certifi\u00e9 selon&#160;l&rsquo;AgBB&#160;pour les pi\u00e8ces de s\u00e9jour.<\/p>\n","protected":false},"featured_media":49612,"template":"","meta":{"_acf_changed":false},"product_brand":[],"product_cat":[10040,10068],"product_tag":[],"class_list":{"0":"post-49611","1":"product","2":"type-product","3":"status-publish","4":"has-post-thumbnail","6":"product_cat-couches-de-fond","7":"product_cat-couches-de-fond_couches-de-fond-en-resine-epoxyde-a-2-composants-a-faible-emission","9":"first","10":"instock","11":"shipping-taxable","12":"product-type-simple"},"acf":{"product_header":{"module_product_header":{"":null,"prototype_headline":{"headline":"KLB-SYSTEM EPOXID EP 57","h1":true,"subheadline":"Primaire en r\u00e9sine \u00e9poxy \u00e0 2 composants,&#160;test\u00e9 selon l'AgBB&#160;et&#160;\u00e0 faible \u00e9mission","anchor":"","url":""},"grid_text_slider":false,"grid_text_content":[{"text":"<p class=\"product-short-title\" style=\"text-align: center;\"><strong>Br\u00e8ve description<\/strong><\/p>\n<p>R\u00e9sine \u00e9poxy \u00e0 2 composants, \u00e0 faible \u00e9mission et&#160;universelle qui est destin\u00e9e \u00e0 la pr\u00e9paration de&#160;couches de fond ou racl\u00e9es ainsi que&#160;comme mortier d&rsquo;\u00e9galisation dans la r\u00e9novation et la construction neuve. En combinaison avec EP 202, le produit est test\u00e9 selon la m\u00e9thode AgBB et class\u00e9 comme \u00e9tant&#160;extr\u00eamement pauvre&#160;en \u00e9missions.<\/p>\n<p>Convient aux rev\u00eatements conformes aux certifications&#160;Eurofins \u00ab Indoor Air Comfort \u00bb et \u00ab Gold \u00bb. Certifi\u00e9 selon&#160;l&rsquo;AgBB&#160;pour les pi\u00e8ces de s\u00e9jour.<\/p>\n","width":"4","background_color_text":"bg-white","border_color":"border-gray-light"},{"text":"<p class=\"product-sicing-title\" style=\"text-align: center;\"><strong>Unit\u00e9s d'emballage<\/strong><\/p>\n<ul>\n<li>AK1307-92 &#8211; Combinaison Bo\u00eete 1,00 kg<\/li>\n<li>AK1307-50 &#8211; Combinaison Seau 10,00 kg<\/li>\n<li>AK1307-30 &#8211; Combinaison Hobbock 30,00 kg<\/li>\n<li>AK1307-02 &#8211; Combinaison F\u00fbt 600,00 kg<\/li>\n<\/ul>\n<p><\/p>\n<p>N&rsquo;h\u00e9sitez pas \u00e0 contacter directement pour toute demande concernant des quantit\u00e9s de livraison ou des unit\u00e9s de conditionnement plus importantes.<\/p>\n\n","width":"4","background_color_text":"bg-white","border_color":"border-gray-light"},{"text":"<p class=\"product-attr-title\" style=\"text-align: center;\"><strong>Propri\u00e9t\u00e9s<\/strong><\/p>\n<ul>\n<li>Total Solid selon GISCODE (m\u00e9thode d&rsquo;essai de \u00ab Deutsche Bauchemie \u00bb, l&rsquo;association all. pour la chimie de construction)<\/li>\n<li>qualit\u00e9 contr\u00f4l\u00e9e, \u00e0 faible \u00e9mission<\/li>\n<li>primaire de qualit\u00e9 sup\u00e9rieure<\/li>\n<li>utilisation universelle<\/li>\n<li>stable \u00e0 l&rsquo;hydrolyse et \u00e0 la saponification<\/li>\n<li>exempt de substances susceptibles d&rsquo;endommager les vernis<\/li>\n<li>qualit\u00e9 \u00e9prouv\u00e9e<\/li>\n<\/ul>\n","width":"4","background_color_text":"bg-white","border_color":"border-gray-light"}],"background_color":"bg-none","background_color_content":"bg-none"}},"downloads":{"module_download_list":{"inhalt":null,"downloads":[{"download":{"ID":64898,"id":64898,"title":"EP_57_PI_fr_2025_04","filename":"EP_57_PI_fr_2025_04.pdf","filesize":608046,"url":"https:\/\/dev.klb-koetztal.de\/app\/uploads\/2025\/04\/EP_57_PI_fr_2025_04.pdf","link":"https:\/\/dev.klb-koetztal.de\/fr\/?attachment_id=64898","alt":"","author":"7","description":"","caption":"","name":"ep_57_pi_fr_2025_04-2","status":"inherit","uploaded_to":0,"date":"2025-04-07 06:40:25","modified":"2025-04-07 06:40:25","menu_order":0,"mime_type":"application\/pdf","type":"application","subtype":"pdf","icon":"https:\/\/dev.klb-koetztal.de\/wp\/wp-includes\/images\/media\/document.png"},"filename":"Information produit","protected":false,"doclang":"FR","externalkey":"Produktinformation","docpos":"3"},{"download":{"ID":49613,"id":49613,"title":"Leistungserkl\u00e4rung - Statement of performance","filename":"EP57_LE_2013-04.pdf","filesize":170443,"url":"https:\/\/dev.klb-koetztal.de\/app\/uploads\/2022\/03\/EP57_LE_2013-04.pdf","link":"https:\/\/dev.klb-koetztal.de\/fr\/?attachment_id=49613","alt":"","author":"7","description":"","caption":"","name":"ep57_le_2013-04","status":"inherit","uploaded_to":0,"date":"2022-03-14 10:00:02","modified":"2026-03-16 13:23:56","menu_order":0,"mime_type":"application\/pdf","type":"application","subtype":"pdf","icon":"https:\/\/dev.klb-koetztal.de\/wp\/wp-includes\/images\/media\/document.png"},"filename":"D\u00e9claration de performance","protected":false,"doclang":"Multi","externalkey":"Leistungserklaerung","docpos":"50"},{"download":{"ID":51909,"id":51909,"title":"EP57_Umwelt-Deklaration_2022-08","filename":"EP57_Umwelt-Deklaration_2022-08.pdf","filesize":2343014,"url":"https:\/\/dev.klb-koetztal.de\/app\/uploads\/2022\/09\/EP57_Umwelt-Deklaration_2022-08.pdf","link":"https:\/\/dev.klb-koetztal.de\/fr\/?attachment_id=51909","alt":"","author":"7","description":"","caption":"","name":"ep57_umwelt-deklaration_2022-08-2","status":"inherit","uploaded_to":0,"date":"2022-09-01 06:41:03","modified":"2022-09-01 06:41:03","menu_order":0,"mime_type":"application\/pdf","type":"application","subtype":"pdf","icon":"https:\/\/dev.klb-koetztal.de\/wp\/wp-includes\/images\/media\/document.png"},"filename":"D\u00e9clarations de produit environnemental (EPD)","protected":false,"doclang":"Multi","externalkey":"Umweltproduktdeklaration","docpos":"50"},{"download":false,"filename":"Fiche de donn\u00e9es de s\u00e9curit\u00e9","protected":true,"doclang":"FR","externalkey":"Sicherheitsdatenblatt","docpos":"3"}],"einstellungen":null,"background_color":"bg-none","background_color_content":"bg-none"}},"included_in_systems":{"module_included_in_systems":{"":null,"background_color":"bg-gray-medium","background_color_content":"bg-none"}},"contact":{"module_contact":{"":null,"background_color":"bg-none","background_color_content":"bg-none"}},"ausschreibende":{"module_ausschreibende":{"andern_sie_den_inhalt_unter_universelle_elemente":null,"background_color":"bg-none","background_color_content":"bg-none"}}},"yoast_head":"<!-- This site is optimized with the Yoast SEO plugin v27.0 - https:\/\/yoast.com\/product\/yoast-seo-wordpress\/ -->\n<title>Primaire EP 57 bicomp. faible en COV, universelle | KLB K\u00f6tztal<\/title>\n<meta name=\"description\" content=\"Primaire \u00e9poxy bicomp. EP 57 \u00e0 faible \u00e9mission, sup\u00e9rieur, universelle pour r\u00e9novation et nouveaux b\u00e2timents | KLB rev\u00eatements de sol \u2714\ufe0f AgBB, Eurofins\" \/>\n<meta name=\"robots\" content=\"noindex, follow, max-snippet:-1, max-image-preview:large, max-video-preview:-1\" \/>\n<meta property=\"og:locale\" content=\"fr_FR\" \/>\n<meta property=\"og:type\" content=\"article\" \/>\n<meta property=\"og:title\" content=\"Primaire EP 57 bicomp. faible en COV, universelle | KLB K\u00f6tztal\" \/>\n<meta property=\"og:description\" content=\"Primaire \u00e9poxy bicomp. EP 57 \u00e0 faible \u00e9mission, sup\u00e9rieur, universelle pour r\u00e9novation et nouveaux b\u00e2timents | KLB rev\u00eatements de sol \u2714\ufe0f AgBB, Eurofins\" \/>\n<meta property=\"og:url\" content=\"https:\/\/dev.klb-koetztal.de\/fr\/produkt\/klb-system-epoxid-ep-57\/\" \/>\n<meta property=\"og:site_name\" content=\"KLB K\u00f6tztal\" \/>\n<meta property=\"article:publisher\" content=\"https:\/\/www.facebook.com\/klbkoetztal\" \/>\n<meta property=\"article:modified_time\" content=\"2026-03-16T13:23:49+00:00\" \/>\n<meta property=\"og:image\" content=\"https:\/\/dev.klb-koetztal.de\/app\/uploads\/2022\/03\/EP57.jpg\" \/>\n\t<meta property=\"og:image:width\" content=\"500\" \/>\n\t<meta property=\"og:image:height\" content=\"500\" \/>\n\t<meta property=\"og:image:type\" content=\"image\/jpeg\" \/>\n<meta name=\"twitter:card\" content=\"summary_large_image\" \/>\n<script type=\"application\/ld+json\" class=\"yoast-schema-graph\">{\"@context\":\"https:\/\/schema.org\",\"@graph\":[{\"@type\":\"WebPage\",\"@id\":\"https:\/\/dev.klb-koetztal.de\/fr\/produkt\/klb-system-epoxid-ep-57\/\",\"url\":\"https:\/\/dev.klb-koetztal.de\/fr\/produkt\/klb-system-epoxid-ep-57\/\",\"name\":\"Primaire EP 57 bicomp. faible en COV, universelle | KLB K\u00f6tztal\",\"isPartOf\":{\"@id\":\"https:\/\/dev.klb-koetztal.de\/fr\/#website\"},\"primaryImageOfPage\":{\"@id\":\"https:\/\/dev.klb-koetztal.de\/fr\/produkt\/klb-system-epoxid-ep-57\/#primaryimage\"},\"image\":{\"@id\":\"https:\/\/dev.klb-koetztal.de\/fr\/produkt\/klb-system-epoxid-ep-57\/#primaryimage\"},\"thumbnailUrl\":\"https:\/\/dev.klb-koetztal.de\/app\/uploads\/2022\/03\/EP57.jpg\",\"datePublished\":\"2022-03-14T09:59:58+00:00\",\"dateModified\":\"2026-03-16T13:23:49+00:00\",\"description\":\"Primaire \u00e9poxy bicomp. EP 57 \u00e0 faible \u00e9mission, sup\u00e9rieur, universelle pour r\u00e9novation et nouveaux b\u00e2timents | KLB rev\u00eatements de sol \u2714\ufe0f AgBB, Eurofins\",\"breadcrumb\":{\"@id\":\"https:\/\/dev.klb-koetztal.de\/fr\/produkt\/klb-system-epoxid-ep-57\/#breadcrumb\"},\"inLanguage\":\"fr-FR\",\"potentialAction\":[{\"@type\":\"ReadAction\",\"target\":[\"https:\/\/dev.klb-koetztal.de\/fr\/produkt\/klb-system-epoxid-ep-57\/\"]}]},{\"@type\":\"ImageObject\",\"inLanguage\":\"fr-FR\",\"@id\":\"https:\/\/dev.klb-koetztal.de\/fr\/produkt\/klb-system-epoxid-ep-57\/#primaryimage\",\"url\":\"https:\/\/dev.klb-koetztal.de\/app\/uploads\/2022\/03\/EP57.jpg\",\"contentUrl\":\"https:\/\/dev.klb-koetztal.de\/app\/uploads\/2022\/03\/EP57.jpg\",\"width\":500,\"height\":500},{\"@type\":\"BreadcrumbList\",\"@id\":\"https:\/\/dev.klb-koetztal.de\/fr\/produkt\/klb-system-epoxid-ep-57\/#breadcrumb\",\"itemListElement\":[{\"@type\":\"ListItem\",\"position\":1,\"name\":\"Startseite\",\"item\":\"https:\/\/dev.klb-koetztal.de\/fr\/\"},{\"@type\":\"ListItem\",\"position\":2,\"name\":\"KLB-SYSTEM EPOXID EP 57\"}]},{\"@type\":\"WebSite\",\"@id\":\"https:\/\/dev.klb-koetztal.de\/fr\/#website\",\"url\":\"https:\/\/dev.klb-koetztal.de\/fr\/\",\"name\":\"KLB K\u00f6tztal\",\"description\":\"Gute B\u00f6den haben ein System.\",\"potentialAction\":[{\"@type\":\"SearchAction\",\"target\":{\"@type\":\"EntryPoint\",\"urlTemplate\":\"https:\/\/dev.klb-koetztal.de\/fr\/?s={search_term_string}\"},\"query-input\":{\"@type\":\"PropertyValueSpecification\",\"valueRequired\":true,\"valueName\":\"search_term_string\"}}],\"inLanguage\":\"fr-FR\"}]}<\/script>\n<!-- \/ Yoast SEO plugin. -->","yoast_head_json":{"title":"Primaire EP 57 bicomp. faible en COV, universelle | KLB K\u00f6tztal","description":"Primaire \u00e9poxy bicomp. EP 57 \u00e0 faible \u00e9mission, sup\u00e9rieur, universelle pour r\u00e9novation et nouveaux b\u00e2timents | KLB rev\u00eatements de sol \u2714\ufe0f AgBB, Eurofins","robots":{"index":"noindex","follow":"follow","max-snippet":"max-snippet:-1","max-image-preview":"max-image-preview:large","max-video-preview":"max-video-preview:-1"},"og_locale":"fr_FR","og_type":"article","og_title":"Primaire EP 57 bicomp. faible en COV, universelle | KLB K\u00f6tztal","og_description":"Primaire \u00e9poxy bicomp. EP 57 \u00e0 faible \u00e9mission, sup\u00e9rieur, universelle pour r\u00e9novation et nouveaux b\u00e2timents | KLB rev\u00eatements de sol \u2714\ufe0f AgBB, Eurofins","og_url":"https:\/\/dev.klb-koetztal.de\/fr\/produkt\/klb-system-epoxid-ep-57\/","og_site_name":"KLB K\u00f6tztal","article_publisher":"https:\/\/www.facebook.com\/klbkoetztal","article_modified_time":"2026-03-16T13:23:49+00:00","og_image":[{"width":500,"height":500,"url":"https:\/\/dev.klb-koetztal.de\/app\/uploads\/2022\/03\/EP57.jpg","type":"image\/jpeg"}],"twitter_card":"summary_large_image","schema":{"@context":"https:\/\/schema.org","@graph":[{"@type":"WebPage","@id":"https:\/\/dev.klb-koetztal.de\/fr\/produkt\/klb-system-epoxid-ep-57\/","url":"https:\/\/dev.klb-koetztal.de\/fr\/produkt\/klb-system-epoxid-ep-57\/","name":"Primaire EP 57 bicomp. faible en COV, universelle | KLB K\u00f6tztal","isPartOf":{"@id":"https:\/\/dev.klb-koetztal.de\/fr\/#website"},"primaryImageOfPage":{"@id":"https:\/\/dev.klb-koetztal.de\/fr\/produkt\/klb-system-epoxid-ep-57\/#primaryimage"},"image":{"@id":"https:\/\/dev.klb-koetztal.de\/fr\/produkt\/klb-system-epoxid-ep-57\/#primaryimage"},"thumbnailUrl":"https:\/\/dev.klb-koetztal.de\/app\/uploads\/2022\/03\/EP57.jpg","datePublished":"2022-03-14T09:59:58+00:00","dateModified":"2026-03-16T13:23:49+00:00","description":"Primaire \u00e9poxy bicomp. EP 57 \u00e0 faible \u00e9mission, sup\u00e9rieur, universelle pour r\u00e9novation et nouveaux b\u00e2timents | KLB rev\u00eatements de sol \u2714\ufe0f AgBB, Eurofins","breadcrumb":{"@id":"https:\/\/dev.klb-koetztal.de\/fr\/produkt\/klb-system-epoxid-ep-57\/#breadcrumb"},"inLanguage":"fr-FR","potentialAction":[{"@type":"ReadAction","target":["https:\/\/dev.klb-koetztal.de\/fr\/produkt\/klb-system-epoxid-ep-57\/"]}]},{"@type":"ImageObject","inLanguage":"fr-FR","@id":"https:\/\/dev.klb-koetztal.de\/fr\/produkt\/klb-system-epoxid-ep-57\/#primaryimage","url":"https:\/\/dev.klb-koetztal.de\/app\/uploads\/2022\/03\/EP57.jpg","contentUrl":"https:\/\/dev.klb-koetztal.de\/app\/uploads\/2022\/03\/EP57.jpg","width":500,"height":500},{"@type":"BreadcrumbList","@id":"https:\/\/dev.klb-koetztal.de\/fr\/produkt\/klb-system-epoxid-ep-57\/#breadcrumb","itemListElement":[{"@type":"ListItem","position":1,"name":"Startseite","item":"https:\/\/dev.klb-koetztal.de\/fr\/"},{"@type":"ListItem","position":2,"name":"KLB-SYSTEM EPOXID EP 57"}]},{"@type":"WebSite","@id":"https:\/\/dev.klb-koetztal.de\/fr\/#website","url":"https:\/\/dev.klb-koetztal.de\/fr\/","name":"KLB K\u00f6tztal","description":"Gute B\u00f6den haben ein System.","potentialAction":[{"@type":"SearchAction","target":{"@type":"EntryPoint","urlTemplate":"https:\/\/dev.klb-koetztal.de\/fr\/?s={search_term_string}"},"query-input":{"@type":"PropertyValueSpecification","valueRequired":true,"valueName":"search_term_string"}}],"inLanguage":"fr-FR"}]}},"_links":{"self":[{"href":"https:\/\/dev.klb-koetztal.de\/fr\/wp-json\/wp\/v2\/product\/49611","targetHints":{"allow":["GET"]}}],"collection":[{"href":"https:\/\/dev.klb-koetztal.de\/fr\/wp-json\/wp\/v2\/product"}],"about":[{"href":"https:\/\/dev.klb-koetztal.de\/fr\/wp-json\/wp\/v2\/types\/product"}],"wp:featuredmedia":[{"embeddable":true,"href":"https:\/\/dev.klb-koetztal.de\/fr\/wp-json\/wp\/v2\/media\/49612"}],"wp:attachment":[{"href":"https:\/\/dev.klb-koetztal.de\/fr\/wp-json\/wp\/v2\/media?parent=49611"}],"wp:term":[{"taxonomy":"product_brand","embeddable":true,"href":"https:\/\/dev.klb-koetztal.de\/fr\/wp-json\/wp\/v2\/product_brand?post=49611"},{"taxonomy":"product_cat","embeddable":true,"href":"https:\/\/dev.klb-koetztal.de\/fr\/wp-json\/wp\/v2\/product_cat?post=49611"},{"taxonomy":"product_tag","embeddable":true,"href":"https:\/\/dev.klb-koetztal.de\/fr\/wp-json\/wp\/v2\/product_tag?post=49611"}],"curies":[{"name":"wp","href":"https:\/\/api.w.org\/{rel}","templated":true}]}}