{"id":49584,"date":"2022-03-14T10:59:27","date_gmt":"2022-03-14T09:59:27","guid":{"rendered":"https:\/\/dev.klb-koetztal.de\/produkt\/klb-system-epoxid-ep-52-rapid\/"},"modified":"2026-03-16T14:14:35","modified_gmt":"2026-03-16T13:14:35","slug":"klb-system-epoxid-ep-52-rapid","status":"publish","type":"product","link":"https:\/\/dev.klb-koetztal.de\/fr\/produkt\/klb-system-epoxid-ep-52-rapid\/","title":{"rendered":"KLB-SYSTEM EPOXID EP 52 RAPID"},"content":{"rendered":"","protected":false},"excerpt":{"rendered":"<p>R\u00e9sine \u00e9poxy \u00e0 2 composants, \u00e0 durcissement rapide avec une haute tol\u00e9rance \u00e0 l&rsquo;humidit\u00e9 et des propri\u00e9t\u00e9s de mouillage particuli\u00e8rement bonnes. Convient aux substrats humides et ceux \u00e0 probl\u00e8mes. Durcit \u00e0 partir de 5 \u00b0C et en 4 &#8211; 6 heures \u00e0 20 \u00b0C.<\/p>\n","protected":false},"featured_media":49586,"template":"","meta":{"_acf_changed":false},"product_brand":[],"product_cat":[10040,10070],"product_tag":[],"class_list":{"0":"post-49584","1":"product","2":"type-product","3":"status-publish","4":"has-post-thumbnail","6":"product_cat-couches-de-fond","7":"product_cat-couches-de-fond_couches-de-fond-en-resine-epoxyde-a-2-composants-a-durcissement-rapide","9":"first","10":"instock","11":"shipping-taxable","12":"product-type-simple"},"acf":{"product_header":{"module_product_header":{"":null,"prototype_headline":{"headline":"KLB-SYSTEM EPOXID EP 52 RAPID","h1":true,"subheadline":"Couche de fond sp\u00e9ciale en r\u00e9sine \u00e9poxy \u00e0 2 composants, compatible avec l'humidit\u00e9 et&#160;\u00e0 durcissement rapide","anchor":"","url":""},"grid_text_slider":false,"grid_text_content":[{"text":"<p class=\"product-short-title\" style=\"text-align: center;\"><strong>Br\u00e8ve description<\/strong><\/p>\n<p>R\u00e9sine \u00e9poxy \u00e0 2 composants, \u00e0 durcissement rapide avec une haute tol\u00e9rance \u00e0 l&rsquo;humidit\u00e9 et des propri\u00e9t\u00e9s de mouillage particuli\u00e8rement bonnes. Convient aux substrats humides et ceux \u00e0 probl\u00e8mes. Durcit \u00e0 partir de 5 \u00b0C et en 4 &#8211; 6 heures \u00e0 20 \u00b0C.<\/p>\n","width":"4","background_color_text":"bg-white","border_color":"border-gray-light"},{"text":"<p class=\"product-sicing-title\" style=\"text-align: center;\"><strong>Unit\u00e9s d'emballage<\/strong><\/p>\n<ul>\n<li>AL1016-51 &#8211; Combinaison Seau 10,00 kg<\/li>\n<li>AL1016-30 &#8211; Combinaison Hobbock 30,00 kg<\/li>\n<li>AL1016-01 &#8211; Combinaison F\u00fbt 600,00 kg<\/li>\n<\/ul>\n<p><\/p>\n<p>N&rsquo;h\u00e9sitez pas \u00e0 contacter directement pour toute demande concernant des quantit\u00e9s de livraison ou des unit\u00e9s de conditionnement plus importantes.<\/p>\n\n","width":"4","background_color_text":"bg-white","border_color":"border-gray-light"},{"text":"<p class=\"product-attr-title\" style=\"text-align: center;\"><strong>Propri\u00e9t\u00e9s<\/strong><\/p>\n<ul>\n<li>Total Solid selon GISCODE (m\u00e9thode d&rsquo;essai de \u00ab Deutsche Bauchemie \u00bb, l&rsquo;association all. pour la chimie de construction)<\/li>\n<li>\u00e0 durcissement rapide<\/li>\n<li>tr\u00e8s haute adh\u00e9rence<\/li>\n<li>renfor\u00e7ant le sous-sol<\/li>\n<li>utilisation universelle<\/li>\n<li>stable \u00e0 l&rsquo;hydrolyse et \u00e0 la saponification<\/li>\n<li>durcit \u00e9galement sur des substrats humides\/mats<\/li>\n<li>exempt de substances susceptibles d&rsquo;endommager les vernis<\/li>\n<\/ul>\n","width":"4","background_color_text":"bg-white","border_color":"border-gray-light"}],"background_color":"bg-none","background_color_content":"bg-none"}},"downloads":{"module_download_list":{"inhalt":null,"downloads":[{"download":{"ID":67084,"id":67084,"title":"EP_52_RAPID_PI_fr_2025_08","filename":"EP_52_RAPID_PI_fr_2025_08.pdf","filesize":1615925,"url":"https:\/\/dev.klb-koetztal.de\/app\/uploads\/2025\/08\/EP_52_RAPID_PI_fr_2025_08.pdf","link":"https:\/\/dev.klb-koetztal.de\/fr\/?attachment_id=67084","alt":"","author":"7","description":"","caption":"","name":"ep_52_rapid_pi_fr_2025_08-2","status":"inherit","uploaded_to":0,"date":"2025-08-21 07:30:15","modified":"2025-08-21 07:30:15","menu_order":0,"mime_type":"application\/pdf","type":"application","subtype":"pdf","icon":"https:\/\/dev.klb-koetztal.de\/wp\/wp-includes\/images\/media\/document.png"},"filename":"Information produit","protected":false,"doclang":"FR","externalkey":"Produktinformation","docpos":"3"},{"download":{"ID":49588,"id":49588,"title":"Leistungserkl\u00e4rung - Statement of performance","filename":"EP52_Rapid_LE_2013-04.pdf","filesize":170002,"url":"https:\/\/dev.klb-koetztal.de\/app\/uploads\/2022\/03\/EP52_Rapid_LE_2013-04.pdf","link":"https:\/\/dev.klb-koetztal.de\/fr\/?attachment_id=49588","alt":"","author":"7","description":"","caption":"","name":"ep52_rapid_le_2013-04","status":"inherit","uploaded_to":0,"date":"2022-03-14 09:59:31","modified":"2026-03-16 13:14:42","menu_order":0,"mime_type":"application\/pdf","type":"application","subtype":"pdf","icon":"https:\/\/dev.klb-koetztal.de\/wp\/wp-includes\/images\/media\/document.png"},"filename":"D\u00e9claration de performance","protected":false,"doclang":"Multi","externalkey":"Leistungserklaerung","docpos":"50"},{"download":{"ID":51894,"id":51894,"title":"EP52_Rapid_Umwelt-Deklaration_2022-08","filename":"EP52_Rapid_Umwelt-Deklaration_2022-08.pdf","filesize":2469849,"url":"https:\/\/dev.klb-koetztal.de\/app\/uploads\/2022\/09\/EP52_Rapid_Umwelt-Deklaration_2022-08.pdf","link":"https:\/\/dev.klb-koetztal.de\/fr\/?attachment_id=51894","alt":"","author":"7","description":"","caption":"","name":"ep52_rapid_umwelt-deklaration_2022-08-2","status":"inherit","uploaded_to":0,"date":"2022-09-01 06:35:44","modified":"2022-09-01 06:35:44","menu_order":0,"mime_type":"application\/pdf","type":"application","subtype":"pdf","icon":"https:\/\/dev.klb-koetztal.de\/wp\/wp-includes\/images\/media\/document.png"},"filename":"D\u00e9clarations de produit environnemental (EPD)","protected":false,"doclang":"Multi","externalkey":"Umweltproduktdeklaration","docpos":"50"},{"download":false,"filename":"Fiche de donn\u00e9es de s\u00e9curit\u00e9","protected":true,"doclang":"FR","externalkey":"Sicherheitsdatenblatt","docpos":"3"}],"einstellungen":null,"background_color":"bg-none","background_color_content":"bg-none"}},"included_in_systems":{"module_included_in_systems":{"":null,"background_color":"bg-gray-medium","background_color_content":"bg-none"}},"contact":{"module_contact":{"":null,"background_color":"bg-none","background_color_content":"bg-none"}},"ausschreibende":{"module_ausschreibende":{"andern_sie_den_inhalt_unter_universelle_elemente":null,"background_color":"bg-none","background_color_content":"bg-none"}}},"yoast_head":"<!-- This site is optimized with the Yoast SEO plugin v27.0 - https:\/\/yoast.com\/product\/yoast-seo-wordpress\/ -->\n<title>Primaire EP 52 rapide, tol\u00e9rant l&#039;humidit\u00e9 | KLB<\/title>\n<meta name=\"description\" content=\"Primaire EP 52 RAPID \u00e0 durcissement rapide et \u00e0 froid, sans solvants pour substrats humides | KLB sols \u2714\ufe0f aussi pour temp\u00e9ratures basses de 5 \u00b0C\" \/>\n<meta name=\"robots\" content=\"noindex, follow, max-snippet:-1, max-image-preview:large, max-video-preview:-1\" \/>\n<meta property=\"og:locale\" content=\"fr_FR\" \/>\n<meta property=\"og:type\" content=\"article\" \/>\n<meta property=\"og:title\" content=\"Primaire EP 52 rapide, tol\u00e9rant l&#039;humidit\u00e9 | KLB\" \/>\n<meta property=\"og:description\" content=\"Primaire EP 52 RAPID \u00e0 durcissement rapide et \u00e0 froid, sans solvants pour substrats humides | KLB sols \u2714\ufe0f aussi pour temp\u00e9ratures basses de 5 \u00b0C\" \/>\n<meta property=\"og:url\" content=\"https:\/\/dev.klb-koetztal.de\/fr\/produkt\/klb-system-epoxid-ep-52-rapid\/\" \/>\n<meta property=\"og:site_name\" content=\"KLB K\u00f6tztal\" \/>\n<meta property=\"article:publisher\" content=\"https:\/\/www.facebook.com\/klbkoetztal\" \/>\n<meta property=\"article:modified_time\" content=\"2026-03-16T13:14:35+00:00\" \/>\n<meta property=\"og:image\" content=\"https:\/\/dev.klb-koetztal.de\/app\/uploads\/2022\/03\/EP52_Rapid.jpg\" \/>\n\t<meta property=\"og:image:width\" content=\"500\" \/>\n\t<meta property=\"og:image:height\" content=\"500\" \/>\n\t<meta property=\"og:image:type\" content=\"image\/jpeg\" \/>\n<meta name=\"twitter:card\" content=\"summary_large_image\" \/>\n<script type=\"application\/ld+json\" class=\"yoast-schema-graph\">{\"@context\":\"https:\/\/schema.org\",\"@graph\":[{\"@type\":\"WebPage\",\"@id\":\"https:\/\/dev.klb-koetztal.de\/fr\/produkt\/klb-system-epoxid-ep-52-rapid\/\",\"url\":\"https:\/\/dev.klb-koetztal.de\/fr\/produkt\/klb-system-epoxid-ep-52-rapid\/\",\"name\":\"Primaire EP 52 rapide, tol\u00e9rant l'humidit\u00e9 | KLB\",\"isPartOf\":{\"@id\":\"https:\/\/dev.klb-koetztal.de\/fr\/#website\"},\"primaryImageOfPage\":{\"@id\":\"https:\/\/dev.klb-koetztal.de\/fr\/produkt\/klb-system-epoxid-ep-52-rapid\/#primaryimage\"},\"image\":{\"@id\":\"https:\/\/dev.klb-koetztal.de\/fr\/produkt\/klb-system-epoxid-ep-52-rapid\/#primaryimage\"},\"thumbnailUrl\":\"https:\/\/dev.klb-koetztal.de\/app\/uploads\/2022\/03\/EP52_Rapid.jpg\",\"datePublished\":\"2022-03-14T09:59:27+00:00\",\"dateModified\":\"2026-03-16T13:14:35+00:00\",\"description\":\"Primaire EP 52 RAPID \u00e0 durcissement rapide et \u00e0 froid, sans solvants pour substrats humides | KLB sols \u2714\ufe0f aussi pour temp\u00e9ratures basses de 5 \u00b0C\",\"breadcrumb\":{\"@id\":\"https:\/\/dev.klb-koetztal.de\/fr\/produkt\/klb-system-epoxid-ep-52-rapid\/#breadcrumb\"},\"inLanguage\":\"fr-FR\",\"potentialAction\":[{\"@type\":\"ReadAction\",\"target\":[\"https:\/\/dev.klb-koetztal.de\/fr\/produkt\/klb-system-epoxid-ep-52-rapid\/\"]}]},{\"@type\":\"ImageObject\",\"inLanguage\":\"fr-FR\",\"@id\":\"https:\/\/dev.klb-koetztal.de\/fr\/produkt\/klb-system-epoxid-ep-52-rapid\/#primaryimage\",\"url\":\"https:\/\/dev.klb-koetztal.de\/app\/uploads\/2022\/03\/EP52_Rapid.jpg\",\"contentUrl\":\"https:\/\/dev.klb-koetztal.de\/app\/uploads\/2022\/03\/EP52_Rapid.jpg\",\"width\":500,\"height\":500},{\"@type\":\"BreadcrumbList\",\"@id\":\"https:\/\/dev.klb-koetztal.de\/fr\/produkt\/klb-system-epoxid-ep-52-rapid\/#breadcrumb\",\"itemListElement\":[{\"@type\":\"ListItem\",\"position\":1,\"name\":\"Startseite\",\"item\":\"https:\/\/dev.klb-koetztal.de\/fr\/\"},{\"@type\":\"ListItem\",\"position\":2,\"name\":\"KLB-SYSTEM EPOXID EP 52 RAPID\"}]},{\"@type\":\"WebSite\",\"@id\":\"https:\/\/dev.klb-koetztal.de\/fr\/#website\",\"url\":\"https:\/\/dev.klb-koetztal.de\/fr\/\",\"name\":\"KLB K\u00f6tztal\",\"description\":\"Gute B\u00f6den haben ein System.\",\"potentialAction\":[{\"@type\":\"SearchAction\",\"target\":{\"@type\":\"EntryPoint\",\"urlTemplate\":\"https:\/\/dev.klb-koetztal.de\/fr\/?s={search_term_string}\"},\"query-input\":{\"@type\":\"PropertyValueSpecification\",\"valueRequired\":true,\"valueName\":\"search_term_string\"}}],\"inLanguage\":\"fr-FR\"}]}<\/script>\n<!-- \/ Yoast SEO plugin. -->","yoast_head_json":{"title":"Primaire EP 52 rapide, tol\u00e9rant l'humidit\u00e9 | KLB","description":"Primaire EP 52 RAPID \u00e0 durcissement rapide et \u00e0 froid, sans solvants pour substrats humides | KLB sols \u2714\ufe0f aussi pour temp\u00e9ratures basses de 5 \u00b0C","robots":{"index":"noindex","follow":"follow","max-snippet":"max-snippet:-1","max-image-preview":"max-image-preview:large","max-video-preview":"max-video-preview:-1"},"og_locale":"fr_FR","og_type":"article","og_title":"Primaire EP 52 rapide, tol\u00e9rant l'humidit\u00e9 | KLB","og_description":"Primaire EP 52 RAPID \u00e0 durcissement rapide et \u00e0 froid, sans solvants pour substrats humides | KLB sols \u2714\ufe0f aussi pour temp\u00e9ratures basses de 5 \u00b0C","og_url":"https:\/\/dev.klb-koetztal.de\/fr\/produkt\/klb-system-epoxid-ep-52-rapid\/","og_site_name":"KLB K\u00f6tztal","article_publisher":"https:\/\/www.facebook.com\/klbkoetztal","article_modified_time":"2026-03-16T13:14:35+00:00","og_image":[{"width":500,"height":500,"url":"https:\/\/dev.klb-koetztal.de\/app\/uploads\/2022\/03\/EP52_Rapid.jpg","type":"image\/jpeg"}],"twitter_card":"summary_large_image","schema":{"@context":"https:\/\/schema.org","@graph":[{"@type":"WebPage","@id":"https:\/\/dev.klb-koetztal.de\/fr\/produkt\/klb-system-epoxid-ep-52-rapid\/","url":"https:\/\/dev.klb-koetztal.de\/fr\/produkt\/klb-system-epoxid-ep-52-rapid\/","name":"Primaire EP 52 rapide, tol\u00e9rant l'humidit\u00e9 | KLB","isPartOf":{"@id":"https:\/\/dev.klb-koetztal.de\/fr\/#website"},"primaryImageOfPage":{"@id":"https:\/\/dev.klb-koetztal.de\/fr\/produkt\/klb-system-epoxid-ep-52-rapid\/#primaryimage"},"image":{"@id":"https:\/\/dev.klb-koetztal.de\/fr\/produkt\/klb-system-epoxid-ep-52-rapid\/#primaryimage"},"thumbnailUrl":"https:\/\/dev.klb-koetztal.de\/app\/uploads\/2022\/03\/EP52_Rapid.jpg","datePublished":"2022-03-14T09:59:27+00:00","dateModified":"2026-03-16T13:14:35+00:00","description":"Primaire EP 52 RAPID \u00e0 durcissement rapide et \u00e0 froid, sans solvants pour substrats humides | KLB sols \u2714\ufe0f aussi pour temp\u00e9ratures basses de 5 \u00b0C","breadcrumb":{"@id":"https:\/\/dev.klb-koetztal.de\/fr\/produkt\/klb-system-epoxid-ep-52-rapid\/#breadcrumb"},"inLanguage":"fr-FR","potentialAction":[{"@type":"ReadAction","target":["https:\/\/dev.klb-koetztal.de\/fr\/produkt\/klb-system-epoxid-ep-52-rapid\/"]}]},{"@type":"ImageObject","inLanguage":"fr-FR","@id":"https:\/\/dev.klb-koetztal.de\/fr\/produkt\/klb-system-epoxid-ep-52-rapid\/#primaryimage","url":"https:\/\/dev.klb-koetztal.de\/app\/uploads\/2022\/03\/EP52_Rapid.jpg","contentUrl":"https:\/\/dev.klb-koetztal.de\/app\/uploads\/2022\/03\/EP52_Rapid.jpg","width":500,"height":500},{"@type":"BreadcrumbList","@id":"https:\/\/dev.klb-koetztal.de\/fr\/produkt\/klb-system-epoxid-ep-52-rapid\/#breadcrumb","itemListElement":[{"@type":"ListItem","position":1,"name":"Startseite","item":"https:\/\/dev.klb-koetztal.de\/fr\/"},{"@type":"ListItem","position":2,"name":"KLB-SYSTEM EPOXID EP 52 RAPID"}]},{"@type":"WebSite","@id":"https:\/\/dev.klb-koetztal.de\/fr\/#website","url":"https:\/\/dev.klb-koetztal.de\/fr\/","name":"KLB K\u00f6tztal","description":"Gute B\u00f6den haben ein System.","potentialAction":[{"@type":"SearchAction","target":{"@type":"EntryPoint","urlTemplate":"https:\/\/dev.klb-koetztal.de\/fr\/?s={search_term_string}"},"query-input":{"@type":"PropertyValueSpecification","valueRequired":true,"valueName":"search_term_string"}}],"inLanguage":"fr-FR"}]}},"_links":{"self":[{"href":"https:\/\/dev.klb-koetztal.de\/fr\/wp-json\/wp\/v2\/product\/49584","targetHints":{"allow":["GET"]}}],"collection":[{"href":"https:\/\/dev.klb-koetztal.de\/fr\/wp-json\/wp\/v2\/product"}],"about":[{"href":"https:\/\/dev.klb-koetztal.de\/fr\/wp-json\/wp\/v2\/types\/product"}],"wp:featuredmedia":[{"embeddable":true,"href":"https:\/\/dev.klb-koetztal.de\/fr\/wp-json\/wp\/v2\/media\/49586"}],"wp:attachment":[{"href":"https:\/\/dev.klb-koetztal.de\/fr\/wp-json\/wp\/v2\/media?parent=49584"}],"wp:term":[{"taxonomy":"product_brand","embeddable":true,"href":"https:\/\/dev.klb-koetztal.de\/fr\/wp-json\/wp\/v2\/product_brand?post=49584"},{"taxonomy":"product_cat","embeddable":true,"href":"https:\/\/dev.klb-koetztal.de\/fr\/wp-json\/wp\/v2\/product_cat?post=49584"},{"taxonomy":"product_tag","embeddable":true,"href":"https:\/\/dev.klb-koetztal.de\/fr\/wp-json\/wp\/v2\/product_tag?post=49584"}],"curies":[{"name":"wp","href":"https:\/\/api.w.org\/{rel}","templated":true}]}}