{"id":49567,"date":"2022-03-14T10:59:07","date_gmt":"2022-03-14T09:59:07","guid":{"rendered":"https:\/\/dev.klb-koetztal.de\/produkt\/parking-systeme-de-protection-de-surface-klb-system-epoxid-ep-5520\/"},"modified":"2026-03-16T14:13:17","modified_gmt":"2026-03-16T13:13:17","slug":"parking-systeme-de-protection-de-surface-klb-system-epoxid-ep-5520","status":"publish","type":"product","link":"https:\/\/dev.klb-koetztal.de\/fr\/produkt\/parking-systeme-de-protection-de-surface-klb-system-epoxid-ep-5520\/","title":{"rendered":"PARKING-Syst\u00e8me de protection de surface KLB-SYSTEM EPOXID EP 5520"},"content":{"rendered":"","protected":false},"excerpt":{"rendered":"<p>Couche de fond syst\u00e8me en r\u00e9sine \u00e9poxy&#160;\u00e0 2 composants, pr\u00eate \u00e0 l&#8217;emploi, non charg\u00e9e et approuv\u00e9e pour les syst\u00e8mes de protection de surfaces OS 8, OS 11a\/b et OS 14 selon&#160;la directive DAfStb&#160;ou de maintenance TR.&#160;Adapt\u00e9 comme couche de fond et racl\u00e9e.&#160;Test\u00e9 contre les&#160;remont\u00e9es d\u2018humidit\u00e9 &#8211; 365 jours.<\/p>\n","protected":false},"featured_media":49569,"template":"","meta":{"_acf_changed":false},"product_brand":[],"product_cat":[10040,10041,10042,10066],"product_tag":[],"class_list":{"0":"post-49567","1":"product","2":"type-product","3":"status-publish","4":"has-post-thumbnail","6":"product_cat-couches-de-fond","7":"product_cat-couches-de-fond_couches-de-fond-en-resine-epoxyde-a-2-composants","8":"product_cat-revetements","9":"product_cat-revetements_revetements-dans-les-parkings-y-compris-a-durcissement-rapide","11":"first","12":"instock","13":"shipping-taxable","14":"product-type-simple"},"acf":{"product_header":{"module_product_header":{"":null,"prototype_headline":{"headline":"PARKING-Syst\u00e8me de protection de surface KLB-SYSTEM EPOXID EP 5520","h1":true,"subheadline":"Couche de fond en r\u00e9sine \u00e9poxy&#160;\u00e0 2 composants universelle pour les syst\u00e8mes de protection de surfaces (OS 8, OS 11a\/b et OS 14) selon la directive DAfStb et de maintenance TR","anchor":"","url":""},"grid_text_slider":false,"grid_text_content":[{"text":"<p class=\"product-short-title\" style=\"text-align: center;\"><strong>Br\u00e8ve description<\/strong><\/p>\n<p>Couche de fond syst\u00e8me en r\u00e9sine \u00e9poxy&#160;\u00e0 2 composants, pr\u00eate \u00e0 l&#8217;emploi, non charg\u00e9e et approuv\u00e9e pour les syst\u00e8mes de protection de surfaces OS 8, OS 11a\/b et OS 14 selon&#160;la directive DAfStb&#160;ou de maintenance TR.&#160;Adapt\u00e9 comme couche de fond et racl\u00e9e.&#160;Test\u00e9 contre les&#160;remont\u00e9es d\u2018humidit\u00e9 &#8211; 365 jours.<\/p>\n","width":"4","background_color_text":"bg-white","border_color":"border-gray-light"},{"text":"<p class=\"product-sicing-title\" style=\"text-align: center;\"><strong>Unit\u00e9s d'emballage<\/strong><\/p>\n<ul>\n<li>AK1103-50 &#8211; Combinaison Seau 10,00 kg<\/li>\n<li>AK1103-30 &#8211; Combinaison Hobbock 30,00 kg<\/li>\n<li>AK1103-01 &#8211; Combinaison F\u00fbt 588,00 kg<\/li>\n<\/ul>\n<p><\/p>\n<p>N&rsquo;h\u00e9sitez pas \u00e0 contacter directement pour toute demande concernant des quantit\u00e9s de livraison ou des unit\u00e9s de conditionnement plus importantes.<\/p>\n\n","width":"4","background_color_text":"bg-white","border_color":"border-gray-light"},{"text":"<p class=\"product-attr-title\" style=\"text-align: center;\"><strong>Propri\u00e9t\u00e9s<\/strong><\/p>\n<ul>\n<li>Total Solid selon GISCODE (m\u00e9thode d&rsquo;essai de \u00ab Deutsche Bauchemie \u00bb, l&rsquo;association all. pour la chimie de construction)<\/li>\n<li>utilisation universelle<\/li>\n<li>bonne adh\u00e9rence interm\u00e9diaire<\/li>\n<li>tr\u00e8s \u00e9conomique<\/li>\n<\/ul>\n","width":"4","background_color_text":"bg-white","border_color":"border-gray-light"}],"background_color":"bg-none","background_color_content":"bg-none"}},"downloads":{"module_download_list":{"inhalt":null,"downloads":[{"download":{"ID":66912,"id":66912,"title":"EP_5520_PI_fr_2025_08","filename":"EP_5520_PI_fr_2025_08.pdf","filesize":2215352,"url":"https:\/\/dev.klb-koetztal.de\/app\/uploads\/2025\/08\/EP_5520_PI_fr_2025_08.pdf","link":"https:\/\/dev.klb-koetztal.de\/fr\/?attachment_id=66912","alt":"","author":"7","description":"","caption":"","name":"ep_5520_pi_fr_2025_08-2","status":"inherit","uploaded_to":0,"date":"2025-08-07 05:20:17","modified":"2025-08-07 05:20:17","menu_order":0,"mime_type":"application\/pdf","type":"application","subtype":"pdf","icon":"https:\/\/dev.klb-koetztal.de\/wp\/wp-includes\/images\/media\/document.png"},"filename":"Information produit","protected":false,"doclang":"FR","externalkey":"Produktinformation","docpos":"3"},{"download":{"ID":64714,"id":64714,"title":"EP_5520_LE_en_2025_03","filename":"EP_5520_LE_en_2025_03.pdf","filesize":677534,"url":"https:\/\/dev.klb-koetztal.de\/app\/uploads\/2025\/03\/EP_5520_LE_en_2025_03.pdf","link":"https:\/\/dev.klb-koetztal.de\/fr\/?attachment_id=64714","alt":"","author":"7","description":"","caption":"","name":"ep_5520_le_en_2025_03-2","status":"inherit","uploaded_to":0,"date":"2025-03-26 12:00:17","modified":"2025-03-26 12:00:17","menu_order":0,"mime_type":"application\/pdf","type":"application","subtype":"pdf","icon":"https:\/\/dev.klb-koetztal.de\/wp\/wp-includes\/images\/media\/document.png"},"filename":"Statement of performance","protected":false,"doclang":"GB","externalkey":"Leistungserklaerung","docpos":"2"},{"download":{"ID":64717,"id":64717,"title":"EP_5520_LE_fr_2025_03","filename":"EP_5520_LE_fr_2025_03.pdf","filesize":683044,"url":"https:\/\/dev.klb-koetztal.de\/app\/uploads\/2025\/03\/EP_5520_LE_fr_2025_03.pdf","link":"https:\/\/dev.klb-koetztal.de\/fr\/?attachment_id=64717","alt":"","author":"7","description":"","caption":"","name":"ep_5520_le_fr_2025_03-2","status":"inherit","uploaded_to":0,"date":"2025-03-26 12:00:19","modified":"2025-03-26 12:00:19","menu_order":0,"mime_type":"application\/pdf","type":"application","subtype":"pdf","icon":"https:\/\/dev.klb-koetztal.de\/wp\/wp-includes\/images\/media\/document.png"},"filename":"D\u00e9claration de performance","protected":false,"doclang":"FR","externalkey":"Leistungserklaerung","docpos":"3"},{"download":{"ID":52071,"id":52071,"title":"EP5520_Umwelt-Deklaration_2022-08","filename":"EP5520_Umwelt-Deklaration_2022-08.pdf","filesize":4671278,"url":"https:\/\/dev.klb-koetztal.de\/app\/uploads\/2022\/09\/EP5520_Umwelt-Deklaration_2022-08.pdf","link":"https:\/\/dev.klb-koetztal.de\/fr\/?attachment_id=52071","alt":"","author":"7","description":"","caption":"","name":"ep5520_umwelt-deklaration_2022-08-2","status":"inherit","uploaded_to":0,"date":"2022-09-01 11:41:10","modified":"2022-09-01 11:41:10","menu_order":0,"mime_type":"application\/pdf","type":"application","subtype":"pdf","icon":"https:\/\/dev.klb-koetztal.de\/wp\/wp-includes\/images\/media\/document.png"},"filename":"D\u00e9clarations de produit environnemental (EPD)","protected":false,"doclang":"Multi","externalkey":"Umweltproduktdeklaration","docpos":"50"},{"download":false,"filename":"Fiche de donn\u00e9es de s\u00e9curit\u00e9","protected":true,"doclang":"FR","externalkey":"Sicherheitsdatenblatt","docpos":"3"}],"einstellungen":null,"background_color":"bg-none","background_color_content":"bg-none"}},"included_in_systems":{"module_included_in_systems":{"":null,"background_color":"bg-gray-medium","background_color_content":"bg-none"}},"contact":{"module_contact":{"":null,"background_color":"bg-none","background_color_content":"bg-none"}},"ausschreibende":{"module_ausschreibende":{"andern_sie_den_inhalt_unter_universelle_elemente":null,"background_color":"bg-none","background_color_content":"bg-none"}}},"yoast_head":"<!-- This site is optimized with the Yoast SEO plugin v27.0 - https:\/\/yoast.com\/product\/yoast-seo-wordpress\/ -->\n<title>Primaire EP 5520 \u00e0 faible viscosit\u00e9, sans solvant | KLB K\u00f6tztal<\/title>\n<meta name=\"description\" content=\"Couche de base et racl\u00e9e EP 5520 \u00e0 faible viscosit\u00e9, pr\u00eate \u00e0 l&#039;emploi | KLB rev\u00eatements de sol \u2714\ufe0f syst\u00e8mes de protection de surface OS 8, OS 11 a\/b, OS 14\" \/>\n<meta name=\"robots\" content=\"noindex, follow, max-snippet:-1, max-image-preview:large, max-video-preview:-1\" \/>\n<meta property=\"og:locale\" content=\"fr_FR\" \/>\n<meta property=\"og:type\" content=\"article\" \/>\n<meta property=\"og:title\" content=\"Primaire EP 5520 \u00e0 faible viscosit\u00e9, sans solvant | KLB K\u00f6tztal\" \/>\n<meta property=\"og:description\" content=\"Couche de base et racl\u00e9e EP 5520 \u00e0 faible viscosit\u00e9, pr\u00eate \u00e0 l&#039;emploi | KLB rev\u00eatements de sol \u2714\ufe0f syst\u00e8mes de protection de surface OS 8, OS 11 a\/b, OS 14\" \/>\n<meta property=\"og:url\" content=\"https:\/\/dev.klb-koetztal.de\/fr\/produkt\/parking-systeme-de-protection-de-surface-klb-system-epoxid-ep-5520\/\" \/>\n<meta property=\"og:site_name\" content=\"KLB K\u00f6tztal\" \/>\n<meta property=\"article:publisher\" content=\"https:\/\/www.facebook.com\/klbkoetztal\" \/>\n<meta property=\"article:modified_time\" content=\"2026-03-16T13:13:17+00:00\" \/>\n<meta property=\"og:image\" content=\"https:\/\/dev.klb-koetztal.de\/app\/uploads\/2022\/03\/EP5520.jpg\" \/>\n\t<meta property=\"og:image:width\" content=\"500\" \/>\n\t<meta property=\"og:image:height\" content=\"500\" \/>\n\t<meta property=\"og:image:type\" content=\"image\/jpeg\" \/>\n<meta name=\"twitter:card\" content=\"summary_large_image\" \/>\n<script type=\"application\/ld+json\" class=\"yoast-schema-graph\">{\"@context\":\"https:\/\/schema.org\",\"@graph\":[{\"@type\":\"WebPage\",\"@id\":\"https:\/\/dev.klb-koetztal.de\/fr\/produkt\/parking-systeme-de-protection-de-surface-klb-system-epoxid-ep-5520\/\",\"url\":\"https:\/\/dev.klb-koetztal.de\/fr\/produkt\/parking-systeme-de-protection-de-surface-klb-system-epoxid-ep-5520\/\",\"name\":\"Primaire EP 5520 \u00e0 faible viscosit\u00e9, sans solvant | KLB K\u00f6tztal\",\"isPartOf\":{\"@id\":\"https:\/\/dev.klb-koetztal.de\/fr\/#website\"},\"primaryImageOfPage\":{\"@id\":\"https:\/\/dev.klb-koetztal.de\/fr\/produkt\/parking-systeme-de-protection-de-surface-klb-system-epoxid-ep-5520\/#primaryimage\"},\"image\":{\"@id\":\"https:\/\/dev.klb-koetztal.de\/fr\/produkt\/parking-systeme-de-protection-de-surface-klb-system-epoxid-ep-5520\/#primaryimage\"},\"thumbnailUrl\":\"https:\/\/dev.klb-koetztal.de\/app\/uploads\/2022\/03\/EP5520.jpg\",\"datePublished\":\"2022-03-14T09:59:07+00:00\",\"dateModified\":\"2026-03-16T13:13:17+00:00\",\"description\":\"Couche de base et racl\u00e9e EP 5520 \u00e0 faible viscosit\u00e9, pr\u00eate \u00e0 l'emploi | KLB rev\u00eatements de sol \u2714\ufe0f syst\u00e8mes de protection de surface OS 8, OS 11 a\/b, OS 14\",\"breadcrumb\":{\"@id\":\"https:\/\/dev.klb-koetztal.de\/fr\/produkt\/parking-systeme-de-protection-de-surface-klb-system-epoxid-ep-5520\/#breadcrumb\"},\"inLanguage\":\"fr-FR\",\"potentialAction\":[{\"@type\":\"ReadAction\",\"target\":[\"https:\/\/dev.klb-koetztal.de\/fr\/produkt\/parking-systeme-de-protection-de-surface-klb-system-epoxid-ep-5520\/\"]}]},{\"@type\":\"ImageObject\",\"inLanguage\":\"fr-FR\",\"@id\":\"https:\/\/dev.klb-koetztal.de\/fr\/produkt\/parking-systeme-de-protection-de-surface-klb-system-epoxid-ep-5520\/#primaryimage\",\"url\":\"https:\/\/dev.klb-koetztal.de\/app\/uploads\/2022\/03\/EP5520.jpg\",\"contentUrl\":\"https:\/\/dev.klb-koetztal.de\/app\/uploads\/2022\/03\/EP5520.jpg\",\"width\":500,\"height\":500},{\"@type\":\"BreadcrumbList\",\"@id\":\"https:\/\/dev.klb-koetztal.de\/fr\/produkt\/parking-systeme-de-protection-de-surface-klb-system-epoxid-ep-5520\/#breadcrumb\",\"itemListElement\":[{\"@type\":\"ListItem\",\"position\":1,\"name\":\"Startseite\",\"item\":\"https:\/\/dev.klb-koetztal.de\/fr\/\"},{\"@type\":\"ListItem\",\"position\":2,\"name\":\"PARKING-Syst\u00e8me de protection de surface KLB-SYSTEM EPOXID EP 5520\"}]},{\"@type\":\"WebSite\",\"@id\":\"https:\/\/dev.klb-koetztal.de\/fr\/#website\",\"url\":\"https:\/\/dev.klb-koetztal.de\/fr\/\",\"name\":\"KLB K\u00f6tztal\",\"description\":\"Gute B\u00f6den haben ein System.\",\"potentialAction\":[{\"@type\":\"SearchAction\",\"target\":{\"@type\":\"EntryPoint\",\"urlTemplate\":\"https:\/\/dev.klb-koetztal.de\/fr\/?s={search_term_string}\"},\"query-input\":{\"@type\":\"PropertyValueSpecification\",\"valueRequired\":true,\"valueName\":\"search_term_string\"}}],\"inLanguage\":\"fr-FR\"}]}<\/script>\n<!-- \/ Yoast SEO plugin. -->","yoast_head_json":{"title":"Primaire EP 5520 \u00e0 faible viscosit\u00e9, sans solvant | KLB K\u00f6tztal","description":"Couche de base et racl\u00e9e EP 5520 \u00e0 faible viscosit\u00e9, pr\u00eate \u00e0 l'emploi | KLB rev\u00eatements de sol \u2714\ufe0f syst\u00e8mes de protection de surface OS 8, OS 11 a\/b, OS 14","robots":{"index":"noindex","follow":"follow","max-snippet":"max-snippet:-1","max-image-preview":"max-image-preview:large","max-video-preview":"max-video-preview:-1"},"og_locale":"fr_FR","og_type":"article","og_title":"Primaire EP 5520 \u00e0 faible viscosit\u00e9, sans solvant | KLB K\u00f6tztal","og_description":"Couche de base et racl\u00e9e EP 5520 \u00e0 faible viscosit\u00e9, pr\u00eate \u00e0 l'emploi | KLB rev\u00eatements de sol \u2714\ufe0f syst\u00e8mes de protection de surface OS 8, OS 11 a\/b, OS 14","og_url":"https:\/\/dev.klb-koetztal.de\/fr\/produkt\/parking-systeme-de-protection-de-surface-klb-system-epoxid-ep-5520\/","og_site_name":"KLB K\u00f6tztal","article_publisher":"https:\/\/www.facebook.com\/klbkoetztal","article_modified_time":"2026-03-16T13:13:17+00:00","og_image":[{"width":500,"height":500,"url":"https:\/\/dev.klb-koetztal.de\/app\/uploads\/2022\/03\/EP5520.jpg","type":"image\/jpeg"}],"twitter_card":"summary_large_image","schema":{"@context":"https:\/\/schema.org","@graph":[{"@type":"WebPage","@id":"https:\/\/dev.klb-koetztal.de\/fr\/produkt\/parking-systeme-de-protection-de-surface-klb-system-epoxid-ep-5520\/","url":"https:\/\/dev.klb-koetztal.de\/fr\/produkt\/parking-systeme-de-protection-de-surface-klb-system-epoxid-ep-5520\/","name":"Primaire EP 5520 \u00e0 faible viscosit\u00e9, sans solvant | KLB K\u00f6tztal","isPartOf":{"@id":"https:\/\/dev.klb-koetztal.de\/fr\/#website"},"primaryImageOfPage":{"@id":"https:\/\/dev.klb-koetztal.de\/fr\/produkt\/parking-systeme-de-protection-de-surface-klb-system-epoxid-ep-5520\/#primaryimage"},"image":{"@id":"https:\/\/dev.klb-koetztal.de\/fr\/produkt\/parking-systeme-de-protection-de-surface-klb-system-epoxid-ep-5520\/#primaryimage"},"thumbnailUrl":"https:\/\/dev.klb-koetztal.de\/app\/uploads\/2022\/03\/EP5520.jpg","datePublished":"2022-03-14T09:59:07+00:00","dateModified":"2026-03-16T13:13:17+00:00","description":"Couche de base et racl\u00e9e EP 5520 \u00e0 faible viscosit\u00e9, pr\u00eate \u00e0 l'emploi | KLB rev\u00eatements de sol \u2714\ufe0f syst\u00e8mes de protection de surface OS 8, OS 11 a\/b, OS 14","breadcrumb":{"@id":"https:\/\/dev.klb-koetztal.de\/fr\/produkt\/parking-systeme-de-protection-de-surface-klb-system-epoxid-ep-5520\/#breadcrumb"},"inLanguage":"fr-FR","potentialAction":[{"@type":"ReadAction","target":["https:\/\/dev.klb-koetztal.de\/fr\/produkt\/parking-systeme-de-protection-de-surface-klb-system-epoxid-ep-5520\/"]}]},{"@type":"ImageObject","inLanguage":"fr-FR","@id":"https:\/\/dev.klb-koetztal.de\/fr\/produkt\/parking-systeme-de-protection-de-surface-klb-system-epoxid-ep-5520\/#primaryimage","url":"https:\/\/dev.klb-koetztal.de\/app\/uploads\/2022\/03\/EP5520.jpg","contentUrl":"https:\/\/dev.klb-koetztal.de\/app\/uploads\/2022\/03\/EP5520.jpg","width":500,"height":500},{"@type":"BreadcrumbList","@id":"https:\/\/dev.klb-koetztal.de\/fr\/produkt\/parking-systeme-de-protection-de-surface-klb-system-epoxid-ep-5520\/#breadcrumb","itemListElement":[{"@type":"ListItem","position":1,"name":"Startseite","item":"https:\/\/dev.klb-koetztal.de\/fr\/"},{"@type":"ListItem","position":2,"name":"PARKING-Syst\u00e8me de protection de surface KLB-SYSTEM EPOXID EP 5520"}]},{"@type":"WebSite","@id":"https:\/\/dev.klb-koetztal.de\/fr\/#website","url":"https:\/\/dev.klb-koetztal.de\/fr\/","name":"KLB K\u00f6tztal","description":"Gute B\u00f6den haben ein System.","potentialAction":[{"@type":"SearchAction","target":{"@type":"EntryPoint","urlTemplate":"https:\/\/dev.klb-koetztal.de\/fr\/?s={search_term_string}"},"query-input":{"@type":"PropertyValueSpecification","valueRequired":true,"valueName":"search_term_string"}}],"inLanguage":"fr-FR"}]}},"_links":{"self":[{"href":"https:\/\/dev.klb-koetztal.de\/fr\/wp-json\/wp\/v2\/product\/49567","targetHints":{"allow":["GET"]}}],"collection":[{"href":"https:\/\/dev.klb-koetztal.de\/fr\/wp-json\/wp\/v2\/product"}],"about":[{"href":"https:\/\/dev.klb-koetztal.de\/fr\/wp-json\/wp\/v2\/types\/product"}],"wp:featuredmedia":[{"embeddable":true,"href":"https:\/\/dev.klb-koetztal.de\/fr\/wp-json\/wp\/v2\/media\/49569"}],"wp:attachment":[{"href":"https:\/\/dev.klb-koetztal.de\/fr\/wp-json\/wp\/v2\/media?parent=49567"}],"wp:term":[{"taxonomy":"product_brand","embeddable":true,"href":"https:\/\/dev.klb-koetztal.de\/fr\/wp-json\/wp\/v2\/product_brand?post=49567"},{"taxonomy":"product_cat","embeddable":true,"href":"https:\/\/dev.klb-koetztal.de\/fr\/wp-json\/wp\/v2\/product_cat?post=49567"},{"taxonomy":"product_tag","embeddable":true,"href":"https:\/\/dev.klb-koetztal.de\/fr\/wp-json\/wp\/v2\/product_tag?post=49567"}],"curies":[{"name":"wp","href":"https:\/\/api.w.org\/{rel}","templated":true}]}}