{"id":49538,"date":"2022-03-14T10:58:23","date_gmt":"2022-03-14T09:58:23","guid":{"rendered":"https:\/\/dev.klb-koetztal.de\/produkt\/klb-system-epoxid-ep-77-spachtel-leitschicht\/"},"modified":"2026-03-16T14:09:24","modified_gmt":"2026-03-16T13:09:24","slug":"klb-system-epoxid-ep-77-spachtel-leitschicht","status":"publish","type":"product","link":"https:\/\/dev.klb-koetztal.de\/fr\/produkt\/klb-system-epoxid-ep-77-spachtel-leitschicht\/","title":{"rendered":"KLB-SYSTEM EPOXID EP 77 Spachtel-Leitschicht"},"content":{"rendered":"","protected":false},"excerpt":{"rendered":"<p>Couche conductrice de remplissage en r\u00e9sine \u00e9poxy \u00e0 deux composants, \u00e0 faible \u00e9mission et dissipatrice d&rsquo;\u00e9lectricit\u00e9 \u2013&#160;appliqu\u00e9e en une seule couche \u2013avant l&rsquo;application de rev\u00eatements dissipateurs DES.&#160;<br \/>\nComme couche de base pour les rev\u00eatements RX saupoudr\u00e9s avec du sable color\u00e9 et conducteur DES. Permet d&rsquo;installer les rev\u00eatements DES jusqu&rsquo;\u00e0 2 jours plus vite.<\/p>\n","protected":false},"featured_media":49539,"template":"","meta":{"_acf_changed":false},"product_brand":[],"product_cat":[10042,10069],"product_tag":[],"class_list":{"0":"post-49538","1":"product","2":"type-product","3":"status-publish","4":"has-post-thumbnail","6":"product_cat-revetements","7":"product_cat-revetements_revetements-dissipateurs-pour-la-protection-des","9":"first","10":"instock","11":"shipping-taxable","12":"product-type-simple"},"acf":{"product_header":{"module_product_header":{"":null,"prototype_headline":{"headline":"KLB-SYSTEM EPOXID EP 77 Spachtel-Leitschicht","h1":true,"subheadline":"Couche de base en r\u00e9sine \u00e9poxy \u00e0 2 composants en gris clair, hautement \u00e9lectro-conducteur pour l'utilisation combin\u00e9e comme&#160;couche de d\u00e9rivation&#160;et racl\u00e9e avant l'application de rev\u00eatements DES","anchor":"","url":""},"grid_text_slider":false,"grid_text_content":[{"text":"<p class=\"product-short-title\" style=\"text-align: center;\"><strong>Br\u00e8ve description<\/strong><\/p>\n<p>Couche conductrice de remplissage en r\u00e9sine \u00e9poxy \u00e0 deux composants, \u00e0 faible \u00e9mission et dissipatrice d&rsquo;\u00e9lectricit\u00e9 \u2013&#160;appliqu\u00e9e en une seule couche \u2013avant l&rsquo;application de rev\u00eatements dissipateurs DES.&#160;<\/p>\n<p>Comme couche de base pour les rev\u00eatements RX saupoudr\u00e9s avec du sable color\u00e9 et conducteur DES. Permet d&rsquo;installer les rev\u00eatements DES jusqu&rsquo;\u00e0 2 jours plus vite.<\/p>\n","width":"4","background_color_text":"bg-white","border_color":"border-gray-light"},{"text":"<p class=\"product-sicing-title\" style=\"text-align: center;\"><strong>Unit\u00e9s d'emballage<\/strong><\/p>\n<ul>\n<li>AK1425-50 &#8211; Combinaison Seau 10,00 kg<\/li>\n<li>AK1425-30 &#8211; Combinaison Hobbock 30,00 kg<\/li>\n<\/ul>\n<p><\/p>\n<p>N&rsquo;h\u00e9sitez pas \u00e0 contacter directement pour toute demande concernant des quantit\u00e9s de livraison ou des unit\u00e9s de conditionnement plus importantes.<\/p>\n\n","width":"4","background_color_text":"bg-white","border_color":"border-gray-light"},{"text":"<p class=\"product-attr-title\" style=\"text-align: center;\"><strong>Propri\u00e9t\u00e9s<\/strong><\/p>\n<ul>\n<li>Total Solid selon GISCODE (m\u00e9thode d&rsquo;essai de \u00ab Deutsche Bauchemie \u00bb, l&rsquo;association all. pour la chimie de construction)<\/li>\n<li>qualit\u00e9 contr\u00f4l\u00e9e, \u00e0 faible \u00e9mission<\/li>\n<li>\u00e0 durcissement rapide<\/li>\n<li>forte capacit\u00e9 conductrice<\/li>\n<li>\u00e9galisateur pour rugosit\u00e9s de surface<\/li>\n<li>aucune couche conductrice n\u00e9cessaire<\/li>\n<li>tr\u00e8s haute adh\u00e9rence<\/li>\n<li>gain de temps<\/li>\n<\/ul>\n","width":"4","background_color_text":"bg-white","border_color":"border-gray-light"}],"background_color":"bg-none","background_color_content":"bg-none"}},"downloads":{"module_download_list":{"inhalt":null,"downloads":[{"download":{"ID":67129,"id":67129,"title":"EP_77_Spachtel-Leitschicht_PI_fr_2025_08","filename":"EP_77_Spachtel-Leitschicht_PI_fr_2025_08.pdf","filesize":1718178,"url":"https:\/\/dev.klb-koetztal.de\/app\/uploads\/2025\/08\/EP_77_Spachtel-Leitschicht_PI_fr_2025_08.pdf","link":"https:\/\/dev.klb-koetztal.de\/fr\/?attachment_id=67129","alt":"","author":"7","description":"","caption":"","name":"ep_77_spachtel-leitschicht_pi_fr_2025_08-2","status":"inherit","uploaded_to":0,"date":"2025-08-21 07:50:25","modified":"2025-08-21 07:50:25","menu_order":0,"mime_type":"application\/pdf","type":"application","subtype":"pdf","icon":"https:\/\/dev.klb-koetztal.de\/wp\/wp-includes\/images\/media\/document.png"},"filename":"Information produit","protected":false,"doclang":"FR","externalkey":"Produktinformation","docpos":"3"},{"download":{"ID":51903,"id":51903,"title":"EP77_Spachtel-Leitschicht_Umwelt-Deklaration_2022-08","filename":"EP77_Spachtel-Leitschicht_Umwelt-Deklaration_2022-08.pdf","filesize":2343212,"url":"https:\/\/dev.klb-koetztal.de\/app\/uploads\/2022\/09\/EP77_Spachtel-Leitschicht_Umwelt-Deklaration_2022-08.pdf","link":"https:\/\/dev.klb-koetztal.de\/fr\/?attachment_id=51903","alt":"","author":"7","description":"","caption":"","name":"ep77_spachtel-leitschicht_umwelt-deklaration_2022-08-2","status":"inherit","uploaded_to":0,"date":"2022-09-01 06:40:41","modified":"2022-09-01 06:40:41","menu_order":0,"mime_type":"application\/pdf","type":"application","subtype":"pdf","icon":"https:\/\/dev.klb-koetztal.de\/wp\/wp-includes\/images\/media\/document.png"},"filename":"D\u00e9clarations de produit environnemental (EPD)","protected":false,"doclang":"Multi","externalkey":"Umweltproduktdeklaration","docpos":"50"},{"download":false,"filename":"Fiche de donn\u00e9es de s\u00e9curit\u00e9","protected":true,"doclang":"FR","externalkey":"Sicherheitsdatenblatt","docpos":"3"}],"einstellungen":null,"background_color":"bg-none","background_color_content":"bg-none"}},"included_in_systems":{"module_included_in_systems":{"":null,"background_color":"bg-gray-medium","background_color_content":"bg-none"}},"contact":{"module_contact":{"":null,"background_color":"bg-none","background_color_content":"bg-none"}},"ausschreibende":{"module_ausschreibende":{"andern_sie_den_inhalt_unter_universelle_elemente":null,"background_color":"bg-none","background_color_content":"bg-none"}}},"yoast_head":"<!-- This site is optimized with the Yoast SEO plugin v27.0 - https:\/\/yoast.com\/product\/yoast-seo-wordpress\/ -->\n<title>Couche de remplissage EP 77 dissipatrice bicomp. \u00e9poxy | KLB<\/title>\n<meta name=\"description\" content=\"Couche de remplissage EP 77 \u00e9lectro-disspateur bicomp. \u00e9poxy | rev\u00eatement DES | KLB rev\u00eatement de sol \u2714\ufe0fcouche de fond et racl\u00e9e \u00ab 2 en 1 \u00bb\" \/>\n<meta name=\"robots\" content=\"noindex, follow, max-snippet:-1, max-image-preview:large, max-video-preview:-1\" \/>\n<meta property=\"og:locale\" content=\"fr_FR\" \/>\n<meta property=\"og:type\" content=\"article\" \/>\n<meta property=\"og:title\" content=\"Couche de remplissage EP 77 dissipatrice bicomp. \u00e9poxy | KLB\" \/>\n<meta property=\"og:description\" content=\"Couche de remplissage EP 77 \u00e9lectro-disspateur bicomp. \u00e9poxy | rev\u00eatement DES | KLB rev\u00eatement de sol \u2714\ufe0fcouche de fond et racl\u00e9e \u00ab 2 en 1 \u00bb\" \/>\n<meta property=\"og:url\" content=\"https:\/\/dev.klb-koetztal.de\/fr\/produkt\/klb-system-epoxid-ep-77-spachtel-leitschicht\/\" \/>\n<meta property=\"og:site_name\" content=\"KLB K\u00f6tztal\" \/>\n<meta property=\"article:publisher\" content=\"https:\/\/www.facebook.com\/klbkoetztal\" \/>\n<meta property=\"article:modified_time\" content=\"2026-03-16T13:09:24+00:00\" \/>\n<meta property=\"og:image\" content=\"https:\/\/dev.klb-koetztal.de\/app\/uploads\/2022\/03\/EP77_SL.jpg\" \/>\n\t<meta property=\"og:image:width\" content=\"500\" \/>\n\t<meta property=\"og:image:height\" content=\"500\" \/>\n\t<meta property=\"og:image:type\" content=\"image\/jpeg\" \/>\n<meta name=\"twitter:card\" content=\"summary_large_image\" \/>\n<script type=\"application\/ld+json\" class=\"yoast-schema-graph\">{\"@context\":\"https:\/\/schema.org\",\"@graph\":[{\"@type\":\"WebPage\",\"@id\":\"https:\/\/dev.klb-koetztal.de\/fr\/produkt\/klb-system-epoxid-ep-77-spachtel-leitschicht\/\",\"url\":\"https:\/\/dev.klb-koetztal.de\/fr\/produkt\/klb-system-epoxid-ep-77-spachtel-leitschicht\/\",\"name\":\"Couche de remplissage EP 77 dissipatrice bicomp. \u00e9poxy | KLB\",\"isPartOf\":{\"@id\":\"https:\/\/dev.klb-koetztal.de\/fr\/#website\"},\"primaryImageOfPage\":{\"@id\":\"https:\/\/dev.klb-koetztal.de\/fr\/produkt\/klb-system-epoxid-ep-77-spachtel-leitschicht\/#primaryimage\"},\"image\":{\"@id\":\"https:\/\/dev.klb-koetztal.de\/fr\/produkt\/klb-system-epoxid-ep-77-spachtel-leitschicht\/#primaryimage\"},\"thumbnailUrl\":\"https:\/\/dev.klb-koetztal.de\/app\/uploads\/2022\/03\/EP77_SL.jpg\",\"datePublished\":\"2022-03-14T09:58:23+00:00\",\"dateModified\":\"2026-03-16T13:09:24+00:00\",\"description\":\"Couche de remplissage EP 77 \u00e9lectro-disspateur bicomp. \u00e9poxy | rev\u00eatement DES | KLB rev\u00eatement de sol \u2714\ufe0fcouche de fond et racl\u00e9e \u00ab 2 en 1 \u00bb\",\"breadcrumb\":{\"@id\":\"https:\/\/dev.klb-koetztal.de\/fr\/produkt\/klb-system-epoxid-ep-77-spachtel-leitschicht\/#breadcrumb\"},\"inLanguage\":\"fr-FR\",\"potentialAction\":[{\"@type\":\"ReadAction\",\"target\":[\"https:\/\/dev.klb-koetztal.de\/fr\/produkt\/klb-system-epoxid-ep-77-spachtel-leitschicht\/\"]}]},{\"@type\":\"ImageObject\",\"inLanguage\":\"fr-FR\",\"@id\":\"https:\/\/dev.klb-koetztal.de\/fr\/produkt\/klb-system-epoxid-ep-77-spachtel-leitschicht\/#primaryimage\",\"url\":\"https:\/\/dev.klb-koetztal.de\/app\/uploads\/2022\/03\/EP77_SL.jpg\",\"contentUrl\":\"https:\/\/dev.klb-koetztal.de\/app\/uploads\/2022\/03\/EP77_SL.jpg\",\"width\":500,\"height\":500},{\"@type\":\"BreadcrumbList\",\"@id\":\"https:\/\/dev.klb-koetztal.de\/fr\/produkt\/klb-system-epoxid-ep-77-spachtel-leitschicht\/#breadcrumb\",\"itemListElement\":[{\"@type\":\"ListItem\",\"position\":1,\"name\":\"Startseite\",\"item\":\"https:\/\/dev.klb-koetztal.de\/fr\/\"},{\"@type\":\"ListItem\",\"position\":2,\"name\":\"KLB-SYSTEM EPOXID EP 77 Spachtel-Leitschicht\"}]},{\"@type\":\"WebSite\",\"@id\":\"https:\/\/dev.klb-koetztal.de\/fr\/#website\",\"url\":\"https:\/\/dev.klb-koetztal.de\/fr\/\",\"name\":\"KLB K\u00f6tztal\",\"description\":\"Gute B\u00f6den haben ein System.\",\"potentialAction\":[{\"@type\":\"SearchAction\",\"target\":{\"@type\":\"EntryPoint\",\"urlTemplate\":\"https:\/\/dev.klb-koetztal.de\/fr\/?s={search_term_string}\"},\"query-input\":{\"@type\":\"PropertyValueSpecification\",\"valueRequired\":true,\"valueName\":\"search_term_string\"}}],\"inLanguage\":\"fr-FR\"}]}<\/script>\n<!-- \/ Yoast SEO plugin. -->","yoast_head_json":{"title":"Couche de remplissage EP 77 dissipatrice bicomp. \u00e9poxy | KLB","description":"Couche de remplissage EP 77 \u00e9lectro-disspateur bicomp. \u00e9poxy | rev\u00eatement DES | KLB rev\u00eatement de sol \u2714\ufe0fcouche de fond et racl\u00e9e \u00ab 2 en 1 \u00bb","robots":{"index":"noindex","follow":"follow","max-snippet":"max-snippet:-1","max-image-preview":"max-image-preview:large","max-video-preview":"max-video-preview:-1"},"og_locale":"fr_FR","og_type":"article","og_title":"Couche de remplissage EP 77 dissipatrice bicomp. \u00e9poxy | KLB","og_description":"Couche de remplissage EP 77 \u00e9lectro-disspateur bicomp. \u00e9poxy | rev\u00eatement DES | KLB rev\u00eatement de sol \u2714\ufe0fcouche de fond et racl\u00e9e \u00ab 2 en 1 \u00bb","og_url":"https:\/\/dev.klb-koetztal.de\/fr\/produkt\/klb-system-epoxid-ep-77-spachtel-leitschicht\/","og_site_name":"KLB K\u00f6tztal","article_publisher":"https:\/\/www.facebook.com\/klbkoetztal","article_modified_time":"2026-03-16T13:09:24+00:00","og_image":[{"width":500,"height":500,"url":"https:\/\/dev.klb-koetztal.de\/app\/uploads\/2022\/03\/EP77_SL.jpg","type":"image\/jpeg"}],"twitter_card":"summary_large_image","schema":{"@context":"https:\/\/schema.org","@graph":[{"@type":"WebPage","@id":"https:\/\/dev.klb-koetztal.de\/fr\/produkt\/klb-system-epoxid-ep-77-spachtel-leitschicht\/","url":"https:\/\/dev.klb-koetztal.de\/fr\/produkt\/klb-system-epoxid-ep-77-spachtel-leitschicht\/","name":"Couche de remplissage EP 77 dissipatrice bicomp. \u00e9poxy | KLB","isPartOf":{"@id":"https:\/\/dev.klb-koetztal.de\/fr\/#website"},"primaryImageOfPage":{"@id":"https:\/\/dev.klb-koetztal.de\/fr\/produkt\/klb-system-epoxid-ep-77-spachtel-leitschicht\/#primaryimage"},"image":{"@id":"https:\/\/dev.klb-koetztal.de\/fr\/produkt\/klb-system-epoxid-ep-77-spachtel-leitschicht\/#primaryimage"},"thumbnailUrl":"https:\/\/dev.klb-koetztal.de\/app\/uploads\/2022\/03\/EP77_SL.jpg","datePublished":"2022-03-14T09:58:23+00:00","dateModified":"2026-03-16T13:09:24+00:00","description":"Couche de remplissage EP 77 \u00e9lectro-disspateur bicomp. \u00e9poxy | rev\u00eatement DES | KLB rev\u00eatement de sol \u2714\ufe0fcouche de fond et racl\u00e9e \u00ab 2 en 1 \u00bb","breadcrumb":{"@id":"https:\/\/dev.klb-koetztal.de\/fr\/produkt\/klb-system-epoxid-ep-77-spachtel-leitschicht\/#breadcrumb"},"inLanguage":"fr-FR","potentialAction":[{"@type":"ReadAction","target":["https:\/\/dev.klb-koetztal.de\/fr\/produkt\/klb-system-epoxid-ep-77-spachtel-leitschicht\/"]}]},{"@type":"ImageObject","inLanguage":"fr-FR","@id":"https:\/\/dev.klb-koetztal.de\/fr\/produkt\/klb-system-epoxid-ep-77-spachtel-leitschicht\/#primaryimage","url":"https:\/\/dev.klb-koetztal.de\/app\/uploads\/2022\/03\/EP77_SL.jpg","contentUrl":"https:\/\/dev.klb-koetztal.de\/app\/uploads\/2022\/03\/EP77_SL.jpg","width":500,"height":500},{"@type":"BreadcrumbList","@id":"https:\/\/dev.klb-koetztal.de\/fr\/produkt\/klb-system-epoxid-ep-77-spachtel-leitschicht\/#breadcrumb","itemListElement":[{"@type":"ListItem","position":1,"name":"Startseite","item":"https:\/\/dev.klb-koetztal.de\/fr\/"},{"@type":"ListItem","position":2,"name":"KLB-SYSTEM EPOXID EP 77 Spachtel-Leitschicht"}]},{"@type":"WebSite","@id":"https:\/\/dev.klb-koetztal.de\/fr\/#website","url":"https:\/\/dev.klb-koetztal.de\/fr\/","name":"KLB K\u00f6tztal","description":"Gute B\u00f6den haben ein System.","potentialAction":[{"@type":"SearchAction","target":{"@type":"EntryPoint","urlTemplate":"https:\/\/dev.klb-koetztal.de\/fr\/?s={search_term_string}"},"query-input":{"@type":"PropertyValueSpecification","valueRequired":true,"valueName":"search_term_string"}}],"inLanguage":"fr-FR"}]}},"_links":{"self":[{"href":"https:\/\/dev.klb-koetztal.de\/fr\/wp-json\/wp\/v2\/product\/49538","targetHints":{"allow":["GET"]}}],"collection":[{"href":"https:\/\/dev.klb-koetztal.de\/fr\/wp-json\/wp\/v2\/product"}],"about":[{"href":"https:\/\/dev.klb-koetztal.de\/fr\/wp-json\/wp\/v2\/types\/product"}],"wp:featuredmedia":[{"embeddable":true,"href":"https:\/\/dev.klb-koetztal.de\/fr\/wp-json\/wp\/v2\/media\/49539"}],"wp:attachment":[{"href":"https:\/\/dev.klb-koetztal.de\/fr\/wp-json\/wp\/v2\/media?parent=49538"}],"wp:term":[{"taxonomy":"product_brand","embeddable":true,"href":"https:\/\/dev.klb-koetztal.de\/fr\/wp-json\/wp\/v2\/product_brand?post=49538"},{"taxonomy":"product_cat","embeddable":true,"href":"https:\/\/dev.klb-koetztal.de\/fr\/wp-json\/wp\/v2\/product_cat?post=49538"},{"taxonomy":"product_tag","embeddable":true,"href":"https:\/\/dev.klb-koetztal.de\/fr\/wp-json\/wp\/v2\/product_tag?post=49538"}],"curies":[{"name":"wp","href":"https:\/\/api.w.org\/{rel}","templated":true}]}}