{"id":49530,"date":"2022-03-14T10:58:14","date_gmt":"2022-03-14T09:58:14","guid":{"rendered":"https:\/\/dev.klb-koetztal.de\/produkt\/klb-system-epoxid-ep-58\/"},"modified":"2026-03-16T14:14:47","modified_gmt":"2026-03-16T13:14:47","slug":"klb-system-epoxid-ep-58","status":"publish","type":"product","link":"https:\/\/dev.klb-koetztal.de\/fr\/produkt\/klb-system-epoxid-ep-58\/","title":{"rendered":"KLB-SYSTEM EPOXID EP 58"},"content":{"rendered":"","protected":false},"excerpt":{"rendered":"<p>Primaire en r\u00e9sine \u00e9poxy \u00e0 2 composants de haute qualit\u00e9, extr\u00eamement pauvre&#160;en \u00e9missions et adapt\u00e9 aux salles de s\u00e9jour. \u00c0&#160;utiliser comme couche de fond et racl\u00e9e avant la pose de rev\u00eatements de sol en r\u00e9sine \u00e9poxy et polyur\u00e9thane ainsi que&#160;pour les mortiers en r\u00e9sine r\u00e9active. Certifi\u00e9 selon Eurofins \u00ab Indoor Air Comfort Gold \u00bb&#160;et avec le certificat EMICODE EC1 Plus.<br \/>\nConvient pour la protection contre le radon provenant du substrat.<\/p>\n","protected":false},"featured_media":49532,"template":"","meta":{"_acf_changed":false},"product_brand":[],"product_cat":[10040,10068],"product_tag":[],"class_list":{"0":"post-49530","1":"product","2":"type-product","3":"status-publish","4":"has-post-thumbnail","6":"product_cat-couches-de-fond","7":"product_cat-couches-de-fond_couches-de-fond-en-resine-epoxyde-a-2-composants-a-faible-emission","9":"first","10":"instock","11":"shipping-taxable","12":"product-type-simple"},"acf":{"product_header":{"module_product_header":{"":null,"prototype_headline":{"headline":"KLB-SYSTEM EPOXID EP 58","h1":true,"subheadline":"Primaire en r\u00e9sine \u00e9poxy \u00e0 2 composnats, \u00e0 tr\u00e8s faible \u00e9mission et test\u00e9 selon l'AgBB&#160;pour l'utilisation comme couche de fond ou racl\u00e9e ainsi que comme r\u00e9sine mortier \u00e0 usage universelle pour les salles de s\u00e9jour.","anchor":"","url":""},"grid_text_slider":false,"grid_text_content":[{"text":"<p class=\"product-short-title\" style=\"text-align: center;\"><strong>Br\u00e8ve description<\/strong><\/p>\n<p>Primaire en r\u00e9sine \u00e9poxy \u00e0 2 composants de haute qualit\u00e9, extr\u00eamement pauvre&#160;en \u00e9missions et adapt\u00e9 aux salles de s\u00e9jour. \u00c0&#160;utiliser comme couche de fond et racl\u00e9e avant la pose de rev\u00eatements de sol en r\u00e9sine \u00e9poxy et polyur\u00e9thane ainsi que&#160;pour les mortiers en r\u00e9sine r\u00e9active. Certifi\u00e9 selon Eurofins \u00ab Indoor Air Comfort Gold \u00bb&#160;et avec le certificat EMICODE EC1 Plus.<\/p>\n<p>Convient pour la protection contre le radon provenant du substrat.<\/p>\n","width":"4","background_color_text":"bg-white","border_color":"border-gray-light"},{"text":"<p class=\"product-sicing-title\" style=\"text-align: center;\"><strong>Unit\u00e9s d'emballage<\/strong><\/p>\n<ul>\n<li>AK1093-92 &#8211; Combinaison Bo\u00eete 1,00 kg<\/li>\n<li>AK1093-50 &#8211; Combinaison Seau 10,00 kg<\/li>\n<li>AK1093-30 &#8211; Combinaison Hobbock 30,00 kg<\/li>\n<li>AK1093-01 &#8211; Combinaison F\u00fbt 550,00 kg<\/li>\n<\/ul>\n<p><\/p>\n<p>N&rsquo;h\u00e9sitez pas \u00e0 contacter directement pour toute demande concernant des quantit\u00e9s de livraison ou des unit\u00e9s de conditionnement plus importantes.<\/p>\n\n","width":"4","background_color_text":"bg-white","border_color":"border-gray-light"},{"text":"<p class=\"product-attr-title\" style=\"text-align: center;\"><strong>Propri\u00e9t\u00e9s<\/strong><\/p>\n<ul>\n<li>certifi\u00e9 selon EMICODE\u00ae  EC 1PLUS<\/li>\n<li>\u00e0 tr\u00e8s faible \u00e9mission<\/li>\n<li>Total Solid selon GISCODE (m\u00e9thode d&rsquo;essai de \u00ab Deutsche Bauchemie \u00bb, l&rsquo;association all. pour la chimie de construction)<\/li>\n<li>utilisation universelle<\/li>\n<li>stable \u00e0 l&rsquo;hydrolyse et \u00e0 la saponification<\/li>\n<li>adapt\u00e9 pour des constructions de sol avec chauffage int\u00e9gr\u00e9<\/li>\n<li>peut \u00eatre rempli de sable de quartz s\u00e9ch\u00e9 au feu<\/li>\n<li>exempt de substances susceptibles d&rsquo;endommager les vernis<\/li>\n<li>tr\u00e8s haute adh\u00e9rence<\/li>\n<li>tr\u00e8s \u00e9conomique<\/li>\n<\/ul>\n","width":"4","background_color_text":"bg-white","border_color":"border-gray-light"}],"background_color":"bg-none","background_color_content":"bg-none"}},"downloads":{"module_download_list":{"inhalt":null,"downloads":[{"download":{"ID":64907,"id":64907,"title":"EP_58_PI_fr_2025_04","filename":"EP_58_PI_fr_2025_04.pdf","filesize":967222,"url":"https:\/\/dev.klb-koetztal.de\/app\/uploads\/2025\/04\/EP_58_PI_fr_2025_04.pdf","link":"https:\/\/dev.klb-koetztal.de\/fr\/?attachment_id=64907","alt":"","author":"7","description":"","caption":"","name":"ep_58_pi_fr_2025_04-2","status":"inherit","uploaded_to":0,"date":"2025-04-07 06:40:56","modified":"2025-04-07 06:40:56","menu_order":0,"mime_type":"application\/pdf","type":"application","subtype":"pdf","icon":"https:\/\/dev.klb-koetztal.de\/wp\/wp-includes\/images\/media\/document.png"},"filename":"Information produit","protected":false,"doclang":"FR","externalkey":"Produktinformation","docpos":"3"},{"download":{"ID":49534,"id":49534,"title":"Leistungserkl\u00e4rung - Statement of performance","filename":"EP58_LE_2022-01.pdf","filesize":243873,"url":"https:\/\/dev.klb-koetztal.de\/app\/uploads\/2022\/03\/EP58_LE_2022-01.pdf","link":"https:\/\/dev.klb-koetztal.de\/fr\/?attachment_id=49534","alt":"","author":"7","description":"","caption":"","name":"ep58_le_2022-01","status":"inherit","uploaded_to":0,"date":"2022-03-14 09:58:18","modified":"2026-03-16 13:14:54","menu_order":0,"mime_type":"application\/pdf","type":"application","subtype":"pdf","icon":"https:\/\/dev.klb-koetztal.de\/wp\/wp-includes\/images\/media\/document.png"},"filename":"D\u00e9claration de performance","protected":false,"doclang":"Multi","externalkey":"Leistungserklaerung","docpos":"50"},{"download":{"ID":51900,"id":51900,"title":"EP58_Umwelt-Deklaration_2022-08","filename":"EP58_Umwelt-Deklaration_2022-08.pdf","filesize":2342946,"url":"https:\/\/dev.klb-koetztal.de\/app\/uploads\/2022\/09\/EP58_Umwelt-Deklaration_2022-08.pdf","link":"https:\/\/dev.klb-koetztal.de\/fr\/?attachment_id=51900","alt":"","author":"7","description":"","caption":"","name":"ep58_umwelt-deklaration_2022-08-2","status":"inherit","uploaded_to":0,"date":"2022-09-01 06:40:29","modified":"2022-09-01 06:40:29","menu_order":0,"mime_type":"application\/pdf","type":"application","subtype":"pdf","icon":"https:\/\/dev.klb-koetztal.de\/wp\/wp-includes\/images\/media\/document.png"},"filename":"D\u00e9clarations de produit environnemental (EPD)","protected":false,"doclang":"Multi","externalkey":"Umweltproduktdeklaration","docpos":"50"},{"download":false,"filename":"Fiche de donn\u00e9es de s\u00e9curit\u00e9","protected":true,"doclang":"FR","externalkey":"Sicherheitsdatenblatt","docpos":"3"}],"einstellungen":null,"background_color":"bg-none","background_color_content":"bg-none"}},"included_in_systems":{"module_included_in_systems":{"":null,"background_color":"bg-gray-medium","background_color_content":"bg-none"}},"contact":{"module_contact":{"":null,"background_color":"bg-none","background_color_content":"bg-none"}},"ausschreibende":{"module_ausschreibende":{"andern_sie_den_inhalt_unter_universelle_elemente":null,"background_color":"bg-none","background_color_content":"bg-none"}}},"yoast_head":"<!-- This site is optimized with the Yoast SEO plugin v27.0 - https:\/\/yoast.com\/product\/yoast-seo-wordpress\/ -->\n<title>Primaire EP 58 \u00e0 faible \u00e9missions, sans alcool benzylique | KLB<\/title>\n<meta name=\"description\" content=\"Couche de base EP 58 \u00e9cologique, robuste, chimi-r\u00e9sistante sans alcool benzylique | KLB rev\u00eatments \u2714\ufe0f DIBt\u00ae, AgBB, EMICODE EC1, Eurofins\" \/>\n<meta name=\"robots\" content=\"noindex, follow, max-snippet:-1, max-image-preview:large, max-video-preview:-1\" \/>\n<meta property=\"og:locale\" content=\"fr_FR\" \/>\n<meta property=\"og:type\" content=\"article\" \/>\n<meta property=\"og:title\" content=\"Primaire EP 58 \u00e0 faible \u00e9missions, sans alcool benzylique | KLB\" \/>\n<meta property=\"og:description\" content=\"Couche de base EP 58 \u00e9cologique, robuste, chimi-r\u00e9sistante sans alcool benzylique | KLB rev\u00eatments \u2714\ufe0f DIBt\u00ae, AgBB, EMICODE EC1, Eurofins\" \/>\n<meta property=\"og:url\" content=\"https:\/\/dev.klb-koetztal.de\/fr\/produkt\/klb-system-epoxid-ep-58\/\" \/>\n<meta property=\"og:site_name\" content=\"KLB K\u00f6tztal\" \/>\n<meta property=\"article:publisher\" content=\"https:\/\/www.facebook.com\/klbkoetztal\" \/>\n<meta property=\"article:modified_time\" content=\"2026-03-16T13:14:47+00:00\" \/>\n<meta property=\"og:image\" content=\"https:\/\/dev.klb-koetztal.de\/app\/uploads\/2022\/03\/EP58.jpg\" \/>\n\t<meta property=\"og:image:width\" content=\"500\" \/>\n\t<meta property=\"og:image:height\" content=\"500\" \/>\n\t<meta property=\"og:image:type\" content=\"image\/jpeg\" \/>\n<meta name=\"twitter:card\" content=\"summary_large_image\" \/>\n<script type=\"application\/ld+json\" class=\"yoast-schema-graph\">{\"@context\":\"https:\/\/schema.org\",\"@graph\":[{\"@type\":\"WebPage\",\"@id\":\"https:\/\/dev.klb-koetztal.de\/fr\/produkt\/klb-system-epoxid-ep-58\/\",\"url\":\"https:\/\/dev.klb-koetztal.de\/fr\/produkt\/klb-system-epoxid-ep-58\/\",\"name\":\"Primaire EP 58 \u00e0 faible \u00e9missions, sans alcool benzylique | KLB\",\"isPartOf\":{\"@id\":\"https:\/\/dev.klb-koetztal.de\/fr\/#website\"},\"primaryImageOfPage\":{\"@id\":\"https:\/\/dev.klb-koetztal.de\/fr\/produkt\/klb-system-epoxid-ep-58\/#primaryimage\"},\"image\":{\"@id\":\"https:\/\/dev.klb-koetztal.de\/fr\/produkt\/klb-system-epoxid-ep-58\/#primaryimage\"},\"thumbnailUrl\":\"https:\/\/dev.klb-koetztal.de\/app\/uploads\/2022\/03\/EP58.jpg\",\"datePublished\":\"2022-03-14T09:58:14+00:00\",\"dateModified\":\"2026-03-16T13:14:47+00:00\",\"description\":\"Couche de base EP 58 \u00e9cologique, robuste, chimi-r\u00e9sistante sans alcool benzylique | KLB rev\u00eatments \u2714\ufe0f DIBt\u00ae, AgBB, EMICODE EC1, Eurofins\",\"breadcrumb\":{\"@id\":\"https:\/\/dev.klb-koetztal.de\/fr\/produkt\/klb-system-epoxid-ep-58\/#breadcrumb\"},\"inLanguage\":\"fr-FR\",\"potentialAction\":[{\"@type\":\"ReadAction\",\"target\":[\"https:\/\/dev.klb-koetztal.de\/fr\/produkt\/klb-system-epoxid-ep-58\/\"]}]},{\"@type\":\"ImageObject\",\"inLanguage\":\"fr-FR\",\"@id\":\"https:\/\/dev.klb-koetztal.de\/fr\/produkt\/klb-system-epoxid-ep-58\/#primaryimage\",\"url\":\"https:\/\/dev.klb-koetztal.de\/app\/uploads\/2022\/03\/EP58.jpg\",\"contentUrl\":\"https:\/\/dev.klb-koetztal.de\/app\/uploads\/2022\/03\/EP58.jpg\",\"width\":500,\"height\":500},{\"@type\":\"BreadcrumbList\",\"@id\":\"https:\/\/dev.klb-koetztal.de\/fr\/produkt\/klb-system-epoxid-ep-58\/#breadcrumb\",\"itemListElement\":[{\"@type\":\"ListItem\",\"position\":1,\"name\":\"Startseite\",\"item\":\"https:\/\/dev.klb-koetztal.de\/fr\/\"},{\"@type\":\"ListItem\",\"position\":2,\"name\":\"KLB-SYSTEM EPOXID EP 58\"}]},{\"@type\":\"WebSite\",\"@id\":\"https:\/\/dev.klb-koetztal.de\/fr\/#website\",\"url\":\"https:\/\/dev.klb-koetztal.de\/fr\/\",\"name\":\"KLB K\u00f6tztal\",\"description\":\"Gute B\u00f6den haben ein System.\",\"potentialAction\":[{\"@type\":\"SearchAction\",\"target\":{\"@type\":\"EntryPoint\",\"urlTemplate\":\"https:\/\/dev.klb-koetztal.de\/fr\/?s={search_term_string}\"},\"query-input\":{\"@type\":\"PropertyValueSpecification\",\"valueRequired\":true,\"valueName\":\"search_term_string\"}}],\"inLanguage\":\"fr-FR\"}]}<\/script>\n<!-- \/ Yoast SEO plugin. -->","yoast_head_json":{"title":"Primaire EP 58 \u00e0 faible \u00e9missions, sans alcool benzylique | KLB","description":"Couche de base EP 58 \u00e9cologique, robuste, chimi-r\u00e9sistante sans alcool benzylique | KLB rev\u00eatments \u2714\ufe0f DIBt\u00ae, AgBB, EMICODE EC1, Eurofins","robots":{"index":"noindex","follow":"follow","max-snippet":"max-snippet:-1","max-image-preview":"max-image-preview:large","max-video-preview":"max-video-preview:-1"},"og_locale":"fr_FR","og_type":"article","og_title":"Primaire EP 58 \u00e0 faible \u00e9missions, sans alcool benzylique | KLB","og_description":"Couche de base EP 58 \u00e9cologique, robuste, chimi-r\u00e9sistante sans alcool benzylique | KLB rev\u00eatments \u2714\ufe0f DIBt\u00ae, AgBB, EMICODE EC1, Eurofins","og_url":"https:\/\/dev.klb-koetztal.de\/fr\/produkt\/klb-system-epoxid-ep-58\/","og_site_name":"KLB K\u00f6tztal","article_publisher":"https:\/\/www.facebook.com\/klbkoetztal","article_modified_time":"2026-03-16T13:14:47+00:00","og_image":[{"width":500,"height":500,"url":"https:\/\/dev.klb-koetztal.de\/app\/uploads\/2022\/03\/EP58.jpg","type":"image\/jpeg"}],"twitter_card":"summary_large_image","schema":{"@context":"https:\/\/schema.org","@graph":[{"@type":"WebPage","@id":"https:\/\/dev.klb-koetztal.de\/fr\/produkt\/klb-system-epoxid-ep-58\/","url":"https:\/\/dev.klb-koetztal.de\/fr\/produkt\/klb-system-epoxid-ep-58\/","name":"Primaire EP 58 \u00e0 faible \u00e9missions, sans alcool benzylique | KLB","isPartOf":{"@id":"https:\/\/dev.klb-koetztal.de\/fr\/#website"},"primaryImageOfPage":{"@id":"https:\/\/dev.klb-koetztal.de\/fr\/produkt\/klb-system-epoxid-ep-58\/#primaryimage"},"image":{"@id":"https:\/\/dev.klb-koetztal.de\/fr\/produkt\/klb-system-epoxid-ep-58\/#primaryimage"},"thumbnailUrl":"https:\/\/dev.klb-koetztal.de\/app\/uploads\/2022\/03\/EP58.jpg","datePublished":"2022-03-14T09:58:14+00:00","dateModified":"2026-03-16T13:14:47+00:00","description":"Couche de base EP 58 \u00e9cologique, robuste, chimi-r\u00e9sistante sans alcool benzylique | KLB rev\u00eatments \u2714\ufe0f DIBt\u00ae, AgBB, EMICODE EC1, Eurofins","breadcrumb":{"@id":"https:\/\/dev.klb-koetztal.de\/fr\/produkt\/klb-system-epoxid-ep-58\/#breadcrumb"},"inLanguage":"fr-FR","potentialAction":[{"@type":"ReadAction","target":["https:\/\/dev.klb-koetztal.de\/fr\/produkt\/klb-system-epoxid-ep-58\/"]}]},{"@type":"ImageObject","inLanguage":"fr-FR","@id":"https:\/\/dev.klb-koetztal.de\/fr\/produkt\/klb-system-epoxid-ep-58\/#primaryimage","url":"https:\/\/dev.klb-koetztal.de\/app\/uploads\/2022\/03\/EP58.jpg","contentUrl":"https:\/\/dev.klb-koetztal.de\/app\/uploads\/2022\/03\/EP58.jpg","width":500,"height":500},{"@type":"BreadcrumbList","@id":"https:\/\/dev.klb-koetztal.de\/fr\/produkt\/klb-system-epoxid-ep-58\/#breadcrumb","itemListElement":[{"@type":"ListItem","position":1,"name":"Startseite","item":"https:\/\/dev.klb-koetztal.de\/fr\/"},{"@type":"ListItem","position":2,"name":"KLB-SYSTEM EPOXID EP 58"}]},{"@type":"WebSite","@id":"https:\/\/dev.klb-koetztal.de\/fr\/#website","url":"https:\/\/dev.klb-koetztal.de\/fr\/","name":"KLB K\u00f6tztal","description":"Gute B\u00f6den haben ein System.","potentialAction":[{"@type":"SearchAction","target":{"@type":"EntryPoint","urlTemplate":"https:\/\/dev.klb-koetztal.de\/fr\/?s={search_term_string}"},"query-input":{"@type":"PropertyValueSpecification","valueRequired":true,"valueName":"search_term_string"}}],"inLanguage":"fr-FR"}]}},"_links":{"self":[{"href":"https:\/\/dev.klb-koetztal.de\/fr\/wp-json\/wp\/v2\/product\/49530","targetHints":{"allow":["GET"]}}],"collection":[{"href":"https:\/\/dev.klb-koetztal.de\/fr\/wp-json\/wp\/v2\/product"}],"about":[{"href":"https:\/\/dev.klb-koetztal.de\/fr\/wp-json\/wp\/v2\/types\/product"}],"wp:featuredmedia":[{"embeddable":true,"href":"https:\/\/dev.klb-koetztal.de\/fr\/wp-json\/wp\/v2\/media\/49532"}],"wp:attachment":[{"href":"https:\/\/dev.klb-koetztal.de\/fr\/wp-json\/wp\/v2\/media?parent=49530"}],"wp:term":[{"taxonomy":"product_brand","embeddable":true,"href":"https:\/\/dev.klb-koetztal.de\/fr\/wp-json\/wp\/v2\/product_brand?post=49530"},{"taxonomy":"product_cat","embeddable":true,"href":"https:\/\/dev.klb-koetztal.de\/fr\/wp-json\/wp\/v2\/product_cat?post=49530"},{"taxonomy":"product_tag","embeddable":true,"href":"https:\/\/dev.klb-koetztal.de\/fr\/wp-json\/wp\/v2\/product_tag?post=49530"}],"curies":[{"name":"wp","href":"https:\/\/api.w.org\/{rel}","templated":true}]}}