{"id":49529,"date":"2022-03-14T10:58:13","date_gmt":"2022-03-14T09:58:13","guid":{"rendered":"https:\/\/dev.klb-koetztal.de\/produkt\/klb-system-polyurethan-pu-484\/"},"modified":"2026-03-16T14:19:42","modified_gmt":"2026-03-16T13:19:42","slug":"klb-system-polyurethan-pu-484","status":"publish","type":"product","link":"https:\/\/dev.klb-koetztal.de\/fr\/produkt\/klb-system-polyurethan-pu-484\/","title":{"rendered":"KLB-SYSTEM POLYURETHAN PU 484"},"content":{"rendered":"","protected":false},"excerpt":{"rendered":"<p>R\u00e9sine en polyur\u00e9thane \u00e0 2 composants de haute qualit\u00e9, incolore et stable \u00e0 la lumi\u00e8re pour le scellement final de&#160;rev\u00eatements antid\u00e9rapants et saupoudr\u00e9s avec du sable color\u00e9 ainsi que comme couche de r\u00e9sine claire sur les surfaces lisses ou saupoudr\u00e9es avec des paillettes&#160;partiColor\u00ae.&#160;<br \/>\nConvient aux rev\u00eatements conformes aux certifications Eurofins \u00ab Indoor Air Comfort \u00bb et \u00ab Gold \u00bb.<\/p>\n","protected":false},"featured_media":49531,"template":"","meta":{"_acf_changed":false},"product_brand":[],"product_cat":[10044,10060,10061,10067],"product_tag":[],"class_list":{"0":"post-49529","1":"product","2":"type-product","3":"status-publish","4":"has-post-thumbnail","6":"product_cat-liant-decor-scellement-de-finition-bouche-pores","7":"product_cat-liant-decor-scellement-de-finition-bouche-pores_scellements-de-finition","8":"product_cat-scellements-de-finition-pour-des-revetements-saupoudres","9":"product_cat-scellements-de-finition-pour-des-revetements-saupoudres_scellements-de-finition-en-polyuree-a-2-composants","11":"first","12":"instock","13":"shipping-taxable","14":"product-type-simple"},"acf":{"product_header":{"module_product_header":{"":null,"prototype_headline":{"headline":"KLB-SYSTEM POLYURETHAN PU 484","h1":true,"subheadline":"Scellement de t\u00eate en polyur\u00e9thane&#160;\u00e0 2 composants, incolore&#160;et stable \u00e0 la lumi\u00e8re pour la r\u00e9alisation de&#160;rev\u00eatements antid\u00e9rapants et saupoudr\u00e9s de sable color\u00e9 ainsi que comme couche de r\u00e9sine transparente sur les surfaces d\u00e9coratives","anchor":"","url":""},"grid_text_slider":false,"grid_text_content":[{"text":"<p class=\"product-short-title\" style=\"text-align: center;\"><strong>Br\u00e8ve description<\/strong><\/p>\n<p>R\u00e9sine en polyur\u00e9thane \u00e0 2 composants de haute qualit\u00e9, incolore et stable \u00e0 la lumi\u00e8re pour le scellement final de&#160;rev\u00eatements antid\u00e9rapants et saupoudr\u00e9s avec du sable color\u00e9 ainsi que comme couche de r\u00e9sine claire sur les surfaces lisses ou saupoudr\u00e9es avec des paillettes&#160;partiColor\u00ae.&#160;<\/p>\n<p>Convient aux rev\u00eatements conformes aux certifications Eurofins \u00ab Indoor Air Comfort \u00bb et \u00ab Gold \u00bb.<\/p>\n","width":"4","background_color_text":"bg-white","border_color":"border-gray-light"},{"text":"<p class=\"product-sicing-title\" style=\"text-align: center;\"><strong>Unit\u00e9s d'emballage<\/strong><\/p>\n<ul>\n<li>AK6946-50 &#8211; Combinaison Seau 10,00 kg<\/li>\n<li>AK6946-25 &#8211; Hobbock combo 25,00 kg<\/li>\n<\/ul>\n<p><\/p>\n<p>N&rsquo;h\u00e9sitez pas \u00e0 contacter directement pour toute demande concernant des quantit\u00e9s de livraison ou des unit\u00e9s de conditionnement plus importantes.<\/p>\n\n","width":"4","background_color_text":"bg-white","border_color":"border-gray-light"},{"text":"<p class=\"product-attr-title\" style=\"text-align: center;\"><strong>Propri\u00e9t\u00e9s<\/strong><\/p>\n<ul>\n<li>qualit\u00e9 contr\u00f4l\u00e9e, \u00e0 faible \u00e9mission<\/li>\n<li>Total Solid selon GISCODE (m\u00e9thode d&rsquo;essai de \u00ab Deutsche Bauchemie \u00bb, l&rsquo;association all. pour la chimie de construction)<\/li>\n<li>incolore, brillant<\/li>\n<li>bonne r\u00e9sistance \u00e0 l&rsquo;eau et aux produits chimiques<\/li>\n<li>convenable pour les pi\u00e8ces humides<\/li>\n<li>bonne r\u00e9sistance aux plastifiants<\/li>\n<li>pour les espaces int\u00e9rieures et ext\u00e9rieures<\/li>\n<li>r\u00e9sistant de teinte<\/li>\n<\/ul>\n","width":"4","background_color_text":"bg-white","border_color":"border-gray-light"}],"background_color":"bg-none","background_color_content":"bg-none"}},"downloads":{"module_download_list":{"inhalt":null,"downloads":[{"download":{"ID":66600,"id":66600,"title":"PU_484_PI_fr_2025_07","filename":"PU_484_PI_fr_2025_07.pdf","filesize":1820776,"url":"https:\/\/dev.klb-koetztal.de\/app\/uploads\/2025\/07\/PU_484_PI_fr_2025_07.pdf","link":"https:\/\/dev.klb-koetztal.de\/fr\/?attachment_id=66600","alt":"","author":"7","description":"","caption":"","name":"pu_484_pi_fr_2025_07-2","status":"inherit","uploaded_to":0,"date":"2025-07-25 06:10:16","modified":"2025-07-25 06:10:16","menu_order":0,"mime_type":"application\/pdf","type":"application","subtype":"pdf","icon":"https:\/\/dev.klb-koetztal.de\/wp\/wp-includes\/images\/media\/document.png"},"filename":"Information produit","protected":false,"doclang":"FR","externalkey":"Produktinformation","docpos":"3"},{"download":{"ID":68017,"id":68017,"title":"PU_484_LE_en_2025_11","filename":"PU_484_LE_en_2025_11.pdf","filesize":779928,"url":"https:\/\/dev.klb-koetztal.de\/app\/uploads\/2025\/11\/PU_484_LE_en_2025_11.pdf","link":"https:\/\/dev.klb-koetztal.de\/fr\/?attachment_id=68017","alt":"","author":"7","description":"","caption":"","name":"pu_484_le_en_2025_11-2","status":"inherit","uploaded_to":0,"date":"2025-11-04 13:30:30","modified":"2025-11-04 13:30:30","menu_order":0,"mime_type":"application\/pdf","type":"application","subtype":"pdf","icon":"https:\/\/dev.klb-koetztal.de\/wp\/wp-includes\/images\/media\/document.png"},"filename":"Statement of performance","protected":false,"doclang":"GB","externalkey":"Leistungserklaerung","docpos":"2"},{"download":{"ID":68020,"id":68020,"title":"PU_484_LE_fr_2025_11","filename":"PU_484_LE_fr_2025_11.pdf","filesize":785800,"url":"https:\/\/dev.klb-koetztal.de\/app\/uploads\/2025\/11\/PU_484_LE_fr_2025_11.pdf","link":"https:\/\/dev.klb-koetztal.de\/fr\/?attachment_id=68020","alt":"","author":"7","description":"","caption":"","name":"pu_484_le_fr_2025_11-2","status":"inherit","uploaded_to":0,"date":"2025-11-04 13:40:44","modified":"2025-11-04 13:40:44","menu_order":0,"mime_type":"application\/pdf","type":"application","subtype":"pdf","icon":"https:\/\/dev.klb-koetztal.de\/wp\/wp-includes\/images\/media\/document.png"},"filename":"D\u00e9claration de performance","protected":false,"doclang":"FR","externalkey":"Leistungserklaerung","docpos":"3"},{"download":{"ID":58647,"id":58647,"title":"PU484_Umwelt-Deklaration_2022-06","filename":"PU484_Umwelt-Deklaration_2022-06.pdf","filesize":4359550,"url":"https:\/\/dev.klb-koetztal.de\/app\/uploads\/2023\/10\/PU484_Umwelt-Deklaration_2022-06.pdf","link":"https:\/\/dev.klb-koetztal.de\/fr\/?attachment_id=58647","alt":"","author":"7","description":"","caption":"","name":"pu484_umwelt-deklaration_2022-06-2","status":"inherit","uploaded_to":0,"date":"2023-10-17 09:50:22","modified":"2023-10-17 09:50:22","menu_order":0,"mime_type":"application\/pdf","type":"application","subtype":"pdf","icon":"https:\/\/dev.klb-koetztal.de\/wp\/wp-includes\/images\/media\/document.png"},"filename":"D\u00e9clarations de produit environnemental (EPD)","protected":false,"doclang":"Multi","externalkey":"Umweltproduktdeklaration","docpos":"50"},{"download":false,"filename":"Fiche de donn\u00e9es de s\u00e9curit\u00e9","protected":true,"doclang":"FR","externalkey":"Sicherheitsdatenblatt","docpos":"3"}],"einstellungen":null,"background_color":"bg-none","background_color_content":"bg-none"}},"included_in_systems":{"module_included_in_systems":{"":null,"background_color":"bg-gray-medium","background_color_content":"bg-none"}},"contact":{"module_contact":{"":null,"background_color":"bg-none","background_color_content":"bg-none"}},"ausschreibende":{"module_ausschreibende":{"andern_sie_den_inhalt_unter_universelle_elemente":null,"background_color":"bg-none","background_color_content":"bg-none"}}},"yoast_head":"<!-- This site is optimized with the Yoast SEO plugin v27.0 - https:\/\/yoast.com\/product\/yoast-seo-wordpress\/ -->\n<title>Couche de finition et transparente PU 484 | KLB K\u00f6tztal<\/title>\n<meta name=\"description\" content=\"Couche de finition et transparente PU 484 incolore, stable \u00e0 lumi\u00e8re | KLB rev\u00eatement de sol \u2714\ufe0fsurfaces lisses ou saupoudr\u00e9es avec paillettes\u00a0partiColor\u00ae\" \/>\n<meta name=\"robots\" content=\"noindex, follow, max-snippet:-1, max-image-preview:large, max-video-preview:-1\" \/>\n<meta property=\"og:locale\" content=\"fr_FR\" \/>\n<meta property=\"og:type\" content=\"article\" \/>\n<meta property=\"og:title\" content=\"Couche de finition et transparente PU 484 | KLB K\u00f6tztal\" \/>\n<meta property=\"og:description\" content=\"Couche de finition et transparente PU 484 incolore, stable \u00e0 lumi\u00e8re | KLB rev\u00eatement de sol \u2714\ufe0fsurfaces lisses ou saupoudr\u00e9es avec paillettes\u00a0partiColor\u00ae\" \/>\n<meta property=\"og:url\" content=\"https:\/\/dev.klb-koetztal.de\/fr\/produkt\/klb-system-polyurethan-pu-484\/\" \/>\n<meta property=\"og:site_name\" content=\"KLB K\u00f6tztal\" \/>\n<meta property=\"article:publisher\" content=\"https:\/\/www.facebook.com\/klbkoetztal\" \/>\n<meta property=\"article:modified_time\" content=\"2026-03-16T13:19:42+00:00\" \/>\n<meta property=\"og:image\" content=\"https:\/\/dev.klb-koetztal.de\/app\/uploads\/2022\/03\/PU484.jpg\" \/>\n\t<meta property=\"og:image:width\" content=\"500\" \/>\n\t<meta property=\"og:image:height\" content=\"500\" \/>\n\t<meta property=\"og:image:type\" content=\"image\/jpeg\" \/>\n<meta name=\"twitter:card\" content=\"summary_large_image\" \/>\n<script type=\"application\/ld+json\" class=\"yoast-schema-graph\">{\"@context\":\"https:\/\/schema.org\",\"@graph\":[{\"@type\":\"WebPage\",\"@id\":\"https:\/\/dev.klb-koetztal.de\/fr\/produkt\/klb-system-polyurethan-pu-484\/\",\"url\":\"https:\/\/dev.klb-koetztal.de\/fr\/produkt\/klb-system-polyurethan-pu-484\/\",\"name\":\"Couche de finition et transparente PU 484 | KLB K\u00f6tztal\",\"isPartOf\":{\"@id\":\"https:\/\/dev.klb-koetztal.de\/fr\/#website\"},\"primaryImageOfPage\":{\"@id\":\"https:\/\/dev.klb-koetztal.de\/fr\/produkt\/klb-system-polyurethan-pu-484\/#primaryimage\"},\"image\":{\"@id\":\"https:\/\/dev.klb-koetztal.de\/fr\/produkt\/klb-system-polyurethan-pu-484\/#primaryimage\"},\"thumbnailUrl\":\"https:\/\/dev.klb-koetztal.de\/app\/uploads\/2022\/03\/PU484.jpg\",\"datePublished\":\"2022-03-14T09:58:13+00:00\",\"dateModified\":\"2026-03-16T13:19:42+00:00\",\"description\":\"Couche de finition et transparente PU 484 incolore, stable \u00e0 lumi\u00e8re | KLB rev\u00eatement de sol \u2714\ufe0fsurfaces lisses ou saupoudr\u00e9es avec paillettes\u00a0partiColor\u00ae\",\"breadcrumb\":{\"@id\":\"https:\/\/dev.klb-koetztal.de\/fr\/produkt\/klb-system-polyurethan-pu-484\/#breadcrumb\"},\"inLanguage\":\"fr-FR\",\"potentialAction\":[{\"@type\":\"ReadAction\",\"target\":[\"https:\/\/dev.klb-koetztal.de\/fr\/produkt\/klb-system-polyurethan-pu-484\/\"]}]},{\"@type\":\"ImageObject\",\"inLanguage\":\"fr-FR\",\"@id\":\"https:\/\/dev.klb-koetztal.de\/fr\/produkt\/klb-system-polyurethan-pu-484\/#primaryimage\",\"url\":\"https:\/\/dev.klb-koetztal.de\/app\/uploads\/2022\/03\/PU484.jpg\",\"contentUrl\":\"https:\/\/dev.klb-koetztal.de\/app\/uploads\/2022\/03\/PU484.jpg\",\"width\":500,\"height\":500},{\"@type\":\"BreadcrumbList\",\"@id\":\"https:\/\/dev.klb-koetztal.de\/fr\/produkt\/klb-system-polyurethan-pu-484\/#breadcrumb\",\"itemListElement\":[{\"@type\":\"ListItem\",\"position\":1,\"name\":\"Startseite\",\"item\":\"https:\/\/dev.klb-koetztal.de\/fr\/\"},{\"@type\":\"ListItem\",\"position\":2,\"name\":\"KLB-SYSTEM POLYURETHAN PU 484\"}]},{\"@type\":\"WebSite\",\"@id\":\"https:\/\/dev.klb-koetztal.de\/fr\/#website\",\"url\":\"https:\/\/dev.klb-koetztal.de\/fr\/\",\"name\":\"KLB K\u00f6tztal\",\"description\":\"Gute B\u00f6den haben ein System.\",\"potentialAction\":[{\"@type\":\"SearchAction\",\"target\":{\"@type\":\"EntryPoint\",\"urlTemplate\":\"https:\/\/dev.klb-koetztal.de\/fr\/?s={search_term_string}\"},\"query-input\":{\"@type\":\"PropertyValueSpecification\",\"valueRequired\":true,\"valueName\":\"search_term_string\"}}],\"inLanguage\":\"fr-FR\"}]}<\/script>\n<!-- \/ Yoast SEO plugin. -->","yoast_head_json":{"title":"Couche de finition et transparente PU 484 | KLB K\u00f6tztal","description":"Couche de finition et transparente PU 484 incolore, stable \u00e0 lumi\u00e8re | KLB rev\u00eatement de sol \u2714\ufe0fsurfaces lisses ou saupoudr\u00e9es avec paillettes\u00a0partiColor\u00ae","robots":{"index":"noindex","follow":"follow","max-snippet":"max-snippet:-1","max-image-preview":"max-image-preview:large","max-video-preview":"max-video-preview:-1"},"og_locale":"fr_FR","og_type":"article","og_title":"Couche de finition et transparente PU 484 | KLB K\u00f6tztal","og_description":"Couche de finition et transparente PU 484 incolore, stable \u00e0 lumi\u00e8re | KLB rev\u00eatement de sol \u2714\ufe0fsurfaces lisses ou saupoudr\u00e9es avec paillettes\u00a0partiColor\u00ae","og_url":"https:\/\/dev.klb-koetztal.de\/fr\/produkt\/klb-system-polyurethan-pu-484\/","og_site_name":"KLB K\u00f6tztal","article_publisher":"https:\/\/www.facebook.com\/klbkoetztal","article_modified_time":"2026-03-16T13:19:42+00:00","og_image":[{"width":500,"height":500,"url":"https:\/\/dev.klb-koetztal.de\/app\/uploads\/2022\/03\/PU484.jpg","type":"image\/jpeg"}],"twitter_card":"summary_large_image","schema":{"@context":"https:\/\/schema.org","@graph":[{"@type":"WebPage","@id":"https:\/\/dev.klb-koetztal.de\/fr\/produkt\/klb-system-polyurethan-pu-484\/","url":"https:\/\/dev.klb-koetztal.de\/fr\/produkt\/klb-system-polyurethan-pu-484\/","name":"Couche de finition et transparente PU 484 | KLB K\u00f6tztal","isPartOf":{"@id":"https:\/\/dev.klb-koetztal.de\/fr\/#website"},"primaryImageOfPage":{"@id":"https:\/\/dev.klb-koetztal.de\/fr\/produkt\/klb-system-polyurethan-pu-484\/#primaryimage"},"image":{"@id":"https:\/\/dev.klb-koetztal.de\/fr\/produkt\/klb-system-polyurethan-pu-484\/#primaryimage"},"thumbnailUrl":"https:\/\/dev.klb-koetztal.de\/app\/uploads\/2022\/03\/PU484.jpg","datePublished":"2022-03-14T09:58:13+00:00","dateModified":"2026-03-16T13:19:42+00:00","description":"Couche de finition et transparente PU 484 incolore, stable \u00e0 lumi\u00e8re | KLB rev\u00eatement de sol \u2714\ufe0fsurfaces lisses ou saupoudr\u00e9es avec paillettes\u00a0partiColor\u00ae","breadcrumb":{"@id":"https:\/\/dev.klb-koetztal.de\/fr\/produkt\/klb-system-polyurethan-pu-484\/#breadcrumb"},"inLanguage":"fr-FR","potentialAction":[{"@type":"ReadAction","target":["https:\/\/dev.klb-koetztal.de\/fr\/produkt\/klb-system-polyurethan-pu-484\/"]}]},{"@type":"ImageObject","inLanguage":"fr-FR","@id":"https:\/\/dev.klb-koetztal.de\/fr\/produkt\/klb-system-polyurethan-pu-484\/#primaryimage","url":"https:\/\/dev.klb-koetztal.de\/app\/uploads\/2022\/03\/PU484.jpg","contentUrl":"https:\/\/dev.klb-koetztal.de\/app\/uploads\/2022\/03\/PU484.jpg","width":500,"height":500},{"@type":"BreadcrumbList","@id":"https:\/\/dev.klb-koetztal.de\/fr\/produkt\/klb-system-polyurethan-pu-484\/#breadcrumb","itemListElement":[{"@type":"ListItem","position":1,"name":"Startseite","item":"https:\/\/dev.klb-koetztal.de\/fr\/"},{"@type":"ListItem","position":2,"name":"KLB-SYSTEM POLYURETHAN PU 484"}]},{"@type":"WebSite","@id":"https:\/\/dev.klb-koetztal.de\/fr\/#website","url":"https:\/\/dev.klb-koetztal.de\/fr\/","name":"KLB K\u00f6tztal","description":"Gute B\u00f6den haben ein System.","potentialAction":[{"@type":"SearchAction","target":{"@type":"EntryPoint","urlTemplate":"https:\/\/dev.klb-koetztal.de\/fr\/?s={search_term_string}"},"query-input":{"@type":"PropertyValueSpecification","valueRequired":true,"valueName":"search_term_string"}}],"inLanguage":"fr-FR"}]}},"_links":{"self":[{"href":"https:\/\/dev.klb-koetztal.de\/fr\/wp-json\/wp\/v2\/product\/49529","targetHints":{"allow":["GET"]}}],"collection":[{"href":"https:\/\/dev.klb-koetztal.de\/fr\/wp-json\/wp\/v2\/product"}],"about":[{"href":"https:\/\/dev.klb-koetztal.de\/fr\/wp-json\/wp\/v2\/types\/product"}],"wp:featuredmedia":[{"embeddable":true,"href":"https:\/\/dev.klb-koetztal.de\/fr\/wp-json\/wp\/v2\/media\/49531"}],"wp:attachment":[{"href":"https:\/\/dev.klb-koetztal.de\/fr\/wp-json\/wp\/v2\/media?parent=49529"}],"wp:term":[{"taxonomy":"product_brand","embeddable":true,"href":"https:\/\/dev.klb-koetztal.de\/fr\/wp-json\/wp\/v2\/product_brand?post=49529"},{"taxonomy":"product_cat","embeddable":true,"href":"https:\/\/dev.klb-koetztal.de\/fr\/wp-json\/wp\/v2\/product_cat?post=49529"},{"taxonomy":"product_tag","embeddable":true,"href":"https:\/\/dev.klb-koetztal.de\/fr\/wp-json\/wp\/v2\/product_tag?post=49529"}],"curies":[{"name":"wp","href":"https:\/\/api.w.org\/{rel}","templated":true}]}}