{"id":49517,"date":"2022-03-14T10:58:02","date_gmt":"2022-03-14T09:58:02","guid":{"rendered":"https:\/\/dev.klb-koetztal.de\/produkt\/klb-system-epoxid-ep-785-el\/"},"modified":"2026-03-16T14:24:55","modified_gmt":"2026-03-16T13:24:55","slug":"klb-system-epoxid-ep-785-el-2","status":"publish","type":"product","link":"https:\/\/dev.klb-koetztal.de\/fr\/produkt\/klb-system-epoxid-ep-785-el-2\/","title":{"rendered":"KLB-SYSTEM EPOXID EP 785 EL+"},"content":{"rendered":"","protected":false},"excerpt":{"rendered":"<p>Rev\u00eatement autolissant \u00e0 l&rsquo;\u00e9mulsion en r\u00e9sine \u00e9poxy \u00e0 2 composants&#160;\u00e0 faible \u00e9mission et perm\u00e9able \u00e0 la vapeur \u2013 seulement conducteur en combinaison avec EP 799. Convient pour les rev\u00eatements commerciaux avec des exigences de protection antid\u00e9flagrante, de protection pesonnelle et contre les d\u00e9charges \u00e9lectrostatiques sur les substrats rigides n\u00e9cessitant un rev\u00eatement perm\u00e9able (les chapes en magn\u00e9sie, le sulfate de calcium, les substrats en contact avec le sol ou tr\u00e8s&#160;humides).<br \/>\nConforme \u00e0&#160;l&rsquo;AgBB pour les pi\u00e8ces de s\u00e9jour. Certifi\u00e9 par Eurofins \u00ab Indoor Air Comfort Gold \u00bb, comme \u00e9tant&#160;particuli\u00e8rement faible en \u00e9missions.<\/p>\n","protected":false},"featured_media":49519,"template":"","meta":{"_acf_changed":false},"product_brand":[],"product_cat":[10042,10057,10064],"product_tag":[],"class_list":{"0":"post-49517","1":"product","2":"type-product","3":"status-publish","4":"has-post-thumbnail","6":"product_cat-revetements","7":"product_cat-revetements_revetements-et-scellements-permeables-a-la-diffusion-de-vapeur","8":"product_cat-revetements_revetements-dissipateurs-protection-individuelle-et-antideflagrante","10":"first","11":"instock","12":"shipping-taxable","13":"product-type-simple"},"acf":{"product_header":{"module_product_header":{"":null,"prototype_headline":{"headline":"KLB-SYSTEM EPOXID EP 785 EL+","h1":true,"subheadline":"Rev\u00eatement autolissant \u00e0 l'\u00e9mulsion en r\u00e9sine \u00e9poxy \u00e0 2 composants \u00e0 faible \u00e9mission, perm\u00e9able \u00e0 la vapeur d\u2018eau et dissipateur&#160;","anchor":"","url":""},"grid_text_slider":false,"grid_text_content":[{"text":"<p class=\"product-short-title\" style=\"text-align: center;\"><strong>Br\u00e8ve description<\/strong><\/p>\n<p>Rev\u00eatement autolissant \u00e0 l&rsquo;\u00e9mulsion en r\u00e9sine \u00e9poxy \u00e0 2 composants&#160;\u00e0 faible \u00e9mission et perm\u00e9able \u00e0 la vapeur \u2013 seulement conducteur en combinaison avec EP 799. Convient pour les rev\u00eatements commerciaux avec des exigences de protection antid\u00e9flagrante, de protection pesonnelle et contre les d\u00e9charges \u00e9lectrostatiques sur les substrats rigides n\u00e9cessitant un rev\u00eatement perm\u00e9able (les chapes en magn\u00e9sie, le sulfate de calcium, les substrats en contact avec le sol ou tr\u00e8s&#160;humides).<\/p>\n<p>Conforme \u00e0&#160;l&rsquo;AgBB pour les pi\u00e8ces de s\u00e9jour. Certifi\u00e9 par Eurofins \u00ab Indoor Air Comfort Gold \u00bb, comme \u00e9tant&#160;particuli\u00e8rement faible en \u00e9missions.<\/p>\n","width":"4","background_color_text":"bg-white","border_color":"border-gray-light"},{"text":"<p class=\"product-sicing-title\" style=\"text-align: center;\"><strong>Unit\u00e9s d'emballage<\/strong><\/p>\n<ul>\n<li>AK2741-48 &#8211; Combinaison Seau 11,00 kg<\/li>\n<li>AK2750-30 &#8211; Combinaison Hobbock 30,00 kg<\/li>\n<\/ul>\n<p><\/p>\n<p>N&rsquo;h\u00e9sitez pas \u00e0 contacter directement pour toute demande concernant des quantit\u00e9s de livraison ou des unit\u00e9s de conditionnement plus importantes.<\/p>\n\n","width":"4","background_color_text":"bg-white","border_color":"border-gray-light"},{"text":"<p class=\"product-attr-title\" style=\"text-align: center;\"><strong>Propri\u00e9t\u00e9s<\/strong><\/p>\n<ul>\n<li>\u00e9lectro-dissipateur<\/li>\n<li>pr\u00eat \u00e0 l&#8217;emploi<\/li>\n<li>qualit\u00e9 contr\u00f4l\u00e9e, \u00e0 faible \u00e9mission<\/li>\n<li>inodore<\/li>\n<li>respectueux de l&rsquo;environnement<\/li>\n<li>perm\u00e9able \u00e0 la vapeur d&rsquo;eau<\/li>\n<li>mat<\/li>\n<\/ul>\n","width":"4","background_color_text":"bg-white","border_color":"border-gray-light"}],"background_color":"bg-none","background_color_content":"bg-none"}},"downloads":{"module_download_list":{"inhalt":null,"downloads":[{"download":{"ID":65008,"id":65008,"title":"EP_785_EL_plus_PI_fr_2025_04","filename":"EP_785_EL_plus_PI_fr_2025_04.pdf","filesize":316910,"url":"https:\/\/dev.klb-koetztal.de\/app\/uploads\/2025\/04\/EP_785_EL_plus_PI_fr_2025_04.pdf","link":"https:\/\/dev.klb-koetztal.de\/fr\/?attachment_id=65008","alt":"","author":"7","description":"","caption":"","name":"ep_785_el_plus_pi_fr_2025_04-2","status":"inherit","uploaded_to":0,"date":"2025-04-17 12:51:21","modified":"2025-04-17 12:51:21","menu_order":0,"mime_type":"application\/pdf","type":"application","subtype":"pdf","icon":"https:\/\/dev.klb-koetztal.de\/wp\/wp-includes\/images\/media\/document.png"},"filename":"Information produit","protected":false,"doclang":"FR","externalkey":"Produktinformation","docpos":"3"},{"download":{"ID":49521,"id":49521,"title":"Leistungserkl\u00e4rung - Statement of performance","filename":"EP785_EL_LE_2013-04.pdf","filesize":170304,"url":"https:\/\/dev.klb-koetztal.de\/app\/uploads\/2022\/03\/EP785_EL_LE_2013-04.pdf","link":"https:\/\/dev.klb-koetztal.de\/fr\/?attachment_id=49521","alt":"","author":"7","description":"","caption":"","name":"ep785_el_le_2013-04","status":"inherit","uploaded_to":0,"date":"2022-03-14 09:58:06","modified":"2026-03-16 13:25:01","menu_order":0,"mime_type":"application\/pdf","type":"application","subtype":"pdf","icon":"https:\/\/dev.klb-koetztal.de\/wp\/wp-includes\/images\/media\/document.png"},"filename":"D\u00e9claration de performance","protected":false,"doclang":"Multi","externalkey":"Leistungserklaerung","docpos":"50"},{"download":{"ID":52056,"id":52056,"title":"EP785_EL_plus_Umwelt-Deklaration_2022-08","filename":"EP785_EL_plus_Umwelt-Deklaration_2022-08.pdf","filesize":2343106,"url":"https:\/\/dev.klb-koetztal.de\/app\/uploads\/2022\/09\/EP785_EL_plus_Umwelt-Deklaration_2022-08.pdf","link":"https:\/\/dev.klb-koetztal.de\/fr\/?attachment_id=52056","alt":"","author":"7","description":"","caption":"","name":"ep785_el_plus_umwelt-deklaration_2022-08-2","status":"inherit","uploaded_to":0,"date":"2022-09-01 11:36:10","modified":"2022-09-01 11:36:10","menu_order":0,"mime_type":"application\/pdf","type":"application","subtype":"pdf","icon":"https:\/\/dev.klb-koetztal.de\/wp\/wp-includes\/images\/media\/document.png"},"filename":"D\u00e9clarations de produit environnemental (EPD)","protected":false,"doclang":"Multi","externalkey":"Umweltproduktdeklaration","docpos":"50"},{"download":false,"filename":"Fiche de donn\u00e9es de s\u00e9curit\u00e9","protected":true,"doclang":"FR","externalkey":"Sicherheitsdatenblatt","docpos":"3"}],"einstellungen":null,"background_color":"bg-none","background_color_content":"bg-none"}},"included_in_systems":{"module_included_in_systems":{"":null,"background_color":"bg-gray-medium","background_color_content":"bg-none"}},"contact":{"module_contact":{"":null,"background_color":"bg-none","background_color_content":"bg-none"}},"ausschreibende":{"module_ausschreibende":{"andern_sie_den_inhalt_unter_universelle_elemente":null,"background_color":"bg-none","background_color_content":"bg-none"}}},"yoast_head":"<!-- This site is optimized with the Yoast SEO plugin v27.0 - https:\/\/yoast.com\/product\/yoast-seo-wordpress\/ -->\n<title>Rev\u00eatement EP 785 EL+ diffusible, dissipateur EP 785 EL+ | KLB<\/title>\n<meta name=\"description\" content=\"Rev\u00eatement en \u00e9mulsion EP 785 EL+ perm\u00e9able \u00e0 la vapeur, conducteur, faible en COV pour l&#039;humidit\u00e9 ascendante | KLB rev\u00eatements \u2714\ufe0f AgBB, Eurofins\" \/>\n<meta name=\"robots\" content=\"noindex, follow, max-snippet:-1, max-image-preview:large, max-video-preview:-1\" \/>\n<meta property=\"og:locale\" content=\"fr_FR\" \/>\n<meta property=\"og:type\" content=\"article\" \/>\n<meta property=\"og:title\" content=\"Rev\u00eatement EP 785 EL+ diffusible, dissipateur EP 785 EL+ | KLB\" \/>\n<meta property=\"og:description\" content=\"Rev\u00eatement en \u00e9mulsion EP 785 EL+ perm\u00e9able \u00e0 la vapeur, conducteur, faible en COV pour l&#039;humidit\u00e9 ascendante | KLB rev\u00eatements \u2714\ufe0f AgBB, Eurofins\" \/>\n<meta property=\"og:url\" content=\"https:\/\/dev.klb-koetztal.de\/fr\/produkt\/klb-system-epoxid-ep-785-el-2\/\" \/>\n<meta property=\"og:site_name\" content=\"KLB K\u00f6tztal\" \/>\n<meta property=\"article:publisher\" content=\"https:\/\/www.facebook.com\/klbkoetztal\" \/>\n<meta property=\"article:modified_time\" content=\"2026-03-16T13:24:55+00:00\" \/>\n<meta property=\"og:image\" content=\"https:\/\/dev.klb-koetztal.de\/app\/uploads\/2022\/03\/EP785_EL.jpg\" \/>\n\t<meta property=\"og:image:width\" content=\"500\" \/>\n\t<meta property=\"og:image:height\" content=\"500\" \/>\n\t<meta property=\"og:image:type\" content=\"image\/jpeg\" \/>\n<meta name=\"twitter:card\" content=\"summary_large_image\" \/>\n<script type=\"application\/ld+json\" class=\"yoast-schema-graph\">{\"@context\":\"https:\/\/schema.org\",\"@graph\":[{\"@type\":\"WebPage\",\"@id\":\"https:\/\/dev.klb-koetztal.de\/fr\/produkt\/klb-system-epoxid-ep-785-el-2\/\",\"url\":\"https:\/\/dev.klb-koetztal.de\/fr\/produkt\/klb-system-epoxid-ep-785-el-2\/\",\"name\":\"Rev\u00eatement EP 785 EL+ diffusible, dissipateur EP 785 EL+ | KLB\",\"isPartOf\":{\"@id\":\"https:\/\/dev.klb-koetztal.de\/fr\/#website\"},\"primaryImageOfPage\":{\"@id\":\"https:\/\/dev.klb-koetztal.de\/fr\/produkt\/klb-system-epoxid-ep-785-el-2\/#primaryimage\"},\"image\":{\"@id\":\"https:\/\/dev.klb-koetztal.de\/fr\/produkt\/klb-system-epoxid-ep-785-el-2\/#primaryimage\"},\"thumbnailUrl\":\"https:\/\/dev.klb-koetztal.de\/app\/uploads\/2022\/03\/EP785_EL.jpg\",\"datePublished\":\"2022-03-14T09:58:02+00:00\",\"dateModified\":\"2026-03-16T13:24:55+00:00\",\"description\":\"Rev\u00eatement en \u00e9mulsion EP 785 EL+ perm\u00e9able \u00e0 la vapeur, conducteur, faible en COV pour l'humidit\u00e9 ascendante | KLB rev\u00eatements \u2714\ufe0f AgBB, Eurofins\",\"breadcrumb\":{\"@id\":\"https:\/\/dev.klb-koetztal.de\/fr\/produkt\/klb-system-epoxid-ep-785-el-2\/#breadcrumb\"},\"inLanguage\":\"fr-FR\",\"potentialAction\":[{\"@type\":\"ReadAction\",\"target\":[\"https:\/\/dev.klb-koetztal.de\/fr\/produkt\/klb-system-epoxid-ep-785-el-2\/\"]}]},{\"@type\":\"ImageObject\",\"inLanguage\":\"fr-FR\",\"@id\":\"https:\/\/dev.klb-koetztal.de\/fr\/produkt\/klb-system-epoxid-ep-785-el-2\/#primaryimage\",\"url\":\"https:\/\/dev.klb-koetztal.de\/app\/uploads\/2022\/03\/EP785_EL.jpg\",\"contentUrl\":\"https:\/\/dev.klb-koetztal.de\/app\/uploads\/2022\/03\/EP785_EL.jpg\",\"width\":500,\"height\":500},{\"@type\":\"BreadcrumbList\",\"@id\":\"https:\/\/dev.klb-koetztal.de\/fr\/produkt\/klb-system-epoxid-ep-785-el-2\/#breadcrumb\",\"itemListElement\":[{\"@type\":\"ListItem\",\"position\":1,\"name\":\"Startseite\",\"item\":\"https:\/\/dev.klb-koetztal.de\/fr\/\"},{\"@type\":\"ListItem\",\"position\":2,\"name\":\"KLB-SYSTEM EPOXID EP 785 EL+\"}]},{\"@type\":\"WebSite\",\"@id\":\"https:\/\/dev.klb-koetztal.de\/fr\/#website\",\"url\":\"https:\/\/dev.klb-koetztal.de\/fr\/\",\"name\":\"KLB K\u00f6tztal\",\"description\":\"Gute B\u00f6den haben ein System.\",\"potentialAction\":[{\"@type\":\"SearchAction\",\"target\":{\"@type\":\"EntryPoint\",\"urlTemplate\":\"https:\/\/dev.klb-koetztal.de\/fr\/?s={search_term_string}\"},\"query-input\":{\"@type\":\"PropertyValueSpecification\",\"valueRequired\":true,\"valueName\":\"search_term_string\"}}],\"inLanguage\":\"fr-FR\"}]}<\/script>\n<!-- \/ Yoast SEO plugin. -->","yoast_head_json":{"title":"Rev\u00eatement EP 785 EL+ diffusible, dissipateur EP 785 EL+ | KLB","description":"Rev\u00eatement en \u00e9mulsion EP 785 EL+ perm\u00e9able \u00e0 la vapeur, conducteur, faible en COV pour l'humidit\u00e9 ascendante | KLB rev\u00eatements \u2714\ufe0f AgBB, Eurofins","robots":{"index":"noindex","follow":"follow","max-snippet":"max-snippet:-1","max-image-preview":"max-image-preview:large","max-video-preview":"max-video-preview:-1"},"og_locale":"fr_FR","og_type":"article","og_title":"Rev\u00eatement EP 785 EL+ diffusible, dissipateur EP 785 EL+ | KLB","og_description":"Rev\u00eatement en \u00e9mulsion EP 785 EL+ perm\u00e9able \u00e0 la vapeur, conducteur, faible en COV pour l'humidit\u00e9 ascendante | KLB rev\u00eatements \u2714\ufe0f AgBB, Eurofins","og_url":"https:\/\/dev.klb-koetztal.de\/fr\/produkt\/klb-system-epoxid-ep-785-el-2\/","og_site_name":"KLB K\u00f6tztal","article_publisher":"https:\/\/www.facebook.com\/klbkoetztal","article_modified_time":"2026-03-16T13:24:55+00:00","og_image":[{"width":500,"height":500,"url":"https:\/\/dev.klb-koetztal.de\/app\/uploads\/2022\/03\/EP785_EL.jpg","type":"image\/jpeg"}],"twitter_card":"summary_large_image","schema":{"@context":"https:\/\/schema.org","@graph":[{"@type":"WebPage","@id":"https:\/\/dev.klb-koetztal.de\/fr\/produkt\/klb-system-epoxid-ep-785-el-2\/","url":"https:\/\/dev.klb-koetztal.de\/fr\/produkt\/klb-system-epoxid-ep-785-el-2\/","name":"Rev\u00eatement EP 785 EL+ diffusible, dissipateur EP 785 EL+ | KLB","isPartOf":{"@id":"https:\/\/dev.klb-koetztal.de\/fr\/#website"},"primaryImageOfPage":{"@id":"https:\/\/dev.klb-koetztal.de\/fr\/produkt\/klb-system-epoxid-ep-785-el-2\/#primaryimage"},"image":{"@id":"https:\/\/dev.klb-koetztal.de\/fr\/produkt\/klb-system-epoxid-ep-785-el-2\/#primaryimage"},"thumbnailUrl":"https:\/\/dev.klb-koetztal.de\/app\/uploads\/2022\/03\/EP785_EL.jpg","datePublished":"2022-03-14T09:58:02+00:00","dateModified":"2026-03-16T13:24:55+00:00","description":"Rev\u00eatement en \u00e9mulsion EP 785 EL+ perm\u00e9able \u00e0 la vapeur, conducteur, faible en COV pour l'humidit\u00e9 ascendante | KLB rev\u00eatements \u2714\ufe0f AgBB, Eurofins","breadcrumb":{"@id":"https:\/\/dev.klb-koetztal.de\/fr\/produkt\/klb-system-epoxid-ep-785-el-2\/#breadcrumb"},"inLanguage":"fr-FR","potentialAction":[{"@type":"ReadAction","target":["https:\/\/dev.klb-koetztal.de\/fr\/produkt\/klb-system-epoxid-ep-785-el-2\/"]}]},{"@type":"ImageObject","inLanguage":"fr-FR","@id":"https:\/\/dev.klb-koetztal.de\/fr\/produkt\/klb-system-epoxid-ep-785-el-2\/#primaryimage","url":"https:\/\/dev.klb-koetztal.de\/app\/uploads\/2022\/03\/EP785_EL.jpg","contentUrl":"https:\/\/dev.klb-koetztal.de\/app\/uploads\/2022\/03\/EP785_EL.jpg","width":500,"height":500},{"@type":"BreadcrumbList","@id":"https:\/\/dev.klb-koetztal.de\/fr\/produkt\/klb-system-epoxid-ep-785-el-2\/#breadcrumb","itemListElement":[{"@type":"ListItem","position":1,"name":"Startseite","item":"https:\/\/dev.klb-koetztal.de\/fr\/"},{"@type":"ListItem","position":2,"name":"KLB-SYSTEM EPOXID EP 785 EL+"}]},{"@type":"WebSite","@id":"https:\/\/dev.klb-koetztal.de\/fr\/#website","url":"https:\/\/dev.klb-koetztal.de\/fr\/","name":"KLB K\u00f6tztal","description":"Gute B\u00f6den haben ein System.","potentialAction":[{"@type":"SearchAction","target":{"@type":"EntryPoint","urlTemplate":"https:\/\/dev.klb-koetztal.de\/fr\/?s={search_term_string}"},"query-input":{"@type":"PropertyValueSpecification","valueRequired":true,"valueName":"search_term_string"}}],"inLanguage":"fr-FR"}]}},"_links":{"self":[{"href":"https:\/\/dev.klb-koetztal.de\/fr\/wp-json\/wp\/v2\/product\/49517","targetHints":{"allow":["GET"]}}],"collection":[{"href":"https:\/\/dev.klb-koetztal.de\/fr\/wp-json\/wp\/v2\/product"}],"about":[{"href":"https:\/\/dev.klb-koetztal.de\/fr\/wp-json\/wp\/v2\/types\/product"}],"wp:featuredmedia":[{"embeddable":true,"href":"https:\/\/dev.klb-koetztal.de\/fr\/wp-json\/wp\/v2\/media\/49519"}],"wp:attachment":[{"href":"https:\/\/dev.klb-koetztal.de\/fr\/wp-json\/wp\/v2\/media?parent=49517"}],"wp:term":[{"taxonomy":"product_brand","embeddable":true,"href":"https:\/\/dev.klb-koetztal.de\/fr\/wp-json\/wp\/v2\/product_brand?post=49517"},{"taxonomy":"product_cat","embeddable":true,"href":"https:\/\/dev.klb-koetztal.de\/fr\/wp-json\/wp\/v2\/product_cat?post=49517"},{"taxonomy":"product_tag","embeddable":true,"href":"https:\/\/dev.klb-koetztal.de\/fr\/wp-json\/wp\/v2\/product_tag?post=49517"}],"curies":[{"name":"wp","href":"https:\/\/api.w.org\/{rel}","templated":true}]}}