{"id":49504,"date":"2022-03-14T10:57:46","date_gmt":"2022-03-14T09:57:46","guid":{"rendered":"https:\/\/dev.klb-koetztal.de\/produkt\/klb-system-polyurethan-pu-812-e\/"},"modified":"2026-02-25T12:03:08","modified_gmt":"2026-02-25T11:03:08","slug":"klb-system-polyurethan-pu-812-e","status":"publish","type":"product","link":"https:\/\/dev.klb-koetztal.de\/fr\/produkt\/klb-system-polyurethan-pu-812-e\/","title":{"rendered":"KLB-SYSTEM POLYURETHAN PU 812 E"},"content":{"rendered":"","protected":false},"excerpt":{"rendered":"<p>Scellement&#160;pigment\u00e9, \u00e0 faible \u00e9mission, stable \u00e0 la lumi\u00e8re et&#160;\u00e0 base d&rsquo;un syst\u00e8me de dispersion en polyur\u00e9thane de haute qualit\u00e9 avec une facilit\u00e9 de mise en \u0153uvre. Le scellement peut \u00eatre utilis\u00e9 comme scellement final mat et color\u00e9 sur les rev\u00eatements&#160;et enduits&#160;et pr\u00e9sente une tr\u00e8s faible susceptibilit\u00e9 aux taches.<br \/>\nConvient aux rev\u00eatements conformes aux certifications&#160;Eurofins \u00ab&#160;Indoor Air Comfort&#160;\u00bb&#160;et \u00ab Gold \u00bb. Conforme \u00e0&#160;l&rsquo;AgBB,&#160;avec le certificat&#160;EMICODE EC1 Plus.<\/p>\n","protected":false},"featured_media":49506,"template":"","meta":{"_acf_changed":false},"product_brand":[],"product_cat":[10038,10056],"product_tag":[],"class_list":{"0":"post-49504","1":"product","2":"type-product","3":"status-publish","4":"has-post-thumbnail","6":"product_cat-scellements-impregnations","7":"product_cat-scellements-impregnations_scellements-en-polyurethane-a-2-composants-emulsionnes-a-leau","9":"first","10":"instock","11":"shipping-taxable","12":"product-type-simple"},"acf":{"product_header":{"module_product_header":{"":null,"prototype_headline":{"headline":"KLB-SYSTEM POLYURETHAN PU 812 E","h1":true,"subheadline":"Scellement&#160;\u00e0 base de polyur\u00e9thane \u00e0 2 composants, pigment\u00e9, \u00e0 faible \u00e9mission,&#160;respectueux de l'environnement, stable \u00e0 la lumi\u00e8re, avec un aspect mat tr\u00e8s attrayant et une bonne r\u00e9sistance aux taches.","anchor":"","url":""},"grid_text_slider":false,"grid_text_content":[{"text":"<p class=\"product-short-title\" style=\"text-align: center;\"><strong>Br\u00e8ve description<\/strong><\/p>\n<p>Scellement&#160;pigment\u00e9, \u00e0 faible \u00e9mission, stable \u00e0 la lumi\u00e8re et&#160;\u00e0 base d&rsquo;un syst\u00e8me de dispersion en polyur\u00e9thane de haute qualit\u00e9 avec une facilit\u00e9 de mise en \u0153uvre. Le scellement peut \u00eatre utilis\u00e9 comme scellement final mat et color\u00e9 sur les rev\u00eatements&#160;et enduits&#160;et pr\u00e9sente une tr\u00e8s faible susceptibilit\u00e9 aux taches.<\/p>\n<p>Convient aux rev\u00eatements conformes aux certifications&#160;Eurofins \u00ab&#160;Indoor Air Comfort&#160;\u00bb&#160;et \u00ab Gold \u00bb. Conforme \u00e0&#160;l&rsquo;AgBB,&#160;avec le certificat&#160;EMICODE EC1 Plus.<\/p>\n","width":"4","background_color_text":"bg-white","border_color":"border-gray-light"},{"text":"<p class=\"product-sicing-title\" style=\"text-align: center;\"><strong>Unit\u00e9s d'emballage<\/strong><\/p>\n<ul>\n<li>AK6527-70 &#8211; Emballage en kit 5,00 kg<\/li>\n<li>AK6527-40 &#8211; Emballage en kit 10,00 kg<\/li>\n<\/ul>\n<p><\/p>\n<p>N&rsquo;h\u00e9sitez pas \u00e0 contacter directement pour toute demande concernant des quantit\u00e9s de livraison ou des unit\u00e9s de conditionnement plus importantes.<\/p>\n\n","width":"4","background_color_text":"bg-white","border_color":"border-gray-light"},{"text":"<p class=\"product-attr-title\" style=\"text-align: center;\"><strong>Propri\u00e9t\u00e9s<\/strong><\/p>\n<ul>\n<li>certifi\u00e9 selon EMICODE\u00ae  EC 1PLUS<\/li>\n<li>\u00e0 tr\u00e8s faible \u00e9mission<\/li>\n<li>inodore<\/li>\n<li>respectueux de l&rsquo;environnement<\/li>\n<li>perm\u00e9able \u00e0 la vapeur d&rsquo;eau<\/li>\n<li>grande opacit\u00e9<\/li>\n<li>surface homog\u00e8ne<\/li>\n<li>satin\u00e9 mat<\/li>\n<li>tr\u00e8s haute adh\u00e9rence<\/li>\n<li>utilisation simple<\/li>\n<li>r\u00e9sistant \u00e0 l&rsquo;abrasion et \u00e0 l&rsquo;usure<\/li>\n<\/ul>\n","width":"4","background_color_text":"bg-white","border_color":"border-gray-light"}],"background_color":"bg-none","background_color_content":"bg-none"}},"downloads":{"module_download_list":{"inhalt":null,"downloads":[{"download":{"ID":66778,"id":66778,"title":"PU_812_E_PI_fr_2025_08","filename":"PU_812_E_PI_fr_2025_08.pdf","filesize":1854149,"url":"https:\/\/dev.klb-koetztal.de\/app\/uploads\/2025\/08\/PU_812_E_PI_fr_2025_08.pdf","link":"https:\/\/dev.klb-koetztal.de\/fr\/?attachment_id=66778","alt":"","author":"7","description":"","caption":"","name":"pu_812_e_pi_fr_2025_08-2","status":"inherit","uploaded_to":0,"date":"2025-08-01 07:14:20","modified":"2025-08-01 07:14:20","menu_order":0,"mime_type":"application\/pdf","type":"application","subtype":"pdf","icon":"https:\/\/dev.klb-koetztal.de\/wp\/wp-includes\/images\/media\/document.png"},"filename":"Information produit","protected":false,"doclang":"FR","externalkey":"Produktinformation","docpos":"3"},{"download":{"ID":64594,"id":64594,"title":"PU_812_E_LE_en_2025_03","filename":"PU_812_E_LE_en_2025_03.pdf","filesize":962813,"url":"https:\/\/dev.klb-koetztal.de\/app\/uploads\/2025\/03\/PU_812_E_LE_en_2025_03.pdf","link":"https:\/\/dev.klb-koetztal.de\/fr\/?attachment_id=64594","alt":"","author":"7","description":"","caption":"","name":"pu_812_e_le_en_2025_03-2","status":"inherit","uploaded_to":0,"date":"2025-03-14 06:50:14","modified":"2025-03-14 06:50:14","menu_order":0,"mime_type":"application\/pdf","type":"application","subtype":"pdf","icon":"https:\/\/dev.klb-koetztal.de\/wp\/wp-includes\/images\/media\/document.png"},"filename":"Statement of performance","protected":false,"doclang":"GB","externalkey":"Leistungserklaerung","docpos":"2"},{"download":{"ID":49508,"id":49508,"title":"Leistungserkl\u00e4rung - Statement of performance","filename":"PU812E_LE_06-2020.pdf","filesize":202636,"url":"https:\/\/dev.klb-koetztal.de\/app\/uploads\/2022\/03\/PU812E_LE_06-2020.pdf","link":"https:\/\/dev.klb-koetztal.de\/fr\/?attachment_id=49508","alt":"","author":"7","description":"","caption":"","name":"pu812e_le_06-2020","status":"inherit","uploaded_to":0,"date":"2022-03-14 09:57:49","modified":"2026-02-25 11:04:19","menu_order":0,"mime_type":"application\/pdf","type":"application","subtype":"pdf","icon":"https:\/\/dev.klb-koetztal.de\/wp\/wp-includes\/images\/media\/document.png"},"filename":"D\u00e9claration de performance","protected":false,"doclang":"FR","externalkey":"Leistungserklaerung","docpos":"3"},{"download":{"ID":51281,"id":51281,"title":"EPD-Information","filename":"PU812E_Umwelt-Deklaration_2022-06.pdf","filesize":2569100,"url":"https:\/\/dev.klb-koetztal.de\/app\/uploads\/2022\/06\/PU812E_Umwelt-Deklaration_2022-06.pdf","link":"https:\/\/dev.klb-koetztal.de\/fr\/?attachment_id=51281","alt":"","author":"7","description":"","caption":"","name":"pu812e_umwelt-deklaration_2022-06","status":"inherit","uploaded_to":0,"date":"2022-06-23 13:43:01","modified":"2026-02-25 11:03:26","menu_order":0,"mime_type":"application\/pdf","type":"application","subtype":"pdf","icon":"https:\/\/dev.klb-koetztal.de\/wp\/wp-includes\/images\/media\/document.png"},"filename":"D\u00e9clarations de produit environnemental (EPD)","protected":false,"doclang":"Multi","externalkey":"Umweltproduktdeklaration","docpos":"50"},{"download":false,"filename":"Fiche de donn\u00e9es de s\u00e9curit\u00e9","protected":true,"doclang":"FR","externalkey":"Sicherheitsdatenblatt","docpos":"3"}],"einstellungen":null,"background_color":"bg-none","background_color_content":"bg-none"}},"included_in_systems":{"module_included_in_systems":{"":null,"background_color":"bg-gray-medium","background_color_content":"bg-none"}},"contact":{"module_contact":{"":null,"background_color":"bg-none","background_color_content":"bg-none"}},"ausschreibende":{"module_ausschreibende":{"andern_sie_den_inhalt_unter_universelle_elemente":null,"background_color":"bg-none","background_color_content":"bg-none"}}},"yoast_head":"<!-- This site is optimized with the Yoast SEO plugin v27.0 - https:\/\/yoast.com\/product\/yoast-seo-wordpress\/ -->\n<title>Finition de t\u00eate PU 812 E faible COV, stable \u00e0 UV | KLB K\u00f6tztal<\/title>\n<meta name=\"description\" content=\"Scellement mat PU 812 E \u00e9cologique, color\u00e9, stable \u00e0 UV avec faible susceptibilit\u00e9 aux taches | KLB rev\u00eatements r\u00e9sine r\u00e9active \u2714\ufe0f AgBB, EMICODE, Eurofins\" \/>\n<meta name=\"robots\" content=\"noindex, follow, max-snippet:-1, max-image-preview:large, max-video-preview:-1\" \/>\n<meta property=\"og:locale\" content=\"fr_FR\" \/>\n<meta property=\"og:type\" content=\"article\" \/>\n<meta property=\"og:title\" content=\"Finition de t\u00eate PU 812 E faible COV, stable \u00e0 UV | KLB K\u00f6tztal\" \/>\n<meta property=\"og:description\" content=\"Scellement mat PU 812 E \u00e9cologique, color\u00e9, stable \u00e0 UV avec faible susceptibilit\u00e9 aux taches | KLB rev\u00eatements r\u00e9sine r\u00e9active \u2714\ufe0f AgBB, EMICODE, Eurofins\" \/>\n<meta property=\"og:url\" content=\"https:\/\/dev.klb-koetztal.de\/fr\/produkt\/klb-system-polyurethan-pu-812-e\/\" \/>\n<meta property=\"og:site_name\" content=\"KLB K\u00f6tztal\" \/>\n<meta property=\"article:publisher\" content=\"https:\/\/www.facebook.com\/klbkoetztal\" \/>\n<meta property=\"article:modified_time\" content=\"2026-02-25T11:03:08+00:00\" \/>\n<meta property=\"og:image\" content=\"https:\/\/dev.klb-koetztal.de\/app\/uploads\/2022\/03\/PU812_E.jpg\" \/>\n\t<meta property=\"og:image:width\" content=\"500\" \/>\n\t<meta property=\"og:image:height\" content=\"500\" \/>\n\t<meta property=\"og:image:type\" content=\"image\/jpeg\" \/>\n<meta name=\"twitter:card\" content=\"summary_large_image\" \/>\n<script type=\"application\/ld+json\" class=\"yoast-schema-graph\">{\"@context\":\"https:\/\/schema.org\",\"@graph\":[{\"@type\":\"WebPage\",\"@id\":\"https:\/\/dev.klb-koetztal.de\/fr\/produkt\/klb-system-polyurethan-pu-812-e\/\",\"url\":\"https:\/\/dev.klb-koetztal.de\/fr\/produkt\/klb-system-polyurethan-pu-812-e\/\",\"name\":\"Finition de t\u00eate PU 812 E faible COV, stable \u00e0 UV | KLB K\u00f6tztal\",\"isPartOf\":{\"@id\":\"https:\/\/dev.klb-koetztal.de\/fr\/#website\"},\"primaryImageOfPage\":{\"@id\":\"https:\/\/dev.klb-koetztal.de\/fr\/produkt\/klb-system-polyurethan-pu-812-e\/#primaryimage\"},\"image\":{\"@id\":\"https:\/\/dev.klb-koetztal.de\/fr\/produkt\/klb-system-polyurethan-pu-812-e\/#primaryimage\"},\"thumbnailUrl\":\"https:\/\/dev.klb-koetztal.de\/app\/uploads\/2022\/03\/PU812_E.jpg\",\"datePublished\":\"2022-03-14T09:57:46+00:00\",\"dateModified\":\"2026-02-25T11:03:08+00:00\",\"description\":\"Scellement mat PU 812 E \u00e9cologique, color\u00e9, stable \u00e0 UV avec faible susceptibilit\u00e9 aux taches | KLB rev\u00eatements r\u00e9sine r\u00e9active \u2714\ufe0f AgBB, EMICODE, Eurofins\",\"breadcrumb\":{\"@id\":\"https:\/\/dev.klb-koetztal.de\/fr\/produkt\/klb-system-polyurethan-pu-812-e\/#breadcrumb\"},\"inLanguage\":\"fr-FR\",\"potentialAction\":[{\"@type\":\"ReadAction\",\"target\":[\"https:\/\/dev.klb-koetztal.de\/fr\/produkt\/klb-system-polyurethan-pu-812-e\/\"]}]},{\"@type\":\"ImageObject\",\"inLanguage\":\"fr-FR\",\"@id\":\"https:\/\/dev.klb-koetztal.de\/fr\/produkt\/klb-system-polyurethan-pu-812-e\/#primaryimage\",\"url\":\"https:\/\/dev.klb-koetztal.de\/app\/uploads\/2022\/03\/PU812_E.jpg\",\"contentUrl\":\"https:\/\/dev.klb-koetztal.de\/app\/uploads\/2022\/03\/PU812_E.jpg\",\"width\":500,\"height\":500},{\"@type\":\"BreadcrumbList\",\"@id\":\"https:\/\/dev.klb-koetztal.de\/fr\/produkt\/klb-system-polyurethan-pu-812-e\/#breadcrumb\",\"itemListElement\":[{\"@type\":\"ListItem\",\"position\":1,\"name\":\"Startseite\",\"item\":\"https:\/\/dev.klb-koetztal.de\/fr\/\"},{\"@type\":\"ListItem\",\"position\":2,\"name\":\"KLB-SYSTEM POLYURETHAN PU 812 E\"}]},{\"@type\":\"WebSite\",\"@id\":\"https:\/\/dev.klb-koetztal.de\/fr\/#website\",\"url\":\"https:\/\/dev.klb-koetztal.de\/fr\/\",\"name\":\"KLB K\u00f6tztal\",\"description\":\"Gute B\u00f6den haben ein System.\",\"potentialAction\":[{\"@type\":\"SearchAction\",\"target\":{\"@type\":\"EntryPoint\",\"urlTemplate\":\"https:\/\/dev.klb-koetztal.de\/fr\/?s={search_term_string}\"},\"query-input\":{\"@type\":\"PropertyValueSpecification\",\"valueRequired\":true,\"valueName\":\"search_term_string\"}}],\"inLanguage\":\"fr-FR\"}]}<\/script>\n<!-- \/ Yoast SEO plugin. -->","yoast_head_json":{"title":"Finition de t\u00eate PU 812 E faible COV, stable \u00e0 UV | KLB K\u00f6tztal","description":"Scellement mat PU 812 E \u00e9cologique, color\u00e9, stable \u00e0 UV avec faible susceptibilit\u00e9 aux taches | KLB rev\u00eatements r\u00e9sine r\u00e9active \u2714\ufe0f AgBB, EMICODE, Eurofins","robots":{"index":"noindex","follow":"follow","max-snippet":"max-snippet:-1","max-image-preview":"max-image-preview:large","max-video-preview":"max-video-preview:-1"},"og_locale":"fr_FR","og_type":"article","og_title":"Finition de t\u00eate PU 812 E faible COV, stable \u00e0 UV | KLB K\u00f6tztal","og_description":"Scellement mat PU 812 E \u00e9cologique, color\u00e9, stable \u00e0 UV avec faible susceptibilit\u00e9 aux taches | KLB rev\u00eatements r\u00e9sine r\u00e9active \u2714\ufe0f AgBB, EMICODE, Eurofins","og_url":"https:\/\/dev.klb-koetztal.de\/fr\/produkt\/klb-system-polyurethan-pu-812-e\/","og_site_name":"KLB K\u00f6tztal","article_publisher":"https:\/\/www.facebook.com\/klbkoetztal","article_modified_time":"2026-02-25T11:03:08+00:00","og_image":[{"width":500,"height":500,"url":"https:\/\/dev.klb-koetztal.de\/app\/uploads\/2022\/03\/PU812_E.jpg","type":"image\/jpeg"}],"twitter_card":"summary_large_image","schema":{"@context":"https:\/\/schema.org","@graph":[{"@type":"WebPage","@id":"https:\/\/dev.klb-koetztal.de\/fr\/produkt\/klb-system-polyurethan-pu-812-e\/","url":"https:\/\/dev.klb-koetztal.de\/fr\/produkt\/klb-system-polyurethan-pu-812-e\/","name":"Finition de t\u00eate PU 812 E faible COV, stable \u00e0 UV | KLB K\u00f6tztal","isPartOf":{"@id":"https:\/\/dev.klb-koetztal.de\/fr\/#website"},"primaryImageOfPage":{"@id":"https:\/\/dev.klb-koetztal.de\/fr\/produkt\/klb-system-polyurethan-pu-812-e\/#primaryimage"},"image":{"@id":"https:\/\/dev.klb-koetztal.de\/fr\/produkt\/klb-system-polyurethan-pu-812-e\/#primaryimage"},"thumbnailUrl":"https:\/\/dev.klb-koetztal.de\/app\/uploads\/2022\/03\/PU812_E.jpg","datePublished":"2022-03-14T09:57:46+00:00","dateModified":"2026-02-25T11:03:08+00:00","description":"Scellement mat PU 812 E \u00e9cologique, color\u00e9, stable \u00e0 UV avec faible susceptibilit\u00e9 aux taches | KLB rev\u00eatements r\u00e9sine r\u00e9active \u2714\ufe0f AgBB, EMICODE, Eurofins","breadcrumb":{"@id":"https:\/\/dev.klb-koetztal.de\/fr\/produkt\/klb-system-polyurethan-pu-812-e\/#breadcrumb"},"inLanguage":"fr-FR","potentialAction":[{"@type":"ReadAction","target":["https:\/\/dev.klb-koetztal.de\/fr\/produkt\/klb-system-polyurethan-pu-812-e\/"]}]},{"@type":"ImageObject","inLanguage":"fr-FR","@id":"https:\/\/dev.klb-koetztal.de\/fr\/produkt\/klb-system-polyurethan-pu-812-e\/#primaryimage","url":"https:\/\/dev.klb-koetztal.de\/app\/uploads\/2022\/03\/PU812_E.jpg","contentUrl":"https:\/\/dev.klb-koetztal.de\/app\/uploads\/2022\/03\/PU812_E.jpg","width":500,"height":500},{"@type":"BreadcrumbList","@id":"https:\/\/dev.klb-koetztal.de\/fr\/produkt\/klb-system-polyurethan-pu-812-e\/#breadcrumb","itemListElement":[{"@type":"ListItem","position":1,"name":"Startseite","item":"https:\/\/dev.klb-koetztal.de\/fr\/"},{"@type":"ListItem","position":2,"name":"KLB-SYSTEM POLYURETHAN PU 812 E"}]},{"@type":"WebSite","@id":"https:\/\/dev.klb-koetztal.de\/fr\/#website","url":"https:\/\/dev.klb-koetztal.de\/fr\/","name":"KLB K\u00f6tztal","description":"Gute B\u00f6den haben ein System.","potentialAction":[{"@type":"SearchAction","target":{"@type":"EntryPoint","urlTemplate":"https:\/\/dev.klb-koetztal.de\/fr\/?s={search_term_string}"},"query-input":{"@type":"PropertyValueSpecification","valueRequired":true,"valueName":"search_term_string"}}],"inLanguage":"fr-FR"}]}},"_links":{"self":[{"href":"https:\/\/dev.klb-koetztal.de\/fr\/wp-json\/wp\/v2\/product\/49504","targetHints":{"allow":["GET"]}}],"collection":[{"href":"https:\/\/dev.klb-koetztal.de\/fr\/wp-json\/wp\/v2\/product"}],"about":[{"href":"https:\/\/dev.klb-koetztal.de\/fr\/wp-json\/wp\/v2\/types\/product"}],"wp:featuredmedia":[{"embeddable":true,"href":"https:\/\/dev.klb-koetztal.de\/fr\/wp-json\/wp\/v2\/media\/49506"}],"wp:attachment":[{"href":"https:\/\/dev.klb-koetztal.de\/fr\/wp-json\/wp\/v2\/media?parent=49504"}],"wp:term":[{"taxonomy":"product_brand","embeddable":true,"href":"https:\/\/dev.klb-koetztal.de\/fr\/wp-json\/wp\/v2\/product_brand?post=49504"},{"taxonomy":"product_cat","embeddable":true,"href":"https:\/\/dev.klb-koetztal.de\/fr\/wp-json\/wp\/v2\/product_cat?post=49504"},{"taxonomy":"product_tag","embeddable":true,"href":"https:\/\/dev.klb-koetztal.de\/fr\/wp-json\/wp\/v2\/product_tag?post=49504"}],"curies":[{"name":"wp","href":"https:\/\/api.w.org\/{rel}","templated":true}]}}