{"id":49471,"date":"2022-03-14T10:57:07","date_gmt":"2022-03-14T09:57:07","guid":{"rendered":"https:\/\/dev.klb-koetztal.de\/produkt\/klb-system-epoxid-ep-799-ableitgrund\/"},"modified":"2026-02-25T11:43:57","modified_gmt":"2026-02-25T10:43:57","slug":"klb-system-epoxid-ep-799-ableitgrund","status":"publish","type":"product","link":"https:\/\/dev.klb-koetztal.de\/fr\/produkt\/klb-system-epoxid-ep-799-ableitgrund\/","title":{"rendered":"KLB-SYSTEM EPOXID EP 799 Ableitgrund"},"content":{"rendered":"","protected":false},"excerpt":{"rendered":"<p>Couche conductrice&#160;\u00e0 2 composants, \u00e0 faible \u00e9mission et bas\u00e9e sur une \u00e9mulsion de r\u00e9sine \u00e9poxy. Produit syst\u00e8me pour la production de rev\u00eatements de sol \u00e9lectro-dissipateurs.<br \/>\nDans le syst\u00e8me avec l&rsquo;approbation DIBt\u00ae pour les rev\u00eatements de protection de l&rsquo;eau selon WHG \u00a7 63.&#160;<br \/>\nConvient aux rev\u00eatements conformes \u00e0 la norme AgBB pour les pi\u00e8ces de s\u00e9jour. Certifi\u00e9 selon&#160;Eurofins \u00ab&#160;Indoor Air Comfort Gold \u00bb, comme \u00e9tant \u00e0 tr\u00e8s faible \u00e9mission.<\/p>\n","protected":false},"featured_media":49473,"template":"","meta":{"_acf_changed":false},"product_brand":[],"product_cat":[10042,10043,10064],"product_tag":[],"class_list":{"0":"post-49471","1":"product","2":"type-product","3":"status-publish","4":"has-post-thumbnail","6":"product_cat-revetements","7":"product_cat-revetements_revetement-en-protection-des-eaux-selon-whg","8":"product_cat-revetements_revetements-dissipateurs-protection-individuelle-et-antideflagrante","10":"first","11":"instock","12":"shipping-taxable","13":"product-type-simple"},"acf":{"product_header":{"module_product_header":{"":null,"prototype_headline":{"headline":"KLB-SYSTEM EPOXID EP 799 Ableitgrund","h1":true,"subheadline":"Couche de base en r\u00e9sine \u00e9poxydique&#160;\u00e0 2 composants, hautement \u00e9lectro-conductrice&#160;et \u00e0 faible \u00e9mission, pour la production des rev\u00eatements dissipateurs en protection DES, personnelle et antid\u00e9flagrante.","anchor":"","url":""},"grid_text_slider":false,"grid_text_content":[{"text":"<p class=\"product-short-title\" style=\"text-align: center;\"><strong>Br\u00e8ve description<\/strong><\/p>\n<p>Couche conductrice&#160;\u00e0 2 composants, \u00e0 faible \u00e9mission et bas\u00e9e sur une \u00e9mulsion de r\u00e9sine \u00e9poxy. Produit syst\u00e8me pour la production de rev\u00eatements de sol \u00e9lectro-dissipateurs.<\/p>\n<p>Dans le syst\u00e8me avec l&rsquo;approbation DIBt\u00ae pour les rev\u00eatements de protection de l&rsquo;eau selon WHG \u00a7 63.&#160;<\/p>\n<p>Convient aux rev\u00eatements conformes \u00e0 la norme AgBB pour les pi\u00e8ces de s\u00e9jour. Certifi\u00e9 selon&#160;Eurofins<span style=\"font-size:12px;\"> <span lang=\"FR\"><span style=\"line-height:107%\"><span style=\"font-family:&quot;Arial&quot;,sans-serif\">\u00ab&#160;<\/span><\/span><\/span>Indoor Air Comfort Gold <span lang=\"FR\"><span style=\"line-height:107%\"><span style=\"font-family:&quot;Arial&quot;,sans-serif\">\u00bb<\/span><\/span><\/span>, co<\/span>mme \u00e9tant \u00e0 tr\u00e8s faible \u00e9mission.<\/p>\n","width":"4","background_color_text":"bg-white","border_color":"border-gray-light"},{"text":"<p class=\"product-sicing-title\" style=\"text-align: center;\"><strong>Unit\u00e9s d'emballage<\/strong><\/p>\n<ul>\n<li>AK2719-50 &#8211; Combinaison Seau 10,00 kg<\/li>\n<\/ul>\n<p><\/p>\n<p>N&rsquo;h\u00e9sitez pas \u00e0 contacter directement pour toute demande concernant des quantit\u00e9s de livraison ou des unit\u00e9s de conditionnement plus importantes.<\/p>\n\n","width":"4","background_color_text":"bg-white","border_color":"border-gray-light"},{"text":"<p class=\"product-attr-title\" style=\"text-align: center;\"><strong>Propri\u00e9t\u00e9s<\/strong><\/p>\n<ul>\n<li>forte capacit\u00e9 conductrice<\/li>\n<li>qualit\u00e9 contr\u00f4l\u00e9e, \u00e0 faible \u00e9mission<\/li>\n<li>total Solid selon GISCODE<\/li>\n<li>stable \u00e0 l&rsquo;hydrolyse et \u00e0 la saponification<\/li>\n<li>en combinaison \u00e9galement pour les rev\u00eatements DES<\/li>\n<li>exempt de substances susceptibles d&rsquo;endommager les vernis<\/li>\n<li>tr\u00e8s \u00e9conomique<\/li>\n<li>bonnes propri\u00e9t\u00e9s de traitement<\/li>\n<li>avec l&rsquo;approbation des autorit\u00e9s de construction selon DIBt\u00ae<\/li>\n<\/ul>\n","width":"4","background_color_text":"bg-white","border_color":"border-gray-light"}],"background_color":"bg-none","background_color_content":"bg-none"}},"downloads":{"module_download_list":{"inhalt":null,"downloads":[{"download":{"ID":67020,"id":67020,"title":"EP_799_Ableitgrund_PI_fr_2025_08","filename":"EP_799_Ableitgrund_PI_fr_2025_08.pdf","filesize":1757711,"url":"https:\/\/dev.klb-koetztal.de\/app\/uploads\/2025\/08\/EP_799_Ableitgrund_PI_fr_2025_08.pdf","link":"https:\/\/dev.klb-koetztal.de\/fr\/?attachment_id=67020","alt":"","author":"7","description":"","caption":"","name":"ep_799_ableitgrund_pi_fr_2025_08-2","status":"inherit","uploaded_to":0,"date":"2025-08-12 06:01:03","modified":"2025-08-12 06:01:03","menu_order":0,"mime_type":"application\/pdf","type":"application","subtype":"pdf","icon":"https:\/\/dev.klb-koetztal.de\/wp\/wp-includes\/images\/media\/document.png"},"filename":"Information produit","protected":false,"doclang":"FR","externalkey":"Produktinformation","docpos":"3"},{"download":{"ID":49475,"id":49475,"title":"Leistungserkl\u00e4rung - Statement of performance","filename":"EP799_Ableitgrund_LE_2014-02.pdf","filesize":185421,"url":"https:\/\/dev.klb-koetztal.de\/app\/uploads\/2022\/03\/EP799_Ableitgrund_LE_2014-02.pdf","link":"https:\/\/dev.klb-koetztal.de\/fr\/?attachment_id=49475","alt":"","author":"7","description":"","caption":"","name":"ep799_ableitgrund_le_2014-02","status":"inherit","uploaded_to":0,"date":"2022-03-14 09:57:10","modified":"2026-02-25 10:44:07","menu_order":0,"mime_type":"application\/pdf","type":"application","subtype":"pdf","icon":"https:\/\/dev.klb-koetztal.de\/wp\/wp-includes\/images\/media\/document.png"},"filename":"D\u00e9claration de performance","protected":false,"doclang":"Multi","externalkey":"Leistungserklaerung","docpos":"50"},{"download":{"ID":52053,"id":52053,"title":"EP799_Ableitgrund_Umwelt-Deklaration_2022-08","filename":"EP799_Ableitgrund_Umwelt-Deklaration_2022-08.pdf","filesize":2344405,"url":"https:\/\/dev.klb-koetztal.de\/app\/uploads\/2022\/09\/EP799_Ableitgrund_Umwelt-Deklaration_2022-08.pdf","link":"https:\/\/dev.klb-koetztal.de\/fr\/?attachment_id=52053","alt":"","author":"7","description":"","caption":"","name":"ep799_ableitgrund_umwelt-deklaration_2022-08-2","status":"inherit","uploaded_to":0,"date":"2022-09-01 11:35:57","modified":"2022-09-01 11:35:57","menu_order":0,"mime_type":"application\/pdf","type":"application","subtype":"pdf","icon":"https:\/\/dev.klb-koetztal.de\/wp\/wp-includes\/images\/media\/document.png"},"filename":"D\u00e9clarations de produit environnemental (EPD)","protected":false,"doclang":"Multi","externalkey":"Umweltproduktdeklaration","docpos":"50"},{"download":false,"filename":"Fiche de donn\u00e9es de s\u00e9curit\u00e9","protected":true,"doclang":"FR","externalkey":"Sicherheitsdatenblatt","docpos":"3"}],"einstellungen":null,"background_color":"bg-none","background_color_content":"bg-none"}},"included_in_systems":{"module_included_in_systems":{"":null,"background_color":"bg-gray-medium","background_color_content":"bg-none"}},"contact":{"module_contact":{"":null,"background_color":"bg-none","background_color_content":"bg-none"}},"ausschreibende":{"module_ausschreibende":{"andern_sie_den_inhalt_unter_universelle_elemente":null,"background_color":"bg-none","background_color_content":"bg-none"}}},"yoast_head":"<!-- This site is optimized with the Yoast SEO plugin v27.0 - https:\/\/yoast.com\/product\/yoast-seo-wordpress\/ -->\n<title>Primaire EP 799 bicomp. \u00e9poxy conducteur | KLB K\u00f6tztal<\/title>\n<meta name=\"description\" content=\"Primaire EP 799 bicomposant en r\u00e9sine \u00e9poxy \u00e9lectro-conducteur, \u00e0 faible \u00e9misson | KLB rev\u00eatements de sol \u2714\ufe0f DIBt\u00ae, WHG \u00a7 63, AgBB conforme, Eurofins\" \/>\n<meta name=\"robots\" content=\"noindex, follow, max-snippet:-1, max-image-preview:large, max-video-preview:-1\" \/>\n<meta property=\"og:locale\" content=\"fr_FR\" \/>\n<meta property=\"og:type\" content=\"article\" \/>\n<meta property=\"og:title\" content=\"Primaire EP 799 bicomp. \u00e9poxy conducteur | KLB K\u00f6tztal\" \/>\n<meta property=\"og:description\" content=\"Primaire EP 799 bicomposant en r\u00e9sine \u00e9poxy \u00e9lectro-conducteur, \u00e0 faible \u00e9misson | KLB rev\u00eatements de sol \u2714\ufe0f DIBt\u00ae, WHG \u00a7 63, AgBB conforme, Eurofins\" \/>\n<meta property=\"og:url\" content=\"https:\/\/dev.klb-koetztal.de\/fr\/produkt\/klb-system-epoxid-ep-799-ableitgrund\/\" \/>\n<meta property=\"og:site_name\" content=\"KLB K\u00f6tztal\" \/>\n<meta property=\"article:publisher\" content=\"https:\/\/www.facebook.com\/klbkoetztal\" \/>\n<meta property=\"article:modified_time\" content=\"2026-02-25T10:43:57+00:00\" \/>\n<meta property=\"og:image\" content=\"https:\/\/dev.klb-koetztal.de\/app\/uploads\/2022\/03\/EP799.jpg\" \/>\n\t<meta property=\"og:image:width\" content=\"500\" \/>\n\t<meta property=\"og:image:height\" content=\"500\" \/>\n\t<meta property=\"og:image:type\" content=\"image\/jpeg\" \/>\n<meta name=\"twitter:card\" content=\"summary_large_image\" \/>\n<script type=\"application\/ld+json\" class=\"yoast-schema-graph\">{\"@context\":\"https:\/\/schema.org\",\"@graph\":[{\"@type\":\"WebPage\",\"@id\":\"https:\/\/dev.klb-koetztal.de\/fr\/produkt\/klb-system-epoxid-ep-799-ableitgrund\/\",\"url\":\"https:\/\/dev.klb-koetztal.de\/fr\/produkt\/klb-system-epoxid-ep-799-ableitgrund\/\",\"name\":\"Primaire EP 799 bicomp. \u00e9poxy conducteur | KLB K\u00f6tztal\",\"isPartOf\":{\"@id\":\"https:\/\/dev.klb-koetztal.de\/fr\/#website\"},\"primaryImageOfPage\":{\"@id\":\"https:\/\/dev.klb-koetztal.de\/fr\/produkt\/klb-system-epoxid-ep-799-ableitgrund\/#primaryimage\"},\"image\":{\"@id\":\"https:\/\/dev.klb-koetztal.de\/fr\/produkt\/klb-system-epoxid-ep-799-ableitgrund\/#primaryimage\"},\"thumbnailUrl\":\"https:\/\/dev.klb-koetztal.de\/app\/uploads\/2022\/03\/EP799.jpg\",\"datePublished\":\"2022-03-14T09:57:07+00:00\",\"dateModified\":\"2026-02-25T10:43:57+00:00\",\"description\":\"Primaire EP 799 bicomposant en r\u00e9sine \u00e9poxy \u00e9lectro-conducteur, \u00e0 faible \u00e9misson | KLB rev\u00eatements de sol \u2714\ufe0f DIBt\u00ae, WHG \u00a7 63, AgBB conforme, Eurofins\",\"breadcrumb\":{\"@id\":\"https:\/\/dev.klb-koetztal.de\/fr\/produkt\/klb-system-epoxid-ep-799-ableitgrund\/#breadcrumb\"},\"inLanguage\":\"fr-FR\",\"potentialAction\":[{\"@type\":\"ReadAction\",\"target\":[\"https:\/\/dev.klb-koetztal.de\/fr\/produkt\/klb-system-epoxid-ep-799-ableitgrund\/\"]}]},{\"@type\":\"ImageObject\",\"inLanguage\":\"fr-FR\",\"@id\":\"https:\/\/dev.klb-koetztal.de\/fr\/produkt\/klb-system-epoxid-ep-799-ableitgrund\/#primaryimage\",\"url\":\"https:\/\/dev.klb-koetztal.de\/app\/uploads\/2022\/03\/EP799.jpg\",\"contentUrl\":\"https:\/\/dev.klb-koetztal.de\/app\/uploads\/2022\/03\/EP799.jpg\",\"width\":500,\"height\":500},{\"@type\":\"BreadcrumbList\",\"@id\":\"https:\/\/dev.klb-koetztal.de\/fr\/produkt\/klb-system-epoxid-ep-799-ableitgrund\/#breadcrumb\",\"itemListElement\":[{\"@type\":\"ListItem\",\"position\":1,\"name\":\"Startseite\",\"item\":\"https:\/\/dev.klb-koetztal.de\/fr\/\"},{\"@type\":\"ListItem\",\"position\":2,\"name\":\"KLB-SYSTEM EPOXID EP 799 Ableitgrund\"}]},{\"@type\":\"WebSite\",\"@id\":\"https:\/\/dev.klb-koetztal.de\/fr\/#website\",\"url\":\"https:\/\/dev.klb-koetztal.de\/fr\/\",\"name\":\"KLB K\u00f6tztal\",\"description\":\"Gute B\u00f6den haben ein System.\",\"potentialAction\":[{\"@type\":\"SearchAction\",\"target\":{\"@type\":\"EntryPoint\",\"urlTemplate\":\"https:\/\/dev.klb-koetztal.de\/fr\/?s={search_term_string}\"},\"query-input\":{\"@type\":\"PropertyValueSpecification\",\"valueRequired\":true,\"valueName\":\"search_term_string\"}}],\"inLanguage\":\"fr-FR\"}]}<\/script>\n<!-- \/ Yoast SEO plugin. -->","yoast_head_json":{"title":"Primaire EP 799 bicomp. \u00e9poxy conducteur | KLB K\u00f6tztal","description":"Primaire EP 799 bicomposant en r\u00e9sine \u00e9poxy \u00e9lectro-conducteur, \u00e0 faible \u00e9misson | KLB rev\u00eatements de sol \u2714\ufe0f DIBt\u00ae, WHG \u00a7 63, AgBB conforme, Eurofins","robots":{"index":"noindex","follow":"follow","max-snippet":"max-snippet:-1","max-image-preview":"max-image-preview:large","max-video-preview":"max-video-preview:-1"},"og_locale":"fr_FR","og_type":"article","og_title":"Primaire EP 799 bicomp. \u00e9poxy conducteur | KLB K\u00f6tztal","og_description":"Primaire EP 799 bicomposant en r\u00e9sine \u00e9poxy \u00e9lectro-conducteur, \u00e0 faible \u00e9misson | KLB rev\u00eatements de sol \u2714\ufe0f DIBt\u00ae, WHG \u00a7 63, AgBB conforme, Eurofins","og_url":"https:\/\/dev.klb-koetztal.de\/fr\/produkt\/klb-system-epoxid-ep-799-ableitgrund\/","og_site_name":"KLB K\u00f6tztal","article_publisher":"https:\/\/www.facebook.com\/klbkoetztal","article_modified_time":"2026-02-25T10:43:57+00:00","og_image":[{"width":500,"height":500,"url":"https:\/\/dev.klb-koetztal.de\/app\/uploads\/2022\/03\/EP799.jpg","type":"image\/jpeg"}],"twitter_card":"summary_large_image","schema":{"@context":"https:\/\/schema.org","@graph":[{"@type":"WebPage","@id":"https:\/\/dev.klb-koetztal.de\/fr\/produkt\/klb-system-epoxid-ep-799-ableitgrund\/","url":"https:\/\/dev.klb-koetztal.de\/fr\/produkt\/klb-system-epoxid-ep-799-ableitgrund\/","name":"Primaire EP 799 bicomp. \u00e9poxy conducteur | KLB K\u00f6tztal","isPartOf":{"@id":"https:\/\/dev.klb-koetztal.de\/fr\/#website"},"primaryImageOfPage":{"@id":"https:\/\/dev.klb-koetztal.de\/fr\/produkt\/klb-system-epoxid-ep-799-ableitgrund\/#primaryimage"},"image":{"@id":"https:\/\/dev.klb-koetztal.de\/fr\/produkt\/klb-system-epoxid-ep-799-ableitgrund\/#primaryimage"},"thumbnailUrl":"https:\/\/dev.klb-koetztal.de\/app\/uploads\/2022\/03\/EP799.jpg","datePublished":"2022-03-14T09:57:07+00:00","dateModified":"2026-02-25T10:43:57+00:00","description":"Primaire EP 799 bicomposant en r\u00e9sine \u00e9poxy \u00e9lectro-conducteur, \u00e0 faible \u00e9misson | KLB rev\u00eatements de sol \u2714\ufe0f DIBt\u00ae, WHG \u00a7 63, AgBB conforme, Eurofins","breadcrumb":{"@id":"https:\/\/dev.klb-koetztal.de\/fr\/produkt\/klb-system-epoxid-ep-799-ableitgrund\/#breadcrumb"},"inLanguage":"fr-FR","potentialAction":[{"@type":"ReadAction","target":["https:\/\/dev.klb-koetztal.de\/fr\/produkt\/klb-system-epoxid-ep-799-ableitgrund\/"]}]},{"@type":"ImageObject","inLanguage":"fr-FR","@id":"https:\/\/dev.klb-koetztal.de\/fr\/produkt\/klb-system-epoxid-ep-799-ableitgrund\/#primaryimage","url":"https:\/\/dev.klb-koetztal.de\/app\/uploads\/2022\/03\/EP799.jpg","contentUrl":"https:\/\/dev.klb-koetztal.de\/app\/uploads\/2022\/03\/EP799.jpg","width":500,"height":500},{"@type":"BreadcrumbList","@id":"https:\/\/dev.klb-koetztal.de\/fr\/produkt\/klb-system-epoxid-ep-799-ableitgrund\/#breadcrumb","itemListElement":[{"@type":"ListItem","position":1,"name":"Startseite","item":"https:\/\/dev.klb-koetztal.de\/fr\/"},{"@type":"ListItem","position":2,"name":"KLB-SYSTEM EPOXID EP 799 Ableitgrund"}]},{"@type":"WebSite","@id":"https:\/\/dev.klb-koetztal.de\/fr\/#website","url":"https:\/\/dev.klb-koetztal.de\/fr\/","name":"KLB K\u00f6tztal","description":"Gute B\u00f6den haben ein System.","potentialAction":[{"@type":"SearchAction","target":{"@type":"EntryPoint","urlTemplate":"https:\/\/dev.klb-koetztal.de\/fr\/?s={search_term_string}"},"query-input":{"@type":"PropertyValueSpecification","valueRequired":true,"valueName":"search_term_string"}}],"inLanguage":"fr-FR"}]}},"_links":{"self":[{"href":"https:\/\/dev.klb-koetztal.de\/fr\/wp-json\/wp\/v2\/product\/49471","targetHints":{"allow":["GET"]}}],"collection":[{"href":"https:\/\/dev.klb-koetztal.de\/fr\/wp-json\/wp\/v2\/product"}],"about":[{"href":"https:\/\/dev.klb-koetztal.de\/fr\/wp-json\/wp\/v2\/types\/product"}],"wp:featuredmedia":[{"embeddable":true,"href":"https:\/\/dev.klb-koetztal.de\/fr\/wp-json\/wp\/v2\/media\/49473"}],"wp:attachment":[{"href":"https:\/\/dev.klb-koetztal.de\/fr\/wp-json\/wp\/v2\/media?parent=49471"}],"wp:term":[{"taxonomy":"product_brand","embeddable":true,"href":"https:\/\/dev.klb-koetztal.de\/fr\/wp-json\/wp\/v2\/product_brand?post=49471"},{"taxonomy":"product_cat","embeddable":true,"href":"https:\/\/dev.klb-koetztal.de\/fr\/wp-json\/wp\/v2\/product_cat?post=49471"},{"taxonomy":"product_tag","embeddable":true,"href":"https:\/\/dev.klb-koetztal.de\/fr\/wp-json\/wp\/v2\/product_tag?post=49471"}],"curies":[{"name":"wp","href":"https:\/\/api.w.org\/{rel}","templated":true}]}}