{"id":49470,"date":"2022-03-14T10:57:06","date_gmt":"2022-03-14T09:57:06","guid":{"rendered":"https:\/\/dev.klb-koetztal.de\/produkt\/klb-system-epoxid-ep-782-e-spachtelgrund\/"},"modified":"2026-03-16T14:23:35","modified_gmt":"2026-03-16T13:23:35","slug":"klb-system-epoxid-ep-782-e-spachtelgrund","status":"publish","type":"product","link":"https:\/\/dev.klb-koetztal.de\/fr\/produkt\/klb-system-epoxid-ep-782-e-spachtelgrund\/","title":{"rendered":"KLB-SYSTEM EPOXID EP 782 E Spachtelgrund"},"content":{"rendered":"","protected":false},"excerpt":{"rendered":"<p>Primaire de remplissage \u00e0 la base d&rsquo;une r\u00e9sine \u00e9poxy \u00e9mulsionn\u00e9e \u00e0 l\u2018eau bicomposante. Comme enduction syst\u00e8me pour les syst\u00e8mes perm\u00e9ables \u00e0 la vapeur d&rsquo;eau.<br \/>\nConvient aux rev\u00eatements conformes aux certifications Eurofins&#160;\u00ab Indoor Air Comfort \u00bb et \u00ab Gold \u00bb. Certifi\u00e9 selon&#160;l&rsquo;AgBB et adapt\u00e9 aux pi\u00e8ces de s\u00e9jour.<\/p>\n","protected":false},"featured_media":49472,"template":"","meta":{"_acf_changed":false},"product_brand":[],"product_cat":[10042,10057],"product_tag":[],"class_list":{"0":"post-49470","1":"product","2":"type-product","3":"status-publish","4":"has-post-thumbnail","6":"product_cat-revetements","7":"product_cat-revetements_revetements-et-scellements-permeables-a-la-diffusion-de-vapeur","9":"first","10":"instock","11":"shipping-taxable","12":"product-type-simple"},"acf":{"product_header":{"module_product_header":{"":null,"prototype_headline":{"headline":"KLB-SYSTEM EPOXID EP 782 E Spachtelgrund","h1":true,"subheadline":"Couche de remplissage en r\u00e9sine \u00e9poxy bicomposante, \u00e0 faible \u00e9mission, \u00e9mulsionn\u00e9 \u00e0 l'eau et perm\u00e9able \u00e0 la vapeur","anchor":"","url":""},"grid_text_slider":false,"grid_text_content":[{"text":"<p class=\"product-short-title\" style=\"text-align: center;\"><strong>Br\u00e8ve description<\/strong><\/p>\n<p>Primaire de remplissage \u00e0 la base d&rsquo;une r\u00e9sine \u00e9poxy \u00e9mulsionn\u00e9e \u00e0 l\u2018eau bicomposante. Comme enduction syst\u00e8me pour les syst\u00e8mes perm\u00e9ables \u00e0 la vapeur d&rsquo;eau.<\/p>\n<p>Convient aux rev\u00eatements conformes aux certifications Eurofins&#160;\u00ab Indoor Air Comfort \u00bb et \u00ab Gold \u00bb. Certifi\u00e9 selon&#160;l&rsquo;AgBB et adapt\u00e9 aux pi\u00e8ces de s\u00e9jour.<\/p>\n","width":"4","background_color_text":"bg-white","border_color":"border-gray-light"},{"text":"<p class=\"product-sicing-title\" style=\"text-align: center;\"><strong>Unit\u00e9s d'emballage<\/strong><\/p>\n<ul>\n<li>AK2761-10 &#8211; Combinaison Seau 10,00 kg<\/li>\n<li>AK2761-30 &#8211; Combinaison Hobbock 30,00 kg<\/li>\n<\/ul>\n<p><\/p>\n<p>N&rsquo;h\u00e9sitez pas \u00e0 contacter directement pour toute demande concernant des quantit\u00e9s de livraison ou des unit\u00e9s de conditionnement plus importantes.<\/p>\n\n","width":"4","background_color_text":"bg-white","border_color":"border-gray-light"},{"text":"<p class=\"product-attr-title\" style=\"text-align: center;\"><strong>Propri\u00e9t\u00e9s<\/strong><\/p>\n<ul>\n<li>pr\u00eat \u00e0 l&#8217;emploi<\/li>\n<li>inodore<\/li>\n<li>qualit\u00e9 contr\u00f4l\u00e9e, \u00e0 faible \u00e9mission<\/li>\n<li>respectueux de l&rsquo;environnement<\/li>\n<li>exempt de substances susceptibles d&rsquo;endommager les vernis<\/li>\n<li>total Solid selon GISCODE<\/li>\n<li>tr\u00e8s haute adh\u00e9rence<\/li>\n<li>\u00e9paisseurs de couche plus \u00e9lev\u00e9es possibles<\/li>\n<li>bon s\u00e9chage<\/li>\n<li>perm\u00e9able \u00e0 la vapeur d&rsquo;eau<\/li>\n<\/ul>\n","width":"4","background_color_text":"bg-white","border_color":"border-gray-light"}],"background_color":"bg-none","background_color_content":"bg-none"}},"downloads":{"module_download_list":{"inhalt":null,"downloads":[{"download":{"ID":49478,"id":49478,"title":"Information Produit FR","filename":"EP_782_E_Spachtelgrund_PI_fr_2022_01.pdf","filesize":575824,"url":"https:\/\/dev.klb-koetztal.de\/app\/uploads\/2022\/03\/EP_782_E_Spachtelgrund_PI_fr_2022_01.pdf","link":"https:\/\/dev.klb-koetztal.de\/fr\/?attachment_id=49478","alt":"","author":"7","description":"","caption":"","name":"ep_782_e_spachtelgrund_pi_fr_2022_01","status":"inherit","uploaded_to":0,"date":"2022-03-14 09:57:15","modified":"2026-03-16 13:23:40","menu_order":0,"mime_type":"application\/pdf","type":"application","subtype":"pdf","icon":"https:\/\/dev.klb-koetztal.de\/wp\/wp-includes\/images\/media\/document.png"},"filename":"Information produit","protected":false,"doclang":"FR","externalkey":"Produktinformation","docpos":"3"},{"download":{"ID":49474,"id":49474,"title":"Leistungserkl\u00e4rung - Statement of performance","filename":"EP782_E_LE_2013-04.pdf","filesize":170685,"url":"https:\/\/dev.klb-koetztal.de\/app\/uploads\/2022\/03\/EP782_E_LE_2013-04.pdf","link":"https:\/\/dev.klb-koetztal.de\/fr\/?attachment_id=49474","alt":"","author":"7","description":"","caption":"","name":"ep782_e_le_2013-04","status":"inherit","uploaded_to":0,"date":"2022-03-14 09:57:09","modified":"2026-03-16 13:23:42","menu_order":0,"mime_type":"application\/pdf","type":"application","subtype":"pdf","icon":"https:\/\/dev.klb-koetztal.de\/wp\/wp-includes\/images\/media\/document.png"},"filename":"D\u00e9claration de performance","protected":false,"doclang":"Multi","externalkey":"Leistungserklaerung","docpos":"50"},{"download":{"ID":52050,"id":52050,"title":"EP782_E_Spachtelgrund_Umwelt-Deklaration_2022-08","filename":"EP782_E_Spachtelgrund_Umwelt-Deklaration_2022-08.pdf","filesize":2343861,"url":"https:\/\/dev.klb-koetztal.de\/app\/uploads\/2022\/09\/EP782_E_Spachtelgrund_Umwelt-Deklaration_2022-08.pdf","link":"https:\/\/dev.klb-koetztal.de\/fr\/?attachment_id=52050","alt":"","author":"7","description":"","caption":"","name":"ep782_e_spachtelgrund_umwelt-deklaration_2022-08-2","status":"inherit","uploaded_to":0,"date":"2022-09-01 11:35:43","modified":"2022-09-01 11:35:43","menu_order":0,"mime_type":"application\/pdf","type":"application","subtype":"pdf","icon":"https:\/\/dev.klb-koetztal.de\/wp\/wp-includes\/images\/media\/document.png"},"filename":"D\u00e9clarations de produit environnemental (EPD)","protected":false,"doclang":"Multi","externalkey":"Umweltproduktdeklaration","docpos":"50"},{"download":false,"filename":"Fiche de donn\u00e9es de s\u00e9curit\u00e9","protected":true,"doclang":"FR","externalkey":"Sicherheitsdatenblatt","docpos":"3"}],"einstellungen":null,"background_color":"bg-none","background_color_content":"bg-none"}},"included_in_systems":{"module_included_in_systems":{"":null,"background_color":"bg-gray-medium","background_color_content":"bg-none"}},"contact":{"module_contact":{"":null,"background_color":"bg-none","background_color_content":"bg-none"}},"ausschreibende":{"module_ausschreibende":{"andern_sie_den_inhalt_unter_universelle_elemente":null,"background_color":"bg-none","background_color_content":"bg-none"}}},"yoast_head":"<!-- This site is optimized with the Yoast SEO plugin v27.0 - https:\/\/yoast.com\/product\/yoast-seo-wordpress\/ -->\n<title>Couche de remplissage EP 782 E faible en COV, bicomp. | KLB<\/title>\n<meta name=\"description\" content=\"Couche de remplissage EP 782 E \u00e9cologique, \u00e9mulsionn\u00e9 \u00e0 l&#039;eau bicomp. pour rev\u00eatements perm\u00e9ables | KLB rev\u00eatements \u2714\ufe0f AgBB, Eurofins\" \/>\n<meta name=\"robots\" content=\"noindex, follow, max-snippet:-1, max-image-preview:large, max-video-preview:-1\" \/>\n<meta property=\"og:locale\" content=\"fr_FR\" \/>\n<meta property=\"og:type\" content=\"article\" \/>\n<meta property=\"og:title\" content=\"Couche de remplissage EP 782 E faible en COV, bicomp. | KLB\" \/>\n<meta property=\"og:description\" content=\"Couche de remplissage EP 782 E \u00e9cologique, \u00e9mulsionn\u00e9 \u00e0 l&#039;eau bicomp. pour rev\u00eatements perm\u00e9ables | KLB rev\u00eatements \u2714\ufe0f AgBB, Eurofins\" \/>\n<meta property=\"og:url\" content=\"https:\/\/dev.klb-koetztal.de\/fr\/produkt\/klb-system-epoxid-ep-782-e-spachtelgrund\/\" \/>\n<meta property=\"og:site_name\" content=\"KLB K\u00f6tztal\" \/>\n<meta property=\"article:publisher\" content=\"https:\/\/www.facebook.com\/klbkoetztal\" \/>\n<meta property=\"article:modified_time\" content=\"2026-03-16T13:23:35+00:00\" \/>\n<meta property=\"og:image\" content=\"https:\/\/dev.klb-koetztal.de\/app\/uploads\/2022\/03\/EP782_E.jpg\" \/>\n\t<meta property=\"og:image:width\" content=\"500\" \/>\n\t<meta property=\"og:image:height\" content=\"500\" \/>\n\t<meta property=\"og:image:type\" content=\"image\/jpeg\" \/>\n<meta name=\"twitter:card\" content=\"summary_large_image\" \/>\n<script type=\"application\/ld+json\" class=\"yoast-schema-graph\">{\"@context\":\"https:\/\/schema.org\",\"@graph\":[{\"@type\":\"WebPage\",\"@id\":\"https:\/\/dev.klb-koetztal.de\/fr\/produkt\/klb-system-epoxid-ep-782-e-spachtelgrund\/\",\"url\":\"https:\/\/dev.klb-koetztal.de\/fr\/produkt\/klb-system-epoxid-ep-782-e-spachtelgrund\/\",\"name\":\"Couche de remplissage EP 782 E faible en COV, bicomp. | KLB\",\"isPartOf\":{\"@id\":\"https:\/\/dev.klb-koetztal.de\/fr\/#website\"},\"primaryImageOfPage\":{\"@id\":\"https:\/\/dev.klb-koetztal.de\/fr\/produkt\/klb-system-epoxid-ep-782-e-spachtelgrund\/#primaryimage\"},\"image\":{\"@id\":\"https:\/\/dev.klb-koetztal.de\/fr\/produkt\/klb-system-epoxid-ep-782-e-spachtelgrund\/#primaryimage\"},\"thumbnailUrl\":\"https:\/\/dev.klb-koetztal.de\/app\/uploads\/2022\/03\/EP782_E.jpg\",\"datePublished\":\"2022-03-14T09:57:06+00:00\",\"dateModified\":\"2026-03-16T13:23:35+00:00\",\"description\":\"Couche de remplissage EP 782 E \u00e9cologique, \u00e9mulsionn\u00e9 \u00e0 l'eau bicomp. pour rev\u00eatements perm\u00e9ables | KLB rev\u00eatements \u2714\ufe0f AgBB, Eurofins\",\"breadcrumb\":{\"@id\":\"https:\/\/dev.klb-koetztal.de\/fr\/produkt\/klb-system-epoxid-ep-782-e-spachtelgrund\/#breadcrumb\"},\"inLanguage\":\"fr-FR\",\"potentialAction\":[{\"@type\":\"ReadAction\",\"target\":[\"https:\/\/dev.klb-koetztal.de\/fr\/produkt\/klb-system-epoxid-ep-782-e-spachtelgrund\/\"]}]},{\"@type\":\"ImageObject\",\"inLanguage\":\"fr-FR\",\"@id\":\"https:\/\/dev.klb-koetztal.de\/fr\/produkt\/klb-system-epoxid-ep-782-e-spachtelgrund\/#primaryimage\",\"url\":\"https:\/\/dev.klb-koetztal.de\/app\/uploads\/2022\/03\/EP782_E.jpg\",\"contentUrl\":\"https:\/\/dev.klb-koetztal.de\/app\/uploads\/2022\/03\/EP782_E.jpg\",\"width\":500,\"height\":500},{\"@type\":\"BreadcrumbList\",\"@id\":\"https:\/\/dev.klb-koetztal.de\/fr\/produkt\/klb-system-epoxid-ep-782-e-spachtelgrund\/#breadcrumb\",\"itemListElement\":[{\"@type\":\"ListItem\",\"position\":1,\"name\":\"Startseite\",\"item\":\"https:\/\/dev.klb-koetztal.de\/fr\/\"},{\"@type\":\"ListItem\",\"position\":2,\"name\":\"KLB-SYSTEM EPOXID EP 782 E Spachtelgrund\"}]},{\"@type\":\"WebSite\",\"@id\":\"https:\/\/dev.klb-koetztal.de\/fr\/#website\",\"url\":\"https:\/\/dev.klb-koetztal.de\/fr\/\",\"name\":\"KLB K\u00f6tztal\",\"description\":\"Gute B\u00f6den haben ein System.\",\"potentialAction\":[{\"@type\":\"SearchAction\",\"target\":{\"@type\":\"EntryPoint\",\"urlTemplate\":\"https:\/\/dev.klb-koetztal.de\/fr\/?s={search_term_string}\"},\"query-input\":{\"@type\":\"PropertyValueSpecification\",\"valueRequired\":true,\"valueName\":\"search_term_string\"}}],\"inLanguage\":\"fr-FR\"}]}<\/script>\n<!-- \/ Yoast SEO plugin. -->","yoast_head_json":{"title":"Couche de remplissage EP 782 E faible en COV, bicomp. | KLB","description":"Couche de remplissage EP 782 E \u00e9cologique, \u00e9mulsionn\u00e9 \u00e0 l'eau bicomp. pour rev\u00eatements perm\u00e9ables | KLB rev\u00eatements \u2714\ufe0f AgBB, Eurofins","robots":{"index":"noindex","follow":"follow","max-snippet":"max-snippet:-1","max-image-preview":"max-image-preview:large","max-video-preview":"max-video-preview:-1"},"og_locale":"fr_FR","og_type":"article","og_title":"Couche de remplissage EP 782 E faible en COV, bicomp. | KLB","og_description":"Couche de remplissage EP 782 E \u00e9cologique, \u00e9mulsionn\u00e9 \u00e0 l'eau bicomp. pour rev\u00eatements perm\u00e9ables | KLB rev\u00eatements \u2714\ufe0f AgBB, Eurofins","og_url":"https:\/\/dev.klb-koetztal.de\/fr\/produkt\/klb-system-epoxid-ep-782-e-spachtelgrund\/","og_site_name":"KLB K\u00f6tztal","article_publisher":"https:\/\/www.facebook.com\/klbkoetztal","article_modified_time":"2026-03-16T13:23:35+00:00","og_image":[{"width":500,"height":500,"url":"https:\/\/dev.klb-koetztal.de\/app\/uploads\/2022\/03\/EP782_E.jpg","type":"image\/jpeg"}],"twitter_card":"summary_large_image","schema":{"@context":"https:\/\/schema.org","@graph":[{"@type":"WebPage","@id":"https:\/\/dev.klb-koetztal.de\/fr\/produkt\/klb-system-epoxid-ep-782-e-spachtelgrund\/","url":"https:\/\/dev.klb-koetztal.de\/fr\/produkt\/klb-system-epoxid-ep-782-e-spachtelgrund\/","name":"Couche de remplissage EP 782 E faible en COV, bicomp. | KLB","isPartOf":{"@id":"https:\/\/dev.klb-koetztal.de\/fr\/#website"},"primaryImageOfPage":{"@id":"https:\/\/dev.klb-koetztal.de\/fr\/produkt\/klb-system-epoxid-ep-782-e-spachtelgrund\/#primaryimage"},"image":{"@id":"https:\/\/dev.klb-koetztal.de\/fr\/produkt\/klb-system-epoxid-ep-782-e-spachtelgrund\/#primaryimage"},"thumbnailUrl":"https:\/\/dev.klb-koetztal.de\/app\/uploads\/2022\/03\/EP782_E.jpg","datePublished":"2022-03-14T09:57:06+00:00","dateModified":"2026-03-16T13:23:35+00:00","description":"Couche de remplissage EP 782 E \u00e9cologique, \u00e9mulsionn\u00e9 \u00e0 l'eau bicomp. pour rev\u00eatements perm\u00e9ables | KLB rev\u00eatements \u2714\ufe0f AgBB, Eurofins","breadcrumb":{"@id":"https:\/\/dev.klb-koetztal.de\/fr\/produkt\/klb-system-epoxid-ep-782-e-spachtelgrund\/#breadcrumb"},"inLanguage":"fr-FR","potentialAction":[{"@type":"ReadAction","target":["https:\/\/dev.klb-koetztal.de\/fr\/produkt\/klb-system-epoxid-ep-782-e-spachtelgrund\/"]}]},{"@type":"ImageObject","inLanguage":"fr-FR","@id":"https:\/\/dev.klb-koetztal.de\/fr\/produkt\/klb-system-epoxid-ep-782-e-spachtelgrund\/#primaryimage","url":"https:\/\/dev.klb-koetztal.de\/app\/uploads\/2022\/03\/EP782_E.jpg","contentUrl":"https:\/\/dev.klb-koetztal.de\/app\/uploads\/2022\/03\/EP782_E.jpg","width":500,"height":500},{"@type":"BreadcrumbList","@id":"https:\/\/dev.klb-koetztal.de\/fr\/produkt\/klb-system-epoxid-ep-782-e-spachtelgrund\/#breadcrumb","itemListElement":[{"@type":"ListItem","position":1,"name":"Startseite","item":"https:\/\/dev.klb-koetztal.de\/fr\/"},{"@type":"ListItem","position":2,"name":"KLB-SYSTEM EPOXID EP 782 E Spachtelgrund"}]},{"@type":"WebSite","@id":"https:\/\/dev.klb-koetztal.de\/fr\/#website","url":"https:\/\/dev.klb-koetztal.de\/fr\/","name":"KLB K\u00f6tztal","description":"Gute B\u00f6den haben ein System.","potentialAction":[{"@type":"SearchAction","target":{"@type":"EntryPoint","urlTemplate":"https:\/\/dev.klb-koetztal.de\/fr\/?s={search_term_string}"},"query-input":{"@type":"PropertyValueSpecification","valueRequired":true,"valueName":"search_term_string"}}],"inLanguage":"fr-FR"}]}},"_links":{"self":[{"href":"https:\/\/dev.klb-koetztal.de\/fr\/wp-json\/wp\/v2\/product\/49470","targetHints":{"allow":["GET"]}}],"collection":[{"href":"https:\/\/dev.klb-koetztal.de\/fr\/wp-json\/wp\/v2\/product"}],"about":[{"href":"https:\/\/dev.klb-koetztal.de\/fr\/wp-json\/wp\/v2\/types\/product"}],"wp:featuredmedia":[{"embeddable":true,"href":"https:\/\/dev.klb-koetztal.de\/fr\/wp-json\/wp\/v2\/media\/49472"}],"wp:attachment":[{"href":"https:\/\/dev.klb-koetztal.de\/fr\/wp-json\/wp\/v2\/media?parent=49470"}],"wp:term":[{"taxonomy":"product_brand","embeddable":true,"href":"https:\/\/dev.klb-koetztal.de\/fr\/wp-json\/wp\/v2\/product_brand?post=49470"},{"taxonomy":"product_cat","embeddable":true,"href":"https:\/\/dev.klb-koetztal.de\/fr\/wp-json\/wp\/v2\/product_cat?post=49470"},{"taxonomy":"product_tag","embeddable":true,"href":"https:\/\/dev.klb-koetztal.de\/fr\/wp-json\/wp\/v2\/product_tag?post=49470"}],"curies":[{"name":"wp","href":"https:\/\/api.w.org\/{rel}","templated":true}]}}