{"id":49443,"date":"2022-03-14T10:56:33","date_gmt":"2022-03-14T09:56:33","guid":{"rendered":"https:\/\/dev.klb-koetztal.de\/produkt\/klb-system-epoxid-ep-202-clean\/"},"modified":"2026-03-16T14:21:00","modified_gmt":"2026-03-16T13:21:00","slug":"klb-system-epoxid-ep-202-clean","status":"publish","type":"product","link":"https:\/\/dev.klb-koetztal.de\/fr\/produkt\/klb-system-epoxid-ep-202-clean\/","title":{"rendered":"KLB-SYSTEM EPOXID EP 202 Clean"},"content":{"rendered":"","protected":false},"excerpt":{"rendered":"<p>Rev\u00eatement et scellement de t\u00eate&#160;en r\u00e9sine \u00e9poxy \u00e0 2 composants \u00e0 faible \u00e9mission et color\u00e9&#160;pour la r\u00e9alisation de rev\u00eatements durs et lisses.&#160;EP 202 Clean est trait\u00e9&#160;pr\u00e9ventivement contre l&rsquo;infestation bact\u00e9rienne. Ceci favorise l&rsquo;application dans les industries&#160;tr\u00e8s exigeants en mati\u00e8re d\u2018hygi\u00e8ne&#160;(alimentaire,&#160;pharmaceutique ou h\u00f4pitaux).<br \/>\nConvient aux rev\u00eatements conformes aux certifications&#160;Eurofins \u00ab Indoor Air Comfort \u00bb et \u00ab Gold \u00bb. Certifi\u00e9 selon l&rsquo;AgBB pour les pi\u00e8ces de s\u00e9jour.<\/p>\n","protected":false},"featured_media":49444,"template":"","meta":{"_acf_changed":false},"product_brand":[],"product_cat":[10159,10042,10058],"product_tag":[],"class_list":{"0":"post-49443","1":"product","2":"type-product","3":"status-publish","4":"has-post-thumbnail","6":"product_cat-revetements_revetements-en-resine-epoxyde-a-2-composants-a-faible-emission","7":"product_cat-revetements","8":"product_cat-revetements_revetements-hygieniques-et-scellements-clean","10":"first","11":"instock","12":"shipping-taxable","13":"product-type-simple"},"acf":{"product_header":{"module_product_header":{"":null,"prototype_headline":{"headline":"KLB-SYSTEM EPOXID EP 202 Clean","h1":true,"subheadline":"Rev\u00eatement et scellement de t\u00eate en r\u00e9sine \u00e9poxy \u00e0 2 composants test\u00e9 selon l'AgBB et \u00e0 faible \u00e9mission&#160;pour la r\u00e9alisation de sols sans joint qui sont tr\u00e8s exigeant en mati\u00e8re d\u2018hygi\u00e8ne","anchor":"","url":""},"grid_text_slider":false,"grid_text_content":[{"text":"<p class=\"product-short-title\" style=\"text-align: center;\"><strong>Br\u00e8ve description<\/strong><\/p>\n<p>Rev\u00eatement et scellement de t\u00eate&#160;en r\u00e9sine \u00e9poxy \u00e0 2 composants \u00e0 faible \u00e9mission et color\u00e9&#160;pour la r\u00e9alisation de rev\u00eatements durs et lisses.&#160;EP 202 Clean est trait\u00e9&#160;pr\u00e9ventivement contre l&rsquo;infestation bact\u00e9rienne. Ceci favorise l&rsquo;application dans les industries&#160;tr\u00e8s exigeants en mati\u00e8re d\u2018hygi\u00e8ne&#160;(alimentaire,&#160;pharmaceutique ou h\u00f4pitaux).<\/p>\n<p>Convient aux rev\u00eatements conformes aux certifications&#160;Eurofins \u00ab Indoor Air Comfort \u00bb et \u00ab Gold \u00bb. Certifi\u00e9 selon l&rsquo;AgBB pour les pi\u00e8ces de s\u00e9jour.<\/p>\n","width":"4","background_color_text":"bg-white","border_color":"border-gray-light"},{"text":"<p class=\"product-sicing-title\" style=\"text-align: center;\"><strong>Unit\u00e9s d'emballage<\/strong><\/p>\n<ul>\n<li>AK1202-50 &#8211; Combinaison Seau 12,00 kg<\/li>\n<li>AK1202-30 &#8211; Combinaison Hobbock 30,00 kg<\/li>\n<\/ul>\n<p><\/p>\n<p>N&rsquo;h\u00e9sitez pas \u00e0 contacter directement pour toute demande concernant des quantit\u00e9s de livraison ou des unit\u00e9s de conditionnement plus importantes.<\/p>\n\n","width":"4","background_color_text":"bg-white","border_color":"border-gray-light"},{"text":"<p class=\"product-attr-title\" style=\"text-align: center;\"><strong>Propri\u00e9t\u00e9s<\/strong><\/p>\n<ul>\n<li>Total Solid selon GISCODE (m\u00e9thode d&rsquo;essai de \u00ab Deutsche Bauchemie \u00bb, l&rsquo;association all. pour la chimie de construction)<\/li>\n<li>hygi\u00e9nique<\/li>\n<li>r\u00e9sistance \u00e9quilibre<\/li>\n<li>stable \u00e0 l&rsquo;hydrolyse et \u00e0 la saponification<\/li>\n<li>surface color\u00e9e<\/li>\n<li>r\u00e9sistant \u00e0 l&rsquo;abrasion et \u00e0 l&rsquo;usure<\/li>\n<li>qualit\u00e9 contr\u00f4l\u00e9e, \u00e0 faible \u00e9mission<\/li>\n<\/ul>\n","width":"4","background_color_text":"bg-white","border_color":"border-gray-light"}],"background_color":"bg-none","background_color_content":"bg-none"}},"downloads":{"module_download_list":{"inhalt":null,"downloads":[{"download":{"ID":64133,"id":64133,"title":"EP_202_Clean_PI_fr_2025_01","filename":"EP_202_Clean_PI_fr_2025_01.pdf","filesize":595984,"url":"https:\/\/dev.klb-koetztal.de\/app\/uploads\/2025\/01\/EP_202_Clean_PI_fr_2025_01.pdf","link":"https:\/\/dev.klb-koetztal.de\/fr\/?attachment_id=64133","alt":"","author":"7","description":"","caption":"","name":"ep_202_clean_pi_fr_2025_01-2","status":"inherit","uploaded_to":0,"date":"2025-01-22 12:20:27","modified":"2025-01-22 12:20:27","menu_order":0,"mime_type":"application\/pdf","type":"application","subtype":"pdf","icon":"https:\/\/dev.klb-koetztal.de\/wp\/wp-includes\/images\/media\/document.png"},"filename":"Information produit","protected":false,"doclang":"FR","externalkey":"Produktinformation","docpos":"3"},{"download":{"ID":49447,"id":49447,"title":"Leistungserkl\u00e4rung - Statement of performance","filename":"EP202_EP202_Clean_LE_2019-10.pdf","filesize":673383,"url":"https:\/\/dev.klb-koetztal.de\/app\/uploads\/2022\/03\/EP202_EP202_Clean_LE_2019-10.pdf","link":"https:\/\/dev.klb-koetztal.de\/fr\/?attachment_id=49447","alt":"","author":"7","description":"","caption":"","name":"ep202_ep202_clean_le_2019-10","status":"inherit","uploaded_to":0,"date":"2022-03-14 09:56:37","modified":"2026-03-16 13:21:07","menu_order":0,"mime_type":"application\/pdf","type":"application","subtype":"pdf","icon":"https:\/\/dev.klb-koetztal.de\/wp\/wp-includes\/images\/media\/document.png"},"filename":"D\u00e9claration de performance","protected":false,"doclang":"Multi","externalkey":"Leistungserklaerung","docpos":"50"},{"download":{"ID":51957,"id":51957,"title":"EP202_Clean_Umwelt-Deklaration_2022-08","filename":"EP202_Clean_Umwelt-Deklaration_2022-08.pdf","filesize":2343875,"url":"https:\/\/dev.klb-koetztal.de\/app\/uploads\/2022\/09\/EP202_Clean_Umwelt-Deklaration_2022-08.pdf","link":"https:\/\/dev.klb-koetztal.de\/fr\/?attachment_id=51957","alt":"","author":"7","description":"","caption":"","name":"ep202_clean_umwelt-deklaration_2022-08-2","status":"inherit","uploaded_to":0,"date":"2022-09-01 09:35:27","modified":"2022-09-01 09:35:27","menu_order":0,"mime_type":"application\/pdf","type":"application","subtype":"pdf","icon":"https:\/\/dev.klb-koetztal.de\/wp\/wp-includes\/images\/media\/document.png"},"filename":"D\u00e9clarations de produit environnemental (EPD)","protected":false,"doclang":"Multi","externalkey":"Umweltproduktdeklaration","docpos":"50"},{"download":false,"filename":"Fiche de donn\u00e9es de s\u00e9curit\u00e9","protected":true,"doclang":"FR","externalkey":"Sicherheitsdatenblatt","docpos":"3"}],"einstellungen":null,"background_color":"bg-none","background_color_content":"bg-none"}},"included_in_systems":{"module_included_in_systems":{"":null,"background_color":"bg-gray-medium","background_color_content":"bg-none"}},"contact":{"module_contact":{"":null,"background_color":"bg-none","background_color_content":"bg-none"}},"ausschreibende":{"module_ausschreibende":{"andern_sie_den_inhalt_unter_universelle_elemente":null,"background_color":"bg-none","background_color_content":"bg-none"}}},"yoast_head":"<!-- This site is optimized with the Yoast SEO plugin v27.0 - https:\/\/yoast.com\/product\/yoast-seo-wordpress\/ -->\n<title>Rev\u00eatement EP 202 Clean faible en COV, antibact\u00e9rien | KLB<\/title>\n<meta name=\"description\" content=\"Rev\u00eatement de sol et finition EP 202 Clean bicomposant \u00e0 faible \u00e9mission, hygi\u00e9nique, lisse, dur | KLB rev\u00eatements \u2714\ufe0f AgBB, Eurofins\" \/>\n<meta name=\"robots\" content=\"noindex, follow, max-snippet:-1, max-image-preview:large, max-video-preview:-1\" \/>\n<meta property=\"og:locale\" content=\"fr_FR\" \/>\n<meta property=\"og:type\" content=\"article\" \/>\n<meta property=\"og:title\" content=\"Rev\u00eatement EP 202 Clean faible en COV, antibact\u00e9rien | KLB\" \/>\n<meta property=\"og:description\" content=\"Rev\u00eatement de sol et finition EP 202 Clean bicomposant \u00e0 faible \u00e9mission, hygi\u00e9nique, lisse, dur | KLB rev\u00eatements \u2714\ufe0f AgBB, Eurofins\" \/>\n<meta property=\"og:url\" content=\"https:\/\/dev.klb-koetztal.de\/fr\/produkt\/klb-system-epoxid-ep-202-clean\/\" \/>\n<meta property=\"og:site_name\" content=\"KLB K\u00f6tztal\" \/>\n<meta property=\"article:publisher\" content=\"https:\/\/www.facebook.com\/klbkoetztal\" \/>\n<meta property=\"article:modified_time\" content=\"2026-03-16T13:21:00+00:00\" \/>\n<meta property=\"og:image\" content=\"https:\/\/dev.klb-koetztal.de\/app\/uploads\/2022\/03\/EP202_Clean.jpg\" \/>\n\t<meta property=\"og:image:width\" content=\"500\" \/>\n\t<meta property=\"og:image:height\" content=\"500\" \/>\n\t<meta property=\"og:image:type\" content=\"image\/jpeg\" \/>\n<meta name=\"twitter:card\" content=\"summary_large_image\" \/>\n<script type=\"application\/ld+json\" class=\"yoast-schema-graph\">{\"@context\":\"https:\/\/schema.org\",\"@graph\":[{\"@type\":\"WebPage\",\"@id\":\"https:\/\/dev.klb-koetztal.de\/fr\/produkt\/klb-system-epoxid-ep-202-clean\/\",\"url\":\"https:\/\/dev.klb-koetztal.de\/fr\/produkt\/klb-system-epoxid-ep-202-clean\/\",\"name\":\"Rev\u00eatement EP 202 Clean faible en COV, antibact\u00e9rien | KLB\",\"isPartOf\":{\"@id\":\"https:\/\/dev.klb-koetztal.de\/fr\/#website\"},\"primaryImageOfPage\":{\"@id\":\"https:\/\/dev.klb-koetztal.de\/fr\/produkt\/klb-system-epoxid-ep-202-clean\/#primaryimage\"},\"image\":{\"@id\":\"https:\/\/dev.klb-koetztal.de\/fr\/produkt\/klb-system-epoxid-ep-202-clean\/#primaryimage\"},\"thumbnailUrl\":\"https:\/\/dev.klb-koetztal.de\/app\/uploads\/2022\/03\/EP202_Clean.jpg\",\"datePublished\":\"2022-03-14T09:56:33+00:00\",\"dateModified\":\"2026-03-16T13:21:00+00:00\",\"description\":\"Rev\u00eatement de sol et finition EP 202 Clean bicomposant \u00e0 faible \u00e9mission, hygi\u00e9nique, lisse, dur | KLB rev\u00eatements \u2714\ufe0f AgBB, Eurofins\",\"breadcrumb\":{\"@id\":\"https:\/\/dev.klb-koetztal.de\/fr\/produkt\/klb-system-epoxid-ep-202-clean\/#breadcrumb\"},\"inLanguage\":\"fr-FR\",\"potentialAction\":[{\"@type\":\"ReadAction\",\"target\":[\"https:\/\/dev.klb-koetztal.de\/fr\/produkt\/klb-system-epoxid-ep-202-clean\/\"]}]},{\"@type\":\"ImageObject\",\"inLanguage\":\"fr-FR\",\"@id\":\"https:\/\/dev.klb-koetztal.de\/fr\/produkt\/klb-system-epoxid-ep-202-clean\/#primaryimage\",\"url\":\"https:\/\/dev.klb-koetztal.de\/app\/uploads\/2022\/03\/EP202_Clean.jpg\",\"contentUrl\":\"https:\/\/dev.klb-koetztal.de\/app\/uploads\/2022\/03\/EP202_Clean.jpg\",\"width\":500,\"height\":500},{\"@type\":\"BreadcrumbList\",\"@id\":\"https:\/\/dev.klb-koetztal.de\/fr\/produkt\/klb-system-epoxid-ep-202-clean\/#breadcrumb\",\"itemListElement\":[{\"@type\":\"ListItem\",\"position\":1,\"name\":\"Startseite\",\"item\":\"https:\/\/dev.klb-koetztal.de\/fr\/\"},{\"@type\":\"ListItem\",\"position\":2,\"name\":\"KLB-SYSTEM EPOXID EP 202 Clean\"}]},{\"@type\":\"WebSite\",\"@id\":\"https:\/\/dev.klb-koetztal.de\/fr\/#website\",\"url\":\"https:\/\/dev.klb-koetztal.de\/fr\/\",\"name\":\"KLB K\u00f6tztal\",\"description\":\"Gute B\u00f6den haben ein System.\",\"potentialAction\":[{\"@type\":\"SearchAction\",\"target\":{\"@type\":\"EntryPoint\",\"urlTemplate\":\"https:\/\/dev.klb-koetztal.de\/fr\/?s={search_term_string}\"},\"query-input\":{\"@type\":\"PropertyValueSpecification\",\"valueRequired\":true,\"valueName\":\"search_term_string\"}}],\"inLanguage\":\"fr-FR\"}]}<\/script>\n<!-- \/ Yoast SEO plugin. -->","yoast_head_json":{"title":"Rev\u00eatement EP 202 Clean faible en COV, antibact\u00e9rien | KLB","description":"Rev\u00eatement de sol et finition EP 202 Clean bicomposant \u00e0 faible \u00e9mission, hygi\u00e9nique, lisse, dur | KLB rev\u00eatements \u2714\ufe0f AgBB, Eurofins","robots":{"index":"noindex","follow":"follow","max-snippet":"max-snippet:-1","max-image-preview":"max-image-preview:large","max-video-preview":"max-video-preview:-1"},"og_locale":"fr_FR","og_type":"article","og_title":"Rev\u00eatement EP 202 Clean faible en COV, antibact\u00e9rien | KLB","og_description":"Rev\u00eatement de sol et finition EP 202 Clean bicomposant \u00e0 faible \u00e9mission, hygi\u00e9nique, lisse, dur | KLB rev\u00eatements \u2714\ufe0f AgBB, Eurofins","og_url":"https:\/\/dev.klb-koetztal.de\/fr\/produkt\/klb-system-epoxid-ep-202-clean\/","og_site_name":"KLB K\u00f6tztal","article_publisher":"https:\/\/www.facebook.com\/klbkoetztal","article_modified_time":"2026-03-16T13:21:00+00:00","og_image":[{"width":500,"height":500,"url":"https:\/\/dev.klb-koetztal.de\/app\/uploads\/2022\/03\/EP202_Clean.jpg","type":"image\/jpeg"}],"twitter_card":"summary_large_image","schema":{"@context":"https:\/\/schema.org","@graph":[{"@type":"WebPage","@id":"https:\/\/dev.klb-koetztal.de\/fr\/produkt\/klb-system-epoxid-ep-202-clean\/","url":"https:\/\/dev.klb-koetztal.de\/fr\/produkt\/klb-system-epoxid-ep-202-clean\/","name":"Rev\u00eatement EP 202 Clean faible en COV, antibact\u00e9rien | KLB","isPartOf":{"@id":"https:\/\/dev.klb-koetztal.de\/fr\/#website"},"primaryImageOfPage":{"@id":"https:\/\/dev.klb-koetztal.de\/fr\/produkt\/klb-system-epoxid-ep-202-clean\/#primaryimage"},"image":{"@id":"https:\/\/dev.klb-koetztal.de\/fr\/produkt\/klb-system-epoxid-ep-202-clean\/#primaryimage"},"thumbnailUrl":"https:\/\/dev.klb-koetztal.de\/app\/uploads\/2022\/03\/EP202_Clean.jpg","datePublished":"2022-03-14T09:56:33+00:00","dateModified":"2026-03-16T13:21:00+00:00","description":"Rev\u00eatement de sol et finition EP 202 Clean bicomposant \u00e0 faible \u00e9mission, hygi\u00e9nique, lisse, dur | KLB rev\u00eatements \u2714\ufe0f AgBB, Eurofins","breadcrumb":{"@id":"https:\/\/dev.klb-koetztal.de\/fr\/produkt\/klb-system-epoxid-ep-202-clean\/#breadcrumb"},"inLanguage":"fr-FR","potentialAction":[{"@type":"ReadAction","target":["https:\/\/dev.klb-koetztal.de\/fr\/produkt\/klb-system-epoxid-ep-202-clean\/"]}]},{"@type":"ImageObject","inLanguage":"fr-FR","@id":"https:\/\/dev.klb-koetztal.de\/fr\/produkt\/klb-system-epoxid-ep-202-clean\/#primaryimage","url":"https:\/\/dev.klb-koetztal.de\/app\/uploads\/2022\/03\/EP202_Clean.jpg","contentUrl":"https:\/\/dev.klb-koetztal.de\/app\/uploads\/2022\/03\/EP202_Clean.jpg","width":500,"height":500},{"@type":"BreadcrumbList","@id":"https:\/\/dev.klb-koetztal.de\/fr\/produkt\/klb-system-epoxid-ep-202-clean\/#breadcrumb","itemListElement":[{"@type":"ListItem","position":1,"name":"Startseite","item":"https:\/\/dev.klb-koetztal.de\/fr\/"},{"@type":"ListItem","position":2,"name":"KLB-SYSTEM EPOXID EP 202 Clean"}]},{"@type":"WebSite","@id":"https:\/\/dev.klb-koetztal.de\/fr\/#website","url":"https:\/\/dev.klb-koetztal.de\/fr\/","name":"KLB K\u00f6tztal","description":"Gute B\u00f6den haben ein System.","potentialAction":[{"@type":"SearchAction","target":{"@type":"EntryPoint","urlTemplate":"https:\/\/dev.klb-koetztal.de\/fr\/?s={search_term_string}"},"query-input":{"@type":"PropertyValueSpecification","valueRequired":true,"valueName":"search_term_string"}}],"inLanguage":"fr-FR"}]}},"_links":{"self":[{"href":"https:\/\/dev.klb-koetztal.de\/fr\/wp-json\/wp\/v2\/product\/49443","targetHints":{"allow":["GET"]}}],"collection":[{"href":"https:\/\/dev.klb-koetztal.de\/fr\/wp-json\/wp\/v2\/product"}],"about":[{"href":"https:\/\/dev.klb-koetztal.de\/fr\/wp-json\/wp\/v2\/types\/product"}],"wp:featuredmedia":[{"embeddable":true,"href":"https:\/\/dev.klb-koetztal.de\/fr\/wp-json\/wp\/v2\/media\/49444"}],"wp:attachment":[{"href":"https:\/\/dev.klb-koetztal.de\/fr\/wp-json\/wp\/v2\/media?parent=49443"}],"wp:term":[{"taxonomy":"product_brand","embeddable":true,"href":"https:\/\/dev.klb-koetztal.de\/fr\/wp-json\/wp\/v2\/product_brand?post=49443"},{"taxonomy":"product_cat","embeddable":true,"href":"https:\/\/dev.klb-koetztal.de\/fr\/wp-json\/wp\/v2\/product_cat?post=49443"},{"taxonomy":"product_tag","embeddable":true,"href":"https:\/\/dev.klb-koetztal.de\/fr\/wp-json\/wp\/v2\/product_tag?post=49443"}],"curies":[{"name":"wp","href":"https:\/\/api.w.org\/{rel}","templated":true}]}}