{"id":49430,"date":"2022-03-14T10:56:19","date_gmt":"2022-03-14T09:56:19","guid":{"rendered":"https:\/\/dev.klb-koetztal.de\/produkt\/klb-system-epoxid-ep-785-hs\/"},"modified":"2026-03-16T14:24:36","modified_gmt":"2026-03-16T13:24:36","slug":"klb-system-epoxid-ep-785-hs","status":"publish","type":"product","link":"https:\/\/dev.klb-koetztal.de\/fr\/produkt\/klb-system-epoxid-ep-785-hs\/","title":{"rendered":"KLB-SYSTEM EPOXID EP 785 HS"},"content":{"rendered":"","protected":false},"excerpt":{"rendered":"<p>Rev\u00eatement autolissant \u00e0 l&rsquo;\u00e9mulsion en r\u00e9sine \u00e9poxy bicomposante&#160;\u00e0 faible \u00e9mission, color\u00e9 et perm\u00e9able \u00e0 la vapeur.&#160;Convient pour les rev\u00eatements sur les substrats n\u00e9cessitant un rev\u00eatement perm\u00e9able (les chapes en magn\u00e9sie, les substrats en contact avec le sol ou tr\u00e8s&#160;humides).<br \/>\nConforme \u00e0&#160;l&rsquo;AgBB pour les pi\u00e8ces de s\u00e9jour. Certifi\u00e9 par Eurofins \u00ab Indoor Air Comfort Gold \u00bb, comme \u00e9tant&#160;particuli\u00e8rement faible en \u00e9missions.<\/p>\n","protected":false},"featured_media":49431,"template":"","meta":{"_acf_changed":false},"product_brand":[],"product_cat":[10159,10042,10057],"product_tag":[],"class_list":{"0":"post-49430","1":"product","2":"type-product","3":"status-publish","4":"has-post-thumbnail","6":"product_cat-revetements_revetements-en-resine-epoxyde-a-2-composants-a-faible-emission","7":"product_cat-revetements","8":"product_cat-revetements_revetements-et-scellements-permeables-a-la-diffusion-de-vapeur","10":"first","11":"instock","12":"shipping-taxable","13":"product-type-simple"},"acf":{"product_header":{"module_product_header":{"":null,"prototype_headline":{"headline":"KLB-SYSTEM EPOXID EP 785 HS","h1":true,"subheadline":"Rev\u00eatement autolissant \u00e0 l'\u00e9mulsion en r\u00e9sine \u00e9poxy bicomposante&#160;\u00e0 faible \u00e9mission et perm\u00e9able \u00e0 la vapeur d'eau","anchor":"","url":""},"grid_text_slider":false,"grid_text_content":[{"text":"<p class=\"product-short-title\" style=\"text-align: center;\"><strong>Br\u00e8ve description<\/strong><\/p>\n<p>Rev\u00eatement autolissant \u00e0 l&rsquo;\u00e9mulsion en r\u00e9sine \u00e9poxy bicomposante&#160;\u00e0 faible \u00e9mission, color\u00e9 et perm\u00e9able \u00e0 la vapeur.&#160;Convient pour les rev\u00eatements sur les substrats n\u00e9cessitant un rev\u00eatement perm\u00e9able (les chapes en magn\u00e9sie, les substrats en contact avec le sol ou tr\u00e8s&#160;humides).<\/p>\n<p>Conforme \u00e0&#160;l&rsquo;AgBB pour les pi\u00e8ces de s\u00e9jour. Certifi\u00e9 par Eurofins \u00ab Indoor Air Comfort Gold \u00bb, comme \u00e9tant&#160;particuli\u00e8rement faible en \u00e9missions.<\/p>\n","width":"4","background_color_text":"bg-white","border_color":"border-gray-light"},{"text":"<p class=\"product-sicing-title\" style=\"text-align: center;\"><strong>Unit\u00e9s d'emballage<\/strong><\/p>\n<ul>\n<li>AK2725-11 &#8211; Combinaison Seau 11,00 kg<\/li>\n<li>AK2725-30 &#8211; Combinaison Hobbock 30,00 kg<\/li>\n<\/ul>\n<p><\/p>\n<p>N&rsquo;h\u00e9sitez pas \u00e0 contacter directement pour toute demande concernant des quantit\u00e9s de livraison ou des unit\u00e9s de conditionnement plus importantes.<\/p>\n\n","width":"4","background_color_text":"bg-white","border_color":"border-gray-light"},{"text":"<p class=\"product-attr-title\" style=\"text-align: center;\"><strong>Propri\u00e9t\u00e9s<\/strong><\/p>\n<ul>\n<li>pr\u00eat \u00e0 l&#8217;emploi<\/li>\n<li>inodore<\/li>\n<li>qualit\u00e9 contr\u00f4l\u00e9e, \u00e0 faible \u00e9mission<\/li>\n<li>respectueux de l&rsquo;environnement<\/li>\n<li>total Solid selon GISCODE<\/li>\n<li>perm\u00e9able \u00e0 la vapeur d&rsquo;eau<\/li>\n<li>utilisation simple<\/li>\n<li>surface homog\u00e8ne<\/li>\n<li>mat<\/li>\n<\/ul>\n","width":"4","background_color_text":"bg-white","border_color":"border-gray-light"}],"background_color":"bg-none","background_color_content":"bg-none"}},"downloads":{"module_download_list":{"inhalt":null,"downloads":[{"download":{"ID":59059,"id":59059,"title":"EP_785_HS_PI_fr_2023_11","filename":"EP_785_HS_PI_fr_2023_11.pdf","filesize":573836,"url":"https:\/\/dev.klb-koetztal.de\/app\/uploads\/2023\/11\/EP_785_HS_PI_fr_2023_11.pdf","link":"https:\/\/dev.klb-koetztal.de\/fr\/?attachment_id=59059","alt":"","author":"7","description":"","caption":"","name":"ep_785_hs_pi_fr_2023_11-2","status":"inherit","uploaded_to":0,"date":"2023-11-28 07:40:30","modified":"2023-11-28 07:40:30","menu_order":0,"mime_type":"application\/pdf","type":"application","subtype":"pdf","icon":"https:\/\/dev.klb-koetztal.de\/wp\/wp-includes\/images\/media\/document.png"},"filename":"Information produit","protected":false,"doclang":"FR","externalkey":"Produktinformation","docpos":"3"},{"download":{"ID":49433,"id":49433,"title":"Leistungserkl\u00e4rung - Statement of performance","filename":"EP785_HS_LE_2013-04.pdf","filesize":170044,"url":"https:\/\/dev.klb-koetztal.de\/app\/uploads\/2022\/03\/EP785_HS_LE_2013-04.pdf","link":"https:\/\/dev.klb-koetztal.de\/fr\/?attachment_id=49433","alt":"","author":"7","description":"","caption":"","name":"ep785_hs_le_2013-04","status":"inherit","uploaded_to":0,"date":"2022-03-14 09:56:22","modified":"2026-03-16 13:24:44","menu_order":0,"mime_type":"application\/pdf","type":"application","subtype":"pdf","icon":"https:\/\/dev.klb-koetztal.de\/wp\/wp-includes\/images\/media\/document.png"},"filename":"D\u00e9claration de performance","protected":false,"doclang":"Multi","externalkey":"Leistungserklaerung","docpos":"50"},{"download":{"ID":52047,"id":52047,"title":"EP785_HS_Umwelt-Deklaration_2022-08","filename":"EP785_HS_Umwelt-Deklaration_2022-08.pdf","filesize":2342592,"url":"https:\/\/dev.klb-koetztal.de\/app\/uploads\/2022\/09\/EP785_HS_Umwelt-Deklaration_2022-08.pdf","link":"https:\/\/dev.klb-koetztal.de\/fr\/?attachment_id=52047","alt":"","author":"7","description":"","caption":"","name":"ep785_hs_umwelt-deklaration_2022-08-2","status":"inherit","uploaded_to":0,"date":"2022-09-01 11:35:33","modified":"2022-09-01 11:35:33","menu_order":0,"mime_type":"application\/pdf","type":"application","subtype":"pdf","icon":"https:\/\/dev.klb-koetztal.de\/wp\/wp-includes\/images\/media\/document.png"},"filename":"D\u00e9clarations de produit environnemental (EPD)","protected":false,"doclang":"Multi","externalkey":"Umweltproduktdeklaration","docpos":"50"},{"download":false,"filename":"Fiche de donn\u00e9es de s\u00e9curit\u00e9","protected":true,"doclang":"FR","externalkey":"Sicherheitsdatenblatt","docpos":"3"}],"einstellungen":null,"background_color":"bg-none","background_color_content":"bg-none"}},"included_in_systems":{"module_included_in_systems":{"":null,"background_color":"bg-gray-medium","background_color_content":"bg-none"}},"contact":{"module_contact":{"":null,"background_color":"bg-none","background_color_content":"bg-none"}},"ausschreibende":{"module_ausschreibende":{"andern_sie_den_inhalt_unter_universelle_elemente":null,"background_color":"bg-none","background_color_content":"bg-none"}}},"yoast_head":"<!-- This site is optimized with the Yoast SEO plugin v27.0 - https:\/\/yoast.com\/product\/yoast-seo-wordpress\/ -->\n<title>Rev\u00eatement de sol EP 785 HS diffusible, faible en COV | KLB<\/title>\n<meta name=\"description\" content=\"Rev\u00eatement EP 785 HS perm\u00e9able \u00e0 la vapeur, \u00e0 faible \u00e9mission pour magn\u00e9sie, substrats en contact avec le sol ou humides | KLB sols \u2714\ufe0f AgBB, Eurofins\" \/>\n<meta name=\"robots\" content=\"noindex, follow, max-snippet:-1, max-image-preview:large, max-video-preview:-1\" \/>\n<meta property=\"og:locale\" content=\"fr_FR\" \/>\n<meta property=\"og:type\" content=\"article\" \/>\n<meta property=\"og:title\" content=\"Rev\u00eatement de sol EP 785 HS diffusible, faible en COV | KLB\" \/>\n<meta property=\"og:description\" content=\"Rev\u00eatement EP 785 HS perm\u00e9able \u00e0 la vapeur, \u00e0 faible \u00e9mission pour magn\u00e9sie, substrats en contact avec le sol ou humides | KLB sols \u2714\ufe0f AgBB, Eurofins\" \/>\n<meta property=\"og:url\" content=\"https:\/\/dev.klb-koetztal.de\/fr\/produkt\/klb-system-epoxid-ep-785-hs\/\" \/>\n<meta property=\"og:site_name\" content=\"KLB K\u00f6tztal\" \/>\n<meta property=\"article:publisher\" content=\"https:\/\/www.facebook.com\/klbkoetztal\" \/>\n<meta property=\"article:modified_time\" content=\"2026-03-16T13:24:36+00:00\" \/>\n<meta property=\"og:image\" content=\"https:\/\/dev.klb-koetztal.de\/app\/uploads\/2022\/03\/EP785_HS.jpg\" \/>\n\t<meta property=\"og:image:width\" content=\"500\" \/>\n\t<meta property=\"og:image:height\" content=\"500\" \/>\n\t<meta property=\"og:image:type\" content=\"image\/jpeg\" \/>\n<meta name=\"twitter:card\" content=\"summary_large_image\" \/>\n<script type=\"application\/ld+json\" class=\"yoast-schema-graph\">{\"@context\":\"https:\/\/schema.org\",\"@graph\":[{\"@type\":\"WebPage\",\"@id\":\"https:\/\/dev.klb-koetztal.de\/fr\/produkt\/klb-system-epoxid-ep-785-hs\/\",\"url\":\"https:\/\/dev.klb-koetztal.de\/fr\/produkt\/klb-system-epoxid-ep-785-hs\/\",\"name\":\"Rev\u00eatement de sol EP 785 HS diffusible, faible en COV | KLB\",\"isPartOf\":{\"@id\":\"https:\/\/dev.klb-koetztal.de\/fr\/#website\"},\"primaryImageOfPage\":{\"@id\":\"https:\/\/dev.klb-koetztal.de\/fr\/produkt\/klb-system-epoxid-ep-785-hs\/#primaryimage\"},\"image\":{\"@id\":\"https:\/\/dev.klb-koetztal.de\/fr\/produkt\/klb-system-epoxid-ep-785-hs\/#primaryimage\"},\"thumbnailUrl\":\"https:\/\/dev.klb-koetztal.de\/app\/uploads\/2022\/03\/EP785_HS.jpg\",\"datePublished\":\"2022-03-14T09:56:19+00:00\",\"dateModified\":\"2026-03-16T13:24:36+00:00\",\"description\":\"Rev\u00eatement EP 785 HS perm\u00e9able \u00e0 la vapeur, \u00e0 faible \u00e9mission pour magn\u00e9sie, substrats en contact avec le sol ou humides | KLB sols \u2714\ufe0f AgBB, Eurofins\",\"breadcrumb\":{\"@id\":\"https:\/\/dev.klb-koetztal.de\/fr\/produkt\/klb-system-epoxid-ep-785-hs\/#breadcrumb\"},\"inLanguage\":\"fr-FR\",\"potentialAction\":[{\"@type\":\"ReadAction\",\"target\":[\"https:\/\/dev.klb-koetztal.de\/fr\/produkt\/klb-system-epoxid-ep-785-hs\/\"]}]},{\"@type\":\"ImageObject\",\"inLanguage\":\"fr-FR\",\"@id\":\"https:\/\/dev.klb-koetztal.de\/fr\/produkt\/klb-system-epoxid-ep-785-hs\/#primaryimage\",\"url\":\"https:\/\/dev.klb-koetztal.de\/app\/uploads\/2022\/03\/EP785_HS.jpg\",\"contentUrl\":\"https:\/\/dev.klb-koetztal.de\/app\/uploads\/2022\/03\/EP785_HS.jpg\",\"width\":500,\"height\":500},{\"@type\":\"BreadcrumbList\",\"@id\":\"https:\/\/dev.klb-koetztal.de\/fr\/produkt\/klb-system-epoxid-ep-785-hs\/#breadcrumb\",\"itemListElement\":[{\"@type\":\"ListItem\",\"position\":1,\"name\":\"Startseite\",\"item\":\"https:\/\/dev.klb-koetztal.de\/fr\/\"},{\"@type\":\"ListItem\",\"position\":2,\"name\":\"KLB-SYSTEM EPOXID EP 785 HS\"}]},{\"@type\":\"WebSite\",\"@id\":\"https:\/\/dev.klb-koetztal.de\/fr\/#website\",\"url\":\"https:\/\/dev.klb-koetztal.de\/fr\/\",\"name\":\"KLB K\u00f6tztal\",\"description\":\"Gute B\u00f6den haben ein System.\",\"potentialAction\":[{\"@type\":\"SearchAction\",\"target\":{\"@type\":\"EntryPoint\",\"urlTemplate\":\"https:\/\/dev.klb-koetztal.de\/fr\/?s={search_term_string}\"},\"query-input\":{\"@type\":\"PropertyValueSpecification\",\"valueRequired\":true,\"valueName\":\"search_term_string\"}}],\"inLanguage\":\"fr-FR\"}]}<\/script>\n<!-- \/ Yoast SEO plugin. -->","yoast_head_json":{"title":"Rev\u00eatement de sol EP 785 HS diffusible, faible en COV | KLB","description":"Rev\u00eatement EP 785 HS perm\u00e9able \u00e0 la vapeur, \u00e0 faible \u00e9mission pour magn\u00e9sie, substrats en contact avec le sol ou humides | KLB sols \u2714\ufe0f AgBB, Eurofins","robots":{"index":"noindex","follow":"follow","max-snippet":"max-snippet:-1","max-image-preview":"max-image-preview:large","max-video-preview":"max-video-preview:-1"},"og_locale":"fr_FR","og_type":"article","og_title":"Rev\u00eatement de sol EP 785 HS diffusible, faible en COV | KLB","og_description":"Rev\u00eatement EP 785 HS perm\u00e9able \u00e0 la vapeur, \u00e0 faible \u00e9mission pour magn\u00e9sie, substrats en contact avec le sol ou humides | KLB sols \u2714\ufe0f AgBB, Eurofins","og_url":"https:\/\/dev.klb-koetztal.de\/fr\/produkt\/klb-system-epoxid-ep-785-hs\/","og_site_name":"KLB K\u00f6tztal","article_publisher":"https:\/\/www.facebook.com\/klbkoetztal","article_modified_time":"2026-03-16T13:24:36+00:00","og_image":[{"width":500,"height":500,"url":"https:\/\/dev.klb-koetztal.de\/app\/uploads\/2022\/03\/EP785_HS.jpg","type":"image\/jpeg"}],"twitter_card":"summary_large_image","schema":{"@context":"https:\/\/schema.org","@graph":[{"@type":"WebPage","@id":"https:\/\/dev.klb-koetztal.de\/fr\/produkt\/klb-system-epoxid-ep-785-hs\/","url":"https:\/\/dev.klb-koetztal.de\/fr\/produkt\/klb-system-epoxid-ep-785-hs\/","name":"Rev\u00eatement de sol EP 785 HS diffusible, faible en COV | KLB","isPartOf":{"@id":"https:\/\/dev.klb-koetztal.de\/fr\/#website"},"primaryImageOfPage":{"@id":"https:\/\/dev.klb-koetztal.de\/fr\/produkt\/klb-system-epoxid-ep-785-hs\/#primaryimage"},"image":{"@id":"https:\/\/dev.klb-koetztal.de\/fr\/produkt\/klb-system-epoxid-ep-785-hs\/#primaryimage"},"thumbnailUrl":"https:\/\/dev.klb-koetztal.de\/app\/uploads\/2022\/03\/EP785_HS.jpg","datePublished":"2022-03-14T09:56:19+00:00","dateModified":"2026-03-16T13:24:36+00:00","description":"Rev\u00eatement EP 785 HS perm\u00e9able \u00e0 la vapeur, \u00e0 faible \u00e9mission pour magn\u00e9sie, substrats en contact avec le sol ou humides | KLB sols \u2714\ufe0f AgBB, Eurofins","breadcrumb":{"@id":"https:\/\/dev.klb-koetztal.de\/fr\/produkt\/klb-system-epoxid-ep-785-hs\/#breadcrumb"},"inLanguage":"fr-FR","potentialAction":[{"@type":"ReadAction","target":["https:\/\/dev.klb-koetztal.de\/fr\/produkt\/klb-system-epoxid-ep-785-hs\/"]}]},{"@type":"ImageObject","inLanguage":"fr-FR","@id":"https:\/\/dev.klb-koetztal.de\/fr\/produkt\/klb-system-epoxid-ep-785-hs\/#primaryimage","url":"https:\/\/dev.klb-koetztal.de\/app\/uploads\/2022\/03\/EP785_HS.jpg","contentUrl":"https:\/\/dev.klb-koetztal.de\/app\/uploads\/2022\/03\/EP785_HS.jpg","width":500,"height":500},{"@type":"BreadcrumbList","@id":"https:\/\/dev.klb-koetztal.de\/fr\/produkt\/klb-system-epoxid-ep-785-hs\/#breadcrumb","itemListElement":[{"@type":"ListItem","position":1,"name":"Startseite","item":"https:\/\/dev.klb-koetztal.de\/fr\/"},{"@type":"ListItem","position":2,"name":"KLB-SYSTEM EPOXID EP 785 HS"}]},{"@type":"WebSite","@id":"https:\/\/dev.klb-koetztal.de\/fr\/#website","url":"https:\/\/dev.klb-koetztal.de\/fr\/","name":"KLB K\u00f6tztal","description":"Gute B\u00f6den haben ein System.","potentialAction":[{"@type":"SearchAction","target":{"@type":"EntryPoint","urlTemplate":"https:\/\/dev.klb-koetztal.de\/fr\/?s={search_term_string}"},"query-input":{"@type":"PropertyValueSpecification","valueRequired":true,"valueName":"search_term_string"}}],"inLanguage":"fr-FR"}]}},"_links":{"self":[{"href":"https:\/\/dev.klb-koetztal.de\/fr\/wp-json\/wp\/v2\/product\/49430","targetHints":{"allow":["GET"]}}],"collection":[{"href":"https:\/\/dev.klb-koetztal.de\/fr\/wp-json\/wp\/v2\/product"}],"about":[{"href":"https:\/\/dev.klb-koetztal.de\/fr\/wp-json\/wp\/v2\/types\/product"}],"wp:featuredmedia":[{"embeddable":true,"href":"https:\/\/dev.klb-koetztal.de\/fr\/wp-json\/wp\/v2\/media\/49431"}],"wp:attachment":[{"href":"https:\/\/dev.klb-koetztal.de\/fr\/wp-json\/wp\/v2\/media?parent=49430"}],"wp:term":[{"taxonomy":"product_brand","embeddable":true,"href":"https:\/\/dev.klb-koetztal.de\/fr\/wp-json\/wp\/v2\/product_brand?post=49430"},{"taxonomy":"product_cat","embeddable":true,"href":"https:\/\/dev.klb-koetztal.de\/fr\/wp-json\/wp\/v2\/product_cat?post=49430"},{"taxonomy":"product_tag","embeddable":true,"href":"https:\/\/dev.klb-koetztal.de\/fr\/wp-json\/wp\/v2\/product_tag?post=49430"}],"curies":[{"name":"wp","href":"https:\/\/api.w.org\/{rel}","templated":true}]}}