{"id":49416,"date":"2022-03-14T10:56:09","date_gmt":"2022-03-14T09:56:09","guid":{"rendered":"https:\/\/dev.klb-koetztal.de\/produkt\/klb-system-epoxid-ep-1270\/"},"modified":"2026-02-25T11:24:36","modified_gmt":"2026-02-25T10:24:36","slug":"klb-system-epoxid-ep-1270","status":"publish","type":"product","link":"https:\/\/dev.klb-koetztal.de\/fr\/produkt\/klb-system-epoxid-ep-1270\/","title":{"rendered":"KLB-SYSTEM EPOXID EP 1270"},"content":{"rendered":"","protected":false},"excerpt":{"rendered":"<p>R\u00e9sine en \u00e9poxy \u00e0 2 composants, sans solvants et \u00e0 faible viscosit\u00e9 avec un bon pouvoir&#160;mouillant. Exceptionnellement adapt\u00e9e&#160;pour l&rsquo;impr\u00e9gnation et l&rsquo;injection de&#160;fissures.<\/p>\n","protected":false},"featured_media":49417,"template":"","meta":{"_acf_changed":false},"product_brand":[],"product_cat":[10036,10037],"product_tag":[],"class_list":{"0":"post-49416","1":"product","2":"type-product","3":"status-publish","4":"has-post-thumbnail","6":"product_cat-mortier-prefabrique-resines-pour-gorges-annulaires-resines-de-renovation-dinjection-et-de-joints","7":"product_cat-mortier-prefabrique-resines-pour-gorges-annulaires-resines-de-renovation-dinjection-et-de-joints_resines-de-renovation-et-dinjection","9":"first","10":"instock","11":"shipping-taxable","12":"product-type-simple"},"acf":{"product_header":{"module_product_header":{"":null,"prototype_headline":{"headline":"KLB-SYSTEM EPOXID EP 1270","h1":true,"subheadline":"R\u00e9sine de base, sans solvants et \u00e0 faible viscosit\u00e9","anchor":"","url":""},"grid_text_slider":false,"grid_text_content":[{"text":"<p class=\"product-short-title\" style=\"text-align: center;\"><strong>Br\u00e8ve description<\/strong><\/p>\n<p>R\u00e9sine en \u00e9poxy \u00e0 2 composants, sans solvants et \u00e0 faible viscosit\u00e9 avec un bon pouvoir&#160;mouillant. Exceptionnellement adapt\u00e9e&#160;pour l&rsquo;impr\u00e9gnation et l&rsquo;injection de&#160;fissures.<\/p>\n","width":"4","background_color_text":"bg-white","border_color":"border-gray-light"},{"text":"<p class=\"product-sicing-title\" style=\"text-align: center;\"><strong>Unit\u00e9s d'emballage<\/strong><\/p>\n<ul>\n<li>AK1052-92 &#8211; Combinaison Bo\u00eete 1,00 kg<\/li>\n<li>AK1052-50 &#8211; Combinaison Seau 10,00 kg<\/li>\n<li>AK1052-30 &#8211; Combinaison Hobbock 30,00 kg<\/li>\n<\/ul>\n<p><\/p>\n<p>N&rsquo;h\u00e9sitez pas \u00e0 contacter directement pour toute demande concernant des quantit\u00e9s de livraison ou des unit\u00e9s de conditionnement plus importantes.<\/p>\n\n","width":"4","background_color_text":"bg-white","border_color":"border-gray-light"},{"text":"<p class=\"product-attr-title\" style=\"text-align: center;\"><strong>Propri\u00e9t\u00e9s<\/strong><\/p>\n<ul>\n<li>Total Solid selon GISCODE (m\u00e9thode d&rsquo;essai de \u00ab Deutsche Bauchemie \u00bb, l&rsquo;association all. pour la chimie de construction)<\/li>\n<li>exempt de substances susceptibles d&rsquo;endommager les vernis<\/li>\n<li>faible viscosit\u00e9<\/li>\n<li>bon mouillage<\/li>\n<li>tr\u00e8s haute adh\u00e9rence<\/li>\n<\/ul>\n","width":"4","background_color_text":"bg-white","border_color":"border-gray-light"}],"background_color":"bg-none","background_color_content":"bg-none"}},"downloads":{"module_download_list":{"inhalt":null,"downloads":[{"download":{"ID":49424,"id":49424,"title":"Information Produit FR","filename":"EP_1270_PI_fr_2022_01.pdf","filesize":327431,"url":"https:\/\/dev.klb-koetztal.de\/app\/uploads\/2022\/03\/EP_1270_PI_fr_2022_01.pdf","link":"https:\/\/dev.klb-koetztal.de\/fr\/?attachment_id=49424","alt":"","author":"7","description":"","caption":"","name":"ep_1270_pi_fr_2022_01","status":"inherit","uploaded_to":0,"date":"2022-03-14 09:56:15","modified":"2026-02-25 10:24:41","menu_order":0,"mime_type":"application\/pdf","type":"application","subtype":"pdf","icon":"https:\/\/dev.klb-koetztal.de\/wp\/wp-includes\/images\/media\/document.png"},"filename":"Information produit","protected":false,"doclang":"FR","externalkey":"Produktinformation","docpos":"3"},{"download":{"ID":52044,"id":52044,"title":"EP1270_Umwelt-Deklaration_2022-08","filename":"EP1270_Umwelt-Deklaration_2022-08.pdf","filesize":2470660,"url":"https:\/\/dev.klb-koetztal.de\/app\/uploads\/2022\/09\/EP1270_Umwelt-Deklaration_2022-08.pdf","link":"https:\/\/dev.klb-koetztal.de\/fr\/?attachment_id=52044","alt":"","author":"7","description":"","caption":"","name":"ep1270_umwelt-deklaration_2022-08-2","status":"inherit","uploaded_to":0,"date":"2022-09-01 11:35:20","modified":"2022-09-01 11:35:20","menu_order":0,"mime_type":"application\/pdf","type":"application","subtype":"pdf","icon":"https:\/\/dev.klb-koetztal.de\/wp\/wp-includes\/images\/media\/document.png"},"filename":"D\u00e9clarations de produit environnemental (EPD)","protected":false,"doclang":"Multi","externalkey":"Umweltproduktdeklaration","docpos":"50"},{"download":false,"filename":"Fiche de donn\u00e9es de s\u00e9curit\u00e9","protected":true,"doclang":"FR","externalkey":"Sicherheitsdatenblatt","docpos":"3"}],"einstellungen":null,"background_color":"bg-none","background_color_content":"bg-none"}},"included_in_systems":{"module_included_in_systems":{"":null,"background_color":"bg-gray-medium","background_color_content":"bg-none"}},"contact":{"module_contact":{"":null,"background_color":"bg-none","background_color_content":"bg-none"}},"ausschreibende":{"module_ausschreibende":{"andern_sie_den_inhalt_unter_universelle_elemente":null,"background_color":"bg-none","background_color_content":"bg-none"}}},"yoast_head":"<!-- This site is optimized with the Yoast SEO plugin v27.0 - https:\/\/yoast.com\/product\/yoast-seo-wordpress\/ -->\n<title>R\u00e9sine \u00e9poxy EP 1270 sans solvants, \u00e0 faible viscosit\u00e9 | KLB<\/title>\n<meta name=\"description\" content=\"R\u00e9sine de r\u00e9paration EP 1270 sans solvants, \u00e0 faible viscosit\u00e9, sans retrait | KLB sol industriel \u2714\ufe0fpour l&#039;injection de fissure\" \/>\n<meta name=\"robots\" content=\"noindex, follow, max-snippet:-1, max-image-preview:large, max-video-preview:-1\" \/>\n<meta property=\"og:locale\" content=\"fr_FR\" \/>\n<meta property=\"og:type\" content=\"article\" \/>\n<meta property=\"og:title\" content=\"R\u00e9sine \u00e9poxy EP 1270 sans solvants, \u00e0 faible viscosit\u00e9 | KLB\" \/>\n<meta property=\"og:description\" content=\"R\u00e9sine de r\u00e9paration EP 1270 sans solvants, \u00e0 faible viscosit\u00e9, sans retrait | KLB sol industriel \u2714\ufe0fpour l&#039;injection de fissure\" \/>\n<meta property=\"og:url\" content=\"https:\/\/dev.klb-koetztal.de\/fr\/produkt\/klb-system-epoxid-ep-1270\/\" \/>\n<meta property=\"og:site_name\" content=\"KLB K\u00f6tztal\" \/>\n<meta property=\"article:publisher\" content=\"https:\/\/www.facebook.com\/klbkoetztal\" \/>\n<meta property=\"article:modified_time\" content=\"2026-02-25T10:24:36+00:00\" \/>\n<meta property=\"og:image\" content=\"https:\/\/dev.klb-koetztal.de\/app\/uploads\/2022\/03\/EP1270.jpg\" \/>\n\t<meta property=\"og:image:width\" content=\"500\" \/>\n\t<meta property=\"og:image:height\" content=\"500\" \/>\n\t<meta property=\"og:image:type\" content=\"image\/jpeg\" \/>\n<meta name=\"twitter:card\" content=\"summary_large_image\" \/>\n<script type=\"application\/ld+json\" class=\"yoast-schema-graph\">{\"@context\":\"https:\/\/schema.org\",\"@graph\":[{\"@type\":\"WebPage\",\"@id\":\"https:\/\/dev.klb-koetztal.de\/fr\/produkt\/klb-system-epoxid-ep-1270\/\",\"url\":\"https:\/\/dev.klb-koetztal.de\/fr\/produkt\/klb-system-epoxid-ep-1270\/\",\"name\":\"R\u00e9sine \u00e9poxy EP 1270 sans solvants, \u00e0 faible viscosit\u00e9 | KLB\",\"isPartOf\":{\"@id\":\"https:\/\/dev.klb-koetztal.de\/fr\/#website\"},\"primaryImageOfPage\":{\"@id\":\"https:\/\/dev.klb-koetztal.de\/fr\/produkt\/klb-system-epoxid-ep-1270\/#primaryimage\"},\"image\":{\"@id\":\"https:\/\/dev.klb-koetztal.de\/fr\/produkt\/klb-system-epoxid-ep-1270\/#primaryimage\"},\"thumbnailUrl\":\"https:\/\/dev.klb-koetztal.de\/app\/uploads\/2022\/03\/EP1270.jpg\",\"datePublished\":\"2022-03-14T09:56:09+00:00\",\"dateModified\":\"2026-02-25T10:24:36+00:00\",\"description\":\"R\u00e9sine de r\u00e9paration EP 1270 sans solvants, \u00e0 faible viscosit\u00e9, sans retrait | KLB sol industriel \u2714\ufe0fpour l'injection de fissure\",\"breadcrumb\":{\"@id\":\"https:\/\/dev.klb-koetztal.de\/fr\/produkt\/klb-system-epoxid-ep-1270\/#breadcrumb\"},\"inLanguage\":\"fr-FR\",\"potentialAction\":[{\"@type\":\"ReadAction\",\"target\":[\"https:\/\/dev.klb-koetztal.de\/fr\/produkt\/klb-system-epoxid-ep-1270\/\"]}]},{\"@type\":\"ImageObject\",\"inLanguage\":\"fr-FR\",\"@id\":\"https:\/\/dev.klb-koetztal.de\/fr\/produkt\/klb-system-epoxid-ep-1270\/#primaryimage\",\"url\":\"https:\/\/dev.klb-koetztal.de\/app\/uploads\/2022\/03\/EP1270.jpg\",\"contentUrl\":\"https:\/\/dev.klb-koetztal.de\/app\/uploads\/2022\/03\/EP1270.jpg\",\"width\":500,\"height\":500},{\"@type\":\"BreadcrumbList\",\"@id\":\"https:\/\/dev.klb-koetztal.de\/fr\/produkt\/klb-system-epoxid-ep-1270\/#breadcrumb\",\"itemListElement\":[{\"@type\":\"ListItem\",\"position\":1,\"name\":\"Startseite\",\"item\":\"https:\/\/dev.klb-koetztal.de\/fr\/\"},{\"@type\":\"ListItem\",\"position\":2,\"name\":\"KLB-SYSTEM EPOXID EP 1270\"}]},{\"@type\":\"WebSite\",\"@id\":\"https:\/\/dev.klb-koetztal.de\/fr\/#website\",\"url\":\"https:\/\/dev.klb-koetztal.de\/fr\/\",\"name\":\"KLB K\u00f6tztal\",\"description\":\"Gute B\u00f6den haben ein System.\",\"potentialAction\":[{\"@type\":\"SearchAction\",\"target\":{\"@type\":\"EntryPoint\",\"urlTemplate\":\"https:\/\/dev.klb-koetztal.de\/fr\/?s={search_term_string}\"},\"query-input\":{\"@type\":\"PropertyValueSpecification\",\"valueRequired\":true,\"valueName\":\"search_term_string\"}}],\"inLanguage\":\"fr-FR\"}]}<\/script>\n<!-- \/ Yoast SEO plugin. -->","yoast_head_json":{"title":"R\u00e9sine \u00e9poxy EP 1270 sans solvants, \u00e0 faible viscosit\u00e9 | KLB","description":"R\u00e9sine de r\u00e9paration EP 1270 sans solvants, \u00e0 faible viscosit\u00e9, sans retrait | KLB sol industriel \u2714\ufe0fpour l'injection de fissure","robots":{"index":"noindex","follow":"follow","max-snippet":"max-snippet:-1","max-image-preview":"max-image-preview:large","max-video-preview":"max-video-preview:-1"},"og_locale":"fr_FR","og_type":"article","og_title":"R\u00e9sine \u00e9poxy EP 1270 sans solvants, \u00e0 faible viscosit\u00e9 | KLB","og_description":"R\u00e9sine de r\u00e9paration EP 1270 sans solvants, \u00e0 faible viscosit\u00e9, sans retrait | KLB sol industriel \u2714\ufe0fpour l'injection de fissure","og_url":"https:\/\/dev.klb-koetztal.de\/fr\/produkt\/klb-system-epoxid-ep-1270\/","og_site_name":"KLB K\u00f6tztal","article_publisher":"https:\/\/www.facebook.com\/klbkoetztal","article_modified_time":"2026-02-25T10:24:36+00:00","og_image":[{"width":500,"height":500,"url":"https:\/\/dev.klb-koetztal.de\/app\/uploads\/2022\/03\/EP1270.jpg","type":"image\/jpeg"}],"twitter_card":"summary_large_image","schema":{"@context":"https:\/\/schema.org","@graph":[{"@type":"WebPage","@id":"https:\/\/dev.klb-koetztal.de\/fr\/produkt\/klb-system-epoxid-ep-1270\/","url":"https:\/\/dev.klb-koetztal.de\/fr\/produkt\/klb-system-epoxid-ep-1270\/","name":"R\u00e9sine \u00e9poxy EP 1270 sans solvants, \u00e0 faible viscosit\u00e9 | KLB","isPartOf":{"@id":"https:\/\/dev.klb-koetztal.de\/fr\/#website"},"primaryImageOfPage":{"@id":"https:\/\/dev.klb-koetztal.de\/fr\/produkt\/klb-system-epoxid-ep-1270\/#primaryimage"},"image":{"@id":"https:\/\/dev.klb-koetztal.de\/fr\/produkt\/klb-system-epoxid-ep-1270\/#primaryimage"},"thumbnailUrl":"https:\/\/dev.klb-koetztal.de\/app\/uploads\/2022\/03\/EP1270.jpg","datePublished":"2022-03-14T09:56:09+00:00","dateModified":"2026-02-25T10:24:36+00:00","description":"R\u00e9sine de r\u00e9paration EP 1270 sans solvants, \u00e0 faible viscosit\u00e9, sans retrait | KLB sol industriel \u2714\ufe0fpour l'injection de fissure","breadcrumb":{"@id":"https:\/\/dev.klb-koetztal.de\/fr\/produkt\/klb-system-epoxid-ep-1270\/#breadcrumb"},"inLanguage":"fr-FR","potentialAction":[{"@type":"ReadAction","target":["https:\/\/dev.klb-koetztal.de\/fr\/produkt\/klb-system-epoxid-ep-1270\/"]}]},{"@type":"ImageObject","inLanguage":"fr-FR","@id":"https:\/\/dev.klb-koetztal.de\/fr\/produkt\/klb-system-epoxid-ep-1270\/#primaryimage","url":"https:\/\/dev.klb-koetztal.de\/app\/uploads\/2022\/03\/EP1270.jpg","contentUrl":"https:\/\/dev.klb-koetztal.de\/app\/uploads\/2022\/03\/EP1270.jpg","width":500,"height":500},{"@type":"BreadcrumbList","@id":"https:\/\/dev.klb-koetztal.de\/fr\/produkt\/klb-system-epoxid-ep-1270\/#breadcrumb","itemListElement":[{"@type":"ListItem","position":1,"name":"Startseite","item":"https:\/\/dev.klb-koetztal.de\/fr\/"},{"@type":"ListItem","position":2,"name":"KLB-SYSTEM EPOXID EP 1270"}]},{"@type":"WebSite","@id":"https:\/\/dev.klb-koetztal.de\/fr\/#website","url":"https:\/\/dev.klb-koetztal.de\/fr\/","name":"KLB K\u00f6tztal","description":"Gute B\u00f6den haben ein System.","potentialAction":[{"@type":"SearchAction","target":{"@type":"EntryPoint","urlTemplate":"https:\/\/dev.klb-koetztal.de\/fr\/?s={search_term_string}"},"query-input":{"@type":"PropertyValueSpecification","valueRequired":true,"valueName":"search_term_string"}}],"inLanguage":"fr-FR"}]}},"_links":{"self":[{"href":"https:\/\/dev.klb-koetztal.de\/fr\/wp-json\/wp\/v2\/product\/49416","targetHints":{"allow":["GET"]}}],"collection":[{"href":"https:\/\/dev.klb-koetztal.de\/fr\/wp-json\/wp\/v2\/product"}],"about":[{"href":"https:\/\/dev.klb-koetztal.de\/fr\/wp-json\/wp\/v2\/types\/product"}],"wp:featuredmedia":[{"embeddable":true,"href":"https:\/\/dev.klb-koetztal.de\/fr\/wp-json\/wp\/v2\/media\/49417"}],"wp:attachment":[{"href":"https:\/\/dev.klb-koetztal.de\/fr\/wp-json\/wp\/v2\/media?parent=49416"}],"wp:term":[{"taxonomy":"product_brand","embeddable":true,"href":"https:\/\/dev.klb-koetztal.de\/fr\/wp-json\/wp\/v2\/product_brand?post=49416"},{"taxonomy":"product_cat","embeddable":true,"href":"https:\/\/dev.klb-koetztal.de\/fr\/wp-json\/wp\/v2\/product_cat?post=49416"},{"taxonomy":"product_tag","embeddable":true,"href":"https:\/\/dev.klb-koetztal.de\/fr\/wp-json\/wp\/v2\/product_tag?post=49416"}],"curies":[{"name":"wp","href":"https:\/\/api.w.org\/{rel}","templated":true}]}}