{"id":49408,"date":"2022-03-14T10:56:02","date_gmt":"2022-03-14T09:56:02","guid":{"rendered":"https:\/\/dev.klb-koetztal.de\/produkt\/klb-system-epoxid-ep-150\/"},"modified":"2026-03-16T14:20:10","modified_gmt":"2026-03-16T13:20:10","slug":"klb-system-epoxid-ep-150","status":"publish","type":"product","link":"https:\/\/dev.klb-koetztal.de\/fr\/produkt\/klb-system-epoxid-ep-150\/","title":{"rendered":"KLB-SYSTEM EPOXID EP 150"},"content":{"rendered":"","protected":false},"excerpt":{"rendered":"<p>R\u00e9sine \u00e9poxy \u00e0 2 composants d&rsquo;application universelle pour les rev\u00eatements en r\u00e9sine synth\u00e9tique et en sable naturel ou d\u00e9coratif qui peuvent \u00eatre appliqu\u00e9s&#160;\u00e0 la main ou \u00e0 la machine. Faible tendance au jaunissement.<\/p>\n","protected":false},"featured_media":49410,"template":"","meta":{"_acf_changed":false},"product_brand":[],"product_cat":[10052,10053],"product_tag":[],"class_list":{"0":"post-49408","1":"product","2":"type-product","3":"status-publish","4":"has-post-thumbnail","6":"product_cat-mortiers-en-resine-epoxyde-et-mortier-prefabrique-a-2-composants","7":"product_cat-mortiers-en-resine-epoxyde-et-mortier-prefabrique-a-2-composants_resines-mortiers","9":"first","10":"instock","11":"shipping-taxable","12":"product-type-simple"},"acf":{"product_header":{"module_product_header":{"":null,"prototype_headline":{"headline":"KLB-SYSTEM EPOXID EP 150","h1":true,"subheadline":"R\u00e9sine \u00e9poxy \u00e0 2 composants de haute qualit\u00e9 et&#160;sans solvants&#160;pour les&#160;rev\u00eatements mortier d\u00e9coratifs ou industriels","anchor":"","url":""},"grid_text_slider":false,"grid_text_content":[{"text":"<p class=\"product-short-title\" style=\"text-align: center;\"><strong>Br\u00e8ve description<\/strong><\/p>\n<p>R\u00e9sine \u00e9poxy \u00e0 2 composants d&rsquo;application universelle pour les rev\u00eatements en r\u00e9sine synth\u00e9tique et en sable naturel ou d\u00e9coratif qui peuvent \u00eatre appliqu\u00e9s&#160;\u00e0 la main ou \u00e0 la machine. Faible tendance au jaunissement.<\/p>\n","width":"4","background_color_text":"bg-white","border_color":"border-gray-light"},{"text":"<p class=\"product-sicing-title\" style=\"text-align: center;\"><strong>Unit\u00e9s d'emballage<\/strong><\/p>\n<ul>\n<li>AK1111-50 &#8211; Combinaison Seau 10,00 kg<\/li>\n<li>AK1111-30 &#8211; Combinaison Hobbock 30,00 kg<\/li>\n<li>AK1111-06 &#8211; Combinaison F\u00fbt 600,00 kg<\/li>\n<\/ul>\n<p><\/p>\n<p>N&rsquo;h\u00e9sitez pas \u00e0 contacter directement pour toute demande concernant des quantit\u00e9s de livraison ou des unit\u00e9s de conditionnement plus importantes.<\/p>\n\n","width":"4","background_color_text":"bg-white","border_color":"border-gray-light"},{"text":"<p class=\"product-attr-title\" style=\"text-align: center;\"><strong>Propri\u00e9t\u00e9s<\/strong><\/p>\n<ul>\n<li>Total Solid selon GISCODE (m\u00e9thode d&rsquo;essai de \u00ab Deutsche Bauchemie \u00bb, l&rsquo;association all. pour la chimie de construction)<\/li>\n<li>particuli\u00e8rement pour des rev\u00eatements d\u00e9coratifs<\/li>\n<li>bonne adh\u00e9rence interm\u00e9diaire<\/li>\n<li>particuli\u00e8rement adapt\u00e9 \u00e0 l&rsquo;application manuelle<\/li>\n<li>peu sensible au jaunissement<\/li>\n<li>exempt de substances susceptibles d&rsquo;endommager les vernis<\/li>\n<li>qualit\u00e9 \u00e9prouv\u00e9e<\/li>\n<\/ul>\n","width":"4","background_color_text":"bg-white","border_color":"border-gray-light"}],"background_color":"bg-none","background_color_content":"bg-none"}},"downloads":{"module_download_list":{"inhalt":null,"downloads":[{"download":{"ID":67057,"id":67057,"title":"EP_150_PI_fr_2025_08","filename":"EP_150_PI_fr_2025_08.pdf","filesize":1574493,"url":"https:\/\/dev.klb-koetztal.de\/app\/uploads\/2025\/08\/EP_150_PI_fr_2025_08.pdf","link":"https:\/\/dev.klb-koetztal.de\/fr\/?attachment_id=67057","alt":"","author":"7","description":"","caption":"","name":"ep_150_pi_fr_2025_08-2","status":"inherit","uploaded_to":0,"date":"2025-08-13 12:01:11","modified":"2025-08-13 12:01:11","menu_order":0,"mime_type":"application\/pdf","type":"application","subtype":"pdf","icon":"https:\/\/dev.klb-koetztal.de\/wp\/wp-includes\/images\/media\/document.png"},"filename":"Information produit","protected":false,"doclang":"FR","externalkey":"Produktinformation","docpos":"3"},{"download":{"ID":49414,"id":49414,"title":"Leistungserkl\u00e4rung - Statement of performance","filename":"EP150_LE_2015-08.pdf","filesize":204685,"url":"https:\/\/dev.klb-koetztal.de\/app\/uploads\/2022\/03\/EP150_LE_2015-08.pdf","link":"https:\/\/dev.klb-koetztal.de\/fr\/?attachment_id=49414","alt":"","author":"7","description":"","caption":"","name":"ep150_le_2015-08","status":"inherit","uploaded_to":0,"date":"2022-03-14 09:56:06","modified":"2026-03-16 13:20:17","menu_order":0,"mime_type":"application\/pdf","type":"application","subtype":"pdf","icon":"https:\/\/dev.klb-koetztal.de\/wp\/wp-includes\/images\/media\/document.png"},"filename":"D\u00e9claration de performance","protected":false,"doclang":"Multi","externalkey":"Leistungserklaerung","docpos":"50"},{"download":{"ID":51924,"id":51924,"title":"EP150_Umwelt-Deklaration_2022-08","filename":"EP150_Umwelt-Deklaration_2022-08.pdf","filesize":2901752,"url":"https:\/\/dev.klb-koetztal.de\/app\/uploads\/2022\/09\/EP150_Umwelt-Deklaration_2022-08.pdf","link":"https:\/\/dev.klb-koetztal.de\/fr\/?attachment_id=51924","alt":"","author":"7","description":"","caption":"","name":"ep150_umwelt-deklaration_2022-08-2","status":"inherit","uploaded_to":0,"date":"2022-09-01 08:45:23","modified":"2022-09-01 08:45:23","menu_order":0,"mime_type":"application\/pdf","type":"application","subtype":"pdf","icon":"https:\/\/dev.klb-koetztal.de\/wp\/wp-includes\/images\/media\/document.png"},"filename":"D\u00e9clarations de produit environnemental (EPD)","protected":false,"doclang":"Multi","externalkey":"Umweltproduktdeklaration","docpos":"50"},{"download":false,"filename":"Fiche de donn\u00e9es de s\u00e9curit\u00e9","protected":true,"doclang":"FR","externalkey":"Sicherheitsdatenblatt","docpos":"3"}],"einstellungen":null,"background_color":"bg-none","background_color_content":"bg-none"}},"included_in_systems":{"module_included_in_systems":{"":null,"background_color":"bg-gray-medium","background_color_content":"bg-none"}},"contact":{"module_contact":{"":null,"background_color":"bg-none","background_color_content":"bg-none"}},"ausschreibende":{"module_ausschreibende":{"andern_sie_den_inhalt_unter_universelle_elemente":null,"background_color":"bg-none","background_color_content":"bg-none"}}},"yoast_head":"<!-- This site is optimized with the Yoast SEO plugin v27.0 - https:\/\/yoast.com\/product\/yoast-seo-wordpress\/ -->\n<title>R\u00e9sine \u00e9poxy EP 150 de haute qualit\u00e9, sans solvant | KLB K\u00f6tztal<\/title>\n<meta name=\"description\" content=\"Mortier \u00e9poxy EP 150 sans solvant, \u00e0 faible viscosit\u00e9 | KLB sols industriels \u2714\ufe0f pour les rev\u00eatements r\u00e9sine r\u00e9active d\u00e9coratifs de sable color\u00e9 ou naturel\" \/>\n<meta name=\"robots\" content=\"noindex, follow, max-snippet:-1, max-image-preview:large, max-video-preview:-1\" \/>\n<meta property=\"og:locale\" content=\"fr_FR\" \/>\n<meta property=\"og:type\" content=\"article\" \/>\n<meta property=\"og:title\" content=\"R\u00e9sine \u00e9poxy EP 150 de haute qualit\u00e9, sans solvant | KLB K\u00f6tztal\" \/>\n<meta property=\"og:description\" content=\"Mortier \u00e9poxy EP 150 sans solvant, \u00e0 faible viscosit\u00e9 | KLB sols industriels \u2714\ufe0f pour les rev\u00eatements r\u00e9sine r\u00e9active d\u00e9coratifs de sable color\u00e9 ou naturel\" \/>\n<meta property=\"og:url\" content=\"https:\/\/dev.klb-koetztal.de\/fr\/produkt\/klb-system-epoxid-ep-150\/\" \/>\n<meta property=\"og:site_name\" content=\"KLB K\u00f6tztal\" \/>\n<meta property=\"article:publisher\" content=\"https:\/\/www.facebook.com\/klbkoetztal\" \/>\n<meta property=\"article:modified_time\" content=\"2026-03-16T13:20:10+00:00\" \/>\n<meta property=\"og:image\" content=\"https:\/\/dev.klb-koetztal.de\/app\/uploads\/2022\/03\/EP150.jpg\" \/>\n\t<meta property=\"og:image:width\" content=\"500\" \/>\n\t<meta property=\"og:image:height\" content=\"500\" \/>\n\t<meta property=\"og:image:type\" content=\"image\/jpeg\" \/>\n<meta name=\"twitter:card\" content=\"summary_large_image\" \/>\n<script type=\"application\/ld+json\" class=\"yoast-schema-graph\">{\"@context\":\"https:\/\/schema.org\",\"@graph\":[{\"@type\":\"WebPage\",\"@id\":\"https:\/\/dev.klb-koetztal.de\/fr\/produkt\/klb-system-epoxid-ep-150\/\",\"url\":\"https:\/\/dev.klb-koetztal.de\/fr\/produkt\/klb-system-epoxid-ep-150\/\",\"name\":\"R\u00e9sine \u00e9poxy EP 150 de haute qualit\u00e9, sans solvant | KLB K\u00f6tztal\",\"isPartOf\":{\"@id\":\"https:\/\/dev.klb-koetztal.de\/fr\/#website\"},\"primaryImageOfPage\":{\"@id\":\"https:\/\/dev.klb-koetztal.de\/fr\/produkt\/klb-system-epoxid-ep-150\/#primaryimage\"},\"image\":{\"@id\":\"https:\/\/dev.klb-koetztal.de\/fr\/produkt\/klb-system-epoxid-ep-150\/#primaryimage\"},\"thumbnailUrl\":\"https:\/\/dev.klb-koetztal.de\/app\/uploads\/2022\/03\/EP150.jpg\",\"datePublished\":\"2022-03-14T09:56:02+00:00\",\"dateModified\":\"2026-03-16T13:20:10+00:00\",\"description\":\"Mortier \u00e9poxy EP 150 sans solvant, \u00e0 faible viscosit\u00e9 | KLB sols industriels \u2714\ufe0f pour les rev\u00eatements r\u00e9sine r\u00e9active d\u00e9coratifs de sable color\u00e9 ou naturel\",\"breadcrumb\":{\"@id\":\"https:\/\/dev.klb-koetztal.de\/fr\/produkt\/klb-system-epoxid-ep-150\/#breadcrumb\"},\"inLanguage\":\"fr-FR\",\"potentialAction\":[{\"@type\":\"ReadAction\",\"target\":[\"https:\/\/dev.klb-koetztal.de\/fr\/produkt\/klb-system-epoxid-ep-150\/\"]}]},{\"@type\":\"ImageObject\",\"inLanguage\":\"fr-FR\",\"@id\":\"https:\/\/dev.klb-koetztal.de\/fr\/produkt\/klb-system-epoxid-ep-150\/#primaryimage\",\"url\":\"https:\/\/dev.klb-koetztal.de\/app\/uploads\/2022\/03\/EP150.jpg\",\"contentUrl\":\"https:\/\/dev.klb-koetztal.de\/app\/uploads\/2022\/03\/EP150.jpg\",\"width\":500,\"height\":500},{\"@type\":\"BreadcrumbList\",\"@id\":\"https:\/\/dev.klb-koetztal.de\/fr\/produkt\/klb-system-epoxid-ep-150\/#breadcrumb\",\"itemListElement\":[{\"@type\":\"ListItem\",\"position\":1,\"name\":\"Startseite\",\"item\":\"https:\/\/dev.klb-koetztal.de\/fr\/\"},{\"@type\":\"ListItem\",\"position\":2,\"name\":\"KLB-SYSTEM EPOXID EP 150\"}]},{\"@type\":\"WebSite\",\"@id\":\"https:\/\/dev.klb-koetztal.de\/fr\/#website\",\"url\":\"https:\/\/dev.klb-koetztal.de\/fr\/\",\"name\":\"KLB K\u00f6tztal\",\"description\":\"Gute B\u00f6den haben ein System.\",\"potentialAction\":[{\"@type\":\"SearchAction\",\"target\":{\"@type\":\"EntryPoint\",\"urlTemplate\":\"https:\/\/dev.klb-koetztal.de\/fr\/?s={search_term_string}\"},\"query-input\":{\"@type\":\"PropertyValueSpecification\",\"valueRequired\":true,\"valueName\":\"search_term_string\"}}],\"inLanguage\":\"fr-FR\"}]}<\/script>\n<!-- \/ Yoast SEO plugin. -->","yoast_head_json":{"title":"R\u00e9sine \u00e9poxy EP 150 de haute qualit\u00e9, sans solvant | KLB K\u00f6tztal","description":"Mortier \u00e9poxy EP 150 sans solvant, \u00e0 faible viscosit\u00e9 | KLB sols industriels \u2714\ufe0f pour les rev\u00eatements r\u00e9sine r\u00e9active d\u00e9coratifs de sable color\u00e9 ou naturel","robots":{"index":"noindex","follow":"follow","max-snippet":"max-snippet:-1","max-image-preview":"max-image-preview:large","max-video-preview":"max-video-preview:-1"},"og_locale":"fr_FR","og_type":"article","og_title":"R\u00e9sine \u00e9poxy EP 150 de haute qualit\u00e9, sans solvant | KLB K\u00f6tztal","og_description":"Mortier \u00e9poxy EP 150 sans solvant, \u00e0 faible viscosit\u00e9 | KLB sols industriels \u2714\ufe0f pour les rev\u00eatements r\u00e9sine r\u00e9active d\u00e9coratifs de sable color\u00e9 ou naturel","og_url":"https:\/\/dev.klb-koetztal.de\/fr\/produkt\/klb-system-epoxid-ep-150\/","og_site_name":"KLB K\u00f6tztal","article_publisher":"https:\/\/www.facebook.com\/klbkoetztal","article_modified_time":"2026-03-16T13:20:10+00:00","og_image":[{"width":500,"height":500,"url":"https:\/\/dev.klb-koetztal.de\/app\/uploads\/2022\/03\/EP150.jpg","type":"image\/jpeg"}],"twitter_card":"summary_large_image","schema":{"@context":"https:\/\/schema.org","@graph":[{"@type":"WebPage","@id":"https:\/\/dev.klb-koetztal.de\/fr\/produkt\/klb-system-epoxid-ep-150\/","url":"https:\/\/dev.klb-koetztal.de\/fr\/produkt\/klb-system-epoxid-ep-150\/","name":"R\u00e9sine \u00e9poxy EP 150 de haute qualit\u00e9, sans solvant | KLB K\u00f6tztal","isPartOf":{"@id":"https:\/\/dev.klb-koetztal.de\/fr\/#website"},"primaryImageOfPage":{"@id":"https:\/\/dev.klb-koetztal.de\/fr\/produkt\/klb-system-epoxid-ep-150\/#primaryimage"},"image":{"@id":"https:\/\/dev.klb-koetztal.de\/fr\/produkt\/klb-system-epoxid-ep-150\/#primaryimage"},"thumbnailUrl":"https:\/\/dev.klb-koetztal.de\/app\/uploads\/2022\/03\/EP150.jpg","datePublished":"2022-03-14T09:56:02+00:00","dateModified":"2026-03-16T13:20:10+00:00","description":"Mortier \u00e9poxy EP 150 sans solvant, \u00e0 faible viscosit\u00e9 | KLB sols industriels \u2714\ufe0f pour les rev\u00eatements r\u00e9sine r\u00e9active d\u00e9coratifs de sable color\u00e9 ou naturel","breadcrumb":{"@id":"https:\/\/dev.klb-koetztal.de\/fr\/produkt\/klb-system-epoxid-ep-150\/#breadcrumb"},"inLanguage":"fr-FR","potentialAction":[{"@type":"ReadAction","target":["https:\/\/dev.klb-koetztal.de\/fr\/produkt\/klb-system-epoxid-ep-150\/"]}]},{"@type":"ImageObject","inLanguage":"fr-FR","@id":"https:\/\/dev.klb-koetztal.de\/fr\/produkt\/klb-system-epoxid-ep-150\/#primaryimage","url":"https:\/\/dev.klb-koetztal.de\/app\/uploads\/2022\/03\/EP150.jpg","contentUrl":"https:\/\/dev.klb-koetztal.de\/app\/uploads\/2022\/03\/EP150.jpg","width":500,"height":500},{"@type":"BreadcrumbList","@id":"https:\/\/dev.klb-koetztal.de\/fr\/produkt\/klb-system-epoxid-ep-150\/#breadcrumb","itemListElement":[{"@type":"ListItem","position":1,"name":"Startseite","item":"https:\/\/dev.klb-koetztal.de\/fr\/"},{"@type":"ListItem","position":2,"name":"KLB-SYSTEM EPOXID EP 150"}]},{"@type":"WebSite","@id":"https:\/\/dev.klb-koetztal.de\/fr\/#website","url":"https:\/\/dev.klb-koetztal.de\/fr\/","name":"KLB K\u00f6tztal","description":"Gute B\u00f6den haben ein System.","potentialAction":[{"@type":"SearchAction","target":{"@type":"EntryPoint","urlTemplate":"https:\/\/dev.klb-koetztal.de\/fr\/?s={search_term_string}"},"query-input":{"@type":"PropertyValueSpecification","valueRequired":true,"valueName":"search_term_string"}}],"inLanguage":"fr-FR"}]}},"_links":{"self":[{"href":"https:\/\/dev.klb-koetztal.de\/fr\/wp-json\/wp\/v2\/product\/49408","targetHints":{"allow":["GET"]}}],"collection":[{"href":"https:\/\/dev.klb-koetztal.de\/fr\/wp-json\/wp\/v2\/product"}],"about":[{"href":"https:\/\/dev.klb-koetztal.de\/fr\/wp-json\/wp\/v2\/types\/product"}],"wp:featuredmedia":[{"embeddable":true,"href":"https:\/\/dev.klb-koetztal.de\/fr\/wp-json\/wp\/v2\/media\/49410"}],"wp:attachment":[{"href":"https:\/\/dev.klb-koetztal.de\/fr\/wp-json\/wp\/v2\/media?parent=49408"}],"wp:term":[{"taxonomy":"product_brand","embeddable":true,"href":"https:\/\/dev.klb-koetztal.de\/fr\/wp-json\/wp\/v2\/product_brand?post=49408"},{"taxonomy":"product_cat","embeddable":true,"href":"https:\/\/dev.klb-koetztal.de\/fr\/wp-json\/wp\/v2\/product_cat?post=49408"},{"taxonomy":"product_tag","embeddable":true,"href":"https:\/\/dev.klb-koetztal.de\/fr\/wp-json\/wp\/v2\/product_tag?post=49408"}],"curies":[{"name":"wp","href":"https:\/\/api.w.org\/{rel}","templated":true}]}}