{"id":49394,"date":"2022-03-14T10:55:48","date_gmt":"2022-03-14T09:55:48","guid":{"rendered":"https:\/\/dev.klb-koetztal.de\/produkt\/klb-system-ec-633-c\/"},"modified":"2026-03-16T14:07:33","modified_gmt":"2026-03-16T13:07:33","slug":"klb-system-ec-633-c","status":"publish","type":"product","link":"https:\/\/dev.klb-koetztal.de\/fr\/produkt\/klb-system-ec-633-c\/","title":{"rendered":"KLB-SYSTEM EC 633 C"},"content":{"rendered":"","protected":false},"excerpt":{"rendered":"<p>KLB-SYSTEM EC 633 C est un mortier d\u2019\u00e9galisation autolissant, \u00e0 base de ciment et modifi\u00e9 aux polym\u00e8res&#160;pour des \u00e9paisseurs de couches&#160;de 3 \u00e0 15&#160;mm sur les sols \u00e0 usage commercial et industriel soumis \u00e0 des contraintes faibles ou moyennes ;&#160;convient au rev\u00eatement&#160;ult\u00e9rieur par les r\u00e9sines r\u00e9actives. Le produit est monocomposant et ne n\u00e9cessite que l&rsquo;ajout d&rsquo;eau. L&rsquo;avantage particulier est le&#160;durcissement rapide en retrait r\u00e9duit.<\/p>\n","protected":false},"featured_media":49395,"template":"","meta":{"_acf_changed":false},"product_brand":[],"product_cat":[10042,10051],"product_tag":[],"class_list":{"0":"post-49394","1":"product","2":"type-product","3":"status-publish","4":"has-post-thumbnail","6":"product_cat-revetements","7":"product_cat-revetements_couches-ecc-et-de-nivellement-couches-de-fond","9":"first","10":"instock","11":"shipping-taxable","12":"product-type-simple"},"acf":{"product_header":{"module_product_header":{"":null,"prototype_headline":{"headline":"KLB-SYSTEM EC 633 C","h1":true,"subheadline":"Mortier d\u2019\u00e9galisation autolissant, \u00e0 faible retrait, \u00e0 base de ciment et modifi\u00e9 aux polym\u00e8res&#160;pour des \u00e9paisseurs de couches&#160;de 3 \u00e0 15&#160;mm sur les sols \u00e0 usage commercial et industriel \u00e0 contraintes&#160;moyennes","anchor":"","url":""},"grid_text_slider":false,"grid_text_content":[{"text":"<p class=\"product-short-title\" style=\"text-align: center;\"><strong>Br\u00e8ve description<\/strong><\/p>\n<p>KLB-SYSTEM EC 633 C est un mortier d\u2019\u00e9galisation autolissant, \u00e0 base de ciment et modifi\u00e9 aux polym\u00e8res&#160;pour des \u00e9paisseurs de couches&#160;de 3 \u00e0 15&#160;mm sur les sols \u00e0 usage commercial et industriel soumis \u00e0 des contraintes faibles ou moyennes ;&#160;convient au rev\u00eatement&#160;ult\u00e9rieur par les r\u00e9sines r\u00e9actives. Le produit est monocomposant et ne n\u00e9cessite que l&rsquo;ajout d&rsquo;eau. L&rsquo;avantage particulier est le&#160;durcissement rapide en retrait r\u00e9duit.<\/p>\n","width":"4","background_color_text":"bg-white","border_color":"border-gray-light"},{"text":"<p class=\"product-sicing-title\" style=\"text-align: center;\"><strong>Unit\u00e9s d'emballage<\/strong><\/p>\n<ul>\n<li>TM0001-24 &#8211; Sac 25,00 kg<\/li>\n<\/ul>\n<p><\/p>\n<p>N&rsquo;h\u00e9sitez pas \u00e0 contacter directement pour toute demande concernant des quantit\u00e9s de livraison ou des unit\u00e9s de conditionnement plus importantes.<\/p>\n\n","width":"4","background_color_text":"bg-white","border_color":"border-gray-light"},{"text":"<p class=\"product-attr-title\" style=\"text-align: center;\"><strong>Propri\u00e9t\u00e9s<\/strong><\/p>\n<ul>\n<li>formulation faible en \u00e9missions<\/li>\n<li>utilisation simple<\/li>\n<li>autolissant<\/li>\n<li>rapidement recouvrable<\/li>\n<li>tr\u00e8s bon \u00e9talement<\/li>\n<li>possibilit\u00e9 de rev\u00eatement avec des r\u00e9sines r\u00e9actives<\/li>\n<li>hautes r\u00e9sistances \u00e0 la compression<\/li>\n<li>non-combustible<\/li>\n<li>imperm\u00e9able \u00e0 l&rsquo;eau<\/li>\n<li>\u00e0 faible retrait<\/li>\n<li>certifi\u00e9 selon EMICODE\u00ae  EC 1PLUS<\/li>\n<\/ul>\n","width":"4","background_color_text":"bg-white","border_color":"border-gray-light"}],"background_color":"bg-none","background_color_content":"bg-none"}},"downloads":{"module_download_list":{"inhalt":null,"downloads":[{"download":{"ID":68195,"id":68195,"title":"EC_633_C_PI_fr_2025_11","filename":"EC_633_C_PI_fr_2025_11.pdf","filesize":787345,"url":"https:\/\/dev.klb-koetztal.de\/app\/uploads\/2025\/11\/EC_633_C_PI_fr_2025_11.pdf","link":"https:\/\/dev.klb-koetztal.de\/fr\/?attachment_id=68195","alt":"","author":"7","description":"","caption":"","name":"ec_633_c_pi_fr_2025_11-2","status":"inherit","uploaded_to":0,"date":"2025-11-28 07:40:12","modified":"2025-11-28 07:40:12","menu_order":0,"mime_type":"application\/pdf","type":"application","subtype":"pdf","icon":"https:\/\/dev.klb-koetztal.de\/wp\/wp-includes\/images\/media\/document.png"},"filename":"Information produit","protected":false,"doclang":"FR","externalkey":"Produktinformation","docpos":"3"},{"download":{"ID":68026,"id":68026,"title":"EC_633_C_LE_en_2025_11","filename":"EC_633_C_LE_en_2025_11.pdf","filesize":476025,"url":"https:\/\/dev.klb-koetztal.de\/app\/uploads\/2025\/11\/EC_633_C_LE_en_2025_11.pdf","link":"https:\/\/dev.klb-koetztal.de\/fr\/?attachment_id=68026","alt":"","author":"7","description":"","caption":"","name":"ec_633_c_le_en_2025_11-2","status":"inherit","uploaded_to":0,"date":"2025-11-04 13:41:08","modified":"2025-11-04 13:41:08","menu_order":0,"mime_type":"application\/pdf","type":"application","subtype":"pdf","icon":"https:\/\/dev.klb-koetztal.de\/wp\/wp-includes\/images\/media\/document.png"},"filename":"Statement of performance","protected":false,"doclang":"GB","externalkey":"Leistungserklaerung","docpos":"2"},{"download":{"ID":68039,"id":68039,"title":"EC_633_C_LE_fr_2025_11-1","filename":"EC_633_C_LE_fr_2025_11-1.pdf","filesize":476203,"url":"https:\/\/dev.klb-koetztal.de\/app\/uploads\/2025\/11\/EC_633_C_LE_fr_2025_11-1.pdf","link":"https:\/\/dev.klb-koetztal.de\/fr\/?attachment_id=68039","alt":"","author":"7","description":"","caption":"","name":"ec_633_c_le_fr_2025_11-1-2","status":"inherit","uploaded_to":0,"date":"2025-11-05 07:11:14","modified":"2025-11-05 07:11:14","menu_order":0,"mime_type":"application\/pdf","type":"application","subtype":"pdf","icon":"https:\/\/dev.klb-koetztal.de\/wp\/wp-includes\/images\/media\/document.png"},"filename":"D\u00e9claration de performance","protected":false,"doclang":"FR","externalkey":"Leistungserklaerung","docpos":"3"},{"download":{"ID":56076,"id":56076,"title":"EC633C_Umwelt-Deklaration_2023-04","filename":"EC633C_Umwelt-Deklaration_2023-04.pdf","filesize":2368985,"url":"https:\/\/dev.klb-koetztal.de\/app\/uploads\/2023\/04\/EC633C_Umwelt-Deklaration_2023-04.pdf","link":"https:\/\/dev.klb-koetztal.de\/fr\/?attachment_id=56076","alt":"","author":"7","description":"","caption":"","name":"ec633c_umwelt-deklaration_2023-04-2","status":"inherit","uploaded_to":0,"date":"2023-04-27 06:50:00","modified":"2023-04-27 06:50:00","menu_order":0,"mime_type":"application\/pdf","type":"application","subtype":"pdf","icon":"https:\/\/dev.klb-koetztal.de\/wp\/wp-includes\/images\/media\/document.png"},"filename":"D\u00e9clarations de produit environnemental (EPD)","protected":false,"doclang":"Multi","externalkey":"Umweltproduktdeklaration","docpos":"50"},{"download":false,"filename":"Fiche de donn\u00e9es de s\u00e9curit\u00e9","protected":true,"doclang":"FR","externalkey":"Sicherheitsdatenblatt","docpos":"3"}],"einstellungen":null,"background_color":"bg-none","background_color_content":"bg-none"}},"included_in_systems":{"module_included_in_systems":{"":null,"background_color":"bg-gray-medium","background_color_content":"bg-none"}},"contact":{"module_contact":{"":null,"background_color":"bg-none","background_color_content":"bg-none"}},"ausschreibende":{"module_ausschreibende":{"andern_sie_den_inhalt_unter_universelle_elemente":null,"background_color":"bg-none","background_color_content":"bg-none"}}},"yoast_head":"<!-- This site is optimized with the Yoast SEO plugin v27.0 - https:\/\/yoast.com\/product\/yoast-seo-wordpress\/ -->\n<title>Mortier d&#039;\u00e9galisation EC 633 C autolissant, \u00e0 base ciment | KLB<\/title>\n<meta name=\"description\" content=\"Mortier d\u2019\u00e9galisation monocomp. durcit rapide, ciment, modifi\u00e9 polym\u00e8res, faible retrait EC 633 C | KLB sols industriels \u2714\ufe0f compenser hauteur et \u00e9galiser\" \/>\n<meta name=\"robots\" content=\"noindex, follow, max-snippet:-1, max-image-preview:large, max-video-preview:-1\" \/>\n<meta property=\"og:locale\" content=\"fr_FR\" \/>\n<meta property=\"og:type\" content=\"article\" \/>\n<meta property=\"og:title\" content=\"Mortier d&#039;\u00e9galisation EC 633 C autolissant, \u00e0 base ciment | KLB\" \/>\n<meta property=\"og:description\" content=\"Mortier d\u2019\u00e9galisation monocomp. durcit rapide, ciment, modifi\u00e9 polym\u00e8res, faible retrait EC 633 C | KLB sols industriels \u2714\ufe0f compenser hauteur et \u00e9galiser\" \/>\n<meta property=\"og:url\" content=\"https:\/\/dev.klb-koetztal.de\/fr\/produkt\/klb-system-ec-633-c\/\" \/>\n<meta property=\"og:site_name\" content=\"KLB K\u00f6tztal\" \/>\n<meta property=\"article:publisher\" content=\"https:\/\/www.facebook.com\/klbkoetztal\" \/>\n<meta property=\"article:modified_time\" content=\"2026-03-16T13:07:33+00:00\" \/>\n<meta property=\"og:image\" content=\"https:\/\/dev.klb-koetztal.de\/app\/uploads\/2022\/03\/EC633_C.jpg\" \/>\n\t<meta property=\"og:image:width\" content=\"500\" \/>\n\t<meta property=\"og:image:height\" content=\"500\" \/>\n\t<meta property=\"og:image:type\" content=\"image\/jpeg\" \/>\n<meta name=\"twitter:card\" content=\"summary_large_image\" \/>\n<script type=\"application\/ld+json\" class=\"yoast-schema-graph\">{\"@context\":\"https:\/\/schema.org\",\"@graph\":[{\"@type\":\"WebPage\",\"@id\":\"https:\/\/dev.klb-koetztal.de\/fr\/produkt\/klb-system-ec-633-c\/\",\"url\":\"https:\/\/dev.klb-koetztal.de\/fr\/produkt\/klb-system-ec-633-c\/\",\"name\":\"Mortier d'\u00e9galisation EC 633 C autolissant, \u00e0 base ciment | KLB\",\"isPartOf\":{\"@id\":\"https:\/\/dev.klb-koetztal.de\/fr\/#website\"},\"primaryImageOfPage\":{\"@id\":\"https:\/\/dev.klb-koetztal.de\/fr\/produkt\/klb-system-ec-633-c\/#primaryimage\"},\"image\":{\"@id\":\"https:\/\/dev.klb-koetztal.de\/fr\/produkt\/klb-system-ec-633-c\/#primaryimage\"},\"thumbnailUrl\":\"https:\/\/dev.klb-koetztal.de\/app\/uploads\/2022\/03\/EC633_C.jpg\",\"datePublished\":\"2022-03-14T09:55:48+00:00\",\"dateModified\":\"2026-03-16T13:07:33+00:00\",\"description\":\"Mortier d\u2019\u00e9galisation monocomp. durcit rapide, ciment, modifi\u00e9 polym\u00e8res, faible retrait EC 633 C | KLB sols industriels \u2714\ufe0f compenser hauteur et \u00e9galiser\",\"breadcrumb\":{\"@id\":\"https:\/\/dev.klb-koetztal.de\/fr\/produkt\/klb-system-ec-633-c\/#breadcrumb\"},\"inLanguage\":\"fr-FR\",\"potentialAction\":[{\"@type\":\"ReadAction\",\"target\":[\"https:\/\/dev.klb-koetztal.de\/fr\/produkt\/klb-system-ec-633-c\/\"]}]},{\"@type\":\"ImageObject\",\"inLanguage\":\"fr-FR\",\"@id\":\"https:\/\/dev.klb-koetztal.de\/fr\/produkt\/klb-system-ec-633-c\/#primaryimage\",\"url\":\"https:\/\/dev.klb-koetztal.de\/app\/uploads\/2022\/03\/EC633_C.jpg\",\"contentUrl\":\"https:\/\/dev.klb-koetztal.de\/app\/uploads\/2022\/03\/EC633_C.jpg\",\"width\":500,\"height\":500},{\"@type\":\"BreadcrumbList\",\"@id\":\"https:\/\/dev.klb-koetztal.de\/fr\/produkt\/klb-system-ec-633-c\/#breadcrumb\",\"itemListElement\":[{\"@type\":\"ListItem\",\"position\":1,\"name\":\"Startseite\",\"item\":\"https:\/\/dev.klb-koetztal.de\/fr\/\"},{\"@type\":\"ListItem\",\"position\":2,\"name\":\"KLB-SYSTEM EC 633 C\"}]},{\"@type\":\"WebSite\",\"@id\":\"https:\/\/dev.klb-koetztal.de\/fr\/#website\",\"url\":\"https:\/\/dev.klb-koetztal.de\/fr\/\",\"name\":\"KLB K\u00f6tztal\",\"description\":\"Gute B\u00f6den haben ein System.\",\"potentialAction\":[{\"@type\":\"SearchAction\",\"target\":{\"@type\":\"EntryPoint\",\"urlTemplate\":\"https:\/\/dev.klb-koetztal.de\/fr\/?s={search_term_string}\"},\"query-input\":{\"@type\":\"PropertyValueSpecification\",\"valueRequired\":true,\"valueName\":\"search_term_string\"}}],\"inLanguage\":\"fr-FR\"}]}<\/script>\n<!-- \/ Yoast SEO plugin. -->","yoast_head_json":{"title":"Mortier d'\u00e9galisation EC 633 C autolissant, \u00e0 base ciment | KLB","description":"Mortier d\u2019\u00e9galisation monocomp. durcit rapide, ciment, modifi\u00e9 polym\u00e8res, faible retrait EC 633 C | KLB sols industriels \u2714\ufe0f compenser hauteur et \u00e9galiser","robots":{"index":"noindex","follow":"follow","max-snippet":"max-snippet:-1","max-image-preview":"max-image-preview:large","max-video-preview":"max-video-preview:-1"},"og_locale":"fr_FR","og_type":"article","og_title":"Mortier d'\u00e9galisation EC 633 C autolissant, \u00e0 base ciment | KLB","og_description":"Mortier d\u2019\u00e9galisation monocomp. durcit rapide, ciment, modifi\u00e9 polym\u00e8res, faible retrait EC 633 C | KLB sols industriels \u2714\ufe0f compenser hauteur et \u00e9galiser","og_url":"https:\/\/dev.klb-koetztal.de\/fr\/produkt\/klb-system-ec-633-c\/","og_site_name":"KLB K\u00f6tztal","article_publisher":"https:\/\/www.facebook.com\/klbkoetztal","article_modified_time":"2026-03-16T13:07:33+00:00","og_image":[{"width":500,"height":500,"url":"https:\/\/dev.klb-koetztal.de\/app\/uploads\/2022\/03\/EC633_C.jpg","type":"image\/jpeg"}],"twitter_card":"summary_large_image","schema":{"@context":"https:\/\/schema.org","@graph":[{"@type":"WebPage","@id":"https:\/\/dev.klb-koetztal.de\/fr\/produkt\/klb-system-ec-633-c\/","url":"https:\/\/dev.klb-koetztal.de\/fr\/produkt\/klb-system-ec-633-c\/","name":"Mortier d'\u00e9galisation EC 633 C autolissant, \u00e0 base ciment | KLB","isPartOf":{"@id":"https:\/\/dev.klb-koetztal.de\/fr\/#website"},"primaryImageOfPage":{"@id":"https:\/\/dev.klb-koetztal.de\/fr\/produkt\/klb-system-ec-633-c\/#primaryimage"},"image":{"@id":"https:\/\/dev.klb-koetztal.de\/fr\/produkt\/klb-system-ec-633-c\/#primaryimage"},"thumbnailUrl":"https:\/\/dev.klb-koetztal.de\/app\/uploads\/2022\/03\/EC633_C.jpg","datePublished":"2022-03-14T09:55:48+00:00","dateModified":"2026-03-16T13:07:33+00:00","description":"Mortier d\u2019\u00e9galisation monocomp. durcit rapide, ciment, modifi\u00e9 polym\u00e8res, faible retrait EC 633 C | KLB sols industriels \u2714\ufe0f compenser hauteur et \u00e9galiser","breadcrumb":{"@id":"https:\/\/dev.klb-koetztal.de\/fr\/produkt\/klb-system-ec-633-c\/#breadcrumb"},"inLanguage":"fr-FR","potentialAction":[{"@type":"ReadAction","target":["https:\/\/dev.klb-koetztal.de\/fr\/produkt\/klb-system-ec-633-c\/"]}]},{"@type":"ImageObject","inLanguage":"fr-FR","@id":"https:\/\/dev.klb-koetztal.de\/fr\/produkt\/klb-system-ec-633-c\/#primaryimage","url":"https:\/\/dev.klb-koetztal.de\/app\/uploads\/2022\/03\/EC633_C.jpg","contentUrl":"https:\/\/dev.klb-koetztal.de\/app\/uploads\/2022\/03\/EC633_C.jpg","width":500,"height":500},{"@type":"BreadcrumbList","@id":"https:\/\/dev.klb-koetztal.de\/fr\/produkt\/klb-system-ec-633-c\/#breadcrumb","itemListElement":[{"@type":"ListItem","position":1,"name":"Startseite","item":"https:\/\/dev.klb-koetztal.de\/fr\/"},{"@type":"ListItem","position":2,"name":"KLB-SYSTEM EC 633 C"}]},{"@type":"WebSite","@id":"https:\/\/dev.klb-koetztal.de\/fr\/#website","url":"https:\/\/dev.klb-koetztal.de\/fr\/","name":"KLB K\u00f6tztal","description":"Gute B\u00f6den haben ein System.","potentialAction":[{"@type":"SearchAction","target":{"@type":"EntryPoint","urlTemplate":"https:\/\/dev.klb-koetztal.de\/fr\/?s={search_term_string}"},"query-input":{"@type":"PropertyValueSpecification","valueRequired":true,"valueName":"search_term_string"}}],"inLanguage":"fr-FR"}]}},"_links":{"self":[{"href":"https:\/\/dev.klb-koetztal.de\/fr\/wp-json\/wp\/v2\/product\/49394","targetHints":{"allow":["GET"]}}],"collection":[{"href":"https:\/\/dev.klb-koetztal.de\/fr\/wp-json\/wp\/v2\/product"}],"about":[{"href":"https:\/\/dev.klb-koetztal.de\/fr\/wp-json\/wp\/v2\/types\/product"}],"wp:featuredmedia":[{"embeddable":true,"href":"https:\/\/dev.klb-koetztal.de\/fr\/wp-json\/wp\/v2\/media\/49395"}],"wp:attachment":[{"href":"https:\/\/dev.klb-koetztal.de\/fr\/wp-json\/wp\/v2\/media?parent=49394"}],"wp:term":[{"taxonomy":"product_brand","embeddable":true,"href":"https:\/\/dev.klb-koetztal.de\/fr\/wp-json\/wp\/v2\/product_brand?post=49394"},{"taxonomy":"product_cat","embeddable":true,"href":"https:\/\/dev.klb-koetztal.de\/fr\/wp-json\/wp\/v2\/product_cat?post=49394"},{"taxonomy":"product_tag","embeddable":true,"href":"https:\/\/dev.klb-koetztal.de\/fr\/wp-json\/wp\/v2\/product_tag?post=49394"}],"curies":[{"name":"wp","href":"https:\/\/api.w.org\/{rel}","templated":true}]}}