{"id":49392,"date":"2022-03-14T10:55:47","date_gmt":"2022-03-14T09:55:47","guid":{"rendered":"https:\/\/dev.klb-koetztal.de\/produkt\/chemoresin-cr-920\/"},"modified":"2026-02-25T11:37:51","modified_gmt":"2026-02-25T10:37:51","slug":"chemoresin-cr-920","status":"publish","type":"product","link":"https:\/\/dev.klb-koetztal.de\/fr\/produkt\/chemoresin-cr-920\/","title":{"rendered":"CHEMORESIN CR 920"},"content":{"rendered":"","protected":false},"excerpt":{"rendered":"<p>CHEMORESIN CR 920 est un nouveau rev\u00eatement autolissant et innovant en r\u00e9sine r\u00e9active \u00e0 2 composants et \u00e0 base de polyur\u00e9thane sp\u00e9cial avec une r\u00e9sistance chimique consid\u00e9rablement accrue par rapport aux rev\u00eatements courants en r\u00e9sine \u00e9poxy ou en polyur\u00e9thane. Il est utilis\u00e9 pour la r\u00e9alisation des rev\u00eatements lisses ou antid\u00e9rapants qui sont&#160;hautement r\u00e9sistant aux produits chimiques.<br \/>\nLe rev\u00eatement durci est particuli\u00e8rement adapt\u00e9 aux zones commerciales et industrielles avec des exigences particuli\u00e8res en mati\u00e8re de r\u00e9sistance chimique. Le produit&#160;sert \u00e0 une application sp\u00e9ciale, par exemple dans les zones contamin\u00e9es chimiquement de diverses industries : Secteur chimique, d\u00e9capants de peinture, installations de galvanisation, zones agricoles&#160;et bien d&rsquo;autres domaines.<br \/>\nLes rev\u00eatements CHEMORESIN sont des rev\u00eatements sp\u00e9ciaux techniques qui ne sont pas ax\u00e9s sur l&rsquo;aspect d\u00e9coratif !<\/p>\n","protected":false},"featured_media":62079,"template":"","meta":{"_acf_changed":false},"product_brand":[],"product_cat":[10049,10050],"product_tag":[],"class_list":{"0":"post-49392","1":"product","2":"type-product","3":"status-publish","4":"has-post-thumbnail","6":"product_cat-chemoresin-3","7":"product_cat-chemoresin_couches-de-fond-et-revetements-resistants-aux-produits-chimiques","9":"first","10":"instock","11":"shipping-taxable","12":"product-type-simple"},"acf":{"product_header":{"module_product_header":{"":null,"prototype_headline":{"headline":"CHEMORESIN CR 920","h1":true,"subheadline":"Rev\u00eatement autolissant en r\u00e9sine r\u00e9active \u00e0 2 composants, innovative et \u00e0 base de polyur\u00e9thane sp\u00e9cial&#160;avec une r\u00e9sistance chimique \u00e9lev\u00e9e","anchor":"","url":""},"grid_text_slider":false,"grid_text_content":[{"text":"<p class=\"product-short-title\" style=\"text-align: center;\"><strong>Br\u00e8ve description<\/strong><\/p>\n<p><strong>CHEMORESIN CR 920<\/strong> est un nouveau rev\u00eatement autolissant et innovant en r\u00e9sine r\u00e9active \u00e0 2 composants et \u00e0 base de polyur\u00e9thane sp\u00e9cial avec une r\u00e9sistance chimique consid\u00e9rablement accrue par rapport aux rev\u00eatements courants en r\u00e9sine \u00e9poxy ou en polyur\u00e9thane. Il est utilis\u00e9 pour la r\u00e9alisation des rev\u00eatements lisses ou antid\u00e9rapants qui sont&#160;hautement r\u00e9sistant aux produits chimiques.<\/p>\n<p>Le rev\u00eatement durci est particuli\u00e8rement adapt\u00e9 aux zones commerciales et industrielles avec des exigences particuli\u00e8res en mati\u00e8re de r\u00e9sistance chimique. Le produit&#160;sert \u00e0 une application sp\u00e9ciale, par exemple dans les zones contamin\u00e9es chimiquement de diverses industries : Secteur chimique, d\u00e9capants de peinture, installations de galvanisation, zones agricoles&#160;et bien d&rsquo;autres domaines.<\/p>\n<p>Les rev\u00eatements <strong>CHEMORESIN <\/strong>sont des rev\u00eatements sp\u00e9ciaux techniques qui ne sont pas ax\u00e9s sur l&rsquo;aspect d\u00e9coratif !<\/p>\n","width":"4","background_color_text":"bg-white","border_color":"border-gray-light"},{"text":"<p class=\"product-sicing-title\" style=\"text-align: center;\"><strong>Unit\u00e9s d'emballage<\/strong><\/p>\n<ul>\n<li>AK2001-50 &#8211; Combinaison Seau 10,00 kg<\/li>\n<li>AK2001-25 &#8211; Combinaison Hobbock 22,00 kg<\/li>\n<\/ul>\n<p><\/p>\n<p>N&rsquo;h\u00e9sitez pas \u00e0 contacter directement pour toute demande concernant des quantit\u00e9s de livraison ou des unit\u00e9s de conditionnement plus importantes.<\/p>\n\n","width":"4","background_color_text":"bg-white","border_color":"border-gray-light"},{"text":"<p class=\"product-attr-title\" style=\"text-align: center;\"><strong>Propri\u00e9t\u00e9s<\/strong><\/p>\n<ul>\n<li>bonne r\u00e9sistance chimique<\/li>\n<li>stable \u00e0 l&rsquo;hydrolyse et \u00e0 la saponification<\/li>\n<li>bonnes propri\u00e9t\u00e9s de traitement<\/li>\n<li>tr\u00e8s r\u00e9sistant aux contraintes m\u00e9caniques<\/li>\n<li>nouvelle composition pour des applications techniques<\/li>\n<li>r\u00e9sistant \u00e0 l&rsquo;abrasion et \u00e0 l&rsquo;usure<\/li>\n<\/ul>\n","width":"4","background_color_text":"bg-white","border_color":"border-gray-light"}],"background_color":"bg-none","background_color_content":"bg-none"}},"downloads":{"module_download_list":{"inhalt":null,"downloads":[{"download":{"ID":65035,"id":65035,"title":"CR_920_PI_fr_2025_04","filename":"CR_920_PI_fr_2025_04.pdf","filesize":475837,"url":"https:\/\/dev.klb-koetztal.de\/app\/uploads\/2025\/04\/CR_920_PI_fr_2025_04.pdf","link":"https:\/\/dev.klb-koetztal.de\/fr\/?attachment_id=65035","alt":"","author":"7","description":"","caption":"","name":"cr_920_pi_fr_2025_04-2","status":"inherit","uploaded_to":0,"date":"2025-04-22 06:50:25","modified":"2025-04-22 06:50:25","menu_order":0,"mime_type":"application\/pdf","type":"application","subtype":"pdf","icon":"https:\/\/dev.klb-koetztal.de\/wp\/wp-includes\/images\/media\/document.png"},"filename":"Information produit","protected":false,"doclang":"FR","externalkey":"Produktinformation","docpos":"3"},{"download":{"ID":49396,"id":49396,"title":"Leistungserkl\u00e4rung - Statement of performance","filename":"CR920_LE_06-2020.pdf","filesize":227399,"url":"https:\/\/dev.klb-koetztal.de\/app\/uploads\/2022\/03\/CR920_LE_06-2020.pdf","link":"https:\/\/dev.klb-koetztal.de\/fr\/?attachment_id=49396","alt":"","author":"7","description":"","caption":"","name":"cr920_le_06-2020","status":"inherit","uploaded_to":0,"date":"2022-03-14 09:55:51","modified":"2026-02-25 10:37:59","menu_order":0,"mime_type":"application\/pdf","type":"application","subtype":"pdf","icon":"https:\/\/dev.klb-koetztal.de\/wp\/wp-includes\/images\/media\/document.png"},"filename":"D\u00e9claration de performance","protected":false,"doclang":"Multi","externalkey":"Leistungserklaerung","docpos":"50"},{"download":{"ID":51268,"id":51268,"title":"EPD-Information","filename":"CR920_Umwelt-Deklaration_2022-06.pdf","filesize":2554117,"url":"https:\/\/dev.klb-koetztal.de\/app\/uploads\/2022\/06\/CR920_Umwelt-Deklaration_2022-06.pdf","link":"https:\/\/dev.klb-koetztal.de\/fr\/?attachment_id=51268","alt":"","author":"7","description":"","caption":"","name":"cr920_umwelt-deklaration_2022-06","status":"inherit","uploaded_to":0,"date":"2022-06-22 11:47:47","modified":"2026-02-25 10:38:06","menu_order":0,"mime_type":"application\/pdf","type":"application","subtype":"pdf","icon":"https:\/\/dev.klb-koetztal.de\/wp\/wp-includes\/images\/media\/document.png"},"filename":"D\u00e9clarations de produit environnemental (EPD)","protected":false,"doclang":"Multi","externalkey":"Umweltproduktdeklaration","docpos":"50"},{"download":false,"filename":"Fiche de donn\u00e9es de s\u00e9curit\u00e9","protected":true,"doclang":"FR","externalkey":"Sicherheitsdatenblatt","docpos":"3"},{"download":{"ID":49405,"id":49405,"title":"Farbkarte CHEMORESIN CR 920","filename":"Farbkarte_Chemoresin_01-2021_DE_GB_FR.pdf","filesize":1532602,"url":"https:\/\/dev.klb-koetztal.de\/app\/uploads\/2022\/03\/Farbkarte_Chemoresin_01-2021_DE_GB_FR.pdf","link":"https:\/\/dev.klb-koetztal.de\/fr\/?attachment_id=49405","alt":"","author":"7","description":"","caption":"","name":"farbkarte_chemoresin_01-2021_de_gb_fr","status":"inherit","uploaded_to":0,"date":"2022-03-14 09:55:59","modified":"2026-02-25 10:38:07","menu_order":0,"mime_type":"application\/pdf","type":"application","subtype":"pdf","icon":"https:\/\/dev.klb-koetztal.de\/wp\/wp-includes\/images\/media\/document.png"},"filename":"Nuanciers FR","protected":false,"doclang":"Multi","externalkey":"Farbkarten","docpos":"50"}],"einstellungen":null,"background_color":"bg-none","background_color_content":"bg-none"}},"included_in_systems":{"module_included_in_systems":{"":null,"background_color":"bg-gray-medium","background_color_content":"bg-none"}},"contact":{"module_contact":{"":null,"background_color":"bg-none","background_color_content":"bg-none"}},"ausschreibende":{"module_ausschreibende":{"andern_sie_den_inhalt_unter_universelle_elemente":null,"background_color":"bg-none","background_color_content":"bg-none"}}},"yoast_head":"<!-- This site is optimized with the Yoast SEO plugin v27.0 - https:\/\/yoast.com\/product\/yoast-seo-wordpress\/ -->\n<title>Rev\u00eatement CR 920 bicomp. tr\u00e8s chimi-r\u00e9sistant | KLB K\u00f6tztal<\/title>\n<meta name=\"description\" content=\"Rev\u00eatement polyur\u00e9thane CR 920 bicomposant, hautement chimi-r\u00e9sistant | KLB rev\u00eatements de sol \u2714\ufe0f tr\u00e8s r\u00e9sistant aux acides et bases\" \/>\n<meta name=\"robots\" content=\"noindex, follow, max-snippet:-1, max-image-preview:large, max-video-preview:-1\" \/>\n<meta property=\"og:locale\" content=\"fr_FR\" \/>\n<meta property=\"og:type\" content=\"article\" \/>\n<meta property=\"og:title\" content=\"Rev\u00eatement CR 920 bicomp. tr\u00e8s chimi-r\u00e9sistant | KLB K\u00f6tztal\" \/>\n<meta property=\"og:description\" content=\"Rev\u00eatement polyur\u00e9thane CR 920 bicomposant, hautement chimi-r\u00e9sistant | KLB rev\u00eatements de sol \u2714\ufe0f tr\u00e8s r\u00e9sistant aux acides et bases\" \/>\n<meta property=\"og:url\" content=\"https:\/\/dev.klb-koetztal.de\/fr\/produkt\/chemoresin-cr-920\/\" \/>\n<meta property=\"og:site_name\" content=\"KLB K\u00f6tztal\" \/>\n<meta property=\"article:publisher\" content=\"https:\/\/www.facebook.com\/klbkoetztal\" \/>\n<meta property=\"article:modified_time\" content=\"2026-02-25T10:37:51+00:00\" \/>\n<meta property=\"og:image\" content=\"https:\/\/dev.klb-koetztal.de\/app\/uploads\/2024\/06\/CR_920_600px_Kombi_KLB_Koetztal_CHEMORESIN.jpg\" \/>\n\t<meta property=\"og:image:width\" content=\"600\" \/>\n\t<meta property=\"og:image:height\" content=\"600\" \/>\n\t<meta property=\"og:image:type\" content=\"image\/jpeg\" \/>\n<meta name=\"twitter:card\" content=\"summary_large_image\" \/>\n<script type=\"application\/ld+json\" class=\"yoast-schema-graph\">{\"@context\":\"https:\/\/schema.org\",\"@graph\":[{\"@type\":\"WebPage\",\"@id\":\"https:\/\/dev.klb-koetztal.de\/fr\/produkt\/chemoresin-cr-920\/\",\"url\":\"https:\/\/dev.klb-koetztal.de\/fr\/produkt\/chemoresin-cr-920\/\",\"name\":\"Rev\u00eatement CR 920 bicomp. tr\u00e8s chimi-r\u00e9sistant | KLB K\u00f6tztal\",\"isPartOf\":{\"@id\":\"https:\/\/dev.klb-koetztal.de\/fr\/#website\"},\"primaryImageOfPage\":{\"@id\":\"https:\/\/dev.klb-koetztal.de\/fr\/produkt\/chemoresin-cr-920\/#primaryimage\"},\"image\":{\"@id\":\"https:\/\/dev.klb-koetztal.de\/fr\/produkt\/chemoresin-cr-920\/#primaryimage\"},\"thumbnailUrl\":\"https:\/\/dev.klb-koetztal.de\/app\/uploads\/2024\/06\/CR_920_600px_Kombi_KLB_Koetztal_CHEMORESIN.jpg\",\"datePublished\":\"2022-03-14T09:55:47+00:00\",\"dateModified\":\"2026-02-25T10:37:51+00:00\",\"description\":\"Rev\u00eatement polyur\u00e9thane CR 920 bicomposant, hautement chimi-r\u00e9sistant | KLB rev\u00eatements de sol \u2714\ufe0f tr\u00e8s r\u00e9sistant aux acides et bases\",\"breadcrumb\":{\"@id\":\"https:\/\/dev.klb-koetztal.de\/fr\/produkt\/chemoresin-cr-920\/#breadcrumb\"},\"inLanguage\":\"fr-FR\",\"potentialAction\":[{\"@type\":\"ReadAction\",\"target\":[\"https:\/\/dev.klb-koetztal.de\/fr\/produkt\/chemoresin-cr-920\/\"]}]},{\"@type\":\"ImageObject\",\"inLanguage\":\"fr-FR\",\"@id\":\"https:\/\/dev.klb-koetztal.de\/fr\/produkt\/chemoresin-cr-920\/#primaryimage\",\"url\":\"https:\/\/dev.klb-koetztal.de\/app\/uploads\/2024\/06\/CR_920_600px_Kombi_KLB_Koetztal_CHEMORESIN.jpg\",\"contentUrl\":\"https:\/\/dev.klb-koetztal.de\/app\/uploads\/2024\/06\/CR_920_600px_Kombi_KLB_Koetztal_CHEMORESIN.jpg\",\"width\":600,\"height\":600},{\"@type\":\"BreadcrumbList\",\"@id\":\"https:\/\/dev.klb-koetztal.de\/fr\/produkt\/chemoresin-cr-920\/#breadcrumb\",\"itemListElement\":[{\"@type\":\"ListItem\",\"position\":1,\"name\":\"Startseite\",\"item\":\"https:\/\/dev.klb-koetztal.de\/fr\/\"},{\"@type\":\"ListItem\",\"position\":2,\"name\":\"CHEMORESIN CR 920\"}]},{\"@type\":\"WebSite\",\"@id\":\"https:\/\/dev.klb-koetztal.de\/fr\/#website\",\"url\":\"https:\/\/dev.klb-koetztal.de\/fr\/\",\"name\":\"KLB K\u00f6tztal\",\"description\":\"Gute B\u00f6den haben ein System.\",\"potentialAction\":[{\"@type\":\"SearchAction\",\"target\":{\"@type\":\"EntryPoint\",\"urlTemplate\":\"https:\/\/dev.klb-koetztal.de\/fr\/?s={search_term_string}\"},\"query-input\":{\"@type\":\"PropertyValueSpecification\",\"valueRequired\":true,\"valueName\":\"search_term_string\"}}],\"inLanguage\":\"fr-FR\"}]}<\/script>\n<!-- \/ Yoast SEO plugin. -->","yoast_head_json":{"title":"Rev\u00eatement CR 920 bicomp. tr\u00e8s chimi-r\u00e9sistant | KLB K\u00f6tztal","description":"Rev\u00eatement polyur\u00e9thane CR 920 bicomposant, hautement chimi-r\u00e9sistant | KLB rev\u00eatements de sol \u2714\ufe0f tr\u00e8s r\u00e9sistant aux acides et bases","robots":{"index":"noindex","follow":"follow","max-snippet":"max-snippet:-1","max-image-preview":"max-image-preview:large","max-video-preview":"max-video-preview:-1"},"og_locale":"fr_FR","og_type":"article","og_title":"Rev\u00eatement CR 920 bicomp. tr\u00e8s chimi-r\u00e9sistant | KLB K\u00f6tztal","og_description":"Rev\u00eatement polyur\u00e9thane CR 920 bicomposant, hautement chimi-r\u00e9sistant | KLB rev\u00eatements de sol \u2714\ufe0f tr\u00e8s r\u00e9sistant aux acides et bases","og_url":"https:\/\/dev.klb-koetztal.de\/fr\/produkt\/chemoresin-cr-920\/","og_site_name":"KLB K\u00f6tztal","article_publisher":"https:\/\/www.facebook.com\/klbkoetztal","article_modified_time":"2026-02-25T10:37:51+00:00","og_image":[{"width":600,"height":600,"url":"https:\/\/dev.klb-koetztal.de\/app\/uploads\/2024\/06\/CR_920_600px_Kombi_KLB_Koetztal_CHEMORESIN.jpg","type":"image\/jpeg"}],"twitter_card":"summary_large_image","schema":{"@context":"https:\/\/schema.org","@graph":[{"@type":"WebPage","@id":"https:\/\/dev.klb-koetztal.de\/fr\/produkt\/chemoresin-cr-920\/","url":"https:\/\/dev.klb-koetztal.de\/fr\/produkt\/chemoresin-cr-920\/","name":"Rev\u00eatement CR 920 bicomp. tr\u00e8s chimi-r\u00e9sistant | KLB K\u00f6tztal","isPartOf":{"@id":"https:\/\/dev.klb-koetztal.de\/fr\/#website"},"primaryImageOfPage":{"@id":"https:\/\/dev.klb-koetztal.de\/fr\/produkt\/chemoresin-cr-920\/#primaryimage"},"image":{"@id":"https:\/\/dev.klb-koetztal.de\/fr\/produkt\/chemoresin-cr-920\/#primaryimage"},"thumbnailUrl":"https:\/\/dev.klb-koetztal.de\/app\/uploads\/2024\/06\/CR_920_600px_Kombi_KLB_Koetztal_CHEMORESIN.jpg","datePublished":"2022-03-14T09:55:47+00:00","dateModified":"2026-02-25T10:37:51+00:00","description":"Rev\u00eatement polyur\u00e9thane CR 920 bicomposant, hautement chimi-r\u00e9sistant | KLB rev\u00eatements de sol \u2714\ufe0f tr\u00e8s r\u00e9sistant aux acides et bases","breadcrumb":{"@id":"https:\/\/dev.klb-koetztal.de\/fr\/produkt\/chemoresin-cr-920\/#breadcrumb"},"inLanguage":"fr-FR","potentialAction":[{"@type":"ReadAction","target":["https:\/\/dev.klb-koetztal.de\/fr\/produkt\/chemoresin-cr-920\/"]}]},{"@type":"ImageObject","inLanguage":"fr-FR","@id":"https:\/\/dev.klb-koetztal.de\/fr\/produkt\/chemoresin-cr-920\/#primaryimage","url":"https:\/\/dev.klb-koetztal.de\/app\/uploads\/2024\/06\/CR_920_600px_Kombi_KLB_Koetztal_CHEMORESIN.jpg","contentUrl":"https:\/\/dev.klb-koetztal.de\/app\/uploads\/2024\/06\/CR_920_600px_Kombi_KLB_Koetztal_CHEMORESIN.jpg","width":600,"height":600},{"@type":"BreadcrumbList","@id":"https:\/\/dev.klb-koetztal.de\/fr\/produkt\/chemoresin-cr-920\/#breadcrumb","itemListElement":[{"@type":"ListItem","position":1,"name":"Startseite","item":"https:\/\/dev.klb-koetztal.de\/fr\/"},{"@type":"ListItem","position":2,"name":"CHEMORESIN CR 920"}]},{"@type":"WebSite","@id":"https:\/\/dev.klb-koetztal.de\/fr\/#website","url":"https:\/\/dev.klb-koetztal.de\/fr\/","name":"KLB K\u00f6tztal","description":"Gute B\u00f6den haben ein System.","potentialAction":[{"@type":"SearchAction","target":{"@type":"EntryPoint","urlTemplate":"https:\/\/dev.klb-koetztal.de\/fr\/?s={search_term_string}"},"query-input":{"@type":"PropertyValueSpecification","valueRequired":true,"valueName":"search_term_string"}}],"inLanguage":"fr-FR"}]}},"_links":{"self":[{"href":"https:\/\/dev.klb-koetztal.de\/fr\/wp-json\/wp\/v2\/product\/49392","targetHints":{"allow":["GET"]}}],"collection":[{"href":"https:\/\/dev.klb-koetztal.de\/fr\/wp-json\/wp\/v2\/product"}],"about":[{"href":"https:\/\/dev.klb-koetztal.de\/fr\/wp-json\/wp\/v2\/types\/product"}],"wp:featuredmedia":[{"embeddable":true,"href":"https:\/\/dev.klb-koetztal.de\/fr\/wp-json\/wp\/v2\/media\/62079"}],"wp:attachment":[{"href":"https:\/\/dev.klb-koetztal.de\/fr\/wp-json\/wp\/v2\/media?parent=49392"}],"wp:term":[{"taxonomy":"product_brand","embeddable":true,"href":"https:\/\/dev.klb-koetztal.de\/fr\/wp-json\/wp\/v2\/product_brand?post=49392"},{"taxonomy":"product_cat","embeddable":true,"href":"https:\/\/dev.klb-koetztal.de\/fr\/wp-json\/wp\/v2\/product_cat?post=49392"},{"taxonomy":"product_tag","embeddable":true,"href":"https:\/\/dev.klb-koetztal.de\/fr\/wp-json\/wp\/v2\/product_tag?post=49392"}],"curies":[{"name":"wp","href":"https:\/\/api.w.org\/{rel}","templated":true}]}}