{"id":49381,"date":"2022-03-14T10:55:34","date_gmt":"2022-03-14T09:55:34","guid":{"rendered":"https:\/\/dev.klb-koetztal.de\/produkt\/klb-system-polyurethan-pu-662\/"},"modified":"2026-02-26T13:10:46","modified_gmt":"2026-02-26T12:10:46","slug":"klb-system-polyurethan-pu-662","status":"publish","type":"product","link":"https:\/\/dev.klb-koetztal.de\/fr\/produkt\/klb-system-polyurethan-pu-662\/","title":{"rendered":"KLB-SYSTEM POLYURETHAN PU 662"},"content":{"rendered":"","protected":false},"excerpt":{"rendered":"<p>KLB-SYSTEM POLYURETHAN PU 662 est utilis\u00e9 pour la r\u00e9alisation de rev\u00eatements muraux et de plafonds \u00e0 faible \u00e9mission, lisses, non poreux et sans joints, qui sont appliqu\u00e9s \u00e0 la truelle en plusieurs \u00e9tapes de travail.<br \/>\nSelon les exigences en mati\u00e8re de r\u00e9sistance&#160;et d&rsquo;aspect, l&rsquo;application se fait en 2&#160;\u00e0 4 couches avec le pon\u00e7age interm\u00e9diaire correspondant.<\/p>\n","protected":false},"featured_media":63846,"template":"","meta":{"_acf_changed":false},"product_brand":[],"product_cat":[10042,10048],"product_tag":[],"class_list":{"0":"post-49381","1":"product","2":"type-product","3":"status-publish","4":"has-post-thumbnail","6":"product_cat-revetements","7":"product_cat-revetements_revetements-muraux-et-scellements","9":"first","10":"instock","11":"shipping-taxable","12":"product-type-simple"},"acf":{"product_header":{"module_product_header":{"":null,"prototype_headline":{"headline":"KLB-SYSTEM POLYURETHAN PU 662","h1":true,"subheadline":"Rev\u00eatement mural en polyur\u00e9thane \u00e0 2 composants, \u00e0 faible \u00e9mission et p\u00e2teux pour les surfaces lisses&#160;sur les murs et les plafonds","anchor":"","url":""},"grid_text_slider":false,"grid_text_content":[{"text":"<p class=\"product-short-title\" style=\"text-align: center;\"><strong>Br\u00e8ve description<\/strong><\/p>\n<p>KLB-SYSTEM POLYURETHAN PU 662 est utilis\u00e9 pour la r\u00e9alisation de rev\u00eatements muraux et de plafonds \u00e0 faible \u00e9mission, lisses, non poreux et sans joints, qui sont appliqu\u00e9s \u00e0 la truelle en plusieurs \u00e9tapes de travail.<\/p>\n<p>Selon les exigences en mati\u00e8re de r\u00e9sistance&#160;et d&rsquo;aspect, l&rsquo;application se fait en 2&#160;\u00e0 4 couches avec le pon\u00e7age interm\u00e9diaire correspondant.<\/p>\n","width":"4","background_color_text":"bg-white","border_color":"border-gray-light"},{"text":"<p class=\"product-sicing-title\" style=\"text-align: center;\"><strong>Unit\u00e9s d'emballage<\/strong><\/p>\n<ul>\n<li>AK6942-47 &#8211; Combinaison Seau 12,00 kg<\/li>\n<\/ul>\n<p><\/p>\n<p>N&rsquo;h\u00e9sitez pas \u00e0 contacter directement pour toute demande concernant des quantit\u00e9s de livraison ou des unit\u00e9s de conditionnement plus importantes.<\/p>\n\n","width":"4","background_color_text":"bg-white","border_color":"border-gray-light"},{"text":"<p class=\"product-attr-title\" style=\"text-align: center;\"><strong>Propri\u00e9t\u00e9s<\/strong><\/p>\n<ul>\n<li>surface color\u00e9e<\/li>\n<li>surface homog\u00e8ne<\/li>\n<li>qualit\u00e9 contr\u00f4l\u00e9e, \u00e0 faible \u00e9mission<\/li>\n<li>esth\u00e9tique<\/li>\n<li>sans solvant<\/li>\n<li>rev\u00eatement sans joint<\/li>\n<li>pontant les fissures<\/li>\n<li>tr\u00e8s r\u00e9sistant aux contraintes m\u00e9caniques<\/li>\n<li>bonnes propri\u00e9t\u00e9s de traitement<\/li>\n<li>consistance stable<\/li>\n<li>bonne r\u00e9sistance \u00e0 l&rsquo;eau et aux produits chimiques<\/li>\n<li>Total Solid selon GISCODE (m\u00e9thode d&rsquo;essai de \u00ab Deutsche Bauchemie \u00bb, l&rsquo;association all. pour la chimie de construction)<\/li>\n<\/ul>\n","width":"4","background_color_text":"bg-white","border_color":"border-gray-light"}],"background_color":"bg-none","background_color_content":"bg-none"}},"downloads":{"module_download_list":{"inhalt":null,"downloads":[{"download":{"ID":64063,"id":64063,"title":"PU_662_PI_fr_2024_12","filename":"PU_662_PI_fr_2024_12.pdf","filesize":580765,"url":"https:\/\/dev.klb-koetztal.de\/app\/uploads\/2024\/12\/PU_662_PI_fr_2024_12.pdf","link":"https:\/\/dev.klb-koetztal.de\/fr\/?attachment_id=64063","alt":"","author":"7","description":"","caption":"","name":"pu_662_pi_fr_2024_12-2","status":"inherit","uploaded_to":0,"date":"2024-12-18 14:00:16","modified":"2024-12-18 14:00:16","menu_order":0,"mime_type":"application\/pdf","type":"application","subtype":"pdf","icon":"https:\/\/dev.klb-koetztal.de\/wp\/wp-includes\/images\/media\/document.png"},"filename":"Information produit","protected":false,"doclang":"FR","externalkey":"Produktinformation","docpos":"3"},{"download":{"ID":51275,"id":51275,"title":"EPD-Information","filename":"PU662_Umwelt-Deklaration_2022-06.pdf","filesize":4375616,"url":"https:\/\/dev.klb-koetztal.de\/app\/uploads\/2022\/06\/PU662_Umwelt-Deklaration_2022-06.pdf","link":"https:\/\/dev.klb-koetztal.de\/fr\/?attachment_id=51275","alt":"","author":"7","description":"","caption":"","name":"pu662_umwelt-deklaration_2022-06","status":"inherit","uploaded_to":0,"date":"2022-06-23 13:32:45","modified":"2026-02-26 12:10:53","menu_order":0,"mime_type":"application\/pdf","type":"application","subtype":"pdf","icon":"https:\/\/dev.klb-koetztal.de\/wp\/wp-includes\/images\/media\/document.png"},"filename":"D\u00e9clarations de produit environnemental (EPD)","protected":false,"doclang":"Multi","externalkey":"Umweltproduktdeklaration","docpos":"50"},{"download":false,"filename":"Fiche de donn\u00e9es de s\u00e9curit\u00e9","protected":true,"doclang":"FR","externalkey":"Sicherheitsdatenblatt","docpos":"3"}],"einstellungen":null,"background_color":"bg-none","background_color_content":"bg-none"}},"included_in_systems":{"module_included_in_systems":{"":null,"background_color":"bg-gray-medium","background_color_content":"bg-none"}},"contact":{"module_contact":{"":null,"background_color":"bg-none","background_color_content":"bg-none"}},"ausschreibende":{"module_ausschreibende":{"andern_sie_den_inhalt_unter_universelle_elemente":null,"background_color":"bg-none","background_color_content":"bg-none"}}},"yoast_head":"<!-- This site is optimized with the Yoast SEO plugin v27.0 - https:\/\/yoast.com\/product\/yoast-seo-wordpress\/ -->\n<title>Rev\u00eatement mural faible en COV, lisse PU 662 | KLB K\u00f6tztal<\/title>\n<meta name=\"description\" content=\"Rev\u00eatement mural faible en \u00e9missions, p\u00e2teux, stable PU 662 pour les rev\u00eatements lisses sur mur et plafond | KLB rev\u00eatements \u2714\ufe0f DIBt\u00ae, AgBB, Eurofins\" \/>\n<meta name=\"robots\" content=\"noindex, follow, max-snippet:-1, max-image-preview:large, max-video-preview:-1\" \/>\n<meta property=\"og:locale\" content=\"fr_FR\" \/>\n<meta property=\"og:type\" content=\"article\" \/>\n<meta property=\"og:title\" content=\"Rev\u00eatement mural faible en COV, lisse PU 662 | KLB K\u00f6tztal\" \/>\n<meta property=\"og:description\" content=\"Rev\u00eatement mural faible en \u00e9missions, p\u00e2teux, stable PU 662 pour les rev\u00eatements lisses sur mur et plafond | KLB rev\u00eatements \u2714\ufe0f DIBt\u00ae, AgBB, Eurofins\" \/>\n<meta property=\"og:url\" content=\"https:\/\/dev.klb-koetztal.de\/fr\/produkt\/klb-system-polyurethan-pu-662\/\" \/>\n<meta property=\"og:site_name\" content=\"KLB K\u00f6tztal\" \/>\n<meta property=\"article:publisher\" content=\"https:\/\/www.facebook.com\/klbkoetztal\" \/>\n<meta property=\"article:modified_time\" content=\"2026-02-26T12:10:46+00:00\" \/>\n<meta property=\"og:image\" content=\"https:\/\/dev.klb-koetztal.de\/app\/uploads\/2024\/11\/PU_662_Wandbeschichtung_KLB_12kg_600px.jpg\" \/>\n\t<meta property=\"og:image:width\" content=\"600\" \/>\n\t<meta property=\"og:image:height\" content=\"600\" \/>\n\t<meta property=\"og:image:type\" content=\"image\/jpeg\" \/>\n<meta name=\"twitter:card\" content=\"summary_large_image\" \/>\n<script type=\"application\/ld+json\" class=\"yoast-schema-graph\">{\"@context\":\"https:\/\/schema.org\",\"@graph\":[{\"@type\":\"WebPage\",\"@id\":\"https:\/\/dev.klb-koetztal.de\/fr\/produkt\/klb-system-polyurethan-pu-662\/\",\"url\":\"https:\/\/dev.klb-koetztal.de\/fr\/produkt\/klb-system-polyurethan-pu-662\/\",\"name\":\"Rev\u00eatement mural faible en COV, lisse PU 662 | KLB K\u00f6tztal\",\"isPartOf\":{\"@id\":\"https:\/\/dev.klb-koetztal.de\/fr\/#website\"},\"primaryImageOfPage\":{\"@id\":\"https:\/\/dev.klb-koetztal.de\/fr\/produkt\/klb-system-polyurethan-pu-662\/#primaryimage\"},\"image\":{\"@id\":\"https:\/\/dev.klb-koetztal.de\/fr\/produkt\/klb-system-polyurethan-pu-662\/#primaryimage\"},\"thumbnailUrl\":\"https:\/\/dev.klb-koetztal.de\/app\/uploads\/2024\/11\/PU_662_Wandbeschichtung_KLB_12kg_600px.jpg\",\"datePublished\":\"2022-03-14T09:55:34+00:00\",\"dateModified\":\"2026-02-26T12:10:46+00:00\",\"description\":\"Rev\u00eatement mural faible en \u00e9missions, p\u00e2teux, stable PU 662 pour les rev\u00eatements lisses sur mur et plafond | KLB rev\u00eatements \u2714\ufe0f DIBt\u00ae, AgBB, Eurofins\",\"breadcrumb\":{\"@id\":\"https:\/\/dev.klb-koetztal.de\/fr\/produkt\/klb-system-polyurethan-pu-662\/#breadcrumb\"},\"inLanguage\":\"fr-FR\",\"potentialAction\":[{\"@type\":\"ReadAction\",\"target\":[\"https:\/\/dev.klb-koetztal.de\/fr\/produkt\/klb-system-polyurethan-pu-662\/\"]}]},{\"@type\":\"ImageObject\",\"inLanguage\":\"fr-FR\",\"@id\":\"https:\/\/dev.klb-koetztal.de\/fr\/produkt\/klb-system-polyurethan-pu-662\/#primaryimage\",\"url\":\"https:\/\/dev.klb-koetztal.de\/app\/uploads\/2024\/11\/PU_662_Wandbeschichtung_KLB_12kg_600px.jpg\",\"contentUrl\":\"https:\/\/dev.klb-koetztal.de\/app\/uploads\/2024\/11\/PU_662_Wandbeschichtung_KLB_12kg_600px.jpg\",\"width\":600,\"height\":600},{\"@type\":\"BreadcrumbList\",\"@id\":\"https:\/\/dev.klb-koetztal.de\/fr\/produkt\/klb-system-polyurethan-pu-662\/#breadcrumb\",\"itemListElement\":[{\"@type\":\"ListItem\",\"position\":1,\"name\":\"Startseite\",\"item\":\"https:\/\/dev.klb-koetztal.de\/fr\/\"},{\"@type\":\"ListItem\",\"position\":2,\"name\":\"KLB-SYSTEM POLYURETHAN PU 662\"}]},{\"@type\":\"WebSite\",\"@id\":\"https:\/\/dev.klb-koetztal.de\/fr\/#website\",\"url\":\"https:\/\/dev.klb-koetztal.de\/fr\/\",\"name\":\"KLB K\u00f6tztal\",\"description\":\"Gute B\u00f6den haben ein System.\",\"potentialAction\":[{\"@type\":\"SearchAction\",\"target\":{\"@type\":\"EntryPoint\",\"urlTemplate\":\"https:\/\/dev.klb-koetztal.de\/fr\/?s={search_term_string}\"},\"query-input\":{\"@type\":\"PropertyValueSpecification\",\"valueRequired\":true,\"valueName\":\"search_term_string\"}}],\"inLanguage\":\"fr-FR\"}]}<\/script>\n<!-- \/ Yoast SEO plugin. -->","yoast_head_json":{"title":"Rev\u00eatement mural faible en COV, lisse PU 662 | KLB K\u00f6tztal","description":"Rev\u00eatement mural faible en \u00e9missions, p\u00e2teux, stable PU 662 pour les rev\u00eatements lisses sur mur et plafond | KLB rev\u00eatements \u2714\ufe0f DIBt\u00ae, AgBB, Eurofins","robots":{"index":"noindex","follow":"follow","max-snippet":"max-snippet:-1","max-image-preview":"max-image-preview:large","max-video-preview":"max-video-preview:-1"},"og_locale":"fr_FR","og_type":"article","og_title":"Rev\u00eatement mural faible en COV, lisse PU 662 | KLB K\u00f6tztal","og_description":"Rev\u00eatement mural faible en \u00e9missions, p\u00e2teux, stable PU 662 pour les rev\u00eatements lisses sur mur et plafond | KLB rev\u00eatements \u2714\ufe0f DIBt\u00ae, AgBB, Eurofins","og_url":"https:\/\/dev.klb-koetztal.de\/fr\/produkt\/klb-system-polyurethan-pu-662\/","og_site_name":"KLB K\u00f6tztal","article_publisher":"https:\/\/www.facebook.com\/klbkoetztal","article_modified_time":"2026-02-26T12:10:46+00:00","og_image":[{"width":600,"height":600,"url":"https:\/\/dev.klb-koetztal.de\/app\/uploads\/2024\/11\/PU_662_Wandbeschichtung_KLB_12kg_600px.jpg","type":"image\/jpeg"}],"twitter_card":"summary_large_image","schema":{"@context":"https:\/\/schema.org","@graph":[{"@type":"WebPage","@id":"https:\/\/dev.klb-koetztal.de\/fr\/produkt\/klb-system-polyurethan-pu-662\/","url":"https:\/\/dev.klb-koetztal.de\/fr\/produkt\/klb-system-polyurethan-pu-662\/","name":"Rev\u00eatement mural faible en COV, lisse PU 662 | KLB K\u00f6tztal","isPartOf":{"@id":"https:\/\/dev.klb-koetztal.de\/fr\/#website"},"primaryImageOfPage":{"@id":"https:\/\/dev.klb-koetztal.de\/fr\/produkt\/klb-system-polyurethan-pu-662\/#primaryimage"},"image":{"@id":"https:\/\/dev.klb-koetztal.de\/fr\/produkt\/klb-system-polyurethan-pu-662\/#primaryimage"},"thumbnailUrl":"https:\/\/dev.klb-koetztal.de\/app\/uploads\/2024\/11\/PU_662_Wandbeschichtung_KLB_12kg_600px.jpg","datePublished":"2022-03-14T09:55:34+00:00","dateModified":"2026-02-26T12:10:46+00:00","description":"Rev\u00eatement mural faible en \u00e9missions, p\u00e2teux, stable PU 662 pour les rev\u00eatements lisses sur mur et plafond | KLB rev\u00eatements \u2714\ufe0f DIBt\u00ae, AgBB, Eurofins","breadcrumb":{"@id":"https:\/\/dev.klb-koetztal.de\/fr\/produkt\/klb-system-polyurethan-pu-662\/#breadcrumb"},"inLanguage":"fr-FR","potentialAction":[{"@type":"ReadAction","target":["https:\/\/dev.klb-koetztal.de\/fr\/produkt\/klb-system-polyurethan-pu-662\/"]}]},{"@type":"ImageObject","inLanguage":"fr-FR","@id":"https:\/\/dev.klb-koetztal.de\/fr\/produkt\/klb-system-polyurethan-pu-662\/#primaryimage","url":"https:\/\/dev.klb-koetztal.de\/app\/uploads\/2024\/11\/PU_662_Wandbeschichtung_KLB_12kg_600px.jpg","contentUrl":"https:\/\/dev.klb-koetztal.de\/app\/uploads\/2024\/11\/PU_662_Wandbeschichtung_KLB_12kg_600px.jpg","width":600,"height":600},{"@type":"BreadcrumbList","@id":"https:\/\/dev.klb-koetztal.de\/fr\/produkt\/klb-system-polyurethan-pu-662\/#breadcrumb","itemListElement":[{"@type":"ListItem","position":1,"name":"Startseite","item":"https:\/\/dev.klb-koetztal.de\/fr\/"},{"@type":"ListItem","position":2,"name":"KLB-SYSTEM POLYURETHAN PU 662"}]},{"@type":"WebSite","@id":"https:\/\/dev.klb-koetztal.de\/fr\/#website","url":"https:\/\/dev.klb-koetztal.de\/fr\/","name":"KLB K\u00f6tztal","description":"Gute B\u00f6den haben ein System.","potentialAction":[{"@type":"SearchAction","target":{"@type":"EntryPoint","urlTemplate":"https:\/\/dev.klb-koetztal.de\/fr\/?s={search_term_string}"},"query-input":{"@type":"PropertyValueSpecification","valueRequired":true,"valueName":"search_term_string"}}],"inLanguage":"fr-FR"}]}},"_links":{"self":[{"href":"https:\/\/dev.klb-koetztal.de\/fr\/wp-json\/wp\/v2\/product\/49381","targetHints":{"allow":["GET"]}}],"collection":[{"href":"https:\/\/dev.klb-koetztal.de\/fr\/wp-json\/wp\/v2\/product"}],"about":[{"href":"https:\/\/dev.klb-koetztal.de\/fr\/wp-json\/wp\/v2\/types\/product"}],"wp:featuredmedia":[{"embeddable":true,"href":"https:\/\/dev.klb-koetztal.de\/fr\/wp-json\/wp\/v2\/media\/63846"}],"wp:attachment":[{"href":"https:\/\/dev.klb-koetztal.de\/fr\/wp-json\/wp\/v2\/media?parent=49381"}],"wp:term":[{"taxonomy":"product_brand","embeddable":true,"href":"https:\/\/dev.klb-koetztal.de\/fr\/wp-json\/wp\/v2\/product_brand?post=49381"},{"taxonomy":"product_cat","embeddable":true,"href":"https:\/\/dev.klb-koetztal.de\/fr\/wp-json\/wp\/v2\/product_cat?post=49381"},{"taxonomy":"product_tag","embeddable":true,"href":"https:\/\/dev.klb-koetztal.de\/fr\/wp-json\/wp\/v2\/product_tag?post=49381"}],"curies":[{"name":"wp","href":"https:\/\/api.w.org\/{rel}","templated":true}]}}