{"id":49368,"date":"2022-03-14T10:55:22","date_gmt":"2022-03-14T09:55:22","guid":{"rendered":"https:\/\/dev.klb-koetztal.de\/produkt\/klb-system-polyurethan-pu-9010-flex\/"},"modified":"2026-03-16T14:17:11","modified_gmt":"2026-03-16T13:17:11","slug":"klb-system-polyurethan-pu-9010-flex","status":"publish","type":"product","link":"https:\/\/dev.klb-koetztal.de\/fr\/produkt\/klb-system-polyurethan-pu-9010-flex\/","title":{"rendered":"KLB-SYSTEM POLYURETHAN PU 9010 Flex"},"content":{"rendered":"","protected":false},"excerpt":{"rendered":"<p>Rev\u00eatement en polyur\u00e9thane monocomposant&#160;incolore, durcissant \u00e0 l&rsquo;humidit\u00e9, r\u00e9sistant \u00e0 la lumi\u00e8re, aux intemp\u00e9ries&#160;et au crayonnage,&#160;contenant des solvants. \u00c0&#160;utiliser&#160;comme liant pour les rev\u00eatements en gravillons de quartz, autolissants et les couches de finition \u00e0 l&rsquo;ext\u00e9rieur.<\/p>\n","protected":false},"featured_media":49370,"template":"","meta":{"_acf_changed":false},"product_brand":[],"product_cat":[10044,10045,10038,10046],"product_tag":[],"class_list":{"0":"post-49368","1":"product","2":"type-product","3":"status-publish","4":"has-post-thumbnail","6":"product_cat-liant-decor-scellement-de-finition-bouche-pores","7":"product_cat-liant-decor-scellement-de-finition-bouche-pores_liant-decor","8":"product_cat-scellements-impregnations","9":"product_cat-scellements-impregnations_scellements-en-polyurethane-monocomposants","11":"first","12":"instock","13":"shipping-taxable","14":"product-type-simple"},"acf":{"product_header":{"module_product_header":{"":null,"prototype_headline":{"headline":"KLB-SYSTEM POLYURETHAN PU 9010 Flex","h1":true,"subheadline":"Rev\u00eatement en polyur\u00e9thane monocomposant incolore, r\u00e9sistant \u00e0 la lumi\u00e8re et aux intemp\u00e9ries","anchor":"","url":""},"grid_text_slider":false,"grid_text_content":[{"text":"<p class=\"product-short-title\" style=\"text-align: center;\"><strong>Br\u00e8ve description<\/strong><\/p>\n<p>Rev\u00eatement en polyur\u00e9thane monocomposant&#160;incolore, durcissant \u00e0 l&rsquo;humidit\u00e9, r\u00e9sistant \u00e0 la lumi\u00e8re, aux intemp\u00e9ries&#160;et au crayonnage,&#160;contenant des solvants. \u00c0&#160;utiliser&#160;comme liant pour les rev\u00eatements en gravillons de quartz, autolissants et les couches de finition \u00e0 l&rsquo;ext\u00e9rieur.<\/p>\n","width":"4","background_color_text":"bg-white","border_color":"border-gray-light"},{"text":"<p class=\"product-sicing-title\" style=\"text-align: center;\"><strong>Unit\u00e9s d'emballage<\/strong><\/p>\n<ul>\n<li>PU6803-61 &#8211; Seau 6,00 kg<\/li>\n<li>PU6803-47 &#8211; Seau 12,00 kg<\/li>\n<\/ul>\n<p><\/p>\n<p>N&rsquo;h\u00e9sitez pas \u00e0 contacter directement pour toute demande concernant des quantit\u00e9s de livraison ou des unit\u00e9s de conditionnement plus importantes.<\/p>\n\n","width":"4","background_color_text":"bg-white","border_color":"border-gray-light"},{"text":"<p class=\"product-attr-title\" style=\"text-align: center;\"><strong>Propri\u00e9t\u00e9s<\/strong><\/p>\n<ul>\n<li>viscoplastique<\/li>\n<li>r\u00e9sistant \u00e0 l&rsquo;abrasion et \u00e0 l&rsquo;usure<\/li>\n<li>pr\u00eat \u00e0 l&#8217;emploi<\/li>\n<li>adapt\u00e9 pour les travaux de r\u00e9novation<\/li>\n<\/ul>\n","width":"4","background_color_text":"bg-white","border_color":"border-gray-light"}],"background_color":"bg-none","background_color_content":"bg-none"}},"downloads":{"module_download_list":{"inhalt":null,"downloads":[{"download":{"ID":63700,"id":63700,"title":"PU_9010_Flex_PI_fr_2024_10","filename":"PU_9010_Flex_PI_fr_2024_10.pdf","filesize":288575,"url":"https:\/\/dev.klb-koetztal.de\/app\/uploads\/2024\/10\/PU_9010_Flex_PI_fr_2024_10.pdf","link":"https:\/\/dev.klb-koetztal.de\/fr\/?attachment_id=63700","alt":"","author":"7","description":"","caption":"","name":"pu_9010_flex_pi_fr_2024_10-2","status":"inherit","uploaded_to":0,"date":"2024-10-30 12:10:32","modified":"2024-10-30 12:10:32","menu_order":0,"mime_type":"application\/pdf","type":"application","subtype":"pdf","icon":"https:\/\/dev.klb-koetztal.de\/wp\/wp-includes\/images\/media\/document.png"},"filename":"Information produit","protected":false,"doclang":"FR","externalkey":"Produktinformation","docpos":"3"},{"download":{"ID":63680,"id":63680,"title":"PU_9010_Flex_LE_en_2024_10","filename":"PU_9010_Flex_LE_en_2024_10.pdf","filesize":184792,"url":"https:\/\/dev.klb-koetztal.de\/app\/uploads\/2024\/10\/PU_9010_Flex_LE_en_2024_10.pdf","link":"https:\/\/dev.klb-koetztal.de\/fr\/?attachment_id=63680","alt":"","author":"7","description":"","caption":"","name":"pu_9010_flex_le_en_2024_10-2","status":"inherit","uploaded_to":0,"date":"2024-10-30 10:10:12","modified":"2024-10-30 10:10:12","menu_order":0,"mime_type":"application\/pdf","type":"application","subtype":"pdf","icon":"https:\/\/dev.klb-koetztal.de\/wp\/wp-includes\/images\/media\/document.png"},"filename":"Statement of performance","protected":false,"doclang":"GB","externalkey":"Leistungserklaerung","docpos":"2"},{"download":{"ID":63683,"id":63683,"title":"PU_9010_Flex_LE_fr_2024_10","filename":"PU_9010_Flex_LE_fr_2024_10.pdf","filesize":183996,"url":"https:\/\/dev.klb-koetztal.de\/app\/uploads\/2024\/10\/PU_9010_Flex_LE_fr_2024_10.pdf","link":"https:\/\/dev.klb-koetztal.de\/fr\/?attachment_id=63683","alt":"","author":"7","description":"","caption":"","name":"pu_9010_flex_le_fr_2024_10-2","status":"inherit","uploaded_to":0,"date":"2024-10-30 10:10:13","modified":"2024-10-30 10:10:13","menu_order":0,"mime_type":"application\/pdf","type":"application","subtype":"pdf","icon":"https:\/\/dev.klb-koetztal.de\/wp\/wp-includes\/images\/media\/document.png"},"filename":"D\u00e9claration de performance","protected":false,"doclang":"FR","externalkey":"Leistungserklaerung","docpos":"3"},{"download":{"ID":51293,"id":51293,"title":"EPD-Information","filename":"PU9010Flex_Umwelt-Deklaration_2022-06.pdf","filesize":2558726,"url":"https:\/\/dev.klb-koetztal.de\/app\/uploads\/2022\/06\/PU9010Flex_Umwelt-Deklaration_2022-06.pdf","link":"https:\/\/dev.klb-koetztal.de\/fr\/?attachment_id=51293","alt":"","author":"7","description":"","caption":"","name":"pu9010flex_umwelt-deklaration_2022-06","status":"inherit","uploaded_to":0,"date":"2022-06-23 13:52:46","modified":"2026-03-16 13:17:22","menu_order":0,"mime_type":"application\/pdf","type":"application","subtype":"pdf","icon":"https:\/\/dev.klb-koetztal.de\/wp\/wp-includes\/images\/media\/document.png"},"filename":"D\u00e9clarations de produit environnemental (EPD)","protected":false,"doclang":"Multi","externalkey":"Umweltproduktdeklaration","docpos":"50"},{"download":false,"filename":"Fiche de donn\u00e9es de s\u00e9curit\u00e9","protected":true,"doclang":"FR","externalkey":"Sicherheitsdatenblatt","docpos":"3"}],"einstellungen":null,"background_color":"bg-none","background_color_content":"bg-none"}},"included_in_systems":{"module_included_in_systems":{"":null,"background_color":"bg-gray-medium","background_color_content":"bg-none"}},"contact":{"module_contact":{"":null,"background_color":"bg-none","background_color_content":"bg-none"}},"ausschreibende":{"module_ausschreibende":{"andern_sie_den_inhalt_unter_universelle_elemente":null,"background_color":"bg-none","background_color_content":"bg-none"}}},"yoast_head":"<!-- This site is optimized with the Yoast SEO plugin v27.0 - https:\/\/yoast.com\/product\/yoast-seo-wordpress\/ -->\n<title>Rev\u00eatement PU 9010 Flex transparent, monocomposant | KLB K\u00f6tztal<\/title>\n<meta name=\"description\" content=\"Rev\u00eatement PU 9010 Flex incolore, r\u00e9sistant \u00e0 la lumi\u00e8re et au crayonnage pour l&#039;ext\u00e9rieur | KLB rev\u00eatements de sol \u2714\ufe0fdurcit \u00e0 l&#039;humidit\u00e9, sans bulles\" \/>\n<meta name=\"robots\" content=\"noindex, follow, max-snippet:-1, max-image-preview:large, max-video-preview:-1\" \/>\n<meta property=\"og:locale\" content=\"fr_FR\" \/>\n<meta property=\"og:type\" content=\"article\" \/>\n<meta property=\"og:title\" content=\"Rev\u00eatement PU 9010 Flex transparent, monocomposant | KLB K\u00f6tztal\" \/>\n<meta property=\"og:description\" content=\"Rev\u00eatement PU 9010 Flex incolore, r\u00e9sistant \u00e0 la lumi\u00e8re et au crayonnage pour l&#039;ext\u00e9rieur | KLB rev\u00eatements de sol \u2714\ufe0fdurcit \u00e0 l&#039;humidit\u00e9, sans bulles\" \/>\n<meta property=\"og:url\" content=\"https:\/\/dev.klb-koetztal.de\/fr\/produkt\/klb-system-polyurethan-pu-9010-flex\/\" \/>\n<meta property=\"og:site_name\" content=\"KLB K\u00f6tztal\" \/>\n<meta property=\"article:publisher\" content=\"https:\/\/www.facebook.com\/klbkoetztal\" \/>\n<meta property=\"article:modified_time\" content=\"2026-03-16T13:17:11+00:00\" \/>\n<meta property=\"og:image\" content=\"https:\/\/dev.klb-koetztal.de\/app\/uploads\/2022\/03\/PU9010_Flex.jpg\" \/>\n\t<meta property=\"og:image:width\" content=\"500\" \/>\n\t<meta property=\"og:image:height\" content=\"500\" \/>\n\t<meta property=\"og:image:type\" content=\"image\/jpeg\" \/>\n<meta name=\"twitter:card\" content=\"summary_large_image\" \/>\n<script type=\"application\/ld+json\" class=\"yoast-schema-graph\">{\"@context\":\"https:\/\/schema.org\",\"@graph\":[{\"@type\":\"WebPage\",\"@id\":\"https:\/\/dev.klb-koetztal.de\/fr\/produkt\/klb-system-polyurethan-pu-9010-flex\/\",\"url\":\"https:\/\/dev.klb-koetztal.de\/fr\/produkt\/klb-system-polyurethan-pu-9010-flex\/\",\"name\":\"Rev\u00eatement PU 9010 Flex transparent, monocomposant | KLB K\u00f6tztal\",\"isPartOf\":{\"@id\":\"https:\/\/dev.klb-koetztal.de\/fr\/#website\"},\"primaryImageOfPage\":{\"@id\":\"https:\/\/dev.klb-koetztal.de\/fr\/produkt\/klb-system-polyurethan-pu-9010-flex\/#primaryimage\"},\"image\":{\"@id\":\"https:\/\/dev.klb-koetztal.de\/fr\/produkt\/klb-system-polyurethan-pu-9010-flex\/#primaryimage\"},\"thumbnailUrl\":\"https:\/\/dev.klb-koetztal.de\/app\/uploads\/2022\/03\/PU9010_Flex.jpg\",\"datePublished\":\"2022-03-14T09:55:22+00:00\",\"dateModified\":\"2026-03-16T13:17:11+00:00\",\"description\":\"Rev\u00eatement PU 9010 Flex incolore, r\u00e9sistant \u00e0 la lumi\u00e8re et au crayonnage pour l'ext\u00e9rieur | KLB rev\u00eatements de sol \u2714\ufe0fdurcit \u00e0 l'humidit\u00e9, sans bulles\",\"breadcrumb\":{\"@id\":\"https:\/\/dev.klb-koetztal.de\/fr\/produkt\/klb-system-polyurethan-pu-9010-flex\/#breadcrumb\"},\"inLanguage\":\"fr-FR\",\"potentialAction\":[{\"@type\":\"ReadAction\",\"target\":[\"https:\/\/dev.klb-koetztal.de\/fr\/produkt\/klb-system-polyurethan-pu-9010-flex\/\"]}]},{\"@type\":\"ImageObject\",\"inLanguage\":\"fr-FR\",\"@id\":\"https:\/\/dev.klb-koetztal.de\/fr\/produkt\/klb-system-polyurethan-pu-9010-flex\/#primaryimage\",\"url\":\"https:\/\/dev.klb-koetztal.de\/app\/uploads\/2022\/03\/PU9010_Flex.jpg\",\"contentUrl\":\"https:\/\/dev.klb-koetztal.de\/app\/uploads\/2022\/03\/PU9010_Flex.jpg\",\"width\":500,\"height\":500},{\"@type\":\"BreadcrumbList\",\"@id\":\"https:\/\/dev.klb-koetztal.de\/fr\/produkt\/klb-system-polyurethan-pu-9010-flex\/#breadcrumb\",\"itemListElement\":[{\"@type\":\"ListItem\",\"position\":1,\"name\":\"Startseite\",\"item\":\"https:\/\/dev.klb-koetztal.de\/fr\/\"},{\"@type\":\"ListItem\",\"position\":2,\"name\":\"KLB-SYSTEM POLYURETHAN PU 9010 Flex\"}]},{\"@type\":\"WebSite\",\"@id\":\"https:\/\/dev.klb-koetztal.de\/fr\/#website\",\"url\":\"https:\/\/dev.klb-koetztal.de\/fr\/\",\"name\":\"KLB K\u00f6tztal\",\"description\":\"Gute B\u00f6den haben ein System.\",\"potentialAction\":[{\"@type\":\"SearchAction\",\"target\":{\"@type\":\"EntryPoint\",\"urlTemplate\":\"https:\/\/dev.klb-koetztal.de\/fr\/?s={search_term_string}\"},\"query-input\":{\"@type\":\"PropertyValueSpecification\",\"valueRequired\":true,\"valueName\":\"search_term_string\"}}],\"inLanguage\":\"fr-FR\"}]}<\/script>\n<!-- \/ Yoast SEO plugin. -->","yoast_head_json":{"title":"Rev\u00eatement PU 9010 Flex transparent, monocomposant | KLB K\u00f6tztal","description":"Rev\u00eatement PU 9010 Flex incolore, r\u00e9sistant \u00e0 la lumi\u00e8re et au crayonnage pour l'ext\u00e9rieur | KLB rev\u00eatements de sol \u2714\ufe0fdurcit \u00e0 l'humidit\u00e9, sans bulles","robots":{"index":"noindex","follow":"follow","max-snippet":"max-snippet:-1","max-image-preview":"max-image-preview:large","max-video-preview":"max-video-preview:-1"},"og_locale":"fr_FR","og_type":"article","og_title":"Rev\u00eatement PU 9010 Flex transparent, monocomposant | KLB K\u00f6tztal","og_description":"Rev\u00eatement PU 9010 Flex incolore, r\u00e9sistant \u00e0 la lumi\u00e8re et au crayonnage pour l'ext\u00e9rieur | KLB rev\u00eatements de sol \u2714\ufe0fdurcit \u00e0 l'humidit\u00e9, sans bulles","og_url":"https:\/\/dev.klb-koetztal.de\/fr\/produkt\/klb-system-polyurethan-pu-9010-flex\/","og_site_name":"KLB K\u00f6tztal","article_publisher":"https:\/\/www.facebook.com\/klbkoetztal","article_modified_time":"2026-03-16T13:17:11+00:00","og_image":[{"width":500,"height":500,"url":"https:\/\/dev.klb-koetztal.de\/app\/uploads\/2022\/03\/PU9010_Flex.jpg","type":"image\/jpeg"}],"twitter_card":"summary_large_image","schema":{"@context":"https:\/\/schema.org","@graph":[{"@type":"WebPage","@id":"https:\/\/dev.klb-koetztal.de\/fr\/produkt\/klb-system-polyurethan-pu-9010-flex\/","url":"https:\/\/dev.klb-koetztal.de\/fr\/produkt\/klb-system-polyurethan-pu-9010-flex\/","name":"Rev\u00eatement PU 9010 Flex transparent, monocomposant | KLB K\u00f6tztal","isPartOf":{"@id":"https:\/\/dev.klb-koetztal.de\/fr\/#website"},"primaryImageOfPage":{"@id":"https:\/\/dev.klb-koetztal.de\/fr\/produkt\/klb-system-polyurethan-pu-9010-flex\/#primaryimage"},"image":{"@id":"https:\/\/dev.klb-koetztal.de\/fr\/produkt\/klb-system-polyurethan-pu-9010-flex\/#primaryimage"},"thumbnailUrl":"https:\/\/dev.klb-koetztal.de\/app\/uploads\/2022\/03\/PU9010_Flex.jpg","datePublished":"2022-03-14T09:55:22+00:00","dateModified":"2026-03-16T13:17:11+00:00","description":"Rev\u00eatement PU 9010 Flex incolore, r\u00e9sistant \u00e0 la lumi\u00e8re et au crayonnage pour l'ext\u00e9rieur | KLB rev\u00eatements de sol \u2714\ufe0fdurcit \u00e0 l'humidit\u00e9, sans bulles","breadcrumb":{"@id":"https:\/\/dev.klb-koetztal.de\/fr\/produkt\/klb-system-polyurethan-pu-9010-flex\/#breadcrumb"},"inLanguage":"fr-FR","potentialAction":[{"@type":"ReadAction","target":["https:\/\/dev.klb-koetztal.de\/fr\/produkt\/klb-system-polyurethan-pu-9010-flex\/"]}]},{"@type":"ImageObject","inLanguage":"fr-FR","@id":"https:\/\/dev.klb-koetztal.de\/fr\/produkt\/klb-system-polyurethan-pu-9010-flex\/#primaryimage","url":"https:\/\/dev.klb-koetztal.de\/app\/uploads\/2022\/03\/PU9010_Flex.jpg","contentUrl":"https:\/\/dev.klb-koetztal.de\/app\/uploads\/2022\/03\/PU9010_Flex.jpg","width":500,"height":500},{"@type":"BreadcrumbList","@id":"https:\/\/dev.klb-koetztal.de\/fr\/produkt\/klb-system-polyurethan-pu-9010-flex\/#breadcrumb","itemListElement":[{"@type":"ListItem","position":1,"name":"Startseite","item":"https:\/\/dev.klb-koetztal.de\/fr\/"},{"@type":"ListItem","position":2,"name":"KLB-SYSTEM POLYURETHAN PU 9010 Flex"}]},{"@type":"WebSite","@id":"https:\/\/dev.klb-koetztal.de\/fr\/#website","url":"https:\/\/dev.klb-koetztal.de\/fr\/","name":"KLB K\u00f6tztal","description":"Gute B\u00f6den haben ein System.","potentialAction":[{"@type":"SearchAction","target":{"@type":"EntryPoint","urlTemplate":"https:\/\/dev.klb-koetztal.de\/fr\/?s={search_term_string}"},"query-input":{"@type":"PropertyValueSpecification","valueRequired":true,"valueName":"search_term_string"}}],"inLanguage":"fr-FR"}]}},"_links":{"self":[{"href":"https:\/\/dev.klb-koetztal.de\/fr\/wp-json\/wp\/v2\/product\/49368","targetHints":{"allow":["GET"]}}],"collection":[{"href":"https:\/\/dev.klb-koetztal.de\/fr\/wp-json\/wp\/v2\/product"}],"about":[{"href":"https:\/\/dev.klb-koetztal.de\/fr\/wp-json\/wp\/v2\/types\/product"}],"wp:featuredmedia":[{"embeddable":true,"href":"https:\/\/dev.klb-koetztal.de\/fr\/wp-json\/wp\/v2\/media\/49370"}],"wp:attachment":[{"href":"https:\/\/dev.klb-koetztal.de\/fr\/wp-json\/wp\/v2\/media?parent=49368"}],"wp:term":[{"taxonomy":"product_brand","embeddable":true,"href":"https:\/\/dev.klb-koetztal.de\/fr\/wp-json\/wp\/v2\/product_brand?post=49368"},{"taxonomy":"product_cat","embeddable":true,"href":"https:\/\/dev.klb-koetztal.de\/fr\/wp-json\/wp\/v2\/product_cat?post=49368"},{"taxonomy":"product_tag","embeddable":true,"href":"https:\/\/dev.klb-koetztal.de\/fr\/wp-json\/wp\/v2\/product_tag?post=49368"}],"curies":[{"name":"wp","href":"https:\/\/api.w.org\/{rel}","templated":true}]}}