{"id":58774,"date":"2023-12-06T13:34:57","date_gmt":"2023-12-06T12:34:57","guid":{"rendered":"https:\/\/www.klb-koetztal.de\/?page_id=58774"},"modified":"2025-09-19T08:58:21","modified_gmt":"2025-09-19T06:58:21","slug":"les-marques-klb","status":"publish","type":"page","link":"https:\/\/dev.klb-koetztal.de\/fr\/lentreprise\/les-marques-klb\/","title":{"rendered":"Les marques KLB"},"content":{"rendered":"","protected":false},"excerpt":{"rendered":"","protected":false},"author":13,"featured_media":0,"parent":66064,"menu_order":44,"comment_status":"closed","ping_status":"closed","template":"page-templates\/page-builder.php","meta":{"_acf_changed":false,"footnotes":""},"class_list":["post-58774","page","type-page","status-publish","hentry"],"acf":{"page_builder":[{"acf_fc_layout":"module_header","module_header":{"":null,"slider":[{"background_image":{"ID":58506,"id":58506,"title":"20160620-KLB_K\u00f6tztal_20-06-16_0003_Retusche sw","filename":"20160620-KLB_Koetztal_20-06-16_0003_Retusche-sw-scaled.jpg","filesize":639335,"url":"https:\/\/dev.klb-koetztal.de\/app\/uploads\/2023\/10\/20160620-KLB_Koetztal_20-06-16_0003_Retusche-sw-scaled.jpg","link":"https:\/\/dev.klb-koetztal.de\/fr\/lentreprise\/les-marques-klb\/20160620-klb_koetztal_20-06-16_0003_retusche-sw-2\/","alt":"KLB Firmengebaeude Produktion Ichenhausen","author":"11","description":"","caption":"","name":"20160620-klb_koetztal_20-06-16_0003_retusche-sw-2","status":"inherit","uploaded_to":58774,"date":"2023-10-10 09:19:43","modified":"2023-10-30 15:16:14","menu_order":0,"mime_type":"image\/jpeg","type":"image","subtype":"jpeg","icon":"https:\/\/dev.klb-koetztal.de\/wp\/wp-includes\/images\/media\/default.png","width":2560,"height":1120,"sizes":{"thumbnail":"https:\/\/dev.klb-koetztal.de\/app\/uploads\/2023\/10\/20160620-KLB_Koetztal_20-06-16_0003_Retusche-sw-150x150.jpg","thumbnail-width":150,"thumbnail-height":150,"medium":"https:\/\/dev.klb-koetztal.de\/app\/uploads\/2023\/10\/20160620-KLB_Koetztal_20-06-16_0003_Retusche-sw-500x219.jpg","medium-width":500,"medium-height":219,"medium_large":"https:\/\/dev.klb-koetztal.de\/app\/uploads\/2023\/10\/20160620-KLB_Koetztal_20-06-16_0003_Retusche-sw-scaled.jpg","medium_large-width":768,"medium_large-height":336,"large":"https:\/\/dev.klb-koetztal.de\/app\/uploads\/2023\/10\/20160620-KLB_Koetztal_20-06-16_0003_Retusche-sw-1920x840.jpg","large-width":1920,"large-height":840,"1536x1536":"https:\/\/dev.klb-koetztal.de\/app\/uploads\/2023\/10\/20160620-KLB_Koetztal_20-06-16_0003_Retusche-sw-1536x672.jpg","1536x1536-width":1536,"1536x1536-height":672,"2048x2048":"https:\/\/dev.klb-koetztal.de\/app\/uploads\/2023\/10\/20160620-KLB_Koetztal_20-06-16_0003_Retusche-sw-2048x896.jpg","2048x2048-width":2048,"2048x2048-height":896,"woocommerce_thumbnail":"https:\/\/dev.klb-koetztal.de\/app\/uploads\/2023\/10\/20160620-KLB_Koetztal_20-06-16_0003_Retusche-sw-300x300.jpg","woocommerce_thumbnail-width":300,"woocommerce_thumbnail-height":300,"woocommerce_single":"https:\/\/dev.klb-koetztal.de\/app\/uploads\/2023\/10\/20160620-KLB_Koetztal_20-06-16_0003_Retusche-sw-600x262.jpg","woocommerce_single-width":600,"woocommerce_single-height":262,"woocommerce_gallery_thumbnail":"https:\/\/dev.klb-koetztal.de\/app\/uploads\/2023\/10\/20160620-KLB_Koetztal_20-06-16_0003_Retusche-sw-100x100.jpg","woocommerce_gallery_thumbnail-width":100,"woocommerce_gallery_thumbnail-height":100}},"headline":"","subheadline":"","headline_color":"text-color-black","button_link":"","button_text":""}],"scroll_down_icon":true,"overlapping_content":true,"anchor":""}},{"acf_fc_layout":"module_grid_text","module_grid_text":{"":null,"prototype_headline":{"headline":"KLB K\u00f6tztal Lacke + Beschichtungen GmbH","h1":false,"subheadline":"R\u00e9unissant une expertise intersectorielle en mati\u00e8re de rev\u00eatements.","anchor":"","url":""},"slider":false,"content":[{"text":"<p><img loading=\"lazy\" decoding=\"async\" class=\"aligncenter wp-image-58501 size-medium\" src=\"https:\/\/www.klb-koetztal.de\/app\/uploads\/2023\/10\/KLB_4C_HQ-500x121.png\" alt=\"klb koetztal logo\" width=\"500\" height=\"121\" srcset=\"https:\/\/dev.klb-koetztal.de\/app\/uploads\/2023\/10\/KLB_4C_HQ-500x121.png 500w, https:\/\/dev.klb-koetztal.de\/app\/uploads\/2023\/10\/KLB_4C_HQ-600x145.png 600w, https:\/\/dev.klb-koetztal.de\/app\/uploads\/2023\/10\/KLB_4C_HQ.png 1500w\" sizes=\"auto, (max-width: 500px) 100vw, 500px\" \/><\/p>\n","width":"4","background_color_text":"bg-none","border_color":"border-none"},{"text":"<p>Depuis <span class=\"ui-provider a b c d e f g h i j k l m n o p q r s t u v w x y z ab ac ae af ag ah ai aj ak\" dir=\"ltr\">presque 30 ans<\/span>, KLB K\u00f6tztal Lacke + Beschichtungen GmbH est un partenaire fiable dans le domaine des rev\u00eatements de sols et muraux pour diff\u00e9rents secteurs. Une connaissance approfondie des exigences relatives aux produits \u00e0 base de r\u00e9sine r\u00e9active constitue la base de notre large \u00e9ventail de d\u00e9veloppements et de la formulation de syst\u00e8mes test\u00e9s et recommand\u00e9s par des experts \u2013 conform\u00e9ment \u00e0 notre slogan \u00ab Syst\u00e8mes intelligents pour des sols de qualit\u00e9 \u00bb.<\/p>\n<p>Outre notre comp\u00e9tence principale en mati\u00e8re de rev\u00eatements de sol industriels et commerciaux, KLB offre de nombreuses possibilit\u00e9s de conception pour des surfaces visuellement attrayantes et esth\u00e9tiques. Un grand nombre de produits et de syst\u00e8mes ont d\u00e9j\u00e0 \u00e9t\u00e9 test\u00e9s pour leur faibles \u00e9missions selon les derni\u00e8res normes sur la sant\u00e9 r\u00e9sidentielle et ont \u00e9t\u00e9 confirm\u00e9s par des instituts de contr\u00f4le, afin de contribuer \u00e0 un avenir durable. Pour de plus amples informations \u00e0 ce sujet, veuillez consulter les pages des produits et syst\u00e8mes concern\u00e9s.<\/p>\n","width":"8","background_color_text":"bg-none","border_color":"border-none"}],"match_height":false,"vertical_align":false,"share_buttons":true,"background_color":"bg-none","background_color_content":"bg-white"}},{"acf_fc_layout":"module_grid_text","module_grid_text":{"":null,"prototype_headline":{"headline":"CHEMORESIN","h1":false,"subheadline":"Gamme sp\u00e9ciale pour les rev\u00eatements hautement r\u00e9sistants aux substances chimiques.","anchor":"marque-chemoresin","url":""},"slider":false,"content":[{"text":"<p><a href=\"https:\/\/www.klb-koetztal.de\/fr\/fichiers\/klb-brochures-thematiques\/chemoresin-changement-de-marque\/\" target=\"_blank\" rel=\"noopener\"><img loading=\"lazy\" decoding=\"async\" class=\"aligncenter size-full wp-image-58524\" src=\"\/app\/uploads\/2023\/10\/klb-chemoresin-pu-beton-polyurethanbeton-heisswasser-temperaturen-mechanisch-belastbar-bestaendig-520x200px.png\" alt=\"klb koetztal chemoresin\" width=\"520\" height=\"200\" srcset=\"https:\/\/dev.klb-koetztal.de\/app\/uploads\/2023\/10\/klb-chemoresin-pu-beton-polyurethanbeton-heisswasser-temperaturen-mechanisch-belastbar-bestaendig-520x200px.png 520w, https:\/\/dev.klb-koetztal.de\/app\/uploads\/2023\/10\/klb-chemoresin-pu-beton-polyurethanbeton-heisswasser-temperaturen-mechanisch-belastbar-bestaendig-520x200px-500x192.png 500w\" sizes=\"auto, (max-width: 520px) 100vw, 520px\" \/><\/a><\/p>\n","width":"4","background_color_text":"bg-none","border_color":"border-none"},{"text":"<p>Lorsqu&rsquo;il s&rsquo;agit d&rsquo;exigences particuli\u00e8rement \u00e9lev\u00e9es en mati\u00e8re de r\u00e9sistance chimique, <strong>CHEMORESIN<\/strong> regroupe les produits individuels du monde KLB sous une seule marque. Ces produits sont utilis\u00e9s dans les secteurs hautement sollicit\u00e9s de la production chimique ainsi que dans l&rsquo;industrie des boissons et des denr\u00e9es alimentaires. Les rev\u00eatements et syst\u00e8mes sont extr\u00eamement robustes et se distinguent par leur r\u00e9sistance \u00e0 l&rsquo;eau chaude, \u00e0 divers produits de nettoyage et substances chimiques agressifs (comme dans la galvanoplastie) et par leur r\u00e9sistance extr\u00eame aux charges m\u00e9caniques, aux impacts et aux chocs.<\/p>\n<p><strong>KLB-SYSTEM PU-BETON<\/strong> sera relanc\u00e9 sous une nouvelle apparence, mais avec la m\u00eame qualit\u00e9 KLB \u00e9prouv\u00e9e \u2013 \u00e0 partir de l&rsquo;automne 2023 sous la marque <strong>CHEMORESIN PU-BETON<\/strong>. <a href=\"https:\/\/www.klb-koetztal.de\/fr\/fichiers\/klb-brochures-thematiques\/chemoresin-changement-de-marque\/\" target=\"_blank\" rel=\"noopener\"><strong>En savoir plus sur la transition de la marque.<\/strong><\/a><\/p>\n<a class=\"btn btn-blue\" href=\"https:\/\/www.klb-koetztal.de\/fr\/fichiers\/klb-brochures-thematiques\/brochure-dinformation-sur-le-pu-beton\/\" target=\"https:\/\/www.klb-koetztal.de\/fr\/fichiers\/klb-brochures-thematiques\/brochure-dinformation-sur-le-pu-beton\/\">Vers la brochure<\/a>\n","width":"8","background_color_text":"bg-none","border_color":"border-none"}],"match_height":false,"vertical_align":false,"share_buttons":true,"background_color":"bg-gray-medium","background_color_content":"bg-none"}},{"acf_fc_layout":"module_grid_text","module_grid_text":{"":null,"prototype_headline":{"headline":"FLOOR SEALER","h1":false,"subheadline":"R\u00e9novation durable de sols sup\u00e9rieurs \u00e9lastiques.","anchor":"marque-floor-sealer","url":""},"slider":false,"content":[{"text":"<p><a href=\"https:\/\/www.klb-koetztal.de\/fr\/fichiers\/klb-brochures-thematiques\/recommandation-dinstallation-klb-system-floor-sealer\/\" target=\"_blank\" rel=\"noopener\"><img loading=\"lazy\" decoding=\"async\" class=\"aligncenter size-full wp-image-58527\" src=\"\/app\/uploads\/2023\/10\/klb-floor-sealer-oberbelag-renovieren-sanierung-altbelaege-aus-linoleum-kautschuk-pvc-gumminoppenbelaege-520x200px.png\" alt=\"klb floor sealer oberbelag sanierung\" width=\"520\" height=\"200\" srcset=\"https:\/\/dev.klb-koetztal.de\/app\/uploads\/2023\/10\/klb-floor-sealer-oberbelag-renovieren-sanierung-altbelaege-aus-linoleum-kautschuk-pvc-gumminoppenbelaege-520x200px.png 520w, https:\/\/dev.klb-koetztal.de\/app\/uploads\/2023\/10\/klb-floor-sealer-oberbelag-renovieren-sanierung-altbelaege-aus-linoleum-kautschuk-pvc-gumminoppenbelaege-520x200px-500x192.png 500w\" sizes=\"auto, (max-width: 520px) 100vw, 520px\" \/><\/a><\/p>\n","width":"4","background_color_text":"bg-none","border_color":"border-none"},{"text":"<p>R\u00e9nover au lieu de jeter ! Les produits et syst\u00e8mes de notre gamme KLB <strong>FLOOR SEALER<\/strong> ont \u00e9t\u00e9 con\u00e7us pour la r\u00e9novation et la mise \u00e0 jour \u00e9conomique d&rsquo;anciens rev\u00eatements de sol, qui sont tr\u00e8s charg\u00e9s ou devenus obsol\u00e8tes, tels que les rev\u00eatements en PVC, vinyle ou en caoutchouc. Avec ces produits, les sols sup\u00e9rieurs existants peuvent \u00eatre recouverts directement apr\u00e8s une pr\u00e9paration appropri\u00e9e. Il n&rsquo;est donc plus n\u00e9cessaire de proc\u00e9der \u00e0 un enl\u00e8vement ou \u00e0 une \u00e9limination co\u00fbteux et fastidieux, ce qui r\u00e9duit \u00e9galement la quantit\u00e9 de d\u00e9chets g\u00e9n\u00e9r\u00e9s lors des travaux de r\u00e9novation.<\/p>\n<p>Avec une variante sp\u00e9ciale du <strong>FLOOR SEALER<\/strong>, il est en plus possible de transformer les anciens sols non dissipatifs en rev\u00eatements conducteurs d&rsquo;\u00e9lectricit\u00e9. Cela signifie que la conversion peut \u00eatre r\u00e9alis\u00e9e en seulement deux couches de scellement. Vous trouverez des informations d\u00e9taill\u00e9es dans la brochure <strong>FLOOR SEALER<\/strong> avec une description de l&rsquo;application pour la r\u00e9novation de rev\u00eatements existants.<\/p>\n<a class=\"btn btn-blue\" href=\"https:\/\/www.klb-koetztal.de\/fr\/fichiers\/klb-brochures-thematiques\/recommandation-dinstallation-klb-system-floor-sealer\/\" target=\"_blank\">Voir la brochure<\/a>\n","width":"8","background_color_text":"bg-none","border_color":"border-none"}],"match_height":false,"vertical_align":false,"share_buttons":true,"background_color":"bg-none","background_color_content":"bg-none"}},{"acf_fc_layout":"module_grid_text","module_grid_text":{"":null,"prototype_headline":{"headline":"K\u00d6TZTALER","h1":false,"subheadline":"Combinaison puissante pour le jardinage, l'horticulture et pour la construction de chemins ou de routes.","anchor":"marque-koetztaler","url":""},"slider":false,"content":[{"text":"<p><a href=\"https:\/\/www.klb-koetztal.de\/fr\/reference\/surfaces-exterieurs\/joints-de-paves-mortier-jointoiement-ferme\/\" target=\"_blank\" rel=\"noopener\"><img loading=\"lazy\" decoding=\"async\" class=\"aligncenter size-full wp-image-58530\" src=\"\/app\/uploads\/2023\/10\/klb-koetztaler-pflasterfugen-fugen-fuellen-granitstein-kopfsteinpflaster-verfugen-drainagefaehig-wasserdurchlaessig-520x200px.png\" alt=\"\" width=\"520\" height=\"200\" srcset=\"https:\/\/dev.klb-koetztal.de\/app\/uploads\/2023\/10\/klb-koetztaler-pflasterfugen-fugen-fuellen-granitstein-kopfsteinpflaster-verfugen-drainagefaehig-wasserdurchlaessig-520x200px.png 520w, https:\/\/dev.klb-koetztal.de\/app\/uploads\/2023\/10\/klb-koetztaler-pflasterfugen-fugen-fuellen-granitstein-kopfsteinpflaster-verfugen-drainagefaehig-wasserdurchlaessig-520x200px-500x192.png 500w\" sizes=\"auto, (max-width: 520px) 100vw, 520px\" \/><\/a><\/p>\n","width":"4","background_color_text":"bg-none","border_color":"border-none"},{"text":"<p>L&rsquo;univers des marques KLB est compl\u00e9t\u00e9 par les produits de la gamme <strong>K\u00d6TZTALER, <\/strong>qui sont destin\u00e9s \u00e0 l&rsquo;am\u00e9nagement paysager et \u00e0 la construction de chemins. Les liants EP et PU combin\u00e9s \u00e0 des sables adapt\u00e9s (par exemple le sable de jointoiement pour pav\u00e9s ColorType) sont disponibles dans une multitude de couleurs et de classes de charge ; ils constituent donc\u00a0la base de ce domaine d&rsquo;application. Il s&rsquo;agit par exemple de notre mortier sp\u00e9cial pour joints de pavage, qui convient au jointoiement de pierres naturelles sans mauvaises herbes dans l&rsquo;horticulture. Comme il est perm\u00e9able \u00e0 l&rsquo;eau, la pluie peut s&rsquo;infiltrer sans probl\u00e8me.<\/p>\n<a class=\"btn btn-blue\" href=\"https:\/\/www.klb-koetztal.de\/fr\/fichiers\/klb-brochures-de-produits\/koetztaler-joints-de-paves\/\" target=\"https:\/\/www.klb-koetztal.de\/fr\/fichiers\/klb-brochures-de-produits\/koetztaler-joints-de-paves\/\">T\u00e9l\u00e9charger la brochure<\/a>\n","width":"8","background_color_text":"bg-none","border_color":"border-none"}],"match_height":false,"vertical_align":false,"share_buttons":true,"background_color":"bg-gray-medium","background_color_content":"bg-none"}},{"acf_fc_layout":"module_posts","module_posts":{"":null,"prototype_headline":{"headline":"Les marques KLB en action","h1":false,"subheadline":"Retrouvez toutes nos r\u00e9f\u00e9rences dans les rapports \u00ab ObjectInsights \u00bb","anchor":"","url":""},"type":"taxonomy","taxonomy":"reference_category","filter_taxonomy":true,"terms":false,"posts":null,"post_type":false,"post_per_page":"4","orderby":"date","sort":"DESC","button_text":"","button_target":false,"button_style":"btn-blue","background_color":"bg-gray-dark","background_color_content":"bg-none","button":"ajax","url":null,"text":"","link_to_system_finder":""}}]},"yoast_head":"<!-- This site is optimized with the Yoast SEO plugin v27.0 - https:\/\/yoast.com\/product\/yoast-seo-wordpress\/ -->\n<title>Les marques KLB | CHEMORESIN | K\u00d6TZTALER | FLOOR SEALER - KLB K\u00f6tztal<\/title>\n<meta name=\"description\" content=\"Nos marques KLB distinguent nos produits par leurs caract\u00e9ristiques tr\u00e8s sp\u00e9cifiques pour les domaines d&#039;application les plus particuliers.\" \/>\n<meta name=\"robots\" content=\"noindex, follow, max-snippet:-1, max-image-preview:large, max-video-preview:-1\" \/>\n<meta property=\"og:locale\" content=\"fr_FR\" \/>\n<meta property=\"og:type\" content=\"article\" \/>\n<meta property=\"og:title\" content=\"KLB K\u00f6tztal Lacke + Beschichtungen GmbH\" \/>\n<meta property=\"og:description\" content=\"Nos marques KLB distinguent nos produits par leurs caract\u00e9ristiques tr\u00e8s sp\u00e9cifiques pour les domaines d&#039;application les plus particuliers.\" \/>\n<meta property=\"og:url\" content=\"https:\/\/dev.klb-koetztal.de\/fr\/lentreprise\/les-marques-klb\/\" \/>\n<meta property=\"og:site_name\" content=\"KLB K\u00f6tztal\" \/>\n<meta property=\"article:publisher\" content=\"https:\/\/www.facebook.com\/klbkoetztal\" \/>\n<meta property=\"article:modified_time\" content=\"2025-09-19T06:58:21+00:00\" \/>\n<meta property=\"og:image\" content=\"https:\/\/dev.klb-koetztal.de\/app\/uploads\/2023\/10\/20160620-KLB_Koetztal_20-06-16_0003_Retusche-sw-scaled.jpg\" \/>\n\t<meta property=\"og:image:width\" content=\"2560\" \/>\n\t<meta property=\"og:image:height\" content=\"1120\" \/>\n\t<meta property=\"og:image:type\" content=\"image\/jpeg\" \/>\n<meta name=\"twitter:card\" content=\"summary_large_image\" \/>\n<script type=\"application\/ld+json\" class=\"yoast-schema-graph\">{\"@context\":\"https:\/\/schema.org\",\"@graph\":[{\"@type\":\"WebPage\",\"@id\":\"https:\/\/dev.klb-koetztal.de\/fr\/lentreprise\/les-marques-klb\/\",\"url\":\"https:\/\/dev.klb-koetztal.de\/fr\/lentreprise\/les-marques-klb\/\",\"name\":\"Les marques KLB | CHEMORESIN | K\u00d6TZTALER | FLOOR SEALER - KLB K\u00f6tztal\",\"isPartOf\":{\"@id\":\"https:\/\/dev.klb-koetztal.de\/fr\/#website\"},\"datePublished\":\"2023-12-06T12:34:57+00:00\",\"dateModified\":\"2025-09-19T06:58:21+00:00\",\"description\":\"Nos marques KLB distinguent nos produits par leurs caract\u00e9ristiques tr\u00e8s sp\u00e9cifiques pour les domaines d'application les plus particuliers.\",\"breadcrumb\":{\"@id\":\"https:\/\/dev.klb-koetztal.de\/fr\/lentreprise\/les-marques-klb\/#breadcrumb\"},\"inLanguage\":\"fr-FR\",\"potentialAction\":[{\"@type\":\"ReadAction\",\"target\":[\"https:\/\/dev.klb-koetztal.de\/fr\/lentreprise\/les-marques-klb\/\"]}]},{\"@type\":\"BreadcrumbList\",\"@id\":\"https:\/\/dev.klb-koetztal.de\/fr\/lentreprise\/les-marques-klb\/#breadcrumb\",\"itemListElement\":[{\"@type\":\"ListItem\",\"position\":1,\"name\":\"Startseite\",\"item\":\"https:\/\/dev.klb-koetztal.de\/fr\/\"},{\"@type\":\"ListItem\",\"position\":2,\"name\":\"L&rsquo;entreprise\",\"item\":\"https:\/\/dev.klb-koetztal.de\/fr\/lentreprise\/\"},{\"@type\":\"ListItem\",\"position\":3,\"name\":\"Les marques KLB\"}]},{\"@type\":\"WebSite\",\"@id\":\"https:\/\/dev.klb-koetztal.de\/fr\/#website\",\"url\":\"https:\/\/dev.klb-koetztal.de\/fr\/\",\"name\":\"KLB K\u00f6tztal\",\"description\":\"Gute B\u00f6den haben ein System.\",\"potentialAction\":[{\"@type\":\"SearchAction\",\"target\":{\"@type\":\"EntryPoint\",\"urlTemplate\":\"https:\/\/dev.klb-koetztal.de\/fr\/?s={search_term_string}\"},\"query-input\":{\"@type\":\"PropertyValueSpecification\",\"valueRequired\":true,\"valueName\":\"search_term_string\"}}],\"inLanguage\":\"fr-FR\"}]}<\/script>\n<!-- \/ Yoast SEO plugin. -->","yoast_head_json":{"title":"Les marques KLB | CHEMORESIN | K\u00d6TZTALER | FLOOR SEALER - KLB K\u00f6tztal","description":"Nos marques KLB distinguent nos produits par leurs caract\u00e9ristiques tr\u00e8s sp\u00e9cifiques pour les domaines d'application les plus particuliers.","robots":{"index":"noindex","follow":"follow","max-snippet":"max-snippet:-1","max-image-preview":"max-image-preview:large","max-video-preview":"max-video-preview:-1"},"og_locale":"fr_FR","og_type":"article","og_title":"KLB K\u00f6tztal Lacke + Beschichtungen GmbH","og_description":"Nos marques KLB distinguent nos produits par leurs caract\u00e9ristiques tr\u00e8s sp\u00e9cifiques pour les domaines d'application les plus particuliers.","og_url":"https:\/\/dev.klb-koetztal.de\/fr\/lentreprise\/les-marques-klb\/","og_site_name":"KLB K\u00f6tztal","article_publisher":"https:\/\/www.facebook.com\/klbkoetztal","article_modified_time":"2025-09-19T06:58:21+00:00","og_image":[{"width":2560,"height":1120,"url":"https:\/\/dev.klb-koetztal.de\/app\/uploads\/2023\/10\/20160620-KLB_Koetztal_20-06-16_0003_Retusche-sw-scaled.jpg","type":"image\/jpeg"}],"twitter_card":"summary_large_image","schema":{"@context":"https:\/\/schema.org","@graph":[{"@type":"WebPage","@id":"https:\/\/dev.klb-koetztal.de\/fr\/lentreprise\/les-marques-klb\/","url":"https:\/\/dev.klb-koetztal.de\/fr\/lentreprise\/les-marques-klb\/","name":"Les marques KLB | CHEMORESIN | K\u00d6TZTALER | FLOOR SEALER - KLB K\u00f6tztal","isPartOf":{"@id":"https:\/\/dev.klb-koetztal.de\/fr\/#website"},"datePublished":"2023-12-06T12:34:57+00:00","dateModified":"2025-09-19T06:58:21+00:00","description":"Nos marques KLB distinguent nos produits par leurs caract\u00e9ristiques tr\u00e8s sp\u00e9cifiques pour les domaines d'application les plus particuliers.","breadcrumb":{"@id":"https:\/\/dev.klb-koetztal.de\/fr\/lentreprise\/les-marques-klb\/#breadcrumb"},"inLanguage":"fr-FR","potentialAction":[{"@type":"ReadAction","target":["https:\/\/dev.klb-koetztal.de\/fr\/lentreprise\/les-marques-klb\/"]}]},{"@type":"BreadcrumbList","@id":"https:\/\/dev.klb-koetztal.de\/fr\/lentreprise\/les-marques-klb\/#breadcrumb","itemListElement":[{"@type":"ListItem","position":1,"name":"Startseite","item":"https:\/\/dev.klb-koetztal.de\/fr\/"},{"@type":"ListItem","position":2,"name":"L&rsquo;entreprise","item":"https:\/\/dev.klb-koetztal.de\/fr\/lentreprise\/"},{"@type":"ListItem","position":3,"name":"Les marques KLB"}]},{"@type":"WebSite","@id":"https:\/\/dev.klb-koetztal.de\/fr\/#website","url":"https:\/\/dev.klb-koetztal.de\/fr\/","name":"KLB K\u00f6tztal","description":"Gute B\u00f6den haben ein System.","potentialAction":[{"@type":"SearchAction","target":{"@type":"EntryPoint","urlTemplate":"https:\/\/dev.klb-koetztal.de\/fr\/?s={search_term_string}"},"query-input":{"@type":"PropertyValueSpecification","valueRequired":true,"valueName":"search_term_string"}}],"inLanguage":"fr-FR"}]}},"_links":{"self":[{"href":"https:\/\/dev.klb-koetztal.de\/fr\/wp-json\/wp\/v2\/pages\/58774","targetHints":{"allow":["GET"]}}],"collection":[{"href":"https:\/\/dev.klb-koetztal.de\/fr\/wp-json\/wp\/v2\/pages"}],"about":[{"href":"https:\/\/dev.klb-koetztal.de\/fr\/wp-json\/wp\/v2\/types\/page"}],"author":[{"embeddable":true,"href":"https:\/\/dev.klb-koetztal.de\/fr\/wp-json\/wp\/v2\/users\/13"}],"replies":[{"embeddable":true,"href":"https:\/\/dev.klb-koetztal.de\/fr\/wp-json\/wp\/v2\/comments?post=58774"}],"version-history":[{"count":0,"href":"https:\/\/dev.klb-koetztal.de\/fr\/wp-json\/wp\/v2\/pages\/58774\/revisions"}],"up":[{"embeddable":true,"href":"https:\/\/dev.klb-koetztal.de\/fr\/wp-json\/wp\/v2\/pages\/66064"}],"wp:attachment":[{"href":"https:\/\/dev.klb-koetztal.de\/fr\/wp-json\/wp\/v2\/media?parent=58774"}],"curies":[{"name":"wp","href":"https:\/\/api.w.org\/{rel}","templated":true}]}}