{"id":50690,"date":"2021-09-24T10:17:38","date_gmt":"2021-09-24T08:17:38","guid":{"rendered":"https:\/\/www.klb-koetztal.de\/?page_id=50690"},"modified":"2023-10-26T15:36:17","modified_gmt":"2023-10-26T13:36:17","slug":"appels-doffres","status":"publish","type":"page","link":"https:\/\/dev.klb-koetztal.de\/fr\/produits-applications-utiles\/appels-doffres\/","title":{"rendered":"Appels d&rsquo;offres"},"content":{"rendered":"","protected":false},"excerpt":{"rendered":"","protected":false},"author":13,"featured_media":0,"parent":47792,"menu_order":31,"comment_status":"closed","ping_status":"closed","template":"page-templates\/page-builder.php","meta":{"_acf_changed":false,"footnotes":""},"class_list":["post-50690","page","type-page","status-publish","hentry"],"acf":{"page_builder":[{"acf_fc_layout":"module_header","module_header":{"":null,"slider":[{"background_image":{"ID":47818,"id":47818,"title":"Header_Ausschreibungen_KLB_Industriefussboeden_beschichtung_bodenbelag_industrie-DSC_7580","filename":"Header_Ausschreibungen_KLB_Industriefussboeden_beschichtung_bodenbelag_industrie-DSC_7580.jpg-scaled.jpg","filesize":309282,"url":"https:\/\/dev.klb-koetztal.de\/app\/uploads\/2021\/09\/Header_Ausschreibungen_KLB_Industriefussboeden_beschichtung_bodenbelag_industrie-DSC_7580.jpg-scaled.jpg","link":"https:\/\/dev.klb-koetztal.de\/fr\/produits-applications-utiles\/header_ausschreibungen_klb_industriefussboeden_beschichtung_bodenbelag_industrie-dsc_7580\/","alt":"KLB-Beschichtung am Boden mit WHG-Zulassung f\u00fcr den Gew\u00e4sserschutz","author":"11","description":"","caption":"","name":"header_ausschreibungen_klb_industriefussboeden_beschichtung_bodenbelag_industrie-dsc_7580","status":"inherit","uploaded_to":47792,"date":"2021-09-24 07:28:45","modified":"2021-12-20 12:49:04","menu_order":0,"mime_type":"image\/jpeg","type":"image","subtype":"jpeg","icon":"https:\/\/dev.klb-koetztal.de\/wp\/wp-includes\/images\/media\/default.png","width":2560,"height":1120,"sizes":{"thumbnail":"https:\/\/dev.klb-koetztal.de\/app\/uploads\/2021\/09\/Header_Ausschreibungen_KLB_Industriefussboeden_beschichtung_bodenbelag_industrie-DSC_7580.jpg-150x150.jpg","thumbnail-width":150,"thumbnail-height":150,"medium":"https:\/\/dev.klb-koetztal.de\/app\/uploads\/2021\/09\/Header_Ausschreibungen_KLB_Industriefussboeden_beschichtung_bodenbelag_industrie-DSC_7580.jpg-500x219.jpg","medium-width":500,"medium-height":219,"medium_large":"https:\/\/dev.klb-koetztal.de\/app\/uploads\/2021\/09\/Header_Ausschreibungen_KLB_Industriefussboeden_beschichtung_bodenbelag_industrie-DSC_7580.jpg-scaled.jpg","medium_large-width":768,"medium_large-height":336,"large":"https:\/\/dev.klb-koetztal.de\/app\/uploads\/2021\/09\/Header_Ausschreibungen_KLB_Industriefussboeden_beschichtung_bodenbelag_industrie-DSC_7580.jpg-1920x840.jpg","large-width":1920,"large-height":840,"1536x1536":"https:\/\/dev.klb-koetztal.de\/app\/uploads\/2021\/09\/Header_Ausschreibungen_KLB_Industriefussboeden_beschichtung_bodenbelag_industrie-DSC_7580.jpg-1536x672.jpg","1536x1536-width":1536,"1536x1536-height":672,"2048x2048":"https:\/\/dev.klb-koetztal.de\/app\/uploads\/2021\/09\/Header_Ausschreibungen_KLB_Industriefussboeden_beschichtung_bodenbelag_industrie-DSC_7580.jpg-2048x896.jpg","2048x2048-width":2048,"2048x2048-height":896,"woocommerce_thumbnail":"https:\/\/dev.klb-koetztal.de\/app\/uploads\/2021\/09\/Header_Ausschreibungen_KLB_Industriefussboeden_beschichtung_bodenbelag_industrie-DSC_7580.jpg-300x300.jpg","woocommerce_thumbnail-width":300,"woocommerce_thumbnail-height":300,"woocommerce_single":"https:\/\/dev.klb-koetztal.de\/app\/uploads\/2021\/09\/Header_Ausschreibungen_KLB_Industriefussboeden_beschichtung_bodenbelag_industrie-DSC_7580.jpg-600x262.jpg","woocommerce_single-width":600,"woocommerce_single-height":262,"woocommerce_gallery_thumbnail":"https:\/\/dev.klb-koetztal.de\/app\/uploads\/2021\/09\/Header_Ausschreibungen_KLB_Industriefussboeden_beschichtung_bodenbelag_industrie-DSC_7580.jpg-100x100.jpg","woocommerce_gallery_thumbnail-width":100,"woocommerce_gallery_thumbnail-height":100}},"headline":"Appels d'offres","subheadline":"pour les syst\u00e8mes et produits KLB.","headline_color":"text-color-black","button_link":"","button_text":""}],"scroll_down_icon":true,"overlapping_content":false,"anchor":""}},{"acf_fc_layout":"module_grid_text","module_grid_text":{"":null,"prototype_headline":{"headline":"Catalogue KLB sur Ausschreiben.de","h1":true,"subheadline":"Les descriptions de prestations actuelles pour nos produits.","anchor":"","url":""},"slider":false,"content":[{"text":"<p>Vous trouverez ici nos descriptifs de prestations, directement navigables sur Ausschreiben.de.<\/p>\n<p>Veuillez utiliser <a href=\"https:\/\/ausschreiben.de\/catalog\/klb?integrationKey=b96f6838-2639-4b07-85a9-2d9bca851b88\" target=\"_blank\" rel=\"noopener\">ce lien<\/a>\u00a0pour une pr\u00e9sentation optimis\u00e9e de la page sur les <strong>terminaux mobiles<\/strong> tels que smartphones, tablettes, etc.<\/p>\n","width":"12","background_color_text":"bg-none","border_color":"border-none"},{"text":"<p><iframe style=\"width: 100%; min-width: 700px; min-height: 600px; height: 70vh; border: 5px #BBBEBC solid;\" src=\"https:\/\/www.ausschreiben.de\/katalog\/klb\"><\/iframe><\/p>\n","width":"12","background_color_text":"bg-none","border_color":"border-none"},{"text":"<p><span style=\"color: #bbbebc;\"><strong><em>Utilisation de la plateforme AUSSCHREIBEN.DE<\/em><\/strong><\/span><br \/>\n<span style=\"color: #bbbebc;\"><br \/>\n<em>Nous utilisons sur notre site Internet les services de la plateforme AUSSCHREIBEN.DE afin que vous puissiez s\u00e9lectionner et t\u00e9l\u00e9charger confortablement nos textes d&rsquo;appel d&rsquo;offres. AUSSCHREIBEN.DE utilise diff\u00e9rentes technologies pour la reconnaissance de session, entre autres des cookies ainsi que les services de Google Analytics et Microsoft Application Insights. Vous trouverez des plus amples informations sur les options de cookies et la collecte de donn\u00e9es personnelles dans les informations sur la protection des donn\u00e9es du service responsable, \u00e0 savoir AUSSCHREIBEN.DE.<\/em><\/span><\/p>\n","width":"12","background_color_text":"bg-none","border_color":"border-none"}],"match_height":false,"vertical_align":false,"share_buttons":true,"background_color":"bg-none","background_color_content":"bg-none"}},{"acf_fc_layout":"module_posts","module_posts":{"":null,"prototype_headline":{"headline":"Les syst\u00e8mes KLB au quotidien","h1":false,"subheadline":"Consultez nos r\u00e9f\u00e9rences pour voir les syst\u00e8mes KLB en action.","anchor":"","url":""},"type":"taxonomy","taxonomy":"reference_category","filter_taxonomy":true,"terms":false,"posts":null,"post_type":false,"post_per_page":"4","orderby":"date","sort":"DESC","button_text":"","button_target":true,"button_style":"btn-blue","background_color":"bg-gray-dark","background_color_content":"bg-none","button":"ajax","url":null,"text":"en plus","link_to_system_finder":""}},{"acf_fc_layout":"module_call_to_action","module_call_to_action":{"":null,"headline_group":{"prototype_headline":{"headline":"","h1":false,"subheadline":"","anchor":"","url":null}},"call_to_action_elements":[{"element":"system_finder"}],"layout":"big","background_color":"bg-gray-light","background_color_content":"bg-none"}},{"acf_fc_layout":"module_up_to_date","module_up_to_date":{"":null,"background_color":"bg-none","background_color_content":"bg-none"}}]},"yoast_head":"<!-- This site is optimized with the Yoast SEO plugin v27.0 - https:\/\/yoast.com\/product\/yoast-seo-wordpress\/ -->\n<title>Appels d&#039;offres pour les produits et syst\u00e8mes de KLB - KLB K\u00f6tztal<\/title>\n<meta name=\"description\" content=\"Prestations KLB sur AUSSCHREIBEN.DE. Comme planificateur ou architecte, trouvez plus d&#039;informations sur produits et syst\u00e8mes de rev\u00eatement.\" \/>\n<meta name=\"robots\" content=\"noindex, follow, max-snippet:-1, max-image-preview:large, max-video-preview:-1\" \/>\n<meta property=\"og:locale\" content=\"fr_FR\" \/>\n<meta property=\"og:type\" content=\"article\" \/>\n<meta property=\"og:title\" content=\"Appels d&#039;offres pour les produits et syst\u00e8mes de KLB - KLB K\u00f6tztal\" \/>\n<meta property=\"og:description\" content=\"Prestations KLB sur AUSSCHREIBEN.DE. Comme planificateur ou architecte, trouvez plus d&#039;informations sur produits et syst\u00e8mes de rev\u00eatement.\" \/>\n<meta property=\"og:url\" content=\"https:\/\/dev.klb-koetztal.de\/fr\/produits-applications-utiles\/appels-doffres\/\" \/>\n<meta property=\"og:site_name\" content=\"KLB K\u00f6tztal\" \/>\n<meta property=\"article:publisher\" content=\"https:\/\/www.facebook.com\/klbkoetztal\" \/>\n<meta property=\"article:modified_time\" content=\"2023-10-26T13:36:17+00:00\" \/>\n<meta name=\"twitter:card\" content=\"summary_large_image\" \/>\n<script type=\"application\/ld+json\" class=\"yoast-schema-graph\">{\"@context\":\"https:\/\/schema.org\",\"@graph\":[{\"@type\":\"WebPage\",\"@id\":\"https:\/\/dev.klb-koetztal.de\/fr\/produits-applications-utiles\/appels-doffres\/\",\"url\":\"https:\/\/dev.klb-koetztal.de\/fr\/produits-applications-utiles\/appels-doffres\/\",\"name\":\"Appels d'offres pour les produits et syst\u00e8mes de KLB - KLB K\u00f6tztal\",\"isPartOf\":{\"@id\":\"https:\/\/dev.klb-koetztal.de\/fr\/#website\"},\"datePublished\":\"2021-09-24T08:17:38+00:00\",\"dateModified\":\"2023-10-26T13:36:17+00:00\",\"description\":\"Prestations KLB sur AUSSCHREIBEN.DE. Comme planificateur ou architecte, trouvez plus d'informations sur produits et syst\u00e8mes de rev\u00eatement.\",\"breadcrumb\":{\"@id\":\"https:\/\/dev.klb-koetztal.de\/fr\/produits-applications-utiles\/appels-doffres\/#breadcrumb\"},\"inLanguage\":\"fr-FR\",\"potentialAction\":[{\"@type\":\"ReadAction\",\"target\":[\"https:\/\/dev.klb-koetztal.de\/fr\/produits-applications-utiles\/appels-doffres\/\"]}]},{\"@type\":\"BreadcrumbList\",\"@id\":\"https:\/\/dev.klb-koetztal.de\/fr\/produits-applications-utiles\/appels-doffres\/#breadcrumb\",\"itemListElement\":[{\"@type\":\"ListItem\",\"position\":1,\"name\":\"Startseite\",\"item\":\"https:\/\/dev.klb-koetztal.de\/fr\/\"},{\"@type\":\"ListItem\",\"position\":2,\"name\":\"Produits &#038; Applications utiles\",\"item\":\"https:\/\/dev.klb-koetztal.de\/fr\/produits-applications-utiles\/\"},{\"@type\":\"ListItem\",\"position\":3,\"name\":\"Appels d&rsquo;offres\"}]},{\"@type\":\"WebSite\",\"@id\":\"https:\/\/dev.klb-koetztal.de\/fr\/#website\",\"url\":\"https:\/\/dev.klb-koetztal.de\/fr\/\",\"name\":\"KLB K\u00f6tztal\",\"description\":\"Gute B\u00f6den haben ein System.\",\"potentialAction\":[{\"@type\":\"SearchAction\",\"target\":{\"@type\":\"EntryPoint\",\"urlTemplate\":\"https:\/\/dev.klb-koetztal.de\/fr\/?s={search_term_string}\"},\"query-input\":{\"@type\":\"PropertyValueSpecification\",\"valueRequired\":true,\"valueName\":\"search_term_string\"}}],\"inLanguage\":\"fr-FR\"}]}<\/script>\n<!-- \/ Yoast SEO plugin. -->","yoast_head_json":{"title":"Appels d'offres pour les produits et syst\u00e8mes de KLB - KLB K\u00f6tztal","description":"Prestations KLB sur AUSSCHREIBEN.DE. Comme planificateur ou architecte, trouvez plus d'informations sur produits et syst\u00e8mes de rev\u00eatement.","robots":{"index":"noindex","follow":"follow","max-snippet":"max-snippet:-1","max-image-preview":"max-image-preview:large","max-video-preview":"max-video-preview:-1"},"og_locale":"fr_FR","og_type":"article","og_title":"Appels d'offres pour les produits et syst\u00e8mes de KLB - KLB K\u00f6tztal","og_description":"Prestations KLB sur AUSSCHREIBEN.DE. Comme planificateur ou architecte, trouvez plus d'informations sur produits et syst\u00e8mes de rev\u00eatement.","og_url":"https:\/\/dev.klb-koetztal.de\/fr\/produits-applications-utiles\/appels-doffres\/","og_site_name":"KLB K\u00f6tztal","article_publisher":"https:\/\/www.facebook.com\/klbkoetztal","article_modified_time":"2023-10-26T13:36:17+00:00","twitter_card":"summary_large_image","schema":{"@context":"https:\/\/schema.org","@graph":[{"@type":"WebPage","@id":"https:\/\/dev.klb-koetztal.de\/fr\/produits-applications-utiles\/appels-doffres\/","url":"https:\/\/dev.klb-koetztal.de\/fr\/produits-applications-utiles\/appels-doffres\/","name":"Appels d'offres pour les produits et syst\u00e8mes de KLB - KLB K\u00f6tztal","isPartOf":{"@id":"https:\/\/dev.klb-koetztal.de\/fr\/#website"},"datePublished":"2021-09-24T08:17:38+00:00","dateModified":"2023-10-26T13:36:17+00:00","description":"Prestations KLB sur AUSSCHREIBEN.DE. Comme planificateur ou architecte, trouvez plus d'informations sur produits et syst\u00e8mes de rev\u00eatement.","breadcrumb":{"@id":"https:\/\/dev.klb-koetztal.de\/fr\/produits-applications-utiles\/appels-doffres\/#breadcrumb"},"inLanguage":"fr-FR","potentialAction":[{"@type":"ReadAction","target":["https:\/\/dev.klb-koetztal.de\/fr\/produits-applications-utiles\/appels-doffres\/"]}]},{"@type":"BreadcrumbList","@id":"https:\/\/dev.klb-koetztal.de\/fr\/produits-applications-utiles\/appels-doffres\/#breadcrumb","itemListElement":[{"@type":"ListItem","position":1,"name":"Startseite","item":"https:\/\/dev.klb-koetztal.de\/fr\/"},{"@type":"ListItem","position":2,"name":"Produits &#038; Applications utiles","item":"https:\/\/dev.klb-koetztal.de\/fr\/produits-applications-utiles\/"},{"@type":"ListItem","position":3,"name":"Appels d&rsquo;offres"}]},{"@type":"WebSite","@id":"https:\/\/dev.klb-koetztal.de\/fr\/#website","url":"https:\/\/dev.klb-koetztal.de\/fr\/","name":"KLB K\u00f6tztal","description":"Gute B\u00f6den haben ein System.","potentialAction":[{"@type":"SearchAction","target":{"@type":"EntryPoint","urlTemplate":"https:\/\/dev.klb-koetztal.de\/fr\/?s={search_term_string}"},"query-input":{"@type":"PropertyValueSpecification","valueRequired":true,"valueName":"search_term_string"}}],"inLanguage":"fr-FR"}]}},"_links":{"self":[{"href":"https:\/\/dev.klb-koetztal.de\/fr\/wp-json\/wp\/v2\/pages\/50690","targetHints":{"allow":["GET"]}}],"collection":[{"href":"https:\/\/dev.klb-koetztal.de\/fr\/wp-json\/wp\/v2\/pages"}],"about":[{"href":"https:\/\/dev.klb-koetztal.de\/fr\/wp-json\/wp\/v2\/types\/page"}],"author":[{"embeddable":true,"href":"https:\/\/dev.klb-koetztal.de\/fr\/wp-json\/wp\/v2\/users\/13"}],"replies":[{"embeddable":true,"href":"https:\/\/dev.klb-koetztal.de\/fr\/wp-json\/wp\/v2\/comments?post=50690"}],"version-history":[{"count":0,"href":"https:\/\/dev.klb-koetztal.de\/fr\/wp-json\/wp\/v2\/pages\/50690\/revisions"}],"up":[{"embeddable":true,"href":"https:\/\/dev.klb-koetztal.de\/fr\/wp-json\/wp\/v2\/pages\/47792"}],"wp:attachment":[{"href":"https:\/\/dev.klb-koetztal.de\/fr\/wp-json\/wp\/v2\/media?parent=50690"}],"curies":[{"name":"wp","href":"https:\/\/api.w.org\/{rel}","templated":true}]}}