{"id":47808,"date":"2022-01-21T08:49:37","date_gmt":"2022-01-21T07:49:37","guid":{"rendered":"https:\/\/www.klb-koetztal.de\/?page_id=47808"},"modified":"2024-01-18T10:48:09","modified_gmt":"2024-01-18T09:48:09","slug":"mentions-legales","status":"publish","type":"page","link":"https:\/\/dev.klb-koetztal.de\/fr\/mentions-legales\/","title":{"rendered":"Mentions l\u00e9gales"},"content":{"rendered":"","protected":false},"excerpt":{"rendered":"","protected":false},"author":13,"featured_media":0,"parent":0,"menu_order":70,"comment_status":"closed","ping_status":"closed","template":"page-templates\/page-builder.php","meta":{"_acf_changed":false,"footnotes":""},"class_list":["post-47808","page","type-page","status-publish","hentry"],"acf":{"page_builder":[{"acf_fc_layout":"module_grid_text","module_grid_text":{"":null,"prototype_headline":{"headline":"Mentions l\u00e9gales","h1":true,"subheadline":"","anchor":"","url":""},"slider":false,"content":[{"text":"<p><strong>KLB K\u00f6tztal Lacke + Beschichtungen GmbH<\/strong><br \/>\nG\u00fcnztalstra\u00dfe 25<br \/>\n89335 Ichenhausen<br \/>\nAllemagne<\/p>\n<p>T\u00e9l. : +49 8223 9692-0<br \/>\nFax : +49 8223 9692-100<br \/>\nCourriel : <a href=\"mailto:info@klb-koetztal.com\">info@klb-koetztal.com<\/a><\/p>\n<p><strong>Disponible pour vous :<\/strong><br \/>\nLun-Ven de 7.00 &#8211; 12.00<br \/>\nLu-Je de 13.00 &#8211; 17.00<br \/>\nVendredi de 13.00 \u00e0 15.00<\/p>\n<p><strong>Directeurs g\u00e9n\u00e9raux :<\/strong><br \/>\nArtur Kehrle<br \/>\nPatrick Kehrle<br \/>\nDr Julian Kehrle<\/p>\n<p><strong>Num\u00e9ro de registre du commerce<\/strong> : HRB 6349 Memmingen<br \/>\n<strong>Num\u00e9ro d&rsquo;identification \u00e0 la TVA<\/strong> : DE 170 560 372<\/p>\n<p><strong>Avis l\u00e9gal :<\/strong><br \/>\nKLB K\u00f6tztal Lacke + Beschichtungen GmbH v\u00e9rifie et actualise en permanence les informations contenues sur ce site Internet. Malgr\u00e9 toute notre diligence, les donn\u00e9es peuvent avoir chang\u00e9 entre-temps. Nous n&rsquo;assumons aucune responsabilit\u00e9 ni garantie quant \u00e0 l&rsquo;exactitude, la justesse et l&rsquo;exhaustivit\u00e9 des informations fournies. Il en va de m\u00eame pour toutes les autres pages web auxquelles il est fait r\u00e9f\u00e9rence au moyen d&rsquo;un hyperlien. La soci\u00e9t\u00e9 KLB K\u00f6tztal Lacke + Beschichtungen GmbH ne peut pas \u00eatre tenue pour responsable du contenu d&rsquo;autres sites Internet accessibles par un tel lien.<\/p>\n<p>En outre, KLB K\u00f6tztal Lacke + Beschichtungen GmbH se r\u00e9serve le droit de modifier ou de compl\u00e9ter les informations fournies.<\/p>\n<p>La reproduction de contenus ou de donn\u00e9es, en particulier l&rsquo;utilisation de textes, de parties de textes ou d&rsquo;images, est soumise \u00e0 l&rsquo;accord pr\u00e9alable de la soci\u00e9t\u00e9 KLB K\u00f6tztal Lacke + Beschichtungen GmbH.<\/p>\n<p><strong>R\u00e9seaux sociaux et pr\u00e9sence en ligne :<\/strong><br \/>\nCes mentions l\u00e9gales s&rsquo;appliquent \u00e9galement \u00e0 notre pr\u00e9sence sur les m\u00e9dias sociaux et profils en ligne suivants : <a href=\"https:\/\/www.linkedin.com\/company\/7235831\/\" target=\"_blank\" rel=\"noopener\">Linkedin<\/a>, <a href=\"https:\/\/www.linkedin.com\/company\/80567303\/\">Linkedin International<\/a>, <a href=\"https:\/\/www.facebook.com\/klbkoetztal\" target=\"_blank\" rel=\"noopener\">Facebook<\/a>, <a href=\"https:\/\/www.instagram.com\/klbkoetztal\/\" target=\"_blank\" rel=\"noopener\">Instagram<\/a>, <a href=\"https:\/\/www.pinterest.de\/klbkoetztal\/\" target=\"_blank\" rel=\"noopener\">Pinterest<\/a>, <a href=\"https:\/\/www.xing.com\/pages\/klb-koetztal-gmbh\" target=\"_blank\" rel=\"noopener\">Xing<\/a> et <a href=\"https:\/\/www.youtube.com\/@klbkotztallackebeschichtun6352\" target=\"_blank\" rel=\"noopener\">YouTube<\/a><\/p>\n","width":"12","background_color_text":"bg-none","border_color":"border-none"}],"match_height":false,"vertical_align":false,"share_buttons":true,"background_color":"bg-none","background_color_content":"bg-none"}}]},"yoast_head":"<!-- This site is optimized with the Yoast SEO plugin v27.0 - https:\/\/yoast.com\/product\/yoast-seo-wordpress\/ -->\n<title>Nos mentions l\u00e9gales - KLB K\u00f6tztal<\/title>\n<meta name=\"description\" content=\"Vous trouverez ici les mentions l\u00e9gales de KLB K\u00f6tztal Lacke + Beschichtungen GmbH, comme l&#039;adresse, les coordonn\u00e9es, la direction, etc.\" \/>\n<meta name=\"robots\" content=\"noindex, follow, max-snippet:-1, max-image-preview:large, max-video-preview:-1\" \/>\n<meta property=\"og:locale\" content=\"fr_FR\" \/>\n<meta property=\"og:type\" content=\"article\" \/>\n<meta property=\"og:title\" content=\"Nos mentions l\u00e9gales - KLB K\u00f6tztal\" \/>\n<meta property=\"og:description\" content=\"Vous trouverez ici les mentions l\u00e9gales de KLB K\u00f6tztal Lacke + Beschichtungen GmbH, comme l&#039;adresse, les coordonn\u00e9es, la direction, etc.\" \/>\n<meta property=\"og:url\" content=\"https:\/\/dev.klb-koetztal.de\/fr\/mentions-legales\/\" \/>\n<meta property=\"og:site_name\" content=\"KLB K\u00f6tztal\" \/>\n<meta property=\"article:publisher\" content=\"https:\/\/www.facebook.com\/klbkoetztal\" \/>\n<meta property=\"article:modified_time\" content=\"2024-01-18T09:48:09+00:00\" \/>\n<meta name=\"twitter:card\" content=\"summary_large_image\" \/>\n<script type=\"application\/ld+json\" class=\"yoast-schema-graph\">{\"@context\":\"https:\/\/schema.org\",\"@graph\":[{\"@type\":\"WebPage\",\"@id\":\"https:\/\/dev.klb-koetztal.de\/fr\/mentions-legales\/\",\"url\":\"https:\/\/dev.klb-koetztal.de\/fr\/mentions-legales\/\",\"name\":\"Nos mentions l\u00e9gales - KLB K\u00f6tztal\",\"isPartOf\":{\"@id\":\"https:\/\/dev.klb-koetztal.de\/fr\/#website\"},\"datePublished\":\"2022-01-21T07:49:37+00:00\",\"dateModified\":\"2024-01-18T09:48:09+00:00\",\"description\":\"Vous trouverez ici les mentions l\u00e9gales de KLB K\u00f6tztal Lacke + Beschichtungen GmbH, comme l'adresse, les coordonn\u00e9es, la direction, etc.\",\"breadcrumb\":{\"@id\":\"https:\/\/dev.klb-koetztal.de\/fr\/mentions-legales\/#breadcrumb\"},\"inLanguage\":\"fr-FR\",\"potentialAction\":[{\"@type\":\"ReadAction\",\"target\":[\"https:\/\/dev.klb-koetztal.de\/fr\/mentions-legales\/\"]}]},{\"@type\":\"BreadcrumbList\",\"@id\":\"https:\/\/dev.klb-koetztal.de\/fr\/mentions-legales\/#breadcrumb\",\"itemListElement\":[{\"@type\":\"ListItem\",\"position\":1,\"name\":\"Startseite\",\"item\":\"https:\/\/dev.klb-koetztal.de\/fr\/\"},{\"@type\":\"ListItem\",\"position\":2,\"name\":\"Mentions l\u00e9gales\"}]},{\"@type\":\"WebSite\",\"@id\":\"https:\/\/dev.klb-koetztal.de\/fr\/#website\",\"url\":\"https:\/\/dev.klb-koetztal.de\/fr\/\",\"name\":\"KLB K\u00f6tztal\",\"description\":\"Gute B\u00f6den haben ein System.\",\"potentialAction\":[{\"@type\":\"SearchAction\",\"target\":{\"@type\":\"EntryPoint\",\"urlTemplate\":\"https:\/\/dev.klb-koetztal.de\/fr\/?s={search_term_string}\"},\"query-input\":{\"@type\":\"PropertyValueSpecification\",\"valueRequired\":true,\"valueName\":\"search_term_string\"}}],\"inLanguage\":\"fr-FR\"}]}<\/script>\n<!-- \/ Yoast SEO plugin. -->","yoast_head_json":{"title":"Nos mentions l\u00e9gales - KLB K\u00f6tztal","description":"Vous trouverez ici les mentions l\u00e9gales de KLB K\u00f6tztal Lacke + Beschichtungen GmbH, comme l'adresse, les coordonn\u00e9es, la direction, etc.","robots":{"index":"noindex","follow":"follow","max-snippet":"max-snippet:-1","max-image-preview":"max-image-preview:large","max-video-preview":"max-video-preview:-1"},"og_locale":"fr_FR","og_type":"article","og_title":"Nos mentions l\u00e9gales - KLB K\u00f6tztal","og_description":"Vous trouverez ici les mentions l\u00e9gales de KLB K\u00f6tztal Lacke + Beschichtungen GmbH, comme l'adresse, les coordonn\u00e9es, la direction, etc.","og_url":"https:\/\/dev.klb-koetztal.de\/fr\/mentions-legales\/","og_site_name":"KLB K\u00f6tztal","article_publisher":"https:\/\/www.facebook.com\/klbkoetztal","article_modified_time":"2024-01-18T09:48:09+00:00","twitter_card":"summary_large_image","schema":{"@context":"https:\/\/schema.org","@graph":[{"@type":"WebPage","@id":"https:\/\/dev.klb-koetztal.de\/fr\/mentions-legales\/","url":"https:\/\/dev.klb-koetztal.de\/fr\/mentions-legales\/","name":"Nos mentions l\u00e9gales - KLB K\u00f6tztal","isPartOf":{"@id":"https:\/\/dev.klb-koetztal.de\/fr\/#website"},"datePublished":"2022-01-21T07:49:37+00:00","dateModified":"2024-01-18T09:48:09+00:00","description":"Vous trouverez ici les mentions l\u00e9gales de KLB K\u00f6tztal Lacke + Beschichtungen GmbH, comme l'adresse, les coordonn\u00e9es, la direction, etc.","breadcrumb":{"@id":"https:\/\/dev.klb-koetztal.de\/fr\/mentions-legales\/#breadcrumb"},"inLanguage":"fr-FR","potentialAction":[{"@type":"ReadAction","target":["https:\/\/dev.klb-koetztal.de\/fr\/mentions-legales\/"]}]},{"@type":"BreadcrumbList","@id":"https:\/\/dev.klb-koetztal.de\/fr\/mentions-legales\/#breadcrumb","itemListElement":[{"@type":"ListItem","position":1,"name":"Startseite","item":"https:\/\/dev.klb-koetztal.de\/fr\/"},{"@type":"ListItem","position":2,"name":"Mentions l\u00e9gales"}]},{"@type":"WebSite","@id":"https:\/\/dev.klb-koetztal.de\/fr\/#website","url":"https:\/\/dev.klb-koetztal.de\/fr\/","name":"KLB K\u00f6tztal","description":"Gute B\u00f6den haben ein System.","potentialAction":[{"@type":"SearchAction","target":{"@type":"EntryPoint","urlTemplate":"https:\/\/dev.klb-koetztal.de\/fr\/?s={search_term_string}"},"query-input":{"@type":"PropertyValueSpecification","valueRequired":true,"valueName":"search_term_string"}}],"inLanguage":"fr-FR"}]}},"_links":{"self":[{"href":"https:\/\/dev.klb-koetztal.de\/fr\/wp-json\/wp\/v2\/pages\/47808","targetHints":{"allow":["GET"]}}],"collection":[{"href":"https:\/\/dev.klb-koetztal.de\/fr\/wp-json\/wp\/v2\/pages"}],"about":[{"href":"https:\/\/dev.klb-koetztal.de\/fr\/wp-json\/wp\/v2\/types\/page"}],"author":[{"embeddable":true,"href":"https:\/\/dev.klb-koetztal.de\/fr\/wp-json\/wp\/v2\/users\/13"}],"replies":[{"embeddable":true,"href":"https:\/\/dev.klb-koetztal.de\/fr\/wp-json\/wp\/v2\/comments?post=47808"}],"version-history":[{"count":0,"href":"https:\/\/dev.klb-koetztal.de\/fr\/wp-json\/wp\/v2\/pages\/47808\/revisions"}],"wp:attachment":[{"href":"https:\/\/dev.klb-koetztal.de\/fr\/wp-json\/wp\/v2\/media?parent=47808"}],"curies":[{"name":"wp","href":"https:\/\/api.w.org\/{rel}","templated":true}]}}