{"id":47805,"date":"2022-01-18T08:41:01","date_gmt":"2022-01-18T07:41:01","guid":{"rendered":"https:\/\/www.klb-koetztal.de\/?page_id=47805"},"modified":"2023-11-06T10:26:42","modified_gmt":"2023-11-06T09:26:42","slug":"recherche-de-systemes","status":"publish","type":"page","link":"https:\/\/dev.klb-koetztal.de\/fr\/recherche-de-systemes\/","title":{"rendered":"Recherche de syst\u00e8mes"},"content":{"rendered":"","protected":false},"excerpt":{"rendered":"","protected":false},"author":13,"featured_media":0,"parent":0,"menu_order":80,"comment_status":"closed","ping_status":"closed","template":"page-templates\/system-finder.php","meta":{"_acf_changed":false,"footnotes":""},"class_list":["post-47805","page","type-page","status-publish","hentry"],"acf":{"system_finder":{"module_system_finder":{"":null,"prototype_headline":{"headline":"Recherche de syst\u00e8mes","h1":false,"subheadline":"Le bon syst\u00e8me de sol pour chaque projet","anchor":"","url":""},"sectors_headline":"J'ai besoin d'un sol pour ...","attributes_headline":"Exigences particuli\u00e8res pour mon sol ...","compare_headline_prototype_headline":{"headline":"Comparaison des syst\u00e8mes","h1":false,"subheadline":"Trouvez la meilleure option parmi beaucoup d'autres.","anchor":"","url":""},"compare_subheadline":"","compare_text":"<p>Il n&rsquo;y a pas toujours une seule solution pour votre projet. Cet outil vous aide \u00e0 trouver rapidement le syst\u00e8me KLB qui r\u00e9pond le mieux \u00e0 vos besoins sp\u00e9cifiques et vous montre toutes les alternatives possibles.<\/p>\n","post_per_page":"8","more_button_text":"En savoir plus"}},"contact":{"module_contact":{"":null,"background_color":"bg-gray-medium","background_color_content":"bg-none"}}},"yoast_head":"<!-- This site is optimized with the Yoast SEO plugin v27.0 - https:\/\/yoast.com\/product\/yoast-seo-wordpress\/ -->\n<title>Recherche de syst\u00e8mes: Un syst\u00e8me pour chaque projet - KLB K\u00f6tztal<\/title>\n<meta name=\"description\" content=\"Configurez vos exigences sp\u00e9cifiques pour votre projet avec la recherche de syst\u00e8mes et trouvez le bon syst\u00e8me de rev\u00eatement KLB.\" \/>\n<meta name=\"robots\" content=\"noindex, follow, max-snippet:-1, max-image-preview:large, max-video-preview:-1\" \/>\n<meta property=\"og:locale\" content=\"fr_FR\" \/>\n<meta property=\"og:type\" content=\"article\" \/>\n<meta property=\"og:title\" content=\"Recherche de syst\u00e8mes: Un syst\u00e8me pour chaque projet - KLB K\u00f6tztal\" \/>\n<meta property=\"og:description\" content=\"Configurez vos exigences sp\u00e9cifiques pour votre projet avec la recherche de syst\u00e8mes et trouvez le bon syst\u00e8me de rev\u00eatement KLB.\" \/>\n<meta property=\"og:url\" content=\"https:\/\/dev.klb-koetztal.de\/fr\/recherche-de-systemes\/\" \/>\n<meta property=\"og:site_name\" content=\"KLB K\u00f6tztal\" \/>\n<meta property=\"article:publisher\" content=\"https:\/\/www.facebook.com\/klbkoetztal\" \/>\n<meta property=\"article:modified_time\" content=\"2023-11-06T09:26:42+00:00\" \/>\n<meta name=\"twitter:card\" content=\"summary_large_image\" \/>\n<script type=\"application\/ld+json\" class=\"yoast-schema-graph\">{\"@context\":\"https:\/\/schema.org\",\"@graph\":[{\"@type\":\"WebPage\",\"@id\":\"https:\/\/dev.klb-koetztal.de\/fr\/recherche-de-systemes\/\",\"url\":\"https:\/\/dev.klb-koetztal.de\/fr\/recherche-de-systemes\/\",\"name\":\"Recherche de syst\u00e8mes: Un syst\u00e8me pour chaque projet - KLB K\u00f6tztal\",\"isPartOf\":{\"@id\":\"https:\/\/dev.klb-koetztal.de\/fr\/#website\"},\"datePublished\":\"2022-01-18T07:41:01+00:00\",\"dateModified\":\"2023-11-06T09:26:42+00:00\",\"description\":\"Configurez vos exigences sp\u00e9cifiques pour votre projet avec la recherche de syst\u00e8mes et trouvez le bon syst\u00e8me de rev\u00eatement KLB.\",\"breadcrumb\":{\"@id\":\"https:\/\/dev.klb-koetztal.de\/fr\/recherche-de-systemes\/#breadcrumb\"},\"inLanguage\":\"fr-FR\",\"potentialAction\":[{\"@type\":\"ReadAction\",\"target\":[\"https:\/\/dev.klb-koetztal.de\/fr\/recherche-de-systemes\/\"]}]},{\"@type\":\"BreadcrumbList\",\"@id\":\"https:\/\/dev.klb-koetztal.de\/fr\/recherche-de-systemes\/#breadcrumb\",\"itemListElement\":[{\"@type\":\"ListItem\",\"position\":1,\"name\":\"Startseite\",\"item\":\"https:\/\/dev.klb-koetztal.de\/fr\/\"},{\"@type\":\"ListItem\",\"position\":2,\"name\":\"Recherche de syst\u00e8mes\"}]},{\"@type\":\"WebSite\",\"@id\":\"https:\/\/dev.klb-koetztal.de\/fr\/#website\",\"url\":\"https:\/\/dev.klb-koetztal.de\/fr\/\",\"name\":\"KLB K\u00f6tztal\",\"description\":\"Gute B\u00f6den haben ein System.\",\"potentialAction\":[{\"@type\":\"SearchAction\",\"target\":{\"@type\":\"EntryPoint\",\"urlTemplate\":\"https:\/\/dev.klb-koetztal.de\/fr\/?s={search_term_string}\"},\"query-input\":{\"@type\":\"PropertyValueSpecification\",\"valueRequired\":true,\"valueName\":\"search_term_string\"}}],\"inLanguage\":\"fr-FR\"}]}<\/script>\n<!-- \/ Yoast SEO plugin. -->","yoast_head_json":{"title":"Recherche de syst\u00e8mes: Un syst\u00e8me pour chaque projet - KLB K\u00f6tztal","description":"Configurez vos exigences sp\u00e9cifiques pour votre projet avec la recherche de syst\u00e8mes et trouvez le bon syst\u00e8me de rev\u00eatement KLB.","robots":{"index":"noindex","follow":"follow","max-snippet":"max-snippet:-1","max-image-preview":"max-image-preview:large","max-video-preview":"max-video-preview:-1"},"og_locale":"fr_FR","og_type":"article","og_title":"Recherche de syst\u00e8mes: Un syst\u00e8me pour chaque projet - KLB K\u00f6tztal","og_description":"Configurez vos exigences sp\u00e9cifiques pour votre projet avec la recherche de syst\u00e8mes et trouvez le bon syst\u00e8me de rev\u00eatement KLB.","og_url":"https:\/\/dev.klb-koetztal.de\/fr\/recherche-de-systemes\/","og_site_name":"KLB K\u00f6tztal","article_publisher":"https:\/\/www.facebook.com\/klbkoetztal","article_modified_time":"2023-11-06T09:26:42+00:00","twitter_card":"summary_large_image","schema":{"@context":"https:\/\/schema.org","@graph":[{"@type":"WebPage","@id":"https:\/\/dev.klb-koetztal.de\/fr\/recherche-de-systemes\/","url":"https:\/\/dev.klb-koetztal.de\/fr\/recherche-de-systemes\/","name":"Recherche de syst\u00e8mes: Un syst\u00e8me pour chaque projet - KLB K\u00f6tztal","isPartOf":{"@id":"https:\/\/dev.klb-koetztal.de\/fr\/#website"},"datePublished":"2022-01-18T07:41:01+00:00","dateModified":"2023-11-06T09:26:42+00:00","description":"Configurez vos exigences sp\u00e9cifiques pour votre projet avec la recherche de syst\u00e8mes et trouvez le bon syst\u00e8me de rev\u00eatement KLB.","breadcrumb":{"@id":"https:\/\/dev.klb-koetztal.de\/fr\/recherche-de-systemes\/#breadcrumb"},"inLanguage":"fr-FR","potentialAction":[{"@type":"ReadAction","target":["https:\/\/dev.klb-koetztal.de\/fr\/recherche-de-systemes\/"]}]},{"@type":"BreadcrumbList","@id":"https:\/\/dev.klb-koetztal.de\/fr\/recherche-de-systemes\/#breadcrumb","itemListElement":[{"@type":"ListItem","position":1,"name":"Startseite","item":"https:\/\/dev.klb-koetztal.de\/fr\/"},{"@type":"ListItem","position":2,"name":"Recherche de syst\u00e8mes"}]},{"@type":"WebSite","@id":"https:\/\/dev.klb-koetztal.de\/fr\/#website","url":"https:\/\/dev.klb-koetztal.de\/fr\/","name":"KLB K\u00f6tztal","description":"Gute B\u00f6den haben ein System.","potentialAction":[{"@type":"SearchAction","target":{"@type":"EntryPoint","urlTemplate":"https:\/\/dev.klb-koetztal.de\/fr\/?s={search_term_string}"},"query-input":{"@type":"PropertyValueSpecification","valueRequired":true,"valueName":"search_term_string"}}],"inLanguage":"fr-FR"}]}},"_links":{"self":[{"href":"https:\/\/dev.klb-koetztal.de\/fr\/wp-json\/wp\/v2\/pages\/47805","targetHints":{"allow":["GET"]}}],"collection":[{"href":"https:\/\/dev.klb-koetztal.de\/fr\/wp-json\/wp\/v2\/pages"}],"about":[{"href":"https:\/\/dev.klb-koetztal.de\/fr\/wp-json\/wp\/v2\/types\/page"}],"author":[{"embeddable":true,"href":"https:\/\/dev.klb-koetztal.de\/fr\/wp-json\/wp\/v2\/users\/13"}],"replies":[{"embeddable":true,"href":"https:\/\/dev.klb-koetztal.de\/fr\/wp-json\/wp\/v2\/comments?post=47805"}],"version-history":[{"count":0,"href":"https:\/\/dev.klb-koetztal.de\/fr\/wp-json\/wp\/v2\/pages\/47805\/revisions"}],"wp:attachment":[{"href":"https:\/\/dev.klb-koetztal.de\/fr\/wp-json\/wp\/v2\/media?parent=47805"}],"curies":[{"name":"wp","href":"https:\/\/api.w.org\/{rel}","templated":true}]}}