{"id":47801,"date":"2022-02-17T11:54:29","date_gmt":"2022-02-17T10:54:29","guid":{"rendered":"https:\/\/www.klb-koetztal.de\/?page_id=47801"},"modified":"2023-01-20T09:52:22","modified_gmt":"2023-01-20T08:52:22","slug":"credits-photos","status":"publish","type":"page","link":"https:\/\/dev.klb-koetztal.de\/fr\/credits-photos\/","title":{"rendered":"Cr\u00e9dits photos"},"content":{"rendered":"","protected":false},"excerpt":{"rendered":"","protected":false},"author":13,"featured_media":0,"parent":0,"menu_order":62,"comment_status":"closed","ping_status":"closed","template":"page-templates\/page-builder.php","meta":{"_acf_changed":false,"footnotes":""},"class_list":["post-47801","page","type-page","status-publish","hentry"],"acf":{"page_builder":[{"acf_fc_layout":"module_grid_text","module_grid_text":{"":null,"prototype_headline":{"headline":"Note de source s\u00e9par\u00e9e pour les photos affich\u00e9es sur le site web","h1":true,"subheadline":"","anchor":"","url":""},"slider":false,"content":[{"text":"<h4>Adobe Stock<\/h4>\n<p>\u00a9 334560596, AA+W<\/p>\n<p><span class=\"TextRun SCXW193303013 BCX7\" lang=\"DE-DE\" xml:lang=\"DE-DE\" data-contrast=\"auto\"><span class=\"NormalTextRun SCXW193303013 BCX7\">\u00a9<\/span><\/span><span class=\"TextRun SCXW193303013 BCX7\" lang=\"DE-DE\" xml:lang=\"DE-DE\" data-contrast=\"auto\"><span class=\"NormalTextRun SCXW193303013 BCX7\"> 64149085,\u00a0<\/span><\/span><span class=\"TextRun SCXW193303013 BCX7\" lang=\"DE-DE\" xml:lang=\"DE-DE\" data-contrast=\"auto\"><span class=\"SpellingError SCXW193303013 BCX7\">Coloures<\/span><\/span><span class=\"TextRun SCXW193303013 BCX7\" lang=\"DE-DE\" xml:lang=\"DE-DE\" data-contrast=\"auto\"><span class=\"NormalTextRun SCXW193303013 BCX7\">-Pic<\/span><\/span><span class=\"EOP SCXW193303013 BCX7\" data-ccp-props=\"{&quot;335551550&quot;:1,&quot;335551620&quot;:1,&quot;335559740&quot;:259}\">\u00a0<\/span><\/p>\n<p>\u00a9 232502469, DifferR<\/p>\n<p>\u00a9 291537802, russell witherington<\/p>\n<p>\u00a9 180810215, ekaphon<\/p>\n<p>\u00a9 324673753, eliahinsomnia<\/p>\n<p>\u00a9 86504355, cleaky<\/p>\n<p>\u00a9 141921236, Mulderphoto<\/p>\n<p>\u00a9 223193076, industrieblick<\/p>\n<p>\u00a9 58974863, industrieblick<\/p>\n<p>\u00a9 240748821, Gorodenkoff<\/p>\n<p>\u00a9 252201477, Anke Thomass<\/p>\n<p>\u00a9 158876700, lembergvector<\/p>\n<p>\u00a9 334560596, AA+W<\/p>\n<p>\u00a9 102922245, contrastwerkstatt<\/p>\n<p>\u00a9 279801226, Drazen<\/p>\n<p>\u00a9 271681234, pikselstock<\/p>\n<p>\u00a9 103754394, Arcady<\/p>\n","width":"4","background_color_text":"bg-none","border_color":"border-none"},{"text":"<h4>iStock<\/h4>\n<p>\u00a9 1093846374, baona<\/p>\n<p>\u00a9 538617741, RainerPlendl<\/p>\n<p>\u00a9 1039705312, industryview<\/p>\n<p>\u00a9 539948780, nerminmuminovic<\/p>\n<p>\u00a9 179550755, piovesempre<\/p>\n<p>\u00a9 480986849, YinYang<\/p>\n<p>\u00a9 174408065, Mego-studio<\/p>\n<p>&nbsp;<\/p>\n<p><strong>Envato Elements<\/strong><\/p>\n<p>\u00a9 semi-truck-with-trailer-PJRZ2RE, stevanovicigor<\/p>\n","width":"4","background_color_text":"bg-none","border_color":"border-none"},{"text":"<div class=\"grid-text col-md-6 col-lg-4\">\n<div class=\"bg-none border-none\">\n<h4>Getty-Images<\/h4>\n<p>\u00a9 96370265, jkitan<\/p>\n<p>\u00a9 1151103592, Ning Li<\/p>\n<p><span class=\"TextRun BCX7 SCXW232748783\" lang=\"DE-DE\" xml:lang=\"DE-DE\" data-contrast=\"auto\"><span class=\"NormalTextRun BCX7 SCXW232748783\">\u00a9 1147246590<\/span><\/span><span class=\"TextRun BCX7 SCXW232748783\" lang=\"DE-DE\" xml:lang=\"DE-DE\" data-contrast=\"auto\"><span class=\"NormalTextRun BCX7 SCXW232748783\">,\u00a0<\/span><\/span><span class=\"TextRun BCX7 SCXW232748783\" lang=\"DE-DE\" xml:lang=\"DE-DE\" data-contrast=\"auto\"><span class=\"SpellingError BCX7 SCXW232748783\">Ning<\/span><\/span><span class=\"TextRun BCX7 SCXW232748783\" lang=\"DE-DE\" xml:lang=\"DE-DE\" data-contrast=\"auto\"><span class=\"NormalTextRun BCX7 SCXW232748783\">\u00a0Li<\/span><\/span><\/p>\n<p>\u00a9 183360962, jkitan<\/p>\n<p>\u00a9 674982405, Miguel Navarro<\/p>\n<p>\u00a9 900256746, Westend61<\/p>\n<\/div>\n<\/div>\n","width":"4","background_color_text":"bg-none","border_color":"border-none"}],"match_height":false,"vertical_align":false,"share_buttons":false,"background_color":"bg-none","background_color_content":"bg-none"}}]},"yoast_head":"<!-- This site is optimized with the Yoast SEO plugin v27.0 - https:\/\/yoast.com\/product\/yoast-seo-wordpress\/ -->\n<title>Notes de source de tous les cr\u00e9dits photos - KLB K\u00f6tztal<\/title>\n<meta name=\"description\" content=\"Un aper\u00e7u de tous les droits d&#039;image. en outre, laissez-vous inspirer par une vari\u00e9t\u00e9 de syst\u00e8mes de rev\u00eatement et trouvez votre sol parfait.\" \/>\n<meta name=\"robots\" content=\"noindex, follow, max-snippet:-1, max-image-preview:large, max-video-preview:-1\" \/>\n<meta property=\"og:locale\" content=\"fr_FR\" \/>\n<meta property=\"og:type\" content=\"article\" \/>\n<meta property=\"og:title\" content=\"Notes de source de tous les cr\u00e9dits photos - KLB K\u00f6tztal\" \/>\n<meta property=\"og:description\" content=\"Un aper\u00e7u de tous les droits d&#039;image. en outre, laissez-vous inspirer par une vari\u00e9t\u00e9 de syst\u00e8mes de rev\u00eatement et trouvez votre sol parfait.\" \/>\n<meta property=\"og:url\" content=\"https:\/\/dev.klb-koetztal.de\/fr\/credits-photos\/\" \/>\n<meta property=\"og:site_name\" content=\"KLB K\u00f6tztal\" \/>\n<meta property=\"article:publisher\" content=\"https:\/\/www.facebook.com\/klbkoetztal\" \/>\n<meta property=\"article:modified_time\" content=\"2023-01-20T08:52:22+00:00\" \/>\n<meta name=\"twitter:card\" content=\"summary_large_image\" \/>\n<script type=\"application\/ld+json\" class=\"yoast-schema-graph\">{\"@context\":\"https:\/\/schema.org\",\"@graph\":[{\"@type\":\"WebPage\",\"@id\":\"https:\/\/dev.klb-koetztal.de\/fr\/credits-photos\/\",\"url\":\"https:\/\/dev.klb-koetztal.de\/fr\/credits-photos\/\",\"name\":\"Notes de source de tous les cr\u00e9dits photos - KLB K\u00f6tztal\",\"isPartOf\":{\"@id\":\"https:\/\/dev.klb-koetztal.de\/fr\/#website\"},\"datePublished\":\"2022-02-17T10:54:29+00:00\",\"dateModified\":\"2023-01-20T08:52:22+00:00\",\"description\":\"Un aper\u00e7u de tous les droits d'image. en outre, laissez-vous inspirer par une vari\u00e9t\u00e9 de syst\u00e8mes de rev\u00eatement et trouvez votre sol parfait.\",\"breadcrumb\":{\"@id\":\"https:\/\/dev.klb-koetztal.de\/fr\/credits-photos\/#breadcrumb\"},\"inLanguage\":\"fr-FR\",\"potentialAction\":[{\"@type\":\"ReadAction\",\"target\":[\"https:\/\/dev.klb-koetztal.de\/fr\/credits-photos\/\"]}]},{\"@type\":\"BreadcrumbList\",\"@id\":\"https:\/\/dev.klb-koetztal.de\/fr\/credits-photos\/#breadcrumb\",\"itemListElement\":[{\"@type\":\"ListItem\",\"position\":1,\"name\":\"Startseite\",\"item\":\"https:\/\/dev.klb-koetztal.de\/fr\/\"},{\"@type\":\"ListItem\",\"position\":2,\"name\":\"Cr\u00e9dits photos\"}]},{\"@type\":\"WebSite\",\"@id\":\"https:\/\/dev.klb-koetztal.de\/fr\/#website\",\"url\":\"https:\/\/dev.klb-koetztal.de\/fr\/\",\"name\":\"KLB K\u00f6tztal\",\"description\":\"Gute B\u00f6den haben ein System.\",\"potentialAction\":[{\"@type\":\"SearchAction\",\"target\":{\"@type\":\"EntryPoint\",\"urlTemplate\":\"https:\/\/dev.klb-koetztal.de\/fr\/?s={search_term_string}\"},\"query-input\":{\"@type\":\"PropertyValueSpecification\",\"valueRequired\":true,\"valueName\":\"search_term_string\"}}],\"inLanguage\":\"fr-FR\"}]}<\/script>\n<!-- \/ Yoast SEO plugin. -->","yoast_head_json":{"title":"Notes de source de tous les cr\u00e9dits photos - KLB K\u00f6tztal","description":"Un aper\u00e7u de tous les droits d'image. en outre, laissez-vous inspirer par une vari\u00e9t\u00e9 de syst\u00e8mes de rev\u00eatement et trouvez votre sol parfait.","robots":{"index":"noindex","follow":"follow","max-snippet":"max-snippet:-1","max-image-preview":"max-image-preview:large","max-video-preview":"max-video-preview:-1"},"og_locale":"fr_FR","og_type":"article","og_title":"Notes de source de tous les cr\u00e9dits photos - KLB K\u00f6tztal","og_description":"Un aper\u00e7u de tous les droits d'image. en outre, laissez-vous inspirer par une vari\u00e9t\u00e9 de syst\u00e8mes de rev\u00eatement et trouvez votre sol parfait.","og_url":"https:\/\/dev.klb-koetztal.de\/fr\/credits-photos\/","og_site_name":"KLB K\u00f6tztal","article_publisher":"https:\/\/www.facebook.com\/klbkoetztal","article_modified_time":"2023-01-20T08:52:22+00:00","twitter_card":"summary_large_image","schema":{"@context":"https:\/\/schema.org","@graph":[{"@type":"WebPage","@id":"https:\/\/dev.klb-koetztal.de\/fr\/credits-photos\/","url":"https:\/\/dev.klb-koetztal.de\/fr\/credits-photos\/","name":"Notes de source de tous les cr\u00e9dits photos - KLB K\u00f6tztal","isPartOf":{"@id":"https:\/\/dev.klb-koetztal.de\/fr\/#website"},"datePublished":"2022-02-17T10:54:29+00:00","dateModified":"2023-01-20T08:52:22+00:00","description":"Un aper\u00e7u de tous les droits d'image. en outre, laissez-vous inspirer par une vari\u00e9t\u00e9 de syst\u00e8mes de rev\u00eatement et trouvez votre sol parfait.","breadcrumb":{"@id":"https:\/\/dev.klb-koetztal.de\/fr\/credits-photos\/#breadcrumb"},"inLanguage":"fr-FR","potentialAction":[{"@type":"ReadAction","target":["https:\/\/dev.klb-koetztal.de\/fr\/credits-photos\/"]}]},{"@type":"BreadcrumbList","@id":"https:\/\/dev.klb-koetztal.de\/fr\/credits-photos\/#breadcrumb","itemListElement":[{"@type":"ListItem","position":1,"name":"Startseite","item":"https:\/\/dev.klb-koetztal.de\/fr\/"},{"@type":"ListItem","position":2,"name":"Cr\u00e9dits photos"}]},{"@type":"WebSite","@id":"https:\/\/dev.klb-koetztal.de\/fr\/#website","url":"https:\/\/dev.klb-koetztal.de\/fr\/","name":"KLB K\u00f6tztal","description":"Gute B\u00f6den haben ein System.","potentialAction":[{"@type":"SearchAction","target":{"@type":"EntryPoint","urlTemplate":"https:\/\/dev.klb-koetztal.de\/fr\/?s={search_term_string}"},"query-input":{"@type":"PropertyValueSpecification","valueRequired":true,"valueName":"search_term_string"}}],"inLanguage":"fr-FR"}]}},"_links":{"self":[{"href":"https:\/\/dev.klb-koetztal.de\/fr\/wp-json\/wp\/v2\/pages\/47801","targetHints":{"allow":["GET"]}}],"collection":[{"href":"https:\/\/dev.klb-koetztal.de\/fr\/wp-json\/wp\/v2\/pages"}],"about":[{"href":"https:\/\/dev.klb-koetztal.de\/fr\/wp-json\/wp\/v2\/types\/page"}],"author":[{"embeddable":true,"href":"https:\/\/dev.klb-koetztal.de\/fr\/wp-json\/wp\/v2\/users\/13"}],"replies":[{"embeddable":true,"href":"https:\/\/dev.klb-koetztal.de\/fr\/wp-json\/wp\/v2\/comments?post=47801"}],"version-history":[{"count":0,"href":"https:\/\/dev.klb-koetztal.de\/fr\/wp-json\/wp\/v2\/pages\/47801\/revisions"}],"wp:attachment":[{"href":"https:\/\/dev.klb-koetztal.de\/fr\/wp-json\/wp\/v2\/media?parent=47801"}],"curies":[{"name":"wp","href":"https:\/\/api.w.org\/{rel}","templated":true}]}}