{"id":47792,"date":"2022-02-17T11:54:03","date_gmt":"2022-02-17T10:54:03","guid":{"rendered":"https:\/\/www.klb-koetztal.de\/?page_id=47792"},"modified":"2025-03-24T09:24:03","modified_gmt":"2025-03-24T08:24:03","slug":"produits-applications-utiles","status":"publish","type":"page","link":"https:\/\/dev.klb-koetztal.de\/fr\/produits-applications-utiles\/","title":{"rendered":"Produits &#038; Applications utiles"},"content":{"rendered":"","protected":false},"excerpt":{"rendered":"","protected":false},"author":13,"featured_media":0,"parent":0,"menu_order":29,"comment_status":"closed","ping_status":"closed","template":"page-templates\/page-builder.php","meta":{"_acf_changed":false,"footnotes":""},"class_list":["post-47792","page","type-page","status-publish","hentry"],"acf":{"page_builder":[{"acf_fc_layout":"module_call_to_action","module_call_to_action":{"":null,"headline_group":{"prototype_headline":{"headline":"","h1":false,"subheadline":"","anchor":"","url":null}},"call_to_action_elements":[{"element":"product_finder"},{"element":"system_finder"},{"element":"system_comparison"},{"element":"announce"},{"element":"floor_designer"}],"layout":"big","background_color":"bg-white","background_color_content":"bg-gray-light"}},{"acf_fc_layout":"module_posts","module_posts":{"":null,"prototype_headline":{"headline":"Pour que tout se passe bien","h1":false,"subheadline":"Vous trouverez ci-dessous nos guides d'utilisation et des instructions pas \u00e0 pas pour travailler de mani\u00e8re optimale avec les sols KLB.","anchor":"comment-faire","url":""},"type":"posts","taxonomy":null,"filter_taxonomy":false,"terms":false,"posts":[{"ID":47508,"post_author":"13","post_date":"2020-05-22 16:14:07","post_date_gmt":"2020-05-22 14:14:07","post_content":"","post_title":"Recommandations de nettoyage pour les sols commerciaux et industriels","post_excerpt":"Nous pouvons vous donner les conseils suivants pour le nettoyage et l'entretien de nos rev\u00eatements en r\u00e9sine r\u00e9active.","post_status":"publish","comment_status":"closed","ping_status":"closed","post_password":"","post_name":"nettoyage-entretien-sols-industriel-commercial","to_ping":"","pinged":"","post_modified":"2022-11-24 10:45:15","post_modified_gmt":"2022-11-24 09:45:15","post_content_filtered":"","post_parent":0,"guid":"https:\/\/www.klb-koetztal.de\/?post_type=howto&#038;p=47508","menu_order":22,"post_type":"howto","post_mime_type":"","comment_count":"0","filter":"raw"},{"ID":51444,"post_author":"17","post_date":"2022-08-04 14:23:51","post_date_gmt":"2022-08-04 12:23:51","post_content":"","post_title":"Recommandations de nettoyage pour les sols conducteurs","post_excerpt":"Pour que votre sol soit beau \u00e0 long terme, un nettoyage coordonn\u00e9 est n\u00e9cessaire.","post_status":"publish","comment_status":"closed","ping_status":"closed","post_password":"","post_name":"recommandations-de-nettoyage-pour-revetements-conducteurs","to_ping":"","pinged":"","post_modified":"2022-11-24 10:44:41","post_modified_gmt":"2022-11-24 09:44:41","post_content_filtered":"","post_parent":0,"guid":"https:\/\/www.klb-koetztal.de\/?post_type=howto&#038;p=51444","menu_order":26,"post_type":"howto","post_mime_type":"","comment_count":"0","filter":"raw"},{"ID":47507,"post_author":"13","post_date":"2020-05-22 16:14:18","post_date_gmt":"2020-05-22 14:14:18","post_content":"","post_title":"Recommandations de nettoyage pour les rev\u00eatements en gravillons quartz et marbre d\u00e9coratifs","post_excerpt":"Pour que votre sol soit beau \u00e0 long terme, un nettoyage coordonn\u00e9 est n\u00e9cessaire.","post_status":"publish","comment_status":"closed","ping_status":"closed","post_password":"","post_name":"nettoyage-entretien-revetements-marbre-gravillons-quartz","to_ping":"","pinged":"","post_modified":"2022-11-24 10:44:56","post_modified_gmt":"2022-11-24 09:44:56","post_content_filtered":"","post_parent":0,"guid":"https:\/\/www.klb-koetztal.de\/?post_type=howto&#038;p=47507","menu_order":27,"post_type":"howto","post_mime_type":"","comment_count":"0","filter":"raw"},{"ID":64315,"post_author":"17","post_date":"2025-03-24 09:21:51","post_date_gmt":"2025-03-24 08:21:51","post_content":"","post_title":"Recommandations de nettoyage pour les espaces r\u00e9sidentiels","post_excerpt":"Nous pouvons vous donner les conseils suivants pour le nettoyage et l'entretien de rev\u00eatements d\u00e9coratifs en PU ou EP dans les domaines priv\u00e9s.","post_status":"publish","comment_status":"closed","ping_status":"closed","post_password":"","post_name":"recommandations-de-nettoyage-espaces-residentiels","to_ping":"","pinged":"","post_modified":"2025-03-24 09:21:51","post_modified_gmt":"2025-03-24 08:21:51","post_content_filtered":"","post_parent":0,"guid":"https:\/\/www.klb-koetztal.de\/?post_type=howto&#038;p=64315","menu_order":5,"post_type":"howto","post_mime_type":"","comment_count":"0","filter":"raw"},{"ID":54125,"post_author":"17","post_date":"2022-11-28 08:05:00","post_date_gmt":"2022-11-28 07:05:00","post_content":"","post_title":"Recommandations de nettoyage pour les rev\u00eatements trait\u00e9s avec FLOOR SEALER","post_excerpt":"Pour conserver durablement l'aspect et la beaut\u00e9 des rev\u00eatements r\u00e9nov\u00e9s avec FLOOR SEALER, nous accordons une grande importance aux m\u00e9thodes et aux produits de nettoyage adapt\u00e9s.","post_status":"publish","comment_status":"closed","ping_status":"closed","post_password":"","post_name":"recommandations-de-nettoyage-pour-les-revetements-traites-avec-floor-sealer","to_ping":"","pinged":"","post_modified":"2022-11-28 08:17:21","post_modified_gmt":"2022-11-28 07:17:21","post_content_filtered":"","post_parent":0,"guid":"https:\/\/www.klb-koetztal.de\/?post_type=howto&#038;p=54125","menu_order":8,"post_type":"howto","post_mime_type":"","comment_count":"0","filter":"raw"},{"ID":54462,"post_author":"17","post_date":"2023-07-03 08:37:57","post_date_gmt":"2023-07-03 06:37:57","post_content":"","post_title":"Recommandations de nettoyage pour les rev\u00eatements de sol antid\u00e9rapants et structur\u00e9s dans l'industrie alimentaire","post_excerpt":"Un nettoyage correct et approfondi est un \u00e9l\u00e9ment essentiel de l'entretien continu des sols antid\u00e9rapants et structur\u00e9s dans l'industrie alimentaire, p.ex. dans les cuisines professionnelles, l'industrie des boissons, les abattoirs ou les boucheries.","post_status":"publish","comment_status":"closed","ping_status":"closed","post_password":"","post_name":"recommandation-de-nettoyage-pour-revetements-antiderapants-structures-industrie-alimentaire","to_ping":"","pinged":"","post_modified":"2024-06-12 09:42:20","post_modified_gmt":"2024-06-12 07:42:20","post_content_filtered":"","post_parent":0,"guid":"https:\/\/www.klb-koetztal.de\/?post_type=howto&#038;p=54462","menu_order":10,"post_type":"howto","post_mime_type":"","comment_count":"0","filter":"raw"},{"ID":58625,"post_author":"17","post_date":"2024-01-25 07:32:05","post_date_gmt":"2024-01-25 06:32:05","post_content":"","post_title":"Recommandations de nettoyage pour les rev\u00eatements pour les parkings \u00e0 \u00e9tages et souterrains","post_excerpt":"Le nettoyage et l'entretien continus des syst\u00e8mes de rev\u00eatement de KLB pour les surfaces accessibles et les aires de stationnement garantissent \u00e9galement la protection des \u00e9l\u00e9ments structurels.","post_status":"publish","comment_status":"closed","ping_status":"closed","post_password":"","post_name":"recommandation-nettoyage-revetements-pour-les-parkings","to_ping":"","pinged":"","post_modified":"2024-01-26 11:48:30","post_modified_gmt":"2024-01-26 10:48:30","post_content_filtered":"","post_parent":0,"guid":"https:\/\/www.klb-koetztal.de\/?post_type=howto&#038;p=58625","menu_order":13,"post_type":"howto","post_mime_type":"","comment_count":"0","filter":"raw"},{"ID":58622,"post_author":"17","post_date":"2024-01-26 11:43:50","post_date_gmt":"2024-01-26 10:43:50","post_content":"","post_title":"Recommandations de nettoyage pour les sols et murs min\u00e9raux et d\u00e9coratifs sans joints r\u00e9alis\u00e9s avec KLB-SYSTEM EC 450 DECOR","post_excerpt":"La surface lisse et dense des murs ou sols r\u00e9alis\u00e9s avec KLB-SYSTEM EC 450 DECOR est facile \u00e0 nettoyer. Afin de conserver l\u2019apparence visuelle de ces sols design, veuillez noter ces recommandations de nettoyage.","post_status":"publish","comment_status":"closed","ping_status":"closed","post_password":"","post_name":"recommandations-de-nettoyage-ec-450-decor","to_ping":"","pinged":"","post_modified":"2024-01-26 11:49:54","post_modified_gmt":"2024-01-26 10:49:54","post_content_filtered":"","post_parent":0,"guid":"https:\/\/www.klb-koetztal.de\/?post_type=howto&#038;p=58622","menu_order":16,"post_type":"howto","post_mime_type":"","comment_count":"0","filter":"raw"},{"ID":61988,"post_author":"13","post_date":"2024-08-05 10:26:32","post_date_gmt":"2024-08-05 08:26:32","post_content":"","post_title":"Recommandations de nettoyage pour les espaces sanitaires","post_excerpt":"Comme toute autre surface de sol, les rev\u00eatements sans joints dans les installations sanitaires sont \u00e0 nettoyer et entretenir de mani\u00e8re soigneuse afin qu'ils puissent r\u00e9pondre \u00e0 des exigences d'hygi\u00e8ne et de propret\u00e9 ainsi que de conserver longtemps leur aspect d'origine.","post_status":"publish","comment_status":"closed","ping_status":"closed","post_password":"","post_name":"recommandation-de-nettoyage-pour-les-espaces-sanitaires","to_ping":"","pinged":"","post_modified":"2024-08-05 10:30:01","post_modified_gmt":"2024-08-05 08:30:01","post_content_filtered":"","post_parent":0,"guid":"https:\/\/www.klb-koetztal.de\/?post_type=howto&#038;p=61988","menu_order":2,"post_type":"howto","post_mime_type":"","comment_count":"0","filter":"raw"},{"ID":47506,"post_author":"13","post_date":"2020-08-05 12:19:05","post_date_gmt":"2020-08-05 10:19:05","post_content":"","post_title":"Calcul des mat\u00e9riaux","post_excerpt":"C'est un simple guide permettant de calculer les quantit\u00e9s optimales de mat\u00e9riaux pour votre projet. ","post_status":"publish","comment_status":"closed","ping_status":"closed","post_password":"","post_name":"calcul-des-materiaux-quantites","to_ping":"","pinged":"","post_modified":"2022-03-31 16:20:21","post_modified_gmt":"2022-03-31 14:20:21","post_content_filtered":"","post_parent":0,"guid":"https:\/\/www.klb-koetztal.de\/?post_type=howto&#038;p=47506","menu_order":23,"post_type":"howto","post_mime_type":"","comment_count":"0","filter":"raw"},{"ID":47509,"post_author":"13","post_date":"2020-05-22 16:04:13","post_date_gmt":"2020-05-22 14:04:13","post_content":"","post_title":"Poser correctement le b\u00e9ton PU","post_excerpt":"Cette recommandation d'application peut aider tous les installateurs professionnels de rev\u00eatements en mortier PU-BETON de KLB \u00e0 choisir le syst\u00e8me adapt\u00e9 \u00e0 chacun de vos chantiers.","post_status":"publish","comment_status":"closed","ping_status":"closed","post_password":"","post_name":"poser-correctement-le-beton-pu","to_ping":"","pinged":"","post_modified":"2022-04-05 10:46:12","post_modified_gmt":"2022-04-05 08:46:12","post_content_filtered":"","post_parent":0,"guid":"https:\/\/www.klb-koetztal.de\/?post_type=howto&#038;p=47509","menu_order":33,"post_type":"howto","post_mime_type":"","comment_count":"0","filter":"raw"},{"ID":47510,"post_author":"13","post_date":"2020-05-22 16:08:37","post_date_gmt":"2020-05-22 14:08:37","post_content":"","post_title":"Comment ouvrir nos emballages","post_excerpt":"R\u00e9sistant \u00e0 toutes les charges de transport et de stockage - c'est la norme que nous avons fix\u00e9e pour nos emballages de produits KLB. Laissez-vous guider par les instructions graphiques qui vous montrent comment ouvrir nos conteneurs le plus facilement possible.","post_status":"publish","comment_status":"closed","ping_status":"closed","post_password":"","post_name":"comment-ouvrir-nos-emballages","to_ping":"","pinged":"","post_modified":"2022-04-05 10:46:54","post_modified_gmt":"2022-04-05 08:46:54","post_content_filtered":"","post_parent":0,"guid":"https:\/\/www.klb-koetztal.de\/?post_type=howto&#038;p=47510","menu_order":36,"post_type":"howto","post_mime_type":"","comment_count":"0","filter":"raw"}],"post_type":false,"post_per_page":"4","orderby":false,"sort":false,"button_text":"T\u00e9l\u00e9charger","button_target":true,"button_style":"btn-blue","background_color":"bg-gray-medium","background_color_content":"bg-none","button":"ajax","url":null,"text":"en plus","link_to_system_finder":""}},{"acf_fc_layout":"module_accordion","module_accordion":{"":null,"prototype_headline":{"headline":"T\u00e9l\u00e9chargements","h1":false,"subheadline":"Vous pouvez t\u00e9l\u00e9charger les documents les plus importants ici. Si l'information que vous souhaitez n'y figure pas, appelez-nous ou utilisez le formulaire de contact pour nous joindre.","anchor":"telechargements","url":""},"type":"taxonomy","taxonomy":"download_category","term":null,"post_per_page":"4","orderby":"date","sort":"DESC","button_text":"T\u00e9l\u00e9charger","button_target":true,"button_style":"btn-blue","background_color":"bg-gray-light","background_color_content":"bg-none","button":"ajax","url":null,"text":"en plus","vergleich-button":null,"link_to_system_finder":""}}]},"yoast_head":"<!-- This site is optimized with the Yoast SEO plugin v27.0 - https:\/\/yoast.com\/product\/yoast-seo-wordpress\/ -->\n<title>Produits et applications utiles - votre bo\u00eete \u00e0 outils - KLB K\u00f6tztal<\/title>\n<meta name=\"description\" content=\"D\u00e9couvrir nos produits et applications utiles, pr\u00e9cisez vos exigences et trouvez ainsi le rev\u00eatement adapt\u00e9 \u00e0 votre secteur d&#039;activit\u00e9.\" \/>\n<meta name=\"robots\" content=\"noindex, follow, max-snippet:-1, max-image-preview:large, max-video-preview:-1\" \/>\n<meta property=\"og:locale\" content=\"fr_FR\" \/>\n<meta property=\"og:type\" content=\"article\" \/>\n<meta property=\"og:title\" content=\"Produits et applications utiles - votre bo\u00eete \u00e0 outils - KLB K\u00f6tztal\" \/>\n<meta property=\"og:description\" content=\"D\u00e9couvrir nos produits et applications utiles, pr\u00e9cisez vos exigences et trouvez ainsi le rev\u00eatement adapt\u00e9 \u00e0 votre secteur d&#039;activit\u00e9.\" \/>\n<meta property=\"og:url\" content=\"https:\/\/dev.klb-koetztal.de\/fr\/produits-applications-utiles\/\" \/>\n<meta property=\"og:site_name\" content=\"KLB K\u00f6tztal\" \/>\n<meta property=\"article:publisher\" content=\"https:\/\/www.facebook.com\/klbkoetztal\" \/>\n<meta property=\"article:modified_time\" content=\"2025-03-24T08:24:03+00:00\" \/>\n<meta name=\"twitter:card\" content=\"summary_large_image\" \/>\n<script type=\"application\/ld+json\" class=\"yoast-schema-graph\">{\"@context\":\"https:\/\/schema.org\",\"@graph\":[{\"@type\":\"WebPage\",\"@id\":\"https:\/\/dev.klb-koetztal.de\/fr\/produits-applications-utiles\/\",\"url\":\"https:\/\/dev.klb-koetztal.de\/fr\/produits-applications-utiles\/\",\"name\":\"Produits et applications utiles - votre bo\u00eete \u00e0 outils - KLB K\u00f6tztal\",\"isPartOf\":{\"@id\":\"https:\/\/dev.klb-koetztal.de\/fr\/#website\"},\"datePublished\":\"2022-02-17T10:54:03+00:00\",\"dateModified\":\"2025-03-24T08:24:03+00:00\",\"description\":\"D\u00e9couvrir nos produits et applications utiles, pr\u00e9cisez vos exigences et trouvez ainsi le rev\u00eatement adapt\u00e9 \u00e0 votre secteur d'activit\u00e9.\",\"breadcrumb\":{\"@id\":\"https:\/\/dev.klb-koetztal.de\/fr\/produits-applications-utiles\/#breadcrumb\"},\"inLanguage\":\"fr-FR\",\"potentialAction\":[{\"@type\":\"ReadAction\",\"target\":[\"https:\/\/dev.klb-koetztal.de\/fr\/produits-applications-utiles\/\"]}]},{\"@type\":\"BreadcrumbList\",\"@id\":\"https:\/\/dev.klb-koetztal.de\/fr\/produits-applications-utiles\/#breadcrumb\",\"itemListElement\":[{\"@type\":\"ListItem\",\"position\":1,\"name\":\"Startseite\",\"item\":\"https:\/\/dev.klb-koetztal.de\/fr\/\"},{\"@type\":\"ListItem\",\"position\":2,\"name\":\"Produits &#038; Applications utiles\"}]},{\"@type\":\"WebSite\",\"@id\":\"https:\/\/dev.klb-koetztal.de\/fr\/#website\",\"url\":\"https:\/\/dev.klb-koetztal.de\/fr\/\",\"name\":\"KLB K\u00f6tztal\",\"description\":\"Gute B\u00f6den haben ein System.\",\"potentialAction\":[{\"@type\":\"SearchAction\",\"target\":{\"@type\":\"EntryPoint\",\"urlTemplate\":\"https:\/\/dev.klb-koetztal.de\/fr\/?s={search_term_string}\"},\"query-input\":{\"@type\":\"PropertyValueSpecification\",\"valueRequired\":true,\"valueName\":\"search_term_string\"}}],\"inLanguage\":\"fr-FR\"}]}<\/script>\n<!-- \/ Yoast SEO plugin. -->","yoast_head_json":{"title":"Produits et applications utiles - votre bo\u00eete \u00e0 outils - KLB K\u00f6tztal","description":"D\u00e9couvrir nos produits et applications utiles, pr\u00e9cisez vos exigences et trouvez ainsi le rev\u00eatement adapt\u00e9 \u00e0 votre secteur d'activit\u00e9.","robots":{"index":"noindex","follow":"follow","max-snippet":"max-snippet:-1","max-image-preview":"max-image-preview:large","max-video-preview":"max-video-preview:-1"},"og_locale":"fr_FR","og_type":"article","og_title":"Produits et applications utiles - votre bo\u00eete \u00e0 outils - KLB K\u00f6tztal","og_description":"D\u00e9couvrir nos produits et applications utiles, pr\u00e9cisez vos exigences et trouvez ainsi le rev\u00eatement adapt\u00e9 \u00e0 votre secteur d'activit\u00e9.","og_url":"https:\/\/dev.klb-koetztal.de\/fr\/produits-applications-utiles\/","og_site_name":"KLB K\u00f6tztal","article_publisher":"https:\/\/www.facebook.com\/klbkoetztal","article_modified_time":"2025-03-24T08:24:03+00:00","twitter_card":"summary_large_image","schema":{"@context":"https:\/\/schema.org","@graph":[{"@type":"WebPage","@id":"https:\/\/dev.klb-koetztal.de\/fr\/produits-applications-utiles\/","url":"https:\/\/dev.klb-koetztal.de\/fr\/produits-applications-utiles\/","name":"Produits et applications utiles - votre bo\u00eete \u00e0 outils - KLB K\u00f6tztal","isPartOf":{"@id":"https:\/\/dev.klb-koetztal.de\/fr\/#website"},"datePublished":"2022-02-17T10:54:03+00:00","dateModified":"2025-03-24T08:24:03+00:00","description":"D\u00e9couvrir nos produits et applications utiles, pr\u00e9cisez vos exigences et trouvez ainsi le rev\u00eatement adapt\u00e9 \u00e0 votre secteur d'activit\u00e9.","breadcrumb":{"@id":"https:\/\/dev.klb-koetztal.de\/fr\/produits-applications-utiles\/#breadcrumb"},"inLanguage":"fr-FR","potentialAction":[{"@type":"ReadAction","target":["https:\/\/dev.klb-koetztal.de\/fr\/produits-applications-utiles\/"]}]},{"@type":"BreadcrumbList","@id":"https:\/\/dev.klb-koetztal.de\/fr\/produits-applications-utiles\/#breadcrumb","itemListElement":[{"@type":"ListItem","position":1,"name":"Startseite","item":"https:\/\/dev.klb-koetztal.de\/fr\/"},{"@type":"ListItem","position":2,"name":"Produits &#038; Applications utiles"}]},{"@type":"WebSite","@id":"https:\/\/dev.klb-koetztal.de\/fr\/#website","url":"https:\/\/dev.klb-koetztal.de\/fr\/","name":"KLB K\u00f6tztal","description":"Gute B\u00f6den haben ein System.","potentialAction":[{"@type":"SearchAction","target":{"@type":"EntryPoint","urlTemplate":"https:\/\/dev.klb-koetztal.de\/fr\/?s={search_term_string}"},"query-input":{"@type":"PropertyValueSpecification","valueRequired":true,"valueName":"search_term_string"}}],"inLanguage":"fr-FR"}]}},"_links":{"self":[{"href":"https:\/\/dev.klb-koetztal.de\/fr\/wp-json\/wp\/v2\/pages\/47792","targetHints":{"allow":["GET"]}}],"collection":[{"href":"https:\/\/dev.klb-koetztal.de\/fr\/wp-json\/wp\/v2\/pages"}],"about":[{"href":"https:\/\/dev.klb-koetztal.de\/fr\/wp-json\/wp\/v2\/types\/page"}],"author":[{"embeddable":true,"href":"https:\/\/dev.klb-koetztal.de\/fr\/wp-json\/wp\/v2\/users\/13"}],"replies":[{"embeddable":true,"href":"https:\/\/dev.klb-koetztal.de\/fr\/wp-json\/wp\/v2\/comments?post=47792"}],"version-history":[{"count":0,"href":"https:\/\/dev.klb-koetztal.de\/fr\/wp-json\/wp\/v2\/pages\/47792\/revisions"}],"wp:attachment":[{"href":"https:\/\/dev.klb-koetztal.de\/fr\/wp-json\/wp\/v2\/media?parent=47792"}],"curies":[{"name":"wp","href":"https:\/\/api.w.org\/{rel}","templated":true}]}}