{"id":47314,"date":"2022-02-17T11:54:02","date_gmt":"2022-02-17T10:54:02","guid":{"rendered":"https:\/\/www.klb-koetztal.de\/?page_id=47314"},"modified":"2023-01-20T09:43:50","modified_gmt":"2023-01-20T08:43:50","slug":"domaines-d-application","status":"publish","type":"page","link":"https:\/\/dev.klb-koetztal.de\/fr\/domaines-d-application\/","title":{"rendered":"Domaines d&rsquo;application"},"content":{"rendered":"","protected":false},"excerpt":{"rendered":"","protected":false},"author":13,"featured_media":0,"parent":0,"menu_order":23,"comment_status":"closed","ping_status":"closed","template":"page-templates\/page-builder.php","meta":{"_acf_changed":false,"footnotes":""},"class_list":["post-47314","page","type-page","status-publish","hentry"],"acf":{"header":{"module_header":{"":null,"slider":false,"scroll_down_icon":true,"overlapping_content":false,"anchor":""}},"grid":{"module_grid_text":{"":null,"prototype_headline":{"headline":"","h1":false,"subheadline":"","anchor":"","url":""},"slider":false,"content":false,"match_height":false,"vertical_align":false,"share_buttons":false,"background_color":"bg-none","background_color_content":"bg-none"}},"grid_eight":{"module_grid_text":{"":null,"prototype_headline":{"headline":"","h1":false,"subheadline":"","anchor":"","url":""},"slider":false,"content":false,"match_height":false,"vertical_align":false,"share_buttons":false,"background_color":"bg-none","background_color_content":"bg-none"}},"grid_nine":{"module_grid_text":{"":null,"prototype_headline":{"headline":"","h1":false,"subheadline":"","anchor":"","url":""},"slider":false,"content":false,"match_height":false,"vertical_align":false,"share_buttons":false,"background_color":"bg-none","background_color_content":"bg-none"}},"grid_two":{"module_grid_text":{"":null,"prototype_headline":{"headline":"","h1":false,"subheadline":"","anchor":"","url":""},"slider":false,"content":false,"match_height":false,"vertical_align":false,"share_buttons":false,"background_color":"bg-none","background_color_content":"bg-none"}},"grid_three":{"module_grid_text":{"":null,"prototype_headline":{"headline":"","h1":false,"subheadline":"","anchor":"","url":""},"slider":false,"content":false,"match_height":false,"vertical_align":false,"share_buttons":false,"background_color":"bg-none","background_color_content":"bg-none"}},"grid_four":{"module_grid_text":{"":null,"prototype_headline":{"headline":"","h1":false,"subheadline":"","anchor":"","url":""},"slider":false,"content":false,"match_height":false,"vertical_align":false,"share_buttons":false,"background_color":"bg-none","background_color_content":"bg-none"}},"grid_five":{"module_grid_text":{"":null,"prototype_headline":{"headline":"","h1":false,"subheadline":"","anchor":"","url":""},"slider":false,"content":false,"match_height":false,"vertical_align":false,"share_buttons":false,"background_color":"bg-none","background_color_content":"bg-none"}},"header_two":{"module_header":{"":null,"slider":false,"scroll_down_icon":true,"overlapping_content":false,"anchor":""}},"grid_six":{"module_grid_text":{"":null,"prototype_headline":{"headline":"","h1":false,"subheadline":"","anchor":"","url":""},"slider":false,"content":false,"match_height":false,"vertical_align":false,"share_buttons":false,"background_color":"bg-none","background_color_content":"bg-none"}},"grid_seven":{"module_grid_text":{"":null,"prototype_headline":{"headline":"","h1":false,"subheadline":"","anchor":"","url":""},"slider":false,"content":false,"match_height":false,"vertical_align":false,"share_buttons":false,"background_color":"bg-none","background_color_content":"bg-none"}},"page_builder":[{"acf_fc_layout":"module_category","module_category":{"":null,"prototype_headline":{"headline":"Domaines d'application","h1":true,"subheadline":"Les sols en r\u00e9sine r\u00e9active sont aussi divers que les domaines dans lesquels ils sont utilis\u00e9s. Soit qu'il doit r\u00e9pondre aux normes d'hygi\u00e8ne ou \u00eatre particuli\u00e8rement r\u00e9sistant \u2013 nous avons le syst\u00e8me adapt\u00e9 \u00e0 chaque besoin.","anchor":"","url":""},"type":"taxonomy","taxonomy":"systems_category","term":null,"background_color":"bg-gray-dark","background_color_content":"bg-none","items_per_row":"3","button_style":"btn-blue"}}]},"yoast_head":"<!-- This site is optimized with the Yoast SEO plugin v27.0 - https:\/\/yoast.com\/product\/yoast-seo-wordpress\/ -->\n<title>Domaines d&#039;application pour les rev\u00eatements de sol - KLB K\u00f6tztal<\/title>\n<meta name=\"description\" content=\"KLB a le rev\u00eatement de sol \u00e0 base de r\u00e9sine r\u00e9active qui convient \u00e0 chaque exigence, quel que soit le domaine d&#039;application.\" \/>\n<meta name=\"robots\" content=\"noindex, follow, max-snippet:-1, max-image-preview:large, max-video-preview:-1\" \/>\n<meta property=\"og:locale\" content=\"fr_FR\" \/>\n<meta property=\"og:type\" content=\"article\" \/>\n<meta property=\"og:title\" content=\"Domaines d&#039;application pour les rev\u00eatements de sol - KLB K\u00f6tztal\" \/>\n<meta property=\"og:description\" content=\"KLB a le rev\u00eatement de sol \u00e0 base de r\u00e9sine r\u00e9active qui convient \u00e0 chaque exigence, quel que soit le domaine d&#039;application.\" \/>\n<meta property=\"og:url\" content=\"https:\/\/dev.klb-koetztal.de\/fr\/domaines-d-application\/\" \/>\n<meta property=\"og:site_name\" content=\"KLB K\u00f6tztal\" \/>\n<meta property=\"article:publisher\" content=\"https:\/\/www.facebook.com\/klbkoetztal\" \/>\n<meta property=\"article:modified_time\" content=\"2023-01-20T08:43:50+00:00\" \/>\n<meta name=\"twitter:card\" content=\"summary_large_image\" \/>\n<script type=\"application\/ld+json\" class=\"yoast-schema-graph\">{\"@context\":\"https:\/\/schema.org\",\"@graph\":[{\"@type\":\"WebPage\",\"@id\":\"https:\/\/dev.klb-koetztal.de\/fr\/domaines-d-application\/\",\"url\":\"https:\/\/dev.klb-koetztal.de\/fr\/domaines-d-application\/\",\"name\":\"Domaines d'application pour les rev\u00eatements de sol - KLB K\u00f6tztal\",\"isPartOf\":{\"@id\":\"https:\/\/dev.klb-koetztal.de\/fr\/#website\"},\"datePublished\":\"2022-02-17T10:54:02+00:00\",\"dateModified\":\"2023-01-20T08:43:50+00:00\",\"description\":\"KLB a le rev\u00eatement de sol \u00e0 base de r\u00e9sine r\u00e9active qui convient \u00e0 chaque exigence, quel que soit le domaine d'application.\",\"breadcrumb\":{\"@id\":\"https:\/\/dev.klb-koetztal.de\/fr\/domaines-d-application\/#breadcrumb\"},\"inLanguage\":\"fr-FR\",\"potentialAction\":[{\"@type\":\"ReadAction\",\"target\":[\"https:\/\/dev.klb-koetztal.de\/fr\/domaines-d-application\/\"]}]},{\"@type\":\"BreadcrumbList\",\"@id\":\"https:\/\/dev.klb-koetztal.de\/fr\/domaines-d-application\/#breadcrumb\",\"itemListElement\":[{\"@type\":\"ListItem\",\"position\":1,\"name\":\"Startseite\",\"item\":\"https:\/\/dev.klb-koetztal.de\/fr\/\"},{\"@type\":\"ListItem\",\"position\":2,\"name\":\"Domaines d&rsquo;application\"}]},{\"@type\":\"WebSite\",\"@id\":\"https:\/\/dev.klb-koetztal.de\/fr\/#website\",\"url\":\"https:\/\/dev.klb-koetztal.de\/fr\/\",\"name\":\"KLB K\u00f6tztal\",\"description\":\"Gute B\u00f6den haben ein System.\",\"potentialAction\":[{\"@type\":\"SearchAction\",\"target\":{\"@type\":\"EntryPoint\",\"urlTemplate\":\"https:\/\/dev.klb-koetztal.de\/fr\/?s={search_term_string}\"},\"query-input\":{\"@type\":\"PropertyValueSpecification\",\"valueRequired\":true,\"valueName\":\"search_term_string\"}}],\"inLanguage\":\"fr-FR\"}]}<\/script>\n<!-- \/ Yoast SEO plugin. -->","yoast_head_json":{"title":"Domaines d'application pour les rev\u00eatements de sol - KLB K\u00f6tztal","description":"KLB a le rev\u00eatement de sol \u00e0 base de r\u00e9sine r\u00e9active qui convient \u00e0 chaque exigence, quel que soit le domaine d'application.","robots":{"index":"noindex","follow":"follow","max-snippet":"max-snippet:-1","max-image-preview":"max-image-preview:large","max-video-preview":"max-video-preview:-1"},"og_locale":"fr_FR","og_type":"article","og_title":"Domaines d'application pour les rev\u00eatements de sol - KLB K\u00f6tztal","og_description":"KLB a le rev\u00eatement de sol \u00e0 base de r\u00e9sine r\u00e9active qui convient \u00e0 chaque exigence, quel que soit le domaine d'application.","og_url":"https:\/\/dev.klb-koetztal.de\/fr\/domaines-d-application\/","og_site_name":"KLB K\u00f6tztal","article_publisher":"https:\/\/www.facebook.com\/klbkoetztal","article_modified_time":"2023-01-20T08:43:50+00:00","twitter_card":"summary_large_image","schema":{"@context":"https:\/\/schema.org","@graph":[{"@type":"WebPage","@id":"https:\/\/dev.klb-koetztal.de\/fr\/domaines-d-application\/","url":"https:\/\/dev.klb-koetztal.de\/fr\/domaines-d-application\/","name":"Domaines d'application pour les rev\u00eatements de sol - KLB K\u00f6tztal","isPartOf":{"@id":"https:\/\/dev.klb-koetztal.de\/fr\/#website"},"datePublished":"2022-02-17T10:54:02+00:00","dateModified":"2023-01-20T08:43:50+00:00","description":"KLB a le rev\u00eatement de sol \u00e0 base de r\u00e9sine r\u00e9active qui convient \u00e0 chaque exigence, quel que soit le domaine d'application.","breadcrumb":{"@id":"https:\/\/dev.klb-koetztal.de\/fr\/domaines-d-application\/#breadcrumb"},"inLanguage":"fr-FR","potentialAction":[{"@type":"ReadAction","target":["https:\/\/dev.klb-koetztal.de\/fr\/domaines-d-application\/"]}]},{"@type":"BreadcrumbList","@id":"https:\/\/dev.klb-koetztal.de\/fr\/domaines-d-application\/#breadcrumb","itemListElement":[{"@type":"ListItem","position":1,"name":"Startseite","item":"https:\/\/dev.klb-koetztal.de\/fr\/"},{"@type":"ListItem","position":2,"name":"Domaines d&rsquo;application"}]},{"@type":"WebSite","@id":"https:\/\/dev.klb-koetztal.de\/fr\/#website","url":"https:\/\/dev.klb-koetztal.de\/fr\/","name":"KLB K\u00f6tztal","description":"Gute B\u00f6den haben ein System.","potentialAction":[{"@type":"SearchAction","target":{"@type":"EntryPoint","urlTemplate":"https:\/\/dev.klb-koetztal.de\/fr\/?s={search_term_string}"},"query-input":{"@type":"PropertyValueSpecification","valueRequired":true,"valueName":"search_term_string"}}],"inLanguage":"fr-FR"}]}},"_links":{"self":[{"href":"https:\/\/dev.klb-koetztal.de\/fr\/wp-json\/wp\/v2\/pages\/47314","targetHints":{"allow":["GET"]}}],"collection":[{"href":"https:\/\/dev.klb-koetztal.de\/fr\/wp-json\/wp\/v2\/pages"}],"about":[{"href":"https:\/\/dev.klb-koetztal.de\/fr\/wp-json\/wp\/v2\/types\/page"}],"author":[{"embeddable":true,"href":"https:\/\/dev.klb-koetztal.de\/fr\/wp-json\/wp\/v2\/users\/13"}],"replies":[{"embeddable":true,"href":"https:\/\/dev.klb-koetztal.de\/fr\/wp-json\/wp\/v2\/comments?post=47314"}],"version-history":[{"count":0,"href":"https:\/\/dev.klb-koetztal.de\/fr\/wp-json\/wp\/v2\/pages\/47314\/revisions"}],"wp:attachment":[{"href":"https:\/\/dev.klb-koetztal.de\/fr\/wp-json\/wp\/v2\/media?parent=47314"}],"curies":[{"name":"wp","href":"https:\/\/api.w.org\/{rel}","templated":true}]}}