{"id":21393,"date":"2020-05-13T15:43:13","date_gmt":"2020-05-13T13:43:13","guid":{"rendered":"http:\/\/beta.klbkoetztal.de\/bauherr\/"},"modified":"2022-03-15T14:55:37","modified_gmt":"2022-03-15T13:55:37","slug":"maitre-douvrage","status":"publish","type":"page","link":"https:\/\/dev.klb-koetztal.de\/fr\/maitre-douvrage\/","title":{"rendered":"Ma\u00eetre d&rsquo;ouvrage"},"content":{"rendered":"","protected":false},"excerpt":{"rendered":"","protected":false},"author":11,"featured_media":0,"parent":0,"menu_order":53,"comment_status":"closed","ping_status":"closed","template":"page-templates\/page-builder.php","meta":{"_acf_changed":false,"footnotes":""},"class_list":["post-21393","page","type-page","status-publish","hentry"],"acf":{"page_builder":[{"acf_fc_layout":"module_header","module_header":{"":null,"slider":[{"background_image":{"ID":1864,"id":1864,"title":"KLB_Bauherren_und_Planer_Partner_System","filename":"KLB_Bauherren_und_Planer_Partner_System.jpg","filesize":209210,"url":"https:\/\/dev.klb-koetztal.de\/app\/uploads\/2020\/05\/KLB_Bauherren_und_Planer_Partner_System.jpg","link":"https:\/\/dev.klb-koetztal.de\/fr\/maitre-douvrage\/klb_bauherren_und_planer_partner_system-2\/","alt":"Beschichtete Halle mit zwei Bauherren mit einem Plan in der Hand","author":"11","description":"","caption":"","name":"klb_bauherren_und_planer_partner_system-2","status":"inherit","uploaded_to":21393,"date":"2020-05-14 13:23:51","modified":"2021-07-05 09:34:25","menu_order":0,"mime_type":"image\/jpeg","type":"image","subtype":"jpeg","icon":"https:\/\/dev.klb-koetztal.de\/wp\/wp-includes\/images\/media\/default.png","width":2560,"height":1120,"sizes":{"thumbnail":"https:\/\/dev.klb-koetztal.de\/app\/uploads\/2020\/05\/KLB_Bauherren_und_Planer_Partner_System-150x150.jpg","thumbnail-width":150,"thumbnail-height":150,"medium":"https:\/\/dev.klb-koetztal.de\/app\/uploads\/2020\/05\/KLB_Bauherren_und_Planer_Partner_System-300x131.jpg","medium-width":300,"medium-height":131,"medium_large":"https:\/\/dev.klb-koetztal.de\/app\/uploads\/2020\/05\/KLB_Bauherren_und_Planer_Partner_System.jpg","medium_large-width":768,"medium_large-height":336,"large":"https:\/\/dev.klb-koetztal.de\/app\/uploads\/2020\/05\/KLB_Bauherren_und_Planer_Partner_System-1024x448.jpg","large-width":1024,"large-height":448,"1536x1536":"https:\/\/dev.klb-koetztal.de\/app\/uploads\/2020\/05\/KLB_Bauherren_und_Planer_Partner_System-1536x672.jpg","1536x1536-width":1536,"1536x1536-height":672,"2048x2048":"https:\/\/dev.klb-koetztal.de\/app\/uploads\/2020\/05\/KLB_Bauherren_und_Planer_Partner_System-2048x896.jpg","2048x2048-width":2048,"2048x2048-height":896,"woocommerce_thumbnail":"https:\/\/dev.klb-koetztal.de\/app\/uploads\/2020\/05\/KLB_Bauherren_und_Planer_Partner_System-300x300.jpg","woocommerce_thumbnail-width":300,"woocommerce_thumbnail-height":300,"woocommerce_single":"https:\/\/dev.klb-koetztal.de\/app\/uploads\/2020\/05\/KLB_Bauherren_und_Planer_Partner_System-600x263.jpg","woocommerce_single-width":600,"woocommerce_single-height":263,"woocommerce_gallery_thumbnail":"https:\/\/dev.klb-koetztal.de\/app\/uploads\/2020\/05\/KLB_Bauherren_und_Planer_Partner_System-100x100.jpg","woocommerce_gallery_thumbnail-width":100,"woocommerce_gallery_thumbnail-height":100}},"headline":"Toujours une solution forte et \u00e9conomique.","subheadline":"","headline_color":"text-color-black","button_link":"","button_text":""}],"scroll_down_icon":true,"overlapping_content":false,"anchor":""}},{"acf_fc_layout":"module_grid_text","module_grid_text":{"":null,"prototype_headline":{"headline":"KLB \u2013 un interlocuteur comp\u00e9tent pour les ma\u00eetres d'ouvrage","h1":true,"subheadline":"","anchor":"","url":""},"slider":false,"content":[{"text":"<p><strong>Des conseils professionnels<\/strong><\/p>\n<p>Un rev\u00eatement de sol est un investissement important. Pour qu&rsquo;il soit durable \u00e0 long terme, vous n\u00e9cessitez un syst\u00e8me de rev\u00eatement adapt\u00e9 \u00e0 vos besoins. En se familiarisant avec vos exigences, KLB vous propose des solutions ad\u00e9quates et se tient \u00e0 vos c\u00f4t\u00e9s sur place avec un conseil comp\u00e9tent.<\/p>\n","width":"4","background_color_text":"bg-none","border_color":"border-none"},{"text":"<p><strong>Des avantages en un coup d&rsquo;\u0153il<\/strong><\/p>\n<ul>\n<li>Les rev\u00eatements sans joints en r\u00e9sine synth\u00e9tique de KLB sont la meilleure alternative aux sols conventionnels.<\/li>\n<li>Particuli\u00e8rement id\u00e9al pour l&rsquo;usage industriel et commercial.<\/li>\n<li>Rev\u00eatements extr\u00eamement fonctionnels, \u00e9conomiques et durables, tant sur le plan chimique que m\u00e9canique.<\/li>\n<li>Convient pour des changements de rev\u00eatement rapides\u00a0lors de projets de r\u00e9novation avec des temps de pose courts.<\/li>\n<li>Livraison individuelle et sans d\u00e9lai<\/li>\n<\/ul>\n","width":"4","background_color_text":"bg-none","border_color":"border-none"},{"text":"<p><strong>Des solutions syst\u00e9matiques et \u00e9prouv\u00e9es<\/strong><\/p>\n<ul>\n<li>Solutions syst\u00e8me avec des propri\u00e9t\u00e9s contr\u00f4l\u00e9es<\/li>\n<li>Produits d&rsquo;une qualit\u00e9 garantie, qui ont \u00e9t\u00e9 test\u00e9s \u00e0 faible \u00e9mission (selon Eurofins, DIBt, etc.)<\/li>\n<li>Certificats de performance pour les syst\u00e8mes de rev\u00eatement respectifs, tels que les syst\u00e8mes de parking OS 8 ou OS 11, WHG (loi allemande sur les ressources en eau), protection contre l&rsquo;incendie, antid\u00e9rapance, r\u00e9sistance aux produits chimiques, capacit\u00e9 de d\u00e9charge \u00e9lectrique, etc.<\/li>\n<li>Solutions syst\u00e8me pour des projets exigeants et complexes<\/li>\n<\/ul>\n","width":"4","background_color_text":"bg-none","border_color":"border-none"}],"match_height":false,"vertical_align":false,"share_buttons":false,"background_color":"bg-white","background_color_content":"bg-none"}},{"acf_fc_layout":"module_grid_text","module_grid_text":{"":null,"prototype_headline":{"headline":"Pourquoi utiliser des sols industriels \u00e0 base de r\u00e9sines r\u00e9actives ?","h1":false,"subheadline":"Les sols en r\u00e9sine r\u00e9active offrent une solution \u00e9conomique et durable \u00e0 long terme : vous pouvez profiter de syst\u00e8mes de sol r\u00e9sistants et s\u00fbrs qui permettent un changement de rev\u00eatement rapide. Cela rend les rev\u00eatements de sol particuli\u00e8rement adapt\u00e9s aux travaux de r\u00e9novation.","anchor":"","url":""},"slider":false,"content":[{"text":"<p style=\"text-align: center;\"><strong>Domaines d&rsquo;applications multiples<\/strong><\/p>\n<p style=\"text-align: center;\">Les rev\u00eatements en r\u00e9sine r\u00e9active conviennent \u00e0 un usage industriel et commercial ainsi qu\u2019aux espaces de vie priv\u00e9s. Des rev\u00eatements sans joints de toutes tailles sont possibles. Gr\u00e2ce \u00e0 leurs fonctions combinatoires, ils peuvent \u00eatre utilis\u00e9s dans tous les secteurs et domaines d&rsquo;application imaginables.<\/p>\n","width":"4","background_color_text":"bg-white","border_color":"border-gray-medium"},{"text":"<p style=\"text-align: center;\"><strong>Traitement efficace, installation rapide<\/strong><\/p>\n<p style=\"text-align: center;\">Les rev\u00eatements en r\u00e9sine r\u00e9active peuvent \u00eatre pos\u00e9s rapidement et \u00e9conomiquement de mani\u00e8re qu&rsquo;ils soient sans joints. Outre les propri\u00e9t\u00e9s fonctionnelles, une large gamme de couleurs et de motifs est disponible pour r\u00e9pondre aux exigences d\u00e9coratives \u00e9lev\u00e9es. Les temps de r\u00e9novation sont r\u00e9duits au minimum pour que votre entreprise puisse continuer \u00e0 fonctionner efficacement.<\/p>\n","width":"4","background_color_text":"bg-white","border_color":"border-gray-medium"},{"text":"<p style=\"text-align: center;\"><strong>Haute performance<\/strong><\/p>\n<p style=\"text-align: center;\">Les sols industriels en r\u00e9sine r\u00e9active pr\u00e9sentent une bonne r\u00e9sistance m\u00e9canique, sont robustes, r\u00e9sistants aux chocs ou aux impacts et r\u00e9alisables dans diff\u00e9rents niveaux d&rsquo;antid\u00e9rapance. En plus d&rsquo;\u00eatre sans joints, hygi\u00e9niques et nettoyables, les rev\u00eatements peuvent \u00eatre dot\u00e9s de plusieurs autres attributs. Le bon sol et \u00e9conomique et durable.<\/p>\n","width":"4","background_color_text":"bg-white","border_color":"border-gray-medium"}],"match_height":false,"vertical_align":false,"share_buttons":false,"background_color":"bg-gray-light","background_color_content":"bg-none"}},{"acf_fc_layout":"module_category","module_category":{"":null,"prototype_headline":{"headline":"Domaines d'application","h1":false,"subheadline":"","anchor":"","url":{"title":"Domaines d\u2019application","url":"https:\/\/www.klb-koetztal.de\/fr\/domaines-d-application\/","target":""}},"type":"taxonomy","taxonomy":"systems_category","term":null,"background_color":"bg-gray-dark","background_color_content":"bg-none","items_per_row":"3","button_style":"btn-blue"}},{"acf_fc_layout":"module_call_to_action","module_call_to_action":{"":null,"headline_group":{"prototype_headline":{"headline":"Laissez-vous inspirer par nos sols","h1":false,"subheadline":"Essayez de concevoir votre sol id\u00e9al ! Ou apprenez \u00e0 conna\u00eetre les diff\u00e9rences et points forts de nos syst\u00e8mes de sol","anchor":"","url":""}},"call_to_action_elements":[{"element":"system_finder"},{"element":"floor_designer"}],"layout":"small","background_color":"bg-gray-medium","background_color_content":"bg-white"}},{"acf_fc_layout":"module_contact","module_contact":{"":null,"background_color":"bg-none","background_color_content":"bg-none"}},{"acf_fc_layout":"module_posts","module_posts":{"":null,"prototype_headline":{"headline":"R\u00e9f\u00e9rences","h1":false,"subheadline":"","anchor":"","url":{"title":"R\u00e9f\u00e9rences","url":"https:\/\/www.klb-koetztal.de\/fr\/references\/","target":""}},"type":"posts","taxonomy":"reference_category","filter_taxonomy":false,"terms":false,"posts":[{"ID":49028,"post_author":"13","post_date":"2022-02-11 14:15:57","post_date_gmt":"2022-02-11 13:15:57","post_content":"","post_title":"Rev\u00eatement d'un entrep\u00f4t chez Logwin","post_excerpt":"Chez Logwin, prestataire de services d'exp\u00e9dition, tant le sol lui-m\u00eame que l'environnement doivent \u00eatre soumis \u00e0 une protection particuli\u00e8re gr\u00e2ce \u00e0 un rev\u00eatement ad\u00e9quat lors de la manipulation de substances dangereuses pour l'eau.","post_status":"publish","comment_status":"closed","ping_status":"closed","post_password":"","post_name":"revetement-dun-entrepot-chez-logwin","to_ping":"","pinged":"","post_modified":"2023-08-31 14:41:36","post_modified_gmt":"2023-08-31 12:41:36","post_content_filtered":"","post_parent":0,"guid":"https:\/\/www.klb-koetztal.de\/?post_type=reference&#038;p=49028","menu_order":111,"post_type":"reference","post_mime_type":"","comment_count":"0","filter":"raw"},{"ID":48733,"post_author":"13","post_date":"2022-01-21 14:15:18","post_date_gmt":"2022-01-21 13:15:18","post_content":"","post_title":"Rev\u00eatement de sol dans les toilettes de l'universit\u00e9 Ulm","post_excerpt":"Pour une utilisation dans les toilettes, la r\u00e9sistance \u00e0 l'humidit\u00e9 et la robustesse m\u00e9canique \u00e9taient n\u00e9cessaires afin d'\u00e9viter tout dommage permanent au sol. Le risque de chute en cas de flaques ou d'\u00e9claboussures d'eau sur le sol devait \u00eatre minimis\u00e9 par une antid\u00e9rapance suffisante, ce qui ne devait en aucun cas faire obstacle \u00e0 une surface facile \u00e0 nettoyer et en m\u00eame temps visuellement attrayante.","post_status":"publish","comment_status":"closed","ping_status":"closed","post_password":"","post_name":"revetement-de-sol-dans-les-toilettes-de-luniversite-ulm","to_ping":"","pinged":"","post_modified":"2023-08-31 14:43:31","post_modified_gmt":"2023-08-31 12:43:31","post_content_filtered":"","post_parent":0,"guid":"https:\/\/www.klb-koetztal.de\/?post_type=reference&#038;p=48733","menu_order":115,"post_type":"reference","post_mime_type":"","comment_count":"0","filter":"raw"},{"ID":47722,"post_author":"13","post_date":"2021-11-26 13:00:25","post_date_gmt":"2021-11-26 12:00:25","post_content":"","post_title":"Rev\u00eatement industriel chez un fabricant de rem\u00e8des naturels \u00ab Kr\u00e4uterhaus \u00bb","post_excerpt":"Il fallait un rev\u00eatement utile qui soutienne \u00e0 la fois les processus de stockage et de production dans l'herboristerie. Le sol industriel devait donc r\u00e9sister aux fortes contraintes m\u00e9caniques dues au passage d'appareils de manutention utilis\u00e9s quotidiennement.","post_status":"publish","comment_status":"closed","ping_status":"closed","post_password":"","post_name":"revetement-industriel-chez-un-fabricant-de-remedes-naturels-kraeuterhaus","to_ping":"","pinged":"","post_modified":"2024-04-09 12:21:47","post_modified_gmt":"2024-04-09 10:21:47","post_content_filtered":"","post_parent":0,"guid":"https:\/\/www.klb-koetztal.de\/?post_type=reference&#038;p=47722","menu_order":117,"post_type":"reference","post_mime_type":"","comment_count":"0","filter":"raw"},{"ID":47667,"post_author":"13","post_date":"2021-11-12 13:40:21","post_date_gmt":"2021-11-12 12:40:21","post_content":"","post_title":"Rev\u00eatement de cuisine chez l'entreprise Multivac","post_excerpt":"Le rev\u00eatement de sol fallait offrir au client un investissement stable et financi\u00e8re dans la mesure o\u00f9 il r\u00e9unissait de nombreux avantages en un seul syst\u00e8me : outre une surface r\u00e9sistante aux produits chimiques et \u00e0 l'eau chaude - ce qui est souvent une condition principale dans les cuisines - un certain degr\u00e9 de glissement \u00e9tait tout aussi important. Une bonne capacit\u00e9 de nettoyage devait compl\u00e9ter l'utilit\u00e9 du sol.","post_status":"publish","comment_status":"closed","ping_status":"closed","post_password":"","post_name":"revetement-de-cuisine-chez-lentreprise-multivac","to_ping":"","pinged":"","post_modified":"2023-08-31 14:54:16","post_modified_gmt":"2023-08-31 12:54:16","post_content_filtered":"","post_parent":0,"guid":"https:\/\/www.klb-koetztal.de\/?post_type=reference&#038;p=47667","menu_order":120,"post_type":"reference","post_mime_type":"","comment_count":"0","filter":"raw"}],"post_type":false,"post_per_page":"4","orderby":"date","sort":"DESC","button_text":"","button_target":false,"button_style":"btn-blue","background_color":"bg-gray-light","background_color_content":"bg-none","button":"url","url":"","text":"","link_to_system_finder":""}}]},"yoast_head":"<!-- This site is optimized with the Yoast SEO plugin v27.0 - https:\/\/yoast.com\/product\/yoast-seo-wordpress\/ -->\n<title>Ma\u00eetre d&#039;ouvrage \u2013 Toujours une solution forte et \u00e9conomique - KLB K\u00f6tztal<\/title>\n<meta name=\"description\" content=\"KLB est le partenaire comp\u00e9tent de ma\u00eetres d&#039;ouvrage avec des syst\u00e8mes de sols en r\u00e9sine r\u00e9active, en particulier pour les projets exigeants.\" \/>\n<meta name=\"robots\" content=\"noindex, follow, max-snippet:-1, max-image-preview:large, max-video-preview:-1\" \/>\n<meta property=\"og:locale\" content=\"fr_FR\" \/>\n<meta property=\"og:type\" content=\"article\" \/>\n<meta property=\"og:title\" content=\"Ma\u00eetre d&#039;ouvrage \u2013 Toujours une solution forte et \u00e9conomique - KLB K\u00f6tztal\" \/>\n<meta property=\"og:description\" content=\"KLB est le partenaire comp\u00e9tent de ma\u00eetres d&#039;ouvrage avec des syst\u00e8mes de sols en r\u00e9sine r\u00e9active, en particulier pour les projets exigeants.\" \/>\n<meta property=\"og:url\" content=\"https:\/\/dev.klb-koetztal.de\/fr\/maitre-douvrage\/\" \/>\n<meta property=\"og:site_name\" content=\"KLB K\u00f6tztal\" \/>\n<meta property=\"article:publisher\" content=\"https:\/\/www.facebook.com\/klbkoetztal\" \/>\n<meta property=\"article:modified_time\" content=\"2022-03-15T13:55:37+00:00\" \/>\n<meta name=\"twitter:card\" content=\"summary_large_image\" \/>\n<script type=\"application\/ld+json\" class=\"yoast-schema-graph\">{\"@context\":\"https:\/\/schema.org\",\"@graph\":[{\"@type\":\"WebPage\",\"@id\":\"https:\/\/dev.klb-koetztal.de\/fr\/maitre-douvrage\/\",\"url\":\"https:\/\/dev.klb-koetztal.de\/fr\/maitre-douvrage\/\",\"name\":\"Ma\u00eetre d'ouvrage \u2013 Toujours une solution forte et \u00e9conomique - KLB K\u00f6tztal\",\"isPartOf\":{\"@id\":\"https:\/\/dev.klb-koetztal.de\/fr\/#website\"},\"datePublished\":\"2020-05-13T13:43:13+00:00\",\"dateModified\":\"2022-03-15T13:55:37+00:00\",\"description\":\"KLB est le partenaire comp\u00e9tent de ma\u00eetres d'ouvrage avec des syst\u00e8mes de sols en r\u00e9sine r\u00e9active, en particulier pour les projets exigeants.\",\"breadcrumb\":{\"@id\":\"https:\/\/dev.klb-koetztal.de\/fr\/maitre-douvrage\/#breadcrumb\"},\"inLanguage\":\"fr-FR\",\"potentialAction\":[{\"@type\":\"ReadAction\",\"target\":[\"https:\/\/dev.klb-koetztal.de\/fr\/maitre-douvrage\/\"]}]},{\"@type\":\"BreadcrumbList\",\"@id\":\"https:\/\/dev.klb-koetztal.de\/fr\/maitre-douvrage\/#breadcrumb\",\"itemListElement\":[{\"@type\":\"ListItem\",\"position\":1,\"name\":\"Startseite\",\"item\":\"https:\/\/dev.klb-koetztal.de\/fr\/\"},{\"@type\":\"ListItem\",\"position\":2,\"name\":\"Ma\u00eetre d&rsquo;ouvrage\"}]},{\"@type\":\"WebSite\",\"@id\":\"https:\/\/dev.klb-koetztal.de\/fr\/#website\",\"url\":\"https:\/\/dev.klb-koetztal.de\/fr\/\",\"name\":\"KLB K\u00f6tztal\",\"description\":\"Gute B\u00f6den haben ein System.\",\"potentialAction\":[{\"@type\":\"SearchAction\",\"target\":{\"@type\":\"EntryPoint\",\"urlTemplate\":\"https:\/\/dev.klb-koetztal.de\/fr\/?s={search_term_string}\"},\"query-input\":{\"@type\":\"PropertyValueSpecification\",\"valueRequired\":true,\"valueName\":\"search_term_string\"}}],\"inLanguage\":\"fr-FR\"}]}<\/script>\n<!-- \/ Yoast SEO plugin. -->","yoast_head_json":{"title":"Ma\u00eetre d'ouvrage \u2013 Toujours une solution forte et \u00e9conomique - KLB K\u00f6tztal","description":"KLB est le partenaire comp\u00e9tent de ma\u00eetres d'ouvrage avec des syst\u00e8mes de sols en r\u00e9sine r\u00e9active, en particulier pour les projets exigeants.","robots":{"index":"noindex","follow":"follow","max-snippet":"max-snippet:-1","max-image-preview":"max-image-preview:large","max-video-preview":"max-video-preview:-1"},"og_locale":"fr_FR","og_type":"article","og_title":"Ma\u00eetre d'ouvrage \u2013 Toujours une solution forte et \u00e9conomique - KLB K\u00f6tztal","og_description":"KLB est le partenaire comp\u00e9tent de ma\u00eetres d'ouvrage avec des syst\u00e8mes de sols en r\u00e9sine r\u00e9active, en particulier pour les projets exigeants.","og_url":"https:\/\/dev.klb-koetztal.de\/fr\/maitre-douvrage\/","og_site_name":"KLB K\u00f6tztal","article_publisher":"https:\/\/www.facebook.com\/klbkoetztal","article_modified_time":"2022-03-15T13:55:37+00:00","twitter_card":"summary_large_image","schema":{"@context":"https:\/\/schema.org","@graph":[{"@type":"WebPage","@id":"https:\/\/dev.klb-koetztal.de\/fr\/maitre-douvrage\/","url":"https:\/\/dev.klb-koetztal.de\/fr\/maitre-douvrage\/","name":"Ma\u00eetre d'ouvrage \u2013 Toujours une solution forte et \u00e9conomique - KLB K\u00f6tztal","isPartOf":{"@id":"https:\/\/dev.klb-koetztal.de\/fr\/#website"},"datePublished":"2020-05-13T13:43:13+00:00","dateModified":"2022-03-15T13:55:37+00:00","description":"KLB est le partenaire comp\u00e9tent de ma\u00eetres d'ouvrage avec des syst\u00e8mes de sols en r\u00e9sine r\u00e9active, en particulier pour les projets exigeants.","breadcrumb":{"@id":"https:\/\/dev.klb-koetztal.de\/fr\/maitre-douvrage\/#breadcrumb"},"inLanguage":"fr-FR","potentialAction":[{"@type":"ReadAction","target":["https:\/\/dev.klb-koetztal.de\/fr\/maitre-douvrage\/"]}]},{"@type":"BreadcrumbList","@id":"https:\/\/dev.klb-koetztal.de\/fr\/maitre-douvrage\/#breadcrumb","itemListElement":[{"@type":"ListItem","position":1,"name":"Startseite","item":"https:\/\/dev.klb-koetztal.de\/fr\/"},{"@type":"ListItem","position":2,"name":"Ma\u00eetre d&rsquo;ouvrage"}]},{"@type":"WebSite","@id":"https:\/\/dev.klb-koetztal.de\/fr\/#website","url":"https:\/\/dev.klb-koetztal.de\/fr\/","name":"KLB K\u00f6tztal","description":"Gute B\u00f6den haben ein System.","potentialAction":[{"@type":"SearchAction","target":{"@type":"EntryPoint","urlTemplate":"https:\/\/dev.klb-koetztal.de\/fr\/?s={search_term_string}"},"query-input":{"@type":"PropertyValueSpecification","valueRequired":true,"valueName":"search_term_string"}}],"inLanguage":"fr-FR"}]}},"_links":{"self":[{"href":"https:\/\/dev.klb-koetztal.de\/fr\/wp-json\/wp\/v2\/pages\/21393","targetHints":{"allow":["GET"]}}],"collection":[{"href":"https:\/\/dev.klb-koetztal.de\/fr\/wp-json\/wp\/v2\/pages"}],"about":[{"href":"https:\/\/dev.klb-koetztal.de\/fr\/wp-json\/wp\/v2\/types\/page"}],"author":[{"embeddable":true,"href":"https:\/\/dev.klb-koetztal.de\/fr\/wp-json\/wp\/v2\/users\/11"}],"replies":[{"embeddable":true,"href":"https:\/\/dev.klb-koetztal.de\/fr\/wp-json\/wp\/v2\/comments?post=21393"}],"version-history":[{"count":0,"href":"https:\/\/dev.klb-koetztal.de\/fr\/wp-json\/wp\/v2\/pages\/21393\/revisions"}],"wp:attachment":[{"href":"https:\/\/dev.klb-koetztal.de\/fr\/wp-json\/wp\/v2\/media?parent=21393"}],"curies":[{"name":"wp","href":"https:\/\/api.w.org\/{rel}","templated":true}]}}