{"id":16979,"date":"2020-05-13T14:09:45","date_gmt":"2020-05-13T12:09:45","guid":{"rendered":"http:\/\/beta.klbkoetztal.de\/planer\/"},"modified":"2022-03-18T13:27:38","modified_gmt":"2022-03-18T12:27:38","slug":"planificateurs","status":"publish","type":"page","link":"https:\/\/dev.klb-koetztal.de\/fr\/planificateurs\/","title":{"rendered":"Planificateur"},"content":{"rendered":"","protected":false},"excerpt":{"rendered":"","protected":false},"author":11,"featured_media":0,"parent":0,"menu_order":52,"comment_status":"closed","ping_status":"closed","template":"page-templates\/page-builder.php","meta":{"_acf_changed":false,"footnotes":""},"class_list":["post-16979","page","type-page","status-publish","hentry"],"acf":{"page_builder":[{"acf_fc_layout":"module_header","module_header":{"":null,"slider":[{"background_image":{"ID":1689,"id":1689,"title":"KLB_Architekten_und_Planer_Partner_System","filename":"KLB_Architekten_und_Planer_Partner_System.jpg","filesize":123450,"url":"https:\/\/dev.klb-koetztal.de\/app\/uploads\/2020\/05\/KLB_Architekten_und_Planer_Partner_System.jpg","link":"https:\/\/dev.klb-koetztal.de\/fr\/planificateurs\/klb_architekten_und_planer_partner_system-2\/","alt":"Architektonischer Innenraum mit spitz zulaufenden W\u00e4nden und einer hellen Fu\u00dfbodenbeschichtung","author":"11","description":"","caption":"","name":"klb_architekten_und_planer_partner_system-2","status":"inherit","uploaded_to":16979,"date":"2020-05-11 11:35:49","modified":"2021-07-05 09:39:09","menu_order":0,"mime_type":"image\/jpeg","type":"image","subtype":"jpeg","icon":"https:\/\/dev.klb-koetztal.de\/wp\/wp-includes\/images\/media\/default.png","width":2560,"height":1120,"sizes":{"thumbnail":"https:\/\/dev.klb-koetztal.de\/app\/uploads\/2020\/05\/KLB_Architekten_und_Planer_Partner_System-150x150.jpg","thumbnail-width":150,"thumbnail-height":150,"medium":"https:\/\/dev.klb-koetztal.de\/app\/uploads\/2020\/05\/KLB_Architekten_und_Planer_Partner_System-300x131.jpg","medium-width":300,"medium-height":131,"medium_large":"https:\/\/dev.klb-koetztal.de\/app\/uploads\/2020\/05\/KLB_Architekten_und_Planer_Partner_System.jpg","medium_large-width":768,"medium_large-height":336,"large":"https:\/\/dev.klb-koetztal.de\/app\/uploads\/2020\/05\/KLB_Architekten_und_Planer_Partner_System-1024x448.jpg","large-width":1024,"large-height":448,"1536x1536":"https:\/\/dev.klb-koetztal.de\/app\/uploads\/2020\/05\/KLB_Architekten_und_Planer_Partner_System-1536x672.jpg","1536x1536-width":1536,"1536x1536-height":672,"2048x2048":"https:\/\/dev.klb-koetztal.de\/app\/uploads\/2020\/05\/KLB_Architekten_und_Planer_Partner_System-2048x896.jpg","2048x2048-width":2048,"2048x2048-height":896,"woocommerce_thumbnail":"https:\/\/dev.klb-koetztal.de\/app\/uploads\/2020\/05\/KLB_Architekten_und_Planer_Partner_System-300x300.jpg","woocommerce_thumbnail-width":300,"woocommerce_thumbnail-height":300,"woocommerce_single":"https:\/\/dev.klb-koetztal.de\/app\/uploads\/2020\/05\/KLB_Architekten_und_Planer_Partner_System-600x263.jpg","woocommerce_single-width":600,"woocommerce_single-height":263,"woocommerce_gallery_thumbnail":"https:\/\/dev.klb-koetztal.de\/app\/uploads\/2020\/05\/KLB_Architekten_und_Planer_Partner_System-100x100.jpg","woocommerce_gallery_thumbnail-width":100,"woocommerce_gallery_thumbnail-height":100}},"headline":"Nous fournissons une large gamme de syst\u00e8mes pour inspirer votre imagination.","subheadline":"","headline_color":"text-color-black","button_link":"","button_text":""}],"scroll_down_icon":true,"overlapping_content":false,"anchor":""}},{"acf_fc_layout":"module_grid_text","module_grid_text":{"":null,"prototype_headline":{"headline":"KLB \u2013 partenaire visionnaire pour les planificateurs et les architectes","h1":true,"subheadline":"","anchor":"","url":""},"slider":false,"content":[{"text":"<p><strong>Libert\u00e9 dans la conception<\/strong><\/p>\n<p>Les sols en r\u00e9sine r\u00e9active sont une alternative moderne aux rev\u00eatements conventionnels. Tant \u00e0 l&rsquo;int\u00e9rieur qu&rsquo;\u00e0 l&rsquo;ext\u00e9rieur, ils permettent d&rsquo;obtenir des surfaces sans joints au sol, mais aussi aux murs et aux plafonds. Cela signifie une marge de man\u0153uvre maximale en termes de couleur et de structure de surface, ainsi que de nombreux avantages gr\u00e2ce \u00e0 nos solutions intelligentes de syst\u00e8mes KLB.<\/p>\n","width":"3","background_color_text":"bg-none","border_color":"border-none"},{"text":"<p><strong>Beaucoup d&rsquo;espace pour votre cr\u00e9ativit\u00e9<\/strong><\/p>\n<p>R\u00e9alisez vos id\u00e9es cr\u00e9atives avec notre extraordinaire diversit\u00e9 de couleurs et de designs. KLB propose un choix de toutes les structures de surface imaginables \u2013 qu&rsquo;elles soient brillantes, opaques ou antid\u00e9rapantes. Ce vaste portefeuille de produits offre une inspiration sans limite, tandis que nous nous ferons un plaisir de vous conseiller personnellement : notre \u00e9quipe de vente accompagne votre projet depuis la conception et la planification jusqu&rsquo;\u00e0 la mise en \u0153uvre sur le chantier.<\/p>\n","width":"3","background_color_text":"bg-none","border_color":"border-none"},{"text":"<p><strong>Fonctionnalit\u00e9<\/strong><\/p>\n<p>Les r\u00e9sines r\u00e9actives KLB permettent de r\u00e9soudre les probl\u00e8mes techniques qui peuvent se poser avec un rev\u00eatement de sol. R\u00e9sistance au glissement, conductivit\u00e9 \u00e9lectrique, exigences de stabilit\u00e9 chimique, thermique ou m\u00e9canique et bien d&rsquo;autres encore \u2013 KLB a toujours un bon sol \u00e0 proposer.<\/p>\n","width":"3","background_color_text":"bg-none","border_color":"border-none"},{"text":"<p><strong>Personnalisation<\/strong><\/p>\n<p>Nous r\u00e9pondons volontiers \u00e0 vos souhaits et exigences individuels ! Vous b\u00e9n\u00e9ficiez ainsi d&rsquo;un soutien optimal pour la r\u00e9alisation de votre projet, dont nous garantissons le d\u00e9roulement rapide et correct. Nous avons des r\u00e9ponses pratiques \u00e0 presque toutes les questions que vous vous poseriez concernant la performance ou le design.<\/p>\n","width":"3","background_color_text":"bg-none","border_color":"border-none"}],"match_height":false,"vertical_align":false,"share_buttons":false,"background_color":"bg-white","background_color_content":"bg-none"}},{"acf_fc_layout":"module_posts","module_posts":{"":null,"prototype_headline":{"headline":"Nos r\u00e9f\u00e9rences comme source d'inspiration","h1":false,"subheadline":"Les sols en r\u00e9sine r\u00e9active offrent un large \u00e9ventail de possibilit\u00e9s de conception et une grande libert\u00e9 d'action pour vos id\u00e9es - peut-\u00eatre m\u00eame pour votre projet.","anchor":"","url":{"title":"R\u00e9f\u00e9rences","url":"https:\/\/www.klb-koetztal.de\/fr\/references\/","target":""}},"type":"posts","taxonomy":"reference_category","filter_taxonomy":false,"terms":false,"posts":[{"ID":49028,"post_author":"13","post_date":"2022-02-11 14:15:57","post_date_gmt":"2022-02-11 13:15:57","post_content":"","post_title":"Rev\u00eatement d'un entrep\u00f4t chez Logwin","post_excerpt":"Chez Logwin, prestataire de services d'exp\u00e9dition, tant le sol lui-m\u00eame que l'environnement doivent \u00eatre soumis \u00e0 une protection particuli\u00e8re gr\u00e2ce \u00e0 un rev\u00eatement ad\u00e9quat lors de la manipulation de substances dangereuses pour l'eau.","post_status":"publish","comment_status":"closed","ping_status":"closed","post_password":"","post_name":"revetement-dun-entrepot-chez-logwin","to_ping":"","pinged":"","post_modified":"2023-08-31 14:41:36","post_modified_gmt":"2023-08-31 12:41:36","post_content_filtered":"","post_parent":0,"guid":"https:\/\/www.klb-koetztal.de\/?post_type=reference&#038;p=49028","menu_order":111,"post_type":"reference","post_mime_type":"","comment_count":"0","filter":"raw"},{"ID":48733,"post_author":"13","post_date":"2022-01-21 14:15:18","post_date_gmt":"2022-01-21 13:15:18","post_content":"","post_title":"Rev\u00eatement de sol dans les toilettes de l'universit\u00e9 Ulm","post_excerpt":"Pour une utilisation dans les toilettes, la r\u00e9sistance \u00e0 l'humidit\u00e9 et la robustesse m\u00e9canique \u00e9taient n\u00e9cessaires afin d'\u00e9viter tout dommage permanent au sol. Le risque de chute en cas de flaques ou d'\u00e9claboussures d'eau sur le sol devait \u00eatre minimis\u00e9 par une antid\u00e9rapance suffisante, ce qui ne devait en aucun cas faire obstacle \u00e0 une surface facile \u00e0 nettoyer et en m\u00eame temps visuellement attrayante.","post_status":"publish","comment_status":"closed","ping_status":"closed","post_password":"","post_name":"revetement-de-sol-dans-les-toilettes-de-luniversite-ulm","to_ping":"","pinged":"","post_modified":"2023-08-31 14:43:31","post_modified_gmt":"2023-08-31 12:43:31","post_content_filtered":"","post_parent":0,"guid":"https:\/\/www.klb-koetztal.de\/?post_type=reference&#038;p=48733","menu_order":115,"post_type":"reference","post_mime_type":"","comment_count":"0","filter":"raw"},{"ID":47722,"post_author":"13","post_date":"2021-11-26 13:00:25","post_date_gmt":"2021-11-26 12:00:25","post_content":"","post_title":"Rev\u00eatement industriel chez un fabricant de rem\u00e8des naturels \u00ab Kr\u00e4uterhaus \u00bb","post_excerpt":"Il fallait un rev\u00eatement utile qui soutienne \u00e0 la fois les processus de stockage et de production dans l'herboristerie. Le sol industriel devait donc r\u00e9sister aux fortes contraintes m\u00e9caniques dues au passage d'appareils de manutention utilis\u00e9s quotidiennement.","post_status":"publish","comment_status":"closed","ping_status":"closed","post_password":"","post_name":"revetement-industriel-chez-un-fabricant-de-remedes-naturels-kraeuterhaus","to_ping":"","pinged":"","post_modified":"2024-04-09 12:21:47","post_modified_gmt":"2024-04-09 10:21:47","post_content_filtered":"","post_parent":0,"guid":"https:\/\/www.klb-koetztal.de\/?post_type=reference&#038;p=47722","menu_order":117,"post_type":"reference","post_mime_type":"","comment_count":"0","filter":"raw"},{"ID":47667,"post_author":"13","post_date":"2021-11-12 13:40:21","post_date_gmt":"2021-11-12 12:40:21","post_content":"","post_title":"Rev\u00eatement de cuisine chez l'entreprise Multivac","post_excerpt":"Le rev\u00eatement de sol fallait offrir au client un investissement stable et financi\u00e8re dans la mesure o\u00f9 il r\u00e9unissait de nombreux avantages en un seul syst\u00e8me : outre une surface r\u00e9sistante aux produits chimiques et \u00e0 l'eau chaude - ce qui est souvent une condition principale dans les cuisines - un certain degr\u00e9 de glissement \u00e9tait tout aussi important. Une bonne capacit\u00e9 de nettoyage devait compl\u00e9ter l'utilit\u00e9 du sol.","post_status":"publish","comment_status":"closed","ping_status":"closed","post_password":"","post_name":"revetement-de-cuisine-chez-lentreprise-multivac","to_ping":"","pinged":"","post_modified":"2023-08-31 14:54:16","post_modified_gmt":"2023-08-31 12:54:16","post_content_filtered":"","post_parent":0,"guid":"https:\/\/www.klb-koetztal.de\/?post_type=reference&#038;p=47667","menu_order":120,"post_type":"reference","post_mime_type":"","comment_count":"0","filter":"raw"}],"post_type":false,"post_per_page":"4","orderby":"date","sort":"ASC","button_text":"","button_target":false,"button_style":"btn-blue","background_color":"bg-gray-medium","background_color_content":"bg-none","button":"none","url":null,"text":"","link_to_system_finder":""}},{"acf_fc_layout":"module_category","module_category":{"":null,"prototype_headline":{"headline":"Domaines d'application","h1":false,"subheadline":"","anchor":"","url":{"title":"Domaines d\u2019application","url":"https:\/\/www.klb-koetztal.de\/fr\/domaines-d-application\/","target":""}},"type":"taxonomy","taxonomy":"systems_category","term":null,"background_color":"bg-gray-dark","background_color_content":"bg-none","items_per_row":"3","button_style":"btn-blue"}},{"acf_fc_layout":"module_system_reference","module_system_reference":{"inhalt":null,"prototype_headline":{"headline":"Les syst\u00e8mes KLB ont beaucoup d'avantages","h1":false,"subheadline":"","anchor":"","url":""},"prototype_quote":{"quote_text":"","quote_author":""},"text_left":"<p><strong>La bonne solution pour chaque exigence<\/strong><\/p>\n<p>Notre vaste gamme de produits offre une multitude de possibilit\u00e9s de conception, de sorte que vous avez toujours la bonne r\u00e9ponse \u00e0 vos besoins en mati\u00e8re de rev\u00eatement de sol. Quelles que soient vos id\u00e9es, il y en a une solution de syst\u00e8me KLB pour chaque projet.<\/p>\n<p>Outre une performance technique maximale, vous trouverez \u00e9galement des sols r\u00e9pondant \u00e0 des hautes exigences esth\u00e9tiques \u2013 mais aussi beaucoup de produits qui combinent ces deux propri\u00e9t\u00e9s presque contradictoires.<\/p>\n","text_center":"<p><strong>Un succ\u00e8s visible plut\u00f4t qu\u2019un risque invisible<\/strong><\/p>\n<p>Nos solutions syst\u00e8me parfaitement adapt\u00e9es vous permettent un maximum de fiabilit\u00e9 pour relever tous les d\u00e9fis. Les syst\u00e8mes de rev\u00eatement ont l\u2019avantage que les diff\u00e9rents composants issus de notre service de recherche et d\u00e9veloppement sont compatibles les uns avec les autres, de sorte que leurs caract\u00e9ristiques individuelles peuvent jouer leurs atouts dans l\u2019ensemble du syst\u00e8me.<\/p>\n<p>Nous pr\u00e9parons ainsi la voie \u00e0 une mise en \u0153uvre sans probl\u00e8me avec des rev\u00eatements hautement fonctionnels pour votre projet de construction.<\/p>\n","text_right":"<p><strong>Syst\u00e8mes innovants et produits d\u2019avenir<\/strong><\/p>\n<p>Le march\u00e9 des rev\u00eatements de sol a \u00e9volu\u00e9 au fil des ann\u00e9es. Notre d\u00e9partement R&amp;D est motiv\u00e9 par les exigences accrues en mati\u00e8re de propri\u00e9t\u00e9s techniques et de faibles \u00e9missions comme l&rsquo;exigent les projets de construction durables. Un grand nombre de nos produits ont \u00e9t\u00e9 test\u00e9s et certifi\u00e9s en tant qu&rsquo;\u00e0 faibles en \u00e9missions.<\/p>\n<p>Nous travaillons non seulement \u00e0 l\u2019am\u00e9lioration de nos produits existants, mais aussi \u00e0 l&rsquo;avancement de nouvelles technologies et formulations pour que nos produits puissent r\u00e9pondre aux normes de qualit\u00e9 les plus strictes.<\/p>\n","text_project":"","prototype_system_structure":{"referenz_oder_system":true,"select_system":49957,"system_structure":"","products":null,"overwrite_image":false},"einstellungen":null,"background_color":"bg-gray-light","background_color_content":"bg-none"}},{"acf_fc_layout":"module_call_to_action","module_call_to_action":{"":null,"headline_group":{"prototype_headline":{"headline":"Bo\u00eete \u00e0 outils","h1":false,"subheadline":"Vous trouverez ici toutes les applications utiles pour r\u00e9aliser le sol de vos r\u00eaves, les appels d'offres ad\u00e9quats et bien plus encore. Nous vous soutenons \u00e0 chaque \u00e9tape de travail \u2013 soit sur place ou lors d'un entretien personnel.","anchor":"","url":""}},"call_to_action_elements":[{"element":"floor_designer"},{"element":"system_finder"},{"element":"announce"},{"element":"product_finder"}],"layout":"cards","background_color":"bg-gray-dark","background_color_content":"bg-gray-dark"}},{"acf_fc_layout":"module_contact","module_contact":{"":null,"background_color":"bg-none","background_color_content":"bg-none"}},{"acf_fc_layout":"module_posts","module_posts":{"":null,"prototype_headline":{"headline":"Actualit\u00e9s","h1":false,"subheadline":"","anchor":"","url":{"title":"News & Events","url":"https:\/\/www.klb-koetztal.de\/fr\/actualites\/","target":""}},"type":"taxonomy","taxonomy":"news_category","filter_taxonomy":false,"terms":false,"posts":null,"post_type":false,"post_per_page":"4","orderby":"date","sort":"DESC","button_text":"","button_target":false,"button_style":"btn-blue","background_color":"bg-gray-light","background_color_content":"bg-none","button":"ajax","url":{"title":"News & Events","url":"http:\/\/beta.klbkoetztal.de\/news-events\/","target":""},"text":"en plus","link_to_system_finder":""}}]},"yoast_head":"<!-- This site is optimized with the Yoast SEO plugin v27.0 - https:\/\/yoast.com\/product\/yoast-seo-wordpress\/ -->\n<title>Planificateur et les architects - Offre large pour inspirer votre imagination.<\/title>\n<meta name=\"description\" content=\"KLB offre une libert\u00e9 de conception maximale aux architectes et planificateurs avec des sols en r\u00e9sine r\u00e9active, fonctionnels et individuels.\" \/>\n<meta name=\"robots\" content=\"noindex, follow, max-snippet:-1, max-image-preview:large, max-video-preview:-1\" \/>\n<meta property=\"og:locale\" content=\"fr_FR\" \/>\n<meta property=\"og:type\" content=\"article\" \/>\n<meta property=\"og:title\" content=\"Planificateur et les architects - Offre large pour inspirer votre imagination.\" \/>\n<meta property=\"og:description\" content=\"KLB offre une libert\u00e9 de conception maximale aux architectes et planificateurs avec des sols en r\u00e9sine r\u00e9active, fonctionnels et individuels.\" \/>\n<meta property=\"og:url\" content=\"https:\/\/dev.klb-koetztal.de\/fr\/planificateurs\/\" \/>\n<meta property=\"og:site_name\" content=\"KLB K\u00f6tztal\" \/>\n<meta property=\"article:publisher\" content=\"https:\/\/www.facebook.com\/klbkoetztal\" \/>\n<meta property=\"article:modified_time\" content=\"2022-03-18T12:27:38+00:00\" \/>\n<meta name=\"twitter:card\" content=\"summary_large_image\" \/>\n<script type=\"application\/ld+json\" class=\"yoast-schema-graph\">{\"@context\":\"https:\/\/schema.org\",\"@graph\":[{\"@type\":\"WebPage\",\"@id\":\"https:\/\/dev.klb-koetztal.de\/fr\/planificateurs\/\",\"url\":\"https:\/\/dev.klb-koetztal.de\/fr\/planificateurs\/\",\"name\":\"Planificateur et les architects - Offre large pour inspirer votre imagination.\",\"isPartOf\":{\"@id\":\"https:\/\/dev.klb-koetztal.de\/fr\/#website\"},\"datePublished\":\"2020-05-13T12:09:45+00:00\",\"dateModified\":\"2022-03-18T12:27:38+00:00\",\"description\":\"KLB offre une libert\u00e9 de conception maximale aux architectes et planificateurs avec des sols en r\u00e9sine r\u00e9active, fonctionnels et individuels.\",\"breadcrumb\":{\"@id\":\"https:\/\/dev.klb-koetztal.de\/fr\/planificateurs\/#breadcrumb\"},\"inLanguage\":\"fr-FR\",\"potentialAction\":[{\"@type\":\"ReadAction\",\"target\":[\"https:\/\/dev.klb-koetztal.de\/fr\/planificateurs\/\"]}]},{\"@type\":\"BreadcrumbList\",\"@id\":\"https:\/\/dev.klb-koetztal.de\/fr\/planificateurs\/#breadcrumb\",\"itemListElement\":[{\"@type\":\"ListItem\",\"position\":1,\"name\":\"Startseite\",\"item\":\"https:\/\/dev.klb-koetztal.de\/fr\/\"},{\"@type\":\"ListItem\",\"position\":2,\"name\":\"Planificateur\"}]},{\"@type\":\"WebSite\",\"@id\":\"https:\/\/dev.klb-koetztal.de\/fr\/#website\",\"url\":\"https:\/\/dev.klb-koetztal.de\/fr\/\",\"name\":\"KLB K\u00f6tztal\",\"description\":\"Gute B\u00f6den haben ein System.\",\"potentialAction\":[{\"@type\":\"SearchAction\",\"target\":{\"@type\":\"EntryPoint\",\"urlTemplate\":\"https:\/\/dev.klb-koetztal.de\/fr\/?s={search_term_string}\"},\"query-input\":{\"@type\":\"PropertyValueSpecification\",\"valueRequired\":true,\"valueName\":\"search_term_string\"}}],\"inLanguage\":\"fr-FR\"}]}<\/script>\n<!-- \/ Yoast SEO plugin. -->","yoast_head_json":{"title":"Planificateur et les architects - Offre large pour inspirer votre imagination.","description":"KLB offre une libert\u00e9 de conception maximale aux architectes et planificateurs avec des sols en r\u00e9sine r\u00e9active, fonctionnels et individuels.","robots":{"index":"noindex","follow":"follow","max-snippet":"max-snippet:-1","max-image-preview":"max-image-preview:large","max-video-preview":"max-video-preview:-1"},"og_locale":"fr_FR","og_type":"article","og_title":"Planificateur et les architects - Offre large pour inspirer votre imagination.","og_description":"KLB offre une libert\u00e9 de conception maximale aux architectes et planificateurs avec des sols en r\u00e9sine r\u00e9active, fonctionnels et individuels.","og_url":"https:\/\/dev.klb-koetztal.de\/fr\/planificateurs\/","og_site_name":"KLB K\u00f6tztal","article_publisher":"https:\/\/www.facebook.com\/klbkoetztal","article_modified_time":"2022-03-18T12:27:38+00:00","twitter_card":"summary_large_image","schema":{"@context":"https:\/\/schema.org","@graph":[{"@type":"WebPage","@id":"https:\/\/dev.klb-koetztal.de\/fr\/planificateurs\/","url":"https:\/\/dev.klb-koetztal.de\/fr\/planificateurs\/","name":"Planificateur et les architects - Offre large pour inspirer votre imagination.","isPartOf":{"@id":"https:\/\/dev.klb-koetztal.de\/fr\/#website"},"datePublished":"2020-05-13T12:09:45+00:00","dateModified":"2022-03-18T12:27:38+00:00","description":"KLB offre une libert\u00e9 de conception maximale aux architectes et planificateurs avec des sols en r\u00e9sine r\u00e9active, fonctionnels et individuels.","breadcrumb":{"@id":"https:\/\/dev.klb-koetztal.de\/fr\/planificateurs\/#breadcrumb"},"inLanguage":"fr-FR","potentialAction":[{"@type":"ReadAction","target":["https:\/\/dev.klb-koetztal.de\/fr\/planificateurs\/"]}]},{"@type":"BreadcrumbList","@id":"https:\/\/dev.klb-koetztal.de\/fr\/planificateurs\/#breadcrumb","itemListElement":[{"@type":"ListItem","position":1,"name":"Startseite","item":"https:\/\/dev.klb-koetztal.de\/fr\/"},{"@type":"ListItem","position":2,"name":"Planificateur"}]},{"@type":"WebSite","@id":"https:\/\/dev.klb-koetztal.de\/fr\/#website","url":"https:\/\/dev.klb-koetztal.de\/fr\/","name":"KLB K\u00f6tztal","description":"Gute B\u00f6den haben ein System.","potentialAction":[{"@type":"SearchAction","target":{"@type":"EntryPoint","urlTemplate":"https:\/\/dev.klb-koetztal.de\/fr\/?s={search_term_string}"},"query-input":{"@type":"PropertyValueSpecification","valueRequired":true,"valueName":"search_term_string"}}],"inLanguage":"fr-FR"}]}},"_links":{"self":[{"href":"https:\/\/dev.klb-koetztal.de\/fr\/wp-json\/wp\/v2\/pages\/16979","targetHints":{"allow":["GET"]}}],"collection":[{"href":"https:\/\/dev.klb-koetztal.de\/fr\/wp-json\/wp\/v2\/pages"}],"about":[{"href":"https:\/\/dev.klb-koetztal.de\/fr\/wp-json\/wp\/v2\/types\/page"}],"author":[{"embeddable":true,"href":"https:\/\/dev.klb-koetztal.de\/fr\/wp-json\/wp\/v2\/users\/11"}],"replies":[{"embeddable":true,"href":"https:\/\/dev.klb-koetztal.de\/fr\/wp-json\/wp\/v2\/comments?post=16979"}],"version-history":[{"count":0,"href":"https:\/\/dev.klb-koetztal.de\/fr\/wp-json\/wp\/v2\/pages\/16979\/revisions"}],"wp:attachment":[{"href":"https:\/\/dev.klb-koetztal.de\/fr\/wp-json\/wp\/v2\/media?parent=16979"}],"curies":[{"name":"wp","href":"https:\/\/api.w.org\/{rel}","templated":true}]}}