{"id":66407,"date":"2025-07-08T16:03:35","date_gmt":"2025-07-08T14:03:35","guid":{"rendered":"https:\/\/www.klb-koetztal.de\/produkt\/klb-system-polyurethan-pu-9016\/"},"modified":"2026-03-16T14:08:05","modified_gmt":"2026-03-16T13:08:05","slug":"klb-system-polyurethan-pu-9016","status":"publish","type":"product","link":"https:\/\/dev.klb-koetztal.de\/en\/produkt\/klb-system-polyurethan-pu-9016\/","title":{"rendered":"KLB-SYSTEM POLYURETHAN PU 9016"},"content":{"rendered":"","protected":false},"excerpt":{"rendered":"","protected":false},"featured_media":0,"template":"","meta":{"_acf_changed":false},"product_brand":[],"product_cat":[9615,9625],"product_tag":[],"class_list":{"0":"post-66407","1":"product","2":"type-product","3":"status-publish","5":"product_cat-decor-binding-agent-top-sealer-pore-filling","6":"product_cat-decor-binding-agent","8":"first","9":"instock","10":"shipping-taxable","11":"product-type-simple"},"acf":{"product_header":{"module_product_header":{"":null,"prototype_headline":{"headline":"KLB-SYSTEM POLYURETHAN PU 9016","h1":true,"subheadline":"Low-emission, non-pigmented, light and weather-resistant 1-component PU binder for indoor and outdoor stone carpets","anchor":"","url":""},"grid_text_slider":false,"grid_text_content":[{"text":"<p class=\"product-short-title\" style=\"text-align: center;\"><strong>Brief description<\/strong><\/p>\n","width":"4","background_color_text":"bg-white","border_color":"border-gray-light"},{"text":"<p class=\"product-sicing-title\" style=\"text-align: center;\"><strong>Packaging units<\/strong><\/p>\n<ul>\n<li>PU0022-01 &#8211; Can 1.20 kg<\/li>\n<li>PU0022-06 &#8211; Bucket 6.00 kg<\/li>\n<\/ul>\n<p><\/p>\n<p>Please do not hesitate to contact us directly for enquiries about larger delivery quantities or packaging units.<\/p>\n\n","width":"4","background_color_text":"bg-white","border_color":"border-gray-light"},{"text":"<p class=\"product-attr-title\" style=\"text-align: center;\"><strong>Properties<\/strong><\/p>\n<ul>\n<li>one-component<\/li>\n<li>tested, low-emission quality<\/li>\n<li>EMICODE\u00ae EC 1PLUS certified<\/li>\n<li>ready-to-use<\/li>\n<li>transparent<\/li>\n<li>light-stable<\/li>\n<li>resistant to weather<\/li>\n<li>for interior and exterior areas<\/li>\n<\/ul>\n","width":"4","background_color_text":"bg-white","border_color":"border-gray-light"}],"background_color":"bg-none","background_color_content":"bg-none"}},"downloads":{"module_download_list":{"inhalt":null,"downloads":[{"download":{"ID":66413,"id":66413,"title":"PU_9016__PI_en_2025_01","filename":"PU_9016__PI_en_2025_01.pdf","filesize":198452,"url":"https:\/\/dev.klb-koetztal.de\/app\/uploads\/2025\/07\/PU_9016__PI_en_2025_01.pdf","link":"https:\/\/dev.klb-koetztal.de\/en\/?attachment_id=66413","alt":"","author":"7","description":"","caption":"","name":"pu_9016__pi_en_2025_01-2","status":"inherit","uploaded_to":0,"date":"2025-07-08 14:03:39","modified":"2025-07-08 14:03:39","menu_order":0,"mime_type":"application\/pdf","type":"application","subtype":"pdf","icon":"https:\/\/dev.klb-koetztal.de\/wp\/wp-includes\/images\/media\/document.png"},"filename":"Product Information","protected":false,"doclang":"GB","externalkey":"Produktinformation","docpos":"2"},{"download":{"ID":66416,"id":66416,"title":"PU_9016_PI_fr_2025_01","filename":"PU_9016_PI_fr_2025_01.pdf","filesize":478708,"url":"https:\/\/dev.klb-koetztal.de\/app\/uploads\/2025\/07\/PU_9016_PI_fr_2025_01.pdf","link":"https:\/\/dev.klb-koetztal.de\/en\/?attachment_id=66416","alt":"","author":"7","description":"","caption":"","name":"pu_9016_pi_fr_2025_01-2","status":"inherit","uploaded_to":0,"date":"2025-07-08 14:03:41","modified":"2025-07-08 14:03:41","menu_order":0,"mime_type":"application\/pdf","type":"application","subtype":"pdf","icon":"https:\/\/dev.klb-koetztal.de\/wp\/wp-includes\/images\/media\/document.png"},"filename":"Information Produit FR","protected":false,"doclang":"FR","externalkey":"Produktinformation","docpos":"3"},{"download":false,"filename":"Product Information SK","protected":true,"doclang":"","externalkey":"Produktinformation","docpos":"Multi"},{"download":{"ID":66419,"id":66419,"title":"PU9016_Umwelt-Deklaration_2024-07","filename":"PU9016_Umwelt-Deklaration_2024-07.pdf","filesize":2553026,"url":"https:\/\/dev.klb-koetztal.de\/app\/uploads\/2025\/07\/PU9016_Umwelt-Deklaration_2024-07.pdf","link":"https:\/\/dev.klb-koetztal.de\/en\/?attachment_id=66419","alt":"","author":"7","description":"","caption":"","name":"pu9016_umwelt-deklaration_2024-07-2","status":"inherit","uploaded_to":0,"date":"2025-07-08 14:03:50","modified":"2025-07-08 14:03:50","menu_order":0,"mime_type":"application\/pdf","type":"application","subtype":"pdf","icon":"https:\/\/dev.klb-koetztal.de\/wp\/wp-includes\/images\/media\/document.png"},"filename":"EPD - Environmental Product Declaration","protected":false,"doclang":"Multi","externalkey":"Umweltproduktdeklaration","docpos":"50"},{"download":false,"filename":"Safety data sheet","protected":true,"doclang":"GB","externalkey":"Sicherheitsdatenblatt","docpos":"2"},{"download":false,"filename":"Fiche de donn\u00e9es de s\u00e9curit\u00e9 FR","protected":true,"doclang":"FR","externalkey":"Sicherheitsdatenblatt","docpos":"3"}],"einstellungen":null,"background_color":"bg-none","background_color_content":"bg-none"}},"included_in_systems":{"module_included_in_systems":{"":null,"background_color":"bg-gray-medium","background_color_content":"bg-none"}},"contact":{"module_contact":{"":null,"background_color":"bg-none","background_color_content":"bg-none"}},"ausschreibende":{"module_ausschreibende":{"andern_sie_den_inhalt_unter_universelle_elemente":null,"background_color":"bg-none","background_color_content":"bg-none"}}},"yoast_head":"<!-- This site is optimized with the Yoast SEO plugin v27.0 - https:\/\/yoast.com\/product\/yoast-seo-wordpress\/ -->\n<title>Transparent 1-component coating PU 9016 | KLB K\u00f6tztal<\/title>\n<meta name=\"description\" content=\"\u2714\ufe0f\" \/>\n<meta name=\"robots\" content=\"noindex, follow, max-snippet:-1, max-image-preview:large, max-video-preview:-1\" \/>\n<meta property=\"og:locale\" content=\"en_GB\" \/>\n<meta property=\"og:type\" content=\"article\" \/>\n<meta property=\"og:title\" content=\"Transparent 1-component coating PU 9016 | KLB K\u00f6tztal\" \/>\n<meta property=\"og:description\" content=\"\u2714\ufe0f\" \/>\n<meta property=\"og:url\" content=\"https:\/\/dev.klb-koetztal.de\/en\/produkt\/klb-system-polyurethan-pu-9016\/\" \/>\n<meta property=\"og:site_name\" content=\"KLB K\u00f6tztal\" \/>\n<meta property=\"article:publisher\" content=\"https:\/\/www.facebook.com\/klbkoetztal\" \/>\n<meta property=\"article:modified_time\" content=\"2026-03-16T13:08:05+00:00\" \/>\n<meta name=\"twitter:card\" content=\"summary_large_image\" \/>\n<script type=\"application\/ld+json\" class=\"yoast-schema-graph\">{\"@context\":\"https:\/\/schema.org\",\"@graph\":[{\"@type\":\"WebPage\",\"@id\":\"https:\/\/dev.klb-koetztal.de\/en\/produkt\/klb-system-polyurethan-pu-9016\/\",\"url\":\"https:\/\/dev.klb-koetztal.de\/en\/produkt\/klb-system-polyurethan-pu-9016\/\",\"name\":\"Transparent 1-component coating PU 9016 | KLB K\u00f6tztal\",\"isPartOf\":{\"@id\":\"https:\/\/dev.klb-koetztal.de\/en\/#website\"},\"datePublished\":\"2025-07-08T14:03:35+00:00\",\"dateModified\":\"2026-03-16T13:08:05+00:00\",\"description\":\"\u2714\ufe0f\",\"breadcrumb\":{\"@id\":\"https:\/\/dev.klb-koetztal.de\/en\/produkt\/klb-system-polyurethan-pu-9016\/#breadcrumb\"},\"inLanguage\":\"en-GB\",\"potentialAction\":[{\"@type\":\"ReadAction\",\"target\":[\"https:\/\/dev.klb-koetztal.de\/en\/produkt\/klb-system-polyurethan-pu-9016\/\"]}]},{\"@type\":\"BreadcrumbList\",\"@id\":\"https:\/\/dev.klb-koetztal.de\/en\/produkt\/klb-system-polyurethan-pu-9016\/#breadcrumb\",\"itemListElement\":[{\"@type\":\"ListItem\",\"position\":1,\"name\":\"Startseite\",\"item\":\"https:\/\/dev.klb-koetztal.de\/en\/\"},{\"@type\":\"ListItem\",\"position\":2,\"name\":\"KLB-SYSTEM POLYURETHAN PU 9016\"}]},{\"@type\":\"WebSite\",\"@id\":\"https:\/\/dev.klb-koetztal.de\/en\/#website\",\"url\":\"https:\/\/dev.klb-koetztal.de\/en\/\",\"name\":\"KLB K\u00f6tztal\",\"description\":\"Gute B\u00f6den haben ein System.\",\"potentialAction\":[{\"@type\":\"SearchAction\",\"target\":{\"@type\":\"EntryPoint\",\"urlTemplate\":\"https:\/\/dev.klb-koetztal.de\/en\/?s={search_term_string}\"},\"query-input\":{\"@type\":\"PropertyValueSpecification\",\"valueRequired\":true,\"valueName\":\"search_term_string\"}}],\"inLanguage\":\"en-GB\"}]}<\/script>\n<!-- \/ Yoast SEO plugin. -->","yoast_head_json":{"title":"Transparent 1-component coating PU 9016 | KLB K\u00f6tztal","description":"\u2714\ufe0f","robots":{"index":"noindex","follow":"follow","max-snippet":"max-snippet:-1","max-image-preview":"max-image-preview:large","max-video-preview":"max-video-preview:-1"},"og_locale":"en_GB","og_type":"article","og_title":"Transparent 1-component coating PU 9016 | KLB K\u00f6tztal","og_description":"\u2714\ufe0f","og_url":"https:\/\/dev.klb-koetztal.de\/en\/produkt\/klb-system-polyurethan-pu-9016\/","og_site_name":"KLB K\u00f6tztal","article_publisher":"https:\/\/www.facebook.com\/klbkoetztal","article_modified_time":"2026-03-16T13:08:05+00:00","twitter_card":"summary_large_image","schema":{"@context":"https:\/\/schema.org","@graph":[{"@type":"WebPage","@id":"https:\/\/dev.klb-koetztal.de\/en\/produkt\/klb-system-polyurethan-pu-9016\/","url":"https:\/\/dev.klb-koetztal.de\/en\/produkt\/klb-system-polyurethan-pu-9016\/","name":"Transparent 1-component coating PU 9016 | KLB K\u00f6tztal","isPartOf":{"@id":"https:\/\/dev.klb-koetztal.de\/en\/#website"},"datePublished":"2025-07-08T14:03:35+00:00","dateModified":"2026-03-16T13:08:05+00:00","description":"\u2714\ufe0f","breadcrumb":{"@id":"https:\/\/dev.klb-koetztal.de\/en\/produkt\/klb-system-polyurethan-pu-9016\/#breadcrumb"},"inLanguage":"en-GB","potentialAction":[{"@type":"ReadAction","target":["https:\/\/dev.klb-koetztal.de\/en\/produkt\/klb-system-polyurethan-pu-9016\/"]}]},{"@type":"BreadcrumbList","@id":"https:\/\/dev.klb-koetztal.de\/en\/produkt\/klb-system-polyurethan-pu-9016\/#breadcrumb","itemListElement":[{"@type":"ListItem","position":1,"name":"Startseite","item":"https:\/\/dev.klb-koetztal.de\/en\/"},{"@type":"ListItem","position":2,"name":"KLB-SYSTEM POLYURETHAN PU 9016"}]},{"@type":"WebSite","@id":"https:\/\/dev.klb-koetztal.de\/en\/#website","url":"https:\/\/dev.klb-koetztal.de\/en\/","name":"KLB K\u00f6tztal","description":"Gute B\u00f6den haben ein System.","potentialAction":[{"@type":"SearchAction","target":{"@type":"EntryPoint","urlTemplate":"https:\/\/dev.klb-koetztal.de\/en\/?s={search_term_string}"},"query-input":{"@type":"PropertyValueSpecification","valueRequired":true,"valueName":"search_term_string"}}],"inLanguage":"en-GB"}]}},"_links":{"self":[{"href":"https:\/\/dev.klb-koetztal.de\/en\/wp-json\/wp\/v2\/product\/66407","targetHints":{"allow":["GET"]}}],"collection":[{"href":"https:\/\/dev.klb-koetztal.de\/en\/wp-json\/wp\/v2\/product"}],"about":[{"href":"https:\/\/dev.klb-koetztal.de\/en\/wp-json\/wp\/v2\/types\/product"}],"wp:attachment":[{"href":"https:\/\/dev.klb-koetztal.de\/en\/wp-json\/wp\/v2\/media?parent=66407"}],"wp:term":[{"taxonomy":"product_brand","embeddable":true,"href":"https:\/\/dev.klb-koetztal.de\/en\/wp-json\/wp\/v2\/product_brand?post=66407"},{"taxonomy":"product_cat","embeddable":true,"href":"https:\/\/dev.klb-koetztal.de\/en\/wp-json\/wp\/v2\/product_cat?post=66407"},{"taxonomy":"product_tag","embeddable":true,"href":"https:\/\/dev.klb-koetztal.de\/en\/wp-json\/wp\/v2\/product_tag?post=66407"}],"curies":[{"name":"wp","href":"https:\/\/api.w.org\/{rel}","templated":true}]}}