{"id":62773,"date":"2024-08-20T16:34:39","date_gmt":"2024-08-20T14:34:39","guid":{"rendered":"https:\/\/www.klb-koetztal.de\/produkt\/klb-system-epoxid-ep-216-universal\/"},"modified":"2026-03-16T14:21:18","modified_gmt":"2026-03-16T13:21:18","slug":"klb-system-epoxid-ep-216-universal","status":"publish","type":"product","link":"https:\/\/dev.klb-koetztal.de\/en\/produkt\/klb-system-epoxid-ep-216-universal\/","title":{"rendered":"KLB-SYSTEM EPOXID EP 216 Universal"},"content":{"rendered":"","protected":false},"excerpt":{"rendered":"<p>Universal, self-levelling and solvent-free 2-component epoxy resin coating for smooth surfaces or as base layer and top sealer for scattered coatings. Tested as surface protection system OS 8 for parking areas.<br \/>\nSuitable for thin-layered surfaces and fillable&#160;with&#160;quartz sand for higher layer thicknesses.<\/p>\n","protected":false},"featured_media":49485,"template":"","meta":{"_acf_changed":false},"product_brand":[],"product_cat":[9834,9609,9639,9617,9618],"product_tag":[],"class_list":{"0":"post-62773","1":"product","2":"type-product","3":"status-publish","4":"has-post-thumbnail","6":"product_cat-2-component-epoxy-resin-coatings","7":"product_cat-coatings","8":"product_cat-car-park-coatings-including-rapid-setting","9":"product_cat-top-sealers-for-scattered-coatings","10":"product_cat-2-component-epoxy-resin-top-seal","12":"first","13":"instock","14":"shipping-taxable","15":"product-type-simple"},"acf":{"product_header":{"module_product_header":{"":null,"prototype_headline":{"headline":"KLB-SYSTEM EPOXID EP 216 Universal","h1":true,"subheadline":"All-purpose, pigmented 2-component epoxy resin coating and top coat for industrial floors or as surface protection system&#160;OS 8 in accordance with DAfStb directive","anchor":"","url":""},"grid_text_slider":false,"grid_text_content":[{"text":"<p class=\"product-short-title\" style=\"text-align: center;\"><strong>Brief description<\/strong><\/p>\n<p>Universal, self-levelling and solvent-free 2-component epoxy resin coating for smooth surfaces or as base layer and top sealer for scattered coatings. Tested as surface protection system OS 8 for parking areas.<\/p>\n<p>Suitable for thin-layered surfaces and fillable&#160;with&#160;quartz sand for higher layer thicknesses.<\/p>\n","width":"4","background_color_text":"bg-white","border_color":"border-gray-light"},{"text":"<p class=\"product-sicing-title\" style=\"text-align: center;\"><strong>Packaging units<\/strong><\/p>\n<ul>\n<li>AL1280-50 &#8211; Bucket combo 10.00 kg<\/li>\n<li>AL1280-30 &#8211; Hobbock combo 30.00 kg<\/li>\n<\/ul>\n<p><\/p>\n<p>Please do not hesitate to contact us directly for enquiries about larger delivery quantities or packaging units.<\/p>\n\n","width":"4","background_color_text":"bg-white","border_color":"border-gray-light"},{"text":"<p class=\"product-attr-title\" style=\"text-align: center;\"><strong>Properties<\/strong><\/p>\n<ul>\n<li>also suitable for thin layers<\/li>\n<li>all-purpose use<\/li>\n<li>good resistance to water and chemicals<\/li>\n<li>only slightly yellowing<\/li>\n<li>Total Solid according to GISCODE (Test method &#8220;Deutsche Bauchemie&#8221;)<\/li>\n<li>free of deleterious substances against varnish<\/li>\n<li>can be filled with fire-dried quartz sand<\/li>\n<li>also available in special colours<\/li>\n<li>very good levelling<\/li>\n<li>proven quality<\/li>\n<li>coloured surface<\/li>\n<li>glossy<\/li>\n<li>resistant to abrasion and wear<\/li>\n<\/ul>\n","width":"4","background_color_text":"bg-white","border_color":"border-gray-light"}],"background_color":"bg-none","background_color_content":"bg-none"}},"downloads":{"module_download_list":{"inhalt":null,"downloads":[{"download":{"ID":67935,"id":67935,"title":"EP_216_Universal_PI_en_2025_11","filename":"EP_216_Universal_PI_en_2025_11.pdf","filesize":1756387,"url":"https:\/\/dev.klb-koetztal.de\/app\/uploads\/2025\/11\/EP_216_Universal_PI_en_2025_11.pdf","link":"https:\/\/dev.klb-koetztal.de\/en\/?attachment_id=67935","alt":"","author":"7","description":"","caption":"","name":"ep_216_universal_pi_en_2025_11-2","status":"inherit","uploaded_to":0,"date":"2025-11-03 12:20:19","modified":"2025-11-03 12:20:19","menu_order":0,"mime_type":"application\/pdf","type":"application","subtype":"pdf","icon":"https:\/\/dev.klb-koetztal.de\/wp\/wp-includes\/images\/media\/document.png"},"filename":"Product Information","protected":false,"doclang":"GB","externalkey":"Produktinformation","docpos":"2"},{"download":{"ID":67938,"id":67938,"title":"EP_216_Universal_PI_fr_2025_11","filename":"EP_216_Universal_PI_fr_2025_11.pdf","filesize":1776281,"url":"https:\/\/dev.klb-koetztal.de\/app\/uploads\/2025\/11\/EP_216_Universal_PI_fr_2025_11.pdf","link":"https:\/\/dev.klb-koetztal.de\/en\/?attachment_id=67938","alt":"","author":"7","description":"","caption":"","name":"ep_216_universal_pi_fr_2025_11-2","status":"inherit","uploaded_to":0,"date":"2025-11-03 12:20:21","modified":"2025-11-03 12:20:21","menu_order":0,"mime_type":"application\/pdf","type":"application","subtype":"pdf","icon":"https:\/\/dev.klb-koetztal.de\/wp\/wp-includes\/images\/media\/document.png"},"filename":"Information Produit FR","protected":false,"doclang":"FR","externalkey":"Produktinformation","docpos":"3"},{"download":false,"filename":"Product Information SK","protected":true,"doclang":"","externalkey":"Produktinformation","docpos":"Multi"},{"download":{"ID":59150,"id":59150,"title":"EP_216_Universal_LE_en_2023_12","filename":"EP_216_Universal_LE_en_2023_12.pdf","filesize":352991,"url":"https:\/\/dev.klb-koetztal.de\/app\/uploads\/2023\/12\/EP_216_Universal_LE_en_2023_12.pdf","link":"https:\/\/dev.klb-koetztal.de\/en\/?attachment_id=59150","alt":"","author":"7","description":"","caption":"","name":"ep_216_universal_le_en_2023_12-2","status":"inherit","uploaded_to":0,"date":"2023-12-01 12:23:55","modified":"2023-12-01 12:23:55","menu_order":0,"mime_type":"application\/pdf","type":"application","subtype":"pdf","icon":"https:\/\/dev.klb-koetztal.de\/wp\/wp-includes\/images\/media\/document.png"},"filename":"Statement of performance","protected":false,"doclang":"GB","externalkey":"Leistungserklaerung","docpos":"2"},{"download":{"ID":59153,"id":59153,"title":"EP_216_Universal_LE_fr_2023_12","filename":"EP_216_Universal_LE_fr_2023_12.pdf","filesize":355349,"url":"https:\/\/dev.klb-koetztal.de\/app\/uploads\/2023\/12\/EP_216_Universal_LE_fr_2023_12.pdf","link":"https:\/\/dev.klb-koetztal.de\/en\/?attachment_id=59153","alt":"","author":"7","description":"","caption":"","name":"ep_216_universal_le_fr_2023_12-2","status":"inherit","uploaded_to":0,"date":"2023-12-01 12:30:22","modified":"2023-12-01 12:30:22","menu_order":0,"mime_type":"application\/pdf","type":"application","subtype":"pdf","icon":"https:\/\/dev.klb-koetztal.de\/wp\/wp-includes\/images\/media\/document.png"},"filename":"Declaration of performance","protected":false,"doclang":"FR","externalkey":"Leistungserklaerung","docpos":"3"},{"download":{"ID":51986,"id":51986,"title":"EP216_Universal_Umwelt-Deklaration_2022-08","filename":"EP216_Universal_Umwelt-Deklaration_2022-08.pdf","filesize":4670835,"url":"https:\/\/dev.klb-koetztal.de\/app\/uploads\/2022\/09\/EP216_Universal_Umwelt-Deklaration_2022-08.pdf","link":"https:\/\/dev.klb-koetztal.de\/en\/?attachment_id=51986","alt":"","author":"7","description":"","caption":"","name":"ep216_universal_umwelt-deklaration_2022-08-2","status":"inherit","uploaded_to":0,"date":"2022-09-01 09:41:43","modified":"2022-09-01 09:41:43","menu_order":0,"mime_type":"application\/pdf","type":"application","subtype":"pdf","icon":"https:\/\/dev.klb-koetztal.de\/wp\/wp-includes\/images\/media\/document.png"},"filename":"EPD - Environmental Product Declaration","protected":false,"doclang":"Multi","externalkey":"Umweltproduktdeklaration","docpos":"50"},{"download":false,"filename":"Safety data sheet","protected":true,"doclang":"GB","externalkey":"Sicherheitsdatenblatt","docpos":"2"},{"download":false,"filename":"Fiche de donn\u00e9es de s\u00e9curit\u00e9 FR","protected":true,"doclang":"FR","externalkey":"Sicherheitsdatenblatt","docpos":"3"}],"einstellungen":null,"background_color":"bg-none","background_color_content":"bg-none"}},"included_in_systems":{"module_included_in_systems":{"":null,"background_color":"bg-gray-medium","background_color_content":"bg-none"}},"contact":{"module_contact":{"":null,"background_color":"bg-none","background_color_content":"bg-none"}},"ausschreibende":{"module_ausschreibende":{"andern_sie_den_inhalt_unter_universelle_elemente":null,"background_color":"bg-none","background_color_content":"bg-none"}}},"yoast_head":"<!-- This site is optimized with the Yoast SEO plugin v27.0 - https:\/\/yoast.com\/product\/yoast-seo-wordpress\/ -->\n<title>Self-levelling, resilient coating EP 216 Universal | KLB<\/title>\n<meta name=\"description\" content=\"Low-viscosity, solvent-free, mechanically and chemically-resistant coating and top sealer EP 216 Universal | KLB industrial floors \u2714\ufe0f DAfStb OS 8\" \/>\n<meta name=\"robots\" content=\"noindex, follow, max-snippet:-1, max-image-preview:large, max-video-preview:-1\" \/>\n<meta property=\"og:locale\" content=\"en_GB\" \/>\n<meta property=\"og:type\" content=\"article\" \/>\n<meta property=\"og:title\" content=\"Self-levelling, resilient coating EP 216 Universal | KLB\" \/>\n<meta property=\"og:description\" content=\"Low-viscosity, solvent-free, mechanically and chemically-resistant coating and top sealer EP 216 Universal | KLB industrial floors \u2714\ufe0f DAfStb OS 8\" \/>\n<meta property=\"og:url\" content=\"https:\/\/dev.klb-koetztal.de\/en\/produkt\/klb-system-epoxid-ep-216-universal\/\" \/>\n<meta property=\"og:site_name\" content=\"KLB K\u00f6tztal\" \/>\n<meta property=\"article:publisher\" content=\"https:\/\/www.facebook.com\/klbkoetztal\" \/>\n<meta property=\"article:modified_time\" content=\"2026-03-16T13:21:18+00:00\" \/>\n<meta property=\"og:image\" content=\"https:\/\/dev.klb-koetztal.de\/app\/uploads\/2022\/03\/EP216.jpg\" \/>\n\t<meta property=\"og:image:width\" content=\"500\" \/>\n\t<meta property=\"og:image:height\" content=\"500\" \/>\n\t<meta property=\"og:image:type\" content=\"image\/jpeg\" \/>\n<meta name=\"twitter:card\" content=\"summary_large_image\" \/>\n<script type=\"application\/ld+json\" class=\"yoast-schema-graph\">{\"@context\":\"https:\/\/schema.org\",\"@graph\":[{\"@type\":\"WebPage\",\"@id\":\"https:\/\/dev.klb-koetztal.de\/en\/produkt\/klb-system-epoxid-ep-216-universal\/\",\"url\":\"https:\/\/dev.klb-koetztal.de\/en\/produkt\/klb-system-epoxid-ep-216-universal\/\",\"name\":\"Self-levelling, resilient coating EP 216 Universal | KLB\",\"isPartOf\":{\"@id\":\"https:\/\/dev.klb-koetztal.de\/en\/#website\"},\"primaryImageOfPage\":{\"@id\":\"https:\/\/dev.klb-koetztal.de\/en\/produkt\/klb-system-epoxid-ep-216-universal\/#primaryimage\"},\"image\":{\"@id\":\"https:\/\/dev.klb-koetztal.de\/en\/produkt\/klb-system-epoxid-ep-216-universal\/#primaryimage\"},\"thumbnailUrl\":\"https:\/\/dev.klb-koetztal.de\/app\/uploads\/2022\/03\/EP216.jpg\",\"datePublished\":\"2024-08-20T14:34:39+00:00\",\"dateModified\":\"2026-03-16T13:21:18+00:00\",\"description\":\"Low-viscosity, solvent-free, mechanically and chemically-resistant coating and top sealer EP 216 Universal | KLB industrial floors \u2714\ufe0f DAfStb OS 8\",\"breadcrumb\":{\"@id\":\"https:\/\/dev.klb-koetztal.de\/en\/produkt\/klb-system-epoxid-ep-216-universal\/#breadcrumb\"},\"inLanguage\":\"en-GB\",\"potentialAction\":[{\"@type\":\"ReadAction\",\"target\":[\"https:\/\/dev.klb-koetztal.de\/en\/produkt\/klb-system-epoxid-ep-216-universal\/\"]}]},{\"@type\":\"ImageObject\",\"inLanguage\":\"en-GB\",\"@id\":\"https:\/\/dev.klb-koetztal.de\/en\/produkt\/klb-system-epoxid-ep-216-universal\/#primaryimage\",\"url\":\"https:\/\/dev.klb-koetztal.de\/app\/uploads\/2022\/03\/EP216.jpg\",\"contentUrl\":\"https:\/\/dev.klb-koetztal.de\/app\/uploads\/2022\/03\/EP216.jpg\",\"width\":500,\"height\":500},{\"@type\":\"BreadcrumbList\",\"@id\":\"https:\/\/dev.klb-koetztal.de\/en\/produkt\/klb-system-epoxid-ep-216-universal\/#breadcrumb\",\"itemListElement\":[{\"@type\":\"ListItem\",\"position\":1,\"name\":\"Startseite\",\"item\":\"https:\/\/dev.klb-koetztal.de\/en\/\"},{\"@type\":\"ListItem\",\"position\":2,\"name\":\"KLB-SYSTEM EPOXID EP 216 Universal\"}]},{\"@type\":\"WebSite\",\"@id\":\"https:\/\/dev.klb-koetztal.de\/en\/#website\",\"url\":\"https:\/\/dev.klb-koetztal.de\/en\/\",\"name\":\"KLB K\u00f6tztal\",\"description\":\"Gute B\u00f6den haben ein System.\",\"potentialAction\":[{\"@type\":\"SearchAction\",\"target\":{\"@type\":\"EntryPoint\",\"urlTemplate\":\"https:\/\/dev.klb-koetztal.de\/en\/?s={search_term_string}\"},\"query-input\":{\"@type\":\"PropertyValueSpecification\",\"valueRequired\":true,\"valueName\":\"search_term_string\"}}],\"inLanguage\":\"en-GB\"}]}<\/script>\n<!-- \/ Yoast SEO plugin. -->","yoast_head_json":{"title":"Self-levelling, resilient coating EP 216 Universal | KLB","description":"Low-viscosity, solvent-free, mechanically and chemically-resistant coating and top sealer EP 216 Universal | KLB industrial floors \u2714\ufe0f DAfStb OS 8","robots":{"index":"noindex","follow":"follow","max-snippet":"max-snippet:-1","max-image-preview":"max-image-preview:large","max-video-preview":"max-video-preview:-1"},"og_locale":"en_GB","og_type":"article","og_title":"Self-levelling, resilient coating EP 216 Universal | KLB","og_description":"Low-viscosity, solvent-free, mechanically and chemically-resistant coating and top sealer EP 216 Universal | KLB industrial floors \u2714\ufe0f DAfStb OS 8","og_url":"https:\/\/dev.klb-koetztal.de\/en\/produkt\/klb-system-epoxid-ep-216-universal\/","og_site_name":"KLB K\u00f6tztal","article_publisher":"https:\/\/www.facebook.com\/klbkoetztal","article_modified_time":"2026-03-16T13:21:18+00:00","og_image":[{"width":500,"height":500,"url":"https:\/\/dev.klb-koetztal.de\/app\/uploads\/2022\/03\/EP216.jpg","type":"image\/jpeg"}],"twitter_card":"summary_large_image","schema":{"@context":"https:\/\/schema.org","@graph":[{"@type":"WebPage","@id":"https:\/\/dev.klb-koetztal.de\/en\/produkt\/klb-system-epoxid-ep-216-universal\/","url":"https:\/\/dev.klb-koetztal.de\/en\/produkt\/klb-system-epoxid-ep-216-universal\/","name":"Self-levelling, resilient coating EP 216 Universal | KLB","isPartOf":{"@id":"https:\/\/dev.klb-koetztal.de\/en\/#website"},"primaryImageOfPage":{"@id":"https:\/\/dev.klb-koetztal.de\/en\/produkt\/klb-system-epoxid-ep-216-universal\/#primaryimage"},"image":{"@id":"https:\/\/dev.klb-koetztal.de\/en\/produkt\/klb-system-epoxid-ep-216-universal\/#primaryimage"},"thumbnailUrl":"https:\/\/dev.klb-koetztal.de\/app\/uploads\/2022\/03\/EP216.jpg","datePublished":"2024-08-20T14:34:39+00:00","dateModified":"2026-03-16T13:21:18+00:00","description":"Low-viscosity, solvent-free, mechanically and chemically-resistant coating and top sealer EP 216 Universal | KLB industrial floors \u2714\ufe0f DAfStb OS 8","breadcrumb":{"@id":"https:\/\/dev.klb-koetztal.de\/en\/produkt\/klb-system-epoxid-ep-216-universal\/#breadcrumb"},"inLanguage":"en-GB","potentialAction":[{"@type":"ReadAction","target":["https:\/\/dev.klb-koetztal.de\/en\/produkt\/klb-system-epoxid-ep-216-universal\/"]}]},{"@type":"ImageObject","inLanguage":"en-GB","@id":"https:\/\/dev.klb-koetztal.de\/en\/produkt\/klb-system-epoxid-ep-216-universal\/#primaryimage","url":"https:\/\/dev.klb-koetztal.de\/app\/uploads\/2022\/03\/EP216.jpg","contentUrl":"https:\/\/dev.klb-koetztal.de\/app\/uploads\/2022\/03\/EP216.jpg","width":500,"height":500},{"@type":"BreadcrumbList","@id":"https:\/\/dev.klb-koetztal.de\/en\/produkt\/klb-system-epoxid-ep-216-universal\/#breadcrumb","itemListElement":[{"@type":"ListItem","position":1,"name":"Startseite","item":"https:\/\/dev.klb-koetztal.de\/en\/"},{"@type":"ListItem","position":2,"name":"KLB-SYSTEM EPOXID EP 216 Universal"}]},{"@type":"WebSite","@id":"https:\/\/dev.klb-koetztal.de\/en\/#website","url":"https:\/\/dev.klb-koetztal.de\/en\/","name":"KLB K\u00f6tztal","description":"Gute B\u00f6den haben ein System.","potentialAction":[{"@type":"SearchAction","target":{"@type":"EntryPoint","urlTemplate":"https:\/\/dev.klb-koetztal.de\/en\/?s={search_term_string}"},"query-input":{"@type":"PropertyValueSpecification","valueRequired":true,"valueName":"search_term_string"}}],"inLanguage":"en-GB"}]}},"_links":{"self":[{"href":"https:\/\/dev.klb-koetztal.de\/en\/wp-json\/wp\/v2\/product\/62773","targetHints":{"allow":["GET"]}}],"collection":[{"href":"https:\/\/dev.klb-koetztal.de\/en\/wp-json\/wp\/v2\/product"}],"about":[{"href":"https:\/\/dev.klb-koetztal.de\/en\/wp-json\/wp\/v2\/types\/product"}],"wp:featuredmedia":[{"embeddable":true,"href":"https:\/\/dev.klb-koetztal.de\/en\/wp-json\/wp\/v2\/media\/49485"}],"wp:attachment":[{"href":"https:\/\/dev.klb-koetztal.de\/en\/wp-json\/wp\/v2\/media?parent=62773"}],"wp:term":[{"taxonomy":"product_brand","embeddable":true,"href":"https:\/\/dev.klb-koetztal.de\/en\/wp-json\/wp\/v2\/product_brand?post=62773"},{"taxonomy":"product_cat","embeddable":true,"href":"https:\/\/dev.klb-koetztal.de\/en\/wp-json\/wp\/v2\/product_cat?post=62773"},{"taxonomy":"product_tag","embeddable":true,"href":"https:\/\/dev.klb-koetztal.de\/en\/wp-json\/wp\/v2\/product_tag?post=62773"}],"curies":[{"name":"wp","href":"https:\/\/api.w.org\/{rel}","templated":true}]}}