{"id":62770,"date":"2024-08-20T15:27:16","date_gmt":"2024-08-20T13:27:16","guid":{"rendered":"https:\/\/www.klb-koetztal.de\/produkt\/klb-system-polyurethan-pu-414-flair\/"},"modified":"2026-03-16T14:26:53","modified_gmt":"2026-03-16T13:26:53","slug":"klb-system-polyurethan-pu-414-flair","status":"publish","type":"product","link":"https:\/\/dev.klb-koetztal.de\/en\/produkt\/klb-system-polyurethan-pu-414-flair\/","title":{"rendered":"KLB-SYSTEM POLYURETHAN PU 414 FLAIR"},"content":{"rendered":"","protected":false},"excerpt":{"rendered":"<p>Low-emission, elastic 2-component polyurethane coating for decorative floorings, largely light-stable!&#160;KLB-SYSTEM POLYURETHAN PU 414&#160;FLAIR&#160;is suitable for producing highly decorative floor coatings on&#160;interior surfaces, that give every room an individual and unmistakable FLAIR.<br \/>\nThe flexible cured coating offers special walking comfort. The coating is especially suitable for interior areas with a high demand to the optical appearance, e.g. living rooms, offices, doctor\u2019s surgeries, fitness centers and wellness areas, schools, and many more. The coating is not suitable for industrially used areas with an increased mechanical load.<br \/>\n&#160;<\/p>\n","protected":false},"featured_media":61084,"template":"","meta":{"_acf_changed":false},"product_brand":[],"product_cat":[9609,9611],"product_tag":[],"class_list":{"0":"post-62770","1":"product","2":"type-product","3":"status-publish","4":"has-post-thumbnail","6":"product_cat-coatings","7":"product_cat-2-component-polyurethane-coatings-comfortable-coatings","9":"first","10":"instock","11":"shipping-taxable","12":"product-type-simple"},"acf":{"product_header":{"module_product_header":{"":null,"prototype_headline":{"headline":"KLB-SYSTEM POLYURETHAN PU 414 FLAIR","h1":true,"subheadline":"Low-emission, decorative 2-component polyurethane design coating with a special textured effect for decorative floor coverings.","anchor":"","url":""},"grid_text_slider":false,"grid_text_content":[{"text":"<p class=\"product-short-title\" style=\"text-align: center;\"><strong>Brief description<\/strong><\/p>\n<p>Low-emission, elastic 2-component polyurethane coating for decorative floorings, largely light-stable!&#160;<strong>KLB-SYSTEM POLYURETHAN PU 414&#160;FLAIR<\/strong>&#160;is suitable for producing highly decorative floor coatings on&#160;interior surfaces, that give every room an individual and unmistakable FLAIR.<\/p>\n<p>The flexible cured coating offers special walking comfort. The coating is especially suitable for interior areas with a high demand to the optical appearance, e.g. living rooms, offices, doctor\u2019s surgeries, fitness centers and wellness areas, schools, and many more. The coating is not suitable for industrially used areas with an increased mechanical load.<\/p>\n<p>&#160;<\/p>\n","width":"4","background_color_text":"bg-white","border_color":"border-gray-light"},{"text":"<p class=\"product-sicing-title\" style=\"text-align: center;\"><strong>Packaging units<\/strong><\/p>\n<ul>\n<li>AK0008-50 &#8211; Bucket combo 10.00 kg<\/li>\n<li>AK0008-30 &#8211; Hobbock combo 30.00 kg<\/li>\n<\/ul>\n<p><\/p>\n<p>Please do not hesitate to contact us directly for enquiries about larger delivery quantities or packaging units.<\/p>\n\n","width":"4","background_color_text":"bg-white","border_color":"border-gray-light"},{"text":"<p class=\"product-attr-title\" style=\"text-align: center;\"><strong>Properties<\/strong><\/p>\n<ul>\n<li>tested, low-emission quality<\/li>\n<li>EMICODE\u00ae EC 1PLUS certified<\/li>\n<li>compliant with AgBB and suitable for recreation rooms<\/li>\n<li>decorative, appealing surface<\/li>\n<li>available in various trendy colours<\/li>\n<li>highly individual surfaces<\/li>\n<li>elastic<\/li>\n<li>good walking comfort<\/li>\n<li>suitable for renovations<\/li>\n<li>light-stable for the most part<\/li>\n<li>free of deleterious substances against varnish<\/li>\n<\/ul>\n","width":"4","background_color_text":"bg-white","border_color":"border-gray-light"}],"background_color":"bg-none","background_color_content":"bg-none"}},"downloads":{"module_download_list":{"inhalt":null,"downloads":[{"download":false,"filename":"Product Information SK","protected":true,"doclang":"","externalkey":"Produktinformation","docpos":"Multi"},{"download":{"ID":68280,"id":68280,"title":"PU_414_FLAIR_PI_en_2025-12","filename":"PU_414_FLAIR_PI_en_2025-12.pdf","filesize":1453250,"url":"https:\/\/dev.klb-koetztal.de\/app\/uploads\/2025\/12\/PU_414_FLAIR_PI_en_2025-12.pdf","link":"https:\/\/dev.klb-koetztal.de\/en\/?attachment_id=68280","alt":"","author":"7","description":"","caption":"","name":"pu_414_flair_pi_en_2025-12-2","status":"inherit","uploaded_to":0,"date":"2025-12-04 08:20:21","modified":"2025-12-04 08:20:21","menu_order":0,"mime_type":"application\/pdf","type":"application","subtype":"pdf","icon":"https:\/\/dev.klb-koetztal.de\/wp\/wp-includes\/images\/media\/document.png"},"filename":"Product Information","protected":false,"doclang":"GB","externalkey":"Produktinformation","docpos":"2"},{"download":{"ID":68283,"id":68283,"title":"PU_414_FLAIR_PI_fr_2025-12","filename":"PU_414_FLAIR_PI_fr_2025-12.pdf","filesize":1459999,"url":"https:\/\/dev.klb-koetztal.de\/app\/uploads\/2025\/12\/PU_414_FLAIR_PI_fr_2025-12.pdf","link":"https:\/\/dev.klb-koetztal.de\/en\/?attachment_id=68283","alt":"","author":"7","description":"","caption":"","name":"pu_414_flair_pi_fr_2025-12-2","status":"inherit","uploaded_to":0,"date":"2025-12-04 08:20:23","modified":"2025-12-04 08:20:23","menu_order":0,"mime_type":"application\/pdf","type":"application","subtype":"pdf","icon":"https:\/\/dev.klb-koetztal.de\/wp\/wp-includes\/images\/media\/document.png"},"filename":"Information Produit FR","protected":false,"doclang":"FR","externalkey":"Produktinformation","docpos":"3"},{"download":{"ID":68244,"id":68244,"title":"PU_414_FLAIR_LE_en_2025_12","filename":"PU_414_FLAIR_LE_en_2025_12.pdf","filesize":547789,"url":"https:\/\/dev.klb-koetztal.de\/app\/uploads\/2025\/12\/PU_414_FLAIR_LE_en_2025_12.pdf","link":"https:\/\/dev.klb-koetztal.de\/en\/?attachment_id=68244","alt":"","author":"7","description":"","caption":"","name":"pu_414_flair_le_en_2025_12-2","status":"inherit","uploaded_to":0,"date":"2025-12-04 06:40:46","modified":"2025-12-04 06:40:46","menu_order":0,"mime_type":"application\/pdf","type":"application","subtype":"pdf","icon":"https:\/\/dev.klb-koetztal.de\/wp\/wp-includes\/images\/media\/document.png"},"filename":"Statement of performance","protected":false,"doclang":"GB","externalkey":"Leistungserklaerung","docpos":"2"},{"download":{"ID":68247,"id":68247,"title":"PU_414_FLAIR_LE_fr_2025_12","filename":"PU_414_FLAIR_LE_fr_2025_12.pdf","filesize":546463,"url":"https:\/\/dev.klb-koetztal.de\/app\/uploads\/2025\/12\/PU_414_FLAIR_LE_fr_2025_12.pdf","link":"https:\/\/dev.klb-koetztal.de\/en\/?attachment_id=68247","alt":"","author":"7","description":"","caption":"","name":"pu_414_flair_le_fr_2025_12-2","status":"inherit","uploaded_to":0,"date":"2025-12-04 06:40:47","modified":"2025-12-04 06:40:47","menu_order":0,"mime_type":"application\/pdf","type":"application","subtype":"pdf","icon":"https:\/\/dev.klb-koetztal.de\/wp\/wp-includes\/images\/media\/document.png"},"filename":"Declaration of performance","protected":false,"doclang":"FR","externalkey":"Leistungserklaerung","docpos":"3"},{"download":{"ID":60815,"id":60815,"title":"PU414FLAIR_Umwelt-Deklaration_2024-03","filename":"PU414FLAIR_Umwelt-Deklaration_2024-03.pdf","filesize":2560962,"url":"https:\/\/dev.klb-koetztal.de\/app\/uploads\/2024\/03\/PU414FLAIR_Umwelt-Deklaration_2024-03.pdf","link":"https:\/\/dev.klb-koetztal.de\/en\/?attachment_id=60815","alt":"","author":"7","description":"","caption":"","name":"pu414flair_umwelt-deklaration_2024-03-2","status":"inherit","uploaded_to":0,"date":"2024-03-25 11:01:52","modified":"2024-03-25 11:01:52","menu_order":0,"mime_type":"application\/pdf","type":"application","subtype":"pdf","icon":"https:\/\/dev.klb-koetztal.de\/wp\/wp-includes\/images\/media\/document.png"},"filename":"EPD - Environmental Product Declaration","protected":false,"doclang":"Multi","externalkey":"Umweltproduktdeklaration","docpos":"50"},{"download":false,"filename":"Safety data sheet","protected":true,"doclang":"GB","externalkey":"Sicherheitsdatenblatt","docpos":"2"},{"download":false,"filename":"Fiche de donn\u00e9es de s\u00e9curit\u00e9 FR","protected":true,"doclang":"FR","externalkey":"Sicherheitsdatenblatt","docpos":"3"},{"download":{"ID":61100,"id":61100,"title":"Colour_chart_EN_KLB-SYSTEM_POLYURETHAN_PU_414_FLAIR_03_2024","filename":"Colour_chart_EN_KLB-SYSTEM_POLYURETHAN_PU_414_FLAIR_03_2024.pdf","filesize":434137,"url":"https:\/\/dev.klb-koetztal.de\/app\/uploads\/2024\/04\/Colour_chart_EN_KLB-SYSTEM_POLYURETHAN_PU_414_FLAIR_03_2024.pdf","link":"https:\/\/dev.klb-koetztal.de\/en\/?attachment_id=61100","alt":"","author":"7","description":"","caption":"","name":"colour_chart_en_klb-system_polyurethan_pu_414_flair_03_2024-2","status":"inherit","uploaded_to":0,"date":"2024-04-11 13:50:20","modified":"2024-04-11 13:50:20","menu_order":0,"mime_type":"application\/pdf","type":"application","subtype":"pdf","icon":"https:\/\/dev.klb-koetztal.de\/wp\/wp-includes\/images\/media\/document.png"},"filename":"Colour charts EN","protected":false,"doclang":"GB","externalkey":"Farbkarten","docpos":"2"}],"einstellungen":null,"background_color":"bg-none","background_color_content":"bg-none"}},"included_in_systems":{"module_included_in_systems":{"":null,"background_color":"bg-gray-medium","background_color_content":"bg-none"}},"contact":{"module_contact":{"":null,"background_color":"bg-none","background_color_content":"bg-none"}},"ausschreibende":{"module_ausschreibende":{"andern_sie_den_inhalt_unter_universelle_elemente":null,"background_color":"bg-none","background_color_content":"bg-none"}}},"yoast_head":"<!-- This site is optimized with the Yoast SEO plugin v27.0 - https:\/\/yoast.com\/product\/yoast-seo-wordpress\/ -->\n<title>Low-emission 2-comp. effect coating PU 414 FLAIR | KLB K\u00f6tztal<\/title>\n<meta name=\"description\" content=\"Low-VOC, elastic coating PU 414 FLAIR for decorative floors in a special wiping technique, e.g. doctor\u2019s surgeries, schools, etc. | KLB floors \u2714\ufe0f marble look\" \/>\n<meta name=\"robots\" content=\"noindex, follow, max-snippet:-1, max-image-preview:large, max-video-preview:-1\" \/>\n<meta property=\"og:locale\" content=\"en_GB\" \/>\n<meta property=\"og:type\" content=\"article\" \/>\n<meta property=\"og:title\" content=\"Low-emission 2-comp. effect coating PU 414 FLAIR | KLB K\u00f6tztal\" \/>\n<meta property=\"og:description\" content=\"Low-VOC, elastic coating PU 414 FLAIR for decorative floors in a special wiping technique, e.g. doctor\u2019s surgeries, schools, etc. | KLB floors \u2714\ufe0f marble look\" \/>\n<meta property=\"og:url\" content=\"https:\/\/dev.klb-koetztal.de\/en\/produkt\/klb-system-polyurethan-pu-414-flair\/\" \/>\n<meta property=\"og:site_name\" content=\"KLB K\u00f6tztal\" \/>\n<meta property=\"article:publisher\" content=\"https:\/\/www.facebook.com\/klbkoetztal\" \/>\n<meta property=\"article:modified_time\" content=\"2026-03-16T13:26:53+00:00\" \/>\n<meta property=\"og:image\" content=\"https:\/\/dev.klb-koetztal.de\/app\/uploads\/2024\/04\/PU_414_FLAIR_Dekor_Effektbeschichtung_KLB_marble_marmor_Polyurethan_600px.jpg\" \/>\n\t<meta property=\"og:image:width\" content=\"600\" \/>\n\t<meta property=\"og:image:height\" content=\"600\" \/>\n\t<meta property=\"og:image:type\" content=\"image\/jpeg\" \/>\n<meta name=\"twitter:card\" content=\"summary_large_image\" \/>\n<script type=\"application\/ld+json\" class=\"yoast-schema-graph\">{\"@context\":\"https:\/\/schema.org\",\"@graph\":[{\"@type\":\"WebPage\",\"@id\":\"https:\/\/dev.klb-koetztal.de\/en\/produkt\/klb-system-polyurethan-pu-414-flair\/\",\"url\":\"https:\/\/dev.klb-koetztal.de\/en\/produkt\/klb-system-polyurethan-pu-414-flair\/\",\"name\":\"Low-emission 2-comp. effect coating PU 414 FLAIR | KLB K\u00f6tztal\",\"isPartOf\":{\"@id\":\"https:\/\/dev.klb-koetztal.de\/en\/#website\"},\"primaryImageOfPage\":{\"@id\":\"https:\/\/dev.klb-koetztal.de\/en\/produkt\/klb-system-polyurethan-pu-414-flair\/#primaryimage\"},\"image\":{\"@id\":\"https:\/\/dev.klb-koetztal.de\/en\/produkt\/klb-system-polyurethan-pu-414-flair\/#primaryimage\"},\"thumbnailUrl\":\"https:\/\/dev.klb-koetztal.de\/app\/uploads\/2024\/04\/PU_414_FLAIR_Dekor_Effektbeschichtung_KLB_marble_marmor_Polyurethan_600px.jpg\",\"datePublished\":\"2024-08-20T13:27:16+00:00\",\"dateModified\":\"2026-03-16T13:26:53+00:00\",\"description\":\"Low-VOC, elastic coating PU 414 FLAIR for decorative floors in a special wiping technique, e.g. doctor\u2019s surgeries, schools, etc. | KLB floors \u2714\ufe0f marble look\",\"breadcrumb\":{\"@id\":\"https:\/\/dev.klb-koetztal.de\/en\/produkt\/klb-system-polyurethan-pu-414-flair\/#breadcrumb\"},\"inLanguage\":\"en-GB\",\"potentialAction\":[{\"@type\":\"ReadAction\",\"target\":[\"https:\/\/dev.klb-koetztal.de\/en\/produkt\/klb-system-polyurethan-pu-414-flair\/\"]}]},{\"@type\":\"ImageObject\",\"inLanguage\":\"en-GB\",\"@id\":\"https:\/\/dev.klb-koetztal.de\/en\/produkt\/klb-system-polyurethan-pu-414-flair\/#primaryimage\",\"url\":\"https:\/\/dev.klb-koetztal.de\/app\/uploads\/2024\/04\/PU_414_FLAIR_Dekor_Effektbeschichtung_KLB_marble_marmor_Polyurethan_600px.jpg\",\"contentUrl\":\"https:\/\/dev.klb-koetztal.de\/app\/uploads\/2024\/04\/PU_414_FLAIR_Dekor_Effektbeschichtung_KLB_marble_marmor_Polyurethan_600px.jpg\",\"width\":600,\"height\":600,\"caption\":\"Gebinde des fugenlosen polyurethan Designbodens PU 414 FLAIR als Dekorbeschichtung\"},{\"@type\":\"BreadcrumbList\",\"@id\":\"https:\/\/dev.klb-koetztal.de\/en\/produkt\/klb-system-polyurethan-pu-414-flair\/#breadcrumb\",\"itemListElement\":[{\"@type\":\"ListItem\",\"position\":1,\"name\":\"Startseite\",\"item\":\"https:\/\/dev.klb-koetztal.de\/en\/\"},{\"@type\":\"ListItem\",\"position\":2,\"name\":\"KLB-SYSTEM POLYURETHAN PU 414 FLAIR\"}]},{\"@type\":\"WebSite\",\"@id\":\"https:\/\/dev.klb-koetztal.de\/en\/#website\",\"url\":\"https:\/\/dev.klb-koetztal.de\/en\/\",\"name\":\"KLB K\u00f6tztal\",\"description\":\"Gute B\u00f6den haben ein System.\",\"potentialAction\":[{\"@type\":\"SearchAction\",\"target\":{\"@type\":\"EntryPoint\",\"urlTemplate\":\"https:\/\/dev.klb-koetztal.de\/en\/?s={search_term_string}\"},\"query-input\":{\"@type\":\"PropertyValueSpecification\",\"valueRequired\":true,\"valueName\":\"search_term_string\"}}],\"inLanguage\":\"en-GB\"}]}<\/script>\n<!-- \/ Yoast SEO plugin. -->","yoast_head_json":{"title":"Low-emission 2-comp. effect coating PU 414 FLAIR | KLB K\u00f6tztal","description":"Low-VOC, elastic coating PU 414 FLAIR for decorative floors in a special wiping technique, e.g. doctor\u2019s surgeries, schools, etc. | KLB floors \u2714\ufe0f marble look","robots":{"index":"noindex","follow":"follow","max-snippet":"max-snippet:-1","max-image-preview":"max-image-preview:large","max-video-preview":"max-video-preview:-1"},"og_locale":"en_GB","og_type":"article","og_title":"Low-emission 2-comp. effect coating PU 414 FLAIR | KLB K\u00f6tztal","og_description":"Low-VOC, elastic coating PU 414 FLAIR for decorative floors in a special wiping technique, e.g. doctor\u2019s surgeries, schools, etc. | KLB floors \u2714\ufe0f marble look","og_url":"https:\/\/dev.klb-koetztal.de\/en\/produkt\/klb-system-polyurethan-pu-414-flair\/","og_site_name":"KLB K\u00f6tztal","article_publisher":"https:\/\/www.facebook.com\/klbkoetztal","article_modified_time":"2026-03-16T13:26:53+00:00","og_image":[{"width":600,"height":600,"url":"https:\/\/dev.klb-koetztal.de\/app\/uploads\/2024\/04\/PU_414_FLAIR_Dekor_Effektbeschichtung_KLB_marble_marmor_Polyurethan_600px.jpg","type":"image\/jpeg"}],"twitter_card":"summary_large_image","schema":{"@context":"https:\/\/schema.org","@graph":[{"@type":"WebPage","@id":"https:\/\/dev.klb-koetztal.de\/en\/produkt\/klb-system-polyurethan-pu-414-flair\/","url":"https:\/\/dev.klb-koetztal.de\/en\/produkt\/klb-system-polyurethan-pu-414-flair\/","name":"Low-emission 2-comp. effect coating PU 414 FLAIR | KLB K\u00f6tztal","isPartOf":{"@id":"https:\/\/dev.klb-koetztal.de\/en\/#website"},"primaryImageOfPage":{"@id":"https:\/\/dev.klb-koetztal.de\/en\/produkt\/klb-system-polyurethan-pu-414-flair\/#primaryimage"},"image":{"@id":"https:\/\/dev.klb-koetztal.de\/en\/produkt\/klb-system-polyurethan-pu-414-flair\/#primaryimage"},"thumbnailUrl":"https:\/\/dev.klb-koetztal.de\/app\/uploads\/2024\/04\/PU_414_FLAIR_Dekor_Effektbeschichtung_KLB_marble_marmor_Polyurethan_600px.jpg","datePublished":"2024-08-20T13:27:16+00:00","dateModified":"2026-03-16T13:26:53+00:00","description":"Low-VOC, elastic coating PU 414 FLAIR for decorative floors in a special wiping technique, e.g. doctor\u2019s surgeries, schools, etc. | KLB floors \u2714\ufe0f marble look","breadcrumb":{"@id":"https:\/\/dev.klb-koetztal.de\/en\/produkt\/klb-system-polyurethan-pu-414-flair\/#breadcrumb"},"inLanguage":"en-GB","potentialAction":[{"@type":"ReadAction","target":["https:\/\/dev.klb-koetztal.de\/en\/produkt\/klb-system-polyurethan-pu-414-flair\/"]}]},{"@type":"ImageObject","inLanguage":"en-GB","@id":"https:\/\/dev.klb-koetztal.de\/en\/produkt\/klb-system-polyurethan-pu-414-flair\/#primaryimage","url":"https:\/\/dev.klb-koetztal.de\/app\/uploads\/2024\/04\/PU_414_FLAIR_Dekor_Effektbeschichtung_KLB_marble_marmor_Polyurethan_600px.jpg","contentUrl":"https:\/\/dev.klb-koetztal.de\/app\/uploads\/2024\/04\/PU_414_FLAIR_Dekor_Effektbeschichtung_KLB_marble_marmor_Polyurethan_600px.jpg","width":600,"height":600,"caption":"Gebinde des fugenlosen polyurethan Designbodens PU 414 FLAIR als Dekorbeschichtung"},{"@type":"BreadcrumbList","@id":"https:\/\/dev.klb-koetztal.de\/en\/produkt\/klb-system-polyurethan-pu-414-flair\/#breadcrumb","itemListElement":[{"@type":"ListItem","position":1,"name":"Startseite","item":"https:\/\/dev.klb-koetztal.de\/en\/"},{"@type":"ListItem","position":2,"name":"KLB-SYSTEM POLYURETHAN PU 414 FLAIR"}]},{"@type":"WebSite","@id":"https:\/\/dev.klb-koetztal.de\/en\/#website","url":"https:\/\/dev.klb-koetztal.de\/en\/","name":"KLB K\u00f6tztal","description":"Gute B\u00f6den haben ein System.","potentialAction":[{"@type":"SearchAction","target":{"@type":"EntryPoint","urlTemplate":"https:\/\/dev.klb-koetztal.de\/en\/?s={search_term_string}"},"query-input":{"@type":"PropertyValueSpecification","valueRequired":true,"valueName":"search_term_string"}}],"inLanguage":"en-GB"}]}},"_links":{"self":[{"href":"https:\/\/dev.klb-koetztal.de\/en\/wp-json\/wp\/v2\/product\/62770","targetHints":{"allow":["GET"]}}],"collection":[{"href":"https:\/\/dev.klb-koetztal.de\/en\/wp-json\/wp\/v2\/product"}],"about":[{"href":"https:\/\/dev.klb-koetztal.de\/en\/wp-json\/wp\/v2\/types\/product"}],"wp:featuredmedia":[{"embeddable":true,"href":"https:\/\/dev.klb-koetztal.de\/en\/wp-json\/wp\/v2\/media\/61084"}],"wp:attachment":[{"href":"https:\/\/dev.klb-koetztal.de\/en\/wp-json\/wp\/v2\/media?parent=62770"}],"wp:term":[{"taxonomy":"product_brand","embeddable":true,"href":"https:\/\/dev.klb-koetztal.de\/en\/wp-json\/wp\/v2\/product_brand?post=62770"},{"taxonomy":"product_cat","embeddable":true,"href":"https:\/\/dev.klb-koetztal.de\/en\/wp-json\/wp\/v2\/product_cat?post=62770"},{"taxonomy":"product_tag","embeddable":true,"href":"https:\/\/dev.klb-koetztal.de\/en\/wp-json\/wp\/v2\/product_tag?post=62770"}],"curies":[{"name":"wp","href":"https:\/\/api.w.org\/{rel}","templated":true}]}}