{"id":62004,"date":"2024-06-17T13:50:08","date_gmt":"2024-06-17T11:50:08","guid":{"rendered":"https:\/\/www.klb-koetztal.de\/produkt\/klb-system-acryl-ac-23\/"},"modified":"2026-02-25T12:24:05","modified_gmt":"2026-02-25T11:24:05","slug":"klb-system-acryl-ac-23","status":"publish","type":"product","link":"https:\/\/dev.klb-koetztal.de\/en\/produkt\/klb-system-acryl-ac-23\/","title":{"rendered":"KLB-SYSTEM ACRYL AC 23"},"content":{"rendered":"","protected":false},"excerpt":{"rendered":"<p>Low-viscosity, rapid-setting acrylic resin primer KLB-SYSTEM ACRYL AC 23 with good adhesion on screed and concrete. Particularly suitable for vertical joint flanks of block joints in combination with acrylic grouting resins, such as&#160;KLB-SYSTEM ACRYL AC 353&#160;or KLB-SYSTEM ACRYL AC 356.<br \/>\nPlease order hardener powder separately!<\/p>\n","protected":false},"featured_media":64186,"template":"","meta":{"_acf_changed":false},"product_brand":[],"product_cat":[9607,9655,9605,9645],"product_tag":[],"class_list":{"0":"post-62004","1":"product","2":"type-product","3":"status-publish","4":"has-post-thumbnail","6":"product_cat-primers","7":"product_cat-pmma-primers","8":"product_cat-ready-mixed-mortar-coving-resins-renovation-injection-and-joint-resins","9":"product_cat-joint-resins","11":"first","12":"instock","13":"shipping-taxable","14":"product-type-simple"},"acf":{"product_header":{"module_product_header":{"":null,"prototype_headline":{"headline":"KLB-SYSTEM ACRYL AC 23","h1":true,"subheadline":"Rapid-setting, low-viscosity 2-component PMMA base coat for block joints","anchor":"","url":""},"grid_text_slider":false,"grid_text_content":[{"text":"<p class=\"product-short-title\" style=\"text-align: center;\"><strong>Brief description<\/strong><\/p>\n<p>Low-viscosity, rapid-setting acrylic resin primer <strong>KLB-SYSTEM ACRYL AC 23 <\/strong>with good adhesion on screed and concrete. Particularly suitable for vertical joint flanks of block joints in combination with acrylic grouting resins, such as&#160;<strong>KLB-SYSTEM ACRYL AC 353&#160;<\/strong>or <strong>KLB-SYSTEM ACRYL AC 356.<\/strong><\/p>\n<p>Please order hardener powder separately!<\/p>\n","width":"4","background_color_text":"bg-white","border_color":"border-gray-light"},{"text":"<p class=\"product-sicing-title\" style=\"text-align: center;\"><strong>Packaging units<\/strong><\/p>\n<ul>\n<li>MA0102-53 &#8211; Canister 10.00 kg<\/li>\n<\/ul>\n<p><\/p>\n<p>Please do not hesitate to contact us directly for enquiries about larger delivery quantities or packaging units.<\/p>\n\n","width":"4","background_color_text":"bg-white","border_color":"border-gray-light"},{"text":"<p class=\"product-attr-title\" style=\"text-align: center;\"><strong>Properties<\/strong><\/p>\n<ul>\n<li>very rapid-setting<\/li>\n<li>can be reworked after 30 minutes<\/li>\n<li>easy application onto vertical surfaces<\/li>\n<li>cures at low temperatures<\/li>\n<li>good resistance to water and chemicals<\/li>\n<li>suitable for renovations<\/li>\n<\/ul>\n","width":"4","background_color_text":"bg-white","border_color":"border-gray-light"}],"background_color":"bg-none","background_color_content":"bg-none"}},"downloads":{"module_download_list":{"inhalt":null,"downloads":[{"download":{"ID":62010,"id":62010,"title":"AC_23_PI_en_2024_06","filename":"AC_23_PI_en_2024_06.pdf","filesize":193355,"url":"https:\/\/dev.klb-koetztal.de\/app\/uploads\/2024\/06\/AC_23_PI_en_2024_06.pdf","link":"https:\/\/dev.klb-koetztal.de\/en\/?attachment_id=62010","alt":"","author":"7","description":"","caption":"","name":"ac_23_pi_en_2024_06-2","status":"inherit","uploaded_to":0,"date":"2024-06-17 11:50:16","modified":"2024-06-17 11:50:16","menu_order":0,"mime_type":"application\/pdf","type":"application","subtype":"pdf","icon":"https:\/\/dev.klb-koetztal.de\/wp\/wp-includes\/images\/media\/document.png"},"filename":"Product Information","protected":false,"doclang":"GB","externalkey":"Produktinformation","docpos":"2"},{"download":{"ID":62013,"id":62013,"title":"AC_23_PI_fr_2024_06","filename":"AC_23_PI_fr_2024_06.pdf","filesize":196977,"url":"https:\/\/dev.klb-koetztal.de\/app\/uploads\/2024\/06\/AC_23_PI_fr_2024_06.pdf","link":"https:\/\/dev.klb-koetztal.de\/en\/?attachment_id=62013","alt":"","author":"7","description":"","caption":"","name":"ac_23_pi_fr_2024_06-2","status":"inherit","uploaded_to":0,"date":"2024-06-17 11:50:18","modified":"2024-06-17 11:50:18","menu_order":0,"mime_type":"application\/pdf","type":"application","subtype":"pdf","icon":"https:\/\/dev.klb-koetztal.de\/wp\/wp-includes\/images\/media\/document.png"},"filename":"Information Produit FR","protected":false,"doclang":"FR","externalkey":"Produktinformation","docpos":"3"},{"download":{"ID":67751,"id":67751,"title":"AC23_Umwelt-Deklaration_2025-10","filename":"AC23_Umwelt-Deklaration_2025-10.pdf","filesize":1691714,"url":"https:\/\/dev.klb-koetztal.de\/app\/uploads\/2025\/10\/AC23_Umwelt-Deklaration_2025-10.pdf","link":"https:\/\/dev.klb-koetztal.de\/en\/?attachment_id=67751","alt":"","author":"7","description":"","caption":"","name":"ac23_umwelt-deklaration_2025-10-2","status":"inherit","uploaded_to":0,"date":"2025-10-16 09:51:01","modified":"2025-10-16 09:51:01","menu_order":0,"mime_type":"application\/pdf","type":"application","subtype":"pdf","icon":"https:\/\/dev.klb-koetztal.de\/wp\/wp-includes\/images\/media\/document.png"},"filename":"EPD - Environmental Product Declaration","protected":false,"doclang":"Multi","externalkey":"Umweltproduktdeklaration","docpos":"50"},{"download":false,"filename":"Safety data sheet","protected":true,"doclang":"GB","externalkey":"Sicherheitsdatenblatt","docpos":"2"},{"download":false,"filename":"Fiche de donn\u00e9es de s\u00e9curit\u00e9 FR","protected":true,"doclang":"FR","externalkey":"Sicherheitsdatenblatt","docpos":"3"}],"einstellungen":null,"background_color":"bg-none","background_color_content":"bg-none"}},"included_in_systems":{"module_included_in_systems":{"":null,"background_color":"bg-gray-medium","background_color_content":"bg-none"}},"contact":{"module_contact":{"":null,"background_color":"bg-none","background_color_content":"bg-none"}},"ausschreibende":{"module_ausschreibende":{"andern_sie_den_inhalt_unter_universelle_elemente":null,"background_color":"bg-none","background_color_content":"bg-none"}}},"yoast_head":"<!-- This site is optimized with the Yoast SEO plugin v27.0 - https:\/\/yoast.com\/product\/yoast-seo-wordpress\/ -->\n<title>Rapid-setting, low-viscous block joint primer AC 23 | KLB K\u00f6tztal<\/title>\n<meta name=\"description\" content=\"Low-viscosity, rapid-setting acrylic resin primer AC 23. Good adhesion on vertical surfaces of screed and concrete | KLB coatings \u2714\ufe0f for block joints\" \/>\n<meta name=\"robots\" content=\"noindex, follow, max-snippet:-1, max-image-preview:large, max-video-preview:-1\" \/>\n<meta property=\"og:locale\" content=\"en_GB\" \/>\n<meta property=\"og:type\" content=\"article\" \/>\n<meta property=\"og:title\" content=\"Rapid-setting, low-viscous block joint primer AC 23 | KLB K\u00f6tztal\" \/>\n<meta property=\"og:description\" content=\"Low-viscosity, rapid-setting acrylic resin primer AC 23. Good adhesion on vertical surfaces of screed and concrete | KLB coatings \u2714\ufe0f for block joints\" \/>\n<meta property=\"og:url\" content=\"https:\/\/dev.klb-koetztal.de\/en\/produkt\/klb-system-acryl-ac-23\/\" \/>\n<meta property=\"og:site_name\" content=\"KLB K\u00f6tztal\" \/>\n<meta property=\"article:publisher\" content=\"https:\/\/www.facebook.com\/klbkoetztal\" \/>\n<meta property=\"article:modified_time\" content=\"2026-02-25T11:24:05+00:00\" \/>\n<meta property=\"og:image\" content=\"https:\/\/dev.klb-koetztal.de\/app\/uploads\/2025\/01\/AC_23_KLB_Gebinde_10kg_600px.jpg\" \/>\n\t<meta property=\"og:image:width\" content=\"600\" \/>\n\t<meta property=\"og:image:height\" content=\"600\" \/>\n\t<meta property=\"og:image:type\" content=\"image\/jpeg\" \/>\n<meta name=\"twitter:card\" content=\"summary_large_image\" \/>\n<script type=\"application\/ld+json\" class=\"yoast-schema-graph\">{\"@context\":\"https:\/\/schema.org\",\"@graph\":[{\"@type\":\"WebPage\",\"@id\":\"https:\/\/dev.klb-koetztal.de\/en\/produkt\/klb-system-acryl-ac-23\/\",\"url\":\"https:\/\/dev.klb-koetztal.de\/en\/produkt\/klb-system-acryl-ac-23\/\",\"name\":\"Rapid-setting, low-viscous block joint primer AC 23 | KLB K\u00f6tztal\",\"isPartOf\":{\"@id\":\"https:\/\/dev.klb-koetztal.de\/en\/#website\"},\"primaryImageOfPage\":{\"@id\":\"https:\/\/dev.klb-koetztal.de\/en\/produkt\/klb-system-acryl-ac-23\/#primaryimage\"},\"image\":{\"@id\":\"https:\/\/dev.klb-koetztal.de\/en\/produkt\/klb-system-acryl-ac-23\/#primaryimage\"},\"thumbnailUrl\":\"https:\/\/dev.klb-koetztal.de\/app\/uploads\/2025\/01\/AC_23_KLB_Gebinde_10kg_600px.jpg\",\"datePublished\":\"2024-06-17T11:50:08+00:00\",\"dateModified\":\"2026-02-25T11:24:05+00:00\",\"description\":\"Low-viscosity, rapid-setting acrylic resin primer AC 23. Good adhesion on vertical surfaces of screed and concrete | KLB coatings \u2714\ufe0f for block joints\",\"breadcrumb\":{\"@id\":\"https:\/\/dev.klb-koetztal.de\/en\/produkt\/klb-system-acryl-ac-23\/#breadcrumb\"},\"inLanguage\":\"en-GB\",\"potentialAction\":[{\"@type\":\"ReadAction\",\"target\":[\"https:\/\/dev.klb-koetztal.de\/en\/produkt\/klb-system-acryl-ac-23\/\"]}]},{\"@type\":\"ImageObject\",\"inLanguage\":\"en-GB\",\"@id\":\"https:\/\/dev.klb-koetztal.de\/en\/produkt\/klb-system-acryl-ac-23\/#primaryimage\",\"url\":\"https:\/\/dev.klb-koetztal.de\/app\/uploads\/2025\/01\/AC_23_KLB_Gebinde_10kg_600px.jpg\",\"contentUrl\":\"https:\/\/dev.klb-koetztal.de\/app\/uploads\/2025\/01\/AC_23_KLB_Gebinde_10kg_600px.jpg\",\"width\":600,\"height\":600},{\"@type\":\"BreadcrumbList\",\"@id\":\"https:\/\/dev.klb-koetztal.de\/en\/produkt\/klb-system-acryl-ac-23\/#breadcrumb\",\"itemListElement\":[{\"@type\":\"ListItem\",\"position\":1,\"name\":\"Startseite\",\"item\":\"https:\/\/dev.klb-koetztal.de\/en\/\"},{\"@type\":\"ListItem\",\"position\":2,\"name\":\"KLB-SYSTEM ACRYL AC 23\"}]},{\"@type\":\"WebSite\",\"@id\":\"https:\/\/dev.klb-koetztal.de\/en\/#website\",\"url\":\"https:\/\/dev.klb-koetztal.de\/en\/\",\"name\":\"KLB K\u00f6tztal\",\"description\":\"Gute B\u00f6den haben ein System.\",\"potentialAction\":[{\"@type\":\"SearchAction\",\"target\":{\"@type\":\"EntryPoint\",\"urlTemplate\":\"https:\/\/dev.klb-koetztal.de\/en\/?s={search_term_string}\"},\"query-input\":{\"@type\":\"PropertyValueSpecification\",\"valueRequired\":true,\"valueName\":\"search_term_string\"}}],\"inLanguage\":\"en-GB\"}]}<\/script>\n<!-- \/ Yoast SEO plugin. -->","yoast_head_json":{"title":"Rapid-setting, low-viscous block joint primer AC 23 | KLB K\u00f6tztal","description":"Low-viscosity, rapid-setting acrylic resin primer AC 23. Good adhesion on vertical surfaces of screed and concrete | KLB coatings \u2714\ufe0f for block joints","robots":{"index":"noindex","follow":"follow","max-snippet":"max-snippet:-1","max-image-preview":"max-image-preview:large","max-video-preview":"max-video-preview:-1"},"og_locale":"en_GB","og_type":"article","og_title":"Rapid-setting, low-viscous block joint primer AC 23 | KLB K\u00f6tztal","og_description":"Low-viscosity, rapid-setting acrylic resin primer AC 23. Good adhesion on vertical surfaces of screed and concrete | KLB coatings \u2714\ufe0f for block joints","og_url":"https:\/\/dev.klb-koetztal.de\/en\/produkt\/klb-system-acryl-ac-23\/","og_site_name":"KLB K\u00f6tztal","article_publisher":"https:\/\/www.facebook.com\/klbkoetztal","article_modified_time":"2026-02-25T11:24:05+00:00","og_image":[{"width":600,"height":600,"url":"https:\/\/dev.klb-koetztal.de\/app\/uploads\/2025\/01\/AC_23_KLB_Gebinde_10kg_600px.jpg","type":"image\/jpeg"}],"twitter_card":"summary_large_image","schema":{"@context":"https:\/\/schema.org","@graph":[{"@type":"WebPage","@id":"https:\/\/dev.klb-koetztal.de\/en\/produkt\/klb-system-acryl-ac-23\/","url":"https:\/\/dev.klb-koetztal.de\/en\/produkt\/klb-system-acryl-ac-23\/","name":"Rapid-setting, low-viscous block joint primer AC 23 | KLB K\u00f6tztal","isPartOf":{"@id":"https:\/\/dev.klb-koetztal.de\/en\/#website"},"primaryImageOfPage":{"@id":"https:\/\/dev.klb-koetztal.de\/en\/produkt\/klb-system-acryl-ac-23\/#primaryimage"},"image":{"@id":"https:\/\/dev.klb-koetztal.de\/en\/produkt\/klb-system-acryl-ac-23\/#primaryimage"},"thumbnailUrl":"https:\/\/dev.klb-koetztal.de\/app\/uploads\/2025\/01\/AC_23_KLB_Gebinde_10kg_600px.jpg","datePublished":"2024-06-17T11:50:08+00:00","dateModified":"2026-02-25T11:24:05+00:00","description":"Low-viscosity, rapid-setting acrylic resin primer AC 23. Good adhesion on vertical surfaces of screed and concrete | KLB coatings \u2714\ufe0f for block joints","breadcrumb":{"@id":"https:\/\/dev.klb-koetztal.de\/en\/produkt\/klb-system-acryl-ac-23\/#breadcrumb"},"inLanguage":"en-GB","potentialAction":[{"@type":"ReadAction","target":["https:\/\/dev.klb-koetztal.de\/en\/produkt\/klb-system-acryl-ac-23\/"]}]},{"@type":"ImageObject","inLanguage":"en-GB","@id":"https:\/\/dev.klb-koetztal.de\/en\/produkt\/klb-system-acryl-ac-23\/#primaryimage","url":"https:\/\/dev.klb-koetztal.de\/app\/uploads\/2025\/01\/AC_23_KLB_Gebinde_10kg_600px.jpg","contentUrl":"https:\/\/dev.klb-koetztal.de\/app\/uploads\/2025\/01\/AC_23_KLB_Gebinde_10kg_600px.jpg","width":600,"height":600},{"@type":"BreadcrumbList","@id":"https:\/\/dev.klb-koetztal.de\/en\/produkt\/klb-system-acryl-ac-23\/#breadcrumb","itemListElement":[{"@type":"ListItem","position":1,"name":"Startseite","item":"https:\/\/dev.klb-koetztal.de\/en\/"},{"@type":"ListItem","position":2,"name":"KLB-SYSTEM ACRYL AC 23"}]},{"@type":"WebSite","@id":"https:\/\/dev.klb-koetztal.de\/en\/#website","url":"https:\/\/dev.klb-koetztal.de\/en\/","name":"KLB K\u00f6tztal","description":"Gute B\u00f6den haben ein System.","potentialAction":[{"@type":"SearchAction","target":{"@type":"EntryPoint","urlTemplate":"https:\/\/dev.klb-koetztal.de\/en\/?s={search_term_string}"},"query-input":{"@type":"PropertyValueSpecification","valueRequired":true,"valueName":"search_term_string"}}],"inLanguage":"en-GB"}]}},"_links":{"self":[{"href":"https:\/\/dev.klb-koetztal.de\/en\/wp-json\/wp\/v2\/product\/62004","targetHints":{"allow":["GET"]}}],"collection":[{"href":"https:\/\/dev.klb-koetztal.de\/en\/wp-json\/wp\/v2\/product"}],"about":[{"href":"https:\/\/dev.klb-koetztal.de\/en\/wp-json\/wp\/v2\/types\/product"}],"wp:featuredmedia":[{"embeddable":true,"href":"https:\/\/dev.klb-koetztal.de\/en\/wp-json\/wp\/v2\/media\/64186"}],"wp:attachment":[{"href":"https:\/\/dev.klb-koetztal.de\/en\/wp-json\/wp\/v2\/media?parent=62004"}],"wp:term":[{"taxonomy":"product_brand","embeddable":true,"href":"https:\/\/dev.klb-koetztal.de\/en\/wp-json\/wp\/v2\/product_brand?post=62004"},{"taxonomy":"product_cat","embeddable":true,"href":"https:\/\/dev.klb-koetztal.de\/en\/wp-json\/wp\/v2\/product_cat?post=62004"},{"taxonomy":"product_tag","embeddable":true,"href":"https:\/\/dev.klb-koetztal.de\/en\/wp-json\/wp\/v2\/product_tag?post=62004"}],"curies":[{"name":"wp","href":"https:\/\/api.w.org\/{rel}","templated":true}]}}